{"id":4992,"date":"2024-08-21T07:57:09","date_gmt":"2024-08-21T07:57:09","guid":{"rendered":"https:\/\/walkingranada.com\/?page_id=4992"},"modified":"2026-04-22T09:04:53","modified_gmt":"2026-04-22T09:04:53","slug":"albaicin-3","status":"publish","type":"page","link":"https:\/\/walkingranada.com\/fr\/visitas-guiadas\/salseo-ziri\/","title":{"rendered":"Potins zirides"},"content":{"rendered":"<p>Visites guid\u00e9es &gt; Potins zirides<\/p>\n\t<!-- FareHarbor calendar of item #541741 -->\n<h1>\n\t\t\tVisite du groupe Potins Zirides\t<\/h1>\n        <a href=\"#encuentro\">\n            <img decoding=\"async\" loading=\"lazy\" src=\"https:\/\/walkingranada.com\/wp-content\/uploads\/2022\/10\/fi-rr-marker.png\" alt=\"Porte d&#039;Elvira\"\/>\n            <p>Porte d'Elvira <img decoding=\"async\" loading=\"lazy\" src=\"https:\/\/walkingranada.com\/wp-content\/uploads\/2022\/10\/\ud83e\udd86-icon-_Info-Circle_.png\" alt=\"informaci\u00f3n\"\/><\/p>\n        <\/a>\n        <img decoding=\"async\" loading=\"lazy\" src=\"https:\/\/walkingranada.com\/wp-content\/uploads\/2022\/12\/guia-tour.png\" alt=\"Place de El Triunfo, 19\"\/>\n        <p>Place de El Triunfo, 19<\/p>\n        <img decoding=\"async\" loading=\"lazy\" src=\"https:\/\/walkingranada.com\/wp-content\/uploads\/2022\/10\/fi-rr-chat-arrow-grow.png\" alt=\"Difficult\u00e9 Moyenne\"\/>\n        <p>Difficult\u00e9 moyenne-\u00e9lev\u00e9e<\/p>\n        <img decoding=\"async\" loading=\"lazy\" src=\"https:\/\/walkingranada.com\/wp-content\/uploads\/2023\/06\/visita-en-grupo.webp\" alt=\"Visita en grupo\"\/>\n        <p>Groupe de jusqu'\u00e0 20 personnes<\/p>\n        <img decoding=\"async\" loading=\"lazy\" src=\"https:\/\/walkingranada.com\/wp-content\/uploads\/2022\/12\/accesibilidad_.png\" alt=\"Accessibilit\u00e9 limit\u00e9e\"\/>\n        <p>Accessibilit\u00e9 limit\u00e9e<\/p>\n        <img decoding=\"async\" loading=\"lazy\" src=\"https:\/\/walkingranada.com\/wp-content\/uploads\/2022\/10\/fi-rr-calendar.png\" alt=\"Dimanche\"\/>\n        <p>Dimanche<\/p>\n        <img decoding=\"async\" loading=\"lazy\" src=\"https:\/\/walkingranada.com\/wp-content\/uploads\/2022\/10\/fi-rr-clock.png\" alt=\"10:30\"\/>\n        <p>10:00 \/ 10:30 \/ 19:30<\/p>\n        <img decoding=\"async\" loading=\"lazy\" src=\"https:\/\/walkingranada.com\/wp-content\/uploads\/2022\/10\/fi-rr-alarm-clock.png\" alt=\"2 heures\"\/>\n        <p>2.5 horas<\/p>\n        <img decoding=\"async\" loading=\"lazy\" src=\"https:\/\/walkingranada.com\/wp-content\/uploads\/2022\/10\/fi-rr-receipt.png\" alt=\"29\u20ac\"\/>\n        <p>Desde 20\u20ac\/persona<\/p>\n        <img decoding=\"async\" loading=\"lazy\" src=\"https:\/\/walkingranada.com\/wp-content\/uploads\/2022\/10\/fi-rr-comments.png\" alt=\"Espagnol\"\/>\n        <p>Espagnol<\/p>\n<h2>\n\t\t\tR\u00e9cits de Grenade \u00e0 l'\u00e9poque pr\u00e9c\u00e9dant la construction de l'Alhambra\t<\/h2>\n\t<p class=\"translation-block\">Nous d\u00e9couvrons <strong>l\u2019histoire des quatre \u00e9mirs<\/strong> qui fond\u00e8rent la ta\u00effa de <strong>Madinat Garn\u0101ta<\/strong>, en d\u00e9pla\u00e7ant l\u2019ancienne Ilbira pour \u00e9tablir le centre du pouvoir dans ce que nous appelons aujourd\u2019hui <strong>l\u2019Albaic\u00edn<\/strong>. Une histoire qui se d\u00e9roule au XIe si\u00e8cle, p\u00e9riode agit\u00e9e pour Al-Andalus, qui vient de traverser une guerre civile. Les royaumes andalous s\u2019affrontent dans des guerres fratricides, tandis que l\u2019ombre d\u2019Alphonse VI et de ses arm\u00e9es chr\u00e9tiennes plane sur eux.<\/p>\n<p class=\"translation-block\">Nos protagonistes <strong>apporteront splendeur \u00e0 Grenade<\/strong> et m\u00e8neront de f\u00e9roces batailles, avec \u00e0 leur t\u00eate les redoutables guerriers Sinhaya.<\/p>\n<h2>\n\t\t\tPoint de rencontre\t<\/h2>\n<figure itemscope itemtype=\"https:\/\/schema.org\/ImageObject\">\n\t\t\t\t<img decoding=\"async\" src=\"https:\/\/walkingranada.com\/wp-content\/uploads\/2024\/08\/Puerta-de-Elvira-768x1024.jpeg\" alt=\"Porte d&#039;Elvira\" height=\"1024\" width=\"768\" title=\"Porte d&#039;Elvira\" onerror=\"this.style.display='none'\" loading=\"lazy\" \/>\n\t<\/figure>\n<h3>\n\t\t\tPuerta de Elvira Plaza del Triunfo, 19\t<\/h3>\n\t<p>Avez-vous besoin d'indications pour vous y rendre ?<\/p>\n\t\t\t<a href=\"#reserva\"  target=\"_self\">\n\t\t\t\t\t\t\tR\u00e9server &gt;\n\t\t\t\t\t<\/a>\n\t\t\t<a href=\"https:\/\/www.google.es\/maps\/place\/Puerta+de+Elvira\/@37.1821825,-3.6021366,17z\/data=!3m1!4b1!4m6!3m5!1s0xd71fcc1c0bef71d:0xa55192e3e14a4db3!8m2!3d37.1821825!4d-3.5995617!16s%2Fm%2F0qftzbp?ucbcb=1&#038;entry=ttu\"  target=\"_self\">\n\t\t\t\t\t\t\tComment s'y rendre ? &gt;\n\t\t\t\t\t<\/a>\n<h2>\n\t\t\tRecommandations\t<\/h2>\n\t<ol>\n<li class=\"translation-block\">Arrivez <strong>20 minutes en avance<\/strong> avant l'heure de d\u00e9but de la visite.<\/li>\n<li class=\"translation-block\">Portez des <strong>chaussures confortables<\/strong>. La visite dure 2 heures.<\/li>\n<li>En \u00e9t\u00e9, pensez \u00e0 utiliser de la\u00a0<strong>cr\u00e8me solaire et \u00e0 emporter une bouteille d'eau<\/strong>.<\/li>\n<li class=\"translation-block\"><strong>Difficult\u00e9 moyenne-\u00e9lev\u00e9e<\/strong>. Cette visite comporte des <strong>pentes<\/strong>, des <strong>escaliers<\/strong> et des <strong>sols pav\u00e9s<\/strong>.<\/li>\n<li class=\"translation-block\"><strong>D\u00e9conseill\u00e9<\/strong> aux <strong>enfants de moins de 6 ans<\/strong>, aux <strong>personnes tr\u00e8s \u00e2g\u00e9es<\/strong> et aux <strong>personnes ayant des probl\u00e8mes de sant\u00e9<\/strong>.<\/li>\n<li class=\"translation-block\">Il est \u00e9galement d\u00e9conseill\u00e9 de l'effectuer les jours de pluie, car il est <strong>susceptible d'\u00eatre annul\u00e9 en raison du mauvais temps<\/strong>.<\/li>\n<\/ol>\n<h2>\n\t\t\tItin\u00e9raire\t<\/h2>\n\t<ul>\n<li aria-level=\"2\">Porte d'Elvira<\/li>\n<li aria-level=\"2\">Cuesta Alhacaba<\/li>\n<li aria-level=\"2\">Porte Monayta<\/li>\n<li aria-level=\"2\">Palais de Dar-al-Horra<\/li>\n<li aria-level=\"2\">Arco de las Monjas<\/li>\n<li aria-level=\"2\">Place Cristo de las Azucenas<\/li>\n<\/ul>\n\t<p class=\"translation-block\">Plongez dans une histoire pleine de conspirations, d\u2019intrigues de palais et de luttes intestines pour le pouvoir... tandis que, presque en silence, un bel <strong>Albaic\u00edn<\/strong> commence \u00e0 \u00e9merger au c\u0153ur d\u2019une ville romaine en ruines.<\/p>\n<p class=\"translation-block\"><strong>L\u2019histoire de Grenade<\/strong> avant l\u2019Alhambra dans une visite fascinante, amusante, riche en superbes points de vue et en lieux peu fr\u00e9quent\u00e9s. Et pour couronner le tout, pr\u00e9parez-vous \u00e0 <strong>rencontrer les rois zirides<\/strong> \u00e0 travers nos illustrations exclusives, r\u00e9alis\u00e9es par l\u2019artiste ukrainienne Tetiana Milshyna.<\/p>\n\t<p class=\"translation-block\">Il s'agit d'une visite guid\u00e9e en petit groupe. Si vous ne trouvez pas de disponibilit\u00e9 et que vous souhaitez effectuer cette visite en format priv\u00e9, vous pouvez en faire la demande par le biais de notre section de <a href=\"https:\/\/walkingranada.com\/fr\/visites-personnalisees\/\" target=\"_self\">visites personnalis\u00e9es<\/a>.<\/p>\n\t\n\t\n\t\n\t\t\t<a href=\"https:\/\/walkingranada.com\/fr\/visites-personnalisees\/\"  target=\"_self\">\n\t\t\t\t\t\t\tVisites personnalis\u00e9es >\n\t\t\t\t\t<\/a>\n\t\n\t\n<h2>\n\t\t\tTambi\u00e9n puedes reservar nuestras otras visitas guiadas&#8230;\t<\/h2>\n\t<section>\n            <img decoding=\"async\" loading=\"lazy\" src=\"https:\/\/walkingranada.com\/wp-content\/uploads\/2023\/01\/Jardines-card-walkin.webp\" width=\"100%\" alt=\"Visite priv\u00e9e de l\u2019Alhambra\"\/>\n                <h3>Visite priv\u00e9e de l\u2019Alhambra<\/h3>\n                <hr \/>\n                <p>Si vous voulez visiter l\u2019Alhambra avec un guide d\u00e9di\u00e9 seulement \u00e0 vous et votre famille\/vos amis<\/p>\n                <hr \/>\n                    <p> Tous les jours<\/p>\n                    <p> Heures du site<\/p>\n                    <p> 3h<\/p>\n                    \u00c0 partir de\n                    <p>40\u20ac<\/p>\/pax\n            <a href=\"https:\/\/walkingranada.com\/fr\/alhambra\/visite-privee\/\">R\u00e9server &gt;<\/a>\n            <img decoding=\"async\" loading=\"lazy\" src=\"https:\/\/walkingranada.com\/wp-content\/uploads\/2023\/01\/Alhambra-card-walkin.webp\" width=\"100%\" alt=\"Visite guid\u00e9e avec entr\u00e9e \u00e0 l\u2019Alhambra et Generalife\"\/>\n                <h3>Visite guid\u00e9e avec entr\u00e9e \u00e0 l\u2019Alhambra et Generalife<\/h3>\n                <hr \/>\n                <p>Entrez dans la ville palatine de l'Alhambra et ses jardins impressionnants.<\/p>\n                <hr \/>\n                    <p> Tous les jours<\/p>\n                    <p> Heures du site<\/p>\n                    <p> 3h<\/p>\n                    \u00c0 partir de\n                    <p>49\u20ac<\/p>\n                    \/pax\n            <a href=\"https:\/\/walkingranada.com\/fr\/alhambra\/visite-guidee-avec-entree-alhambra\/\">R\u00e9server &gt;<\/a>\n        <img decoding=\"async\" loading=\"lazy\" src=\"https:\/\/walkingranada.com\/wp-content\/uploads\/2023\/01\/Centro-historico-card.webp\" width=\"100%\" alt=\"Visite guid\u00e9e du centre historique et du bas-Albaicin\"\/>\n            <h3>Visite guid\u00e9e du centre historique et du bas-Albaicin<\/h3>\n            <hr \/>\n            <p>Plongez dans l'histoire. Au cours de ce circuit, vous visiterez les quartiers les plus centraux et les plus populaires.<\/p>\n            <hr \/>\n                <p> Tous les jours<\/p>\n                <p> Demandez-nous<\/p>\n                <p> 2,5h<\/p>\n                    \u00c0 partir de\n                    <p>8\u20ac<\/p>\n                    \/pax\n        <a href=\"https:\/\/walkingranada.com\/fr\/visites-guidees\/centre-historique-albaicin\/\">R\u00e9server &gt;<\/a>\n        <img decoding=\"async\" loading=\"lazy\" src=\"https:\/\/walkingranada.com\/wp-content\/uploads\/2023\/01\/Card-Sacromonte.webp\" width=\"100%\" alt=\"Visite guid\u00e9e du Sacromonte\"\/>\n            <h3>Visite guid\u00e9e du Sacromonte<\/h3>\n            <hr \/>\n            D\u00e9couvrez le quartier avec le plus de gobelins de Grenade. Ceci est une visite pour les amateurs de photographie.\n            <hr \/>\n                <p> Tous les jours<\/p>\n                <p> Demandez-nous<\/p>\n                <p> 2,5h<\/p>\n                    \u00c0 partir de\n                    <p>8\u20ac<\/p>\n                    \/pax\n        <a href=\"https:\/\/walkingranada.com\/fr\/visites-guidees\/sacromonte\/\">R\u00e9server &gt;<\/a>\n<\/section>\n<h2>\n\t\t\tTambi\u00e9n puedes reservar nuestros otros servicios&#8230;\t<\/h2>\n\t<a href=\"https:\/\/walkingranada.com\/fr\/que-faire-a-granada\/flamenco\/\" target=\"_self\"><\/a>\t\t\t<img decoding=\"async\" loading=\"lazy\" alt=\"bailaora flamenca\" src=\"https:\/\/walkingranada.com\/wp-content\/uploads\/2022\/10\/Rectangle-42.png\"\/>\n\t\t<h3>Flamenco<\/h3>\n\t<a href=\"https:\/\/walkingranada.com\/fr\/que-faire-a-granada\/hammam-al-andalus\/\" target=\"_self\"><\/a>\t\t\t<img decoding=\"async\" loading=\"lazy\" alt=\"ba\u00f1os \u00e1rabes\" src=\"https:\/\/walkingranada.com\/wp-content\/uploads\/2022\/10\/Rectangle-43.png\"\/>\n\t\t<h3>Hammam <br \/>Al-\u00e1ndalus<\/h3>\n\t<a href=\"https:\/\/walkingranada.com\/fr\/que-faire-a-granada\/excursions\/\" target=\"_self\"><\/a>\t\t\t<img decoding=\"async\" loading=\"lazy\" alt=\"mezquita de c\u00f3rdoba\" src=\"https:\/\/walkingranada.com\/wp-content\/uploads\/2022\/10\/Rectangle-45.png\"\/>\n\t\t<h3>excursions <br \/>d\u2019une journ\u00e9e<\/h3>\n\t<a href=\"https:\/\/walkingranada.com\/fr\/que-faire-a-granada\/route-olfactif\/\" target=\"_self\"><\/a>\t\t\t<img decoding=\"async\" loading=\"lazy\" alt=\"imagen de una chica joven\" src=\"https:\/\/walkingranada.com\/wp-content\/uploads\/2022\/10\/Rectangle-38.png\"\/>\n\t\t<h3>Route olfactif<\/h3>","protected":false},"excerpt":{"rendered":"<p>Visitas guiadas &gt; Salseo Zir\u00ed Visita en Grupo Salseo Zir\u00ed Puerta de Elvira Plaza del Triunfo, 19 Dificultad media-alta Grupo de hasta 20 personas Accesibilidad limitada Domingo 10:00 \/ 10:30 \/ 19:30 2.5 horas Desde 20\u20ac\/persona Espa\u00f1ol Relatos de Granada en \u00e9pocas precedentes a la construcci\u00f3n de la Alhambra Descubrimos la historia de los cuatro &#8230; <a title=\"Potins zirides\" class=\"read-more\" href=\"https:\/\/walkingranada.com\/fr\/visitas-guiadas\/salseo-ziri\/\" aria-label=\"En savoir plus sur Salseo Zir\u00ed\">Lire la suite<\/a><\/p>","protected":false},"author":2,"featured_media":0,"parent":94,"menu_order":0,"comment_status":"closed","ping_status":"closed","template":"","meta":{"footnotes":""},"class_list":["post-4992","page","type-page","status-publish"],"yoast_head":"<!-- This site is optimized with the Yoast SEO plugin v27.5 - https:\/\/yoast.com\/product\/yoast-seo-wordpress\/ -->\n<title>Salseo Zir\u00ed - Visita en Grupo - Walk in Granada<\/title>\n<meta name=\"description\" content=\"Descubrimos la historia de los cuatro emires que levantaron la taifa de Madinat Garn\u0101ta, asentando las bases de lo que ser\u00eda siglos despu\u00e9s.\" \/>\n<meta name=\"robots\" content=\"index, follow, max-snippet:-1, max-image-preview:large, max-video-preview:-1\" \/>\n<link rel=\"canonical\" href=\"https:\/\/walkingranada.com\/fr\/visites-guidees\/albaicin-3\/\" \/>\n<meta property=\"og:locale\" content=\"fr_FR\" \/>\n<meta property=\"og:type\" content=\"article\" \/>\n<meta property=\"og:title\" content=\"Salseo Zir\u00ed - Visita en Grupo - Walk in Granada\" \/>\n<meta property=\"og:description\" content=\"Descubrimos la historia de los cuatro emires que levantaron la taifa de Madinat Garn\u0101ta, asentando las bases de lo que ser\u00eda siglos despu\u00e9s.\" \/>\n<meta property=\"og:url\" content=\"https:\/\/walkingranada.com\/fr\/visites-guidees\/albaicin-3\/\" \/>\n<meta property=\"og:site_name\" content=\"Walk in Granada\" \/>\n<meta property=\"article:publisher\" content=\"https:\/\/es-es.facebook.com\/walkingranadatour\/\" \/>\n<meta property=\"article:modified_time\" content=\"2026-04-22T09:04:53+00:00\" \/>\n<meta property=\"og:image\" content=\"https:\/\/walkingranada.com\/wp-content\/uploads\/2022\/10\/fi-rr-marker.png\" \/>\n<meta name=\"twitter:card\" content=\"summary_large_image\" \/>\n<meta name=\"twitter:site\" content=\"@walkingranada\" \/>\n<meta name=\"twitter:label1\" content=\"Dur\u00e9e de lecture estim\u00e9e\" \/>\n\t<meta name=\"twitter:data1\" content=\"9 minutes\" \/>\n<script type=\"application\/ld+json\" class=\"yoast-schema-graph\">{\"@context\":\"https:\\\/\\\/schema.org\",\"@graph\":[{\"@type\":\"WebPage\",\"@id\":\"https:\\\/\\\/walkingranada.com\\\/visitas-guiadas\\\/salseo-ziri\\\/\",\"url\":\"https:\\\/\\\/walkingranada.com\\\/visitas-guiadas\\\/salseo-ziri\\\/\",\"name\":\"Salseo Zir\u00ed - Visita en Grupo - Walk in Granada\",\"isPartOf\":{\"@id\":\"https:\\\/\\\/walkingranada.com\\\/#website\"},\"primaryImageOfPage\":{\"@id\":\"https:\\\/\\\/walkingranada.com\\\/visitas-guiadas\\\/salseo-ziri\\\/#primaryimage\"},\"image\":{\"@id\":\"https:\\\/\\\/walkingranada.com\\\/visitas-guiadas\\\/salseo-ziri\\\/#primaryimage\"},\"thumbnailUrl\":\"https:\\\/\\\/walkingranada.com\\\/wp-content\\\/uploads\\\/2022\\\/10\\\/fi-rr-marker.png\",\"datePublished\":\"2024-08-21T07:57:09+00:00\",\"dateModified\":\"2026-04-22T09:04:53+00:00\",\"description\":\"Descubrimos la historia de los cuatro emires que levantaron la taifa de Madinat Garn\u0101ta, asentando las bases de lo que ser\u00eda siglos despu\u00e9s.\",\"breadcrumb\":{\"@id\":\"https:\\\/\\\/walkingranada.com\\\/visitas-guiadas\\\/salseo-ziri\\\/#breadcrumb\"},\"inLanguage\":\"fr-FR\",\"potentialAction\":[{\"@type\":\"ReadAction\",\"target\":[\"https:\\\/\\\/walkingranada.com\\\/visitas-guiadas\\\/salseo-ziri\\\/\"]}]},{\"@type\":\"ImageObject\",\"inLanguage\":\"fr-FR\",\"@id\":\"https:\\\/\\\/walkingranada.com\\\/visitas-guiadas\\\/salseo-ziri\\\/#primaryimage\",\"url\":\"https:\\\/\\\/walkingranada.com\\\/wp-content\\\/uploads\\\/2022\\\/10\\\/fi-rr-marker.png\",\"contentUrl\":\"https:\\\/\\\/walkingranada.com\\\/wp-content\\\/uploads\\\/2022\\\/10\\\/fi-rr-marker.png\"},{\"@type\":\"BreadcrumbList\",\"@id\":\"https:\\\/\\\/walkingranada.com\\\/visitas-guiadas\\\/salseo-ziri\\\/#breadcrumb\",\"itemListElement\":[{\"@type\":\"ListItem\",\"position\":1,\"name\":\"Portada\",\"item\":\"https:\\\/\\\/walkingranada.com\\\/\"},{\"@type\":\"ListItem\",\"position\":2,\"name\":\"Visitas guiadas\",\"item\":\"https:\\\/\\\/walkingranada.com\\\/visitas-guiadas\\\/\"},{\"@type\":\"ListItem\",\"position\":3,\"name\":\"Salseo Zir\u00ed\"}]},{\"@type\":\"WebSite\",\"@id\":\"https:\\\/\\\/walkingranada.com\\\/#website\",\"url\":\"https:\\\/\\\/walkingranada.com\\\/\",\"name\":\"Walk in Granada\",\"description\":\"Turismo responsable\",\"publisher\":{\"@id\":\"https:\\\/\\\/walkingranada.com\\\/#organization\"},\"alternateName\":\"Walk in Granada\",\"potentialAction\":[{\"@type\":\"SearchAction\",\"target\":{\"@type\":\"EntryPoint\",\"urlTemplate\":\"https:\\\/\\\/walkingranada.com\\\/?s={search_term_string}\"},\"query-input\":{\"@type\":\"PropertyValueSpecification\",\"valueRequired\":true,\"valueName\":\"search_term_string\"}}],\"inLanguage\":\"fr-FR\"},{\"@type\":\"Organization\",\"@id\":\"https:\\\/\\\/walkingranada.com\\\/#organization\",\"name\":\"Walk In Granada\",\"alternateName\":\"Walk In Granada\",\"url\":\"https:\\\/\\\/walkingranada.com\\\/\",\"logo\":{\"@type\":\"ImageObject\",\"inLanguage\":\"fr-FR\",\"@id\":\"https:\\\/\\\/walkingranada.com\\\/#\\\/schema\\\/logo\\\/image\\\/\",\"url\":\"https:\\\/\\\/walkingranada.com\\\/wp-content\\\/uploads\\\/2022\\\/12\\\/Logo-Walking.webp\",\"contentUrl\":\"https:\\\/\\\/walkingranada.com\\\/wp-content\\\/uploads\\\/2022\\\/12\\\/Logo-Walking.webp\",\"width\":512,\"height\":512,\"caption\":\"Walk In Granada\"},\"image\":{\"@id\":\"https:\\\/\\\/walkingranada.com\\\/#\\\/schema\\\/logo\\\/image\\\/\"},\"sameAs\":[\"https:\\\/\\\/es-es.facebook.com\\\/walkingranadatour\\\/\",\"https:\\\/\\\/x.com\\\/walkingranada\",\"https:\\\/\\\/www.instagram.com\\\/walkingranada\\\/\"]}]}<\/script>\n<!-- \/ Yoast SEO plugin. -->","yoast_head_json":{"title":"Potins Zirides - Visite du groupe - Walk in Granada","description":"Nous d\u00e9couvrons l'histoire des quatre \u00e9mirs qui ont construit la ta\u00effa de Madinat Garn\u0101ta, jetant les bases de ce qui allait devenir des si\u00e8cles plus tard.","robots":{"index":"index","follow":"follow","max-snippet":"max-snippet:-1","max-image-preview":"max-image-preview:large","max-video-preview":"max-video-preview:-1"},"canonical":"https:\/\/walkingranada.com\/fr\/visites-guidees\/albaicin-3\/","og_locale":"fr_FR","og_type":"article","og_title":"Salseo Zir\u00ed - Visita en Grupo - Walk in Granada","og_description":"Descubrimos la historia de los cuatro emires que levantaron la taifa de Madinat Garn\u0101ta, asentando las bases de lo que ser\u00eda siglos despu\u00e9s.","og_url":"https:\/\/walkingranada.com\/fr\/visites-guidees\/albaicin-3\/","og_site_name":"Walk in Granada","article_publisher":"https:\/\/es-es.facebook.com\/walkingranadatour\/","article_modified_time":"2026-04-22T09:04:53+00:00","og_image":[{"url":"https:\/\/walkingranada.com\/wp-content\/uploads\/2022\/10\/fi-rr-marker.png","type":"","width":"","height":""}],"twitter_card":"summary_large_image","twitter_site":"@walkingranada","twitter_misc":{"Dur\u00e9e de lecture estim\u00e9e":"9 minutes"},"schema":{"@context":"https:\/\/schema.org","@graph":[{"@type":"WebPage","@id":"https:\/\/walkingranada.com\/visitas-guiadas\/salseo-ziri\/","url":"https:\/\/walkingranada.com\/visitas-guiadas\/salseo-ziri\/","name":"Potins Zirides - Visite du groupe - Walk in Granada","isPartOf":{"@id":"https:\/\/walkingranada.com\/#website"},"primaryImageOfPage":{"@id":"https:\/\/walkingranada.com\/visitas-guiadas\/salseo-ziri\/#primaryimage"},"image":{"@id":"https:\/\/walkingranada.com\/visitas-guiadas\/salseo-ziri\/#primaryimage"},"thumbnailUrl":"https:\/\/walkingranada.com\/wp-content\/uploads\/2022\/10\/fi-rr-marker.png","datePublished":"2024-08-21T07:57:09+00:00","dateModified":"2026-04-22T09:04:53+00:00","description":"Nous d\u00e9couvrons l'histoire des quatre \u00e9mirs qui ont construit la ta\u00effa de Madinat Garn\u0101ta, jetant les bases de ce qui allait devenir des si\u00e8cles plus tard.","breadcrumb":{"@id":"https:\/\/walkingranada.com\/visitas-guiadas\/salseo-ziri\/#breadcrumb"},"inLanguage":"fr-FR","potentialAction":[{"@type":"ReadAction","target":["https:\/\/walkingranada.com\/visitas-guiadas\/salseo-ziri\/"]}]},{"@type":"ImageObject","inLanguage":"fr-FR","@id":"https:\/\/walkingranada.com\/visitas-guiadas\/salseo-ziri\/#primaryimage","url":"https:\/\/walkingranada.com\/wp-content\/uploads\/2022\/10\/fi-rr-marker.png","contentUrl":"https:\/\/walkingranada.com\/wp-content\/uploads\/2022\/10\/fi-rr-marker.png"},{"@type":"BreadcrumbList","@id":"https:\/\/walkingranada.com\/visitas-guiadas\/salseo-ziri\/#breadcrumb","itemListElement":[{"@type":"ListItem","position":1,"name":"Portada","item":"https:\/\/walkingranada.com\/"},{"@type":"ListItem","position":2,"name":"Visitas guiadas","item":"https:\/\/walkingranada.com\/visitas-guiadas\/"},{"@type":"ListItem","position":3,"name":"Salseo Zir\u00ed"}]},{"@type":"WebSite","@id":"https:\/\/walkingranada.com\/#website","url":"https:\/\/walkingranada.com\/","name":"Walk in Granada","description":"Turismo responsable","publisher":{"@id":"https:\/\/walkingranada.com\/#organization"},"alternateName":"Walk in Granada","potentialAction":[{"@type":"SearchAction","target":{"@type":"EntryPoint","urlTemplate":"https:\/\/walkingranada.com\/?s={search_term_string}"},"query-input":{"@type":"PropertyValueSpecification","valueRequired":true,"valueName":"search_term_string"}}],"inLanguage":"fr-FR"},{"@type":"Organization","@id":"https:\/\/walkingranada.com\/#organization","name":"Walk In Granada","alternateName":"Walk In Granada","url":"https:\/\/walkingranada.com\/","logo":{"@type":"ImageObject","inLanguage":"fr-FR","@id":"https:\/\/walkingranada.com\/#\/schema\/logo\/image\/","url":"https:\/\/walkingranada.com\/wp-content\/uploads\/2022\/12\/Logo-Walking.webp","contentUrl":"https:\/\/walkingranada.com\/wp-content\/uploads\/2022\/12\/Logo-Walking.webp","width":512,"height":512,"caption":"Walk In Granada"},"image":{"@id":"https:\/\/walkingranada.com\/#\/schema\/logo\/image\/"},"sameAs":["https:\/\/es-es.facebook.com\/walkingranadatour\/","https:\/\/x.com\/walkingranada","https:\/\/www.instagram.com\/walkingranada\/"]}]}},"_links":{"self":[{"href":"https:\/\/walkingranada.com\/fr\/wp-json\/wp\/v2\/pages\/4992","targetHints":{"allow":["GET"]}}],"collection":[{"href":"https:\/\/walkingranada.com\/fr\/wp-json\/wp\/v2\/pages"}],"about":[{"href":"https:\/\/walkingranada.com\/fr\/wp-json\/wp\/v2\/types\/page"}],"author":[{"embeddable":true,"href":"https:\/\/walkingranada.com\/fr\/wp-json\/wp\/v2\/users\/2"}],"replies":[{"embeddable":true,"href":"https:\/\/walkingranada.com\/fr\/wp-json\/wp\/v2\/comments?post=4992"}],"version-history":[{"count":11,"href":"https:\/\/walkingranada.com\/fr\/wp-json\/wp\/v2\/pages\/4992\/revisions"}],"predecessor-version":[{"id":7362,"href":"https:\/\/walkingranada.com\/fr\/wp-json\/wp\/v2\/pages\/4992\/revisions\/7362"}],"up":[{"embeddable":true,"href":"https:\/\/walkingranada.com\/fr\/wp-json\/wp\/v2\/pages\/94"}],"wp:attachment":[{"href":"https:\/\/walkingranada.com\/fr\/wp-json\/wp\/v2\/media?parent=4992"}],"curies":[{"name":"wp","href":"https:\/\/api.w.org\/{rel}","templated":true}]}}