{"id":4957,"date":"2024-08-11T10:27:08","date_gmt":"2024-08-11T10:27:08","guid":{"rendered":"https:\/\/walkingranada.com\/?page_id=4957"},"modified":"2026-04-22T09:01:57","modified_gmt":"2026-04-22T09:01:57","slug":"albaicin-2","status":"publish","type":"page","link":"https:\/\/walkingranada.com\/fr\/visitas-guiadas\/siervas-y-sultanas\/","title":{"rendered":"Servantes et Sultanes"},"content":{"rendered":"<p>Visites guid\u00e9es &gt; Servantes et sultanes<\/p>\n\t<!-- FareHarbor calendar of item #542029 -->\n<h1>\n\t\t\tVisite de groupe Servantes et Sultanes\t<\/h1>\n        <a href=\"#encuentro\">\n            <img decoding=\"async\" loading=\"lazy\" src=\"https:\/\/walkingranada.com\/wp-content\/uploads\/2022\/10\/fi-rr-marker.png\" alt=\"Puerta de la Justicia\"\/>\n            <p>Puerta de la Justicia <img decoding=\"async\" loading=\"lazy\" src=\"https:\/\/walkingranada.com\/wp-content\/uploads\/2022\/10\/\ud83e\udd86-icon-_Info-Circle_.png\" alt=\"informaci\u00f3n\"\/><\/p>\n        <\/a>\n        <img decoding=\"async\" loading=\"lazy\" src=\"https:\/\/walkingranada.com\/wp-content\/uploads\/2022\/12\/guia-tour.png\" alt=\"Calle real de la Alhambra, 18\"\/>\n        <p>Calle Real de la Alhambra<\/p>\n        <img decoding=\"async\" loading=\"lazy\" src=\"https:\/\/walkingranada.com\/wp-content\/uploads\/2022\/10\/fi-rr-chat-arrow-grow.png\" alt=\"Difficult\u00e9 Moyenne\"\/>\n        <p>Difficult\u00e9 Moyenne<\/p>\n        <img decoding=\"async\" loading=\"lazy\" src=\"https:\/\/walkingranada.com\/wp-content\/uploads\/2023\/06\/visita-en-grupo.webp\" alt=\"Visita en grupo\"\/>\n        <p>Groupe de jusqu'\u00e0 20 personnes<\/p>\n        <img decoding=\"async\" loading=\"lazy\" src=\"https:\/\/walkingranada.com\/wp-content\/uploads\/2022\/12\/accesibilidad_.png\" alt=\"Accessibilit\u00e9 limit\u00e9e\"\/>\n        <p>Accessibilit\u00e9 limit\u00e9e<\/p>\n        <img decoding=\"async\" loading=\"lazy\" src=\"https:\/\/walkingranada.com\/wp-content\/uploads\/2022\/10\/fi-rr-calendar.png\" alt=\"Vendredi et samedi\"\/>\n        <p>Viernes y domingo<\/p>\n        <img decoding=\"async\" loading=\"lazy\" src=\"https:\/\/walkingranada.com\/wp-content\/uploads\/2022\/10\/fi-rr-clock.png\" alt=\"19:00\"\/>\n        <p>10:30 \/ 17:30 \/ 19:00<\/p>\n        <img decoding=\"async\" loading=\"lazy\" src=\"https:\/\/walkingranada.com\/wp-content\/uploads\/2022\/10\/fi-rr-alarm-clock.png\" alt=\"2 heures\"\/>\n        <p>2.5 horas<\/p>\n        <img decoding=\"async\" loading=\"lazy\" src=\"https:\/\/walkingranada.com\/wp-content\/uploads\/2022\/10\/fi-rr-receipt.png\" alt=\"22\u20ac\"\/>\n        <p>Desde 18\u20ac\/persona<\/p>\n        <img decoding=\"async\" loading=\"lazy\" src=\"https:\/\/walkingranada.com\/wp-content\/uploads\/2022\/10\/fi-rr-comments.png\" alt=\"Espagnol\"\/>\n        <p>Espagnol<\/p>\n<h2>\n\t\t\tNous d\u00e9voilons l'histoire silencieuse des femmes nasrides\t<\/h2>\n\t<p>Qui \u00e9taient-ils ? Comment vivaient-ils au quotidien, \u00e0 l'int\u00e9rieur et \u00e0 l'ext\u00e9rieur du palais ?<\/p>\n<p>Nous apprendrons les d\u00e9tails de la vie quotidienne des femmes \u00e0 l'\u00e9poque de l'Alhambra, tout en d\u00e9couvrant les histoires les plus int\u00e9ressantes (et un peu de linge sale) de la dynastie nasride \u00e0 travers des l\u00e9gendes et des faits r\u00e9els.<\/p>\n<h2>\n\t\t\tPoint de rencontre\t<\/h2>\n<figure itemscope itemtype=\"https:\/\/schema.org\/ImageObject\">\n\t\t\t\t<img decoding=\"async\" src=\"https:\/\/walkingranada.com\/wp-content\/uploads\/2024\/08\/IMG_2807-1024x791.jpeg\" alt=\"Puerta de la Justicia\" height=\"791\" width=\"1024\" title=\"Puerta de la Justicia\" onerror=\"this.style.display='none'\" loading=\"lazy\" \/>\n\t<\/figure>\n<h3>\n\t\t\tPuerta de la Justicia Calle Real de la Alhambra, 18\t<\/h3>\n\t<p>Avez-vous besoin d'indications pour vous y rendre ?<\/p>\n\t\t\t<a href=\"#reserva\"  target=\"_self\">\n\t\t\t\t\t\t\tR\u00e9server &gt;\n\t\t\t\t\t<\/a>\n\t\t\t<a href=\"https:\/\/www.google.com\/maps\/place\/Puerta+de+la+Justicia\/@37.176145,-3.5928397,568m\/data=!3m2!1e3!4b1!4m6!3m5!1s0xd71fcb77555cf45:0xd901a498bd25c41!8m2!3d37.176145!4d-3.5902648!16s%2Fg%2F11b7q0w2h4?entry=ttu\"  target=\"_self\">\n\t\t\t\t\t\t\tComment s'y rendre ? &gt;\n\t\t\t\t\t<\/a>\n<h2>\n\t\t\tRecommandations\t<\/h2>\n\t<ol>\n<li class=\"translation-block\">Arrivez <strong>20 minutes en avance<\/strong> avant l'heure de d\u00e9but de la visite.<\/li>\n<li class=\"translation-block\">Portez des <strong>chaussures confortables<\/strong>. La visite dure 2 heures.<\/li>\n<li>En \u00e9t\u00e9, pensez \u00e0 utiliser de la\u00a0<strong>cr\u00e8me solaire et \u00e0 emporter une bouteille d'eau<\/strong>.<\/li>\n<li><strong>Difficult\u00e9 Moyenne<\/strong>. Lors de cette visite, il y a des sols en pav\u00e9s.<\/li>\n<li class=\"translation-block\"><strong>Ne convient<\/strong> pas aux <strong>fauteuils roulants<\/strong> ni aux <strong>poussettes<\/strong>. Un <strong>porte-b\u00e9b\u00e9<\/strong> peut \u00eatre utilis\u00e9.<\/li>\n<\/ol>\n<h2>\n\t\t\tItin\u00e9raire\t<\/h2>\n\t<ul>\n<li aria-level=\"2\">Puerta de la Justicia<\/li>\n<li aria-level=\"2\">Place de Los Aljibes<\/li>\n<li aria-level=\"2\">Puerta del Vino<\/li>\n<li aria-level=\"2\">\u00c9glise Santa Mar\u00eda de la Alhambra<\/li>\n<li aria-level=\"2\">Cuesta de los Chinos<\/li>\n<li aria-level=\"2\">Paseo de los Tristes<\/li>\n<\/ul>\n\t<p>Visite illustr\u00e9e gr\u00e2ce \u00e0 l'artiste ukrainienne Tetiana Mylshyna, qui, avec ses portraits de quatre sultanes exceptionnelles de Grenade, fait de cette visite une exp\u00e9rience inoubliable.<\/p>\n<p>La cerise sur le g\u00e2teau sera une promenade dans les espaces gratuits \u00e0 l'int\u00e9rieur de l'Alhambra, aux alentours de ses murailles et dans la zone du Paseo de los Tristes.<\/p>\n\t<p class=\"translation-block\">Il s'agit d'une visite guid\u00e9e en petit groupe. Si vous ne trouvez pas de disponibilit\u00e9 et que vous souhaitez effectuer cette visite en format priv\u00e9, vous pouvez en faire la demande par le biais de notre section de <a href=\"https:\/\/walkingranada.com\/fr\/visites-personnalisees\/\" target=\"_self\">visites personnalis\u00e9es<\/a>.<\/p>\n\t\n\t\n\t\n\t\t\t<a href=\"https:\/\/walkingranada.com\/fr\/visites-personnalisees\/\"  target=\"_self\">\n\t\t\t\t\t\t\tVisites personnalis\u00e9es >\n\t\t\t\t\t<\/a>\n\t\n\t\n<h2>\n\t\t\tTambi\u00e9n puedes reservar nuestras otras visitas guiadas&#8230;\t<\/h2>\n\t<section>\n            <img decoding=\"async\" loading=\"lazy\" src=\"https:\/\/walkingranada.com\/wp-content\/uploads\/2023\/01\/Jardines-card-walkin.webp\" width=\"100%\" alt=\"Visite priv\u00e9e de l\u2019Alhambra\"\/>\n                <h3>Visite priv\u00e9e de l\u2019Alhambra<\/h3>\n                <hr \/>\n                <p>Si vous voulez visiter l\u2019Alhambra avec un guide d\u00e9di\u00e9 seulement \u00e0 vous et votre famille\/vos amis<\/p>\n                <hr \/>\n                    <p> Tous les jours<\/p>\n                    <p> Heures du site<\/p>\n                    <p> 3h<\/p>\n                    \u00c0 partir de\n                    <p>40\u20ac<\/p>\/pax\n            <a href=\"https:\/\/walkingranada.com\/fr\/alhambra\/visite-privee\/\">R\u00e9server &gt;<\/a>\n            <img decoding=\"async\" loading=\"lazy\" src=\"https:\/\/walkingranada.com\/wp-content\/uploads\/2023\/01\/Alhambra-card-walkin.webp\" width=\"100%\" alt=\"Visite guid\u00e9e avec entr\u00e9e \u00e0 l\u2019Alhambra et Generalife\"\/>\n                <h3>Visite guid\u00e9e avec entr\u00e9e \u00e0 l\u2019Alhambra et Generalife<\/h3>\n                <hr \/>\n                <p>Entrez dans la ville palatine de l'Alhambra et ses jardins impressionnants.<\/p>\n                <hr \/>\n                    <p> Tous les jours<\/p>\n                    <p> Heures du site<\/p>\n                    <p> 3h<\/p>\n                    \u00c0 partir de\n                    <p>49\u20ac<\/p>\n                    \/pax\n            <a href=\"https:\/\/walkingranada.com\/fr\/alhambra\/visite-guidee-avec-entree-alhambra\/\">R\u00e9server &gt;<\/a>\n        <img decoding=\"async\" loading=\"lazy\" src=\"https:\/\/walkingranada.com\/wp-content\/uploads\/2023\/01\/Centro-historico-card.webp\" width=\"100%\" alt=\"Visite guid\u00e9e du centre historique et du bas-Albaicin\"\/>\n            <h3>Visite guid\u00e9e du centre historique et du bas-Albaicin<\/h3>\n            <hr \/>\n            <p>Plongez dans l'histoire. Au cours de ce circuit, vous visiterez les quartiers les plus centraux et les plus populaires.<\/p>\n            <hr \/>\n                <p> Tous les jours<\/p>\n                <p> Demandez-nous<\/p>\n                <p> 2,5h<\/p>\n                    \u00c0 partir de\n                    <p>8\u20ac<\/p>\n                    \/pax\n        <a href=\"https:\/\/walkingranada.com\/fr\/visites-guidees\/centre-historique-albaicin\/\">R\u00e9server &gt;<\/a>\n        <img decoding=\"async\" loading=\"lazy\" src=\"https:\/\/walkingranada.com\/wp-content\/uploads\/2023\/01\/Card-Sacromonte.webp\" width=\"100%\" alt=\"Visite guid\u00e9e du Sacromonte\"\/>\n            <h3>Visite guid\u00e9e du Sacromonte<\/h3>\n            <hr \/>\n            D\u00e9couvrez le quartier avec le plus de gobelins de Grenade. Ceci est une visite pour les amateurs de photographie.\n            <hr \/>\n                <p> Tous les jours<\/p>\n                <p> Demandez-nous<\/p>\n                <p> 2,5h<\/p>\n                    \u00c0 partir de\n                    <p>8\u20ac<\/p>\n                    \/pax\n        <a href=\"https:\/\/walkingranada.com\/fr\/visites-guidees\/sacromonte\/\">R\u00e9server &gt;<\/a>\n<\/section>\n<h2>\n\t\t\tTambi\u00e9n puedes reservar nuestros otros servicios&#8230;\t<\/h2>\n\t<a href=\"https:\/\/walkingranada.com\/fr\/que-faire-a-granada\/flamenco\/\" target=\"_self\"><\/a>\t\t\t<img decoding=\"async\" loading=\"lazy\" alt=\"bailaora flamenca\" src=\"https:\/\/walkingranada.com\/wp-content\/uploads\/2022\/10\/Rectangle-42.png\"\/>\n\t\t<h3>Flamenco<\/h3>\n\t<a href=\"https:\/\/walkingranada.com\/fr\/que-faire-a-granada\/hammam-al-andalus\/\" target=\"_self\"><\/a>\t\t\t<img decoding=\"async\" loading=\"lazy\" alt=\"ba\u00f1os \u00e1rabes\" src=\"https:\/\/walkingranada.com\/wp-content\/uploads\/2022\/10\/Rectangle-43.png\"\/>\n\t\t<h3>Hammam <br \/>Al-\u00e1ndalus<\/h3>\n\t<a href=\"https:\/\/walkingranada.com\/fr\/que-faire-a-granada\/excursions\/\" target=\"_self\"><\/a>\t\t\t<img decoding=\"async\" loading=\"lazy\" alt=\"mezquita de c\u00f3rdoba\" src=\"https:\/\/walkingranada.com\/wp-content\/uploads\/2022\/10\/Rectangle-45.png\"\/>\n\t\t<h3>excursions <br \/>d\u2019une journ\u00e9e<\/h3>\n\t<a href=\"https:\/\/walkingranada.com\/fr\/que-faire-a-granada\/route-olfactif\/\" target=\"_self\"><\/a>\t\t\t<img decoding=\"async\" loading=\"lazy\" alt=\"imagen de una chica joven\" src=\"https:\/\/walkingranada.com\/wp-content\/uploads\/2022\/10\/Rectangle-38.png\"\/>\n\t\t<h3>Route olfactif<\/h3>","protected":false},"excerpt":{"rendered":"<p>Visitas guiadas &gt; Siervas y Sultanas Visita en Grupo Siervas y Sultanas Puerta de la justicia Calle Real de la Alhambra Dificultad media Grupo de hasta 20 personas Accesibilidad limitada Viernes y domingo 10:30 \/ 17:30 \/ 19:00 2.5 horas Desde 18\u20ac\/persona Espa\u00f1ol Desvelamos la historia silenciada de las mujeres nazar\u00edes \u00bfQui\u00e9nes eran? \u00bfC\u00f3mo viv\u00edan &#8230; <a title=\"Servantes et Sultanes\" class=\"read-more\" href=\"https:\/\/walkingranada.com\/fr\/visitas-guiadas\/siervas-y-sultanas\/\" aria-label=\"En savoir plus sur Siervas y Sultanas\">Lire la suite<\/a><\/p>","protected":false},"author":2,"featured_media":2199,"parent":94,"menu_order":0,"comment_status":"closed","ping_status":"closed","template":"","meta":{"footnotes":""},"class_list":["post-4957","page","type-page","status-publish","has-post-thumbnail"],"yoast_head":"<!-- This site is optimized with the Yoast SEO plugin v27.5 - https:\/\/yoast.com\/product\/yoast-seo-wordpress\/ -->\n<title>Siervas y Sultanas - Visita en Grupo - Walk in Granada<\/title>\n<meta name=\"description\" content=\"Aprenderemos los detalles de la cotidianeidad de las mujeres en los tiempos de la Alhambra a trav\u00e9s de leyendas y hechos reales contrastados.\" \/>\n<meta name=\"robots\" content=\"index, follow, max-snippet:-1, max-image-preview:large, max-video-preview:-1\" \/>\n<link rel=\"canonical\" href=\"https:\/\/walkingranada.com\/fr\/visites-guidees\/albaicin-2\/\" \/>\n<meta property=\"og:locale\" content=\"fr_FR\" \/>\n<meta property=\"og:type\" content=\"article\" \/>\n<meta property=\"og:title\" content=\"Siervas y Sultanas - Visita en Grupo - Walk in Granada\" \/>\n<meta property=\"og:description\" content=\"Aprenderemos los detalles de la cotidianeidad de las mujeres en los tiempos de la Alhambra a trav\u00e9s de leyendas y hechos reales contrastados.\" \/>\n<meta property=\"og:url\" content=\"https:\/\/walkingranada.com\/fr\/visites-guidees\/albaicin-2\/\" \/>\n<meta property=\"og:site_name\" content=\"Walk in Granada\" \/>\n<meta property=\"article:publisher\" content=\"https:\/\/es-es.facebook.com\/walkingranadatour\/\" \/>\n<meta property=\"article:modified_time\" content=\"2026-04-22T09:01:57+00:00\" \/>\n<meta property=\"og:image\" content=\"https:\/\/walkingranada.com\/wp-content\/uploads\/2023\/01\/Freetour-albaicin-y-sacromonte.webp\" \/>\n\t<meta property=\"og:image:width\" content=\"452\" \/>\n\t<meta property=\"og:image:height\" content=\"282\" \/>\n\t<meta property=\"og:image:type\" content=\"image\/webp\" \/>\n<meta name=\"twitter:card\" content=\"summary_large_image\" \/>\n<meta name=\"twitter:site\" content=\"@walkingranada\" \/>\n<meta name=\"twitter:label1\" content=\"Dur\u00e9e de lecture estim\u00e9e\" \/>\n\t<meta name=\"twitter:data1\" content=\"9 minutes\" \/>\n<script type=\"application\/ld+json\" class=\"yoast-schema-graph\">{\"@context\":\"https:\\\/\\\/schema.org\",\"@graph\":[{\"@type\":\"WebPage\",\"@id\":\"https:\\\/\\\/walkingranada.com\\\/visitas-guiadas\\\/siervas-y-sultanas\\\/\",\"url\":\"https:\\\/\\\/walkingranada.com\\\/visitas-guiadas\\\/siervas-y-sultanas\\\/\",\"name\":\"Siervas y Sultanas - Visita en Grupo - Walk in Granada\",\"isPartOf\":{\"@id\":\"https:\\\/\\\/walkingranada.com\\\/#website\"},\"primaryImageOfPage\":{\"@id\":\"https:\\\/\\\/walkingranada.com\\\/visitas-guiadas\\\/siervas-y-sultanas\\\/#primaryimage\"},\"image\":{\"@id\":\"https:\\\/\\\/walkingranada.com\\\/visitas-guiadas\\\/siervas-y-sultanas\\\/#primaryimage\"},\"thumbnailUrl\":\"https:\\\/\\\/walkingranada.com\\\/wp-content\\\/uploads\\\/2023\\\/01\\\/Freetour-albaicin-y-sacromonte.webp\",\"datePublished\":\"2024-08-11T10:27:08+00:00\",\"dateModified\":\"2026-04-22T09:01:57+00:00\",\"description\":\"Aprenderemos los detalles de la cotidianeidad de las mujeres en los tiempos de la Alhambra a trav\u00e9s de leyendas y hechos reales contrastados.\",\"breadcrumb\":{\"@id\":\"https:\\\/\\\/walkingranada.com\\\/visitas-guiadas\\\/siervas-y-sultanas\\\/#breadcrumb\"},\"inLanguage\":\"fr-FR\",\"potentialAction\":[{\"@type\":\"ReadAction\",\"target\":[\"https:\\\/\\\/walkingranada.com\\\/visitas-guiadas\\\/siervas-y-sultanas\\\/\"]}]},{\"@type\":\"ImageObject\",\"inLanguage\":\"fr-FR\",\"@id\":\"https:\\\/\\\/walkingranada.com\\\/visitas-guiadas\\\/siervas-y-sultanas\\\/#primaryimage\",\"url\":\"https:\\\/\\\/walkingranada.com\\\/wp-content\\\/uploads\\\/2023\\\/01\\\/Freetour-albaicin-y-sacromonte.webp\",\"contentUrl\":\"https:\\\/\\\/walkingranada.com\\\/wp-content\\\/uploads\\\/2023\\\/01\\\/Freetour-albaicin-y-sacromonte.webp\",\"width\":452,\"height\":282,\"caption\":\"Vistas del albaycin\"},{\"@type\":\"BreadcrumbList\",\"@id\":\"https:\\\/\\\/walkingranada.com\\\/visitas-guiadas\\\/siervas-y-sultanas\\\/#breadcrumb\",\"itemListElement\":[{\"@type\":\"ListItem\",\"position\":1,\"name\":\"Portada\",\"item\":\"https:\\\/\\\/walkingranada.com\\\/\"},{\"@type\":\"ListItem\",\"position\":2,\"name\":\"Visitas guiadas\",\"item\":\"https:\\\/\\\/walkingranada.com\\\/visitas-guiadas\\\/\"},{\"@type\":\"ListItem\",\"position\":3,\"name\":\"Siervas y Sultanas\"}]},{\"@type\":\"WebSite\",\"@id\":\"https:\\\/\\\/walkingranada.com\\\/#website\",\"url\":\"https:\\\/\\\/walkingranada.com\\\/\",\"name\":\"Walk in Granada\",\"description\":\"Turismo responsable\",\"publisher\":{\"@id\":\"https:\\\/\\\/walkingranada.com\\\/#organization\"},\"alternateName\":\"Walk in Granada\",\"potentialAction\":[{\"@type\":\"SearchAction\",\"target\":{\"@type\":\"EntryPoint\",\"urlTemplate\":\"https:\\\/\\\/walkingranada.com\\\/?s={search_term_string}\"},\"query-input\":{\"@type\":\"PropertyValueSpecification\",\"valueRequired\":true,\"valueName\":\"search_term_string\"}}],\"inLanguage\":\"fr-FR\"},{\"@type\":\"Organization\",\"@id\":\"https:\\\/\\\/walkingranada.com\\\/#organization\",\"name\":\"Walk In Granada\",\"alternateName\":\"Walk In Granada\",\"url\":\"https:\\\/\\\/walkingranada.com\\\/\",\"logo\":{\"@type\":\"ImageObject\",\"inLanguage\":\"fr-FR\",\"@id\":\"https:\\\/\\\/walkingranada.com\\\/#\\\/schema\\\/logo\\\/image\\\/\",\"url\":\"https:\\\/\\\/walkingranada.com\\\/wp-content\\\/uploads\\\/2022\\\/12\\\/Logo-Walking.webp\",\"contentUrl\":\"https:\\\/\\\/walkingranada.com\\\/wp-content\\\/uploads\\\/2022\\\/12\\\/Logo-Walking.webp\",\"width\":512,\"height\":512,\"caption\":\"Walk In Granada\"},\"image\":{\"@id\":\"https:\\\/\\\/walkingranada.com\\\/#\\\/schema\\\/logo\\\/image\\\/\"},\"sameAs\":[\"https:\\\/\\\/es-es.facebook.com\\\/walkingranadatour\\\/\",\"https:\\\/\\\/x.com\\\/walkingranada\",\"https:\\\/\\\/www.instagram.com\\\/walkingranada\\\/\"]}]}<\/script>\n<!-- \/ Yoast SEO plugin. -->","yoast_head_json":{"title":"Servantes et Sultanes - Visite de groupe - Walk in Granada","description":"Nous apprendrons les d\u00e9tails de la vie quotidienne des femmes \u00e0 l'\u00e9poque de l'Alhambra \u00e0 travers des l\u00e9gendes et des faits r\u00e9els contrast\u00e9s.","robots":{"index":"index","follow":"follow","max-snippet":"max-snippet:-1","max-image-preview":"max-image-preview:large","max-video-preview":"max-video-preview:-1"},"canonical":"https:\/\/walkingranada.com\/fr\/visites-guidees\/albaicin-2\/","og_locale":"fr_FR","og_type":"article","og_title":"Siervas y Sultanas - Visita en Grupo - Walk in Granada","og_description":"Aprenderemos los detalles de la cotidianeidad de las mujeres en los tiempos de la Alhambra a trav\u00e9s de leyendas y hechos reales contrastados.","og_url":"https:\/\/walkingranada.com\/fr\/visites-guidees\/albaicin-2\/","og_site_name":"Walk in Granada","article_publisher":"https:\/\/es-es.facebook.com\/walkingranadatour\/","article_modified_time":"2026-04-22T09:01:57+00:00","og_image":[{"width":452,"height":282,"url":"https:\/\/walkingranada.com\/wp-content\/uploads\/2023\/01\/Freetour-albaicin-y-sacromonte.webp","type":"image\/webp"}],"twitter_card":"summary_large_image","twitter_site":"@walkingranada","twitter_misc":{"Dur\u00e9e de lecture estim\u00e9e":"9 minutes"},"schema":{"@context":"https:\/\/schema.org","@graph":[{"@type":"WebPage","@id":"https:\/\/walkingranada.com\/visitas-guiadas\/siervas-y-sultanas\/","url":"https:\/\/walkingranada.com\/visitas-guiadas\/siervas-y-sultanas\/","name":"Servantes et Sultanes - Visite de groupe - Walk in Granada","isPartOf":{"@id":"https:\/\/walkingranada.com\/#website"},"primaryImageOfPage":{"@id":"https:\/\/walkingranada.com\/visitas-guiadas\/siervas-y-sultanas\/#primaryimage"},"image":{"@id":"https:\/\/walkingranada.com\/visitas-guiadas\/siervas-y-sultanas\/#primaryimage"},"thumbnailUrl":"https:\/\/walkingranada.com\/wp-content\/uploads\/2023\/01\/Freetour-albaicin-y-sacromonte.webp","datePublished":"2024-08-11T10:27:08+00:00","dateModified":"2026-04-22T09:01:57+00:00","description":"Nous apprendrons les d\u00e9tails de la vie quotidienne des femmes \u00e0 l'\u00e9poque de l'Alhambra \u00e0 travers des l\u00e9gendes et des faits r\u00e9els contrast\u00e9s.","breadcrumb":{"@id":"https:\/\/walkingranada.com\/visitas-guiadas\/siervas-y-sultanas\/#breadcrumb"},"inLanguage":"fr-FR","potentialAction":[{"@type":"ReadAction","target":["https:\/\/walkingranada.com\/visitas-guiadas\/siervas-y-sultanas\/"]}]},{"@type":"ImageObject","inLanguage":"fr-FR","@id":"https:\/\/walkingranada.com\/visitas-guiadas\/siervas-y-sultanas\/#primaryimage","url":"https:\/\/walkingranada.com\/wp-content\/uploads\/2023\/01\/Freetour-albaicin-y-sacromonte.webp","contentUrl":"https:\/\/walkingranada.com\/wp-content\/uploads\/2023\/01\/Freetour-albaicin-y-sacromonte.webp","width":452,"height":282,"caption":"Vistas del albaycin"},{"@type":"BreadcrumbList","@id":"https:\/\/walkingranada.com\/visitas-guiadas\/siervas-y-sultanas\/#breadcrumb","itemListElement":[{"@type":"ListItem","position":1,"name":"Portada","item":"https:\/\/walkingranada.com\/"},{"@type":"ListItem","position":2,"name":"Visitas guiadas","item":"https:\/\/walkingranada.com\/visitas-guiadas\/"},{"@type":"ListItem","position":3,"name":"Siervas y Sultanas"}]},{"@type":"WebSite","@id":"https:\/\/walkingranada.com\/#website","url":"https:\/\/walkingranada.com\/","name":"Walk in Granada","description":"Turismo responsable","publisher":{"@id":"https:\/\/walkingranada.com\/#organization"},"alternateName":"Walk in Granada","potentialAction":[{"@type":"SearchAction","target":{"@type":"EntryPoint","urlTemplate":"https:\/\/walkingranada.com\/?s={search_term_string}"},"query-input":{"@type":"PropertyValueSpecification","valueRequired":true,"valueName":"search_term_string"}}],"inLanguage":"fr-FR"},{"@type":"Organization","@id":"https:\/\/walkingranada.com\/#organization","name":"Walk In Granada","alternateName":"Walk In Granada","url":"https:\/\/walkingranada.com\/","logo":{"@type":"ImageObject","inLanguage":"fr-FR","@id":"https:\/\/walkingranada.com\/#\/schema\/logo\/image\/","url":"https:\/\/walkingranada.com\/wp-content\/uploads\/2022\/12\/Logo-Walking.webp","contentUrl":"https:\/\/walkingranada.com\/wp-content\/uploads\/2022\/12\/Logo-Walking.webp","width":512,"height":512,"caption":"Walk In Granada"},"image":{"@id":"https:\/\/walkingranada.com\/#\/schema\/logo\/image\/"},"sameAs":["https:\/\/es-es.facebook.com\/walkingranadatour\/","https:\/\/x.com\/walkingranada","https:\/\/www.instagram.com\/walkingranada\/"]}]}},"_links":{"self":[{"href":"https:\/\/walkingranada.com\/fr\/wp-json\/wp\/v2\/pages\/4957","targetHints":{"allow":["GET"]}}],"collection":[{"href":"https:\/\/walkingranada.com\/fr\/wp-json\/wp\/v2\/pages"}],"about":[{"href":"https:\/\/walkingranada.com\/fr\/wp-json\/wp\/v2\/types\/page"}],"author":[{"embeddable":true,"href":"https:\/\/walkingranada.com\/fr\/wp-json\/wp\/v2\/users\/2"}],"replies":[{"embeddable":true,"href":"https:\/\/walkingranada.com\/fr\/wp-json\/wp\/v2\/comments?post=4957"}],"version-history":[{"count":13,"href":"https:\/\/walkingranada.com\/fr\/wp-json\/wp\/v2\/pages\/4957\/revisions"}],"predecessor-version":[{"id":7360,"href":"https:\/\/walkingranada.com\/fr\/wp-json\/wp\/v2\/pages\/4957\/revisions\/7360"}],"up":[{"embeddable":true,"href":"https:\/\/walkingranada.com\/fr\/wp-json\/wp\/v2\/pages\/94"}],"wp:featuredmedia":[{"embeddable":true,"href":"https:\/\/walkingranada.com\/fr\/wp-json\/wp\/v2\/media\/2199"}],"wp:attachment":[{"href":"https:\/\/walkingranada.com\/fr\/wp-json\/wp\/v2\/media?parent=4957"}],"curies":[{"name":"wp","href":"https:\/\/api.w.org\/{rel}","templated":true}]}}