{"id":479,"date":"2022-10-27T10:04:34","date_gmt":"2022-10-27T10:04:34","guid":{"rendered":"https:\/\/factum-omibu.es\/walkin\/?page_id=479"},"modified":"2023-05-22T07:03:06","modified_gmt":"2023-05-22T07:03:06","slug":"visites-personnalisees","status":"publish","type":"page","link":"https:\/\/walkingranada.com\/fr\/visitas-personalizadas\/","title":{"rendered":"Visites personnalis\u00e9es"},"content":{"rendered":"<h1>Visites personnalis\u00e9es<\/h1>\r\n\n<div class=\"wpcf7 no-js\" id=\"wpcf7-f769-o1\" lang=\"es-ES\" dir=\"ltr\" data-wpcf7-id=\"769\">\n<div class=\"screen-reader-response\"><p role=\"status\" aria-live=\"polite\" aria-atomic=\"true\"><\/p> <ul><\/ul><\/div>\n<form action=\"\/fr\/wp-json\/wp\/v2\/pages\/479#wpcf7-f769-o1\" method=\"post\" class=\"wpcf7-form init\" aria-label=\"Formulario de contacto\" novalidate=\"novalidate\" data-status=\"init\" data-trp-original-action=\"\/fr\/wp-json\/wp\/v2\/pages\/479#wpcf7-f769-o1\">\n<fieldset class=\"hidden-fields-container\"><input type=\"hidden\" name=\"_wpcf7\" value=\"769\" \/><input type=\"hidden\" name=\"_wpcf7_version\" value=\"6.1.5\" \/><input type=\"hidden\" name=\"_wpcf7_locale\" value=\"es_ES\" \/><input type=\"hidden\" name=\"_wpcf7_unit_tag\" value=\"wpcf7-f769-o1\" \/><input type=\"hidden\" name=\"_wpcf7_container_post\" value=\"0\" \/><input type=\"hidden\" name=\"_wpcf7_posted_data_hash\" value=\"\" \/>\n<\/fieldset>\n<div class=\"wpcf7-turnstile cf-turnstile\" data-sitekey=\"0x4AAAAAABDgXyo_srqgI3Rz\" data-response-field-name=\"_wpcf7_turnstile_response\"><\/div>\n\n<p><span class=\"wpcf7-form-control-wrap\" data-name=\"nombre\"><input size=\"40\" maxlength=\"400\" class=\"wpcf7-form-control wpcf7-text wpcf7-validates-as-required\" aria-required=\"true\" aria-invalid=\"false\" placeholder=\"Nom*\" value=\"\" type=\"text\" name=\"nombre\" \/><\/span>\n<\/p>\n<p><span class=\"wpcf7-form-control-wrap\" data-name=\"email\"><input size=\"40\" maxlength=\"400\" class=\"wpcf7-form-control wpcf7-email wpcf7-validates-as-required wpcf7-text wpcf7-validates-as-email\" aria-required=\"true\" aria-invalid=\"false\" placeholder=\"Courrier \u00e9lectronique*\" value=\"\" type=\"email\" name=\"email\" \/><\/span>\n<\/p>\n<p><span class=\"wpcf7-form-control-wrap\" data-name=\"telefono\"><input size=\"40\" maxlength=\"400\" class=\"wpcf7-form-control wpcf7-text wpcf7-validates-as-required\" aria-required=\"true\" aria-invalid=\"false\" placeholder=\"T\u00e9l\u00e9phone*\" value=\"\" type=\"text\" name=\"telefono\" \/><\/span>\n<\/p>\n<p><label>Date*<br \/>\n<span class=\"wpcf7-form-control-wrap\" data-name=\"fecha\"><input class=\"wpcf7-form-control wpcf7-date wpcf7-validates-as-required wpcf7-validates-as-date\" aria-required=\"true\" aria-invalid=\"false\" value=\"\" type=\"date\" name=\"fecha\" \/><\/span><\/label>\n<\/p>\n<p><label>Nombre de personnes*<br \/>\n<span class=\"wpcf7-form-control-wrap\" data-name=\"personas\"><input size=\"40\" maxlength=\"400\" class=\"wpcf7-form-control wpcf7-text wpcf7-validates-as-required\" aria-required=\"true\" aria-invalid=\"false\" placeholder=\"-\" value=\"\" type=\"text\" name=\"personas\" \/><\/span><\/label>\n<\/p>\n<p><label>Langue souhait\u00e9e*<br \/>\n<span class=\"wpcf7-form-control-wrap\" data-name=\"idioma\"><input size=\"40\" maxlength=\"400\" class=\"wpcf7-form-control wpcf7-text wpcf7-validates-as-required\" aria-required=\"true\" aria-invalid=\"false\" placeholder=\"-\" value=\"\" type=\"text\" name=\"idioma\" \/><\/span><\/label>\n<\/p>\n<p><span class=\"wpcf7-form-control-wrap\" data-name=\"alojamiento\"><input size=\"40\" maxlength=\"400\" class=\"wpcf7-form-control wpcf7-text\" aria-invalid=\"false\" placeholder=\"O\u00f9 logez-vous ?\" value=\"\" type=\"text\" name=\"alojamiento\" \/><\/span>\n<\/p>\n<p><span class=\"wpcf7-form-control-wrap\" data-name=\"mensaje\"><textarea cols=\"40\" rows=\"10\" maxlength=\"2000\" class=\"wpcf7-form-control wpcf7-textarea\" aria-invalid=\"false\" placeholder=\"Commentaire:\" name=\"mensaje\"><\/textarea><\/span>\n<\/p>\n<p><label>Comment nous avez-vous rencontr\u00e9?<br \/>\n<span class=\"wpcf7-form-control-wrap\" data-name=\"conociste\"><select class=\"wpcf7-form-control wpcf7-select\" aria-invalid=\"false\" name=\"conociste\"><option value=\"\">&#8212;Por favor, elige una opci\u00f3n&#8212;<\/option><option value=\"Boca a boca\">Bouche \u00e0 oreille<\/option><option value=\"B\u00fasqueda online\">Recherches en ligne<\/option><option value=\"Facebook\/Twitter\/Socialmedia\">Facebook\/Twitter\/Socialmedia<\/option><option value=\"Oficina de turismo\">L'office de tourisme<\/option><option value=\"Tripadvisor\">Tripadvisor<\/option><option value=\"Alojamiento\">H\u00e9bergement<\/option><option value=\"Otro\">Un autre<\/option><\/select><\/span><\/label>\n<\/p>\n<p><span class=\"wpcf7-form-control-wrap\" data-name=\"acceptance-994\"><span class=\"wpcf7-form-control wpcf7-acceptance\"><span class=\"wpcf7-list-item\"><label><input type=\"checkbox\" name=\"acceptance-994\" value=\"1\" aria-invalid=\"false\" \/><span class=\"wpcf7-list-item-label\">J'ai lu et j'accepte la <a class=\"red\" href=\"https:\/\/walkingranada.com\/fr\/politique-de-confidentialite\/\" target=\"_blank\">Politique de confidentialit\u00e9<\/a><\/span><\/label><\/span><\/span><\/span><br \/>\n<div class=\"cf7-cf-turnstile\" style=\"margin-top: 0px; margin-bottom: -15px;\"> <div id=\"cf-turnstile-cf7-3885601071\" class=\"cf-turnstile\" data-sitekey=\"0x4AAAAAABDgXyo_srqgI3Rz\" data-theme=\"light\" data-language=\"auto\" data-size=\"normal\" data-retry=\"auto\" data-retry-interval=\"1000\" data-refresh-expired=\"auto\" data-refresh-timeout=\"auto\" data-action=\"contact-form-7\" data-callback=\"turnstileCF7Callback\" data-appearance=\"always\"><\/div> <script>document.addEventListener(\"DOMContentLoaded\", function() { setTimeout(function(){ var e=document.getElementById(\"cf-turnstile-cf7-3885601071\"); if(e&&!e.innerHTML.trim()){turnstile.render(e, {sitekey:\"0x4AAAAAABDgXyo_srqgI3Rz\"});} }, 200); });<\/script> <br class=\"cf-turnstile-br cf-turnstile-br-cf7-3885601071\"> <style>#cf-turnstile-cf7-3885601071 { margin-left: -15px; }<\/style> <script>document.addEventListener(\"DOMContentLoaded\",function(){document.querySelectorAll('.wpcf7-form').forEach(function(e){e.addEventListener('submit',function(){if(document.getElementById('cf-turnstile-cf7-3885601071')){setTimeout(function(){turnstile.reset('#cf-turnstile-cf7-3885601071');},1000)}})})});<\/script> <\/div><br \/>\n<input class=\"wpcf7-form-control wpcf7-submit has-spinner\" type=\"submit\" value=\"Envoyer\" \/>\n<\/p><div class=\"wpcf7-response-output\" aria-hidden=\"true\"><\/div>\n<input type=\"hidden\" name=\"trp-form-language\" value=\"fr\"\/><\/form>\n<\/div>\n\r\n<p>DITES-NOUS CE QUI VOUS INT\u00c9RESSE ET NOUS PR\u00c9PARERONS LA VISITE PARFAITE POUR VOUS<\/p>\r\n<h2>Voulez-vous une visite sur mesure?<\/h2>\r\n<p>Demandez-nous!<\/p>\r\n<p>Gr\u00e2ce \u00e0 notre merveilleuse \u00e9quipe de guides, grands connaisseurs de tous les aspects de la ville et de son histoire, enthousiastes \u00e0 l\u2019id\u00e9e de faire leur travail et en perp\u00e9tuelle formation, nous pouvons dire que nous sommes capables d\u2019offrir des parcours sur pratiquement n\u2019importe quelle th\u00e9matique. Dites nous ce qui vous int\u00e9resse et nous chercherons le guide qui vous correspond.<\/p>\r\n<h2>Voyagez-vous dans d'autres villes ?<\/h2>\r\n<p>FREE TOUR COMMUNITY<\/p>\r\n<p>Walk in Granada est une entreprise locale qui propose des visites guid\u00e9es exclusivement \u00e0 Grenade. Cependant, nous faisons partie d'un r\u00e9seau d'agences locales qui se sont unies autour d'une m\u00eame philosophie : le respect de nos villes et le tourisme responsable. D\u00e9couvrez les meilleurs circuits locaux du monde entier sur Free Tour Community.<\/p>\r\n<p><a href=\"https:\/\/freetourcommunity.com\/\" target=\"_blank\" rel=\"noopener\"> <img decoding=\"async\" loading=\"lazy\" title=\"logo-freetour community\" src=\"https:\/\/walkingranada.com\/wp-content\/uploads\/2023\/01\/logo-freetour-community.webp\" alt=\"logo-freetour community\" width=\"316\" height=\"98\" \/> <\/a><\/p>\r\n<h2>Tambi\u00e9n puedes reservar nuestros otros servicios&#8230;<\/h2>\r\n<p><img decoding=\"async\" loading=\"lazy\" src=\"https:\/\/walkingranada.com\/wp-content\/uploads\/2022\/10\/Rectangle-42.png\" alt=\"bailaora flamenca\" \/><\/p>\r\n<h3>Flamenco<\/h3>\r\n<p><img decoding=\"async\" loading=\"lazy\" src=\"https:\/\/walkingranada.com\/wp-content\/uploads\/2022\/10\/Rectangle-43.png\" alt=\"ba\u00f1os \u00e1rabes\" \/><\/p>\r\n<h3>Hammam <br \/>Al-\u00e1ndalus<\/h3>\r\n<p><img decoding=\"async\" loading=\"lazy\" src=\"https:\/\/walkingranada.com\/wp-content\/uploads\/2022\/10\/Rectangle-45.png\" alt=\"mezquita de c\u00f3rdoba\" \/><\/p>\r\n<h3>excursions <br \/>d\u2019une journ\u00e9e<\/h3>\r\n<p><img decoding=\"async\" loading=\"lazy\" src=\"https:\/\/walkingranada.com\/wp-content\/uploads\/2022\/10\/Rectangle-38.png\" alt=\"imagen de una chica joven\" \/><\/p>\r\n<h3>Route olfactif<\/h3>","protected":false},"excerpt":{"rendered":"<p>Visitas personalizadas DINOS QUE ES LO QUE TE INTERESA Y TE PREPARAMOS LA VISITA PERFECTA \u00bfQuieres un tour a medida? \u00a1P\u00eddenoslo! Gracias a nuestro maravilloso equipo de gu\u00edas, grandes conocedores de todos los aspectos de la ciudad y su historia, entusiasmados con su trabajo y en formaci\u00f3n continua, podemos decir que somos capaces de ofrecer &#8230; <a title=\"Visites personnalis\u00e9es\" class=\"read-more\" href=\"https:\/\/walkingranada.com\/fr\/visitas-personalizadas\/\" aria-label=\"En savoir plus sur Visitas personalizadas\">Lire la suite<\/a><\/p>","protected":false},"author":2,"featured_media":63,"parent":0,"menu_order":0,"comment_status":"closed","ping_status":"closed","template":"","meta":{"footnotes":""},"class_list":["post-479","page","type-page","status-publish","has-post-thumbnail"],"yoast_head":"<!-- This site is optimized with the Yoast SEO plugin v27.5 - https:\/\/yoast.com\/product\/yoast-seo-wordpress\/ -->\n<title>Visitas personalizadas - Walk in Granada<\/title>\n<meta name=\"description\" content=\"\u00bfQuieres una visita personalizada en Granada? Somos agencia especializada en servicios a medida. \u00a1Dinos qu\u00e9 quieres y lo haremos realidad!\" \/>\n<meta name=\"robots\" content=\"index, follow, max-snippet:-1, max-image-preview:large, max-video-preview:-1\" \/>\n<link rel=\"canonical\" href=\"https:\/\/walkingranada.com\/fr\/visites-personnalisees\/\" \/>\n<meta property=\"og:locale\" content=\"fr_FR\" \/>\n<meta property=\"og:type\" content=\"article\" \/>\n<meta property=\"og:title\" content=\"Visitas personalizadas - Walk in Granada\" \/>\n<meta property=\"og:description\" content=\"\u00bfQuieres una visita personalizada en Granada? Somos agencia especializada en servicios a medida. \u00a1Dinos qu\u00e9 quieres y lo haremos realidad!\" \/>\n<meta property=\"og:url\" content=\"https:\/\/walkingranada.com\/fr\/visites-personnalisees\/\" \/>\n<meta property=\"og:site_name\" content=\"Walk in Granada\" \/>\n<meta property=\"article:publisher\" content=\"https:\/\/es-es.facebook.com\/walkingranadatour\/\" \/>\n<meta property=\"article:modified_time\" content=\"2023-05-22T07:03:06+00:00\" \/>\n<meta property=\"og:image\" content=\"https:\/\/walkingranada.com\/wp-content\/uploads\/2022\/10\/image-1.jpg.webp\" \/>\n\t<meta property=\"og:image:width\" content=\"1921\" \/>\n\t<meta property=\"og:image:height\" content=\"864\" \/>\n\t<meta property=\"og:image:type\" content=\"image\/jpeg\" \/>\n<meta name=\"twitter:card\" content=\"summary_large_image\" \/>\n<meta name=\"twitter:site\" content=\"@walkingranada\" \/>\n<meta name=\"twitter:label1\" content=\"Dur\u00e9e de lecture estim\u00e9e\" \/>\n\t<meta name=\"twitter:data1\" content=\"2 minutes\" \/>\n<script type=\"application\/ld+json\" class=\"yoast-schema-graph\">{\"@context\":\"https:\\\/\\\/schema.org\",\"@graph\":[{\"@type\":\"WebPage\",\"@id\":\"https:\\\/\\\/walkingranada.com\\\/visitas-personalizadas\\\/\",\"url\":\"https:\\\/\\\/walkingranada.com\\\/visitas-personalizadas\\\/\",\"name\":\"Visitas personalizadas - Walk in Granada\",\"isPartOf\":{\"@id\":\"https:\\\/\\\/walkingranada.com\\\/#website\"},\"primaryImageOfPage\":{\"@id\":\"https:\\\/\\\/walkingranada.com\\\/visitas-personalizadas\\\/#primaryimage\"},\"image\":{\"@id\":\"https:\\\/\\\/walkingranada.com\\\/visitas-personalizadas\\\/#primaryimage\"},\"thumbnailUrl\":\"https:\\\/\\\/walkingranada.com\\\/wp-content\\\/uploads\\\/2022\\\/10\\\/image-1.jpg.webp\",\"datePublished\":\"2022-10-27T10:04:34+00:00\",\"dateModified\":\"2023-05-22T07:03:06+00:00\",\"description\":\"\u00bfQuieres una visita personalizada en Granada? Somos agencia especializada en servicios a medida. \u00a1Dinos qu\u00e9 quieres y lo haremos realidad!\",\"breadcrumb\":{\"@id\":\"https:\\\/\\\/walkingranada.com\\\/visitas-personalizadas\\\/#breadcrumb\"},\"inLanguage\":\"fr-FR\",\"potentialAction\":[{\"@type\":\"ReadAction\",\"target\":[\"https:\\\/\\\/walkingranada.com\\\/visitas-personalizadas\\\/\"]}]},{\"@type\":\"ImageObject\",\"inLanguage\":\"fr-FR\",\"@id\":\"https:\\\/\\\/walkingranada.com\\\/visitas-personalizadas\\\/#primaryimage\",\"url\":\"https:\\\/\\\/walkingranada.com\\\/wp-content\\\/uploads\\\/2022\\\/10\\\/image-1.jpg.webp\",\"contentUrl\":\"https:\\\/\\\/walkingranada.com\\\/wp-content\\\/uploads\\\/2022\\\/10\\\/image-1.jpg.webp\",\"width\":1921,\"height\":864,\"caption\":\"vistas del albaycin y la alhambra de fondo\"},{\"@type\":\"BreadcrumbList\",\"@id\":\"https:\\\/\\\/walkingranada.com\\\/visitas-personalizadas\\\/#breadcrumb\",\"itemListElement\":[{\"@type\":\"ListItem\",\"position\":1,\"name\":\"Portada\",\"item\":\"https:\\\/\\\/walkingranada.com\\\/\"},{\"@type\":\"ListItem\",\"position\":2,\"name\":\"Visitas personalizadas\"}]},{\"@type\":\"WebSite\",\"@id\":\"https:\\\/\\\/walkingranada.com\\\/#website\",\"url\":\"https:\\\/\\\/walkingranada.com\\\/\",\"name\":\"Walk in Granada\",\"description\":\"Turismo responsable\",\"publisher\":{\"@id\":\"https:\\\/\\\/walkingranada.com\\\/#organization\"},\"alternateName\":\"Walk in Granada\",\"potentialAction\":[{\"@type\":\"SearchAction\",\"target\":{\"@type\":\"EntryPoint\",\"urlTemplate\":\"https:\\\/\\\/walkingranada.com\\\/?s={search_term_string}\"},\"query-input\":{\"@type\":\"PropertyValueSpecification\",\"valueRequired\":true,\"valueName\":\"search_term_string\"}}],\"inLanguage\":\"fr-FR\"},{\"@type\":\"Organization\",\"@id\":\"https:\\\/\\\/walkingranada.com\\\/#organization\",\"name\":\"Walk In Granada\",\"alternateName\":\"Walk In Granada\",\"url\":\"https:\\\/\\\/walkingranada.com\\\/\",\"logo\":{\"@type\":\"ImageObject\",\"inLanguage\":\"fr-FR\",\"@id\":\"https:\\\/\\\/walkingranada.com\\\/#\\\/schema\\\/logo\\\/image\\\/\",\"url\":\"https:\\\/\\\/walkingranada.com\\\/wp-content\\\/uploads\\\/2022\\\/12\\\/Logo-Walking.webp\",\"contentUrl\":\"https:\\\/\\\/walkingranada.com\\\/wp-content\\\/uploads\\\/2022\\\/12\\\/Logo-Walking.webp\",\"width\":512,\"height\":512,\"caption\":\"Walk In Granada\"},\"image\":{\"@id\":\"https:\\\/\\\/walkingranada.com\\\/#\\\/schema\\\/logo\\\/image\\\/\"},\"sameAs\":[\"https:\\\/\\\/es-es.facebook.com\\\/walkingranadatour\\\/\",\"https:\\\/\\\/x.com\\\/walkingranada\",\"https:\\\/\\\/www.instagram.com\\\/walkingranada\\\/\"]}]}<\/script>\n<!-- \/ Yoast SEO plugin. -->","yoast_head_json":{"title":"Visites personnalis\u00e9es - Walk in Granada","description":"Voulez-vous une visite personnalis\u00e9e \u00e0 Grenade? Nous sommes une agence sp\u00e9cialis\u00e9e dans les services sur mesure. Dites-nous ce que vous voulez et nous le rendrons r\u00e9alit\u00e9!","robots":{"index":"index","follow":"follow","max-snippet":"max-snippet:-1","max-image-preview":"max-image-preview:large","max-video-preview":"max-video-preview:-1"},"canonical":"https:\/\/walkingranada.com\/fr\/visites-personnalisees\/","og_locale":"fr_FR","og_type":"article","og_title":"Visitas personalizadas - Walk in Granada","og_description":"\u00bfQuieres una visita personalizada en Granada? Somos agencia especializada en servicios a medida. \u00a1Dinos qu\u00e9 quieres y lo haremos realidad!","og_url":"https:\/\/walkingranada.com\/fr\/visites-personnalisees\/","og_site_name":"Walk in Granada","article_publisher":"https:\/\/es-es.facebook.com\/walkingranadatour\/","article_modified_time":"2023-05-22T07:03:06+00:00","og_image":[{"width":1921,"height":864,"url":"https:\/\/walkingranada.com\/wp-content\/uploads\/2022\/10\/image-1.jpg.webp","type":"image\/jpeg"}],"twitter_card":"summary_large_image","twitter_site":"@walkingranada","twitter_misc":{"Dur\u00e9e de lecture estim\u00e9e":"2 minutes"},"schema":{"@context":"https:\/\/schema.org","@graph":[{"@type":"WebPage","@id":"https:\/\/walkingranada.com\/visitas-personalizadas\/","url":"https:\/\/walkingranada.com\/visitas-personalizadas\/","name":"Visites personnalis\u00e9es - Walk in Granada","isPartOf":{"@id":"https:\/\/walkingranada.com\/#website"},"primaryImageOfPage":{"@id":"https:\/\/walkingranada.com\/visitas-personalizadas\/#primaryimage"},"image":{"@id":"https:\/\/walkingranada.com\/visitas-personalizadas\/#primaryimage"},"thumbnailUrl":"https:\/\/walkingranada.com\/wp-content\/uploads\/2022\/10\/image-1.jpg.webp","datePublished":"2022-10-27T10:04:34+00:00","dateModified":"2023-05-22T07:03:06+00:00","description":"Voulez-vous une visite personnalis\u00e9e \u00e0 Grenade? Nous sommes une agence sp\u00e9cialis\u00e9e dans les services sur mesure. Dites-nous ce que vous voulez et nous le rendrons r\u00e9alit\u00e9!","breadcrumb":{"@id":"https:\/\/walkingranada.com\/visitas-personalizadas\/#breadcrumb"},"inLanguage":"fr-FR","potentialAction":[{"@type":"ReadAction","target":["https:\/\/walkingranada.com\/visitas-personalizadas\/"]}]},{"@type":"ImageObject","inLanguage":"fr-FR","@id":"https:\/\/walkingranada.com\/visitas-personalizadas\/#primaryimage","url":"https:\/\/walkingranada.com\/wp-content\/uploads\/2022\/10\/image-1.jpg.webp","contentUrl":"https:\/\/walkingranada.com\/wp-content\/uploads\/2022\/10\/image-1.jpg.webp","width":1921,"height":864,"caption":"vistas del albaycin y la alhambra de fondo"},{"@type":"BreadcrumbList","@id":"https:\/\/walkingranada.com\/visitas-personalizadas\/#breadcrumb","itemListElement":[{"@type":"ListItem","position":1,"name":"Portada","item":"https:\/\/walkingranada.com\/"},{"@type":"ListItem","position":2,"name":"Visitas personalizadas"}]},{"@type":"WebSite","@id":"https:\/\/walkingranada.com\/#website","url":"https:\/\/walkingranada.com\/","name":"Walk in Granada","description":"Turismo responsable","publisher":{"@id":"https:\/\/walkingranada.com\/#organization"},"alternateName":"Walk in Granada","potentialAction":[{"@type":"SearchAction","target":{"@type":"EntryPoint","urlTemplate":"https:\/\/walkingranada.com\/?s={search_term_string}"},"query-input":{"@type":"PropertyValueSpecification","valueRequired":true,"valueName":"search_term_string"}}],"inLanguage":"fr-FR"},{"@type":"Organization","@id":"https:\/\/walkingranada.com\/#organization","name":"Walk In Granada","alternateName":"Walk In Granada","url":"https:\/\/walkingranada.com\/","logo":{"@type":"ImageObject","inLanguage":"fr-FR","@id":"https:\/\/walkingranada.com\/#\/schema\/logo\/image\/","url":"https:\/\/walkingranada.com\/wp-content\/uploads\/2022\/12\/Logo-Walking.webp","contentUrl":"https:\/\/walkingranada.com\/wp-content\/uploads\/2022\/12\/Logo-Walking.webp","width":512,"height":512,"caption":"Walk In Granada"},"image":{"@id":"https:\/\/walkingranada.com\/#\/schema\/logo\/image\/"},"sameAs":["https:\/\/es-es.facebook.com\/walkingranadatour\/","https:\/\/x.com\/walkingranada","https:\/\/www.instagram.com\/walkingranada\/"]}]}},"_links":{"self":[{"href":"https:\/\/walkingranada.com\/fr\/wp-json\/wp\/v2\/pages\/479","targetHints":{"allow":["GET"]}}],"collection":[{"href":"https:\/\/walkingranada.com\/fr\/wp-json\/wp\/v2\/pages"}],"about":[{"href":"https:\/\/walkingranada.com\/fr\/wp-json\/wp\/v2\/types\/page"}],"author":[{"embeddable":true,"href":"https:\/\/walkingranada.com\/fr\/wp-json\/wp\/v2\/users\/2"}],"replies":[{"embeddable":true,"href":"https:\/\/walkingranada.com\/fr\/wp-json\/wp\/v2\/comments?post=479"}],"version-history":[{"count":0,"href":"https:\/\/walkingranada.com\/fr\/wp-json\/wp\/v2\/pages\/479\/revisions"}],"wp:featuredmedia":[{"embeddable":true,"href":"https:\/\/walkingranada.com\/fr\/wp-json\/wp\/v2\/media\/63"}],"wp:attachment":[{"href":"https:\/\/walkingranada.com\/fr\/wp-json\/wp\/v2\/media?parent=479"}],"curies":[{"name":"wp","href":"https:\/\/api.w.org\/{rel}","templated":true}]}}