{"id":472,"date":"2022-10-27T09:06:25","date_gmt":"2022-10-27T09:06:25","guid":{"rendered":"https:\/\/factum-omibu.es\/walkin\/?page_id=472"},"modified":"2023-02-02T14:21:40","modified_gmt":"2023-02-02T14:21:40","slug":"emplois","status":"publish","type":"page","link":"https:\/\/walkingranada.com\/fr\/quienes-somos\/trabaja-con-nosotros\/","title":{"rendered":"Emplois"},"content":{"rendered":"<h1>Emplois<\/h1>\r\n<h2>Rejoignez<br \/>Walk in Granada<\/h2>\r\n<p>Notre but est de promouvoir les guides touristiques capables d\u2019offrir des tours de haute qualit\u00e9 et ayant une bonne attention vis-\u00e0-vis du client, des guides qui se sentent passionn\u00e9s par la ville dans laquelle nous vivons.<\/p>\r\n<p>Nous cherchons des personnes capables d\u2019effectuer les tours en accord avec nos standards et r\u00e9pondants \u00e0 l\u2019attente de nos clie<\/p>\r\n<p>WALK IN GRANADA offre l\u2019opportunit\u00e9 aux guides autonomes dot\u00e9s d\u2019exp\u00e9rience de se connecter \u00e0 de nombreux clients potentiels. Nous souhaitons que les tours offerts puissent combiner l\u2019histoire de cette ville magnifique avec la personnalit\u00e9 et l\u2019enthousiasme des guides, et ainsi cr\u00e9er un tour informatif et divertissant \u00e0 la fois.<\/p>\r\n<p>Si vous pensez \u00eatre dot\u00e9 des qualit\u00e9s ad\u00e9quates et que vous souhaitez faire partie de cette grande \u00e9quipe, nous voulons vous entendre.<\/p>\r\n<h3>Conditions<\/h3>\r\n<ul>\r\n<li>Avoir connaissance des lois et des exigences de la Junta de Andaluc\u00eda.<\/li>\r\n<li>Respecter les lois locales en mati\u00e8re de freelancing et \u00eatre inscrit au registre.<\/li>\r\n<li>Savoir parler espagnol et\/ou anglais avec la m\u00eame fluidit\u00e9 qu\u2019une langue maternelle.<\/li>\r\n<li>\u00catre en possesion d\u2019un permis de travail europ\u00e9en.<\/li>\r\n<\/ul>\r\n<p>Envoyez-nous votre CV \u00e0 l\u2019adresse <a href=\"mailto:info@walkingranada.com\"><b>info@walkingranada.com<\/b><\/a> afin de  vous rencontrer.<\/p>\r\n<p><img decoding=\"async\" loading=\"lazy\" title=\"visitas-personalizadas\" src=\"https:\/\/walkingranada.com\/wp-content\/uploads\/2022\/12\/visitas-personalizadas.jpg.webp\" alt=\"visitas-personalizadas\" width=\"600\" height=\"600\" \/> <img decoding=\"async\" loading=\"lazy\" title=\"work1\" src=\"https:\/\/walkingranada.com\/wp-content\/uploads\/2022\/12\/work1.jpg.webp\" alt=\"work1\" width=\"400\" height=\"400\" \/> <img decoding=\"async\" loading=\"lazy\" title=\"work2\" src=\"https:\/\/walkingranada.com\/wp-content\/uploads\/2022\/12\/work2.jpg.webp\" alt=\"work2\" width=\"400\" height=\"400\" \/> <img decoding=\"async\" loading=\"lazy\" title=\"work3_min\" src=\"https:\/\/walkingranada.com\/wp-content\/uploads\/2022\/12\/work3_min.jpg.webp\" alt=\"work3_min\" width=\"300\" height=\"300\" \/><\/p>","protected":false},"excerpt":{"rendered":"<p>Trabaja con nosotros \u00danete aWalk in Granada Nuestra meta es promocionar gu\u00edas tur\u00edsticos capaces de ofrecer tours de alta calidad y atenci\u00f3n al cliente pero que principalmente se sientan apasionados por la ciudad en la que viven. Buscamos a quien pueda realizar los tours de modo acorde a los standards que publicitamos y que nuestros &#8230; <a title=\"Emplois\" class=\"read-more\" href=\"https:\/\/walkingranada.com\/fr\/quienes-somos\/trabaja-con-nosotros\/\" aria-label=\"En savoir plus sur Trabaja con nosotros\">Lire la suite<\/a><\/p>","protected":false},"author":2,"featured_media":0,"parent":114,"menu_order":0,"comment_status":"closed","ping_status":"closed","template":"","meta":{"footnotes":""},"class_list":["post-472","page","type-page","status-publish"],"yoast_head":"<!-- This site is optimized with the Yoast SEO plugin v27.5 - https:\/\/yoast.com\/product\/yoast-seo-wordpress\/ -->\n<title>Trabaja con nosotros - Walk in Granada<\/title>\n<meta name=\"description\" content=\"\u00bfQuieres trabajar en Walk In Granada? Somos una agencia joven y en crecimiento. \u00a1D\u00e9janos tu curr\u00edculo y nos pondremos en contacto!\" \/>\n<meta name=\"robots\" content=\"index, follow, max-snippet:-1, max-image-preview:large, max-video-preview:-1\" \/>\n<link rel=\"canonical\" href=\"https:\/\/walkingranada.com\/fr\/a-propos\/emplois\/\" \/>\n<meta property=\"og:locale\" content=\"fr_FR\" \/>\n<meta property=\"og:type\" content=\"article\" \/>\n<meta property=\"og:title\" content=\"Trabaja con nosotros - Walk in Granada\" \/>\n<meta property=\"og:description\" content=\"\u00bfQuieres trabajar en Walk In Granada? Somos una agencia joven y en crecimiento. \u00a1D\u00e9janos tu curr\u00edculo y nos pondremos en contacto!\" \/>\n<meta property=\"og:url\" content=\"https:\/\/walkingranada.com\/fr\/a-propos\/emplois\/\" \/>\n<meta property=\"og:site_name\" content=\"Walk in Granada\" \/>\n<meta property=\"article:publisher\" content=\"https:\/\/es-es.facebook.com\/walkingranadatour\/\" \/>\n<meta property=\"article:modified_time\" content=\"2023-02-02T14:21:40+00:00\" \/>\n<meta property=\"og:image\" content=\"https:\/\/walkingranada.com\/wp-content\/uploads\/2022\/12\/visitas-personalizadas.jpg.webp\" \/>\n<meta name=\"twitter:card\" content=\"summary_large_image\" \/>\n<meta name=\"twitter:site\" content=\"@walkingranada\" \/>\n<meta name=\"twitter:label1\" content=\"Dur\u00e9e de lecture estim\u00e9e\" \/>\n\t<meta name=\"twitter:data1\" content=\"2 minutes\" \/>\n<script type=\"application\/ld+json\" class=\"yoast-schema-graph\">{\"@context\":\"https:\\\/\\\/schema.org\",\"@graph\":[{\"@type\":\"WebPage\",\"@id\":\"https:\\\/\\\/walkingranada.com\\\/en\\\/about-us\\\/work-with-us\\\/\",\"url\":\"https:\\\/\\\/walkingranada.com\\\/en\\\/about-us\\\/work-with-us\\\/\",\"name\":\"Trabaja con nosotros - Walk in Granada\",\"isPartOf\":{\"@id\":\"https:\\\/\\\/walkingranada.com\\\/#website\"},\"primaryImageOfPage\":{\"@id\":\"https:\\\/\\\/walkingranada.com\\\/en\\\/about-us\\\/work-with-us\\\/#primaryimage\"},\"image\":{\"@id\":\"https:\\\/\\\/walkingranada.com\\\/en\\\/about-us\\\/work-with-us\\\/#primaryimage\"},\"thumbnailUrl\":\"https:\\\/\\\/walkingranada.com\\\/wp-content\\\/uploads\\\/2022\\\/12\\\/visitas-personalizadas.jpg.webp\",\"datePublished\":\"2022-10-27T09:06:25+00:00\",\"dateModified\":\"2023-02-02T14:21:40+00:00\",\"description\":\"\u00bfQuieres trabajar en Walk In Granada? Somos una agencia joven y en crecimiento. \u00a1D\u00e9janos tu curr\u00edculo y nos pondremos en contacto!\",\"breadcrumb\":{\"@id\":\"https:\\\/\\\/walkingranada.com\\\/en\\\/about-us\\\/work-with-us\\\/#breadcrumb\"},\"inLanguage\":\"fr-FR\",\"potentialAction\":[{\"@type\":\"ReadAction\",\"target\":[\"https:\\\/\\\/walkingranada.com\\\/en\\\/about-us\\\/work-with-us\\\/\"]}]},{\"@type\":\"ImageObject\",\"inLanguage\":\"fr-FR\",\"@id\":\"https:\\\/\\\/walkingranada.com\\\/en\\\/about-us\\\/work-with-us\\\/#primaryimage\",\"url\":\"https:\\\/\\\/walkingranada.com\\\/wp-content\\\/uploads\\\/2022\\\/12\\\/visitas-personalizadas.jpg.webp\",\"contentUrl\":\"https:\\\/\\\/walkingranada.com\\\/wp-content\\\/uploads\\\/2022\\\/12\\\/visitas-personalizadas.jpg.webp\"},{\"@type\":\"BreadcrumbList\",\"@id\":\"https:\\\/\\\/walkingranada.com\\\/en\\\/about-us\\\/work-with-us\\\/#breadcrumb\",\"itemListElement\":[{\"@type\":\"ListItem\",\"position\":1,\"name\":\"Portada\",\"item\":\"https:\\\/\\\/walkingranada.com\\\/\"},{\"@type\":\"ListItem\",\"position\":2,\"name\":\"Qui\u00e9nes somos\",\"item\":\"https:\\\/\\\/walkingranada.com\\\/quienes-somos\\\/\"},{\"@type\":\"ListItem\",\"position\":3,\"name\":\"Trabaja con nosotros\"}]},{\"@type\":\"WebSite\",\"@id\":\"https:\\\/\\\/walkingranada.com\\\/#website\",\"url\":\"https:\\\/\\\/walkingranada.com\\\/\",\"name\":\"Walk in Granada\",\"description\":\"Turismo responsable\",\"publisher\":{\"@id\":\"https:\\\/\\\/walkingranada.com\\\/#organization\"},\"alternateName\":\"Walk in Granada\",\"potentialAction\":[{\"@type\":\"SearchAction\",\"target\":{\"@type\":\"EntryPoint\",\"urlTemplate\":\"https:\\\/\\\/walkingranada.com\\\/?s={search_term_string}\"},\"query-input\":{\"@type\":\"PropertyValueSpecification\",\"valueRequired\":true,\"valueName\":\"search_term_string\"}}],\"inLanguage\":\"fr-FR\"},{\"@type\":\"Organization\",\"@id\":\"https:\\\/\\\/walkingranada.com\\\/#organization\",\"name\":\"Walk In Granada\",\"alternateName\":\"Walk In Granada\",\"url\":\"https:\\\/\\\/walkingranada.com\\\/\",\"logo\":{\"@type\":\"ImageObject\",\"inLanguage\":\"fr-FR\",\"@id\":\"https:\\\/\\\/walkingranada.com\\\/#\\\/schema\\\/logo\\\/image\\\/\",\"url\":\"https:\\\/\\\/walkingranada.com\\\/wp-content\\\/uploads\\\/2022\\\/12\\\/Logo-Walking.webp\",\"contentUrl\":\"https:\\\/\\\/walkingranada.com\\\/wp-content\\\/uploads\\\/2022\\\/12\\\/Logo-Walking.webp\",\"width\":512,\"height\":512,\"caption\":\"Walk In Granada\"},\"image\":{\"@id\":\"https:\\\/\\\/walkingranada.com\\\/#\\\/schema\\\/logo\\\/image\\\/\"},\"sameAs\":[\"https:\\\/\\\/es-es.facebook.com\\\/walkingranadatour\\\/\",\"https:\\\/\\\/x.com\\\/walkingranada\",\"https:\\\/\\\/www.instagram.com\\\/walkingranada\\\/\"]}]}<\/script>\n<!-- \/ Yoast SEO plugin. -->","yoast_head_json":{"title":"Travailler avec nous - Walk in Granada","description":"Voulez-vous travailler chez Walk In Granada? Nous sommes une agence jeune et en croissance. Laissez-nous votre CV et nous prendrons contact!","robots":{"index":"index","follow":"follow","max-snippet":"max-snippet:-1","max-image-preview":"max-image-preview:large","max-video-preview":"max-video-preview:-1"},"canonical":"https:\/\/walkingranada.com\/fr\/a-propos\/emplois\/","og_locale":"fr_FR","og_type":"article","og_title":"Trabaja con nosotros - Walk in Granada","og_description":"\u00bfQuieres trabajar en Walk In Granada? Somos una agencia joven y en crecimiento. \u00a1D\u00e9janos tu curr\u00edculo y nos pondremos en contacto!","og_url":"https:\/\/walkingranada.com\/fr\/a-propos\/emplois\/","og_site_name":"Walk in Granada","article_publisher":"https:\/\/es-es.facebook.com\/walkingranadatour\/","article_modified_time":"2023-02-02T14:21:40+00:00","og_image":[{"url":"https:\/\/walkingranada.com\/wp-content\/uploads\/2022\/12\/visitas-personalizadas.jpg.webp","type":"","width":"","height":""}],"twitter_card":"summary_large_image","twitter_site":"@walkingranada","twitter_misc":{"Dur\u00e9e de lecture estim\u00e9e":"2 minutes"},"schema":{"@context":"https:\/\/schema.org","@graph":[{"@type":"WebPage","@id":"https:\/\/walkingranada.com\/en\/about-us\/work-with-us\/","url":"https:\/\/walkingranada.com\/en\/about-us\/work-with-us\/","name":"Travailler avec nous - Walk in Granada","isPartOf":{"@id":"https:\/\/walkingranada.com\/#website"},"primaryImageOfPage":{"@id":"https:\/\/walkingranada.com\/en\/about-us\/work-with-us\/#primaryimage"},"image":{"@id":"https:\/\/walkingranada.com\/en\/about-us\/work-with-us\/#primaryimage"},"thumbnailUrl":"https:\/\/walkingranada.com\/wp-content\/uploads\/2022\/12\/visitas-personalizadas.jpg.webp","datePublished":"2022-10-27T09:06:25+00:00","dateModified":"2023-02-02T14:21:40+00:00","description":"Voulez-vous travailler chez Walk In Granada? Nous sommes une agence jeune et en croissance. Laissez-nous votre CV et nous prendrons contact!","breadcrumb":{"@id":"https:\/\/walkingranada.com\/en\/about-us\/work-with-us\/#breadcrumb"},"inLanguage":"fr-FR","potentialAction":[{"@type":"ReadAction","target":["https:\/\/walkingranada.com\/en\/about-us\/work-with-us\/"]}]},{"@type":"ImageObject","inLanguage":"fr-FR","@id":"https:\/\/walkingranada.com\/en\/about-us\/work-with-us\/#primaryimage","url":"https:\/\/walkingranada.com\/wp-content\/uploads\/2022\/12\/visitas-personalizadas.jpg.webp","contentUrl":"https:\/\/walkingranada.com\/wp-content\/uploads\/2022\/12\/visitas-personalizadas.jpg.webp"},{"@type":"BreadcrumbList","@id":"https:\/\/walkingranada.com\/en\/about-us\/work-with-us\/#breadcrumb","itemListElement":[{"@type":"ListItem","position":1,"name":"Portada","item":"https:\/\/walkingranada.com\/"},{"@type":"ListItem","position":2,"name":"Qui\u00e9nes somos","item":"https:\/\/walkingranada.com\/quienes-somos\/"},{"@type":"ListItem","position":3,"name":"Trabaja con nosotros"}]},{"@type":"WebSite","@id":"https:\/\/walkingranada.com\/#website","url":"https:\/\/walkingranada.com\/","name":"Walk in Granada","description":"Turismo responsable","publisher":{"@id":"https:\/\/walkingranada.com\/#organization"},"alternateName":"Walk in Granada","potentialAction":[{"@type":"SearchAction","target":{"@type":"EntryPoint","urlTemplate":"https:\/\/walkingranada.com\/?s={search_term_string}"},"query-input":{"@type":"PropertyValueSpecification","valueRequired":true,"valueName":"search_term_string"}}],"inLanguage":"fr-FR"},{"@type":"Organization","@id":"https:\/\/walkingranada.com\/#organization","name":"Walk In Granada","alternateName":"Walk In Granada","url":"https:\/\/walkingranada.com\/","logo":{"@type":"ImageObject","inLanguage":"fr-FR","@id":"https:\/\/walkingranada.com\/#\/schema\/logo\/image\/","url":"https:\/\/walkingranada.com\/wp-content\/uploads\/2022\/12\/Logo-Walking.webp","contentUrl":"https:\/\/walkingranada.com\/wp-content\/uploads\/2022\/12\/Logo-Walking.webp","width":512,"height":512,"caption":"Walk In Granada"},"image":{"@id":"https:\/\/walkingranada.com\/#\/schema\/logo\/image\/"},"sameAs":["https:\/\/es-es.facebook.com\/walkingranadatour\/","https:\/\/x.com\/walkingranada","https:\/\/www.instagram.com\/walkingranada\/"]}]}},"_links":{"self":[{"href":"https:\/\/walkingranada.com\/fr\/wp-json\/wp\/v2\/pages\/472","targetHints":{"allow":["GET"]}}],"collection":[{"href":"https:\/\/walkingranada.com\/fr\/wp-json\/wp\/v2\/pages"}],"about":[{"href":"https:\/\/walkingranada.com\/fr\/wp-json\/wp\/v2\/types\/page"}],"author":[{"embeddable":true,"href":"https:\/\/walkingranada.com\/fr\/wp-json\/wp\/v2\/users\/2"}],"replies":[{"embeddable":true,"href":"https:\/\/walkingranada.com\/fr\/wp-json\/wp\/v2\/comments?post=472"}],"version-history":[{"count":0,"href":"https:\/\/walkingranada.com\/fr\/wp-json\/wp\/v2\/pages\/472\/revisions"}],"up":[{"embeddable":true,"href":"https:\/\/walkingranada.com\/fr\/wp-json\/wp\/v2\/pages\/114"}],"wp:attachment":[{"href":"https:\/\/walkingranada.com\/fr\/wp-json\/wp\/v2\/media?parent=472"}],"curies":[{"name":"wp","href":"https:\/\/api.w.org\/{rel}","templated":true}]}}