{"id":466,"date":"2022-10-27T09:04:10","date_gmt":"2022-10-27T09:04:10","guid":{"rendered":"https:\/\/factum-omibu.es\/walkin\/?page_id=466"},"modified":"2025-05-16T10:33:59","modified_gmt":"2025-05-16T10:33:59","slug":"ubeda-baeza","status":"publish","type":"page","link":"https:\/\/walkingranada.com\/fr\/que-hacer-en-granada\/excursiones\/ubeda-baeza\/","title":{"rendered":"\u00dabeda et Baeza"},"content":{"rendered":"<p>Excursions d'une journ\u00e9e &gt; \u00dabeda et Baeza<\/p>\n\t<!-- FareHarbor calendar of item #180983 -->\n<h1>\n\t\t\t\u00dabeda et Baeza depuis Grenade\t<\/h1>\n\t<p class=\"translation-block\">R\u00e9cemment d\u00e9clar\u00e9es <strong>sites du patrimoine mondial par l'UNESCO<\/strong> en raison de leur beaut\u00e9 historique, ces deux villes importantes de la province de Ja\u00e9n, situ\u00e9es dans le sud-est de l'Andalousie, sont des joyaux de la Renaissance espagnole qui peuvent \u00eatre visit\u00e9s en partant de la ville de Grenade.<\/p>\n<p class=\"translation-block\"><strong>Il s\u2019agit d\u2019une visite en petit groupe. Si vous souhaitez effectuer cette visite en format priv\u00e9, vous pouvez en faire la demande via notre section <\/strong><span class=\"red\"><a href=\"https:\/\/walkingranada.com\/fr\/visites-personnalisees\/\" target=\"_self\"> <strong class=\"red\">visites personnalis\u00e9es.<\/strong><\/a><\/span><\/p>\n<h2>\n\t\t\tExcursion \u00e0 \u00dabeda et Baeza depuis Granada\t<\/h2>\n\t\t\t\t<img decoding=\"async\" src=\"https:\/\/walkingranada.com\/wp-content\/uploads\/2022\/12\/Capilla-Salvador.jpg.webp\" alt=\"Capilla Salvador \u00fabeda\" itemprop=\"image\" height=\"398\" width=\"711\" title=\"Capilla Salvador\" onerror=\"this.style.display='none'\" loading='lazy' \/>\n\t<p class=\"translation-block\">Si vous vous trouvez \u00e0 Grenade et que vous cherchez une excursion d\u2019une journ\u00e9e pour explorer certaines des plus belles villes d\u2019Andalousie, nous vous recommandons de visiter <strong>\u00dabeda et Baeza<\/strong>. Ces deux villes sont remarquables pour leur impressionnante collection de b\u00e2timents historiques, leur riche pass\u00e9 et leurs champs d\u2019oliviers.<\/p>\n<p class=\"translation-block\"><strong>Baeza<\/strong> est une magnifique ville monumentale aux rues tranquilles et pav\u00e9es, avec une superbe collection de monuments artistiques et historiques. Tout pr\u00e8s de l\u00e0, nous nous dirigerons vers <strong>\u00dabeda<\/strong>, o\u00f9, au fil d\u2019un parcours dans ses rues, nous d\u00e9couvrirons une architecture Renaissance d\u2019une grande valeur, qui enrichit la ville de splendides \u00e9difices et d\u2019un centre historique empreint de noblesse.<\/p>\n\t<p class=\"translation-block\">Lors de notre premi\u00e8re escale dans la magnifique ville de <strong>Baeza<\/strong>, qui poss\u00e8de une riche histoire marqu\u00e9e par la domination arabe et la Reconquista, nous pourrons nous promener dans la belle Plaza de Santa Mar\u00eda, situ\u00e9e en face de la majestueuse <strong>Cath\u00e9drale de la Nativit\u00e9 de Notre-Dame<\/strong>, et admirer le magnifique <strong>Palais de Jabalquinto<\/strong>. Ce dernier, un exemple gothique avec des d\u00e9tails h\u00e9raldiques et des ornements sous forme de n\u0153uds, de clous d'ananas et de pointes de diamant, impressionne autant les historiens de l'art que quiconque passe devant sa porte.<\/p>\n<p class=\"translation-block\">\u00c0 dix kilom\u00e8tres de l\u00e0 se trouve <strong>\u00dabeda<\/strong>, c\u00e9l\u00e8bre pour ses collines et ses oliveraies. On peut y d\u00e9couvrir <strong>l'\u00e9glise de San Pablo, la place de Los Leones, l'h\u00f4tel de ville<\/strong> et d'autres exemples impressionnants de l'architecture de la Renaissance. Les deux villes offrent un m\u00e9lange incomparable de beaut\u00e9 historique.<\/p>\n<p>Pendant la visite, un guide local nous fournira des explications sur l'histoire et l'architecture des villes lors d'une visite guid\u00e9e de l'une d'elles, tandis que nous profiterons de temps libre dans l'autre pour explorer \u00e0 notre propre rythme, d\u00e9jeuner dans l'un des restaurants locaux ou simplement fl\u00e2ner dans les ruelles \u00e9troites. <strong>\u00dabeda et Baeza<\/strong>.<\/p>\n<p class=\"translation-block\">L'excursion \u00e0 <strong>\u00dabeda et Baeza depuis Grenade<\/strong> est une excellente option pour ceux qui souhaitent explorer certains des tr\u00e9sors culturels de l'Andalousie. Vous pourrez profiter d'une visite guid\u00e9e de ces deux villes impressionnantes, faire un tour panoramique en voiture et explorer librement. Ne manquez pas cette opportunit\u00e9 !<\/p>\n<h2>\n\t\t\tPoint de rencontre\t<\/h2>\n\t<p><strong>Place Mariana Pineda<\/strong><\/p>\n\t<p>Avez-vous besoin d'indications pour vous y rendre ?<\/p>\n\t\t\t<a href=\"#reserva\" target=\"_self\">\n\t\t\t\t\t\t\tR\u00e9server &gt;\n\t\t\t\t\t<\/a>\n\t\t\t<a href=\"https:\/\/goo.gl\/maps\/S8LCwLLRQArti4X98\" target=\"_self\">\n\t\t\t\t\t\t\tVoir carte &gt;\n\t\t\t\t\t<\/a>\n<h2>\n\t\t\tCe que vous allez visiter\t<\/h2>\n\t<ul>\n<li>Visite guid\u00e9e des villes d'\u00dabeda et de Baeza, class\u00e9es au patrimoine mondial.<\/li>\n<li>Promenade panoramique \u00e0 travers les oliveraies.<\/li>\n<li>Promenez-vous dans une impressionnante collection de b\u00e2timents artistiques et historiques.<\/li>\n<li>Temps pour faire les courses et manger.<\/li>\n<\/ul>\n<h2>\n\t\t\tCe qui est inclus dans la visite\t<\/h2>\n\t<ul>\n<li>Transport<\/li>\n<li>Visite guid\u00e9e par une entreprise locale dans l'une des villes.<\/li>\n<\/ul>\n<h2>\n\t\t\tCe que la visite ne comprend pas\t<\/h2>\n\t<ul>\n<li>Nourriture et boisson<\/li>\n<\/ul>\n<h2>\n\t\t\tAutres observations\t<\/h2>\n\t<p>Il est essentiel d'\u00eatre au point de rencontre \u00e0 l'heure indiqu\u00e9e, faute de quoi vous perdrez le droit de participer \u00e0 la visite et le remboursement du prix de la visite.<\/p>\n<p>Pour la visite qui inclut des enfants, l'\u00e2ge des enfants doit \u00eatre indiqu\u00e9 pour la s\u00e9curit\u00e9 du transport.<\/p>\n<h2>\n\t\t\tTambi\u00e9n puedes reservar nuestros otros servicios&#8230;\t<\/h2>\n\t<a href=\"https:\/\/walkingranada.com\/fr\/que-faire-a-granada\/flamenco\/\" target=\"_self\"><\/a>\t\t\t<img decoding=\"async\" loading=\"lazy\" alt=\"bailaora flamenca\" src=\"https:\/\/walkingranada.com\/wp-content\/uploads\/2022\/10\/Rectangle-42.png\"\/>\n\t\t<h3>Flamenco<\/h3>\n\t<a href=\"https:\/\/walkingranada.com\/fr\/que-faire-a-granada\/hammam-al-andalus\/\" target=\"_self\"><\/a>\t\t\t<img decoding=\"async\" loading=\"lazy\" alt=\"ba\u00f1os \u00e1rabes\" src=\"https:\/\/walkingranada.com\/wp-content\/uploads\/2022\/10\/Rectangle-43.png\"\/>\n\t\t<h3>Hammam <br \/>Al-\u00e1ndalus<\/h3>\n\t<a href=\"https:\/\/walkingranada.com\/fr\/que-faire-a-granada\/excursions\/\" target=\"_self\"><\/a>\t\t\t<img decoding=\"async\" loading=\"lazy\" alt=\"mezquita de c\u00f3rdoba\" src=\"https:\/\/walkingranada.com\/wp-content\/uploads\/2022\/10\/Rectangle-45.png\"\/>\n\t\t<h3>excursions <br \/>d\u2019une journ\u00e9e<\/h3>\n\t<a href=\"https:\/\/walkingranada.com\/fr\/que-faire-a-granada\/route-olfactif\/\" target=\"_self\"><\/a>\t\t\t<img decoding=\"async\" loading=\"lazy\" alt=\"imagen de una chica joven\" src=\"https:\/\/walkingranada.com\/wp-content\/uploads\/2022\/10\/Rectangle-38.png\"\/>\n\t\t<h3>Route olfactif<\/h3>","protected":false},"excerpt":{"rendered":"<p>Excursiones &gt; \u00dabeda y Baeza \u00dabeda y Baeza desde Granada Declaradas Patrimonio de la Humanidad por la UNESCO recientemente, a causa de su belleza hist\u00f3rica, estas dos importantes ciudades de la provincia de Ja\u00e9n, ubicado al sureste de Andaluc\u00eda, son una joya del Renacimiento espa\u00f1ol que puede ser visitados partiendo desde la ciudad de Granada. &#8230; <a title=\"\u00dabeda et Baeza\" class=\"read-more\" href=\"https:\/\/walkingranada.com\/fr\/que-hacer-en-granada\/excursiones\/ubeda-baeza\/\" aria-label=\"En savoir plus sur \u00dabeda y Baeza\">Lire la suite<\/a><\/p>","protected":false},"author":2,"featured_media":0,"parent":446,"menu_order":0,"comment_status":"closed","ping_status":"closed","template":"","meta":{"footnotes":""},"class_list":["post-466","page","type-page","status-publish"],"yoast_head":"<!-- This site is optimized with the Yoast SEO plugin v27.5 - https:\/\/yoast.com\/product\/yoast-seo-wordpress\/ -->\n<title>\u00dabeda y Baeza - Walk in Granada<\/title>\n<meta name=\"description\" content=\"Descubre las ciudades de \u00dabeda y Baeza desde Granada con esa visita que te lleva a dos enclaves con una enorme riqueza patrimonial.\" \/>\n<meta name=\"robots\" content=\"index, follow, max-snippet:-1, max-image-preview:large, max-video-preview:-1\" \/>\n<link rel=\"canonical\" href=\"https:\/\/walkingranada.com\/fr\/que-faire-a-granada\/excursions\/ubeda-baeza\/\" \/>\n<meta property=\"og:locale\" content=\"fr_FR\" \/>\n<meta property=\"og:type\" content=\"article\" \/>\n<meta property=\"og:title\" content=\"\u00dabeda y Baeza - Walk in Granada\" \/>\n<meta property=\"og:description\" content=\"Descubre las ciudades de \u00dabeda y Baeza desde Granada con esa visita que te lleva a dos enclaves con una enorme riqueza patrimonial.\" \/>\n<meta property=\"og:url\" content=\"https:\/\/walkingranada.com\/fr\/que-faire-a-granada\/excursions\/ubeda-baeza\/\" \/>\n<meta property=\"og:site_name\" content=\"Walk in Granada\" \/>\n<meta property=\"article:publisher\" content=\"https:\/\/es-es.facebook.com\/walkingranadatour\/\" \/>\n<meta property=\"article:modified_time\" content=\"2025-05-16T10:33:59+00:00\" \/>\n<meta property=\"og:image\" content=\"https:\/\/walkingranada.com\/wp-content\/uploads\/2022\/12\/Capilla-Salvador.jpg.webp\" \/>\n<meta name=\"twitter:card\" content=\"summary_large_image\" \/>\n<meta name=\"twitter:site\" content=\"@walkingranada\" \/>\n<meta name=\"twitter:label1\" content=\"Dur\u00e9e de lecture estim\u00e9e\" \/>\n\t<meta name=\"twitter:data1\" content=\"4 minutes\" \/>\n<script type=\"application\/ld+json\" class=\"yoast-schema-graph\">{\"@context\":\"https:\\\/\\\/schema.org\",\"@graph\":[{\"@type\":\"WebPage\",\"@id\":\"https:\\\/\\\/walkingranada.com\\\/que-hacer-en-granada\\\/excursiones\\\/ubeda-baeza\\\/\",\"url\":\"https:\\\/\\\/walkingranada.com\\\/que-hacer-en-granada\\\/excursiones\\\/ubeda-baeza\\\/\",\"name\":\"\u00dabeda y Baeza - Walk in Granada\",\"isPartOf\":{\"@id\":\"https:\\\/\\\/walkingranada.com\\\/#website\"},\"primaryImageOfPage\":{\"@id\":\"https:\\\/\\\/walkingranada.com\\\/que-hacer-en-granada\\\/excursiones\\\/ubeda-baeza\\\/#primaryimage\"},\"image\":{\"@id\":\"https:\\\/\\\/walkingranada.com\\\/que-hacer-en-granada\\\/excursiones\\\/ubeda-baeza\\\/#primaryimage\"},\"thumbnailUrl\":\"https:\\\/\\\/walkingranada.com\\\/wp-content\\\/uploads\\\/2022\\\/12\\\/Capilla-Salvador.jpg.webp\",\"datePublished\":\"2022-10-27T09:04:10+00:00\",\"dateModified\":\"2025-05-16T10:33:59+00:00\",\"description\":\"Descubre las ciudades de \u00dabeda y Baeza desde Granada con esa visita que te lleva a dos enclaves con una enorme riqueza patrimonial.\",\"breadcrumb\":{\"@id\":\"https:\\\/\\\/walkingranada.com\\\/que-hacer-en-granada\\\/excursiones\\\/ubeda-baeza\\\/#breadcrumb\"},\"inLanguage\":\"fr-FR\",\"potentialAction\":[{\"@type\":\"ReadAction\",\"target\":[\"https:\\\/\\\/walkingranada.com\\\/que-hacer-en-granada\\\/excursiones\\\/ubeda-baeza\\\/\"]}]},{\"@type\":\"ImageObject\",\"inLanguage\":\"fr-FR\",\"@id\":\"https:\\\/\\\/walkingranada.com\\\/que-hacer-en-granada\\\/excursiones\\\/ubeda-baeza\\\/#primaryimage\",\"url\":\"https:\\\/\\\/walkingranada.com\\\/wp-content\\\/uploads\\\/2022\\\/12\\\/Capilla-Salvador.jpg.webp\",\"contentUrl\":\"https:\\\/\\\/walkingranada.com\\\/wp-content\\\/uploads\\\/2022\\\/12\\\/Capilla-Salvador.jpg.webp\"},{\"@type\":\"BreadcrumbList\",\"@id\":\"https:\\\/\\\/walkingranada.com\\\/que-hacer-en-granada\\\/excursiones\\\/ubeda-baeza\\\/#breadcrumb\",\"itemListElement\":[{\"@type\":\"ListItem\",\"position\":1,\"name\":\"Portada\",\"item\":\"https:\\\/\\\/walkingranada.com\\\/\"},{\"@type\":\"ListItem\",\"position\":2,\"name\":\"Qu\u00e9 hacer en granada\",\"item\":\"https:\\\/\\\/walkingranada.com\\\/que-hacer-en-granada\\\/\"},{\"@type\":\"ListItem\",\"position\":3,\"name\":\"Excursiones de un d\u00eda\",\"item\":\"https:\\\/\\\/walkingranada.com\\\/que-hacer-en-granada\\\/excursiones\\\/\"},{\"@type\":\"ListItem\",\"position\":4,\"name\":\"\u00dabeda y Baeza\"}]},{\"@type\":\"WebSite\",\"@id\":\"https:\\\/\\\/walkingranada.com\\\/#website\",\"url\":\"https:\\\/\\\/walkingranada.com\\\/\",\"name\":\"Walk in Granada\",\"description\":\"Turismo responsable\",\"publisher\":{\"@id\":\"https:\\\/\\\/walkingranada.com\\\/#organization\"},\"alternateName\":\"Walk in Granada\",\"potentialAction\":[{\"@type\":\"SearchAction\",\"target\":{\"@type\":\"EntryPoint\",\"urlTemplate\":\"https:\\\/\\\/walkingranada.com\\\/?s={search_term_string}\"},\"query-input\":{\"@type\":\"PropertyValueSpecification\",\"valueRequired\":true,\"valueName\":\"search_term_string\"}}],\"inLanguage\":\"fr-FR\"},{\"@type\":\"Organization\",\"@id\":\"https:\\\/\\\/walkingranada.com\\\/#organization\",\"name\":\"Walk In Granada\",\"alternateName\":\"Walk In Granada\",\"url\":\"https:\\\/\\\/walkingranada.com\\\/\",\"logo\":{\"@type\":\"ImageObject\",\"inLanguage\":\"fr-FR\",\"@id\":\"https:\\\/\\\/walkingranada.com\\\/#\\\/schema\\\/logo\\\/image\\\/\",\"url\":\"https:\\\/\\\/walkingranada.com\\\/wp-content\\\/uploads\\\/2022\\\/12\\\/Logo-Walking.webp\",\"contentUrl\":\"https:\\\/\\\/walkingranada.com\\\/wp-content\\\/uploads\\\/2022\\\/12\\\/Logo-Walking.webp\",\"width\":512,\"height\":512,\"caption\":\"Walk In Granada\"},\"image\":{\"@id\":\"https:\\\/\\\/walkingranada.com\\\/#\\\/schema\\\/logo\\\/image\\\/\"},\"sameAs\":[\"https:\\\/\\\/es-es.facebook.com\\\/walkingranadatour\\\/\",\"https:\\\/\\\/x.com\\\/walkingranada\",\"https:\\\/\\\/www.instagram.com\\\/walkingranada\\\/\"]}]}<\/script>\n<!-- \/ Yoast SEO plugin. -->","yoast_head_json":{"title":"\u00dabeda et Baeza - Walk in Granada","description":"D\u00e9couvrez les villes d'\u00dabeda et Baeza depuis Grenade avec cette visite qui vous emm\u00e8ne dans deux sites d'une \u00e9norme richesse patrimoniale.","robots":{"index":"index","follow":"follow","max-snippet":"max-snippet:-1","max-image-preview":"max-image-preview:large","max-video-preview":"max-video-preview:-1"},"canonical":"https:\/\/walkingranada.com\/fr\/que-faire-a-granada\/excursions\/ubeda-baeza\/","og_locale":"fr_FR","og_type":"article","og_title":"\u00dabeda y Baeza - Walk in Granada","og_description":"Descubre las ciudades de \u00dabeda y Baeza desde Granada con esa visita que te lleva a dos enclaves con una enorme riqueza patrimonial.","og_url":"https:\/\/walkingranada.com\/fr\/que-faire-a-granada\/excursions\/ubeda-baeza\/","og_site_name":"Walk in Granada","article_publisher":"https:\/\/es-es.facebook.com\/walkingranadatour\/","article_modified_time":"2025-05-16T10:33:59+00:00","og_image":[{"url":"https:\/\/walkingranada.com\/wp-content\/uploads\/2022\/12\/Capilla-Salvador.jpg.webp","type":"","width":"","height":""}],"twitter_card":"summary_large_image","twitter_site":"@walkingranada","twitter_misc":{"Dur\u00e9e de lecture estim\u00e9e":"4 minutes"},"schema":{"@context":"https:\/\/schema.org","@graph":[{"@type":"WebPage","@id":"https:\/\/walkingranada.com\/que-hacer-en-granada\/excursiones\/ubeda-baeza\/","url":"https:\/\/walkingranada.com\/que-hacer-en-granada\/excursiones\/ubeda-baeza\/","name":"\u00dabeda et Baeza - Walk in Granada","isPartOf":{"@id":"https:\/\/walkingranada.com\/#website"},"primaryImageOfPage":{"@id":"https:\/\/walkingranada.com\/que-hacer-en-granada\/excursiones\/ubeda-baeza\/#primaryimage"},"image":{"@id":"https:\/\/walkingranada.com\/que-hacer-en-granada\/excursiones\/ubeda-baeza\/#primaryimage"},"thumbnailUrl":"https:\/\/walkingranada.com\/wp-content\/uploads\/2022\/12\/Capilla-Salvador.jpg.webp","datePublished":"2022-10-27T09:04:10+00:00","dateModified":"2025-05-16T10:33:59+00:00","description":"D\u00e9couvrez les villes d'\u00dabeda et Baeza depuis Grenade avec cette visite qui vous emm\u00e8ne dans deux sites d'une \u00e9norme richesse patrimoniale.","breadcrumb":{"@id":"https:\/\/walkingranada.com\/que-hacer-en-granada\/excursiones\/ubeda-baeza\/#breadcrumb"},"inLanguage":"fr-FR","potentialAction":[{"@type":"ReadAction","target":["https:\/\/walkingranada.com\/que-hacer-en-granada\/excursiones\/ubeda-baeza\/"]}]},{"@type":"ImageObject","inLanguage":"fr-FR","@id":"https:\/\/walkingranada.com\/que-hacer-en-granada\/excursiones\/ubeda-baeza\/#primaryimage","url":"https:\/\/walkingranada.com\/wp-content\/uploads\/2022\/12\/Capilla-Salvador.jpg.webp","contentUrl":"https:\/\/walkingranada.com\/wp-content\/uploads\/2022\/12\/Capilla-Salvador.jpg.webp"},{"@type":"BreadcrumbList","@id":"https:\/\/walkingranada.com\/que-hacer-en-granada\/excursiones\/ubeda-baeza\/#breadcrumb","itemListElement":[{"@type":"ListItem","position":1,"name":"Portada","item":"https:\/\/walkingranada.com\/"},{"@type":"ListItem","position":2,"name":"Qu\u00e9 hacer en granada","item":"https:\/\/walkingranada.com\/que-hacer-en-granada\/"},{"@type":"ListItem","position":3,"name":"Excursiones de un d\u00eda","item":"https:\/\/walkingranada.com\/que-hacer-en-granada\/excursiones\/"},{"@type":"ListItem","position":4,"name":"\u00dabeda y Baeza"}]},{"@type":"WebSite","@id":"https:\/\/walkingranada.com\/#website","url":"https:\/\/walkingranada.com\/","name":"Walk in Granada","description":"Turismo responsable","publisher":{"@id":"https:\/\/walkingranada.com\/#organization"},"alternateName":"Walk in Granada","potentialAction":[{"@type":"SearchAction","target":{"@type":"EntryPoint","urlTemplate":"https:\/\/walkingranada.com\/?s={search_term_string}"},"query-input":{"@type":"PropertyValueSpecification","valueRequired":true,"valueName":"search_term_string"}}],"inLanguage":"fr-FR"},{"@type":"Organization","@id":"https:\/\/walkingranada.com\/#organization","name":"Walk In Granada","alternateName":"Walk In Granada","url":"https:\/\/walkingranada.com\/","logo":{"@type":"ImageObject","inLanguage":"fr-FR","@id":"https:\/\/walkingranada.com\/#\/schema\/logo\/image\/","url":"https:\/\/walkingranada.com\/wp-content\/uploads\/2022\/12\/Logo-Walking.webp","contentUrl":"https:\/\/walkingranada.com\/wp-content\/uploads\/2022\/12\/Logo-Walking.webp","width":512,"height":512,"caption":"Walk In Granada"},"image":{"@id":"https:\/\/walkingranada.com\/#\/schema\/logo\/image\/"},"sameAs":["https:\/\/es-es.facebook.com\/walkingranadatour\/","https:\/\/x.com\/walkingranada","https:\/\/www.instagram.com\/walkingranada\/"]}]}},"_links":{"self":[{"href":"https:\/\/walkingranada.com\/fr\/wp-json\/wp\/v2\/pages\/466","targetHints":{"allow":["GET"]}}],"collection":[{"href":"https:\/\/walkingranada.com\/fr\/wp-json\/wp\/v2\/pages"}],"about":[{"href":"https:\/\/walkingranada.com\/fr\/wp-json\/wp\/v2\/types\/page"}],"author":[{"embeddable":true,"href":"https:\/\/walkingranada.com\/fr\/wp-json\/wp\/v2\/users\/2"}],"replies":[{"embeddable":true,"href":"https:\/\/walkingranada.com\/fr\/wp-json\/wp\/v2\/comments?post=466"}],"version-history":[{"count":5,"href":"https:\/\/walkingranada.com\/fr\/wp-json\/wp\/v2\/pages\/466\/revisions"}],"predecessor-version":[{"id":6953,"href":"https:\/\/walkingranada.com\/fr\/wp-json\/wp\/v2\/pages\/466\/revisions\/6953"}],"up":[{"embeddable":true,"href":"https:\/\/walkingranada.com\/fr\/wp-json\/wp\/v2\/pages\/446"}],"wp:attachment":[{"href":"https:\/\/walkingranada.com\/fr\/wp-json\/wp\/v2\/media?parent=466"}],"curies":[{"name":"wp","href":"https:\/\/api.w.org\/{rel}","templated":true}]}}