{"id":464,"date":"2022-10-27T09:03:57","date_gmt":"2022-10-27T09:03:57","guid":{"rendered":"https:\/\/factum-omibu.es\/walkin\/?page_id=464"},"modified":"2025-04-24T11:35:34","modified_gmt":"2025-04-24T11:35:34","slug":"caminito-del-rey-2","status":"publish","type":"page","link":"https:\/\/walkingranada.com\/fr\/que-hacer-en-granada\/excursiones\/caminito-del-rey-2\/","title":{"rendered":"Caminito del rey"},"content":{"rendered":"<p>Excursions d'une journ\u00e9e &gt; Caminito del rey<\/p>\n\t<!-- FareHarbor calendar of item #180661 -->\n<h1>\n\t\tVisite guid\u00e9e du Caminito del Rey\n\t<\/h1>\n\t<p class=\"translation-block\">Si vous recherchez une exp\u00e9rience associ\u00e9e \u00e0 l'aventure, ne manquez pas le <strong>Caminito del Rey<\/strong>, situ\u00e9 \u00e0 seulement une heure du centre-ville de Grenade. Ce sentier \u00e9poustouflant vous permet de profiter de vues incroyables sur la nature \u00e0 plus de 300 m\u00e8tres de hauteur. De plus, vous pourrez en apprendre davantage sur l'histoire de cet endroit et vous \u00e9merveiller devant sa beaut\u00e9 naturelle imposante. N'attendez plus et r\u00e9servez votre visite au <strong>Caminito del Rey<\/strong> d\u00e8s aujourd'hui !<\/p>\n<p class=\"translation-block\"><strong>Il s\u2019agit d\u2019une visite en petit groupe. Si vous souhaitez effectuer cette visite en format priv\u00e9, vous pouvez en faire la demande via notre section <\/strong><span class=\"red\"><a href=\"https:\/\/walkingranada.com\/fr\/visites-personnalisees\/\" target=\"_self\"> <strong class=\"red\">visites personnalis\u00e9es.<\/strong><\/a><\/span><\/p>\n<h2>\n\t\tExcursion au Caminito del Rey depuis Grenade\n\t<\/h2>\n\t\t\t\t<img decoding=\"async\" loading=\"lazy\" src=\"https:\/\/walkingranada.com\/wp-content\/uploads\/2022\/12\/Caminito-del-Rey-min.jpg.webp\" alt=\"Caminito-del-Rey\" itemprop=\"image\" height=\"398\" width=\"711\" title=\"Caminito-del-Rey-min\" onerror=\"this.style.display='none'\"  \/>\n\t<p class=\"translation-block\"><strong>Le Caminito del Rey<\/strong> est une passerelle en bois situ\u00e9e dans le <strong>Gorges des Gaitanes<\/strong>, connue comme le chemin de planches le plus dangereux au monde. Construite \u00e0 l'origine pour l'entretien du canal d'eau d'El Chorro (o\u00f9 les eaux du fleuve Guadalhorce sont retenues) et popularis\u00e9e par le roi Alfonso XIII lui-m\u00eame, elle est aujourd'hui une attraction touristique populaire offrant des vues \u00e0 couper le souffle sur la nature et une exp\u00e9rience excitante pour les visiteurs aventureux.<\/p>\n\t<p>Notre visite d\u00e9butera dans le petit tunnel situ\u00e9 \u00e0 c\u00f4t\u00e9 du restaurant El Kiosko. L'avantage de r\u00e9server notre visite est que vous n'aurez pas \u00e0 attendre de longues files d'attente, car notre guide aura vos billets pr\u00eats, et nous nous plongerons directement dans l'aventure.<\/p>\n<p class=\"translation-block\">Pendant 2,5 heures, notre guide d\u00e9voilera l'histoire, la nature et l'aventure, racontant la cr\u00e9ation du c\u00e9l\u00e8bre <strong>Caminito<\/strong> et des ponts suspendus, ainsi que certains secrets cach\u00e9s dans sa construction. R\u00e9servez d\u00e8s maintenant votre voyage au <strong>Caminito del Rey<\/strong> !<\/p>\n<h2>\n\t\tPoint de rencontre\n\t<\/h2>\n\t<p><strong>Place Mariana Pineda<\/strong><\/p>\n\t<p>Avez-vous besoin d'indications pour vous y rendre ?<\/p>\n\t\t\t<a href=\"#reserva\" target=\"_self\">\n\t\t\t\t\t\t\tR\u00e9server &gt;\n\t\t\t\t\t<\/a>\n\t\t\t<a href=\"https:\/\/goo.gl\/maps\/S8LCwLLRQArti4X98\" target=\"_self\">\n\t\t\t\t\t\t\tVoir carte &gt;\n\t\t\t\t\t<\/a>\n<h2>\n\t\tCe que vous allez visiter\n\t<\/h2>\n\t<ul>\n<li>Randonn\u00e9e dans les gorges des Gaitanes sur le fleuve Guadalhorce<\/li>\n<li>Sierra de Huma<\/li>\n<\/ul>\n<h2>\n\t\tCe qui est inclus dans la visite\n\t<\/h2>\n\t<ul>\n<li aria-level=\"1\">Guide local<\/li>\n<li aria-level=\"1\">Visite guid\u00e9e<br \/>\n<\/li>\n<\/ul>\n<h2>\n\t\tCe que la visite ne comprend pas\n\t<\/h2>\n\t<ul>\n<li aria-level=\"1\">Nourriture et boisson<\/li>\n<\/ul>\n<h2>\n\t\tAutres consid\u00e9rations\n\t<\/h2>\n\tLes enfants de moins de 8 ans ne sont pas autoris\u00e9s \u00e0 acc\u00e9der aux installations.<br \/>\nPour des raisons de s\u00e9curit\u00e9 ou de r\u00e9paration, la compagnie se r\u00e9serve le droit de modifier l'itin\u00e9raire ou de fermer les installations, temporairement ou partiellement.<br \/>\nEn cas d'annulation par la direction du Caminito, le montant des billets et du guide sera rembours\u00e9 au client, le montant du transport ne sera rembours\u00e9 que dans les cas o\u00f9 le transfert n'a pas eu lieu. Dans ce cas, un itin\u00e9raire alternatif sera propos\u00e9, car cette affaire ne d\u00e9pend pas d'Anera Travel S.L.\n<h2>\n\t\tTambi\u00e9n puedes reservar nuestros otros servicios&#8230;\n\t<\/h2>\n\t<a href=\"https:\/\/walkingranada.com\/fr\/que-faire-a-granada\/flamenco\/\" target=\"_self\"><\/a>\t\t\t<img decoding=\"async\" loading=\"lazy\" alt=\"bailaora flamenca\" src=\"https:\/\/walkingranada.com\/wp-content\/uploads\/2022\/10\/Rectangle-42.png\"\/>\n\t\t<h3>Flamenco<\/h3>\n\t<a href=\"https:\/\/walkingranada.com\/fr\/que-faire-a-granada\/hammam-al-andalus\/\" target=\"_self\"><\/a>\t\t\t<img decoding=\"async\" loading=\"lazy\" alt=\"ba\u00f1os \u00e1rabes\" src=\"https:\/\/walkingranada.com\/wp-content\/uploads\/2022\/10\/Rectangle-43.png\"\/>\n\t\t<h3>Hammam <br \/>Al-\u00e1ndalus<\/h3>\n\t<a href=\"https:\/\/walkingranada.com\/fr\/que-faire-a-granada\/excursions\/\" target=\"_self\"><\/a>\t\t\t<img decoding=\"async\" loading=\"lazy\" alt=\"mezquita de c\u00f3rdoba\" src=\"https:\/\/walkingranada.com\/wp-content\/uploads\/2022\/10\/Rectangle-45.png\"\/>\n\t\t<h3>excursions <br \/>d\u2019une journ\u00e9e<\/h3>\n\t<a href=\"https:\/\/walkingranada.com\/fr\/que-faire-a-granada\/route-olfactif\/\" target=\"_self\"><\/a>\t\t\t<img decoding=\"async\" loading=\"lazy\" alt=\"imagen de una chica joven\" src=\"https:\/\/walkingranada.com\/wp-content\/uploads\/2022\/10\/Rectangle-38.png\"\/>\n\t\t<h3>Route olfactif<\/h3>","protected":false},"excerpt":{"rendered":"<p>Excursiones &gt; Caminito del rey Visita Guiada al Caminito del Rey Si buscas una experiencia unida a la aventura, no puedes perderte el Caminito del Rey, ubicado a solo una hora de Granada capital. Esta impresionante pasarela te permite disfrutar de vistas incre\u00edbles de la naturaleza a m\u00e1s de 300 metros de altura. Adem\u00e1s, podr\u00e1s &#8230; <a title=\"Caminito del rey\" class=\"read-more\" href=\"https:\/\/walkingranada.com\/fr\/que-hacer-en-granada\/excursiones\/caminito-del-rey-2\/\" aria-label=\"En savoir plus sur Caminito del rey\">Lire la suite<\/a><\/p>","protected":false},"author":2,"featured_media":0,"parent":446,"menu_order":0,"comment_status":"closed","ping_status":"closed","template":"","meta":{"footnotes":""},"class_list":["post-464","page","type-page","status-publish"],"yoast_head":"<!-- This site is optimized with the Yoast SEO plugin v27.5 - https:\/\/yoast.com\/product\/yoast-seo-wordpress\/ -->\n<title>Caminito del Rey - Walk in Granada<\/title>\n<meta name=\"description\" content=\"Conoce el famoso Caminito del Rey, a tan solo una hora de la Capital, una imponente pasarela a m\u00e1s de 300 metros de Altura.\" \/>\n<meta name=\"robots\" content=\"index, follow, max-snippet:-1, max-image-preview:large, max-video-preview:-1\" \/>\n<link rel=\"canonical\" href=\"https:\/\/walkingranada.com\/fr\/que-faire-a-granada\/excursions\/caminito-del-rey-2\/\" \/>\n<meta property=\"og:locale\" content=\"fr_FR\" \/>\n<meta property=\"og:type\" content=\"article\" \/>\n<meta property=\"og:title\" content=\"Caminito del Rey - Walk in Granada\" \/>\n<meta property=\"og:description\" content=\"Conoce el famoso Caminito del Rey, a tan solo una hora de la Capital, una imponente pasarela a m\u00e1s de 300 metros de Altura.\" \/>\n<meta property=\"og:url\" content=\"https:\/\/walkingranada.com\/fr\/que-faire-a-granada\/excursions\/caminito-del-rey-2\/\" \/>\n<meta property=\"og:site_name\" content=\"Walk in Granada\" \/>\n<meta property=\"article:publisher\" content=\"https:\/\/es-es.facebook.com\/walkingranadatour\/\" \/>\n<meta property=\"article:modified_time\" content=\"2025-04-24T11:35:34+00:00\" \/>\n<meta property=\"og:image\" content=\"https:\/\/walkingranada.com\/wp-content\/uploads\/2022\/12\/Caminito-del-Rey-min.jpg.webp\" \/>\n<meta name=\"twitter:card\" content=\"summary_large_image\" \/>\n<meta name=\"twitter:site\" content=\"@walkingranada\" \/>\n<meta name=\"twitter:label1\" content=\"Dur\u00e9e de lecture estim\u00e9e\" \/>\n\t<meta name=\"twitter:data1\" content=\"3 minutes\" \/>\n<script type=\"application\/ld+json\" class=\"yoast-schema-graph\">{\"@context\":\"https:\\\/\\\/schema.org\",\"@graph\":[{\"@type\":\"WebPage\",\"@id\":\"https:\\\/\\\/walkingranada.com\\\/que-hacer-en-granada\\\/excursiones\\\/caminito-del-rey-2\\\/\",\"url\":\"https:\\\/\\\/walkingranada.com\\\/que-hacer-en-granada\\\/excursiones\\\/caminito-del-rey-2\\\/\",\"name\":\"Caminito del Rey - Walk in Granada\",\"isPartOf\":{\"@id\":\"https:\\\/\\\/walkingranada.com\\\/#website\"},\"primaryImageOfPage\":{\"@id\":\"https:\\\/\\\/walkingranada.com\\\/que-hacer-en-granada\\\/excursiones\\\/caminito-del-rey-2\\\/#primaryimage\"},\"image\":{\"@id\":\"https:\\\/\\\/walkingranada.com\\\/que-hacer-en-granada\\\/excursiones\\\/caminito-del-rey-2\\\/#primaryimage\"},\"thumbnailUrl\":\"https:\\\/\\\/walkingranada.com\\\/wp-content\\\/uploads\\\/2022\\\/12\\\/Caminito-del-Rey-min.jpg.webp\",\"datePublished\":\"2022-10-27T09:03:57+00:00\",\"dateModified\":\"2025-04-24T11:35:34+00:00\",\"description\":\"Conoce el famoso Caminito del Rey, a tan solo una hora de la Capital, una imponente pasarela a m\u00e1s de 300 metros de Altura.\",\"breadcrumb\":{\"@id\":\"https:\\\/\\\/walkingranada.com\\\/que-hacer-en-granada\\\/excursiones\\\/caminito-del-rey-2\\\/#breadcrumb\"},\"inLanguage\":\"fr-FR\",\"potentialAction\":[{\"@type\":\"ReadAction\",\"target\":[\"https:\\\/\\\/walkingranada.com\\\/que-hacer-en-granada\\\/excursiones\\\/caminito-del-rey-2\\\/\"]}]},{\"@type\":\"ImageObject\",\"inLanguage\":\"fr-FR\",\"@id\":\"https:\\\/\\\/walkingranada.com\\\/que-hacer-en-granada\\\/excursiones\\\/caminito-del-rey-2\\\/#primaryimage\",\"url\":\"https:\\\/\\\/walkingranada.com\\\/wp-content\\\/uploads\\\/2022\\\/12\\\/Caminito-del-Rey-min.jpg.webp\",\"contentUrl\":\"https:\\\/\\\/walkingranada.com\\\/wp-content\\\/uploads\\\/2022\\\/12\\\/Caminito-del-Rey-min.jpg.webp\"},{\"@type\":\"BreadcrumbList\",\"@id\":\"https:\\\/\\\/walkingranada.com\\\/que-hacer-en-granada\\\/excursiones\\\/caminito-del-rey-2\\\/#breadcrumb\",\"itemListElement\":[{\"@type\":\"ListItem\",\"position\":1,\"name\":\"Portada\",\"item\":\"https:\\\/\\\/walkingranada.com\\\/\"},{\"@type\":\"ListItem\",\"position\":2,\"name\":\"Qu\u00e9 hacer en granada\",\"item\":\"https:\\\/\\\/walkingranada.com\\\/que-hacer-en-granada\\\/\"},{\"@type\":\"ListItem\",\"position\":3,\"name\":\"Excursiones de un d\u00eda\",\"item\":\"https:\\\/\\\/walkingranada.com\\\/que-hacer-en-granada\\\/excursiones\\\/\"},{\"@type\":\"ListItem\",\"position\":4,\"name\":\"Caminito del rey\"}]},{\"@type\":\"WebSite\",\"@id\":\"https:\\\/\\\/walkingranada.com\\\/#website\",\"url\":\"https:\\\/\\\/walkingranada.com\\\/\",\"name\":\"Walk in Granada\",\"description\":\"Turismo responsable\",\"publisher\":{\"@id\":\"https:\\\/\\\/walkingranada.com\\\/#organization\"},\"alternateName\":\"Walk in Granada\",\"potentialAction\":[{\"@type\":\"SearchAction\",\"target\":{\"@type\":\"EntryPoint\",\"urlTemplate\":\"https:\\\/\\\/walkingranada.com\\\/?s={search_term_string}\"},\"query-input\":{\"@type\":\"PropertyValueSpecification\",\"valueRequired\":true,\"valueName\":\"search_term_string\"}}],\"inLanguage\":\"fr-FR\"},{\"@type\":\"Organization\",\"@id\":\"https:\\\/\\\/walkingranada.com\\\/#organization\",\"name\":\"Walk In Granada\",\"alternateName\":\"Walk In Granada\",\"url\":\"https:\\\/\\\/walkingranada.com\\\/\",\"logo\":{\"@type\":\"ImageObject\",\"inLanguage\":\"fr-FR\",\"@id\":\"https:\\\/\\\/walkingranada.com\\\/#\\\/schema\\\/logo\\\/image\\\/\",\"url\":\"https:\\\/\\\/walkingranada.com\\\/wp-content\\\/uploads\\\/2022\\\/12\\\/Logo-Walking.webp\",\"contentUrl\":\"https:\\\/\\\/walkingranada.com\\\/wp-content\\\/uploads\\\/2022\\\/12\\\/Logo-Walking.webp\",\"width\":512,\"height\":512,\"caption\":\"Walk In Granada\"},\"image\":{\"@id\":\"https:\\\/\\\/walkingranada.com\\\/#\\\/schema\\\/logo\\\/image\\\/\"},\"sameAs\":[\"https:\\\/\\\/es-es.facebook.com\\\/walkingranadatour\\\/\",\"https:\\\/\\\/x.com\\\/walkingranada\",\"https:\\\/\\\/www.instagram.com\\\/walkingranada\\\/\"]}]}<\/script>\n<!-- \/ Yoast SEO plugin. -->","yoast_head_json":{"title":"Caminito del Rey - Walk in Granada","description":"D\u00e9couvrez le c\u00e9l\u00e8bre Caminito del Rey, \u00e0 seulement une heure de la capitale, une passerelle imposante de plus de 300 m\u00e8tres de hauteur.","robots":{"index":"index","follow":"follow","max-snippet":"max-snippet:-1","max-image-preview":"max-image-preview:large","max-video-preview":"max-video-preview:-1"},"canonical":"https:\/\/walkingranada.com\/fr\/que-faire-a-granada\/excursions\/caminito-del-rey-2\/","og_locale":"fr_FR","og_type":"article","og_title":"Caminito del Rey - Walk in Granada","og_description":"Conoce el famoso Caminito del Rey, a tan solo una hora de la Capital, una imponente pasarela a m\u00e1s de 300 metros de Altura.","og_url":"https:\/\/walkingranada.com\/fr\/que-faire-a-granada\/excursions\/caminito-del-rey-2\/","og_site_name":"Walk in Granada","article_publisher":"https:\/\/es-es.facebook.com\/walkingranadatour\/","article_modified_time":"2025-04-24T11:35:34+00:00","og_image":[{"url":"https:\/\/walkingranada.com\/wp-content\/uploads\/2022\/12\/Caminito-del-Rey-min.jpg.webp","type":"","width":"","height":""}],"twitter_card":"summary_large_image","twitter_site":"@walkingranada","twitter_misc":{"Dur\u00e9e de lecture estim\u00e9e":"3 minutes"},"schema":{"@context":"https:\/\/schema.org","@graph":[{"@type":"WebPage","@id":"https:\/\/walkingranada.com\/que-hacer-en-granada\/excursiones\/caminito-del-rey-2\/","url":"https:\/\/walkingranada.com\/que-hacer-en-granada\/excursiones\/caminito-del-rey-2\/","name":"Caminito del Rey - Walk in Granada","isPartOf":{"@id":"https:\/\/walkingranada.com\/#website"},"primaryImageOfPage":{"@id":"https:\/\/walkingranada.com\/que-hacer-en-granada\/excursiones\/caminito-del-rey-2\/#primaryimage"},"image":{"@id":"https:\/\/walkingranada.com\/que-hacer-en-granada\/excursiones\/caminito-del-rey-2\/#primaryimage"},"thumbnailUrl":"https:\/\/walkingranada.com\/wp-content\/uploads\/2022\/12\/Caminito-del-Rey-min.jpg.webp","datePublished":"2022-10-27T09:03:57+00:00","dateModified":"2025-04-24T11:35:34+00:00","description":"D\u00e9couvrez le c\u00e9l\u00e8bre Caminito del Rey, \u00e0 seulement une heure de la capitale, une passerelle imposante de plus de 300 m\u00e8tres de hauteur.","breadcrumb":{"@id":"https:\/\/walkingranada.com\/que-hacer-en-granada\/excursiones\/caminito-del-rey-2\/#breadcrumb"},"inLanguage":"fr-FR","potentialAction":[{"@type":"ReadAction","target":["https:\/\/walkingranada.com\/que-hacer-en-granada\/excursiones\/caminito-del-rey-2\/"]}]},{"@type":"ImageObject","inLanguage":"fr-FR","@id":"https:\/\/walkingranada.com\/que-hacer-en-granada\/excursiones\/caminito-del-rey-2\/#primaryimage","url":"https:\/\/walkingranada.com\/wp-content\/uploads\/2022\/12\/Caminito-del-Rey-min.jpg.webp","contentUrl":"https:\/\/walkingranada.com\/wp-content\/uploads\/2022\/12\/Caminito-del-Rey-min.jpg.webp"},{"@type":"BreadcrumbList","@id":"https:\/\/walkingranada.com\/que-hacer-en-granada\/excursiones\/caminito-del-rey-2\/#breadcrumb","itemListElement":[{"@type":"ListItem","position":1,"name":"Portada","item":"https:\/\/walkingranada.com\/"},{"@type":"ListItem","position":2,"name":"Qu\u00e9 hacer en granada","item":"https:\/\/walkingranada.com\/que-hacer-en-granada\/"},{"@type":"ListItem","position":3,"name":"Excursiones de un d\u00eda","item":"https:\/\/walkingranada.com\/que-hacer-en-granada\/excursiones\/"},{"@type":"ListItem","position":4,"name":"Caminito del rey"}]},{"@type":"WebSite","@id":"https:\/\/walkingranada.com\/#website","url":"https:\/\/walkingranada.com\/","name":"Walk in Granada","description":"Turismo responsable","publisher":{"@id":"https:\/\/walkingranada.com\/#organization"},"alternateName":"Walk in Granada","potentialAction":[{"@type":"SearchAction","target":{"@type":"EntryPoint","urlTemplate":"https:\/\/walkingranada.com\/?s={search_term_string}"},"query-input":{"@type":"PropertyValueSpecification","valueRequired":true,"valueName":"search_term_string"}}],"inLanguage":"fr-FR"},{"@type":"Organization","@id":"https:\/\/walkingranada.com\/#organization","name":"Walk In Granada","alternateName":"Walk In Granada","url":"https:\/\/walkingranada.com\/","logo":{"@type":"ImageObject","inLanguage":"fr-FR","@id":"https:\/\/walkingranada.com\/#\/schema\/logo\/image\/","url":"https:\/\/walkingranada.com\/wp-content\/uploads\/2022\/12\/Logo-Walking.webp","contentUrl":"https:\/\/walkingranada.com\/wp-content\/uploads\/2022\/12\/Logo-Walking.webp","width":512,"height":512,"caption":"Walk In Granada"},"image":{"@id":"https:\/\/walkingranada.com\/#\/schema\/logo\/image\/"},"sameAs":["https:\/\/es-es.facebook.com\/walkingranadatour\/","https:\/\/x.com\/walkingranada","https:\/\/www.instagram.com\/walkingranada\/"]}]}},"_links":{"self":[{"href":"https:\/\/walkingranada.com\/fr\/wp-json\/wp\/v2\/pages\/464","targetHints":{"allow":["GET"]}}],"collection":[{"href":"https:\/\/walkingranada.com\/fr\/wp-json\/wp\/v2\/pages"}],"about":[{"href":"https:\/\/walkingranada.com\/fr\/wp-json\/wp\/v2\/types\/page"}],"author":[{"embeddable":true,"href":"https:\/\/walkingranada.com\/fr\/wp-json\/wp\/v2\/users\/2"}],"replies":[{"embeddable":true,"href":"https:\/\/walkingranada.com\/fr\/wp-json\/wp\/v2\/comments?post=464"}],"version-history":[{"count":5,"href":"https:\/\/walkingranada.com\/fr\/wp-json\/wp\/v2\/pages\/464\/revisions"}],"predecessor-version":[{"id":6921,"href":"https:\/\/walkingranada.com\/fr\/wp-json\/wp\/v2\/pages\/464\/revisions\/6921"}],"up":[{"embeddable":true,"href":"https:\/\/walkingranada.com\/fr\/wp-json\/wp\/v2\/pages\/446"}],"wp:attachment":[{"href":"https:\/\/walkingranada.com\/fr\/wp-json\/wp\/v2\/media?parent=464"}],"curies":[{"name":"wp","href":"https:\/\/api.w.org\/{rel}","templated":true}]}}