{"id":462,"date":"2022-10-27T09:03:44","date_gmt":"2022-10-27T09:03:44","guid":{"rendered":"https:\/\/factum-omibu.es\/walkin\/?page_id=462"},"modified":"2025-04-01T14:25:56","modified_gmt":"2025-04-01T14:25:56","slug":"guadix-gorafe","status":"publish","type":"page","link":"https:\/\/walkingranada.com\/fr\/que-hacer-en-granada\/excursiones\/guadix-gorafe\/","title":{"rendered":"Guadix et Gorafe"},"content":{"rendered":"<p>Excursions d'une journ\u00e9e &gt; Guadix et Gorafe<\/p>\n\t<!-- FareHarbor calendar of item #180670 -->\n<h1>\n\t\tVisite guid\u00e9e de Guadix et Gorafe\n\t<\/h1>\n\t<p class=\"translation-block\">Si vous aimez la nature et l'histoire, le <strong>G\u00e9oparc de Grenade<\/strong> est une destination \u00e0 ne pas manquer. D\u00e9clar\u00e9 <strong>G\u00e9oparc mondial de l'UNESCO<\/strong> \u00e0 l'\u00e9t\u00e9 2020, cet endroit allie histoire, culture et beaut\u00e9 naturelle, \u00e0 seulement 45 minutes du centre de Grenade.<\/p>\n<p class=\"translation-block\"><strong>Il s\u2019agit d\u2019une visite en petit groupe. Si vous souhaitez effectuer cette visite en format priv\u00e9, vous pouvez en faire la demande via notre section <\/strong><span class=\"red\"><a href=\"https:\/\/walkingranada.com\/fr\/visites-personnalisees\/\" target=\"_self\"> <strong class=\"red\">visites personnalis\u00e9es.<\/strong><\/a><\/span><\/p>\n<h2>\n\t\tExcursion \u00e0 Guadix et Gorafe depuis Granada\n\t<\/h2>\n\t\t\t\t<img decoding=\"async\" loading=\"lazy\" src=\"https:\/\/walkingranada.com\/wp-content\/uploads\/2022\/12\/guadix_y_gorafe.jpg.webp\" alt=\"guadix_y_gorafe\" itemprop=\"image\" height=\"398\" width=\"711\" title=\"guadix_y_gorafe\" onerror=\"this.style.display='none'\"  \/>\n\t<p class=\"translation-block\">Notre visite commencera sur la Place Mariana Pineda \u00e0 Grenade, et nous nous rendrons \u00e0 <strong>Guadix<\/strong>, l'une des municipalit\u00e9s les plus importantes du <strong>G\u00e9oparc.<\/strong> <strong>Guadix<\/strong>, situ\u00e9 \u00e0 l'est de la province de Grenade, est l'un des plus anciens \u00e9tablissements humains d'Espagne.<\/p>\n<p class=\"translation-block\">Se promener dans les rues de <strong>Guadix<\/strong>, c'est comme voyager dans le temps, gr\u00e2ce \u00e0 son histoire riche et \u00e0 son <strong>impressionnant patrimoine culturel.<\/strong> La ville est c\u00e9l\u00e8bre pour ses <strong>grottes<\/strong>, qui sont une partie importante de l'architecture locale et offrent une exp\u00e9rience unique aux visiteurs. Ces habitations creus\u00e9es dans la roche remontent \u00e0 la <strong>pr\u00e9histoire<\/strong> et ont \u00e9t\u00e9 utilis\u00e9es comme logements et refuges au fil des si\u00e8cles, continuant \u00e0 \u00eatre habit\u00e9es jusqu'\u00e0 aujourd'hui.<\/p>\n\t<p class=\"translation-block\"><strong>Guadix<\/strong> compte d'impressionnants monuments et lieux d'int\u00e9r\u00eat tels que la magnifique <strong>Cath\u00e9drale de l'Incarnation et l'Alcazaba de Guadix<\/strong>, une forteresse arabe datant du XIe si\u00e8cle, ainsi que la <strong>Place de Las Palomas<\/strong> qui abrite des vestiges romains et m\u00e9di\u00e9vaux.<\/p>\n<p class=\"translation-block\">Tr\u00e8s pr\u00e8s de <strong>Guadix<\/strong> se trouve <strong>Gorafe<\/strong>, un petit municipio connu pour ses paysages impressionnants et son histoire riche. Mais l'aspect le plus \u00e9tonnant de cette petite ville est le <strong>Parc M\u00e9galithique<\/strong> qui s'y trouve, avec l'une des <strong>plus grandes concentrations de dolmens en Europe<\/strong>. Ces monuments m\u00e9galithiques, datant de <strong>plus de 4000 ans<\/strong>, t\u00e9moignent de l'importance historique de cette r\u00e9gion de Grenade.<\/p>\n<p class=\"translation-block\">Comme si cela ne suffisait pas, <strong>Gorafe<\/strong> poss\u00e8de \u00e9galement son propre d\u00e9sert : une vaste zone form\u00e9e par des <strong>canyons et des badlands<\/strong> qui offrent une vue spectaculaire avec une beaut\u00e9 naturelle \u00e9poustouflante.<\/p>\n<p class=\"translation-block\">Si vous voulez explorer l'histoire de l'incroyable <strong>G\u00e9oparc de Grenade<\/strong>, ne manquez pas cette visite et r\u00e9servez d\u00e8s maintenant votre tour.<\/p>\n<h2>\n\t\tPoint de rencontre\n\t<\/h2>\n\t<p><strong>Place Mariana Pineda<\/strong><\/p>\n\t<p>Avez-vous besoin d'indications pour vous y rendre ?<\/p>\n\t\t\t<a href=\"#reserva\" target=\"_self\">\n\t\t\t\t\t\t\tR\u00e9server &gt;\n\t\t\t\t\t<\/a>\n\t\t\t<a href=\"https:\/\/goo.gl\/maps\/S8LCwLLRQArti4X98\" target=\"_self\">\n\t\t\t\t\t\t\tVoir carte &gt;\n\t\t\t\t\t<\/a>\n<h2>\n\t\tCe que vous allez visiter\n\t<\/h2>\n\t<ul>\n<li>Ville de Guadix<\/li>\n<li>Maisons troglodytes<\/li>\n<li>Tours du 11e si\u00e8cle<\/li>\n<li>D\u00e9sert de Gorafe<\/li>\n<li>Parc m\u00e9galithique<\/li>\n<\/ul>\n<h2>\n\t\tCe qui est inclus dans la visite\n\t<\/h2>\n\t<ul>\n<li aria-level=\"1\">Visite avec un guide local officiel<\/li>\n<li aria-level=\"1\">Transport<\/li>\n<\/ul>\n<h2>\n\t\tCe que la visite ne comprend pas\n\t<\/h2>\n\t<ul>\n<li aria-level=\"1\">Nourriture et boisson<\/li>\n<\/ul>\n<h2>\n\t\tTambi\u00e9n puedes reservar nuestros otros servicios&#8230;\n\t<\/h2>\n\t<a href=\"https:\/\/walkingranada.com\/fr\/que-faire-a-granada\/flamenco\/\" target=\"_self\"><\/a>\t\t\t<img decoding=\"async\" loading=\"lazy\" alt=\"bailaora flamenca\" src=\"https:\/\/walkingranada.com\/wp-content\/uploads\/2022\/10\/Rectangle-42.png\"\/>\n\t\t<h3>Flamenco<\/h3>\n\t<a href=\"https:\/\/walkingranada.com\/fr\/que-faire-a-granada\/hammam-al-andalus\/\" target=\"_self\"><\/a>\t\t\t<img decoding=\"async\" loading=\"lazy\" alt=\"ba\u00f1os \u00e1rabes\" src=\"https:\/\/walkingranada.com\/wp-content\/uploads\/2022\/10\/Rectangle-43.png\"\/>\n\t\t<h3>Hammam <br \/>Al-\u00e1ndalus<\/h3>\n\t<a href=\"https:\/\/walkingranada.com\/fr\/que-faire-a-granada\/excursions\/\" target=\"_self\"><\/a>\t\t\t<img decoding=\"async\" loading=\"lazy\" alt=\"mezquita de c\u00f3rdoba\" src=\"https:\/\/walkingranada.com\/wp-content\/uploads\/2022\/10\/Rectangle-45.png\"\/>\n\t\t<h3>excursions <br \/>d\u2019une journ\u00e9e<\/h3>\n\t<a href=\"https:\/\/walkingranada.com\/fr\/que-faire-a-granada\/route-olfactif\/\" target=\"_self\"><\/a>\t\t\t<img decoding=\"async\" loading=\"lazy\" alt=\"imagen de una chica joven\" src=\"https:\/\/walkingranada.com\/wp-content\/uploads\/2022\/10\/Rectangle-38.png\"\/>\n\t\t<h3>Route olfactif<\/h3>","protected":false},"excerpt":{"rendered":"<p>Excursiones &gt; Guadix y Gorafe Visita guiada a Guadix y Gorafe Si te gusta la naturaleza y la historia, el Geoparque de Granada es un destino que no puedes perderte. Declarado Geoparque Mundial de la Unesco en el verano de 2020, este lugar combina historia, cultura y belleza natural, a tan solo 45 minutos del &#8230; <a title=\"Guadix et Gorafe\" class=\"read-more\" href=\"https:\/\/walkingranada.com\/fr\/que-hacer-en-granada\/excursiones\/guadix-gorafe\/\" aria-label=\"En savoir plus sur Guadix y Gorafe\">Lire la suite<\/a><\/p>","protected":false},"author":2,"featured_media":0,"parent":446,"menu_order":0,"comment_status":"closed","ping_status":"closed","template":"","meta":{"footnotes":""},"class_list":["post-462","page","type-page","status-publish"],"yoast_head":"<!-- This site is optimized with the Yoast SEO plugin v27.5 - https:\/\/yoast.com\/product\/yoast-seo-wordpress\/ -->\n<title>Excursi\u00f3n Guadix y Gorafe desde Granada - Walk in Granada<\/title>\n<meta name=\"description\" content=\"Visita Guadix y el desierto de Gorafe en pleno Geoparque del altiplano granadino. Un lugar con una belleza natural sin igual.\" \/>\n<meta name=\"robots\" content=\"index, follow, max-snippet:-1, max-image-preview:large, max-video-preview:-1\" \/>\n<link rel=\"canonical\" href=\"https:\/\/walkingranada.com\/fr\/que-faire-a-granada\/excursions\/guadix-gorafe\/\" \/>\n<meta property=\"og:locale\" content=\"fr_FR\" \/>\n<meta property=\"og:type\" content=\"article\" \/>\n<meta property=\"og:title\" content=\"Excursi\u00f3n Guadix y Gorafe desde Granada - Walk in Granada\" \/>\n<meta property=\"og:description\" content=\"Visita Guadix y el desierto de Gorafe en pleno Geoparque del altiplano granadino. Un lugar con una belleza natural sin igual.\" \/>\n<meta property=\"og:url\" content=\"https:\/\/walkingranada.com\/fr\/que-faire-a-granada\/excursions\/guadix-gorafe\/\" \/>\n<meta property=\"og:site_name\" content=\"Walk in Granada\" \/>\n<meta property=\"article:publisher\" content=\"https:\/\/es-es.facebook.com\/walkingranadatour\/\" \/>\n<meta property=\"article:modified_time\" content=\"2025-04-01T14:25:56+00:00\" \/>\n<meta property=\"og:image\" content=\"https:\/\/walkingranada.com\/wp-content\/uploads\/2022\/12\/guadix_y_gorafe.jpg.webp\" \/>\n<meta name=\"twitter:card\" content=\"summary_large_image\" \/>\n<meta name=\"twitter:site\" content=\"@walkingranada\" \/>\n<meta name=\"twitter:label1\" content=\"Dur\u00e9e de lecture estim\u00e9e\" \/>\n\t<meta name=\"twitter:data1\" content=\"3 minutes\" \/>\n<script type=\"application\/ld+json\" class=\"yoast-schema-graph\">{\"@context\":\"https:\\\/\\\/schema.org\",\"@graph\":[{\"@type\":\"WebPage\",\"@id\":\"https:\\\/\\\/walkingranada.com\\\/que-hacer-en-granada\\\/excursiones\\\/guadix-gorafe\\\/\",\"url\":\"https:\\\/\\\/walkingranada.com\\\/que-hacer-en-granada\\\/excursiones\\\/guadix-gorafe\\\/\",\"name\":\"Excursi\u00f3n Guadix y Gorafe desde Granada - Walk in Granada\",\"isPartOf\":{\"@id\":\"https:\\\/\\\/walkingranada.com\\\/#website\"},\"primaryImageOfPage\":{\"@id\":\"https:\\\/\\\/walkingranada.com\\\/que-hacer-en-granada\\\/excursiones\\\/guadix-gorafe\\\/#primaryimage\"},\"image\":{\"@id\":\"https:\\\/\\\/walkingranada.com\\\/que-hacer-en-granada\\\/excursiones\\\/guadix-gorafe\\\/#primaryimage\"},\"thumbnailUrl\":\"https:\\\/\\\/walkingranada.com\\\/wp-content\\\/uploads\\\/2022\\\/12\\\/guadix_y_gorafe.jpg.webp\",\"datePublished\":\"2022-10-27T09:03:44+00:00\",\"dateModified\":\"2025-04-01T14:25:56+00:00\",\"description\":\"Visita Guadix y el desierto de Gorafe en pleno Geoparque del altiplano granadino. Un lugar con una belleza natural sin igual.\",\"breadcrumb\":{\"@id\":\"https:\\\/\\\/walkingranada.com\\\/que-hacer-en-granada\\\/excursiones\\\/guadix-gorafe\\\/#breadcrumb\"},\"inLanguage\":\"fr-FR\",\"potentialAction\":[{\"@type\":\"ReadAction\",\"target\":[\"https:\\\/\\\/walkingranada.com\\\/que-hacer-en-granada\\\/excursiones\\\/guadix-gorafe\\\/\"]}]},{\"@type\":\"ImageObject\",\"inLanguage\":\"fr-FR\",\"@id\":\"https:\\\/\\\/walkingranada.com\\\/que-hacer-en-granada\\\/excursiones\\\/guadix-gorafe\\\/#primaryimage\",\"url\":\"https:\\\/\\\/walkingranada.com\\\/wp-content\\\/uploads\\\/2022\\\/12\\\/guadix_y_gorafe.jpg.webp\",\"contentUrl\":\"https:\\\/\\\/walkingranada.com\\\/wp-content\\\/uploads\\\/2022\\\/12\\\/guadix_y_gorafe.jpg.webp\"},{\"@type\":\"BreadcrumbList\",\"@id\":\"https:\\\/\\\/walkingranada.com\\\/que-hacer-en-granada\\\/excursiones\\\/guadix-gorafe\\\/#breadcrumb\",\"itemListElement\":[{\"@type\":\"ListItem\",\"position\":1,\"name\":\"Portada\",\"item\":\"https:\\\/\\\/walkingranada.com\\\/\"},{\"@type\":\"ListItem\",\"position\":2,\"name\":\"Qu\u00e9 hacer en granada\",\"item\":\"https:\\\/\\\/walkingranada.com\\\/que-hacer-en-granada\\\/\"},{\"@type\":\"ListItem\",\"position\":3,\"name\":\"Excursiones de un d\u00eda\",\"item\":\"https:\\\/\\\/walkingranada.com\\\/que-hacer-en-granada\\\/excursiones\\\/\"},{\"@type\":\"ListItem\",\"position\":4,\"name\":\"Guadix y Gorafe\"}]},{\"@type\":\"WebSite\",\"@id\":\"https:\\\/\\\/walkingranada.com\\\/#website\",\"url\":\"https:\\\/\\\/walkingranada.com\\\/\",\"name\":\"Walk in Granada\",\"description\":\"Turismo responsable\",\"publisher\":{\"@id\":\"https:\\\/\\\/walkingranada.com\\\/#organization\"},\"alternateName\":\"Walk in Granada\",\"potentialAction\":[{\"@type\":\"SearchAction\",\"target\":{\"@type\":\"EntryPoint\",\"urlTemplate\":\"https:\\\/\\\/walkingranada.com\\\/?s={search_term_string}\"},\"query-input\":{\"@type\":\"PropertyValueSpecification\",\"valueRequired\":true,\"valueName\":\"search_term_string\"}}],\"inLanguage\":\"fr-FR\"},{\"@type\":\"Organization\",\"@id\":\"https:\\\/\\\/walkingranada.com\\\/#organization\",\"name\":\"Walk In Granada\",\"alternateName\":\"Walk In Granada\",\"url\":\"https:\\\/\\\/walkingranada.com\\\/\",\"logo\":{\"@type\":\"ImageObject\",\"inLanguage\":\"fr-FR\",\"@id\":\"https:\\\/\\\/walkingranada.com\\\/#\\\/schema\\\/logo\\\/image\\\/\",\"url\":\"https:\\\/\\\/walkingranada.com\\\/wp-content\\\/uploads\\\/2022\\\/12\\\/Logo-Walking.webp\",\"contentUrl\":\"https:\\\/\\\/walkingranada.com\\\/wp-content\\\/uploads\\\/2022\\\/12\\\/Logo-Walking.webp\",\"width\":512,\"height\":512,\"caption\":\"Walk In Granada\"},\"image\":{\"@id\":\"https:\\\/\\\/walkingranada.com\\\/#\\\/schema\\\/logo\\\/image\\\/\"},\"sameAs\":[\"https:\\\/\\\/es-es.facebook.com\\\/walkingranadatour\\\/\",\"https:\\\/\\\/x.com\\\/walkingranada\",\"https:\\\/\\\/www.instagram.com\\\/walkingranada\\\/\"]}]}<\/script>\n<!-- \/ Yoast SEO plugin. -->","yoast_head_json":{"title":"Excursion \u00e0 Guadix et Gorafe depuis Grenade - Walk in Granada","description":"Visitez Guadix et le d\u00e9sert de Gorafe au c\u0153ur du G\u00e9oparc du haut-plateau de Grenade. Un lieu d'une beaut\u00e9 naturelle in\u00e9gal\u00e9e.","robots":{"index":"index","follow":"follow","max-snippet":"max-snippet:-1","max-image-preview":"max-image-preview:large","max-video-preview":"max-video-preview:-1"},"canonical":"https:\/\/walkingranada.com\/fr\/que-faire-a-granada\/excursions\/guadix-gorafe\/","og_locale":"fr_FR","og_type":"article","og_title":"Excursi\u00f3n Guadix y Gorafe desde Granada - Walk in Granada","og_description":"Visita Guadix y el desierto de Gorafe en pleno Geoparque del altiplano granadino. Un lugar con una belleza natural sin igual.","og_url":"https:\/\/walkingranada.com\/fr\/que-faire-a-granada\/excursions\/guadix-gorafe\/","og_site_name":"Walk in Granada","article_publisher":"https:\/\/es-es.facebook.com\/walkingranadatour\/","article_modified_time":"2025-04-01T14:25:56+00:00","og_image":[{"url":"https:\/\/walkingranada.com\/wp-content\/uploads\/2022\/12\/guadix_y_gorafe.jpg.webp","type":"","width":"","height":""}],"twitter_card":"summary_large_image","twitter_site":"@walkingranada","twitter_misc":{"Dur\u00e9e de lecture estim\u00e9e":"3 minutes"},"schema":{"@context":"https:\/\/schema.org","@graph":[{"@type":"WebPage","@id":"https:\/\/walkingranada.com\/que-hacer-en-granada\/excursiones\/guadix-gorafe\/","url":"https:\/\/walkingranada.com\/que-hacer-en-granada\/excursiones\/guadix-gorafe\/","name":"Excursion \u00e0 Guadix et Gorafe depuis Grenade - Walk in Granada","isPartOf":{"@id":"https:\/\/walkingranada.com\/#website"},"primaryImageOfPage":{"@id":"https:\/\/walkingranada.com\/que-hacer-en-granada\/excursiones\/guadix-gorafe\/#primaryimage"},"image":{"@id":"https:\/\/walkingranada.com\/que-hacer-en-granada\/excursiones\/guadix-gorafe\/#primaryimage"},"thumbnailUrl":"https:\/\/walkingranada.com\/wp-content\/uploads\/2022\/12\/guadix_y_gorafe.jpg.webp","datePublished":"2022-10-27T09:03:44+00:00","dateModified":"2025-04-01T14:25:56+00:00","description":"Visitez Guadix et le d\u00e9sert de Gorafe au c\u0153ur du G\u00e9oparc du haut-plateau de Grenade. Un lieu d'une beaut\u00e9 naturelle in\u00e9gal\u00e9e.","breadcrumb":{"@id":"https:\/\/walkingranada.com\/que-hacer-en-granada\/excursiones\/guadix-gorafe\/#breadcrumb"},"inLanguage":"fr-FR","potentialAction":[{"@type":"ReadAction","target":["https:\/\/walkingranada.com\/que-hacer-en-granada\/excursiones\/guadix-gorafe\/"]}]},{"@type":"ImageObject","inLanguage":"fr-FR","@id":"https:\/\/walkingranada.com\/que-hacer-en-granada\/excursiones\/guadix-gorafe\/#primaryimage","url":"https:\/\/walkingranada.com\/wp-content\/uploads\/2022\/12\/guadix_y_gorafe.jpg.webp","contentUrl":"https:\/\/walkingranada.com\/wp-content\/uploads\/2022\/12\/guadix_y_gorafe.jpg.webp"},{"@type":"BreadcrumbList","@id":"https:\/\/walkingranada.com\/que-hacer-en-granada\/excursiones\/guadix-gorafe\/#breadcrumb","itemListElement":[{"@type":"ListItem","position":1,"name":"Portada","item":"https:\/\/walkingranada.com\/"},{"@type":"ListItem","position":2,"name":"Qu\u00e9 hacer en granada","item":"https:\/\/walkingranada.com\/que-hacer-en-granada\/"},{"@type":"ListItem","position":3,"name":"Excursiones de un d\u00eda","item":"https:\/\/walkingranada.com\/que-hacer-en-granada\/excursiones\/"},{"@type":"ListItem","position":4,"name":"Guadix y Gorafe"}]},{"@type":"WebSite","@id":"https:\/\/walkingranada.com\/#website","url":"https:\/\/walkingranada.com\/","name":"Walk in Granada","description":"Turismo responsable","publisher":{"@id":"https:\/\/walkingranada.com\/#organization"},"alternateName":"Walk in Granada","potentialAction":[{"@type":"SearchAction","target":{"@type":"EntryPoint","urlTemplate":"https:\/\/walkingranada.com\/?s={search_term_string}"},"query-input":{"@type":"PropertyValueSpecification","valueRequired":true,"valueName":"search_term_string"}}],"inLanguage":"fr-FR"},{"@type":"Organization","@id":"https:\/\/walkingranada.com\/#organization","name":"Walk In Granada","alternateName":"Walk In Granada","url":"https:\/\/walkingranada.com\/","logo":{"@type":"ImageObject","inLanguage":"fr-FR","@id":"https:\/\/walkingranada.com\/#\/schema\/logo\/image\/","url":"https:\/\/walkingranada.com\/wp-content\/uploads\/2022\/12\/Logo-Walking.webp","contentUrl":"https:\/\/walkingranada.com\/wp-content\/uploads\/2022\/12\/Logo-Walking.webp","width":512,"height":512,"caption":"Walk In Granada"},"image":{"@id":"https:\/\/walkingranada.com\/#\/schema\/logo\/image\/"},"sameAs":["https:\/\/es-es.facebook.com\/walkingranadatour\/","https:\/\/x.com\/walkingranada","https:\/\/www.instagram.com\/walkingranada\/"]}]}},"_links":{"self":[{"href":"https:\/\/walkingranada.com\/fr\/wp-json\/wp\/v2\/pages\/462","targetHints":{"allow":["GET"]}}],"collection":[{"href":"https:\/\/walkingranada.com\/fr\/wp-json\/wp\/v2\/pages"}],"about":[{"href":"https:\/\/walkingranada.com\/fr\/wp-json\/wp\/v2\/types\/page"}],"author":[{"embeddable":true,"href":"https:\/\/walkingranada.com\/fr\/wp-json\/wp\/v2\/users\/2"}],"replies":[{"embeddable":true,"href":"https:\/\/walkingranada.com\/fr\/wp-json\/wp\/v2\/comments?post=462"}],"version-history":[{"count":3,"href":"https:\/\/walkingranada.com\/fr\/wp-json\/wp\/v2\/pages\/462\/revisions"}],"predecessor-version":[{"id":6807,"href":"https:\/\/walkingranada.com\/fr\/wp-json\/wp\/v2\/pages\/462\/revisions\/6807"}],"up":[{"embeddable":true,"href":"https:\/\/walkingranada.com\/fr\/wp-json\/wp\/v2\/pages\/446"}],"wp:attachment":[{"href":"https:\/\/walkingranada.com\/fr\/wp-json\/wp\/v2\/media?parent=462"}],"curies":[{"name":"wp","href":"https:\/\/api.w.org\/{rel}","templated":true}]}}