{"id":460,"date":"2022-10-27T09:03:27","date_gmt":"2022-10-27T09:03:27","guid":{"rendered":"https:\/\/factum-omibu.es\/walkin\/?page_id=460"},"modified":"2025-04-01T14:24:54","modified_gmt":"2025-04-01T14:24:54","slug":"cordoba","status":"publish","type":"page","link":"https:\/\/walkingranada.com\/fr\/que-hacer-en-granada\/excursiones\/cordoba\/","title":{"rendered":"C\u00f3rdoba"},"content":{"rendered":"<p>Excursions d'une journ\u00e9e &gt; C\u00f3rdoba<\/p>\n\t<!-- FareHarbor calendar of item #180676 -->\n<h1>\n\t\tVisite guid\u00e9e de C\u00f3rdoba\n\t<\/h1>\n\t<p class=\"translation-block\">\u00c0 seulement une heure et demie de la ville de Grenade, <strong>Cordoue<\/strong> se dresse avec majest\u00e9 gr\u00e2ce \u00e0 sa Mosqu\u00e9e-Cath\u00e9drale, ses corridas et ses spectacles de flamenco qui envahissent les rues, riches en culture et en patrimoine. C\u2019est un parcours \u00e0 ne pas manquer si vous visitez l\u2019Andalousie, car l\u2019histoire se trouve dans chaque recoin de ses ruelles pav\u00e9es, de ses patios et de ses fontaines.<\/p>\n<p class=\"translation-block\"><strong>Il s\u2019agit d\u2019une visite en petit groupe. Si vous souhaitez effectuer cette visite en format priv\u00e9, vous pouvez en faire la demande via notre section <\/strong><span class=\"red\"><a href=\"https:\/\/walkingranada.com\/fr\/visites-personnalisees\/\" target=\"_self\"> <strong class=\"red\">visites personnalis\u00e9es.<\/strong><\/a><\/span><\/p>\n<h2>\n\t\tExcursion \u00e0 C\u00f3rdoba depuis Granada\n\t<\/h2>\n\t\t\t\t<img decoding=\"async\" loading=\"lazy\" src=\"https:\/\/walkingranada.com\/wp-content\/uploads\/2022\/12\/Mezquita-Cordoba.jpg.webp\" alt=\"Mezquita C\u00f3rdoba\" itemprop=\"image\" height=\"398\" width=\"711\" title=\"Mezquita Cordoba\" onerror=\"this.style.display='none'\"  \/>\n\t<p class=\"translation-block\">Depuis la ville de Grenade, nous nous rendons \u00e0 <strong>C\u00f3rdoba<\/strong> pour admirer l'un des monuments les plus spectaculaires et embl\u00e9matiques de la province, <strong>la Mosqu\u00e9e-Cath\u00e9drale de C\u00f3rdoba.<\/strong> Guid\u00e9 par un expert local, sp\u00e9cialiste de ce monument, vous d\u00e9couvrirez non seulement son histoire mais aussi ses l\u00e9gendes et mythes. Les d\u00e9tails les plus pertinents rendront votre exp\u00e9rience vraiment unique. En tant que chef-d'\u0153uvre de <strong>l'architecture islamique et chr\u00e9tienne<\/strong>, c'est l'un des monuments, avec l'Alhambra, qui vous aideront \u00e0 comprendre et \u00e0 appr\u00e9cier l'art andalou \u00e0 l'\u00e9poque arabe. L'int\u00e9rieur de ce monument est dot\u00e9 d'un nombre impressionnant de colonnes et d'arcs, en faisant une visite incontournable de la ville.<\/p>\n\t<strong>C\u00f3rdoba<\/strong> es una ciudad con gran historia y fue una vez conocida como \u00abCord\u00fcba\u00bb, durante la \u00e9poca romana. Adem\u00e1s, lleg\u00f3 a convertirse en la capital de la Espa\u00f1a musulmana y es considerada como una de las tres capitales de provincia esenciales para poder decir que visitaste Andaluc\u00eda.<br \/>\nOtro lugar de inter\u00e9s tur\u00edstico en <strong>C\u00f3rdoba<\/strong> es el <strong>Alc\u00e1zar de los Reyes Cristianos<\/strong>, un palacio-fortaleza construido en el siglo XIV por el rey Alfonso XI. Este impresionante edificio cuenta con hermosos jardines y patios, y ofrece unas vistas espectaculares del <strong>r\u00edo Guadalquivir<\/strong>.<br \/>\nDurante el recorrido de la ciudad se dejar\u00e1 tiempo libre para ser part\u00edcipe de la belleza que irradia la localidad. Las callejuelas de <strong>la Juder\u00eda de C\u00f3rdoba<\/strong>, el antiguo barrio jud\u00edo de la ciudad o el <strong>r\u00edo Guadalquivir y Sierra Morena<\/strong> son parte de las maravillas del paisaje cordob\u00e9s. Pudiendo as\u00ed disfrutar de las historias que abundan entre las estrechas calles, sus patios y sinagogas de la \u00e9poca medieval. Durante el tiempo libre no debes olvidar probar la gastronom\u00eda de la zona, una de las m\u00e1s t\u00edpicas de la regi\u00f3n andaluza, como lo son el <strong>salmorejo<\/strong>, el <strong>gazpacho<\/strong> et le <strong>rabo de toro<\/strong>.\n<h2>\n\t\tPoint de rencontre\n\t<\/h2>\n\t<p><strong>Place Mariana Pineda<\/strong><\/p>\n\t<p>Avez-vous besoin d'indications pour vous y rendre ?<\/p>\n\t\t\t<a href=\"#reserva\" target=\"_self\">\n\t\t\t\t\t\t\tR\u00e9server &gt;\n\t\t\t\t\t<\/a>\n\t\t\t<a href=\"https:\/\/goo.gl\/maps\/S8LCwLLRQArti4X98\" target=\"_self\">\n\t\t\t\t\t\t\tVoir carte &gt;\n\t\t\t\t\t<\/a>\n<h2>\n\t\tCe que vous allez visiter\n\t<\/h2>\n\t<p>Mosqu\u00e9e de Cordoue, temps pour se promener dans le quartier juif, faire du shopping et d\u00e9jeuner.<\/p>\n<h2>\n\t\tCe qui est inclus dans la visite\n\t<\/h2>\n\t<ul>\n<li aria-level=\"1\">Entr\u00e9e de la mosqu\u00e9e<\/li>\n<li aria-level=\"1\">Transport<\/li>\n<li aria-level=\"1\">Guide papier<\/li>\n<\/ul>\n<h2>\n\t\tCe que la visite ne comprend pas\n\t<\/h2>\n\t<ul>\n<li aria-level=\"1\">Nourriture et boisson<\/li>\n<\/ul>\n<h2>\n\t\tTambi\u00e9n puedes reservar nuestros otros servicios&#8230;\n\t<\/h2>\n\t<a href=\"https:\/\/walkingranada.com\/fr\/que-faire-a-granada\/flamenco\/\" target=\"_self\"><\/a>\t\t\t<img decoding=\"async\" loading=\"lazy\" alt=\"bailaora flamenca\" src=\"https:\/\/walkingranada.com\/wp-content\/uploads\/2022\/10\/Rectangle-42.png\"\/>\n\t\t<h3>Flamenco<\/h3>\n\t<a href=\"https:\/\/walkingranada.com\/fr\/que-faire-a-granada\/hammam-al-andalus\/\" target=\"_self\"><\/a>\t\t\t<img decoding=\"async\" loading=\"lazy\" alt=\"ba\u00f1os \u00e1rabes\" src=\"https:\/\/walkingranada.com\/wp-content\/uploads\/2022\/10\/Rectangle-43.png\"\/>\n\t\t<h3>Hammam <br \/>Al-\u00e1ndalus<\/h3>\n\t<a href=\"https:\/\/walkingranada.com\/fr\/que-faire-a-granada\/excursions\/\" target=\"_self\"><\/a>\t\t\t<img decoding=\"async\" loading=\"lazy\" alt=\"mezquita de c\u00f3rdoba\" src=\"https:\/\/walkingranada.com\/wp-content\/uploads\/2022\/10\/Rectangle-45.png\"\/>\n\t\t<h3>excursions <br \/>d\u2019une journ\u00e9e<\/h3>\n\t<a href=\"https:\/\/walkingranada.com\/fr\/que-faire-a-granada\/route-olfactif\/\" target=\"_self\"><\/a>\t\t\t<img decoding=\"async\" loading=\"lazy\" alt=\"imagen de una chica joven\" src=\"https:\/\/walkingranada.com\/wp-content\/uploads\/2022\/10\/Rectangle-38.png\"\/>\n\t\t<h3>Route olfactif<\/h3>","protected":false},"excerpt":{"rendered":"<p>Excursiones &gt; C\u00f3rdoba Visita guiada a C\u00f3rdoba A tan solo una hora y media de la ciudad de Granada, C\u00f3rdoba se erige con grandeza con su Mezquita-Catedral, los toros y espect\u00e1culos de flamenco que inundan las calles cargadas de cultura y patrimonio. Este es un recorrido que no puedes perderte si visitas Andaluc\u00eda, ya que &#8230; <a title=\"C\u00f3rdoba\" class=\"read-more\" href=\"https:\/\/walkingranada.com\/fr\/que-hacer-en-granada\/excursiones\/cordoba\/\" aria-label=\"En savoir plus sur C\u00f3rdoba\">Lire la suite<\/a><\/p>","protected":false},"author":2,"featured_media":0,"parent":446,"menu_order":0,"comment_status":"closed","ping_status":"closed","template":"","meta":{"footnotes":""},"class_list":["post-460","page","type-page","status-publish"],"yoast_head":"<!-- This site is optimized with the Yoast SEO plugin v27.5 - https:\/\/yoast.com\/product\/yoast-seo-wordpress\/ -->\n<title>Visita C\u00f3rdoba desde Granada - Walk in Granada<\/title>\n<meta name=\"description\" content=\"Visita C\u00f3rdoba desde Granada acompa\u00f1ado por un gu\u00eda local. Descubre la magia de la antigua capital del Califato de C\u00f3rdoba.\" \/>\n<meta name=\"robots\" content=\"index, follow, max-snippet:-1, max-image-preview:large, max-video-preview:-1\" \/>\n<link rel=\"canonical\" href=\"https:\/\/walkingranada.com\/fr\/que-faire-a-granada\/excursions\/cordoba\/\" \/>\n<meta property=\"og:locale\" content=\"fr_FR\" \/>\n<meta property=\"og:type\" content=\"article\" \/>\n<meta property=\"og:title\" content=\"Visita C\u00f3rdoba desde Granada - Walk in Granada\" \/>\n<meta property=\"og:description\" content=\"Visita C\u00f3rdoba desde Granada acompa\u00f1ado por un gu\u00eda local. Descubre la magia de la antigua capital del Califato de C\u00f3rdoba.\" \/>\n<meta property=\"og:url\" content=\"https:\/\/walkingranada.com\/fr\/que-faire-a-granada\/excursions\/cordoba\/\" \/>\n<meta property=\"og:site_name\" content=\"Walk in Granada\" \/>\n<meta property=\"article:publisher\" content=\"https:\/\/es-es.facebook.com\/walkingranadatour\/\" \/>\n<meta property=\"article:modified_time\" content=\"2025-04-01T14:24:54+00:00\" \/>\n<meta property=\"og:image\" content=\"https:\/\/walkingranada.com\/wp-content\/uploads\/2022\/12\/Mezquita-Cordoba.jpg.webp\" \/>\n<meta name=\"twitter:card\" content=\"summary_large_image\" \/>\n<meta name=\"twitter:site\" content=\"@walkingranada\" \/>\n<meta name=\"twitter:label1\" content=\"Dur\u00e9e de lecture estim\u00e9e\" \/>\n\t<meta name=\"twitter:data1\" content=\"3 minutes\" \/>\n<script type=\"application\/ld+json\" class=\"yoast-schema-graph\">{\"@context\":\"https:\\\/\\\/schema.org\",\"@graph\":[{\"@type\":\"WebPage\",\"@id\":\"https:\\\/\\\/walkingranada.com\\\/que-hacer-en-granada\\\/excursiones\\\/cordoba\\\/\",\"url\":\"https:\\\/\\\/walkingranada.com\\\/que-hacer-en-granada\\\/excursiones\\\/cordoba\\\/\",\"name\":\"Visita C\u00f3rdoba desde Granada - Walk in Granada\",\"isPartOf\":{\"@id\":\"https:\\\/\\\/walkingranada.com\\\/#website\"},\"primaryImageOfPage\":{\"@id\":\"https:\\\/\\\/walkingranada.com\\\/que-hacer-en-granada\\\/excursiones\\\/cordoba\\\/#primaryimage\"},\"image\":{\"@id\":\"https:\\\/\\\/walkingranada.com\\\/que-hacer-en-granada\\\/excursiones\\\/cordoba\\\/#primaryimage\"},\"thumbnailUrl\":\"https:\\\/\\\/walkingranada.com\\\/wp-content\\\/uploads\\\/2022\\\/12\\\/Mezquita-Cordoba.jpg.webp\",\"datePublished\":\"2022-10-27T09:03:27+00:00\",\"dateModified\":\"2025-04-01T14:24:54+00:00\",\"description\":\"Visita C\u00f3rdoba desde Granada acompa\u00f1ado por un gu\u00eda local. Descubre la magia de la antigua capital del Califato de C\u00f3rdoba.\",\"breadcrumb\":{\"@id\":\"https:\\\/\\\/walkingranada.com\\\/que-hacer-en-granada\\\/excursiones\\\/cordoba\\\/#breadcrumb\"},\"inLanguage\":\"fr-FR\",\"potentialAction\":[{\"@type\":\"ReadAction\",\"target\":[\"https:\\\/\\\/walkingranada.com\\\/que-hacer-en-granada\\\/excursiones\\\/cordoba\\\/\"]}]},{\"@type\":\"ImageObject\",\"inLanguage\":\"fr-FR\",\"@id\":\"https:\\\/\\\/walkingranada.com\\\/que-hacer-en-granada\\\/excursiones\\\/cordoba\\\/#primaryimage\",\"url\":\"https:\\\/\\\/walkingranada.com\\\/wp-content\\\/uploads\\\/2022\\\/12\\\/Mezquita-Cordoba.jpg.webp\",\"contentUrl\":\"https:\\\/\\\/walkingranada.com\\\/wp-content\\\/uploads\\\/2022\\\/12\\\/Mezquita-Cordoba.jpg.webp\"},{\"@type\":\"BreadcrumbList\",\"@id\":\"https:\\\/\\\/walkingranada.com\\\/que-hacer-en-granada\\\/excursiones\\\/cordoba\\\/#breadcrumb\",\"itemListElement\":[{\"@type\":\"ListItem\",\"position\":1,\"name\":\"Portada\",\"item\":\"https:\\\/\\\/walkingranada.com\\\/\"},{\"@type\":\"ListItem\",\"position\":2,\"name\":\"Qu\u00e9 hacer en granada\",\"item\":\"https:\\\/\\\/walkingranada.com\\\/que-hacer-en-granada\\\/\"},{\"@type\":\"ListItem\",\"position\":3,\"name\":\"Excursiones de un d\u00eda\",\"item\":\"https:\\\/\\\/walkingranada.com\\\/que-hacer-en-granada\\\/excursiones\\\/\"},{\"@type\":\"ListItem\",\"position\":4,\"name\":\"C\u00f3rdoba\"}]},{\"@type\":\"WebSite\",\"@id\":\"https:\\\/\\\/walkingranada.com\\\/#website\",\"url\":\"https:\\\/\\\/walkingranada.com\\\/\",\"name\":\"Walk in Granada\",\"description\":\"Turismo responsable\",\"publisher\":{\"@id\":\"https:\\\/\\\/walkingranada.com\\\/#organization\"},\"alternateName\":\"Walk in Granada\",\"potentialAction\":[{\"@type\":\"SearchAction\",\"target\":{\"@type\":\"EntryPoint\",\"urlTemplate\":\"https:\\\/\\\/walkingranada.com\\\/?s={search_term_string}\"},\"query-input\":{\"@type\":\"PropertyValueSpecification\",\"valueRequired\":true,\"valueName\":\"search_term_string\"}}],\"inLanguage\":\"fr-FR\"},{\"@type\":\"Organization\",\"@id\":\"https:\\\/\\\/walkingranada.com\\\/#organization\",\"name\":\"Walk In Granada\",\"alternateName\":\"Walk In Granada\",\"url\":\"https:\\\/\\\/walkingranada.com\\\/\",\"logo\":{\"@type\":\"ImageObject\",\"inLanguage\":\"fr-FR\",\"@id\":\"https:\\\/\\\/walkingranada.com\\\/#\\\/schema\\\/logo\\\/image\\\/\",\"url\":\"https:\\\/\\\/walkingranada.com\\\/wp-content\\\/uploads\\\/2022\\\/12\\\/Logo-Walking.webp\",\"contentUrl\":\"https:\\\/\\\/walkingranada.com\\\/wp-content\\\/uploads\\\/2022\\\/12\\\/Logo-Walking.webp\",\"width\":512,\"height\":512,\"caption\":\"Walk In Granada\"},\"image\":{\"@id\":\"https:\\\/\\\/walkingranada.com\\\/#\\\/schema\\\/logo\\\/image\\\/\"},\"sameAs\":[\"https:\\\/\\\/es-es.facebook.com\\\/walkingranadatour\\\/\",\"https:\\\/\\\/x.com\\\/walkingranada\",\"https:\\\/\\\/www.instagram.com\\\/walkingranada\\\/\"]}]}<\/script>\n<!-- \/ Yoast SEO plugin. -->","yoast_head_json":{"title":"Visitez Cordoue depuis Grenade - Walk in Granada","description":"Visitez Cordoue depuis Grenade accompagn\u00e9 d'un guide local. D\u00e9couvrez la magie de l'ancienne capitale du Califat de Cordoue.","robots":{"index":"index","follow":"follow","max-snippet":"max-snippet:-1","max-image-preview":"max-image-preview:large","max-video-preview":"max-video-preview:-1"},"canonical":"https:\/\/walkingranada.com\/fr\/que-faire-a-granada\/excursions\/cordoba\/","og_locale":"fr_FR","og_type":"article","og_title":"Visita C\u00f3rdoba desde Granada - Walk in Granada","og_description":"Visita C\u00f3rdoba desde Granada acompa\u00f1ado por un gu\u00eda local. Descubre la magia de la antigua capital del Califato de C\u00f3rdoba.","og_url":"https:\/\/walkingranada.com\/fr\/que-faire-a-granada\/excursions\/cordoba\/","og_site_name":"Walk in Granada","article_publisher":"https:\/\/es-es.facebook.com\/walkingranadatour\/","article_modified_time":"2025-04-01T14:24:54+00:00","og_image":[{"url":"https:\/\/walkingranada.com\/wp-content\/uploads\/2022\/12\/Mezquita-Cordoba.jpg.webp","type":"","width":"","height":""}],"twitter_card":"summary_large_image","twitter_site":"@walkingranada","twitter_misc":{"Dur\u00e9e de lecture estim\u00e9e":"3 minutes"},"schema":{"@context":"https:\/\/schema.org","@graph":[{"@type":"WebPage","@id":"https:\/\/walkingranada.com\/que-hacer-en-granada\/excursiones\/cordoba\/","url":"https:\/\/walkingranada.com\/que-hacer-en-granada\/excursiones\/cordoba\/","name":"Visitez Cordoue depuis Grenade - Walk in Granada","isPartOf":{"@id":"https:\/\/walkingranada.com\/#website"},"primaryImageOfPage":{"@id":"https:\/\/walkingranada.com\/que-hacer-en-granada\/excursiones\/cordoba\/#primaryimage"},"image":{"@id":"https:\/\/walkingranada.com\/que-hacer-en-granada\/excursiones\/cordoba\/#primaryimage"},"thumbnailUrl":"https:\/\/walkingranada.com\/wp-content\/uploads\/2022\/12\/Mezquita-Cordoba.jpg.webp","datePublished":"2022-10-27T09:03:27+00:00","dateModified":"2025-04-01T14:24:54+00:00","description":"Visitez Cordoue depuis Grenade accompagn\u00e9 d'un guide local. D\u00e9couvrez la magie de l'ancienne capitale du Califat de Cordoue.","breadcrumb":{"@id":"https:\/\/walkingranada.com\/que-hacer-en-granada\/excursiones\/cordoba\/#breadcrumb"},"inLanguage":"fr-FR","potentialAction":[{"@type":"ReadAction","target":["https:\/\/walkingranada.com\/que-hacer-en-granada\/excursiones\/cordoba\/"]}]},{"@type":"ImageObject","inLanguage":"fr-FR","@id":"https:\/\/walkingranada.com\/que-hacer-en-granada\/excursiones\/cordoba\/#primaryimage","url":"https:\/\/walkingranada.com\/wp-content\/uploads\/2022\/12\/Mezquita-Cordoba.jpg.webp","contentUrl":"https:\/\/walkingranada.com\/wp-content\/uploads\/2022\/12\/Mezquita-Cordoba.jpg.webp"},{"@type":"BreadcrumbList","@id":"https:\/\/walkingranada.com\/que-hacer-en-granada\/excursiones\/cordoba\/#breadcrumb","itemListElement":[{"@type":"ListItem","position":1,"name":"Portada","item":"https:\/\/walkingranada.com\/"},{"@type":"ListItem","position":2,"name":"Qu\u00e9 hacer en granada","item":"https:\/\/walkingranada.com\/que-hacer-en-granada\/"},{"@type":"ListItem","position":3,"name":"Excursiones de un d\u00eda","item":"https:\/\/walkingranada.com\/que-hacer-en-granada\/excursiones\/"},{"@type":"ListItem","position":4,"name":"C\u00f3rdoba"}]},{"@type":"WebSite","@id":"https:\/\/walkingranada.com\/#website","url":"https:\/\/walkingranada.com\/","name":"Walk in Granada","description":"Turismo responsable","publisher":{"@id":"https:\/\/walkingranada.com\/#organization"},"alternateName":"Walk in Granada","potentialAction":[{"@type":"SearchAction","target":{"@type":"EntryPoint","urlTemplate":"https:\/\/walkingranada.com\/?s={search_term_string}"},"query-input":{"@type":"PropertyValueSpecification","valueRequired":true,"valueName":"search_term_string"}}],"inLanguage":"fr-FR"},{"@type":"Organization","@id":"https:\/\/walkingranada.com\/#organization","name":"Walk In Granada","alternateName":"Walk In Granada","url":"https:\/\/walkingranada.com\/","logo":{"@type":"ImageObject","inLanguage":"fr-FR","@id":"https:\/\/walkingranada.com\/#\/schema\/logo\/image\/","url":"https:\/\/walkingranada.com\/wp-content\/uploads\/2022\/12\/Logo-Walking.webp","contentUrl":"https:\/\/walkingranada.com\/wp-content\/uploads\/2022\/12\/Logo-Walking.webp","width":512,"height":512,"caption":"Walk In Granada"},"image":{"@id":"https:\/\/walkingranada.com\/#\/schema\/logo\/image\/"},"sameAs":["https:\/\/es-es.facebook.com\/walkingranadatour\/","https:\/\/x.com\/walkingranada","https:\/\/www.instagram.com\/walkingranada\/"]}]}},"_links":{"self":[{"href":"https:\/\/walkingranada.com\/fr\/wp-json\/wp\/v2\/pages\/460","targetHints":{"allow":["GET"]}}],"collection":[{"href":"https:\/\/walkingranada.com\/fr\/wp-json\/wp\/v2\/pages"}],"about":[{"href":"https:\/\/walkingranada.com\/fr\/wp-json\/wp\/v2\/types\/page"}],"author":[{"embeddable":true,"href":"https:\/\/walkingranada.com\/fr\/wp-json\/wp\/v2\/users\/2"}],"replies":[{"embeddable":true,"href":"https:\/\/walkingranada.com\/fr\/wp-json\/wp\/v2\/comments?post=460"}],"version-history":[{"count":3,"href":"https:\/\/walkingranada.com\/fr\/wp-json\/wp\/v2\/pages\/460\/revisions"}],"predecessor-version":[{"id":6806,"href":"https:\/\/walkingranada.com\/fr\/wp-json\/wp\/v2\/pages\/460\/revisions\/6806"}],"up":[{"embeddable":true,"href":"https:\/\/walkingranada.com\/fr\/wp-json\/wp\/v2\/pages\/446"}],"wp:attachment":[{"href":"https:\/\/walkingranada.com\/fr\/wp-json\/wp\/v2\/media?parent=460"}],"curies":[{"name":"wp","href":"https:\/\/api.w.org\/{rel}","templated":true}]}}