{"id":458,"date":"2022-10-27T09:03:14","date_gmt":"2022-10-27T09:03:14","guid":{"rendered":"https:\/\/factum-omibu.es\/walkin\/?page_id=458"},"modified":"2025-04-01T14:31:12","modified_gmt":"2025-04-01T14:31:12","slug":"ronda","status":"publish","type":"page","link":"https:\/\/walkingranada.com\/fr\/que-hacer-en-granada\/excursiones\/ronda\/","title":{"rendered":"Ronda"},"content":{"rendered":"<p>Excursions d'une journ\u00e9e &gt; Ronda<\/p>\n\t<!-- FareHarbor calendar of item #180657 -->\n<h1>\n\t\tRonda depuis Granada\n\t<\/h1>\n\t<p class=\"translation-block\">Si vous cherchez une <strong>exp\u00e9rience unique en Espagne<\/strong>, ne manquez pas l'occasion de visiter la ville de <strong>Ronda<\/strong>. Situ\u00e9e dans la province de Malaga, Ronda est connue pour son <strong>emplacement \u00e9poustouflant au sommet d'un canyon<\/strong>, \u00eatre le berceau de la tauromachie moderne et ses origines celtiques.<\/p>\n<p class=\"translation-block\"><strong>Il s\u2019agit d\u2019une visite en petit groupe. Si vous souhaitez effectuer cette visite en format priv\u00e9, vous pouvez en faire la demande via notre section <\/strong><span class=\"red\"><a href=\"https:\/\/walkingranada.com\/fr\/visites-personnalisees\/\" target=\"_self\"> <strong class=\"red\">visites personnalis\u00e9es.<\/strong><\/a><\/span><\/p>\n<h2>\n\t\tExcursion \u00e0 Ronda depuis Granada\n\t<\/h2>\n\t\t\t\t<img decoding=\"async\" loading=\"lazy\" src=\"https:\/\/walkingranada.com\/wp-content\/uploads\/2022\/12\/Ronda.jpg.webp\" alt=\"Puente Nuevo, Ronda\" itemprop=\"image\" height=\"398\" width=\"711\" title=\"Ronda\" onerror=\"this.style.display='none'\"  \/>\n\t<p class=\"translation-block\"><strong>Ronda<\/strong> est une ville du sud de l'Espagne, en Andalousie, que vous ne pouvez pas manquer. Elle est connue pour son <strong>paysage montagneux impressionnant et son patrimoine culturel et historique.<\/strong><\/p>\n<p class=\"translation-block\">Consid\u00e9r\u00e9e comme la <strong>berceau de la tauromachie<\/strong>, \u00e0 <strong>Ronda<\/strong>, vous trouverez l'une des ar\u00e8nes les plus anciennes et les plus c\u00e9l\u00e8bres d'Espagne, la <strong>Real Maestranza<\/strong>. Construite en 1785, elle est connue pour son design unique et son histoire dans la tauromachie, car les meilleurs toreros de l'histoire ont combattu ici.<\/p>\n\t<p class=\"translation-block\">Mais sans aucun doute, la destination la plus populaire de <strong>Ronda<\/strong> est son embl\u00e9matique <strong>Pont Neuf<\/strong> : un grand pont en pierre construit au milieu du <strong>XVIIIe si\u00e8cle<\/strong> qui enjambe le Tajo de Ronda, un profond canyon divisant la ville en deux. Du pont, vous pourrez profiter de vues \u00e0 couper le souffle sur le <strong>paysage montagneux et le fleuve Guadalev\u00edn<\/strong> qui coule au fond du canyon. Le pont a une hauteur d'environ 98 m\u00e8tres et pr\u00e9sente une structure impressionnante avec des <strong>arches en pierre et une tour au centre.<\/strong><\/p>\n<p class=\"translation-block\">La ville poss\u00e8de \u00e9galement un impressionnant <strong>patrimoine historique<\/strong>, comprenant l'<strong>Alameda del Tajo<\/strong>, un jardin public avec des vues imprenables, le <strong>Palais de Mondrag\u00f3n<\/strong>, l'<strong>\u00e9glise de Santa Mar\u00eda la Mayor et la Maison du Roi Maure.<\/strong> La nature environnante de <strong>Ronda<\/strong>, riche en origines celtiques, contribue \u00e0 faire de la ville la cit\u00e9 r\u00eav\u00e9e.<\/p>\n<p class=\"translation-block\">En ce qui concerne sa gastronomie, la ville est connue pour sa <strong>production de vin<\/strong>, en particulier pour ses vins rouges et sucr\u00e9s.<\/p>\n<p class=\"translation-block\">Pendant votre visite \u00e0 <strong>Ronda<\/strong>, l'un de nos guides vous accompagnera en permanence, fournissant des informations pr\u00e9cieuses sur les acc\u00e8s, les provinces de Grenade et de Malaga, ainsi que sur notre histoire riche et nos coutumes. N'attendez plus et r\u00e9servez d\u00e8s maintenant votre voyage \u00e0 <strong>Ronda<\/strong> avec nous !<\/p>\n<h2>\n\t\tPoint de rencontre\n\t<\/h2>\n\t<p><strong>Place Mariana Pineda<\/strong><\/p>\n\t<p>Avez-vous besoin d'indications pour vous y rendre ?<\/p>\n\t\t\t<a href=\"#reserva\" target=\"_self\">\n\t\t\t\t\t\t\tR\u00e9server &gt;\n\t\t\t\t\t<\/a>\n\t\t\t<a href=\"https:\/\/goo.gl\/maps\/S8LCwLLRQArti4X98\" target=\"_self\">\n\t\t\t\t\t\t\tVoir carte &gt;\n\t\t\t\t\t<\/a>\n<h2>\n\t\tCe que vous allez visiter\n\t<\/h2>\n\t<ul>\n<li>Une ville embl\u00e9matique de l'Andalousie, la troisi\u00e8me plus visit\u00e9e.<\/li>\n<li>D\u00e9couvrez la culture et la nature.<\/li>\n<li>Tour panoramique de la ville.<\/li>\n<\/ul>\n<h2>\n\t\tCe qui est inclus dans la visite\n\t<\/h2>\n\t<ul>\n<li>Guide local<\/li>\n<li>Visite guid\u00e9e<\/li>\n<li>Transport<\/li>\n<\/ul>\n<h2>\n\t\tCe que la visite ne comprend pas\n\t<\/h2>\n\t<ul>\n<li aria-level=\"1\">Nourriture et boisson<\/li>\n<\/ul>\n<h2>\n\t\tAutres consid\u00e9rations\n\t<\/h2>\n\tIl est essentiel d'\u00eatre au point de rencontre \u00e0 l'heure indiqu\u00e9e, faute de quoi vous perdrez le droit de participer \u00e0 la visite et le remboursement du prix de la visite.<br \/>\nDans le cas de visites avec des enfants, l'\u00e2ge des enfants doit \u00eatre indiqu\u00e9 \u00e0 l'avance.\n<h2>\n\t\tTambi\u00e9n puedes reservar nuestros otros servicios&#8230;\n\t<\/h2>\n\t<a href=\"https:\/\/walkingranada.com\/fr\/que-faire-a-granada\/flamenco\/\" target=\"_self\"><\/a>\t\t\t<img decoding=\"async\" loading=\"lazy\" alt=\"bailaora flamenca\" src=\"https:\/\/walkingranada.com\/wp-content\/uploads\/2022\/10\/Rectangle-42.png\"\/>\n\t\t<h3>Flamenco<\/h3>\n\t<a href=\"https:\/\/walkingranada.com\/fr\/que-faire-a-granada\/hammam-al-andalus\/\" target=\"_self\"><\/a>\t\t\t<img decoding=\"async\" loading=\"lazy\" alt=\"ba\u00f1os \u00e1rabes\" src=\"https:\/\/walkingranada.com\/wp-content\/uploads\/2022\/10\/Rectangle-43.png\"\/>\n\t\t<h3>Hammam <br \/>Al-\u00e1ndalus<\/h3>\n\t<a href=\"https:\/\/walkingranada.com\/fr\/que-faire-a-granada\/excursions\/\" target=\"_self\"><\/a>\t\t\t<img decoding=\"async\" loading=\"lazy\" alt=\"mezquita de c\u00f3rdoba\" src=\"https:\/\/walkingranada.com\/wp-content\/uploads\/2022\/10\/Rectangle-45.png\"\/>\n\t\t<h3>excursions <br \/>d\u2019une journ\u00e9e<\/h3>\n\t<a href=\"https:\/\/walkingranada.com\/fr\/que-faire-a-granada\/route-olfactif\/\" target=\"_self\"><\/a>\t\t\t<img decoding=\"async\" loading=\"lazy\" alt=\"imagen de una chica joven\" src=\"https:\/\/walkingranada.com\/wp-content\/uploads\/2022\/10\/Rectangle-38.png\"\/>\n\t\t<h3>Route olfactif<\/h3>","protected":false},"excerpt":{"rendered":"<p>Excursiones &gt; Ronda Ronda desde Granada Si buscas una experiencia \u00fanica en Espa\u00f1a, no dejes pasar la oportunidad de visitar la ciudad de Ronda. Situada en la provincia de M\u00e1laga, Ronda es conocida por su impresionante ubicaci\u00f3n en lo alto de un desfiladero, por ser el hogar de la tauromaquia moderna y por sus or\u00edgenes &#8230; <a title=\"Ronda\" class=\"read-more\" href=\"https:\/\/walkingranada.com\/fr\/que-hacer-en-granada\/excursiones\/ronda\/\" aria-label=\"En savoir plus sur Ronda\">Lire la suite<\/a><\/p>","protected":false},"author":2,"featured_media":0,"parent":446,"menu_order":0,"comment_status":"closed","ping_status":"closed","template":"","meta":{"footnotes":""},"class_list":["post-458","page","type-page","status-publish"],"yoast_head":"<!-- This site is optimized with the Yoast SEO plugin v27.5 - https:\/\/yoast.com\/product\/yoast-seo-wordpress\/ -->\n<title>Visita Ronda desde Granada - Walk in Granada<\/title>\n<meta name=\"description\" content=\"Visita el emblem\u00e1tico pueblo de Ronda desde Granada. Considerado uno de los pueblos m\u00e1s bellos del mundo, sobrecoge a los visitantes.\" \/>\n<meta name=\"robots\" content=\"index, follow, max-snippet:-1, max-image-preview:large, max-video-preview:-1\" \/>\n<link rel=\"canonical\" href=\"https:\/\/walkingranada.com\/fr\/que-faire-a-granada\/excursions\/ronda\/\" \/>\n<meta property=\"og:locale\" content=\"fr_FR\" \/>\n<meta property=\"og:type\" content=\"article\" \/>\n<meta property=\"og:title\" content=\"Visita Ronda desde Granada - Walk in Granada\" \/>\n<meta property=\"og:description\" content=\"Visita el emblem\u00e1tico pueblo de Ronda desde Granada. Considerado uno de los pueblos m\u00e1s bellos del mundo, sobrecoge a los visitantes.\" \/>\n<meta property=\"og:url\" content=\"https:\/\/walkingranada.com\/fr\/que-faire-a-granada\/excursions\/ronda\/\" \/>\n<meta property=\"og:site_name\" content=\"Walk in Granada\" \/>\n<meta property=\"article:publisher\" content=\"https:\/\/es-es.facebook.com\/walkingranadatour\/\" \/>\n<meta property=\"article:modified_time\" content=\"2025-04-01T14:31:12+00:00\" \/>\n<meta property=\"og:image\" content=\"https:\/\/walkingranada.com\/wp-content\/uploads\/2022\/12\/Ronda.jpg.webp\" \/>\n<meta name=\"twitter:card\" content=\"summary_large_image\" \/>\n<meta name=\"twitter:site\" content=\"@walkingranada\" \/>\n<meta name=\"twitter:label1\" content=\"Dur\u00e9e de lecture estim\u00e9e\" \/>\n\t<meta name=\"twitter:data1\" content=\"3 minutes\" \/>\n<script type=\"application\/ld+json\" class=\"yoast-schema-graph\">{\"@context\":\"https:\\\/\\\/schema.org\",\"@graph\":[{\"@type\":\"WebPage\",\"@id\":\"https:\\\/\\\/walkingranada.com\\\/fr\\\/que-faire-a-granada\\\/excursions\\\/ronda\\\/\",\"url\":\"https:\\\/\\\/walkingranada.com\\\/fr\\\/que-faire-a-granada\\\/excursions\\\/ronda\\\/\",\"name\":\"Visita Ronda desde Granada - Walk in Granada\",\"isPartOf\":{\"@id\":\"https:\\\/\\\/walkingranada.com\\\/#website\"},\"primaryImageOfPage\":{\"@id\":\"https:\\\/\\\/walkingranada.com\\\/fr\\\/que-faire-a-granada\\\/excursions\\\/ronda\\\/#primaryimage\"},\"image\":{\"@id\":\"https:\\\/\\\/walkingranada.com\\\/fr\\\/que-faire-a-granada\\\/excursions\\\/ronda\\\/#primaryimage\"},\"thumbnailUrl\":\"https:\\\/\\\/walkingranada.com\\\/wp-content\\\/uploads\\\/2022\\\/12\\\/Ronda.jpg.webp\",\"datePublished\":\"2022-10-27T09:03:14+00:00\",\"dateModified\":\"2025-04-01T14:31:12+00:00\",\"description\":\"Visita el emblem\u00e1tico pueblo de Ronda desde Granada. Considerado uno de los pueblos m\u00e1s bellos del mundo, sobrecoge a los visitantes.\",\"breadcrumb\":{\"@id\":\"https:\\\/\\\/walkingranada.com\\\/fr\\\/que-faire-a-granada\\\/excursions\\\/ronda\\\/#breadcrumb\"},\"inLanguage\":\"fr-FR\",\"potentialAction\":[{\"@type\":\"ReadAction\",\"target\":[\"https:\\\/\\\/walkingranada.com\\\/fr\\\/que-faire-a-granada\\\/excursions\\\/ronda\\\/\"]}]},{\"@type\":\"ImageObject\",\"inLanguage\":\"fr-FR\",\"@id\":\"https:\\\/\\\/walkingranada.com\\\/fr\\\/que-faire-a-granada\\\/excursions\\\/ronda\\\/#primaryimage\",\"url\":\"https:\\\/\\\/walkingranada.com\\\/wp-content\\\/uploads\\\/2022\\\/12\\\/Ronda.jpg.webp\",\"contentUrl\":\"https:\\\/\\\/walkingranada.com\\\/wp-content\\\/uploads\\\/2022\\\/12\\\/Ronda.jpg.webp\"},{\"@type\":\"BreadcrumbList\",\"@id\":\"https:\\\/\\\/walkingranada.com\\\/fr\\\/que-faire-a-granada\\\/excursions\\\/ronda\\\/#breadcrumb\",\"itemListElement\":[{\"@type\":\"ListItem\",\"position\":1,\"name\":\"Portada\",\"item\":\"https:\\\/\\\/walkingranada.com\\\/\"},{\"@type\":\"ListItem\",\"position\":2,\"name\":\"Qu\u00e9 hacer en granada\",\"item\":\"https:\\\/\\\/walkingranada.com\\\/que-hacer-en-granada\\\/\"},{\"@type\":\"ListItem\",\"position\":3,\"name\":\"Excursiones de un d\u00eda\",\"item\":\"https:\\\/\\\/walkingranada.com\\\/que-hacer-en-granada\\\/excursiones\\\/\"},{\"@type\":\"ListItem\",\"position\":4,\"name\":\"Ronda\"}]},{\"@type\":\"WebSite\",\"@id\":\"https:\\\/\\\/walkingranada.com\\\/#website\",\"url\":\"https:\\\/\\\/walkingranada.com\\\/\",\"name\":\"Walk in Granada\",\"description\":\"Turismo responsable\",\"publisher\":{\"@id\":\"https:\\\/\\\/walkingranada.com\\\/#organization\"},\"alternateName\":\"Walk in Granada\",\"potentialAction\":[{\"@type\":\"SearchAction\",\"target\":{\"@type\":\"EntryPoint\",\"urlTemplate\":\"https:\\\/\\\/walkingranada.com\\\/?s={search_term_string}\"},\"query-input\":{\"@type\":\"PropertyValueSpecification\",\"valueRequired\":true,\"valueName\":\"search_term_string\"}}],\"inLanguage\":\"fr-FR\"},{\"@type\":\"Organization\",\"@id\":\"https:\\\/\\\/walkingranada.com\\\/#organization\",\"name\":\"Walk In Granada\",\"alternateName\":\"Walk In Granada\",\"url\":\"https:\\\/\\\/walkingranada.com\\\/\",\"logo\":{\"@type\":\"ImageObject\",\"inLanguage\":\"fr-FR\",\"@id\":\"https:\\\/\\\/walkingranada.com\\\/#\\\/schema\\\/logo\\\/image\\\/\",\"url\":\"https:\\\/\\\/walkingranada.com\\\/wp-content\\\/uploads\\\/2022\\\/12\\\/Logo-Walking.webp\",\"contentUrl\":\"https:\\\/\\\/walkingranada.com\\\/wp-content\\\/uploads\\\/2022\\\/12\\\/Logo-Walking.webp\",\"width\":512,\"height\":512,\"caption\":\"Walk In Granada\"},\"image\":{\"@id\":\"https:\\\/\\\/walkingranada.com\\\/#\\\/schema\\\/logo\\\/image\\\/\"},\"sameAs\":[\"https:\\\/\\\/es-es.facebook.com\\\/walkingranadatour\\\/\",\"https:\\\/\\\/x.com\\\/walkingranada\",\"https:\\\/\\\/www.instagram.com\\\/walkingranada\\\/\"]}]}<\/script>\n<!-- \/ Yoast SEO plugin. -->","yoast_head_json":{"title":"Visitez Ronda depuis Grenade - Walk in Granada","description":"Visitez la ville embl\u00e9matique de Ronda depuis Grenade. Consid\u00e9r\u00e9e comme l'une des plus belles villes du monde, elle subjugue les visiteurs.","robots":{"index":"index","follow":"follow","max-snippet":"max-snippet:-1","max-image-preview":"max-image-preview:large","max-video-preview":"max-video-preview:-1"},"canonical":"https:\/\/walkingranada.com\/fr\/que-faire-a-granada\/excursions\/ronda\/","og_locale":"fr_FR","og_type":"article","og_title":"Visita Ronda desde Granada - Walk in Granada","og_description":"Visita el emblem\u00e1tico pueblo de Ronda desde Granada. Considerado uno de los pueblos m\u00e1s bellos del mundo, sobrecoge a los visitantes.","og_url":"https:\/\/walkingranada.com\/fr\/que-faire-a-granada\/excursions\/ronda\/","og_site_name":"Walk in Granada","article_publisher":"https:\/\/es-es.facebook.com\/walkingranadatour\/","article_modified_time":"2025-04-01T14:31:12+00:00","og_image":[{"url":"https:\/\/walkingranada.com\/wp-content\/uploads\/2022\/12\/Ronda.jpg.webp","type":"","width":"","height":""}],"twitter_card":"summary_large_image","twitter_site":"@walkingranada","twitter_misc":{"Dur\u00e9e de lecture estim\u00e9e":"3 minutes"},"schema":{"@context":"https:\/\/schema.org","@graph":[{"@type":"WebPage","@id":"https:\/\/walkingranada.com\/fr\/que-faire-a-granada\/excursions\/ronda\/","url":"https:\/\/walkingranada.com\/fr\/que-faire-a-granada\/excursions\/ronda\/","name":"Visitez Ronda depuis Grenade - Walk in Granada","isPartOf":{"@id":"https:\/\/walkingranada.com\/#website"},"primaryImageOfPage":{"@id":"https:\/\/walkingranada.com\/fr\/que-faire-a-granada\/excursions\/ronda\/#primaryimage"},"image":{"@id":"https:\/\/walkingranada.com\/fr\/que-faire-a-granada\/excursions\/ronda\/#primaryimage"},"thumbnailUrl":"https:\/\/walkingranada.com\/wp-content\/uploads\/2022\/12\/Ronda.jpg.webp","datePublished":"2022-10-27T09:03:14+00:00","dateModified":"2025-04-01T14:31:12+00:00","description":"Visitez la ville embl\u00e9matique de Ronda depuis Grenade. Consid\u00e9r\u00e9e comme l'une des plus belles villes du monde, elle subjugue les visiteurs.","breadcrumb":{"@id":"https:\/\/walkingranada.com\/fr\/que-faire-a-granada\/excursions\/ronda\/#breadcrumb"},"inLanguage":"fr-FR","potentialAction":[{"@type":"ReadAction","target":["https:\/\/walkingranada.com\/fr\/que-faire-a-granada\/excursions\/ronda\/"]}]},{"@type":"ImageObject","inLanguage":"fr-FR","@id":"https:\/\/walkingranada.com\/fr\/que-faire-a-granada\/excursions\/ronda\/#primaryimage","url":"https:\/\/walkingranada.com\/wp-content\/uploads\/2022\/12\/Ronda.jpg.webp","contentUrl":"https:\/\/walkingranada.com\/wp-content\/uploads\/2022\/12\/Ronda.jpg.webp"},{"@type":"BreadcrumbList","@id":"https:\/\/walkingranada.com\/fr\/que-faire-a-granada\/excursions\/ronda\/#breadcrumb","itemListElement":[{"@type":"ListItem","position":1,"name":"Portada","item":"https:\/\/walkingranada.com\/"},{"@type":"ListItem","position":2,"name":"Qu\u00e9 hacer en granada","item":"https:\/\/walkingranada.com\/que-hacer-en-granada\/"},{"@type":"ListItem","position":3,"name":"Excursiones de un d\u00eda","item":"https:\/\/walkingranada.com\/que-hacer-en-granada\/excursiones\/"},{"@type":"ListItem","position":4,"name":"Ronda"}]},{"@type":"WebSite","@id":"https:\/\/walkingranada.com\/#website","url":"https:\/\/walkingranada.com\/","name":"Walk in Granada","description":"Turismo responsable","publisher":{"@id":"https:\/\/walkingranada.com\/#organization"},"alternateName":"Walk in Granada","potentialAction":[{"@type":"SearchAction","target":{"@type":"EntryPoint","urlTemplate":"https:\/\/walkingranada.com\/?s={search_term_string}"},"query-input":{"@type":"PropertyValueSpecification","valueRequired":true,"valueName":"search_term_string"}}],"inLanguage":"fr-FR"},{"@type":"Organization","@id":"https:\/\/walkingranada.com\/#organization","name":"Walk In Granada","alternateName":"Walk In Granada","url":"https:\/\/walkingranada.com\/","logo":{"@type":"ImageObject","inLanguage":"fr-FR","@id":"https:\/\/walkingranada.com\/#\/schema\/logo\/image\/","url":"https:\/\/walkingranada.com\/wp-content\/uploads\/2022\/12\/Logo-Walking.webp","contentUrl":"https:\/\/walkingranada.com\/wp-content\/uploads\/2022\/12\/Logo-Walking.webp","width":512,"height":512,"caption":"Walk In Granada"},"image":{"@id":"https:\/\/walkingranada.com\/#\/schema\/logo\/image\/"},"sameAs":["https:\/\/es-es.facebook.com\/walkingranadatour\/","https:\/\/x.com\/walkingranada","https:\/\/www.instagram.com\/walkingranada\/"]}]}},"_links":{"self":[{"href":"https:\/\/walkingranada.com\/fr\/wp-json\/wp\/v2\/pages\/458","targetHints":{"allow":["GET"]}}],"collection":[{"href":"https:\/\/walkingranada.com\/fr\/wp-json\/wp\/v2\/pages"}],"about":[{"href":"https:\/\/walkingranada.com\/fr\/wp-json\/wp\/v2\/types\/page"}],"author":[{"embeddable":true,"href":"https:\/\/walkingranada.com\/fr\/wp-json\/wp\/v2\/users\/2"}],"replies":[{"embeddable":true,"href":"https:\/\/walkingranada.com\/fr\/wp-json\/wp\/v2\/comments?post=458"}],"version-history":[{"count":3,"href":"https:\/\/walkingranada.com\/fr\/wp-json\/wp\/v2\/pages\/458\/revisions"}],"predecessor-version":[{"id":6809,"href":"https:\/\/walkingranada.com\/fr\/wp-json\/wp\/v2\/pages\/458\/revisions\/6809"}],"up":[{"embeddable":true,"href":"https:\/\/walkingranada.com\/fr\/wp-json\/wp\/v2\/pages\/446"}],"wp:attachment":[{"href":"https:\/\/walkingranada.com\/fr\/wp-json\/wp\/v2\/media?parent=458"}],"curies":[{"name":"wp","href":"https:\/\/api.w.org\/{rel}","templated":true}]}}