{"id":456,"date":"2022-10-27T09:03:04","date_gmt":"2022-10-27T09:03:04","guid":{"rendered":"https:\/\/factum-omibu.es\/walkin\/?page_id=456"},"modified":"2025-08-06T06:23:17","modified_gmt":"2025-08-06T06:23:17","slug":"sierra-nevada","status":"publish","type":"page","link":"https:\/\/walkingranada.com\/fr\/que-hacer-en-granada\/excursiones\/sierra-nevada\/","title":{"rendered":"Sierra nevada"},"content":{"rendered":"<p>Excursions d'une journ\u00e9e &gt; Sierra Nevada<\/p>\n\t<!-- FareHarbor calendar of item #182812 -->\n<h1>\n\t\t\tSierra Nevada de Grenade\t<\/h1>\n\t<p>Parc naturel et national situ\u00e9 \u00e0 seulement quelques minutes du centre-ville de Grenade, la Sierra Nevada est l\u2019endroit id\u00e9al pour respirer l\u2019air pur, \u00e9couter le murmure des ruisseaux et profiter de la richesse naturelle de la cordill\u00e8re B\u00e9tique. Abritant plus d\u2019une centaine d\u2019esp\u00e8ces, la Sierra Nevada est l\u2019une des r\u00e9serves de biosph\u00e8re les plus riches en flore et en faune d\u2019Andalousie. Une exp\u00e9rience incontournable lors de votre passage dans la province.\u00a0<\/p>\n<p class=\"translation-block\"><strong>Il s\u2019agit d\u2019une visite en petit groupe. Si vous souhaitez effectuer cette visite en format priv\u00e9, vous pouvez en faire la demande via notre section <\/strong><span class=\"red\"><a href=\"https:\/\/walkingranada.com\/fr\/visites-personnalisees\/\" target=\"_self\"> <strong class=\"red\">visites personnalis\u00e9es.<\/strong><\/a><\/span><\/p>\n<h2>\n\t\t\tExcursion \u00e0 la Sierra Nevada au d\u00e9part de Grenade\t<\/h2>\n\t\t\t\t<img decoding=\"async\" src=\"https:\/\/walkingranada.com\/wp-content\/uploads\/2022\/12\/Sierra-Nevada-min.jpg.webp\" alt=\"Sierra Nevada\" itemprop=\"image\" height=\"398\" width=\"711\" title=\"Sierra Nevada\" onerror=\"this.style.display='none'\" loading=\"lazy\" \/>\n\t<p class=\"translation-block\">S\u2019immerger dans la nature apr\u00e8s moins d\u2019une heure de trajet depuis la ville est un plaisir que tout le monde devrait conna\u00eetre. Depuis le centre de Grenade, sur la place Mariana Pineda, nous partons pour une excursion vers la Sierra Nevada afin de d\u00e9couvrir <strong>l\u2019un des paysages les plus spectaculaires d\u2019Europe<\/strong>, accompagn\u00e9s d\u2019un guide sp\u00e9cialis\u00e9 dans la r\u00e9gion. Le d\u00e9paysement est garanti : notre guide ne se contentera pas de vous conduire \u00e0 travers les montagnes ou de vous faire d\u00e9couvrir sa flore, il partagera aussi toutes les anecdotes qui rendent ce lieu si captivant, comme son lien avec les Alpes et l\u2019Himalaya.<\/p>\n\t<p class=\"translation-block\">Cette randonn\u00e9e mod\u00e9r\u00e9e \u00e0 2 600 m\u00e8tres d\u2019altitude est une exp\u00e9rience sensorielle inoubliable. Le paysage vous enveloppera par les sons de l\u2019eau de haute montagne, ses cascades, le silence de ses lagunes et la pr\u00e9sence possible de neige. D\u00e9couvrir la Sierra Nevada, c\u2019est se laisser surprendre par tout ce que Grenade a \u00e0 offrir au-del\u00e0 de ses rues anim\u00e9es \u2014 une v\u00e9ritable \u00e9vasion pour les sens. Vous traverserez de <strong>magnifiques montagnes et vall\u00e9es<\/strong>, pour une exp\u00e9rience unique et passionnante, tant pour les amoureux de la nature que pour les amateurs d\u2019aventure.<\/p>\n<p class=\"translation-block\">Apr\u00e8s avoir quitt\u00e9 le centre-ville, si vous effectuez cette randonn\u00e9e en hiver ou jusqu\u2019au mois de mai, vous serez probablement accompagn\u00e9 de neige tout au long du parcours. Vous visiterez le c\u0153ur de la Sierra, o\u00f9 se trouve le <strong>Monument \u00e0 la Vierge des Neiges<\/strong>, au sommet du pic Veleta. Il s\u2019agit d\u2019une statue de la Vierge Marie situ\u00e9e \u00e0 plus de 3 000 m\u00e8tres d\u2019altitude, ce qui en fait l\u2019une des repr\u00e9sentations religieuses les plus hautes d\u2019Europe.<\/p>\n<p class=\"translation-block\">Nous emprunterons \u00e9galement le <strong>Chemin du Duc<\/strong>, une route qui traverse les paysages naturels de la Sierra de Hu\u00e9tor. Elle doit son nom au Duc de San Pedro de Galino, \u00e0 qui ces terres appartenaient au XVIIe si\u00e8cle.<\/p>\n<p class=\"translation-block\">Les mois les plus chauds offrent \u00e9galement un cadre impressionnant pour la randonn\u00e9e : les <strong>activit\u00e9s de plein air<\/strong> et la v\u00e9g\u00e9tation luxuriante \u00e9merveilleront tout autant, et les vues panoramiques de la r\u00e9gion sont tout simplement saisissantes.<\/p>\n<p class=\"translation-block\">Une excursion \u00e0 la Sierra Nevada est, en d\u00e9finitive, une <strong>opportunit\u00e9 unique<\/strong> pour d\u00e9couvrir la beaut\u00e9 naturelle de la r\u00e9gion. Que vous recherchiez la neige, l\u2019aventure ou simplement un moment de d\u00e9tente en pleine montagne, cette sortie a tout pour plaire.<\/p>\n<h2>\n\t\t\tPoint de rencontre\t<\/h2>\n\t<p><strong>Place de Las Descalzas, 3<\/strong><\/p>\n\t<p>Avez-vous besoin d'indications pour vous y rendre ?<\/p>\n\t\t\t<a href=\"#reserva\" target=\"_self\">\n\t\t\t\t\t\t\tR\u00e9server &gt;\n\t\t\t\t\t<\/a>\n\t\t\t<a href=\"https:\/\/maps.app.goo.gl\/pTs7AyQVYMfpdsCm8\" target=\"_blank\" rel=\"noopener\">\n\t\t\t\t\t\t\tVoir carte &gt;\n\t\t\t\t\t<\/a>\n<h2>\n\t\t\tPoints forts\t<\/h2>\n\t<ul>\n<li aria-level=\"1\">Randonn\u00e9e mod\u00e9r\u00e9e en haute montagne.<\/li>\n<li aria-level=\"1\">Visite interpr\u00e9t\u00e9e de l'\u00e9cosyst\u00e8me existant dans la Sierra Nevada. Un \u00e9cosyst\u00e8me unique.<\/li>\n<li aria-level=\"1\">Marche accompagn\u00e9e \u00e0 tout moment par un guide de montagne.<\/li>\n<\/ul>\n<h2>\n\t\t\tCe qui est inclus dans la visite\t<\/h2>\n\t<ul>\n<li aria-level=\"1\">Accompagnement d'un guide de montagne pendant toute la dur\u00e9e du circuit.<\/li>\n<li aria-level=\"1\">Transport<\/li>\n<\/ul>\n<h2>\n\t\t\tCe que la visite ne comprend pas\t<\/h2>\n\t<ul>\n<li aria-level=\"1\">Nourriture et boisson<\/li>\n<\/ul>\n<h2>\n\t\t\tAutres consid\u00e9rations\t<\/h2>\n\t<p>Il est essentiel d'\u00eatre au point de rencontre \u00e0 l'heure indiqu\u00e9e, faute de quoi vous perdrez le droit de participer \u00e0 la visite et le remboursement du prix de la visite.<\/p>\n<p>Dans les visites o\u00f9 il y a des enfants, vous devez indiquer leur \u00e2ge \u00e0 l'avance.<\/p>\n<h3>\n\t\t\tTambi\u00e9n puedes reservar nuestros otros servicios&#8230;\t<\/h3>\n\t<a href=\"https:\/\/walkingranada.com\/fr\/que-faire-a-granada\/flamenco\/\" target=\"_self\"><\/a>\t\t\t<img decoding=\"async\" loading=\"lazy\" alt=\"bailaora flamenca\" src=\"https:\/\/walkingranada.com\/wp-content\/uploads\/2022\/10\/Rectangle-42.png\"\/>\n\t\t<h3>Flamenco<\/h3>\n\t<a href=\"https:\/\/walkingranada.com\/fr\/que-faire-a-granada\/hammam-al-andalus\/\" target=\"_self\"><\/a>\t\t\t<img decoding=\"async\" loading=\"lazy\" alt=\"ba\u00f1os \u00e1rabes\" src=\"https:\/\/walkingranada.com\/wp-content\/uploads\/2022\/10\/Rectangle-43.png\"\/>\n\t\t<h3>Hammam <br \/>Al-\u00e1ndalus<\/h3>\n\t<a href=\"https:\/\/walkingranada.com\/fr\/que-faire-a-granada\/excursions\/\" target=\"_self\"><\/a>\t\t\t<img decoding=\"async\" loading=\"lazy\" alt=\"mezquita de c\u00f3rdoba\" src=\"https:\/\/walkingranada.com\/wp-content\/uploads\/2022\/10\/Rectangle-45.png\"\/>\n\t\t<h3>excursions <br \/>d\u2019une journ\u00e9e<\/h3>\n\t<a href=\"https:\/\/walkingranada.com\/fr\/que-faire-a-granada\/route-olfactif\/\" target=\"_self\"><\/a>\t\t\t<img decoding=\"async\" loading=\"lazy\" alt=\"imagen de una chica joven\" src=\"https:\/\/walkingranada.com\/wp-content\/uploads\/2022\/10\/Rectangle-38.png\"\/>\n\t\t<h3>Route olfactif<\/h3>","protected":false},"excerpt":{"rendered":"<p>Excursiones &gt; Sierra Nevada Sierra Nevada desde Granada Un parque natural y nacional, a tan solo minutos del centro de Granada, es el lugar ideal para llenar los pulmones de aire fresco, escuchar los arroyos y disfrutar de la diversidad que ofrece la naturaleza de la cordillera B\u00e9tica. Un sitio donde habitan m\u00e1s de un &#8230; <a title=\"Sierra nevada\" class=\"read-more\" href=\"https:\/\/walkingranada.com\/fr\/que-hacer-en-granada\/excursiones\/sierra-nevada\/\" aria-label=\"En savoir plus sur Sierra nevada\">Lire la suite<\/a><\/p>","protected":false},"author":2,"featured_media":0,"parent":446,"menu_order":0,"comment_status":"closed","ping_status":"closed","template":"","meta":{"footnotes":""},"class_list":["post-456","page","type-page","status-publish"],"yoast_head":"<!-- This site is optimized with the Yoast SEO plugin v27.5 - https:\/\/yoast.com\/product\/yoast-seo-wordpress\/ -->\n<title>Excursi\u00f3n a Sierra Nevada desde Granada - Walk in Granada<\/title>\n<meta name=\"description\" content=\"Sierra Nevada es un parque nacional con una riqueza natural y paisaj\u00edstica sin igual. Ad\u00e9ntrate en la sierra con un gu\u00eda profesional.\" \/>\n<meta name=\"robots\" content=\"index, follow, max-snippet:-1, max-image-preview:large, max-video-preview:-1\" \/>\n<link rel=\"canonical\" href=\"https:\/\/walkingranada.com\/fr\/que-faire-a-granada\/excursions\/sierra-nevada\/\" \/>\n<meta property=\"og:locale\" content=\"fr_FR\" \/>\n<meta property=\"og:type\" content=\"article\" \/>\n<meta property=\"og:title\" content=\"Excursi\u00f3n a Sierra Nevada desde Granada - Walk in Granada\" \/>\n<meta property=\"og:description\" content=\"Sierra Nevada es un parque nacional con una riqueza natural y paisaj\u00edstica sin igual. Ad\u00e9ntrate en la sierra con un gu\u00eda profesional.\" \/>\n<meta property=\"og:url\" content=\"https:\/\/walkingranada.com\/fr\/que-faire-a-granada\/excursions\/sierra-nevada\/\" \/>\n<meta property=\"og:site_name\" content=\"Walk in Granada\" \/>\n<meta property=\"article:publisher\" content=\"https:\/\/es-es.facebook.com\/walkingranadatour\/\" \/>\n<meta property=\"article:modified_time\" content=\"2025-08-06T06:23:17+00:00\" \/>\n<meta property=\"og:image\" content=\"https:\/\/walkingranada.com\/wp-content\/uploads\/2022\/12\/Sierra-Nevada-min.jpg.webp\" \/>\n<meta name=\"twitter:card\" content=\"summary_large_image\" \/>\n<meta name=\"twitter:site\" content=\"@walkingranada\" \/>\n<meta name=\"twitter:label1\" content=\"Dur\u00e9e de lecture estim\u00e9e\" \/>\n\t<meta name=\"twitter:data1\" content=\"3 minutes\" \/>\n<script type=\"application\/ld+json\" class=\"yoast-schema-graph\">{\"@context\":\"https:\\\/\\\/schema.org\",\"@graph\":[{\"@type\":\"WebPage\",\"@id\":\"https:\\\/\\\/walkingranada.com\\\/que-hacer-en-granada\\\/excursiones\\\/sierra-nevada\\\/\",\"url\":\"https:\\\/\\\/walkingranada.com\\\/que-hacer-en-granada\\\/excursiones\\\/sierra-nevada\\\/\",\"name\":\"Excursi\u00f3n a Sierra Nevada desde Granada - Walk in Granada\",\"isPartOf\":{\"@id\":\"https:\\\/\\\/walkingranada.com\\\/#website\"},\"primaryImageOfPage\":{\"@id\":\"https:\\\/\\\/walkingranada.com\\\/que-hacer-en-granada\\\/excursiones\\\/sierra-nevada\\\/#primaryimage\"},\"image\":{\"@id\":\"https:\\\/\\\/walkingranada.com\\\/que-hacer-en-granada\\\/excursiones\\\/sierra-nevada\\\/#primaryimage\"},\"thumbnailUrl\":\"https:\\\/\\\/walkingranada.com\\\/wp-content\\\/uploads\\\/2022\\\/12\\\/Sierra-Nevada-min.jpg.webp\",\"datePublished\":\"2022-10-27T09:03:04+00:00\",\"dateModified\":\"2025-08-06T06:23:17+00:00\",\"description\":\"Sierra Nevada es un parque nacional con una riqueza natural y paisaj\u00edstica sin igual. Ad\u00e9ntrate en la sierra con un gu\u00eda profesional.\",\"breadcrumb\":{\"@id\":\"https:\\\/\\\/walkingranada.com\\\/que-hacer-en-granada\\\/excursiones\\\/sierra-nevada\\\/#breadcrumb\"},\"inLanguage\":\"fr-FR\",\"potentialAction\":[{\"@type\":\"ReadAction\",\"target\":[\"https:\\\/\\\/walkingranada.com\\\/que-hacer-en-granada\\\/excursiones\\\/sierra-nevada\\\/\"]}]},{\"@type\":\"ImageObject\",\"inLanguage\":\"fr-FR\",\"@id\":\"https:\\\/\\\/walkingranada.com\\\/que-hacer-en-granada\\\/excursiones\\\/sierra-nevada\\\/#primaryimage\",\"url\":\"https:\\\/\\\/walkingranada.com\\\/wp-content\\\/uploads\\\/2022\\\/12\\\/Sierra-Nevada-min.jpg.webp\",\"contentUrl\":\"https:\\\/\\\/walkingranada.com\\\/wp-content\\\/uploads\\\/2022\\\/12\\\/Sierra-Nevada-min.jpg.webp\"},{\"@type\":\"BreadcrumbList\",\"@id\":\"https:\\\/\\\/walkingranada.com\\\/que-hacer-en-granada\\\/excursiones\\\/sierra-nevada\\\/#breadcrumb\",\"itemListElement\":[{\"@type\":\"ListItem\",\"position\":1,\"name\":\"Portada\",\"item\":\"https:\\\/\\\/walkingranada.com\\\/\"},{\"@type\":\"ListItem\",\"position\":2,\"name\":\"Qu\u00e9 hacer en granada\",\"item\":\"https:\\\/\\\/walkingranada.com\\\/que-hacer-en-granada\\\/\"},{\"@type\":\"ListItem\",\"position\":3,\"name\":\"Excursiones de un d\u00eda\",\"item\":\"https:\\\/\\\/walkingranada.com\\\/que-hacer-en-granada\\\/excursiones\\\/\"},{\"@type\":\"ListItem\",\"position\":4,\"name\":\"Sierra nevada\"}]},{\"@type\":\"WebSite\",\"@id\":\"https:\\\/\\\/walkingranada.com\\\/#website\",\"url\":\"https:\\\/\\\/walkingranada.com\\\/\",\"name\":\"Walk in Granada\",\"description\":\"Turismo responsable\",\"publisher\":{\"@id\":\"https:\\\/\\\/walkingranada.com\\\/#organization\"},\"alternateName\":\"Walk in Granada\",\"potentialAction\":[{\"@type\":\"SearchAction\",\"target\":{\"@type\":\"EntryPoint\",\"urlTemplate\":\"https:\\\/\\\/walkingranada.com\\\/?s={search_term_string}\"},\"query-input\":{\"@type\":\"PropertyValueSpecification\",\"valueRequired\":true,\"valueName\":\"search_term_string\"}}],\"inLanguage\":\"fr-FR\"},{\"@type\":\"Organization\",\"@id\":\"https:\\\/\\\/walkingranada.com\\\/#organization\",\"name\":\"Walk In Granada\",\"alternateName\":\"Walk In Granada\",\"url\":\"https:\\\/\\\/walkingranada.com\\\/\",\"logo\":{\"@type\":\"ImageObject\",\"inLanguage\":\"fr-FR\",\"@id\":\"https:\\\/\\\/walkingranada.com\\\/#\\\/schema\\\/logo\\\/image\\\/\",\"url\":\"https:\\\/\\\/walkingranada.com\\\/wp-content\\\/uploads\\\/2022\\\/12\\\/Logo-Walking.webp\",\"contentUrl\":\"https:\\\/\\\/walkingranada.com\\\/wp-content\\\/uploads\\\/2022\\\/12\\\/Logo-Walking.webp\",\"width\":512,\"height\":512,\"caption\":\"Walk In Granada\"},\"image\":{\"@id\":\"https:\\\/\\\/walkingranada.com\\\/#\\\/schema\\\/logo\\\/image\\\/\"},\"sameAs\":[\"https:\\\/\\\/es-es.facebook.com\\\/walkingranadatour\\\/\",\"https:\\\/\\\/x.com\\\/walkingranada\",\"https:\\\/\\\/www.instagram.com\\\/walkingranada\\\/\"]}]}<\/script>\n<!-- \/ Yoast SEO plugin. -->","yoast_head_json":{"title":"Excursion \u00e0 Sierra Nevada depuis Grenade - Walk in Granada","description":"La Sierra Nevada est un parc national avec une richesse naturelle et paysag\u00e8re sans \u00e9gale. Aventurez-vous dans les montagnes avec un guide professionnel.","robots":{"index":"index","follow":"follow","max-snippet":"max-snippet:-1","max-image-preview":"max-image-preview:large","max-video-preview":"max-video-preview:-1"},"canonical":"https:\/\/walkingranada.com\/fr\/que-faire-a-granada\/excursions\/sierra-nevada\/","og_locale":"fr_FR","og_type":"article","og_title":"Excursi\u00f3n a Sierra Nevada desde Granada - Walk in Granada","og_description":"Sierra Nevada es un parque nacional con una riqueza natural y paisaj\u00edstica sin igual. Ad\u00e9ntrate en la sierra con un gu\u00eda profesional.","og_url":"https:\/\/walkingranada.com\/fr\/que-faire-a-granada\/excursions\/sierra-nevada\/","og_site_name":"Walk in Granada","article_publisher":"https:\/\/es-es.facebook.com\/walkingranadatour\/","article_modified_time":"2025-08-06T06:23:17+00:00","og_image":[{"url":"https:\/\/walkingranada.com\/wp-content\/uploads\/2022\/12\/Sierra-Nevada-min.jpg.webp","type":"","width":"","height":""}],"twitter_card":"summary_large_image","twitter_site":"@walkingranada","twitter_misc":{"Dur\u00e9e de lecture estim\u00e9e":"3 minutes"},"schema":{"@context":"https:\/\/schema.org","@graph":[{"@type":"WebPage","@id":"https:\/\/walkingranada.com\/que-hacer-en-granada\/excursiones\/sierra-nevada\/","url":"https:\/\/walkingranada.com\/que-hacer-en-granada\/excursiones\/sierra-nevada\/","name":"Excursion \u00e0 Sierra Nevada depuis Grenade - Walk in Granada","isPartOf":{"@id":"https:\/\/walkingranada.com\/#website"},"primaryImageOfPage":{"@id":"https:\/\/walkingranada.com\/que-hacer-en-granada\/excursiones\/sierra-nevada\/#primaryimage"},"image":{"@id":"https:\/\/walkingranada.com\/que-hacer-en-granada\/excursiones\/sierra-nevada\/#primaryimage"},"thumbnailUrl":"https:\/\/walkingranada.com\/wp-content\/uploads\/2022\/12\/Sierra-Nevada-min.jpg.webp","datePublished":"2022-10-27T09:03:04+00:00","dateModified":"2025-08-06T06:23:17+00:00","description":"La Sierra Nevada est un parc national avec une richesse naturelle et paysag\u00e8re sans \u00e9gale. Aventurez-vous dans les montagnes avec un guide professionnel.","breadcrumb":{"@id":"https:\/\/walkingranada.com\/que-hacer-en-granada\/excursiones\/sierra-nevada\/#breadcrumb"},"inLanguage":"fr-FR","potentialAction":[{"@type":"ReadAction","target":["https:\/\/walkingranada.com\/que-hacer-en-granada\/excursiones\/sierra-nevada\/"]}]},{"@type":"ImageObject","inLanguage":"fr-FR","@id":"https:\/\/walkingranada.com\/que-hacer-en-granada\/excursiones\/sierra-nevada\/#primaryimage","url":"https:\/\/walkingranada.com\/wp-content\/uploads\/2022\/12\/Sierra-Nevada-min.jpg.webp","contentUrl":"https:\/\/walkingranada.com\/wp-content\/uploads\/2022\/12\/Sierra-Nevada-min.jpg.webp"},{"@type":"BreadcrumbList","@id":"https:\/\/walkingranada.com\/que-hacer-en-granada\/excursiones\/sierra-nevada\/#breadcrumb","itemListElement":[{"@type":"ListItem","position":1,"name":"Portada","item":"https:\/\/walkingranada.com\/"},{"@type":"ListItem","position":2,"name":"Qu\u00e9 hacer en granada","item":"https:\/\/walkingranada.com\/que-hacer-en-granada\/"},{"@type":"ListItem","position":3,"name":"Excursiones de un d\u00eda","item":"https:\/\/walkingranada.com\/que-hacer-en-granada\/excursiones\/"},{"@type":"ListItem","position":4,"name":"Sierra nevada"}]},{"@type":"WebSite","@id":"https:\/\/walkingranada.com\/#website","url":"https:\/\/walkingranada.com\/","name":"Walk in Granada","description":"Turismo responsable","publisher":{"@id":"https:\/\/walkingranada.com\/#organization"},"alternateName":"Walk in Granada","potentialAction":[{"@type":"SearchAction","target":{"@type":"EntryPoint","urlTemplate":"https:\/\/walkingranada.com\/?s={search_term_string}"},"query-input":{"@type":"PropertyValueSpecification","valueRequired":true,"valueName":"search_term_string"}}],"inLanguage":"fr-FR"},{"@type":"Organization","@id":"https:\/\/walkingranada.com\/#organization","name":"Walk In Granada","alternateName":"Walk In Granada","url":"https:\/\/walkingranada.com\/","logo":{"@type":"ImageObject","inLanguage":"fr-FR","@id":"https:\/\/walkingranada.com\/#\/schema\/logo\/image\/","url":"https:\/\/walkingranada.com\/wp-content\/uploads\/2022\/12\/Logo-Walking.webp","contentUrl":"https:\/\/walkingranada.com\/wp-content\/uploads\/2022\/12\/Logo-Walking.webp","width":512,"height":512,"caption":"Walk In Granada"},"image":{"@id":"https:\/\/walkingranada.com\/#\/schema\/logo\/image\/"},"sameAs":["https:\/\/es-es.facebook.com\/walkingranadatour\/","https:\/\/x.com\/walkingranada","https:\/\/www.instagram.com\/walkingranada\/"]}]}},"_links":{"self":[{"href":"https:\/\/walkingranada.com\/fr\/wp-json\/wp\/v2\/pages\/456","targetHints":{"allow":["GET"]}}],"collection":[{"href":"https:\/\/walkingranada.com\/fr\/wp-json\/wp\/v2\/pages"}],"about":[{"href":"https:\/\/walkingranada.com\/fr\/wp-json\/wp\/v2\/types\/page"}],"author":[{"embeddable":true,"href":"https:\/\/walkingranada.com\/fr\/wp-json\/wp\/v2\/users\/2"}],"replies":[{"embeddable":true,"href":"https:\/\/walkingranada.com\/fr\/wp-json\/wp\/v2\/comments?post=456"}],"version-history":[{"count":6,"href":"https:\/\/walkingranada.com\/fr\/wp-json\/wp\/v2\/pages\/456\/revisions"}],"predecessor-version":[{"id":7055,"href":"https:\/\/walkingranada.com\/fr\/wp-json\/wp\/v2\/pages\/456\/revisions\/7055"}],"up":[{"embeddable":true,"href":"https:\/\/walkingranada.com\/fr\/wp-json\/wp\/v2\/pages\/446"}],"wp:attachment":[{"href":"https:\/\/walkingranada.com\/fr\/wp-json\/wp\/v2\/media?parent=456"}],"curies":[{"name":"wp","href":"https:\/\/api.w.org\/{rel}","templated":true}]}}