{"id":454,"date":"2022-10-27T09:02:51","date_gmt":"2022-10-27T09:02:51","guid":{"rendered":"https:\/\/factum-omibu.es\/walkin\/?page_id=454"},"modified":"2025-07-30T12:21:30","modified_gmt":"2025-07-30T12:21:30","slug":"alpujarra","status":"publish","type":"page","link":"https:\/\/walkingranada.com\/fr\/que-hacer-en-granada\/excursiones\/alpujarra\/","title":{"rendered":"Alpujarra"},"content":{"rendered":"<p>Excursions d'une journ\u00e9e &gt; Alpujarra<\/p>\r\n\t<!-- FareHarbor calendar of item #180985 --><br \/>\r\n\r\n<h1>\r\n\t\tVisite guid\u00e9e de l'Alpujarra\r\n\t<\/h1>\r\n\t<p>Aucun endroit dans toute l'Espagne ne fournit plus d'informations sur les derni\u00e8res ann\u00e9es des Maures dans la p\u00e9ninsule ib\u00e9rique que les Alpujarras \u00e0 Granada et Almeria. Une r\u00e9gion qui n'a re\u00e7u aucune influence chr\u00e9tienne depuis 1492, date de la reddition de la ville de Granada, jusqu'en 1570, date du d\u00e9cret d'expulsion des Maures du royaume d'Espagne, \u00e9tant le dernier bastion du royaume de Granada apr\u00e8s la chute de la capitale aux mains des Rois Catholiques.<\/p>\r\n<p class=\"translation-block\"><strong>Il s\u2019agit d\u2019une visite en petit groupe. Si vous souhaitez effectuer cette visite en format priv\u00e9, vous pouvez en faire la demande via notre section <\/strong><span class=\"red\"><a href=\"https:\/\/walkingranada.com\/fr\/visites-personnalisees\/\" target=\"_self\"> <strong class=\"red\">visites personnalis\u00e9es.<\/strong><\/a><\/span><\/p>\r\n<h2>\r\n\t\tExcursion dans l'Alpujarra au d\u00e9part de Granada\r\n\t<\/h2>\r\n\t\t\t\t<img decoding=\"async\" loading=\"lazy\" src=\"https:\/\/walkingranada.com\/wp-content\/uploads\/2025\/01\/alpujarra.jpg.webp\" alt=\"alpujarra\" itemprop=\"image\" height=\"398\" width=\"711\" title=\"alpujarra\" onerror=\"this.style.display='none'\"  \/>\r\n\t<p class=\"translation-block\">Notre excursion d'une journ\u00e9e \u00e0 <strong>La Alpujarra<\/strong> depuis Grenade couvre les principales villes de cette r\u00e9gion, avec une richesse non seulement historique, mais aussi naturelle, un endroit o\u00f9 l'architecture mauresque et nasride se m\u00eale \u00e0 la majest\u00e9 du <strong>Parc national de la Sierra Nevada<\/strong> lors d'un voyage \u00e0 travers des municipalit\u00e9s au caract\u00e8re unique.<\/p>\r\n<p>Des rues \u00e9troites entour\u00e9es de murs blanchis \u00e0 la chaux, des terrasses calcaires, des terres agricoles en partie d\u00e9limit\u00e9es par des balates, et un relief accident\u00e9 font de chacun de ces villages un v\u00e9ritable plaisir pour les visiteurs. Des environnements o\u00f9 le tourisme naturel coexiste avec l'agriculture et l'\u00e9levage les plus traditionnels, qui restent aujourd'hui encore des vestiges d'une \u00e9poque plus simple.<\/p>\r\n<p class=\"translation-block\">Le parcours part de Grenade et s'enfonce dans les montagnes, le premier municipalit\u00e9 visit\u00e9 servant de porte d'entr\u00e9e aux <strong>Alpujarras<\/strong>. <strong>Lanjar\u00f3n<\/strong>, o\u00f9 vous pourrez visiter le <strong>pont nasride de Tablate<\/strong> et le ch\u00e2teau nasride de cette municipalit\u00e9.<\/p>\r\n\t<p class=\"translation-block\">La visite se poursuit en voiture jusqu'au <strong>Mirador del Poqueira<\/strong>, un point de vue privil\u00e9gi\u00e9 d'o\u00f9 l'on peut observer une vue panoramique des municipalit\u00e9s de la <strong>Vall\u00e9e du Poqueira (Pampaneira, Bubi\u00f3n et Capileira)<\/strong>, couronn\u00e9es \u00e0 l'arri\u00e8re-plan par les <strong>Picos del Mulhac\u00e9n et Veleta<\/strong>, et surplombant la <strong>Vall\u00e9e du fleuve Guadalfeo<\/strong>. Un paysage spectaculaire o\u00f9 le visiteur pourra sans aucun doute capturer l'une des vues les plus \u00e9poustouflantes du voyage.<\/p>\r\n<p class=\"translation-block\">Le parcours se poursuit en explorant les villages de l'int\u00e9rieur de <strong>La Alpujarra<\/strong>, avec l'arr\u00eat suivant \u00e0 la <strong>Source Fuente Agria<\/strong>, \u00e0 mi-chemin entre <strong>P\u00f3rtugos et Busqu\u00edstar<\/strong>. \u00c0 cette source, vous pourrez visiter l'<strong>Ermitage de la Vierge des Douleurs<\/strong> et boire \u00e0 la fontaine des cinq becs. Il s'agit d'une source aux eaux acides en raison de sa forte teneur en fer. Curieusement, chaque bec fournit une concentration de fer diff\u00e9rente, le premier \u00e9tant tr\u00e8s doux et le dernier tr\u00e8s aigre.<\/p>\r\n<p class=\"translation-block\">Sous cette fontaine se trouve <strong>El Chorre\u00f3n<\/strong>, un espace am\u00e9nag\u00e9 en aire de pique-nique entour\u00e9 d'un paysage luxuriant, bord\u00e9 de peupliers et avec les murs rocheux enti\u00e8rement recouverts de foug\u00e8res.<\/p>\r\nTras la visita al Chorre\u00f3n volvemos por el camino hasta el municipio de <strong>Pitres<\/strong>, sobre el cual haremos una parada para visitar una de sus pedan\u00edas, <strong>Capilerilla.<\/strong> Un municipio poco transitado por turistas que conserva gran parte de la vida tradicional de <strong>la Alpujarra<\/strong>, y donde el visitante podr\u00e1 disfrutar de la arquitectura y modus vivendi local en su m\u00e1xima expresi\u00f3n.<br \/>\r\nNuestra ruta acaba en el <strong>Vall\u00e9e du Poqueira<\/strong>, concretamente en el m\u00e1s bajo de sus tres municipios, <strong>Pampaneira<\/strong>. Un enclave de alto inter\u00e9s tur\u00edstico donde el visitante dispondr\u00e1 de tiempo libre para pasear por esta bella localidad, conocida por su chocolate y considerado uno de los pueblos m\u00e1s bonitos de Espa\u00f1a. Desde aqu\u00ed parte adem\u00e1s una ruta circular de unos pocos kil\u00f3metros y f\u00e1cilmente transitable que recorre los municipios de <strong>Bubi\u00f3n y Capileira<\/strong> para volver a bajar a <strong>Pampaneira<\/strong> de nuevo.\r\n<h2>\r\n\t\tPoint de rencontre\r\n\t<\/h2>\r\n\t<p><strong>Place Mariana Pineda<\/strong><\/p>\r\n\t<p>Avez-vous besoin d'indications pour vous y rendre ?<\/p>\r\n\t\t\t<a href=\"#reserva\" target=\"_self\">\r\n\t\t\t\t\t\t\tR\u00e9server &gt;\r\n\t\t\t\t\t<\/a>\r\n\t\t\t<a href=\"https:\/\/goo.gl\/maps\/S8LCwLLRQArti4X98\" target=\"_self\">\r\n\t\t\t\t\t\t\tVoir carte &gt;\r\n\t\t\t\t\t<\/a>\r\n<h2>\r\n\t\tCe que vous allez visiter\r\n\t<\/h2>\r\n\t<ul>\r\n<li>Ch\u00e2teau de Lanjar\u00f3n<\/li>\r\n<li>Pont de Tablate<\/li>\r\n<li>Vall\u00e9e du Poqueira<\/li>\r\n<li>Source Fuente Agria<\/li>\r\n<li>Corre\u00f3n \u00e0 P\u00f3rtugos<\/li>\r\n<li>Pitres<\/li>\r\n<li>Capilerilla<\/li>\r\n<li>Pampaneira<\/li>\r\n<\/ul>\r\n<h2>\r\n\t\tCe qui est inclus dans la visite\r\n\t<\/h2>\r\n\t<ul>\r\n<li aria-level=\"1\">Transport en groupe de 7 personnes maximum<\/li>\r\n<li aria-level=\"1\">Guide local<\/li>\r\n<li aria-level=\"1\">Assurance voyage individuelle<\/li>\r\n<\/ul>\r\n<h2>\r\n\t\tCe que la visite ne comprend pas\r\n\t<\/h2>\r\n\t<ul>\r\n<li aria-level=\"1\">Nourriture et boisson<\/li>\r\n<\/ul>\r\n<h2>\r\n\t\tTambi\u00e9n puedes reservar nuestros otros servicios&#8230;\r\n\t<\/h2>\r\n\t<a href=\"https:\/\/walkingranada.com\/fr\/que-faire-a-granada\/flamenco\/\" target=\"_self\"><\/a>\t\t\t<img decoding=\"async\" loading=\"lazy\" alt=\"bailaora flamenca\" src=\"https:\/\/walkingranada.com\/wp-content\/uploads\/2022\/10\/Rectangle-42.png\"\/>\r\n\t\t<h3>Flamenco<\/h3>\r\n\t<a href=\"https:\/\/walkingranada.com\/fr\/que-faire-a-granada\/hammam-al-andalus\/\" target=\"_self\"><\/a>\t\t\t<img decoding=\"async\" loading=\"lazy\" alt=\"ba\u00f1os \u00e1rabes\" src=\"https:\/\/walkingranada.com\/wp-content\/uploads\/2022\/10\/Rectangle-43.png\"\/>\r\n\t\t<h3>Hammam <br \/>Al-\u00e1ndalus<\/h3>\r\n\t<a href=\"https:\/\/walkingranada.com\/fr\/que-faire-a-granada\/excursions\/\" target=\"_self\"><\/a>\t\t\t<img decoding=\"async\" loading=\"lazy\" alt=\"mezquita de c\u00f3rdoba\" src=\"https:\/\/walkingranada.com\/wp-content\/uploads\/2022\/10\/Rectangle-45.png\"\/>\r\n\t\t<h3>excursions <br \/>d\u2019une journ\u00e9e<\/h3>\r\n\t<a href=\"https:\/\/walkingranada.com\/fr\/que-faire-a-granada\/route-olfactif\/\" target=\"_self\"><\/a>\t\t\t<img decoding=\"async\" loading=\"lazy\" alt=\"imagen de una chica joven\" src=\"https:\/\/walkingranada.com\/wp-content\/uploads\/2022\/10\/Rectangle-38.png\"\/>\r\n\t\t<h3>Route olfactif<\/h3>","protected":false},"excerpt":{"rendered":"<p>Excursiones &gt; Alpujarra Visita guiada a la alpujarra Ning\u00fan enclave en toda la geograf\u00eda espa\u00f1ola aporta m\u00e1s informaci\u00f3n sobre los \u00faltimos a\u00f1os de los moriscos en la Pen\u00ednsula Ib\u00e9rica que las Alpujarras granadina y almeriense. Una regi\u00f3n que no recibi\u00f3 influencia Cristiana alguna desde 1492, cuando es rendida la ciudad de Granada, hasta 1570, cuando &#8230; <a title=\"Alpujarra\" class=\"read-more\" href=\"https:\/\/walkingranada.com\/fr\/que-hacer-en-granada\/excursiones\/alpujarra\/\" aria-label=\"En savoir plus sur Alpujarra\">Lire la suite<\/a><\/p>","protected":false},"author":2,"featured_media":0,"parent":446,"menu_order":0,"comment_status":"closed","ping_status":"closed","template":"","meta":{"footnotes":""},"class_list":["post-454","page","type-page","status-publish"],"yoast_head":"<!-- This site is optimized with the Yoast SEO plugin v27.4 - https:\/\/yoast.com\/product\/yoast-seo-wordpress\/ -->\n<title>Visitar la Alpujarra - Walk in Granada<\/title>\n<meta name=\"description\" content=\"La Alpujarra es un enclave donde el tiempo parece que se ha detenido. Descubre sus pueblos de paredes encaladas en plena Sierra Nevada.\" \/>\n<meta name=\"robots\" content=\"index, follow, max-snippet:-1, max-image-preview:large, max-video-preview:-1\" \/>\n<link rel=\"canonical\" href=\"https:\/\/walkingranada.com\/fr\/que-faire-a-granada\/excursions\/alpujarra\/\" \/>\n<meta property=\"og:locale\" content=\"fr_FR\" \/>\n<meta property=\"og:type\" content=\"article\" \/>\n<meta property=\"og:title\" content=\"Visitar la Alpujarra - Walk in Granada\" \/>\n<meta property=\"og:description\" content=\"La Alpujarra es un enclave donde el tiempo parece que se ha detenido. Descubre sus pueblos de paredes encaladas en plena Sierra Nevada.\" \/>\n<meta property=\"og:url\" content=\"https:\/\/walkingranada.com\/fr\/que-faire-a-granada\/excursions\/alpujarra\/\" \/>\n<meta property=\"og:site_name\" content=\"Walk in Granada\" \/>\n<meta property=\"article:publisher\" content=\"https:\/\/es-es.facebook.com\/walkingranadatour\/\" \/>\n<meta property=\"article:modified_time\" content=\"2025-07-30T12:21:30+00:00\" \/>\n<meta property=\"og:image\" content=\"https:\/\/walkingranada.com\/wp-content\/uploads\/2025\/01\/alpujarra.jpg.webp\" \/>\n<meta name=\"twitter:card\" content=\"summary_large_image\" \/>\n<meta name=\"twitter:site\" content=\"@walkingranada\" \/>\n<meta name=\"twitter:label1\" content=\"Dur\u00e9e de lecture estim\u00e9e\" \/>\n\t<meta name=\"twitter:data1\" content=\"5 minutes\" \/>\n<script type=\"application\/ld+json\" class=\"yoast-schema-graph\">{\"@context\":\"https:\\\/\\\/schema.org\",\"@graph\":[{\"@type\":\"WebPage\",\"@id\":\"https:\\\/\\\/walkingranada.com\\\/que-hacer-en-granada\\\/excursiones\\\/alpujarra\\\/\",\"url\":\"https:\\\/\\\/walkingranada.com\\\/que-hacer-en-granada\\\/excursiones\\\/alpujarra\\\/\",\"name\":\"Visitar la Alpujarra - Walk in Granada\",\"isPartOf\":{\"@id\":\"https:\\\/\\\/walkingranada.com\\\/#website\"},\"primaryImageOfPage\":{\"@id\":\"https:\\\/\\\/walkingranada.com\\\/que-hacer-en-granada\\\/excursiones\\\/alpujarra\\\/#primaryimage\"},\"image\":{\"@id\":\"https:\\\/\\\/walkingranada.com\\\/que-hacer-en-granada\\\/excursiones\\\/alpujarra\\\/#primaryimage\"},\"thumbnailUrl\":\"https:\\\/\\\/walkingranada.com\\\/wp-content\\\/uploads\\\/2025\\\/01\\\/alpujarra.jpg.webp\",\"datePublished\":\"2022-10-27T09:02:51+00:00\",\"dateModified\":\"2025-07-30T12:21:30+00:00\",\"description\":\"La Alpujarra es un enclave donde el tiempo parece que se ha detenido. Descubre sus pueblos de paredes encaladas en plena Sierra Nevada.\",\"breadcrumb\":{\"@id\":\"https:\\\/\\\/walkingranada.com\\\/que-hacer-en-granada\\\/excursiones\\\/alpujarra\\\/#breadcrumb\"},\"inLanguage\":\"fr-FR\",\"potentialAction\":[{\"@type\":\"ReadAction\",\"target\":[\"https:\\\/\\\/walkingranada.com\\\/que-hacer-en-granada\\\/excursiones\\\/alpujarra\\\/\"]}]},{\"@type\":\"ImageObject\",\"inLanguage\":\"fr-FR\",\"@id\":\"https:\\\/\\\/walkingranada.com\\\/que-hacer-en-granada\\\/excursiones\\\/alpujarra\\\/#primaryimage\",\"url\":\"https:\\\/\\\/walkingranada.com\\\/wp-content\\\/uploads\\\/2025\\\/01\\\/alpujarra.jpg.webp\",\"contentUrl\":\"https:\\\/\\\/walkingranada.com\\\/wp-content\\\/uploads\\\/2025\\\/01\\\/alpujarra.jpg.webp\"},{\"@type\":\"BreadcrumbList\",\"@id\":\"https:\\\/\\\/walkingranada.com\\\/que-hacer-en-granada\\\/excursiones\\\/alpujarra\\\/#breadcrumb\",\"itemListElement\":[{\"@type\":\"ListItem\",\"position\":1,\"name\":\"Portada\",\"item\":\"https:\\\/\\\/walkingranada.com\\\/\"},{\"@type\":\"ListItem\",\"position\":2,\"name\":\"Qu\u00e9 hacer en granada\",\"item\":\"https:\\\/\\\/walkingranada.com\\\/que-hacer-en-granada\\\/\"},{\"@type\":\"ListItem\",\"position\":3,\"name\":\"Excursiones de un d\u00eda\",\"item\":\"https:\\\/\\\/walkingranada.com\\\/que-hacer-en-granada\\\/excursiones\\\/\"},{\"@type\":\"ListItem\",\"position\":4,\"name\":\"Alpujarra\"}]},{\"@type\":\"WebSite\",\"@id\":\"https:\\\/\\\/walkingranada.com\\\/#website\",\"url\":\"https:\\\/\\\/walkingranada.com\\\/\",\"name\":\"Walk in Granada\",\"description\":\"Turismo responsable\",\"publisher\":{\"@id\":\"https:\\\/\\\/walkingranada.com\\\/#organization\"},\"alternateName\":\"Walk in Granada\",\"potentialAction\":[{\"@type\":\"SearchAction\",\"target\":{\"@type\":\"EntryPoint\",\"urlTemplate\":\"https:\\\/\\\/walkingranada.com\\\/?s={search_term_string}\"},\"query-input\":{\"@type\":\"PropertyValueSpecification\",\"valueRequired\":true,\"valueName\":\"search_term_string\"}}],\"inLanguage\":\"fr-FR\"},{\"@type\":\"Organization\",\"@id\":\"https:\\\/\\\/walkingranada.com\\\/#organization\",\"name\":\"Walk In Granada\",\"alternateName\":\"Walk In Granada\",\"url\":\"https:\\\/\\\/walkingranada.com\\\/\",\"logo\":{\"@type\":\"ImageObject\",\"inLanguage\":\"fr-FR\",\"@id\":\"https:\\\/\\\/walkingranada.com\\\/#\\\/schema\\\/logo\\\/image\\\/\",\"url\":\"https:\\\/\\\/walkingranada.com\\\/wp-content\\\/uploads\\\/2022\\\/12\\\/Logo-Walking.webp\",\"contentUrl\":\"https:\\\/\\\/walkingranada.com\\\/wp-content\\\/uploads\\\/2022\\\/12\\\/Logo-Walking.webp\",\"width\":512,\"height\":512,\"caption\":\"Walk In Granada\"},\"image\":{\"@id\":\"https:\\\/\\\/walkingranada.com\\\/#\\\/schema\\\/logo\\\/image\\\/\"},\"sameAs\":[\"https:\\\/\\\/es-es.facebook.com\\\/walkingranadatour\\\/\",\"https:\\\/\\\/x.com\\\/walkingranada\",\"https:\\\/\\\/www.instagram.com\\\/walkingranada\\\/\"]}]}<\/script>\n<!-- \/ Yoast SEO plugin. -->","yoast_head_json":{"title":"Visitez l'Alpujarra - Walk in Granada","description":"La Alpujarra est un endroit o\u00f9 le temps semble s'\u00eatre arr\u00eat\u00e9. D\u00e9couvrez ses villages aux murs blanchis \u00e0 la chaux au milieu de la Sierra Nevada.","robots":{"index":"index","follow":"follow","max-snippet":"max-snippet:-1","max-image-preview":"max-image-preview:large","max-video-preview":"max-video-preview:-1"},"canonical":"https:\/\/walkingranada.com\/fr\/que-faire-a-granada\/excursions\/alpujarra\/","og_locale":"fr_FR","og_type":"article","og_title":"Visitar la Alpujarra - Walk in Granada","og_description":"La Alpujarra es un enclave donde el tiempo parece que se ha detenido. Descubre sus pueblos de paredes encaladas en plena Sierra Nevada.","og_url":"https:\/\/walkingranada.com\/fr\/que-faire-a-granada\/excursions\/alpujarra\/","og_site_name":"Walk in Granada","article_publisher":"https:\/\/es-es.facebook.com\/walkingranadatour\/","article_modified_time":"2025-07-30T12:21:30+00:00","og_image":[{"url":"https:\/\/walkingranada.com\/wp-content\/uploads\/2025\/01\/alpujarra.jpg.webp","type":"","width":"","height":""}],"twitter_card":"summary_large_image","twitter_site":"@walkingranada","twitter_misc":{"Dur\u00e9e de lecture estim\u00e9e":"5 minutes"},"schema":{"@context":"https:\/\/schema.org","@graph":[{"@type":"WebPage","@id":"https:\/\/walkingranada.com\/que-hacer-en-granada\/excursiones\/alpujarra\/","url":"https:\/\/walkingranada.com\/que-hacer-en-granada\/excursiones\/alpujarra\/","name":"Visitez l'Alpujarra - Walk in Granada","isPartOf":{"@id":"https:\/\/walkingranada.com\/#website"},"primaryImageOfPage":{"@id":"https:\/\/walkingranada.com\/que-hacer-en-granada\/excursiones\/alpujarra\/#primaryimage"},"image":{"@id":"https:\/\/walkingranada.com\/que-hacer-en-granada\/excursiones\/alpujarra\/#primaryimage"},"thumbnailUrl":"https:\/\/walkingranada.com\/wp-content\/uploads\/2025\/01\/alpujarra.jpg.webp","datePublished":"2022-10-27T09:02:51+00:00","dateModified":"2025-07-30T12:21:30+00:00","description":"La Alpujarra est un endroit o\u00f9 le temps semble s'\u00eatre arr\u00eat\u00e9. D\u00e9couvrez ses villages aux murs blanchis \u00e0 la chaux au milieu de la Sierra Nevada.","breadcrumb":{"@id":"https:\/\/walkingranada.com\/que-hacer-en-granada\/excursiones\/alpujarra\/#breadcrumb"},"inLanguage":"fr-FR","potentialAction":[{"@type":"ReadAction","target":["https:\/\/walkingranada.com\/que-hacer-en-granada\/excursiones\/alpujarra\/"]}]},{"@type":"ImageObject","inLanguage":"fr-FR","@id":"https:\/\/walkingranada.com\/que-hacer-en-granada\/excursiones\/alpujarra\/#primaryimage","url":"https:\/\/walkingranada.com\/wp-content\/uploads\/2025\/01\/alpujarra.jpg.webp","contentUrl":"https:\/\/walkingranada.com\/wp-content\/uploads\/2025\/01\/alpujarra.jpg.webp"},{"@type":"BreadcrumbList","@id":"https:\/\/walkingranada.com\/que-hacer-en-granada\/excursiones\/alpujarra\/#breadcrumb","itemListElement":[{"@type":"ListItem","position":1,"name":"Portada","item":"https:\/\/walkingranada.com\/"},{"@type":"ListItem","position":2,"name":"Qu\u00e9 hacer en granada","item":"https:\/\/walkingranada.com\/que-hacer-en-granada\/"},{"@type":"ListItem","position":3,"name":"Excursiones de un d\u00eda","item":"https:\/\/walkingranada.com\/que-hacer-en-granada\/excursiones\/"},{"@type":"ListItem","position":4,"name":"Alpujarra"}]},{"@type":"WebSite","@id":"https:\/\/walkingranada.com\/#website","url":"https:\/\/walkingranada.com\/","name":"Walk in Granada","description":"Turismo responsable","publisher":{"@id":"https:\/\/walkingranada.com\/#organization"},"alternateName":"Walk in Granada","potentialAction":[{"@type":"SearchAction","target":{"@type":"EntryPoint","urlTemplate":"https:\/\/walkingranada.com\/?s={search_term_string}"},"query-input":{"@type":"PropertyValueSpecification","valueRequired":true,"valueName":"search_term_string"}}],"inLanguage":"fr-FR"},{"@type":"Organization","@id":"https:\/\/walkingranada.com\/#organization","name":"Walk In Granada","alternateName":"Walk In Granada","url":"https:\/\/walkingranada.com\/","logo":{"@type":"ImageObject","inLanguage":"fr-FR","@id":"https:\/\/walkingranada.com\/#\/schema\/logo\/image\/","url":"https:\/\/walkingranada.com\/wp-content\/uploads\/2022\/12\/Logo-Walking.webp","contentUrl":"https:\/\/walkingranada.com\/wp-content\/uploads\/2022\/12\/Logo-Walking.webp","width":512,"height":512,"caption":"Walk In Granada"},"image":{"@id":"https:\/\/walkingranada.com\/#\/schema\/logo\/image\/"},"sameAs":["https:\/\/es-es.facebook.com\/walkingranadatour\/","https:\/\/x.com\/walkingranada","https:\/\/www.instagram.com\/walkingranada\/"]}]}},"_links":{"self":[{"href":"https:\/\/walkingranada.com\/fr\/wp-json\/wp\/v2\/pages\/454","targetHints":{"allow":["GET"]}}],"collection":[{"href":"https:\/\/walkingranada.com\/fr\/wp-json\/wp\/v2\/pages"}],"about":[{"href":"https:\/\/walkingranada.com\/fr\/wp-json\/wp\/v2\/types\/page"}],"author":[{"embeddable":true,"href":"https:\/\/walkingranada.com\/fr\/wp-json\/wp\/v2\/users\/2"}],"replies":[{"embeddable":true,"href":"https:\/\/walkingranada.com\/fr\/wp-json\/wp\/v2\/comments?post=454"}],"version-history":[{"count":12,"href":"https:\/\/walkingranada.com\/fr\/wp-json\/wp\/v2\/pages\/454\/revisions"}],"predecessor-version":[{"id":6803,"href":"https:\/\/walkingranada.com\/fr\/wp-json\/wp\/v2\/pages\/454\/revisions\/6803"}],"up":[{"embeddable":true,"href":"https:\/\/walkingranada.com\/fr\/wp-json\/wp\/v2\/pages\/446"}],"wp:attachment":[{"href":"https:\/\/walkingranada.com\/fr\/wp-json\/wp\/v2\/media?parent=454"}],"curies":[{"name":"wp","href":"https:\/\/api.w.org\/{rel}","templated":true}]}}