{"id":450,"date":"2022-10-27T09:02:26","date_gmt":"2022-10-27T09:02:26","guid":{"rendered":"https:\/\/factum-omibu.es\/walkin\/?page_id=450"},"modified":"2025-07-30T12:26:51","modified_gmt":"2025-07-30T12:26:51","slug":"antequera-torcal","status":"publish","type":"page","link":"https:\/\/walkingranada.com\/fr\/que-hacer-en-granada\/excursiones\/antequera-torcal\/","title":{"rendered":"Antequera &#038; Torcal"},"content":{"rendered":"<p>Excursions d'une journ\u00e9e &gt; Antequera et Torcal<\/p>\r\n\t<!-- FareHarbor calendar of item #180668 -->\r\n<h1>\r\n\t\tVisite guid\u00e9e d'Antequera et Torcal\r\n\t<\/h1>\r\n\t<p>Antequera est le centre de l'Andalousie et une ville d'int\u00e9r\u00eat touristique international. Il a \u00e9t\u00e9 d\u00e9clar\u00e9 site du patrimoine mondial de l'UNESCO en 2016 et rev\u00eat une importance majeure dans la culture m\u00e9galithique du sud de l'Espagne.<\/p>\r\n<p class=\"translation-block\"><strong>Il s\u2019agit d\u2019une visite en petit groupe. Si vous souhaitez effectuer cette visite en format priv\u00e9, vous pouvez en faire la demande via notre section <\/strong><span class=\"red\"><a href=\"https:\/\/walkingranada.com\/fr\/visites-personnalisees\/\" target=\"_self\"> <strong class=\"red\">visites personnalis\u00e9es.<\/strong><\/a><\/span><\/p>\r\n<h2>\r\n\t\tExcursion \u00e0 Antequera et au Torcal depuis Granada\r\n\t<\/h2>\r\n\t\t\t\t<img decoding=\"async\" loading=\"lazy\" src=\"https:\/\/walkingranada.com\/wp-content\/uploads\/2022\/12\/antequera-y-el-torcal.jpg.webp\" alt=\"antequera y el torcal\" itemprop=\"image\" height=\"526\" width=\"1000\" title=\"antequera y el torcal\" onerror=\"this.style.display='none'\"  \/>\r\n\t<p>Con esta excursi\u00f3n podr\u00e1s visitar desde Grabad, La \u00ab<strong>Ciudad de las Iglesias<\/strong>\u00ab, como es conocida <strong>Antequera<\/strong>. El municipio aglutina un vasto patrimonio monumental e hist\u00f3rico-art\u00edstico con vestigios desde el megal\u00edtico hasta la edad contempor\u00e1nea y con elementos de inter\u00e9s de cada etapa hist\u00f3rica; los d\u00f3lmenes, las villas romanas, la impresionante <strong>alcazaba musulmana medieval<\/strong>, la <strong>\u00c9glise de Santa Maria<\/strong> de corte renacentista temprano o los numerosos templos barrocos con los que cuenta la ciudad.<\/p>\r\n\t<p class=\"translation-block\">Le surnom de \u00ab Ville des \u00c9glises \u00bb vient des 33 temples d\u2019<strong>Antequera<\/strong>, ce qui en fait la commune espagnole comptant le plus grand nombre d\u2019\u00e9glises par habitant.<\/p>\r\n<p class=\"translation-block\">La visite qui part de Grenade fait sa premi\u00e8re halte dans la ville d'<strong>Antequera<\/strong>, \u00e0 seulement 1,20 heure du centre de la capitale de Grenade. Dans la ville, vous parcourrez ses rues et ferez une pause \u00e0 <strong>La Colegiata de Santa Mar\u00eda<\/strong>, d'o\u00f9 vous pourrez profiter d'une vue impressionnante d'<strong>Antequera<\/strong>. Les visiteurs continueront \u00e0 explorer la ville et pourront profiter du <strong>Site Arch\u00e9ologique Romain<\/strong>, ainsi que de la <strong>Forteresse Arabe<\/strong>.<\/p>\r\n<p class=\"translation-block\">Une fois dans l'environnement naturel proche d'<strong>Antequera<\/strong>, les visiteurs arriveront au <strong>Site des Dolmens d'Antequera<\/strong>. Un espace naturel compos\u00e9 des <strong>Dolmens de Viera, Menga et du Tholos de El Romeral<\/strong>, ainsi que des zones naturelles du <strong>Rocher des Amoureux et El Torcal<\/strong>.<\/p>\r\n<p class=\"translation-block\">Le visiteur pourra profiter de l'espace naturel entourant <strong>La Pe\u00f1a<\/strong> et s'aventurer au c\u0153ur du <strong>Torcal<\/strong>, un paysage karstique d\u00e9clar\u00e9 site du patrimoine mondial. Ils pourront visiter les diff\u00e9rents dolmens de cette zone et explorer l'un des plus grands exemples de m\u00e9galithisme en Europe. De plus, ils pourront visiter des \u00e9tablissements pal\u00e9olithiques et n\u00e9olithiques de la r\u00e9gion.<\/p>\r\n<h2>\r\n\t\tPoint de rencontre\r\n\t<\/h2>\r\n\t<p><strong>Place Mariana Pineda<\/strong><\/p>\r\n\t<p>Avez-vous besoin d'indications pour vous y rendre ?<\/p>\r\n\t\t\t<a href=\"#reserva\" target=\"_self\">\r\n\t\t\t\t\t\t\tR\u00e9server &gt;\r\n\t\t\t\t\t<\/a>\r\n\t\t\t<a href=\"https:\/\/goo.gl\/maps\/S8LCwLLRQArti4X98\" target=\"_self\">\r\n\t\t\t\t\t\t\tVoir carte &gt;\r\n\t\t\t\t\t<\/a>\r\n<h2>\r\n\t\tCe que vous allez visiter\r\n\t<\/h2>\r\n\t<ul>\r\n<li>Site naturel du Torcal d'Antequera<\/li>\r\n<li>\u00c9tablissements pal\u00e9olithiques<\/li>\r\n<li>Antequera Vues de la Colegiate<\/li>\r\n<li>\u00c9glise de Santa Maria<\/li>\r\n<\/ul>\r\n<h2>\r\n\t\tCe qui est inclus dans la visite\r\n\t<\/h2>\r\n\t<ul>\r\n<li aria-level=\"1\">Guide de montagne sp\u00e9cialis\u00e9<\/li>\r\n<li aria-level=\"1\">Visite guid\u00e9e du Torcal et des \u00e9tablissements pal\u00e9olithiques<\/li>\r\n<li aria-level=\"1\">Transport depuis le centre de Granada et retour<\/li>\r\n<\/ul>\r\n<h2>\r\n\t\tCe que la visite ne comprend pas\r\n\t<\/h2>\r\n\t<ul>\r\n<li aria-level=\"1\">Nourriture et boisson<\/li>\r\n<\/ul>\r\n<h2>\r\n\t\tAutres consid\u00e9rations\r\n\t<\/h2>\r\n\t<p>L'itin\u00e9raire comprend des sections de randonn\u00e9e mod\u00e9r\u00e9e lorsqu'il entre dans le Torcal d'Antequera et la route des dolmens et des \u00e9tablissements. C'est pourquoi nous recommandons aux personnes \u00e0 mobilit\u00e9 r\u00e9duite et aux enfants de moins de 10 ans de ne pas assister \u00e0 l'\u00e9v\u00e9nement.<\/p>\r\n<h2>\r\n\t\tTambi\u00e9n puedes reservar nuestros otros servicios&#8230;\r\n\t<\/h2>\r\n\t<a href=\"https:\/\/walkingranada.com\/fr\/que-faire-a-granada\/flamenco\/\" target=\"_self\"><\/a>\t\t\t<img decoding=\"async\" loading=\"lazy\" alt=\"bailaora flamenca\" src=\"https:\/\/walkingranada.com\/wp-content\/uploads\/2022\/10\/Rectangle-42.png\"\/>\r\n\t\t<h3>Flamenco<\/h3>\r\n\t<a href=\"https:\/\/walkingranada.com\/fr\/que-faire-a-granada\/hammam-al-andalus\/\" target=\"_self\"><\/a>\t\t\t<img decoding=\"async\" loading=\"lazy\" alt=\"ba\u00f1os \u00e1rabes\" src=\"https:\/\/walkingranada.com\/wp-content\/uploads\/2022\/10\/Rectangle-43.png\"\/>\r\n\t\t<h3>Hammam <br \/>Al-\u00e1ndalus<\/h3>\r\n\t<a href=\"https:\/\/walkingranada.com\/fr\/que-faire-a-granada\/excursions\/\" target=\"_self\"><\/a>\t\t\t<img decoding=\"async\" loading=\"lazy\" alt=\"mezquita de c\u00f3rdoba\" src=\"https:\/\/walkingranada.com\/wp-content\/uploads\/2022\/10\/Rectangle-45.png\"\/>\r\n\t\t<h3>excursions <br \/>d\u2019une journ\u00e9e<\/h3>\r\n\t<a href=\"https:\/\/walkingranada.com\/fr\/que-faire-a-granada\/route-olfactif\/\" target=\"_self\"><\/a>\t\t\t<img decoding=\"async\" loading=\"lazy\" alt=\"imagen de una chica joven\" src=\"https:\/\/walkingranada.com\/wp-content\/uploads\/2022\/10\/Rectangle-38.png\"\/>\r\n\t\t<h3>Route olfactif<\/h3>","protected":false},"excerpt":{"rendered":"<p>Excursiones &gt; Antequera y el Torcal Visita guiada a Antequera y el Torcal Antequera es el centro de Andaluc\u00eda y una ciudad de un inter\u00e9s tur\u00edstico internacional. Declarada Patrimonio Mundial por la UNESCO en 2016 con una relevancia capital en la cultura megal\u00edtica del sur de Espa\u00f1a. Esta es una excursi\u00f3n en grupo reducido. Si &#8230; <a title=\"Antequera &#038; Torcal\" class=\"read-more\" href=\"https:\/\/walkingranada.com\/fr\/que-hacer-en-granada\/excursiones\/antequera-torcal\/\" aria-label=\"En savoir plus sur Antequera &#038; Torcal\">Lire la suite<\/a><\/p>","protected":false},"author":2,"featured_media":0,"parent":446,"menu_order":0,"comment_status":"closed","ping_status":"closed","template":"","meta":{"footnotes":""},"class_list":["post-450","page","type-page","status-publish"],"yoast_head":"<!-- This site is optimized with the Yoast SEO plugin v27.5 - https:\/\/yoast.com\/product\/yoast-seo-wordpress\/ -->\n<title>Antequera y Torcal - Walk in Granada<\/title>\n<meta name=\"description\" content=\"Descubre Antequera y el Torcal desde Granada en una visita sobre uno de los conjuntos paleol\u00edticos m\u00e1s antiguos del mundo.\" \/>\n<meta name=\"robots\" content=\"index, follow, max-snippet:-1, max-image-preview:large, max-video-preview:-1\" \/>\n<link rel=\"canonical\" href=\"https:\/\/walkingranada.com\/fr\/que-faire-a-granada\/excursions\/antequera-torcal\/\" \/>\n<meta property=\"og:locale\" content=\"fr_FR\" \/>\n<meta property=\"og:type\" content=\"article\" \/>\n<meta property=\"og:title\" content=\"Antequera y Torcal - Walk in Granada\" \/>\n<meta property=\"og:description\" content=\"Descubre Antequera y el Torcal desde Granada en una visita sobre uno de los conjuntos paleol\u00edticos m\u00e1s antiguos del mundo.\" \/>\n<meta property=\"og:url\" content=\"https:\/\/walkingranada.com\/fr\/que-faire-a-granada\/excursions\/antequera-torcal\/\" \/>\n<meta property=\"og:site_name\" content=\"Walk in Granada\" \/>\n<meta property=\"article:publisher\" content=\"https:\/\/es-es.facebook.com\/walkingranadatour\/\" \/>\n<meta property=\"article:modified_time\" content=\"2025-07-30T12:26:51+00:00\" \/>\n<meta property=\"og:image\" content=\"https:\/\/walkingranada.com\/wp-content\/uploads\/2022\/12\/antequera-y-el-torcal.jpg.webp\" \/>\n<meta name=\"twitter:card\" content=\"summary_large_image\" \/>\n<meta name=\"twitter:site\" content=\"@walkingranada\" \/>\n<meta name=\"twitter:label1\" content=\"Dur\u00e9e de lecture estim\u00e9e\" \/>\n\t<meta name=\"twitter:data1\" content=\"4 minutes\" \/>\n<script type=\"application\/ld+json\" class=\"yoast-schema-graph\">{\"@context\":\"https:\\\/\\\/schema.org\",\"@graph\":[{\"@type\":\"WebPage\",\"@id\":\"https:\\\/\\\/walkingranada.com\\\/que-hacer-en-granada\\\/excursiones\\\/antequera-torcal\\\/\",\"url\":\"https:\\\/\\\/walkingranada.com\\\/que-hacer-en-granada\\\/excursiones\\\/antequera-torcal\\\/\",\"name\":\"Antequera y Torcal - Walk in Granada\",\"isPartOf\":{\"@id\":\"https:\\\/\\\/walkingranada.com\\\/#website\"},\"primaryImageOfPage\":{\"@id\":\"https:\\\/\\\/walkingranada.com\\\/que-hacer-en-granada\\\/excursiones\\\/antequera-torcal\\\/#primaryimage\"},\"image\":{\"@id\":\"https:\\\/\\\/walkingranada.com\\\/que-hacer-en-granada\\\/excursiones\\\/antequera-torcal\\\/#primaryimage\"},\"thumbnailUrl\":\"https:\\\/\\\/walkingranada.com\\\/wp-content\\\/uploads\\\/2022\\\/12\\\/antequera-y-el-torcal.jpg.webp\",\"datePublished\":\"2022-10-27T09:02:26+00:00\",\"dateModified\":\"2025-07-30T12:26:51+00:00\",\"description\":\"Descubre Antequera y el Torcal desde Granada en una visita sobre uno de los conjuntos paleol\u00edticos m\u00e1s antiguos del mundo.\",\"breadcrumb\":{\"@id\":\"https:\\\/\\\/walkingranada.com\\\/que-hacer-en-granada\\\/excursiones\\\/antequera-torcal\\\/#breadcrumb\"},\"inLanguage\":\"fr-FR\",\"potentialAction\":[{\"@type\":\"ReadAction\",\"target\":[\"https:\\\/\\\/walkingranada.com\\\/que-hacer-en-granada\\\/excursiones\\\/antequera-torcal\\\/\"]}]},{\"@type\":\"ImageObject\",\"inLanguage\":\"fr-FR\",\"@id\":\"https:\\\/\\\/walkingranada.com\\\/que-hacer-en-granada\\\/excursiones\\\/antequera-torcal\\\/#primaryimage\",\"url\":\"https:\\\/\\\/walkingranada.com\\\/wp-content\\\/uploads\\\/2022\\\/12\\\/antequera-y-el-torcal.jpg.webp\",\"contentUrl\":\"https:\\\/\\\/walkingranada.com\\\/wp-content\\\/uploads\\\/2022\\\/12\\\/antequera-y-el-torcal.jpg.webp\"},{\"@type\":\"BreadcrumbList\",\"@id\":\"https:\\\/\\\/walkingranada.com\\\/que-hacer-en-granada\\\/excursiones\\\/antequera-torcal\\\/#breadcrumb\",\"itemListElement\":[{\"@type\":\"ListItem\",\"position\":1,\"name\":\"Portada\",\"item\":\"https:\\\/\\\/walkingranada.com\\\/\"},{\"@type\":\"ListItem\",\"position\":2,\"name\":\"Qu\u00e9 hacer en granada\",\"item\":\"https:\\\/\\\/walkingranada.com\\\/que-hacer-en-granada\\\/\"},{\"@type\":\"ListItem\",\"position\":3,\"name\":\"Excursiones de un d\u00eda\",\"item\":\"https:\\\/\\\/walkingranada.com\\\/que-hacer-en-granada\\\/excursiones\\\/\"},{\"@type\":\"ListItem\",\"position\":4,\"name\":\"Antequera &#038; Torcal\"}]},{\"@type\":\"WebSite\",\"@id\":\"https:\\\/\\\/walkingranada.com\\\/#website\",\"url\":\"https:\\\/\\\/walkingranada.com\\\/\",\"name\":\"Walk in Granada\",\"description\":\"Turismo responsable\",\"publisher\":{\"@id\":\"https:\\\/\\\/walkingranada.com\\\/#organization\"},\"alternateName\":\"Walk in Granada\",\"potentialAction\":[{\"@type\":\"SearchAction\",\"target\":{\"@type\":\"EntryPoint\",\"urlTemplate\":\"https:\\\/\\\/walkingranada.com\\\/?s={search_term_string}\"},\"query-input\":{\"@type\":\"PropertyValueSpecification\",\"valueRequired\":true,\"valueName\":\"search_term_string\"}}],\"inLanguage\":\"fr-FR\"},{\"@type\":\"Organization\",\"@id\":\"https:\\\/\\\/walkingranada.com\\\/#organization\",\"name\":\"Walk In Granada\",\"alternateName\":\"Walk In Granada\",\"url\":\"https:\\\/\\\/walkingranada.com\\\/\",\"logo\":{\"@type\":\"ImageObject\",\"inLanguage\":\"fr-FR\",\"@id\":\"https:\\\/\\\/walkingranada.com\\\/#\\\/schema\\\/logo\\\/image\\\/\",\"url\":\"https:\\\/\\\/walkingranada.com\\\/wp-content\\\/uploads\\\/2022\\\/12\\\/Logo-Walking.webp\",\"contentUrl\":\"https:\\\/\\\/walkingranada.com\\\/wp-content\\\/uploads\\\/2022\\\/12\\\/Logo-Walking.webp\",\"width\":512,\"height\":512,\"caption\":\"Walk In Granada\"},\"image\":{\"@id\":\"https:\\\/\\\/walkingranada.com\\\/#\\\/schema\\\/logo\\\/image\\\/\"},\"sameAs\":[\"https:\\\/\\\/es-es.facebook.com\\\/walkingranadatour\\\/\",\"https:\\\/\\\/x.com\\\/walkingranada\",\"https:\\\/\\\/www.instagram.com\\\/walkingranada\\\/\"]}]}<\/script>\n<!-- \/ Yoast SEO plugin. -->","yoast_head_json":{"title":"Antequera et Torcal - Walk in Granada","description":"D\u00e9couvrez Antequera et Torcal depuis Grenade lors d'une visite sur l'un des plus anciens sites pal\u00e9olithiques du monde.","robots":{"index":"index","follow":"follow","max-snippet":"max-snippet:-1","max-image-preview":"max-image-preview:large","max-video-preview":"max-video-preview:-1"},"canonical":"https:\/\/walkingranada.com\/fr\/que-faire-a-granada\/excursions\/antequera-torcal\/","og_locale":"fr_FR","og_type":"article","og_title":"Antequera y Torcal - Walk in Granada","og_description":"Descubre Antequera y el Torcal desde Granada en una visita sobre uno de los conjuntos paleol\u00edticos m\u00e1s antiguos del mundo.","og_url":"https:\/\/walkingranada.com\/fr\/que-faire-a-granada\/excursions\/antequera-torcal\/","og_site_name":"Walk in Granada","article_publisher":"https:\/\/es-es.facebook.com\/walkingranadatour\/","article_modified_time":"2025-07-30T12:26:51+00:00","og_image":[{"url":"https:\/\/walkingranada.com\/wp-content\/uploads\/2022\/12\/antequera-y-el-torcal.jpg.webp","type":"","width":"","height":""}],"twitter_card":"summary_large_image","twitter_site":"@walkingranada","twitter_misc":{"Dur\u00e9e de lecture estim\u00e9e":"4 minutes"},"schema":{"@context":"https:\/\/schema.org","@graph":[{"@type":"WebPage","@id":"https:\/\/walkingranada.com\/que-hacer-en-granada\/excursiones\/antequera-torcal\/","url":"https:\/\/walkingranada.com\/que-hacer-en-granada\/excursiones\/antequera-torcal\/","name":"Antequera et Torcal - Walk in Granada","isPartOf":{"@id":"https:\/\/walkingranada.com\/#website"},"primaryImageOfPage":{"@id":"https:\/\/walkingranada.com\/que-hacer-en-granada\/excursiones\/antequera-torcal\/#primaryimage"},"image":{"@id":"https:\/\/walkingranada.com\/que-hacer-en-granada\/excursiones\/antequera-torcal\/#primaryimage"},"thumbnailUrl":"https:\/\/walkingranada.com\/wp-content\/uploads\/2022\/12\/antequera-y-el-torcal.jpg.webp","datePublished":"2022-10-27T09:02:26+00:00","dateModified":"2025-07-30T12:26:51+00:00","description":"D\u00e9couvrez Antequera et Torcal depuis Grenade lors d'une visite sur l'un des plus anciens sites pal\u00e9olithiques du monde.","breadcrumb":{"@id":"https:\/\/walkingranada.com\/que-hacer-en-granada\/excursiones\/antequera-torcal\/#breadcrumb"},"inLanguage":"fr-FR","potentialAction":[{"@type":"ReadAction","target":["https:\/\/walkingranada.com\/que-hacer-en-granada\/excursiones\/antequera-torcal\/"]}]},{"@type":"ImageObject","inLanguage":"fr-FR","@id":"https:\/\/walkingranada.com\/que-hacer-en-granada\/excursiones\/antequera-torcal\/#primaryimage","url":"https:\/\/walkingranada.com\/wp-content\/uploads\/2022\/12\/antequera-y-el-torcal.jpg.webp","contentUrl":"https:\/\/walkingranada.com\/wp-content\/uploads\/2022\/12\/antequera-y-el-torcal.jpg.webp"},{"@type":"BreadcrumbList","@id":"https:\/\/walkingranada.com\/que-hacer-en-granada\/excursiones\/antequera-torcal\/#breadcrumb","itemListElement":[{"@type":"ListItem","position":1,"name":"Portada","item":"https:\/\/walkingranada.com\/"},{"@type":"ListItem","position":2,"name":"Qu\u00e9 hacer en granada","item":"https:\/\/walkingranada.com\/que-hacer-en-granada\/"},{"@type":"ListItem","position":3,"name":"Excursiones de un d\u00eda","item":"https:\/\/walkingranada.com\/que-hacer-en-granada\/excursiones\/"},{"@type":"ListItem","position":4,"name":"Antequera &#038; Torcal"}]},{"@type":"WebSite","@id":"https:\/\/walkingranada.com\/#website","url":"https:\/\/walkingranada.com\/","name":"Walk in Granada","description":"Turismo responsable","publisher":{"@id":"https:\/\/walkingranada.com\/#organization"},"alternateName":"Walk in Granada","potentialAction":[{"@type":"SearchAction","target":{"@type":"EntryPoint","urlTemplate":"https:\/\/walkingranada.com\/?s={search_term_string}"},"query-input":{"@type":"PropertyValueSpecification","valueRequired":true,"valueName":"search_term_string"}}],"inLanguage":"fr-FR"},{"@type":"Organization","@id":"https:\/\/walkingranada.com\/#organization","name":"Walk In Granada","alternateName":"Walk In Granada","url":"https:\/\/walkingranada.com\/","logo":{"@type":"ImageObject","inLanguage":"fr-FR","@id":"https:\/\/walkingranada.com\/#\/schema\/logo\/image\/","url":"https:\/\/walkingranada.com\/wp-content\/uploads\/2022\/12\/Logo-Walking.webp","contentUrl":"https:\/\/walkingranada.com\/wp-content\/uploads\/2022\/12\/Logo-Walking.webp","width":512,"height":512,"caption":"Walk In Granada"},"image":{"@id":"https:\/\/walkingranada.com\/#\/schema\/logo\/image\/"},"sameAs":["https:\/\/es-es.facebook.com\/walkingranadatour\/","https:\/\/x.com\/walkingranada","https:\/\/www.instagram.com\/walkingranada\/"]}]}},"_links":{"self":[{"href":"https:\/\/walkingranada.com\/fr\/wp-json\/wp\/v2\/pages\/450","targetHints":{"allow":["GET"]}}],"collection":[{"href":"https:\/\/walkingranada.com\/fr\/wp-json\/wp\/v2\/pages"}],"about":[{"href":"https:\/\/walkingranada.com\/fr\/wp-json\/wp\/v2\/types\/page"}],"author":[{"embeddable":true,"href":"https:\/\/walkingranada.com\/fr\/wp-json\/wp\/v2\/users\/2"}],"replies":[{"embeddable":true,"href":"https:\/\/walkingranada.com\/fr\/wp-json\/wp\/v2\/comments?post=450"}],"version-history":[{"count":5,"href":"https:\/\/walkingranada.com\/fr\/wp-json\/wp\/v2\/pages\/450\/revisions"}],"predecessor-version":[{"id":6804,"href":"https:\/\/walkingranada.com\/fr\/wp-json\/wp\/v2\/pages\/450\/revisions\/6804"}],"up":[{"embeddable":true,"href":"https:\/\/walkingranada.com\/fr\/wp-json\/wp\/v2\/pages\/446"}],"wp:attachment":[{"href":"https:\/\/walkingranada.com\/fr\/wp-json\/wp\/v2\/media?parent=450"}],"curies":[{"name":"wp","href":"https:\/\/api.w.org\/{rel}","templated":true}]}}