{"id":448,"date":"2022-10-27T09:02:11","date_gmt":"2022-10-27T09:02:11","guid":{"rendered":"https:\/\/factum-omibu.es\/walkin\/?page_id=448"},"modified":"2025-06-11T06:55:18","modified_gmt":"2025-06-11T06:55:18","slug":"nerja-frigiliana","status":"publish","type":"page","link":"https:\/\/walkingranada.com\/fr\/que-hacer-en-granada\/excursiones\/nerja-frigiliana\/","title":{"rendered":"Nerja &#038; Frigiliana"},"content":{"rendered":"<p>Excursions d'une journ\u00e9e &gt; Nerja et Frigiliana<\/p>\r\n\t<!-- FareHarbor calendar of item #180688 -->\r\n<h1>\r\n\t\tvisite guid\u00e9e de Nerja et Frigiliana\r\n\t<\/h1>\r\n\t<p>La <strong>Costa del Sol <\/strong>est ainsi nomm\u00e9 pr\u00e9cis\u00e9ment parce que c'est la <strong>zone g\u00e9ographique de l'Espagne ayant le plus grand nombre d'heures d'ensoleillement par an<\/strong>. Dans le cadre de cette <strong>r\u00e9gion de Malaga<\/strong> nous trouvons des villages \u00e0 la beaut\u00e9 singuli\u00e8re et au patrimoine historique, artistique et naturel in\u00e9gal\u00e9.<\/p>\r\n<p class=\"translation-block\"><strong>Il s\u2019agit d\u2019une visite en petit groupe. Si vous souhaitez effectuer cette visite en format priv\u00e9, vous pouvez en faire la demande via notre section <\/strong><span class=\"red\"><a href=\"https:\/\/walkingranada.com\/fr\/visites-personnalisees\/\" target=\"_self\"> <strong class=\"red\">visites personnalis\u00e9es.<\/strong><\/a><\/span><\/p>\r\n<h2>\r\n\t\tExcursion \u00e0 Nerja et Firigliana depuis Grenade\r\n\t<\/h2>\r\n\t\t\t\t<img decoding=\"async\" loading=\"lazy\" src=\"https:\/\/walkingranada.com\/wp-content\/uploads\/2022\/12\/Nerja_y_Figiliana.jpg.webp\" alt=\"Nerja_y_Figiliana\" itemprop=\"image\" height=\"398\" width=\"711\" title=\"Nerja_y_Figiliana\" onerror=\"this.style.display='none'\"  \/>\r\n\t<p>Notre <strong>visite guid\u00e9e de Nerja et Frigiliana<\/strong> de Granada vous emm\u00e8ne dans la Sierra de l\u2019Axarqu\u00eda pour d\u00e9couvrir la municipalit\u00e9 de Frigiliana. Un vestige vivant de la <strong>architecture mauresque<\/strong>, avec des rues \u00e9troites et pav\u00e9es flanqu\u00e9es de maisons basses aux murs blanchis \u00e0 la chaux. O\u00f9 l'odeur des fleurs qui ornent les murs et le salp\u00eatre de la M\u00e9diterran\u00e9e toute proche accompagnent le visiteur.<\/p>\r\n<p>La <strong>municipalit\u00e9 de Frigiliana<\/strong> est un v\u00e9ritable r\u00e9gal pour les sens et la visite de cette ville se termine par une vue panoramique de la r\u00e9gion de l'Europe de l'Est. <strong>les vestiges de la forteresse arabe de Lizar<\/strong>, \u00e0 partir du 9e si\u00e8cle de notre \u00e8re.<\/p>\r\n\t<p>Apr\u00e8s une visite \u00e0 l'un des <strong>les derniers bastions des Maures dans la p\u00e9ninsule ib\u00e9rique<\/strong>les visiteurs poursuivent leur chemin vers <strong>Maro<\/strong>une municipalit\u00e9 <strong>paroisse de Nerja<\/strong> et qui poss\u00e8de l'une des grottes les plus remarquables d'Andalousie, tant pour sa valeur g\u00e9omorphologique que pal\u00e9ontologique. La <strong>Grotte de Nerja<\/strong>.<\/p>\r\n<p>Un immense complexe d'une superficie de plus de 35 000 m\u00e8tres carr\u00e9s, dont environ 9 000 m\u00e8tres carr\u00e9s peuvent \u00eatre explor\u00e9s dans le cadre de ce que l'on appelle l'Exposition universelle. <strong>Galeries touristiques<\/strong>. Le mus\u00e9e de la grotte conserve <strong>vestiges pr\u00e9historiques du Pal\u00e9olithique sup\u00e9rieur<\/strong> et le <strong>pr\u00e9histoire r\u00e9cente<\/strong> avec une impressionnante <strong>peintures rupestres<\/strong> vieux d'au moins 42 000 ans. Il est consid\u00e9r\u00e9 comme <strong>la grotte pr\u00e9sentant les manifestations artistiques et symboliques les plus pr\u00e9historiques au monde.<\/strong><\/p>\r\n<p>La grotte se distingue \u00e9galement sur le plan g\u00e9ologique par ses \u00e9normes chambres remplies de <strong>sp\u00e9l\u00e9oth\u00e8mes<\/strong>:<strong> gours, stalactites, stalagmites, stalagmites<\/strong> et <strong>colonnes<\/strong> qui donnent aux espaces une majest\u00e9 naturelle singuli\u00e8re.<\/p>\r\n<p>Apr\u00e8s avoir quitt\u00e9 le <strong>mus\u00e9e des grottes de Nerja<\/strong>les visiteurs continueront ensuite leur marche vers le <strong>la municipalit\u00e9 c\u00f4ti\u00e8re de Nerja<\/strong>o\u00f9 vous pourrez d\u00e9guster la gastronomie andalouse dans toute sa splendeur et contempler les vues depuis la salle des f\u00eates. <strong>Balcon de l'Europe<\/strong>. Nom attribu\u00e9 \u00e0 <strong>Alfonso XII<\/strong> et qui nomme une \u00e9norme plate-forme sur la falaise qui \u00e9tait autrefois le <strong>Ch\u00e2teau Bas de Nerja<\/strong> et le point central \u00e0 partir duquel la municipalit\u00e9 s'est d\u00e9velopp\u00e9e au cours du <strong>16\u00e8me si\u00e8cle<\/strong>.<\/p>\r\n<h2>\r\n\t\tPoint de rencontre\r\n\t<\/h2>\r\n\t<p><strong>Place Mariana Pineda<\/strong><\/p>\r\n\t<p>Avez-vous besoin d'indications pour vous y rendre ?<\/p>\r\n\t\t\t<a href=\"#reserva\" target=\"_self\">\r\n\t\t\t\t\t\t\tR\u00e9server &gt;\r\n\t\t\t\t\t<\/a>\r\n\t\t\t<a href=\"https:\/\/goo.gl\/maps\/S8LCwLLRQArti4X98\" target=\"_self\">\r\n\t\t\t\t\t\t\tVoir carte &gt;\r\n\t\t\t\t\t<\/a>\r\n<h2>\r\n\t\tCe que vous allez visiter\r\n\t<\/h2>\r\n\t<ul>\r\n<li>Municipalit\u00e9 de Frigiliana<\/li>\r\n<li>Ch\u00e2teau arabe de L\u00edzar<\/li>\r\n<li>Grotte-mus\u00e9e de Nerja<\/li>\r\n<li>Balcon de l'Europe<\/li>\r\n<li>Municipalit\u00e9 de Nerja<\/li>\r\n<\/ul>\r\n<h2>\r\n\t\tCe qui est inclus dans la visite\r\n\t<\/h2>\r\n\t<ul>\r\n<li aria-level=\"1\">Transport<\/li>\r\n<li aria-level=\"1\">Guide touristique officiel<\/li>\r\n<li aria-level=\"1\">Entr\u00e9e des grottes de Nerja<\/li>\r\n<\/ul>\r\n<h2>\r\n\t\tCe que la visite ne comprend pas\r\n\t<\/h2>\r\n\t<ul>\r\n<li aria-level=\"1\">Nourriture et boisson<\/li>\r\n<\/ul>\r\n<h2>\r\n\t\tTambi\u00e9n puedes reservar nuestros otros servicios&#8230;\r\n\t<\/h2>\r\n\t<a href=\"https:\/\/walkingranada.com\/fr\/que-faire-a-granada\/flamenco\/\" target=\"_self\"><\/a>\t\t\t<img decoding=\"async\" loading=\"lazy\" alt=\"bailaora flamenca\" src=\"https:\/\/walkingranada.com\/wp-content\/uploads\/2022\/10\/Rectangle-42.png\"\/>\r\n\t\t<h3>Flamenco<\/h3>\r\n\t<a href=\"https:\/\/walkingranada.com\/fr\/que-faire-a-granada\/hammam-al-andalus\/\" target=\"_self\"><\/a>\t\t\t<img decoding=\"async\" loading=\"lazy\" alt=\"ba\u00f1os \u00e1rabes\" src=\"https:\/\/walkingranada.com\/wp-content\/uploads\/2022\/10\/Rectangle-43.png\"\/>\r\n\t\t<h3>Hammam <br \/>Al-\u00e1ndalus<\/h3>\r\n\t<a href=\"https:\/\/walkingranada.com\/fr\/que-faire-a-granada\/excursions\/\" target=\"_self\"><\/a>\t\t\t<img decoding=\"async\" loading=\"lazy\" alt=\"mezquita de c\u00f3rdoba\" src=\"https:\/\/walkingranada.com\/wp-content\/uploads\/2022\/10\/Rectangle-45.png\"\/>\r\n\t\t<h3>excursions <br \/>d\u2019une journ\u00e9e<\/h3>\r\n\t<a href=\"https:\/\/walkingranada.com\/fr\/que-faire-a-granada\/route-olfactif\/\" target=\"_self\"><\/a>\t\t\t<img decoding=\"async\" loading=\"lazy\" alt=\"imagen de una chica joven\" src=\"https:\/\/walkingranada.com\/wp-content\/uploads\/2022\/10\/Rectangle-38.png\"\/>\r\n\t\t<h3>Route olfactif<\/h3>","protected":false},"excerpt":{"rendered":"<p>Excursiones &gt; Nerja y Frigiliana Visita guiada a Nerja y Frigiliana La Costa del Sol recibe ese nombre precisamente por ser la zona geogr\u00e1fica de Espa\u00f1a con m\u00e1s horas de luz solar al a\u00f1o. Dentro de esta comarca de M\u00e1laga encontramos pueblos con una belleza singular y con un patrimonio hist\u00f3rico-art\u00edstico y natural sin parang\u00f3n. &#8230; <a title=\"Nerja &#038; Frigiliana\" class=\"read-more\" href=\"https:\/\/walkingranada.com\/fr\/que-hacer-en-granada\/excursiones\/nerja-frigiliana\/\" aria-label=\"En savoir plus sur Nerja &#038; Frigiliana\">Lire la suite<\/a><\/p>","protected":false},"author":2,"featured_media":0,"parent":446,"menu_order":0,"comment_status":"closed","ping_status":"closed","template":"","meta":{"footnotes":""},"class_list":["post-448","page","type-page","status-publish"],"yoast_head":"<!-- This site is optimized with the Yoast SEO plugin v27.5 - https:\/\/yoast.com\/product\/yoast-seo-wordpress\/ -->\n<title>Excursi\u00f3n a Nerja y Frigiliana desde Granada<\/title>\n<meta name=\"description\" content=\"Excursi\u00f3n a Nerja y Frijiliana desde Granada. Conocer\u00e1s dos enclaves \u00fanicos en la serran\u00eda y costa malague\u00f1a as\u00ed como las c\u00e9lebres cuevas.\" \/>\n<meta name=\"robots\" content=\"index, follow, max-snippet:-1, max-image-preview:large, max-video-preview:-1\" \/>\n<link rel=\"canonical\" href=\"https:\/\/walkingranada.com\/fr\/que-faire-a-granada\/excursions\/nerja-frigiliana\/\" \/>\n<meta property=\"og:locale\" content=\"fr_FR\" \/>\n<meta property=\"og:type\" content=\"article\" \/>\n<meta property=\"og:title\" content=\"Excursi\u00f3n a Nerja y Frigiliana desde Granada\" \/>\n<meta property=\"og:description\" content=\"Excursi\u00f3n a Nerja y Frijiliana desde Granada. Conocer\u00e1s dos enclaves \u00fanicos en la serran\u00eda y costa malague\u00f1a as\u00ed como las c\u00e9lebres cuevas.\" \/>\n<meta property=\"og:url\" content=\"https:\/\/walkingranada.com\/fr\/que-faire-a-granada\/excursions\/nerja-frigiliana\/\" \/>\n<meta property=\"og:site_name\" content=\"Walk in Granada\" \/>\n<meta property=\"article:publisher\" content=\"https:\/\/es-es.facebook.com\/walkingranadatour\/\" \/>\n<meta property=\"article:modified_time\" content=\"2025-06-11T06:55:18+00:00\" \/>\n<meta property=\"og:image\" content=\"https:\/\/walkingranada.com\/wp-content\/uploads\/2022\/12\/Nerja_y_Figiliana.jpg.webp\" \/>\n<meta name=\"twitter:card\" content=\"summary_large_image\" \/>\n<meta name=\"twitter:site\" content=\"@walkingranada\" \/>\n<meta name=\"twitter:label1\" content=\"Dur\u00e9e de lecture estim\u00e9e\" \/>\n\t<meta name=\"twitter:data1\" content=\"4 minutes\" \/>\n<script type=\"application\/ld+json\" class=\"yoast-schema-graph\">{\"@context\":\"https:\\\/\\\/schema.org\",\"@graph\":[{\"@type\":\"WebPage\",\"@id\":\"https:\\\/\\\/walkingranada.com\\\/que-hacer-en-granada\\\/excursiones\\\/nerja-frigiliana\\\/\",\"url\":\"https:\\\/\\\/walkingranada.com\\\/que-hacer-en-granada\\\/excursiones\\\/nerja-frigiliana\\\/\",\"name\":\"Excursi\u00f3n a Nerja y Frigiliana desde Granada\",\"isPartOf\":{\"@id\":\"https:\\\/\\\/walkingranada.com\\\/#website\"},\"primaryImageOfPage\":{\"@id\":\"https:\\\/\\\/walkingranada.com\\\/que-hacer-en-granada\\\/excursiones\\\/nerja-frigiliana\\\/#primaryimage\"},\"image\":{\"@id\":\"https:\\\/\\\/walkingranada.com\\\/que-hacer-en-granada\\\/excursiones\\\/nerja-frigiliana\\\/#primaryimage\"},\"thumbnailUrl\":\"https:\\\/\\\/walkingranada.com\\\/wp-content\\\/uploads\\\/2022\\\/12\\\/Nerja_y_Figiliana.jpg.webp\",\"datePublished\":\"2022-10-27T09:02:11+00:00\",\"dateModified\":\"2025-06-11T06:55:18+00:00\",\"description\":\"Excursi\u00f3n a Nerja y Frijiliana desde Granada. Conocer\u00e1s dos enclaves \u00fanicos en la serran\u00eda y costa malague\u00f1a as\u00ed como las c\u00e9lebres cuevas.\",\"breadcrumb\":{\"@id\":\"https:\\\/\\\/walkingranada.com\\\/que-hacer-en-granada\\\/excursiones\\\/nerja-frigiliana\\\/#breadcrumb\"},\"inLanguage\":\"fr-FR\",\"potentialAction\":[{\"@type\":\"ReadAction\",\"target\":[\"https:\\\/\\\/walkingranada.com\\\/que-hacer-en-granada\\\/excursiones\\\/nerja-frigiliana\\\/\"]}]},{\"@type\":\"ImageObject\",\"inLanguage\":\"fr-FR\",\"@id\":\"https:\\\/\\\/walkingranada.com\\\/que-hacer-en-granada\\\/excursiones\\\/nerja-frigiliana\\\/#primaryimage\",\"url\":\"https:\\\/\\\/walkingranada.com\\\/wp-content\\\/uploads\\\/2022\\\/12\\\/Nerja_y_Figiliana.jpg.webp\",\"contentUrl\":\"https:\\\/\\\/walkingranada.com\\\/wp-content\\\/uploads\\\/2022\\\/12\\\/Nerja_y_Figiliana.jpg.webp\"},{\"@type\":\"BreadcrumbList\",\"@id\":\"https:\\\/\\\/walkingranada.com\\\/que-hacer-en-granada\\\/excursiones\\\/nerja-frigiliana\\\/#breadcrumb\",\"itemListElement\":[{\"@type\":\"ListItem\",\"position\":1,\"name\":\"Portada\",\"item\":\"https:\\\/\\\/walkingranada.com\\\/\"},{\"@type\":\"ListItem\",\"position\":2,\"name\":\"Qu\u00e9 hacer en granada\",\"item\":\"https:\\\/\\\/walkingranada.com\\\/que-hacer-en-granada\\\/\"},{\"@type\":\"ListItem\",\"position\":3,\"name\":\"Excursiones de un d\u00eda\",\"item\":\"https:\\\/\\\/walkingranada.com\\\/que-hacer-en-granada\\\/excursiones\\\/\"},{\"@type\":\"ListItem\",\"position\":4,\"name\":\"Nerja &#038; Frigiliana\"}]},{\"@type\":\"WebSite\",\"@id\":\"https:\\\/\\\/walkingranada.com\\\/#website\",\"url\":\"https:\\\/\\\/walkingranada.com\\\/\",\"name\":\"Walk in Granada\",\"description\":\"Turismo responsable\",\"publisher\":{\"@id\":\"https:\\\/\\\/walkingranada.com\\\/#organization\"},\"alternateName\":\"Walk in Granada\",\"potentialAction\":[{\"@type\":\"SearchAction\",\"target\":{\"@type\":\"EntryPoint\",\"urlTemplate\":\"https:\\\/\\\/walkingranada.com\\\/?s={search_term_string}\"},\"query-input\":{\"@type\":\"PropertyValueSpecification\",\"valueRequired\":true,\"valueName\":\"search_term_string\"}}],\"inLanguage\":\"fr-FR\"},{\"@type\":\"Organization\",\"@id\":\"https:\\\/\\\/walkingranada.com\\\/#organization\",\"name\":\"Walk In Granada\",\"alternateName\":\"Walk In Granada\",\"url\":\"https:\\\/\\\/walkingranada.com\\\/\",\"logo\":{\"@type\":\"ImageObject\",\"inLanguage\":\"fr-FR\",\"@id\":\"https:\\\/\\\/walkingranada.com\\\/#\\\/schema\\\/logo\\\/image\\\/\",\"url\":\"https:\\\/\\\/walkingranada.com\\\/wp-content\\\/uploads\\\/2022\\\/12\\\/Logo-Walking.webp\",\"contentUrl\":\"https:\\\/\\\/walkingranada.com\\\/wp-content\\\/uploads\\\/2022\\\/12\\\/Logo-Walking.webp\",\"width\":512,\"height\":512,\"caption\":\"Walk In Granada\"},\"image\":{\"@id\":\"https:\\\/\\\/walkingranada.com\\\/#\\\/schema\\\/logo\\\/image\\\/\"},\"sameAs\":[\"https:\\\/\\\/es-es.facebook.com\\\/walkingranadatour\\\/\",\"https:\\\/\\\/x.com\\\/walkingranada\",\"https:\\\/\\\/www.instagram.com\\\/walkingranada\\\/\"]}]}<\/script>\n<!-- \/ Yoast SEO plugin. -->","yoast_head_json":{"title":"Excursion \u00e0 Nerja et Frigiliana depuis Grenade","description":"Excursion \u00e0 Nerja et Frigiliana depuis Grenade. Vous d\u00e9couvrirez deux endroits uniques dans les montagnes et la c\u00f4te de Malaga, ainsi que les c\u00e9l\u00e8bres grottes.","robots":{"index":"index","follow":"follow","max-snippet":"max-snippet:-1","max-image-preview":"max-image-preview:large","max-video-preview":"max-video-preview:-1"},"canonical":"https:\/\/walkingranada.com\/fr\/que-faire-a-granada\/excursions\/nerja-frigiliana\/","og_locale":"fr_FR","og_type":"article","og_title":"Excursi\u00f3n a Nerja y Frigiliana desde Granada","og_description":"Excursi\u00f3n a Nerja y Frijiliana desde Granada. Conocer\u00e1s dos enclaves \u00fanicos en la serran\u00eda y costa malague\u00f1a as\u00ed como las c\u00e9lebres cuevas.","og_url":"https:\/\/walkingranada.com\/fr\/que-faire-a-granada\/excursions\/nerja-frigiliana\/","og_site_name":"Walk in Granada","article_publisher":"https:\/\/es-es.facebook.com\/walkingranadatour\/","article_modified_time":"2025-06-11T06:55:18+00:00","og_image":[{"url":"https:\/\/walkingranada.com\/wp-content\/uploads\/2022\/12\/Nerja_y_Figiliana.jpg.webp","type":"","width":"","height":""}],"twitter_card":"summary_large_image","twitter_site":"@walkingranada","twitter_misc":{"Dur\u00e9e de lecture estim\u00e9e":"4 minutes"},"schema":{"@context":"https:\/\/schema.org","@graph":[{"@type":"WebPage","@id":"https:\/\/walkingranada.com\/que-hacer-en-granada\/excursiones\/nerja-frigiliana\/","url":"https:\/\/walkingranada.com\/que-hacer-en-granada\/excursiones\/nerja-frigiliana\/","name":"Excursion \u00e0 Nerja et Frigiliana depuis Grenade","isPartOf":{"@id":"https:\/\/walkingranada.com\/#website"},"primaryImageOfPage":{"@id":"https:\/\/walkingranada.com\/que-hacer-en-granada\/excursiones\/nerja-frigiliana\/#primaryimage"},"image":{"@id":"https:\/\/walkingranada.com\/que-hacer-en-granada\/excursiones\/nerja-frigiliana\/#primaryimage"},"thumbnailUrl":"https:\/\/walkingranada.com\/wp-content\/uploads\/2022\/12\/Nerja_y_Figiliana.jpg.webp","datePublished":"2022-10-27T09:02:11+00:00","dateModified":"2025-06-11T06:55:18+00:00","description":"Excursion \u00e0 Nerja et Frigiliana depuis Grenade. Vous d\u00e9couvrirez deux endroits uniques dans les montagnes et la c\u00f4te de Malaga, ainsi que les c\u00e9l\u00e8bres grottes.","breadcrumb":{"@id":"https:\/\/walkingranada.com\/que-hacer-en-granada\/excursiones\/nerja-frigiliana\/#breadcrumb"},"inLanguage":"fr-FR","potentialAction":[{"@type":"ReadAction","target":["https:\/\/walkingranada.com\/que-hacer-en-granada\/excursiones\/nerja-frigiliana\/"]}]},{"@type":"ImageObject","inLanguage":"fr-FR","@id":"https:\/\/walkingranada.com\/que-hacer-en-granada\/excursiones\/nerja-frigiliana\/#primaryimage","url":"https:\/\/walkingranada.com\/wp-content\/uploads\/2022\/12\/Nerja_y_Figiliana.jpg.webp","contentUrl":"https:\/\/walkingranada.com\/wp-content\/uploads\/2022\/12\/Nerja_y_Figiliana.jpg.webp"},{"@type":"BreadcrumbList","@id":"https:\/\/walkingranada.com\/que-hacer-en-granada\/excursiones\/nerja-frigiliana\/#breadcrumb","itemListElement":[{"@type":"ListItem","position":1,"name":"Portada","item":"https:\/\/walkingranada.com\/"},{"@type":"ListItem","position":2,"name":"Qu\u00e9 hacer en granada","item":"https:\/\/walkingranada.com\/que-hacer-en-granada\/"},{"@type":"ListItem","position":3,"name":"Excursiones de un d\u00eda","item":"https:\/\/walkingranada.com\/que-hacer-en-granada\/excursiones\/"},{"@type":"ListItem","position":4,"name":"Nerja &#038; Frigiliana"}]},{"@type":"WebSite","@id":"https:\/\/walkingranada.com\/#website","url":"https:\/\/walkingranada.com\/","name":"Walk in Granada","description":"Turismo responsable","publisher":{"@id":"https:\/\/walkingranada.com\/#organization"},"alternateName":"Walk in Granada","potentialAction":[{"@type":"SearchAction","target":{"@type":"EntryPoint","urlTemplate":"https:\/\/walkingranada.com\/?s={search_term_string}"},"query-input":{"@type":"PropertyValueSpecification","valueRequired":true,"valueName":"search_term_string"}}],"inLanguage":"fr-FR"},{"@type":"Organization","@id":"https:\/\/walkingranada.com\/#organization","name":"Walk In Granada","alternateName":"Walk In Granada","url":"https:\/\/walkingranada.com\/","logo":{"@type":"ImageObject","inLanguage":"fr-FR","@id":"https:\/\/walkingranada.com\/#\/schema\/logo\/image\/","url":"https:\/\/walkingranada.com\/wp-content\/uploads\/2022\/12\/Logo-Walking.webp","contentUrl":"https:\/\/walkingranada.com\/wp-content\/uploads\/2022\/12\/Logo-Walking.webp","width":512,"height":512,"caption":"Walk In Granada"},"image":{"@id":"https:\/\/walkingranada.com\/#\/schema\/logo\/image\/"},"sameAs":["https:\/\/es-es.facebook.com\/walkingranadatour\/","https:\/\/x.com\/walkingranada","https:\/\/www.instagram.com\/walkingranada\/"]}]}},"_links":{"self":[{"href":"https:\/\/walkingranada.com\/fr\/wp-json\/wp\/v2\/pages\/448","targetHints":{"allow":["GET"]}}],"collection":[{"href":"https:\/\/walkingranada.com\/fr\/wp-json\/wp\/v2\/pages"}],"about":[{"href":"https:\/\/walkingranada.com\/fr\/wp-json\/wp\/v2\/types\/page"}],"author":[{"embeddable":true,"href":"https:\/\/walkingranada.com\/fr\/wp-json\/wp\/v2\/users\/2"}],"replies":[{"embeddable":true,"href":"https:\/\/walkingranada.com\/fr\/wp-json\/wp\/v2\/comments?post=448"}],"version-history":[{"count":9,"href":"https:\/\/walkingranada.com\/fr\/wp-json\/wp\/v2\/pages\/448\/revisions"}],"predecessor-version":[{"id":6851,"href":"https:\/\/walkingranada.com\/fr\/wp-json\/wp\/v2\/pages\/448\/revisions\/6851"}],"up":[{"embeddable":true,"href":"https:\/\/walkingranada.com\/fr\/wp-json\/wp\/v2\/pages\/446"}],"wp:attachment":[{"href":"https:\/\/walkingranada.com\/fr\/wp-json\/wp\/v2\/media?parent=448"}],"curies":[{"name":"wp","href":"https:\/\/api.w.org\/{rel}","templated":true}]}}