{"id":430,"date":"2022-10-27T08:58:31","date_gmt":"2022-10-27T08:58:31","guid":{"rendered":"https:\/\/factum-omibu.es\/walkin\/?page_id=430"},"modified":"2026-04-28T10:22:15","modified_gmt":"2026-04-28T10:22:15","slug":"centre-historique-albaicin-adapte","status":"publish","type":"page","link":"https:\/\/walkingranada.com\/fr\/visitas-guiadas\/turismo-accesible\/granada-centro-albaicin-adaptada\/","title":{"rendered":"Granada Centro y Albaic\u00edn"},"content":{"rendered":"<p>TOURISME ACCESSIBLE &gt; Centre historique et Albaic\u00edn<\/p>\n\t<!-- FareHarbor calendar of item #724895 -->\n<h1>\n\t\t\tParcours adapt\u00e9 \u00e0 travers le centre historique et l'albaic\u00edn\t<\/h1>\n        <a href=\"#encuentro\">\n            <img decoding=\"async\" loading=\"lazy\" src=\"https:\/\/walkingranada.com\/wp-content\/uploads\/2022\/10\/fi-rr-marker.png\" alt=\"Plaza nueva\"\/>\n            <p>Plaza nueva <img decoding=\"async\" loading=\"lazy\" src=\"https:\/\/walkingranada.com\/wp-content\/uploads\/2022\/10\/\ud83e\udd86-icon-_Info-Circle_.png\" alt=\"informaci\u00f3n\"\/><\/p>\n        <\/a>\n        <img decoding=\"async\" loading=\"lazy\" src=\"https:\/\/walkingranada.com\/wp-content\/uploads\/2022\/12\/fuente-icon.png\" alt=\"Fontaine principale de la place\"\/>\n        <p>Fontaine principale de la place<\/p>\n        <img decoding=\"async\" loading=\"lazy\" src=\"https:\/\/walkingranada.com\/wp-content\/uploads\/2022\/10\/fi-rr-chat-arrow-grow.png\" alt=\"Difficult\u00e9 Moyenne\"\/>\n        <p>Difficult\u00e9 Moyenne<\/p>\n        <img decoding=\"async\" loading=\"lazy\" src=\"https:\/\/walkingranada.com\/wp-content\/uploads\/2022\/10\/fi-rr-map.png\" alt=\"Ville\"\/>\n        <p>Centre historique<\/p>\n        <img decoding=\"async\" loading=\"lazy\" src=\"https:\/\/walkingranada.com\/wp-content\/uploads\/2022\/12\/accesibilidad_.png\" alt=\"Accessibilit\u00e9 limit\u00e9e\"\/>\n        <p>Accessible<\/p>\n        <img decoding=\"async\" loading=\"lazy\" src=\"https:\/\/walkingranada.com\/wp-content\/uploads\/2022\/10\/fi-rr-calendar.png\" alt=\"Tous les jours\"\/>\n        <p>Tous les jours<\/p>\n        <img decoding=\"async\" loading=\"lazy\" src=\"https:\/\/walkingranada.com\/wp-content\/uploads\/2022\/10\/fi-rr-clock.png\" alt=\"11:00 AM\"\/>\n        <p>Selon la disponibilit\u00e9<\/p>\n        <img decoding=\"async\" loading=\"lazy\" src=\"https:\/\/walkingranada.com\/wp-content\/uploads\/2022\/10\/fi-rr-alarm-clock.png\" alt=\"3 heures\"\/>\n        <p>3 heures<\/p>\n        <img decoding=\"async\" loading=\"lazy\" src=\"https:\/\/walkingranada.com\/wp-content\/uploads\/2022\/10\/fi-rr-receipt.png\" alt=\"Desde 27\u20ac\"\/>\n        <p>A partir de 27\u20ac\/pax<\/p>\n        <img decoding=\"async\" loading=\"lazy\" src=\"https:\/\/walkingranada.com\/wp-content\/uploads\/2022\/10\/fi-rr-comments.png\" alt=\"Espagnol\"\/>\n        <p>Espagnol \/ Anglais \/ Fran\u00e7ais<\/p>\n<h2>\n\t\t\tPlongez dans l'histoire de Granada\t<\/h2>\n\t<p>Cet itin\u00e9raire vous fera d\u00e9couvrir des b\u00e2timents embl\u00e9matiques de la ville de Grenade, symbole et signe des Rois Catholiques comme la Chapelle Royale ou la Cath\u00e9drale.<\/p>\n<p>Anecdotes, l\u00e9gendes, histoire et art au bout des doigts.<\/p>\n<p>Une exp\u00e9rience qui vous rapprochera de la Grenade m\u00e9di\u00e9vale musulmane et plus tard chr\u00e9tienne, m\u00e9langeant et faisant coexister les deux cultures \u00e0 certaines \u00e9poques.<\/p>\n<p>Vous d\u00e9couvrirez les origines de la ville ziride et comment les Rois Catholiques l'ont adapt\u00e9e \u00e0 leurs go\u00fbts et \u00e0 leurs besoins, en respectant les traditions et en h\u00e9ritant des approches artistiques.<\/p>\n<h2>\n\t\t\tPoint de rencontre\t<\/h2>\n<figure itemscope itemtype=\"https:\/\/schema.org\/ImageObject\">\n\t\t\t\t<img decoding=\"async\" src=\"https:\/\/walkingranada.com\/wp-content\/uploads\/2023\/01\/fuente-plaza-nueva.webp\" alt=\"Fuente en Plaza Nueva\" height=\"398\" width=\"711\" onerror=\"this.style.display='none'\" loading=\"lazy\" \/>\n\t<\/figure>\n<h3 class=\"translation-block\"><span class=\"fl-heading-text\">Fontaine principale en face de la pharmacie sur la <span class=\"red\">Plaza Nueva<\/span><\/span><\/h3>\n\t<p>Avez-vous besoin d'indications pour vous y rendre ?<\/p>\n\t\t\t<a href=\"#reserva\"  target=\"_self\">\n\t\t\t\t\t\t\tR\u00e9server &gt;\n\t\t\t\t\t<\/a>\n\t\t\t<a href=\"https:\/\/walkingranada.com\/fr\/comment-acceder-a-plaza-nueva\/\"  target=\"_self\">\n\t\t\t\t\t\t\tComment s'y rendre ? &gt;\n\t\t\t\t\t<\/a>\n<h2>\n\t\t\tRecommandations\t<\/h2>\n\t<ol>\n<li class=\"translation-block\">Arrivez <strong>20 minutes en avance<\/strong> avant l'heure de d\u00e9but de la visite.<\/li>\n<li>Portez des\u00a0<strong>chaussures confortables<\/strong>La visite dure 3 heures.<\/li>\n<li>En \u00e9t\u00e9, pensez \u00e0 utiliser de la\u00a0<strong>cr\u00e8me solaire et \u00e0 emporter une bouteille d'eau<\/strong>.<\/li>\n<\/ol>\n<h2>\n\t\t\tItin\u00e9raire\t<\/h2>\n\t<ul>\n<li>Cath\u00e9drale<\/li>\n<li>Ruelle vers la place Bib-Rambla<\/li>\n<li>Alcaicer\u00eda<\/li>\n<li>Chapelle royale et Madraza (ext\u00e9rieur)<\/li>\n<li>Zacat\u00edn<\/li>\n<li>Corral del Carb\u00f3n<\/li>\n<li>Place Isabel la Cat\u00f3lica<\/li>\n<li>Rue Reyes Cat\u00f3licos<\/li>\n<li>Plaza Nueva<\/li>\n<li>Point de vue de San Nicol\u00e1s.<\/li>\n<li>Place Cementerio de San Nicol\u00e1s<\/li>\n<\/ul>\n\t<p>Laissez-vous plonger dans les origines de Grenade et d\u00e9couvrez les deux dynasties qui en ont fait un lieu splendide et unique au monde.<\/p>\n<p>Consultez notre calendrier pour conna\u00eetre les disponibilit\u00e9s, ne les ratez pas !<\/p>\n<p>Si vous avez des questions avant d'engager une visite priv\u00e9e ou si le jour que vous souhaitez visiter n'est pas disponible, vous pouvez nous contacter \u00e0 tout moment via <a href=\"mailto:info@walkingranada.com\">info@walkingranada.com<\/a>.<\/p>\n<p>Si vous souhaitez une visite plus sp\u00e9cifique, y compris des billets pour un monument qui vous int\u00e9resse ou dans une autre langue, vous pouvez en faire la demande \u00e0 travers notre section de <a href=\"https:\/\/walkingranada.com\/fr\/visites-personnalisees\/\"><strong>visites personnalisses<\/strong><\/a>.<\/p>\n<h2>\n\t\t\tTambi\u00e9n puedes reservar nuestras otras visitas guiadas&#8230;\t<\/h2>\n<h2>\n\t\t\tTambi\u00e9n puedes reservar nuestros otros servicios&#8230;\t<\/h2>\n\t<a href=\"https:\/\/walkingranada.com\/fr\/que-faire-a-granada\/flamenco\/\" target=\"_self\"><\/a>\t\t\t<img decoding=\"async\" loading=\"lazy\" alt=\"bailaora flamenca\" src=\"https:\/\/walkingranada.com\/wp-content\/uploads\/2022\/10\/Rectangle-42.png\"\/>\n\t\t<h3>Flamenco<\/h3>\n\t<a href=\"https:\/\/walkingranada.com\/fr\/que-faire-a-granada\/hammam-al-andalus\/\" target=\"_self\"><\/a>\t\t\t<img decoding=\"async\" loading=\"lazy\" alt=\"ba\u00f1os \u00e1rabes\" src=\"https:\/\/walkingranada.com\/wp-content\/uploads\/2022\/10\/Rectangle-43.png\"\/>\n\t\t<h3>Hammam <br \/>Al-\u00e1ndalus<\/h3>\n\t<a href=\"https:\/\/walkingranada.com\/fr\/que-faire-a-granada\/excursions\/\" target=\"_self\"><\/a>\t\t\t<img decoding=\"async\" loading=\"lazy\" alt=\"mezquita de c\u00f3rdoba\" src=\"https:\/\/walkingranada.com\/wp-content\/uploads\/2022\/10\/Rectangle-45.png\"\/>\n\t\t<h3>excursions <br \/>d\u2019une journ\u00e9e<\/h3>\n\t<a href=\"https:\/\/walkingranada.com\/fr\/que-faire-a-granada\/route-olfactif\/\" target=\"_self\"><\/a>\t\t\t<img decoding=\"async\" loading=\"lazy\" alt=\"imagen de una chica joven\" src=\"https:\/\/walkingranada.com\/wp-content\/uploads\/2022\/10\/Rectangle-38.png\"\/>\n\t\t<h3>Route olfactif<\/h3>","protected":false},"excerpt":{"rendered":"<p>Turismo Accesible &gt; Centro hist\u00f3rico y Albaic\u00edn Visita guiada privada adaptada centro hist\u00f3rico y Albaic\u00edn Plaza nueva Fuente principal de la plaza Dificultad media Casco hist\u00f3rico Accesible Todos los d\u00edas Seg\u00fan disponibilidad 3 HORAS Desde 27\u20ac\/pax CASTELLANO, INGL\u00c9S, FRANC\u00c9S Sum\u00e9rgete en la historia de Granada Esta ruta nos descubrir\u00e1, emblem\u00e1ticos edificios de la ciudad de &#8230; <a title=\"Granada Centro y Albaic\u00edn\" class=\"read-more\" href=\"https:\/\/walkingranada.com\/fr\/visitas-guiadas\/turismo-accesible\/granada-centro-albaicin-adaptada\/\" aria-label=\"En savoir plus sur Granada Centro y Albaic\u00edn\">Lire la suite<\/a><\/p>","protected":false},"author":2,"featured_media":2505,"parent":424,"menu_order":0,"comment_status":"closed","ping_status":"closed","template":"","meta":{"footnotes":""},"class_list":["post-430","page","type-page","status-publish","has-post-thumbnail"],"yoast_head":"<!-- This site is optimized with the Yoast SEO plugin v27.5 - https:\/\/yoast.com\/product\/yoast-seo-wordpress\/ -->\n<title>Turismo Accesible | Visita adaptada Centro y Albaic\u00edn - Walk in Granada<\/title>\n<meta name=\"description\" content=\"Visita adaptada para personas con movilidad reducida: Granada centro y bajo Albaic\u00edn. \u00a1Descubre la esencia de Granada!\" \/>\n<meta name=\"robots\" content=\"index, follow, max-snippet:-1, max-image-preview:large, max-video-preview:-1\" \/>\n<link rel=\"canonical\" href=\"https:\/\/walkingranada.com\/fr\/visites-guidees\/tourisme-accessible\/centre-historique-albaicin-adapte\/\" \/>\n<meta property=\"og:locale\" content=\"fr_FR\" \/>\n<meta property=\"og:type\" content=\"article\" \/>\n<meta property=\"og:title\" content=\"Turismo Accesible | Visita adaptada Centro y Albaic\u00edn - Walk in Granada\" \/>\n<meta property=\"og:description\" content=\"Visita adaptada para personas con movilidad reducida: Granada centro y bajo Albaic\u00edn. \u00a1Descubre la esencia de Granada!\" \/>\n<meta property=\"og:url\" content=\"https:\/\/walkingranada.com\/fr\/visites-guidees\/tourisme-accessible\/centre-historique-albaicin-adapte\/\" \/>\n<meta property=\"og:site_name\" content=\"Walk in Granada\" \/>\n<meta property=\"article:publisher\" content=\"https:\/\/es-es.facebook.com\/walkingranadatour\/\" \/>\n<meta property=\"article:modified_time\" content=\"2026-04-28T10:22:15+00:00\" \/>\n<meta property=\"og:image\" content=\"https:\/\/walkingranada.com\/wp-content\/uploads\/2023\/01\/visita-accesible-granada-centro.webp\" \/>\n\t<meta property=\"og:image:width\" content=\"452\" \/>\n\t<meta property=\"og:image:height\" content=\"282\" \/>\n\t<meta property=\"og:image:type\" content=\"image\/webp\" \/>\n<meta name=\"twitter:card\" content=\"summary_large_image\" \/>\n<meta name=\"twitter:site\" content=\"@walkingranada\" \/>\n<meta name=\"twitter:label1\" content=\"Dur\u00e9e de lecture estim\u00e9e\" \/>\n\t<meta name=\"twitter:data1\" content=\"5 minutes\" \/>\n<script type=\"application\/ld+json\" class=\"yoast-schema-graph\">{\"@context\":\"https:\\\/\\\/schema.org\",\"@graph\":[{\"@type\":\"WebPage\",\"@id\":\"https:\\\/\\\/walkingranada.com\\\/visitas-guiadas\\\/turismo-accesible\\\/granada-centro-albaicin-adaptada\\\/\",\"url\":\"https:\\\/\\\/walkingranada.com\\\/visitas-guiadas\\\/turismo-accesible\\\/granada-centro-albaicin-adaptada\\\/\",\"name\":\"Turismo Accesible | Visita adaptada Centro y Albaic\u00edn - Walk in Granada\",\"isPartOf\":{\"@id\":\"https:\\\/\\\/walkingranada.com\\\/#website\"},\"primaryImageOfPage\":{\"@id\":\"https:\\\/\\\/walkingranada.com\\\/visitas-guiadas\\\/turismo-accesible\\\/granada-centro-albaicin-adaptada\\\/#primaryimage\"},\"image\":{\"@id\":\"https:\\\/\\\/walkingranada.com\\\/visitas-guiadas\\\/turismo-accesible\\\/granada-centro-albaicin-adaptada\\\/#primaryimage\"},\"thumbnailUrl\":\"https:\\\/\\\/walkingranada.com\\\/wp-content\\\/uploads\\\/2023\\\/01\\\/visita-accesible-granada-centro.webp\",\"datePublished\":\"2022-10-27T08:58:31+00:00\",\"dateModified\":\"2026-04-28T10:22:15+00:00\",\"description\":\"Visita adaptada para personas con movilidad reducida: Granada centro y bajo Albaic\u00edn. \u00a1Descubre la esencia de Granada!\",\"breadcrumb\":{\"@id\":\"https:\\\/\\\/walkingranada.com\\\/visitas-guiadas\\\/turismo-accesible\\\/granada-centro-albaicin-adaptada\\\/#breadcrumb\"},\"inLanguage\":\"fr-FR\",\"potentialAction\":[{\"@type\":\"ReadAction\",\"target\":[\"https:\\\/\\\/walkingranada.com\\\/visitas-guiadas\\\/turismo-accesible\\\/granada-centro-albaicin-adaptada\\\/\"]}]},{\"@type\":\"ImageObject\",\"inLanguage\":\"fr-FR\",\"@id\":\"https:\\\/\\\/walkingranada.com\\\/visitas-guiadas\\\/turismo-accesible\\\/granada-centro-albaicin-adaptada\\\/#primaryimage\",\"url\":\"https:\\\/\\\/walkingranada.com\\\/wp-content\\\/uploads\\\/2023\\\/01\\\/visita-accesible-granada-centro.webp\",\"contentUrl\":\"https:\\\/\\\/walkingranada.com\\\/wp-content\\\/uploads\\\/2023\\\/01\\\/visita-accesible-granada-centro.webp\",\"width\":452,\"height\":282,\"caption\":\"visita-accesible-granada-centro\"},{\"@type\":\"BreadcrumbList\",\"@id\":\"https:\\\/\\\/walkingranada.com\\\/visitas-guiadas\\\/turismo-accesible\\\/granada-centro-albaicin-adaptada\\\/#breadcrumb\",\"itemListElement\":[{\"@type\":\"ListItem\",\"position\":1,\"name\":\"Portada\",\"item\":\"https:\\\/\\\/walkingranada.com\\\/\"},{\"@type\":\"ListItem\",\"position\":2,\"name\":\"Visitas guiadas\",\"item\":\"https:\\\/\\\/walkingranada.com\\\/visitas-guiadas\\\/\"},{\"@type\":\"ListItem\",\"position\":3,\"name\":\"Turismo accesible\",\"item\":\"https:\\\/\\\/walkingranada.com\\\/visitas-guiadas\\\/turismo-accesible\\\/\"},{\"@type\":\"ListItem\",\"position\":4,\"name\":\"Granada Centro y Albaic\u00edn\"}]},{\"@type\":\"WebSite\",\"@id\":\"https:\\\/\\\/walkingranada.com\\\/#website\",\"url\":\"https:\\\/\\\/walkingranada.com\\\/\",\"name\":\"Walk in Granada\",\"description\":\"Turismo responsable\",\"publisher\":{\"@id\":\"https:\\\/\\\/walkingranada.com\\\/#organization\"},\"alternateName\":\"Walk in Granada\",\"potentialAction\":[{\"@type\":\"SearchAction\",\"target\":{\"@type\":\"EntryPoint\",\"urlTemplate\":\"https:\\\/\\\/walkingranada.com\\\/?s={search_term_string}\"},\"query-input\":{\"@type\":\"PropertyValueSpecification\",\"valueRequired\":true,\"valueName\":\"search_term_string\"}}],\"inLanguage\":\"fr-FR\"},{\"@type\":\"Organization\",\"@id\":\"https:\\\/\\\/walkingranada.com\\\/#organization\",\"name\":\"Walk In Granada\",\"alternateName\":\"Walk In Granada\",\"url\":\"https:\\\/\\\/walkingranada.com\\\/\",\"logo\":{\"@type\":\"ImageObject\",\"inLanguage\":\"fr-FR\",\"@id\":\"https:\\\/\\\/walkingranada.com\\\/#\\\/schema\\\/logo\\\/image\\\/\",\"url\":\"https:\\\/\\\/walkingranada.com\\\/wp-content\\\/uploads\\\/2022\\\/12\\\/Logo-Walking.webp\",\"contentUrl\":\"https:\\\/\\\/walkingranada.com\\\/wp-content\\\/uploads\\\/2022\\\/12\\\/Logo-Walking.webp\",\"width\":512,\"height\":512,\"caption\":\"Walk In Granada\"},\"image\":{\"@id\":\"https:\\\/\\\/walkingranada.com\\\/#\\\/schema\\\/logo\\\/image\\\/\"},\"sameAs\":[\"https:\\\/\\\/es-es.facebook.com\\\/walkingranadatour\\\/\",\"https:\\\/\\\/x.com\\\/walkingranada\",\"https:\\\/\\\/www.instagram.com\\\/walkingranada\\\/\"]}]}<\/script>\n<!-- \/ Yoast SEO plugin. -->","yoast_head_json":{"title":"Tourisme accessible | Visite adapt\u00e9e au Centre et \u00e0 Albaic\u00edn - Walk in Granada","description":"Visite adapt\u00e9e pour les personnes ayant une mobilit\u00e9 r\u00e9duite: centre de Grenade et bas Albaic\u00edn. D\u00e9couvrez l'essence de Grenade!","robots":{"index":"index","follow":"follow","max-snippet":"max-snippet:-1","max-image-preview":"max-image-preview:large","max-video-preview":"max-video-preview:-1"},"canonical":"https:\/\/walkingranada.com\/fr\/visites-guidees\/tourisme-accessible\/centre-historique-albaicin-adapte\/","og_locale":"fr_FR","og_type":"article","og_title":"Turismo Accesible | Visita adaptada Centro y Albaic\u00edn - Walk in Granada","og_description":"Visita adaptada para personas con movilidad reducida: Granada centro y bajo Albaic\u00edn. \u00a1Descubre la esencia de Granada!","og_url":"https:\/\/walkingranada.com\/fr\/visites-guidees\/tourisme-accessible\/centre-historique-albaicin-adapte\/","og_site_name":"Walk in Granada","article_publisher":"https:\/\/es-es.facebook.com\/walkingranadatour\/","article_modified_time":"2026-04-28T10:22:15+00:00","og_image":[{"width":452,"height":282,"url":"https:\/\/walkingranada.com\/wp-content\/uploads\/2023\/01\/visita-accesible-granada-centro.webp","type":"image\/webp"}],"twitter_card":"summary_large_image","twitter_site":"@walkingranada","twitter_misc":{"Dur\u00e9e de lecture estim\u00e9e":"5 minutes"},"schema":{"@context":"https:\/\/schema.org","@graph":[{"@type":"WebPage","@id":"https:\/\/walkingranada.com\/visitas-guiadas\/turismo-accesible\/granada-centro-albaicin-adaptada\/","url":"https:\/\/walkingranada.com\/visitas-guiadas\/turismo-accesible\/granada-centro-albaicin-adaptada\/","name":"Tourisme accessible | Visite adapt\u00e9e au Centre et \u00e0 Albaic\u00edn - Walk in Granada","isPartOf":{"@id":"https:\/\/walkingranada.com\/#website"},"primaryImageOfPage":{"@id":"https:\/\/walkingranada.com\/visitas-guiadas\/turismo-accesible\/granada-centro-albaicin-adaptada\/#primaryimage"},"image":{"@id":"https:\/\/walkingranada.com\/visitas-guiadas\/turismo-accesible\/granada-centro-albaicin-adaptada\/#primaryimage"},"thumbnailUrl":"https:\/\/walkingranada.com\/wp-content\/uploads\/2023\/01\/visita-accesible-granada-centro.webp","datePublished":"2022-10-27T08:58:31+00:00","dateModified":"2026-04-28T10:22:15+00:00","description":"Visite adapt\u00e9e pour les personnes ayant une mobilit\u00e9 r\u00e9duite: centre de Grenade et bas Albaic\u00edn. D\u00e9couvrez l'essence de Grenade!","breadcrumb":{"@id":"https:\/\/walkingranada.com\/visitas-guiadas\/turismo-accesible\/granada-centro-albaicin-adaptada\/#breadcrumb"},"inLanguage":"fr-FR","potentialAction":[{"@type":"ReadAction","target":["https:\/\/walkingranada.com\/visitas-guiadas\/turismo-accesible\/granada-centro-albaicin-adaptada\/"]}]},{"@type":"ImageObject","inLanguage":"fr-FR","@id":"https:\/\/walkingranada.com\/visitas-guiadas\/turismo-accesible\/granada-centro-albaicin-adaptada\/#primaryimage","url":"https:\/\/walkingranada.com\/wp-content\/uploads\/2023\/01\/visita-accesible-granada-centro.webp","contentUrl":"https:\/\/walkingranada.com\/wp-content\/uploads\/2023\/01\/visita-accesible-granada-centro.webp","width":452,"height":282,"caption":"visita-accesible-granada-centro"},{"@type":"BreadcrumbList","@id":"https:\/\/walkingranada.com\/visitas-guiadas\/turismo-accesible\/granada-centro-albaicin-adaptada\/#breadcrumb","itemListElement":[{"@type":"ListItem","position":1,"name":"Portada","item":"https:\/\/walkingranada.com\/"},{"@type":"ListItem","position":2,"name":"Visitas guiadas","item":"https:\/\/walkingranada.com\/visitas-guiadas\/"},{"@type":"ListItem","position":3,"name":"Turismo accesible","item":"https:\/\/walkingranada.com\/visitas-guiadas\/turismo-accesible\/"},{"@type":"ListItem","position":4,"name":"Granada Centro y Albaic\u00edn"}]},{"@type":"WebSite","@id":"https:\/\/walkingranada.com\/#website","url":"https:\/\/walkingranada.com\/","name":"Walk in Granada","description":"Turismo responsable","publisher":{"@id":"https:\/\/walkingranada.com\/#organization"},"alternateName":"Walk in Granada","potentialAction":[{"@type":"SearchAction","target":{"@type":"EntryPoint","urlTemplate":"https:\/\/walkingranada.com\/?s={search_term_string}"},"query-input":{"@type":"PropertyValueSpecification","valueRequired":true,"valueName":"search_term_string"}}],"inLanguage":"fr-FR"},{"@type":"Organization","@id":"https:\/\/walkingranada.com\/#organization","name":"Walk In Granada","alternateName":"Walk In Granada","url":"https:\/\/walkingranada.com\/","logo":{"@type":"ImageObject","inLanguage":"fr-FR","@id":"https:\/\/walkingranada.com\/#\/schema\/logo\/image\/","url":"https:\/\/walkingranada.com\/wp-content\/uploads\/2022\/12\/Logo-Walking.webp","contentUrl":"https:\/\/walkingranada.com\/wp-content\/uploads\/2022\/12\/Logo-Walking.webp","width":512,"height":512,"caption":"Walk In Granada"},"image":{"@id":"https:\/\/walkingranada.com\/#\/schema\/logo\/image\/"},"sameAs":["https:\/\/es-es.facebook.com\/walkingranadatour\/","https:\/\/x.com\/walkingranada","https:\/\/www.instagram.com\/walkingranada\/"]}]}},"_links":{"self":[{"href":"https:\/\/walkingranada.com\/fr\/wp-json\/wp\/v2\/pages\/430","targetHints":{"allow":["GET"]}}],"collection":[{"href":"https:\/\/walkingranada.com\/fr\/wp-json\/wp\/v2\/pages"}],"about":[{"href":"https:\/\/walkingranada.com\/fr\/wp-json\/wp\/v2\/types\/page"}],"author":[{"embeddable":true,"href":"https:\/\/walkingranada.com\/fr\/wp-json\/wp\/v2\/users\/2"}],"replies":[{"embeddable":true,"href":"https:\/\/walkingranada.com\/fr\/wp-json\/wp\/v2\/comments?post=430"}],"version-history":[{"count":4,"href":"https:\/\/walkingranada.com\/fr\/wp-json\/wp\/v2\/pages\/430\/revisions"}],"predecessor-version":[{"id":7398,"href":"https:\/\/walkingranada.com\/fr\/wp-json\/wp\/v2\/pages\/430\/revisions\/7398"}],"up":[{"embeddable":true,"href":"https:\/\/walkingranada.com\/fr\/wp-json\/wp\/v2\/pages\/424"}],"wp:featuredmedia":[{"embeddable":true,"href":"https:\/\/walkingranada.com\/fr\/wp-json\/wp\/v2\/media\/2505"}],"wp:attachment":[{"href":"https:\/\/walkingranada.com\/fr\/wp-json\/wp\/v2\/media?parent=430"}],"curies":[{"name":"wp","href":"https:\/\/api.w.org\/{rel}","templated":true}]}}