{"id":428,"date":"2022-10-27T08:58:14","date_gmt":"2022-10-27T08:58:14","guid":{"rendered":"https:\/\/factum-omibu.es\/walkin\/?page_id=428"},"modified":"2026-04-28T06:51:01","modified_gmt":"2026-04-28T06:51:01","slug":"visite-de-lalhambra","status":"publish","type":"page","link":"https:\/\/walkingranada.com\/fr\/visitas-guiadas\/turismo-accesible\/visita-alhambra\/","title":{"rendered":"Alhambra accessible"},"content":{"rendered":"<p>TOURISME ACCESSIBLE &gt; Alhambra accessible<\/p>\r\n<!-- FareHarbor calendar of item #712680 -->\r\n<h1>VISITE ACCESSIBLE DE L'ALHAMBRA<\/h1>\r\n<p><a href=\"#encuentro\"> <img decoding=\"async\" loading=\"lazy\" src=\"https:\/\/walkingranada.com\/wp-content\/uploads\/2022\/10\/fi-rr-marker.png\" alt=\"Billetterie de l&#039;Alhambra\" \/><\/a><\/p>\r\n<p>Billetterie de l'Alhambra <img decoding=\"async\" loading=\"lazy\" src=\"https:\/\/walkingranada.com\/wp-content\/uploads\/2022\/10\/\ud83e\udd86-icon-_Info-Circle_.png\" alt=\"informaci\u00f3n\" \/><\/p>\r\n<p><img decoding=\"async\" loading=\"lazy\" src=\"https:\/\/walkingranada.com\/wp-content\/uploads\/2022\/12\/encuentro_icon.png\" alt=\"Point de rencontre de l&#039;Agence\" \/><\/p>\r\n<p>Point de rencontre de l'Agence<\/p>\r\n<p><img decoding=\"async\" loading=\"lazy\" src=\"https:\/\/walkingranada.com\/wp-content\/uploads\/2022\/10\/fi-rr-chat-arrow-grow.png\" alt=\"Difficult\u00e9 basse\" \/><\/p>\r\n<p>Difficult\u00e9 basse<\/p>\r\n<p><img decoding=\"async\" loading=\"lazy\" src=\"https:\/\/walkingranada.com\/wp-content\/uploads\/2022\/10\/fi-rr-map.png\" alt=\"Complexe monumental\" \/><\/p>\r\n<p>Complexe monumental<\/p>\r\n<p><img decoding=\"async\" loading=\"lazy\" src=\"https:\/\/walkingranada.com\/wp-content\/uploads\/2022\/12\/accesibilidad_.png\" alt=\"Accessible\" \/><\/p>\r\n<p>Accessible<\/p>\r\n<p><img decoding=\"async\" loading=\"lazy\" src=\"https:\/\/walkingranada.com\/wp-content\/uploads\/2022\/10\/fi-rr-calendar.png\" alt=\"TODOS LOS DIAS\" \/><\/p>\r\n<p>Tous les jours<\/p>\r\n<p><img decoding=\"async\" loading=\"lazy\" src=\"https:\/\/walkingranada.com\/wp-content\/uploads\/2022\/10\/fi-rr-clock.png\" alt=\"11:00 AM\" \/><\/p>\r\n<p>Selon la disponibilit\u00e9<\/p>\r\n<p><img decoding=\"async\" loading=\"lazy\" src=\"https:\/\/walkingranada.com\/wp-content\/uploads\/2022\/10\/fi-rr-alarm-clock.png\" alt=\"3 heures\" \/><\/p>\r\n<p>3 heures<\/p>\r\n<p><img decoding=\"async\" loading=\"lazy\" src=\"https:\/\/walkingranada.com\/wp-content\/uploads\/2022\/10\/fi-rr-receipt.png\" alt=\"TU PONES EL PRECIO\" \/><\/p>\r\n<p>A partir de 48\u20ac\/pax<\/p>\r\n<p><img decoding=\"async\" loading=\"lazy\" src=\"https:\/\/walkingranada.com\/wp-content\/uploads\/2022\/10\/fi-rr-comments.png\" alt=\"Espagnol\" \/><\/p>\r\n<p>Espagnol \/ Anglais \/ Fran\u00e7ais<\/p>\r\n<h2>D\u00e9couvrez l'ic\u00f4ne de la ville de Granada<\/h2>\r\n<p>Conoce con uno de nuestros gu\u00edas oficiales la imponente fortaleza nazar\u00ed de La Alhambra, considerada Patrimonio Mundial de la Humanidad por parte de la UNESCO. Aprender\u00e1s sobre su historia, arte, cultura, sociedad, an\u00e9cdotas y leyendas.<\/p>\r\n<p>Revive el pasado musulm\u00e1n de la ciudad palatina durante 3 horas, disfrutando de las construcciones nazar\u00edes y descubre como los cristianos adaptaron la ciudad a sus necesidades y gustos, siendo a la vez respetuosos con la tradici\u00f3n.<\/p>\r\n<p>Il est \u00e9galement possible de faire une visite de l'ext\u00e9rieur qui peut inclure la for\u00eat et une partie du Carmen de los M\u00e1rtires.<\/p>\r\n<h2>Point de rencontre<\/h2>\r\n<figure><img decoding=\"async\" loading=\"lazy\" title=\"punto encuentro Alhambra min\" src=\"https:\/\/walkingranada.com\/wp-content\/uploads\/2022\/12\/punto-encuentro-Alhambra-min.jpg.webp\" alt=\"punto encuentro Alhambra\" width=\"711\" height=\"398\" \/><\/figure>\r\n<h3>Explanada de tierra ubicada a 20 metros de la taquilla de la Alhambra (Pabell\u00f3n de Acceso a la Alhambra y Generalife)<\/h3>\r\n<p>Avez-vous besoin d'indications pour vous y rendre ?<\/p>\r\n<p><a href=\"#reserva\" target=\"_self\"> Reservar &gt; <\/a> <a href=\"https:\/\/walkingranada.com\/fr\/comment-rejoindre-a-la-alhambra\/\" target=\"_self\"> \u00bfC\u00f3mo llegar? &gt; <\/a><\/p>\r\n<h2>Recommandations<\/h2>\r\n<ol>\r\n<li>\u00a0Il est <b>OBLIGATOIRE<\/b> de pr\u00e9senter <b>une carte d'identit\u00e9 ou un passeport original et valide<\/b> pour entrer dans le monument.<\/li>\r\n<li>No se permite la entrada con mochilas o bolsas que supere la medida de 40&#215;40 cm.<\/li>\r\n<li class=\"translation-block\">Arrivez <strong>20 minutes en avance<\/strong> avant l'heure de d\u00e9but de la visite.<\/li>\r\n<li>Portez des\u00a0<strong>chaussures confortables<\/strong>La visite dure 3 heures.<\/li>\r\n<li>En \u00e9t\u00e9, pensez \u00e0 utiliser de la\u00a0<strong>cr\u00e8me solaire et \u00e0 emporter une bouteille d'eau<\/strong>.<\/li>\r\n<\/ol>\r\n<h2>Itin\u00e9raire<\/h2>\r\n<ul>\r\n<li>Charles V<\/li>\r\n<li>Puerta del Vino<\/li>\r\n<li>Place de Los Aljibes<\/li>\r\n<li>Bains de la Mosqu\u00e9e<\/li>\r\n<li>Parador national<\/li>\r\n<li>Couvent des Franciscains<\/li>\r\n<li>El Secano<\/li>\r\n<li>Acequia Real<\/li>\r\n<li>Generalife<\/li>\r\n<li>Palais Nasrides<\/li>\r\n<\/ul>\r\n<p>Visite compl\u00e8te de toutes les parties accessibles de ce monument. Il s'agit notamment (veuillez noter que dans certaines zones, seule une partie du monument peut \u00eatre visit\u00e9e) du palais de Charles V, de la Puerta del Vino, de la Plaza de los Aljibes, de la Calle Real, des thermes de la mosqu\u00e9e, des palais nasrides (Patio de Arrayanes, Tour\/Sala de Comares, Patio de los Leones, Sala de los Reyes), d'El Secano, de l'Acequia Real, de l'Auditorio Generalife (c\u00f4t\u00e9 nord), des Jardines Bajos\/Paseo de las Adelfas, du Patio de la Acequia. Le Parador de Turismo\/Couvent franciscain et les mus\u00e9es du Palais de Charles V peuvent \u00e9galement \u00eatre visit\u00e9s, bien qu'ils ne soient normalement pas inclus dans un circuit standard.<\/p>\r\n<p>Il est \u00e9galement possible de faire une visite de l'ext\u00e9rieur qui peut inclure la for\u00eat et une partie du Carmen de los M\u00e1rtires.<\/p>\r\n<h2>Tambi\u00e9n puedes reservar nuestras otras visitas guiadas&#8230;<\/h2>\r\n<h2>Tambi\u00e9n puedes reservar nuestros otros servicios&#8230;<\/h2>\r\n<p><img decoding=\"async\" loading=\"lazy\" src=\"https:\/\/walkingranada.com\/wp-content\/uploads\/2022\/10\/Rectangle-42.png\" alt=\"bailaora flamenca\" \/><\/p>\r\n<h3>Flamenco<\/h3>\r\n<p><img decoding=\"async\" loading=\"lazy\" src=\"https:\/\/walkingranada.com\/wp-content\/uploads\/2022\/10\/Rectangle-43.png\" alt=\"ba\u00f1os \u00e1rabes\" \/><\/p>\r\n<h3>Hammam <br \/>Al-\u00e1ndalus<\/h3>\r\n<p><img decoding=\"async\" loading=\"lazy\" src=\"https:\/\/walkingranada.com\/wp-content\/uploads\/2022\/10\/Rectangle-45.png\" alt=\"mezquita de c\u00f3rdoba\" \/><\/p>\r\n<h3>excursions <br \/>d\u2019une journ\u00e9e<\/h3>\r\n<p><img decoding=\"async\" loading=\"lazy\" src=\"https:\/\/walkingranada.com\/wp-content\/uploads\/2022\/10\/Rectangle-38.png\" alt=\"imagen de una chica joven\" \/><\/p>\r\n<h3>Route olfactif<\/h3>","protected":false},"excerpt":{"rendered":"<p>Turismo acccesible &gt; Alhambra accesible Visita guiada privada adaptada a la Alhambra Taquillas Alhambra Punto de encuentro de agencias Dificultad baja Complejo monumental Accesible Todos los d\u00edas Seg\u00fan disponibilidad 3 HORAS Desde 48\u20ac\/pax CASTELLANO, INGL\u00c9S, FRANC\u00c9S Descubre el icono de la ciudad de Granada Conoce con uno de nuestros gu\u00edas oficiales la imponente fortaleza nazar\u00ed &#8230; <a title=\"Alhambra accessible\" class=\"read-more\" href=\"https:\/\/walkingranada.com\/fr\/visitas-guiadas\/turismo-accesible\/visita-alhambra\/\" aria-label=\"En savoir plus sur Alhambra accesible\">Lire la suite<\/a><\/p>","protected":false},"author":2,"featured_media":2509,"parent":424,"menu_order":0,"comment_status":"closed","ping_status":"closed","template":"","meta":{"footnotes":""},"class_list":["post-428","page","type-page","status-publish","has-post-thumbnail"],"yoast_head":"<!-- This site is optimized with the Yoast SEO plugin v27.5 - https:\/\/yoast.com\/product\/yoast-seo-wordpress\/ -->\n<title>Turismo accesible | Visita adaptada Alhambra - Walk in Granada<\/title>\n<meta name=\"description\" content=\"Visita a la Alhambra para personas con movilidad reducida. Un tour pensado para poder disfrutar al m\u00e1ximo de la ciudad palatina.\" \/>\n<meta name=\"robots\" content=\"index, follow, max-snippet:-1, max-image-preview:large, max-video-preview:-1\" \/>\n<link rel=\"canonical\" href=\"https:\/\/walkingranada.com\/fr\/visites-guidees\/tourisme-accessible\/visite-de-lalhambra\/\" \/>\n<meta property=\"og:locale\" content=\"fr_FR\" \/>\n<meta property=\"og:type\" content=\"article\" \/>\n<meta property=\"og:title\" content=\"Turismo accesible | Visita adaptada Alhambra - Walk in Granada\" \/>\n<meta property=\"og:description\" content=\"Visita a la Alhambra para personas con movilidad reducida. Un tour pensado para poder disfrutar al m\u00e1ximo de la ciudad palatina.\" \/>\n<meta property=\"og:url\" content=\"https:\/\/walkingranada.com\/fr\/visites-guidees\/tourisme-accessible\/visite-de-lalhambra\/\" \/>\n<meta property=\"og:site_name\" content=\"Walk in Granada\" \/>\n<meta property=\"article:publisher\" content=\"https:\/\/es-es.facebook.com\/walkingranadatour\/\" \/>\n<meta property=\"article:modified_time\" content=\"2026-04-28T06:51:01+00:00\" \/>\n<meta property=\"og:image\" content=\"https:\/\/walkingranada.com\/wp-content\/uploads\/2023\/01\/Visita-accesible-alhambra-2.webp\" \/>\n\t<meta property=\"og:image:width\" content=\"305\" \/>\n\t<meta property=\"og:image:height\" content=\"305\" \/>\n\t<meta property=\"og:image:type\" content=\"image\/webp\" \/>\n<meta name=\"twitter:card\" content=\"summary_large_image\" \/>\n<meta name=\"twitter:site\" content=\"@walkingranada\" \/>\n<meta name=\"twitter:label1\" content=\"Dur\u00e9e de lecture estim\u00e9e\" \/>\n\t<meta name=\"twitter:data1\" content=\"8 minutes\" \/>\n<script type=\"application\/ld+json\" class=\"yoast-schema-graph\">{\"@context\":\"https:\\\/\\\/schema.org\",\"@graph\":[{\"@type\":\"WebPage\",\"@id\":\"https:\\\/\\\/walkingranada.com\\\/visitas-guiadas\\\/turismo-accesible\\\/visita-alhambra\\\/\",\"url\":\"https:\\\/\\\/walkingranada.com\\\/visitas-guiadas\\\/turismo-accesible\\\/visita-alhambra\\\/\",\"name\":\"Turismo accesible | Visita adaptada Alhambra - Walk in Granada\",\"isPartOf\":{\"@id\":\"https:\\\/\\\/walkingranada.com\\\/#website\"},\"primaryImageOfPage\":{\"@id\":\"https:\\\/\\\/walkingranada.com\\\/visitas-guiadas\\\/turismo-accesible\\\/visita-alhambra\\\/#primaryimage\"},\"image\":{\"@id\":\"https:\\\/\\\/walkingranada.com\\\/visitas-guiadas\\\/turismo-accesible\\\/visita-alhambra\\\/#primaryimage\"},\"thumbnailUrl\":\"https:\\\/\\\/walkingranada.com\\\/wp-content\\\/uploads\\\/2023\\\/01\\\/Visita-accesible-alhambra-2.webp\",\"datePublished\":\"2022-10-27T08:58:14+00:00\",\"dateModified\":\"2026-04-28T06:51:01+00:00\",\"description\":\"Visita a la Alhambra para personas con movilidad reducida. Un tour pensado para poder disfrutar al m\u00e1ximo de la ciudad palatina.\",\"breadcrumb\":{\"@id\":\"https:\\\/\\\/walkingranada.com\\\/visitas-guiadas\\\/turismo-accesible\\\/visita-alhambra\\\/#breadcrumb\"},\"inLanguage\":\"fr-FR\",\"potentialAction\":[{\"@type\":\"ReadAction\",\"target\":[\"https:\\\/\\\/walkingranada.com\\\/visitas-guiadas\\\/turismo-accesible\\\/visita-alhambra\\\/\"]}]},{\"@type\":\"ImageObject\",\"inLanguage\":\"fr-FR\",\"@id\":\"https:\\\/\\\/walkingranada.com\\\/visitas-guiadas\\\/turismo-accesible\\\/visita-alhambra\\\/#primaryimage\",\"url\":\"https:\\\/\\\/walkingranada.com\\\/wp-content\\\/uploads\\\/2023\\\/01\\\/Visita-accesible-alhambra-2.webp\",\"contentUrl\":\"https:\\\/\\\/walkingranada.com\\\/wp-content\\\/uploads\\\/2023\\\/01\\\/Visita-accesible-alhambra-2.webp\",\"width\":305,\"height\":305,\"caption\":\"Visita-accesible-alhambra-2\"},{\"@type\":\"BreadcrumbList\",\"@id\":\"https:\\\/\\\/walkingranada.com\\\/visitas-guiadas\\\/turismo-accesible\\\/visita-alhambra\\\/#breadcrumb\",\"itemListElement\":[{\"@type\":\"ListItem\",\"position\":1,\"name\":\"Portada\",\"item\":\"https:\\\/\\\/walkingranada.com\\\/\"},{\"@type\":\"ListItem\",\"position\":2,\"name\":\"Visitas guiadas\",\"item\":\"https:\\\/\\\/walkingranada.com\\\/visitas-guiadas\\\/\"},{\"@type\":\"ListItem\",\"position\":3,\"name\":\"Turismo accesible\",\"item\":\"https:\\\/\\\/walkingranada.com\\\/visitas-guiadas\\\/turismo-accesible\\\/\"},{\"@type\":\"ListItem\",\"position\":4,\"name\":\"Alhambra accesible\"}]},{\"@type\":\"WebSite\",\"@id\":\"https:\\\/\\\/walkingranada.com\\\/#website\",\"url\":\"https:\\\/\\\/walkingranada.com\\\/\",\"name\":\"Walk in Granada\",\"description\":\"Turismo responsable\",\"publisher\":{\"@id\":\"https:\\\/\\\/walkingranada.com\\\/#organization\"},\"alternateName\":\"Walk in Granada\",\"potentialAction\":[{\"@type\":\"SearchAction\",\"target\":{\"@type\":\"EntryPoint\",\"urlTemplate\":\"https:\\\/\\\/walkingranada.com\\\/?s={search_term_string}\"},\"query-input\":{\"@type\":\"PropertyValueSpecification\",\"valueRequired\":true,\"valueName\":\"search_term_string\"}}],\"inLanguage\":\"fr-FR\"},{\"@type\":\"Organization\",\"@id\":\"https:\\\/\\\/walkingranada.com\\\/#organization\",\"name\":\"Walk In Granada\",\"alternateName\":\"Walk In Granada\",\"url\":\"https:\\\/\\\/walkingranada.com\\\/\",\"logo\":{\"@type\":\"ImageObject\",\"inLanguage\":\"fr-FR\",\"@id\":\"https:\\\/\\\/walkingranada.com\\\/#\\\/schema\\\/logo\\\/image\\\/\",\"url\":\"https:\\\/\\\/walkingranada.com\\\/wp-content\\\/uploads\\\/2022\\\/12\\\/Logo-Walking.webp\",\"contentUrl\":\"https:\\\/\\\/walkingranada.com\\\/wp-content\\\/uploads\\\/2022\\\/12\\\/Logo-Walking.webp\",\"width\":512,\"height\":512,\"caption\":\"Walk In Granada\"},\"image\":{\"@id\":\"https:\\\/\\\/walkingranada.com\\\/#\\\/schema\\\/logo\\\/image\\\/\"},\"sameAs\":[\"https:\\\/\\\/es-es.facebook.com\\\/walkingranadatour\\\/\",\"https:\\\/\\\/x.com\\\/walkingranada\",\"https:\\\/\\\/www.instagram.com\\\/walkingranada\\\/\"]}]}<\/script>\n<!-- \/ Yoast SEO plugin. -->","yoast_head_json":{"title":"Tourisme accessible | Visite adapt\u00e9e \u00e0 l'Alhambra - Walk in Granada","description":"Visite de l'Alhambra pour les personnes ayant une mobilit\u00e9 r\u00e9duite. Une tourn\u00e9e con\u00e7ue pour profiter pleinement de la cit\u00e9 palatine.","robots":{"index":"index","follow":"follow","max-snippet":"max-snippet:-1","max-image-preview":"max-image-preview:large","max-video-preview":"max-video-preview:-1"},"canonical":"https:\/\/walkingranada.com\/fr\/visites-guidees\/tourisme-accessible\/visite-de-lalhambra\/","og_locale":"fr_FR","og_type":"article","og_title":"Turismo accesible | Visita adaptada Alhambra - Walk in Granada","og_description":"Visita a la Alhambra para personas con movilidad reducida. Un tour pensado para poder disfrutar al m\u00e1ximo de la ciudad palatina.","og_url":"https:\/\/walkingranada.com\/fr\/visites-guidees\/tourisme-accessible\/visite-de-lalhambra\/","og_site_name":"Walk in Granada","article_publisher":"https:\/\/es-es.facebook.com\/walkingranadatour\/","article_modified_time":"2026-04-28T06:51:01+00:00","og_image":[{"width":305,"height":305,"url":"https:\/\/walkingranada.com\/wp-content\/uploads\/2023\/01\/Visita-accesible-alhambra-2.webp","type":"image\/webp"}],"twitter_card":"summary_large_image","twitter_site":"@walkingranada","twitter_misc":{"Dur\u00e9e de lecture estim\u00e9e":"8 minutes"},"schema":{"@context":"https:\/\/schema.org","@graph":[{"@type":"WebPage","@id":"https:\/\/walkingranada.com\/visitas-guiadas\/turismo-accesible\/visita-alhambra\/","url":"https:\/\/walkingranada.com\/visitas-guiadas\/turismo-accesible\/visita-alhambra\/","name":"Tourisme accessible | Visite adapt\u00e9e \u00e0 l'Alhambra - Walk in Granada","isPartOf":{"@id":"https:\/\/walkingranada.com\/#website"},"primaryImageOfPage":{"@id":"https:\/\/walkingranada.com\/visitas-guiadas\/turismo-accesible\/visita-alhambra\/#primaryimage"},"image":{"@id":"https:\/\/walkingranada.com\/visitas-guiadas\/turismo-accesible\/visita-alhambra\/#primaryimage"},"thumbnailUrl":"https:\/\/walkingranada.com\/wp-content\/uploads\/2023\/01\/Visita-accesible-alhambra-2.webp","datePublished":"2022-10-27T08:58:14+00:00","dateModified":"2026-04-28T06:51:01+00:00","description":"Visite de l'Alhambra pour les personnes ayant une mobilit\u00e9 r\u00e9duite. Une tourn\u00e9e con\u00e7ue pour profiter pleinement de la cit\u00e9 palatine.","breadcrumb":{"@id":"https:\/\/walkingranada.com\/visitas-guiadas\/turismo-accesible\/visita-alhambra\/#breadcrumb"},"inLanguage":"fr-FR","potentialAction":[{"@type":"ReadAction","target":["https:\/\/walkingranada.com\/visitas-guiadas\/turismo-accesible\/visita-alhambra\/"]}]},{"@type":"ImageObject","inLanguage":"fr-FR","@id":"https:\/\/walkingranada.com\/visitas-guiadas\/turismo-accesible\/visita-alhambra\/#primaryimage","url":"https:\/\/walkingranada.com\/wp-content\/uploads\/2023\/01\/Visita-accesible-alhambra-2.webp","contentUrl":"https:\/\/walkingranada.com\/wp-content\/uploads\/2023\/01\/Visita-accesible-alhambra-2.webp","width":305,"height":305,"caption":"Visita-accesible-alhambra-2"},{"@type":"BreadcrumbList","@id":"https:\/\/walkingranada.com\/visitas-guiadas\/turismo-accesible\/visita-alhambra\/#breadcrumb","itemListElement":[{"@type":"ListItem","position":1,"name":"Portada","item":"https:\/\/walkingranada.com\/"},{"@type":"ListItem","position":2,"name":"Visitas guiadas","item":"https:\/\/walkingranada.com\/visitas-guiadas\/"},{"@type":"ListItem","position":3,"name":"Turismo accesible","item":"https:\/\/walkingranada.com\/visitas-guiadas\/turismo-accesible\/"},{"@type":"ListItem","position":4,"name":"Alhambra accesible"}]},{"@type":"WebSite","@id":"https:\/\/walkingranada.com\/#website","url":"https:\/\/walkingranada.com\/","name":"Walk in Granada","description":"Turismo responsable","publisher":{"@id":"https:\/\/walkingranada.com\/#organization"},"alternateName":"Walk in Granada","potentialAction":[{"@type":"SearchAction","target":{"@type":"EntryPoint","urlTemplate":"https:\/\/walkingranada.com\/?s={search_term_string}"},"query-input":{"@type":"PropertyValueSpecification","valueRequired":true,"valueName":"search_term_string"}}],"inLanguage":"fr-FR"},{"@type":"Organization","@id":"https:\/\/walkingranada.com\/#organization","name":"Walk In Granada","alternateName":"Walk In Granada","url":"https:\/\/walkingranada.com\/","logo":{"@type":"ImageObject","inLanguage":"fr-FR","@id":"https:\/\/walkingranada.com\/#\/schema\/logo\/image\/","url":"https:\/\/walkingranada.com\/wp-content\/uploads\/2022\/12\/Logo-Walking.webp","contentUrl":"https:\/\/walkingranada.com\/wp-content\/uploads\/2022\/12\/Logo-Walking.webp","width":512,"height":512,"caption":"Walk In Granada"},"image":{"@id":"https:\/\/walkingranada.com\/#\/schema\/logo\/image\/"},"sameAs":["https:\/\/es-es.facebook.com\/walkingranadatour\/","https:\/\/x.com\/walkingranada","https:\/\/www.instagram.com\/walkingranada\/"]}]}},"_links":{"self":[{"href":"https:\/\/walkingranada.com\/fr\/wp-json\/wp\/v2\/pages\/428","targetHints":{"allow":["GET"]}}],"collection":[{"href":"https:\/\/walkingranada.com\/fr\/wp-json\/wp\/v2\/pages"}],"about":[{"href":"https:\/\/walkingranada.com\/fr\/wp-json\/wp\/v2\/types\/page"}],"author":[{"embeddable":true,"href":"https:\/\/walkingranada.com\/fr\/wp-json\/wp\/v2\/users\/2"}],"replies":[{"embeddable":true,"href":"https:\/\/walkingranada.com\/fr\/wp-json\/wp\/v2\/comments?post=428"}],"version-history":[{"count":3,"href":"https:\/\/walkingranada.com\/fr\/wp-json\/wp\/v2\/pages\/428\/revisions"}],"predecessor-version":[{"id":7383,"href":"https:\/\/walkingranada.com\/fr\/wp-json\/wp\/v2\/pages\/428\/revisions\/7383"}],"up":[{"embeddable":true,"href":"https:\/\/walkingranada.com\/fr\/wp-json\/wp\/v2\/pages\/424"}],"wp:featuredmedia":[{"embeddable":true,"href":"https:\/\/walkingranada.com\/fr\/wp-json\/wp\/v2\/media\/2509"}],"wp:attachment":[{"href":"https:\/\/walkingranada.com\/fr\/wp-json\/wp\/v2\/media?parent=428"}],"curies":[{"name":"wp","href":"https:\/\/api.w.org\/{rel}","templated":true}]}}