{"id":426,"date":"2022-10-27T08:57:24","date_gmt":"2022-10-27T08:57:24","guid":{"rendered":"https:\/\/factum-omibu.es\/walkin\/?page_id=426"},"modified":"2023-05-09T09:54:10","modified_gmt":"2023-05-09T09:54:10","slug":"routes-lorquiennes","status":"publish","type":"page","link":"https:\/\/walkingranada.com\/fr\/visitas-guiadas\/rutas-lorquianas\/","title":{"rendered":"Visites Lorquiennes"},"content":{"rendered":"<p>VISITES GUID\u00c9ES &gt; ROUTES LORQUIENNES<\/p>\r\n<h1>\r\n\t\tROUTES LORQUIENNES\r\n\t<\/h1>\r\n\t<p>D\u00e9couvrez l'univers de Federico Garc\u00eda Lorca avec ces 3 visites diff\u00e9rentes.<\/p>\r\n\t<p>D\u00e9couvrez la figure de l'un des po\u00e8tes les plus universels de la g\u00e9n\u00e9ration 27, son lieu de r\u00e9sidence, ses cercles intellectuels, ses lieux de rencontre, ses relations avec d'autres artistes de Grenade et d'Espagne, ses sources d'inspiration et les d\u00e9tails de sa mort tragique.<\/p>\r\n<h2>\r\n\t\tRutas lorquianas\r\n\t<\/h2>\r\n\t<section>\r\n            <img decoding=\"async\" loading=\"lazy\" src=\"https:\/\/walkingranada.com\/wp-content\/uploads\/2023\/01\/Lorca-Fuente-Vaqueros.webp\" alt=\"Ruta Lorca Puebloss\"\/>\r\n                <h3>Route des villages de Federico Garc\u00eda Lorca<\/h3>\r\n                <hr \/>\r\n                <p>Un parcours pour conna\u00eetre et comprendre l'environnement qui a inspir\u00e9 la po\u00e9sie et le th\u00e9\u00e2tre de Lorca.<\/p>\r\n                <hr \/>\r\n            <a href=\"https:\/\/walkingranada.com\/fr\/visites-guidees\/routes-lorquiennes\/lorca-villages\/\">R\u00e9server &gt;<\/a>\r\n            <img decoding=\"async\" loading=\"lazy\" src=\"https:\/\/walkingranada.com\/wp-content\/uploads\/2023\/01\/Centro-Garcia-Lorca.webp\" alt=\"Ruta Lorca Centro\"\/>\r\n                <h3>Route Federico Garc\u00eda Lorca centre<\/h3>\r\n                <hr \/>\r\n                <p>Elle couvre la jeunesse du po\u00e8te et les derniers mois de sa vie \u00e0 Granada.<\/p>\r\n                <hr \/>\r\n            <a href=\"https:\/\/walkingranada.com\/fr\/visites-guidees\/routes-lorquiennes\/ville-de-lorque\/\">R\u00e9server &gt;<\/a>\r\n            <img decoding=\"async\" loading=\"lazy\" src=\"https:\/\/walkingranada.com\/wp-content\/uploads\/2023\/01\/Vega-Granada-Lorca.webp\" alt=\"Ruta Lorca Vega\"\/>\r\n                <h3>Une journ\u00e9e avec Lorca dans la route de la vega<\/h3>\r\n                <hr \/>\r\n                <p>Faites le tour de l'enfance de Federico jusqu'\u00e0 sa mort \u00e0 Granada.<\/p>\r\n                <hr \/>\r\n            <a href=\"https:\/\/walkingranada.com\/fr\/visites-guidees\/routes-lorquiennes\/lorca-vega\/\">R\u00e9server &gt;<\/a>\r\n    <\/section>\r\n<h2>\r\n\t\tVoyagez-vous dans d'autres villes ?\r\n\t<\/h2>\r\n\t<p>FREE TOUR COMMUNITY<\/p>\r\n\t<p>Walk in Granada est une entreprise locale qui propose des visites guid\u00e9es exclusivement \u00e0 Grenade. Cependant, nous faisons partie d'un r\u00e9seau d'agences locales qui se sont unies autour d'une m\u00eame philosophie : le respect de nos villes et le tourisme responsable. D\u00e9couvrez les meilleurs circuits locaux du monde entier sur Free Tour Community.<\/p>\r\n\t\t\t\t<img decoding=\"async\" loading=\"lazy\" src=\"https:\/\/walkingranada.com\/wp-content\/uploads\/2022\/10\/logo-freetour-1.png\" alt=\"logo-freetour\" itemprop=\"image\" height=\"98\" width=\"316\" title=\"logo-freetour 1\" onerror=\"this.style.display='none'\"  \/>\r\n<h2>\r\n\t\tTambi\u00e9n puedes reservar nuestros otros servicios&#8230;\r\n\t<\/h2>\r\n\t<a href=\"https:\/\/walkingranada.com\/fr\/que-faire-a-granada\/flamenco\/\" target=\"_self\" rel=\"noopener\"><\/a>\t\t\t<img decoding=\"async\" loading=\"lazy\" alt=\"bailaora flamenca\" src=\"https:\/\/walkingranada.com\/wp-content\/uploads\/2022\/10\/Rectangle-42.png\"\/>\r\n\t\t<h3>Flamenco<\/h3>\r\n\t<a href=\"https:\/\/walkingranada.com\/fr\/que-faire-a-granada\/hammam-al-andalus\/\" target=\"_self\" rel=\"noopener\"><\/a>\t\t\t<img decoding=\"async\" loading=\"lazy\" alt=\"ba\u00f1os \u00e1rabes\" src=\"https:\/\/walkingranada.com\/wp-content\/uploads\/2022\/10\/Rectangle-43.png\"\/>\r\n\t\t<h3>Hammam <br \/>Al-\u00e1ndalus<\/h3>\r\n\t<a href=\"https:\/\/walkingranada.com\/fr\/que-faire-a-granada\/excursions\/\" target=\"_self\" rel=\"noopener\"><\/a>\t\t\t<img decoding=\"async\" loading=\"lazy\" alt=\"mezquita de c\u00f3rdoba\" src=\"https:\/\/walkingranada.com\/wp-content\/uploads\/2022\/10\/Rectangle-45.png\"\/>\r\n\t\t<h3>excursions <br \/>d\u2019une journ\u00e9e<\/h3>\r\n\t<a href=\"https:\/\/walkingranada.com\/fr\/que-faire-a-granada\/route-olfactif\/\" target=\"_self\" rel=\"noopener\"><\/a>\t\t\t<img decoding=\"async\" loading=\"lazy\" alt=\"imagen de una chica joven\" src=\"https:\/\/walkingranada.com\/wp-content\/uploads\/2022\/10\/Rectangle-38.png\"\/>\r\n\t\t<h3>Route olfactif<\/h3>","protected":false},"excerpt":{"rendered":"<p>Visitas guiadas &gt; Rutas lorquianas RUTAS LORQUIANAS Descubre el universo de Federico Garc\u00eda Lorca con estas 3 distintas visitas Conoce la figura de uno de los poetas m\u00e1s universales de la Generaci\u00f3n del 27; donde viv\u00eda, sus c\u00edrculos intelectuales, sus lugares de reuni\u00f3n, sus relaciones con otros artistas granadinos y espa\u00f1oles, sus fuentes de inspiraci\u00f3n &#8230; <a title=\"Visites Lorquiennes\" class=\"read-more\" href=\"https:\/\/walkingranada.com\/fr\/visitas-guiadas\/rutas-lorquianas\/\" aria-label=\"En savoir plus sur Rutas Lorquianas\">Lire la suite<\/a><\/p>","protected":false},"author":2,"featured_media":0,"parent":94,"menu_order":0,"comment_status":"closed","ping_status":"closed","template":"","meta":{"footnotes":""},"class_list":["post-426","page","type-page","status-publish"],"yoast_head":"<!-- This site is optimized with the Yoast SEO plugin v27.5 - https:\/\/yoast.com\/product\/yoast-seo-wordpress\/ -->\n<title>Rutas Lorquianas - Walk in Granada<\/title>\n<meta name=\"description\" content=\"Ofrecemos tres rutas basadas en la vida y obra de Federico Garc\u00eda Lorca. Descubre la historia del poeta a trav\u00e9s de los lugares en que vivi\u00f3.\" \/>\n<meta name=\"robots\" content=\"index, follow, max-snippet:-1, max-image-preview:large, max-video-preview:-1\" \/>\n<link rel=\"canonical\" href=\"https:\/\/walkingranada.com\/fr\/visites-guidees\/routes-lorquiennes\/\" \/>\n<meta property=\"og:locale\" content=\"fr_FR\" \/>\n<meta property=\"og:type\" content=\"article\" \/>\n<meta property=\"og:title\" content=\"Rutas Lorquianas - Walk in Granada\" \/>\n<meta property=\"og:description\" content=\"Ofrecemos tres rutas basadas en la vida y obra de Federico Garc\u00eda Lorca. Descubre la historia del poeta a trav\u00e9s de los lugares en que vivi\u00f3.\" \/>\n<meta property=\"og:url\" content=\"https:\/\/walkingranada.com\/fr\/visites-guidees\/routes-lorquiennes\/\" \/>\n<meta property=\"og:site_name\" content=\"Walk in Granada\" \/>\n<meta property=\"article:publisher\" content=\"https:\/\/es-es.facebook.com\/walkingranadatour\/\" \/>\n<meta property=\"article:modified_time\" content=\"2023-05-09T09:54:10+00:00\" \/>\n<meta property=\"og:image\" content=\"https:\/\/walkingranada.com\/wp-content\/uploads\/2023\/01\/Lorca-Fuente-Vaqueros.webp\" \/>\n<meta name=\"twitter:card\" content=\"summary_large_image\" \/>\n<meta name=\"twitter:site\" content=\"@walkingranada\" \/>\n<meta name=\"twitter:label1\" content=\"Dur\u00e9e de lecture estim\u00e9e\" \/>\n\t<meta name=\"twitter:data1\" content=\"3 minutes\" \/>\n<script type=\"application\/ld+json\" class=\"yoast-schema-graph\">{\"@context\":\"https:\\\/\\\/schema.org\",\"@graph\":[{\"@type\":\"WebPage\",\"@id\":\"https:\\\/\\\/walkingranada.com\\\/visitas-guiadas\\\/rutas-lorquianas\\\/\",\"url\":\"https:\\\/\\\/walkingranada.com\\\/visitas-guiadas\\\/rutas-lorquianas\\\/\",\"name\":\"Rutas Lorquianas - Walk in Granada\",\"isPartOf\":{\"@id\":\"https:\\\/\\\/walkingranada.com\\\/#website\"},\"primaryImageOfPage\":{\"@id\":\"https:\\\/\\\/walkingranada.com\\\/visitas-guiadas\\\/rutas-lorquianas\\\/#primaryimage\"},\"image\":{\"@id\":\"https:\\\/\\\/walkingranada.com\\\/visitas-guiadas\\\/rutas-lorquianas\\\/#primaryimage\"},\"thumbnailUrl\":\"https:\\\/\\\/walkingranada.com\\\/wp-content\\\/uploads\\\/2023\\\/01\\\/Lorca-Fuente-Vaqueros.webp\",\"datePublished\":\"2022-10-27T08:57:24+00:00\",\"dateModified\":\"2023-05-09T09:54:10+00:00\",\"description\":\"Ofrecemos tres rutas basadas en la vida y obra de Federico Garc\u00eda Lorca. Descubre la historia del poeta a trav\u00e9s de los lugares en que vivi\u00f3.\",\"breadcrumb\":{\"@id\":\"https:\\\/\\\/walkingranada.com\\\/visitas-guiadas\\\/rutas-lorquianas\\\/#breadcrumb\"},\"inLanguage\":\"fr-FR\",\"potentialAction\":[{\"@type\":\"ReadAction\",\"target\":[\"https:\\\/\\\/walkingranada.com\\\/visitas-guiadas\\\/rutas-lorquianas\\\/\"]}]},{\"@type\":\"ImageObject\",\"inLanguage\":\"fr-FR\",\"@id\":\"https:\\\/\\\/walkingranada.com\\\/visitas-guiadas\\\/rutas-lorquianas\\\/#primaryimage\",\"url\":\"https:\\\/\\\/walkingranada.com\\\/wp-content\\\/uploads\\\/2023\\\/01\\\/Lorca-Fuente-Vaqueros.webp\",\"contentUrl\":\"https:\\\/\\\/walkingranada.com\\\/wp-content\\\/uploads\\\/2023\\\/01\\\/Lorca-Fuente-Vaqueros.webp\"},{\"@type\":\"BreadcrumbList\",\"@id\":\"https:\\\/\\\/walkingranada.com\\\/visitas-guiadas\\\/rutas-lorquianas\\\/#breadcrumb\",\"itemListElement\":[{\"@type\":\"ListItem\",\"position\":1,\"name\":\"Portada\",\"item\":\"https:\\\/\\\/walkingranada.com\\\/\"},{\"@type\":\"ListItem\",\"position\":2,\"name\":\"Visitas guiadas\",\"item\":\"https:\\\/\\\/walkingranada.com\\\/visitas-guiadas\\\/\"},{\"@type\":\"ListItem\",\"position\":3,\"name\":\"Rutas Lorquianas\"}]},{\"@type\":\"WebSite\",\"@id\":\"https:\\\/\\\/walkingranada.com\\\/#website\",\"url\":\"https:\\\/\\\/walkingranada.com\\\/\",\"name\":\"Walk in Granada\",\"description\":\"Turismo responsable\",\"publisher\":{\"@id\":\"https:\\\/\\\/walkingranada.com\\\/#organization\"},\"alternateName\":\"Walk in Granada\",\"potentialAction\":[{\"@type\":\"SearchAction\",\"target\":{\"@type\":\"EntryPoint\",\"urlTemplate\":\"https:\\\/\\\/walkingranada.com\\\/?s={search_term_string}\"},\"query-input\":{\"@type\":\"PropertyValueSpecification\",\"valueRequired\":true,\"valueName\":\"search_term_string\"}}],\"inLanguage\":\"fr-FR\"},{\"@type\":\"Organization\",\"@id\":\"https:\\\/\\\/walkingranada.com\\\/#organization\",\"name\":\"Walk In Granada\",\"alternateName\":\"Walk In Granada\",\"url\":\"https:\\\/\\\/walkingranada.com\\\/\",\"logo\":{\"@type\":\"ImageObject\",\"inLanguage\":\"fr-FR\",\"@id\":\"https:\\\/\\\/walkingranada.com\\\/#\\\/schema\\\/logo\\\/image\\\/\",\"url\":\"https:\\\/\\\/walkingranada.com\\\/wp-content\\\/uploads\\\/2022\\\/12\\\/Logo-Walking.webp\",\"contentUrl\":\"https:\\\/\\\/walkingranada.com\\\/wp-content\\\/uploads\\\/2022\\\/12\\\/Logo-Walking.webp\",\"width\":512,\"height\":512,\"caption\":\"Walk In Granada\"},\"image\":{\"@id\":\"https:\\\/\\\/walkingranada.com\\\/#\\\/schema\\\/logo\\\/image\\\/\"},\"sameAs\":[\"https:\\\/\\\/es-es.facebook.com\\\/walkingranadatour\\\/\",\"https:\\\/\\\/x.com\\\/walkingranada\",\"https:\\\/\\\/www.instagram.com\\\/walkingranada\\\/\"]}]}<\/script>\n<!-- \/ Yoast SEO plugin. -->","yoast_head_json":{"title":"Routes Lorquiennes - Walk in Granada","description":"Nous offrons trois itin\u00e9raires bas\u00e9s sur la vie et l'\u0153uvre de Federico Garc\u00eda Lorca. D\u00e9couvrez l'histoire du po\u00e8te \u00e0 travers les endroits o\u00f9 il a v\u00e9cu.","robots":{"index":"index","follow":"follow","max-snippet":"max-snippet:-1","max-image-preview":"max-image-preview:large","max-video-preview":"max-video-preview:-1"},"canonical":"https:\/\/walkingranada.com\/fr\/visites-guidees\/routes-lorquiennes\/","og_locale":"fr_FR","og_type":"article","og_title":"Rutas Lorquianas - Walk in Granada","og_description":"Ofrecemos tres rutas basadas en la vida y obra de Federico Garc\u00eda Lorca. Descubre la historia del poeta a trav\u00e9s de los lugares en que vivi\u00f3.","og_url":"https:\/\/walkingranada.com\/fr\/visites-guidees\/routes-lorquiennes\/","og_site_name":"Walk in Granada","article_publisher":"https:\/\/es-es.facebook.com\/walkingranadatour\/","article_modified_time":"2023-05-09T09:54:10+00:00","og_image":[{"url":"https:\/\/walkingranada.com\/wp-content\/uploads\/2023\/01\/Lorca-Fuente-Vaqueros.webp","type":"","width":"","height":""}],"twitter_card":"summary_large_image","twitter_site":"@walkingranada","twitter_misc":{"Dur\u00e9e de lecture estim\u00e9e":"3 minutes"},"schema":{"@context":"https:\/\/schema.org","@graph":[{"@type":"WebPage","@id":"https:\/\/walkingranada.com\/visitas-guiadas\/rutas-lorquianas\/","url":"https:\/\/walkingranada.com\/visitas-guiadas\/rutas-lorquianas\/","name":"Routes Lorquiennes - Walk in Granada","isPartOf":{"@id":"https:\/\/walkingranada.com\/#website"},"primaryImageOfPage":{"@id":"https:\/\/walkingranada.com\/visitas-guiadas\/rutas-lorquianas\/#primaryimage"},"image":{"@id":"https:\/\/walkingranada.com\/visitas-guiadas\/rutas-lorquianas\/#primaryimage"},"thumbnailUrl":"https:\/\/walkingranada.com\/wp-content\/uploads\/2023\/01\/Lorca-Fuente-Vaqueros.webp","datePublished":"2022-10-27T08:57:24+00:00","dateModified":"2023-05-09T09:54:10+00:00","description":"Nous offrons trois itin\u00e9raires bas\u00e9s sur la vie et l'\u0153uvre de Federico Garc\u00eda Lorca. D\u00e9couvrez l'histoire du po\u00e8te \u00e0 travers les endroits o\u00f9 il a v\u00e9cu.","breadcrumb":{"@id":"https:\/\/walkingranada.com\/visitas-guiadas\/rutas-lorquianas\/#breadcrumb"},"inLanguage":"fr-FR","potentialAction":[{"@type":"ReadAction","target":["https:\/\/walkingranada.com\/visitas-guiadas\/rutas-lorquianas\/"]}]},{"@type":"ImageObject","inLanguage":"fr-FR","@id":"https:\/\/walkingranada.com\/visitas-guiadas\/rutas-lorquianas\/#primaryimage","url":"https:\/\/walkingranada.com\/wp-content\/uploads\/2023\/01\/Lorca-Fuente-Vaqueros.webp","contentUrl":"https:\/\/walkingranada.com\/wp-content\/uploads\/2023\/01\/Lorca-Fuente-Vaqueros.webp"},{"@type":"BreadcrumbList","@id":"https:\/\/walkingranada.com\/visitas-guiadas\/rutas-lorquianas\/#breadcrumb","itemListElement":[{"@type":"ListItem","position":1,"name":"Portada","item":"https:\/\/walkingranada.com\/"},{"@type":"ListItem","position":2,"name":"Visitas guiadas","item":"https:\/\/walkingranada.com\/visitas-guiadas\/"},{"@type":"ListItem","position":3,"name":"Rutas Lorquianas"}]},{"@type":"WebSite","@id":"https:\/\/walkingranada.com\/#website","url":"https:\/\/walkingranada.com\/","name":"Walk in Granada","description":"Turismo responsable","publisher":{"@id":"https:\/\/walkingranada.com\/#organization"},"alternateName":"Walk in Granada","potentialAction":[{"@type":"SearchAction","target":{"@type":"EntryPoint","urlTemplate":"https:\/\/walkingranada.com\/?s={search_term_string}"},"query-input":{"@type":"PropertyValueSpecification","valueRequired":true,"valueName":"search_term_string"}}],"inLanguage":"fr-FR"},{"@type":"Organization","@id":"https:\/\/walkingranada.com\/#organization","name":"Walk In Granada","alternateName":"Walk In Granada","url":"https:\/\/walkingranada.com\/","logo":{"@type":"ImageObject","inLanguage":"fr-FR","@id":"https:\/\/walkingranada.com\/#\/schema\/logo\/image\/","url":"https:\/\/walkingranada.com\/wp-content\/uploads\/2022\/12\/Logo-Walking.webp","contentUrl":"https:\/\/walkingranada.com\/wp-content\/uploads\/2022\/12\/Logo-Walking.webp","width":512,"height":512,"caption":"Walk In Granada"},"image":{"@id":"https:\/\/walkingranada.com\/#\/schema\/logo\/image\/"},"sameAs":["https:\/\/es-es.facebook.com\/walkingranadatour\/","https:\/\/x.com\/walkingranada","https:\/\/www.instagram.com\/walkingranada\/"]}]}},"_links":{"self":[{"href":"https:\/\/walkingranada.com\/fr\/wp-json\/wp\/v2\/pages\/426","targetHints":{"allow":["GET"]}}],"collection":[{"href":"https:\/\/walkingranada.com\/fr\/wp-json\/wp\/v2\/pages"}],"about":[{"href":"https:\/\/walkingranada.com\/fr\/wp-json\/wp\/v2\/types\/page"}],"author":[{"embeddable":true,"href":"https:\/\/walkingranada.com\/fr\/wp-json\/wp\/v2\/users\/2"}],"replies":[{"embeddable":true,"href":"https:\/\/walkingranada.com\/fr\/wp-json\/wp\/v2\/comments?post=426"}],"version-history":[{"count":0,"href":"https:\/\/walkingranada.com\/fr\/wp-json\/wp\/v2\/pages\/426\/revisions"}],"up":[{"embeddable":true,"href":"https:\/\/walkingranada.com\/fr\/wp-json\/wp\/v2\/pages\/94"}],"wp:attachment":[{"href":"https:\/\/walkingranada.com\/fr\/wp-json\/wp\/v2\/media?parent=426"}],"curies":[{"name":"wp","href":"https:\/\/api.w.org\/{rel}","templated":true}]}}