{"id":424,"date":"2022-10-27T08:56:45","date_gmt":"2022-10-27T08:56:45","guid":{"rendered":"https:\/\/factum-omibu.es\/walkin\/?page_id=424"},"modified":"2026-04-29T14:17:34","modified_gmt":"2026-04-29T14:17:34","slug":"tourisme-accessible","status":"publish","type":"page","link":"https:\/\/walkingranada.com\/fr\/visitas-guiadas\/turismo-accesible\/","title":{"rendered":"Tourisme accessible"},"content":{"rendered":"<p>Visites guid\u00e9es &gt; Tourisme accessible<\/p>\n<h1>\n\t\t\tTourisme accessible\t<\/h1>\n<h2>\n\t\t\tUne visite accessible \u00e0 Grenade ou \u00e0 l'Alhambra\t<\/h2>\n\t<p>Il y a plusieurs ann\u00e9es, apr\u00e8s plusieurs demandes de visites guid\u00e9es de la part de clients \u00e0 mobilit\u00e9 r\u00e9duite, nous avons r\u00e9alis\u00e9 qu'il n'existait pratiquement aucune offre pour ce type de besoins \u00e0 Grenade et nous avons d\u00e9cid\u00e9 de combler cette lacune.<\/p>\n<p>Aujourd'hui, Walk in Granada propose plusieurs itin\u00e9raires accessibles aux fauteuils roulants (tant manuels que motoris\u00e9s), v\u00e9rifi\u00e9s et test\u00e9s par des associations et des clients.<\/p>\n<p>Gr\u00e2ce \u00e0 ce processus de conception et de mise en \u0153uvre des itin\u00e9raires, des collaborations et des accords ont \u00e9t\u00e9 conclus avec les principales associations du secteur et les entreprises de transport adapt\u00e9, dont FEGRADI, ASPAYM, AGDEM, La Ciudad Accesible et le Gremial del Taxi de Granada.<\/p>\n\t <section id=\"servicios\">\n            <img decoding=\"async\" loading=\"lazy\" src=\"https:\/\/walkingranada.com\/wp-content\/uploads\/2023\/01\/visita-accesible-alhambra.webp\" width=\"100%\" alt=\"Visita Accesible alhambra\"\/>\n                <h3> Visite guid\u00e9e priv\u00e9e de l'Alhambra<\/h3>\n                <hr \/>\n                <p>D\u00e9couvrez l\u2019imposante forteresse nasride avec l\u2019un de nos guides officiels.<\/p>\n                <hr \/>\n                    <p> Tous les jours<\/p>\n                    <p> Selon la disponibilit\u00e9<\/p>\n                    <p> 3h<\/p>\n                    \u00c0 partir de\n                    <p>48\u20ac<\/p>\/pax\n            <a href=\"https:\/\/walkingranada.com\/fr\/visites-guidees\/tourisme-accessible\/visite-de-lalhambra\/\">R\u00e9server &gt;<\/a>\n            <img decoding=\"async\" loading=\"lazy\" src=\"https:\/\/walkingranada.com\/wp-content\/uploads\/2026\/04\/turismo-accesible-capilla-real.jpg\" width=\"100%\" alt=\"Ruta adaptada centro y albaicin\"\/>\n                <h3>Parcours adapt\u00e9 \u00e0 travers le centre historique et l'Albaic\u00edn<\/h3>\n                <hr \/>\n                <p>Cet itin\u00e9raire nous fera d\u00e9couvrir des b\u00e2timents embl\u00e9matiques de la ville de Granada.<\/p>\n                <hr \/>\n                    <p> Tous les jours<\/p>\n                    <p> Selon la disponibilit\u00e9<\/p>\n                    <p> 2,5h<\/p>\n                    \u00c0 partir de\n                    <p>27\u20ac<\/p>\/pax\n            <a href=\"https:\/\/walkingranada.com\/fr\/visites-guidees\/tourisme-accessible\/centre-historique-albaicin-adapte\/\">R\u00e9server &gt;<\/a>\n    <\/section>\n<h2>\n\t\t\tVoyagez-vous dans d'autres villes ?\t<\/h2>\n\t<p>FREE TOUR COMMUNITY<\/p>\n\t<p>Walk in Granada est une entreprise locale qui propose des visites guid\u00e9es exclusivement \u00e0 Grenade. Cependant, nous faisons partie d'un r\u00e9seau d'agences locales qui se sont unies autour d'une m\u00eame philosophie : le respect de nos villes et le tourisme responsable. D\u00e9couvrez les meilleurs circuits locaux du monde entier sur Free Tour Community.<\/p>\n<figure itemscope itemtype=\"https:\/\/schema.org\/ImageObject\">\n\t\t\t\t<img decoding=\"async\" src=\"https:\/\/walkingranada.com\/wp-content\/uploads\/2022\/10\/logo-freetour-1.png\" alt=\"logo-freetour\" height=\"98\" width=\"316\" title=\"logo-freetour 1\" onerror=\"this.style.display='none'\" loading=\"lazy\" \/>\n\t<\/figure>\n<h3>\n\t\t\tTambi\u00e9n puedes reservar nuestros otros servicios&#8230;\t<\/h3>\n\t<a href=\"https:\/\/walkingranada.com\/fr\/que-faire-a-granada\/flamenco\/\" target=\"_self\"><\/a>\t\t\t<img decoding=\"async\" loading=\"lazy\" alt=\"bailaora flamenca\" src=\"https:\/\/walkingranada.com\/wp-content\/uploads\/2022\/10\/Rectangle-42.png\"\/>\n\t\t<h3>Flamenco<\/h3>\n\t<a href=\"https:\/\/walkingranada.com\/fr\/que-faire-a-granada\/hammam-al-andalus\/\" target=\"_self\"><\/a>\t\t\t<img decoding=\"async\" loading=\"lazy\" alt=\"ba\u00f1os \u00e1rabes\" src=\"https:\/\/walkingranada.com\/wp-content\/uploads\/2022\/10\/Rectangle-43.png\"\/>\n\t\t<h3>Hammam <br \/>Al-\u00e1ndalus<\/h3>\n\t<a href=\"https:\/\/walkingranada.com\/fr\/que-faire-a-granada\/excursions\/\" target=\"_self\"><\/a>\t\t\t<img decoding=\"async\" loading=\"lazy\" alt=\"mezquita de c\u00f3rdoba\" src=\"https:\/\/walkingranada.com\/wp-content\/uploads\/2022\/10\/Rectangle-45.png\"\/>\n\t\t<h3>excursions <br \/>d\u2019une journ\u00e9e<\/h3>\n\t<a href=\"https:\/\/walkingranada.com\/fr\/que-faire-a-granada\/route-olfactif\/\" target=\"_self\"><\/a>\t\t\t<img decoding=\"async\" loading=\"lazy\" alt=\"imagen de una chica joven\" src=\"https:\/\/walkingranada.com\/wp-content\/uploads\/2022\/10\/Rectangle-38.png\"\/>\n\t\t<h3>Route olfactif<\/h3>","protected":false},"excerpt":{"rendered":"<p>Visitas Guiadas &gt; Turismo accesible Turismo accesible Una visita accesible en Granada o La Alhambra Hace varios a\u00f1os, tras varias peticiones de rutas guiadas por parte de clientes con movilidad reducida, nos dimos cuenta que en Granada no exist\u00eda pr\u00e1cticamente oferta para este tipo de exigencias y decidimos cubrir ese vac\u00edo. A d\u00eda de hoy &#8230; <a title=\"Tourisme accessible\" class=\"read-more\" href=\"https:\/\/walkingranada.com\/fr\/visitas-guiadas\/turismo-accesible\/\" aria-label=\"En savoir plus sur Turismo accesible\">Lire la suite<\/a><\/p>","protected":false},"author":2,"featured_media":0,"parent":94,"menu_order":0,"comment_status":"closed","ping_status":"closed","template":"","meta":{"footnotes":""},"class_list":["post-424","page","type-page","status-publish"],"yoast_head":"<!-- This site is optimized with the Yoast SEO plugin v27.5 - https:\/\/yoast.com\/product\/yoast-seo-wordpress\/ -->\n<title>Turismo accesible - Walk in Granada<\/title>\n<meta name=\"description\" content=\"Presentamos dos rutas adaptadas para personas con Movilidad Reducida en Granada. Que nada te pare. \u00a1Descubre Granada con nuestros gu\u00edas!\" \/>\n<meta name=\"robots\" content=\"index, follow, max-snippet:-1, max-image-preview:large, max-video-preview:-1\" \/>\n<link rel=\"canonical\" href=\"https:\/\/walkingranada.com\/fr\/visites-guidees\/tourisme-accessible\/\" \/>\n<meta property=\"og:locale\" content=\"fr_FR\" \/>\n<meta property=\"og:type\" content=\"article\" \/>\n<meta property=\"og:title\" content=\"Turismo accesible - Walk in Granada\" \/>\n<meta property=\"og:description\" content=\"Presentamos dos rutas adaptadas para personas con Movilidad Reducida en Granada. Que nada te pare. \u00a1Descubre Granada con nuestros gu\u00edas!\" \/>\n<meta property=\"og:url\" content=\"https:\/\/walkingranada.com\/fr\/visites-guidees\/tourisme-accessible\/\" \/>\n<meta property=\"og:site_name\" content=\"Walk in Granada\" \/>\n<meta property=\"article:publisher\" content=\"https:\/\/es-es.facebook.com\/walkingranadatour\/\" \/>\n<meta property=\"article:modified_time\" content=\"2026-04-29T14:17:34+00:00\" \/>\n<meta property=\"og:image\" content=\"https:\/\/walkingranada.com\/wp-content\/uploads\/2023\/01\/visita-accesible-alhambra.webp\" \/>\n<meta name=\"twitter:card\" content=\"summary_large_image\" \/>\n<meta name=\"twitter:site\" content=\"@walkingranada\" \/>\n<meta name=\"twitter:label1\" content=\"Dur\u00e9e de lecture estim\u00e9e\" \/>\n\t<meta name=\"twitter:data1\" content=\"3 minutes\" \/>\n<script type=\"application\/ld+json\" class=\"yoast-schema-graph\">{\"@context\":\"https:\\\/\\\/schema.org\",\"@graph\":[{\"@type\":\"WebPage\",\"@id\":\"https:\\\/\\\/walkingranada.com\\\/visitas-guiadas\\\/turismo-accesible\\\/\",\"url\":\"https:\\\/\\\/walkingranada.com\\\/visitas-guiadas\\\/turismo-accesible\\\/\",\"name\":\"Turismo accesible - Walk in Granada\",\"isPartOf\":{\"@id\":\"https:\\\/\\\/walkingranada.com\\\/#website\"},\"primaryImageOfPage\":{\"@id\":\"https:\\\/\\\/walkingranada.com\\\/visitas-guiadas\\\/turismo-accesible\\\/#primaryimage\"},\"image\":{\"@id\":\"https:\\\/\\\/walkingranada.com\\\/visitas-guiadas\\\/turismo-accesible\\\/#primaryimage\"},\"thumbnailUrl\":\"https:\\\/\\\/walkingranada.com\\\/wp-content\\\/uploads\\\/2023\\\/01\\\/visita-accesible-alhambra.webp\",\"datePublished\":\"2022-10-27T08:56:45+00:00\",\"dateModified\":\"2026-04-29T14:17:34+00:00\",\"description\":\"Presentamos dos rutas adaptadas para personas con Movilidad Reducida en Granada. Que nada te pare. \u00a1Descubre Granada con nuestros gu\u00edas!\",\"breadcrumb\":{\"@id\":\"https:\\\/\\\/walkingranada.com\\\/visitas-guiadas\\\/turismo-accesible\\\/#breadcrumb\"},\"inLanguage\":\"fr-FR\",\"potentialAction\":[{\"@type\":\"ReadAction\",\"target\":[\"https:\\\/\\\/walkingranada.com\\\/visitas-guiadas\\\/turismo-accesible\\\/\"]}]},{\"@type\":\"ImageObject\",\"inLanguage\":\"fr-FR\",\"@id\":\"https:\\\/\\\/walkingranada.com\\\/visitas-guiadas\\\/turismo-accesible\\\/#primaryimage\",\"url\":\"https:\\\/\\\/walkingranada.com\\\/wp-content\\\/uploads\\\/2023\\\/01\\\/visita-accesible-alhambra.webp\",\"contentUrl\":\"https:\\\/\\\/walkingranada.com\\\/wp-content\\\/uploads\\\/2023\\\/01\\\/visita-accesible-alhambra.webp\"},{\"@type\":\"BreadcrumbList\",\"@id\":\"https:\\\/\\\/walkingranada.com\\\/visitas-guiadas\\\/turismo-accesible\\\/#breadcrumb\",\"itemListElement\":[{\"@type\":\"ListItem\",\"position\":1,\"name\":\"Portada\",\"item\":\"https:\\\/\\\/walkingranada.com\\\/\"},{\"@type\":\"ListItem\",\"position\":2,\"name\":\"Visitas guiadas\",\"item\":\"https:\\\/\\\/walkingranada.com\\\/visitas-guiadas\\\/\"},{\"@type\":\"ListItem\",\"position\":3,\"name\":\"Turismo accesible\"}]},{\"@type\":\"WebSite\",\"@id\":\"https:\\\/\\\/walkingranada.com\\\/#website\",\"url\":\"https:\\\/\\\/walkingranada.com\\\/\",\"name\":\"Walk in Granada\",\"description\":\"Turismo responsable\",\"publisher\":{\"@id\":\"https:\\\/\\\/walkingranada.com\\\/#organization\"},\"alternateName\":\"Walk in Granada\",\"potentialAction\":[{\"@type\":\"SearchAction\",\"target\":{\"@type\":\"EntryPoint\",\"urlTemplate\":\"https:\\\/\\\/walkingranada.com\\\/?s={search_term_string}\"},\"query-input\":{\"@type\":\"PropertyValueSpecification\",\"valueRequired\":true,\"valueName\":\"search_term_string\"}}],\"inLanguage\":\"fr-FR\"},{\"@type\":\"Organization\",\"@id\":\"https:\\\/\\\/walkingranada.com\\\/#organization\",\"name\":\"Walk In Granada\",\"alternateName\":\"Walk In Granada\",\"url\":\"https:\\\/\\\/walkingranada.com\\\/\",\"logo\":{\"@type\":\"ImageObject\",\"inLanguage\":\"fr-FR\",\"@id\":\"https:\\\/\\\/walkingranada.com\\\/#\\\/schema\\\/logo\\\/image\\\/\",\"url\":\"https:\\\/\\\/walkingranada.com\\\/wp-content\\\/uploads\\\/2022\\\/12\\\/Logo-Walking.webp\",\"contentUrl\":\"https:\\\/\\\/walkingranada.com\\\/wp-content\\\/uploads\\\/2022\\\/12\\\/Logo-Walking.webp\",\"width\":512,\"height\":512,\"caption\":\"Walk In Granada\"},\"image\":{\"@id\":\"https:\\\/\\\/walkingranada.com\\\/#\\\/schema\\\/logo\\\/image\\\/\"},\"sameAs\":[\"https:\\\/\\\/es-es.facebook.com\\\/walkingranadatour\\\/\",\"https:\\\/\\\/x.com\\\/walkingranada\",\"https:\\\/\\\/www.instagram.com\\\/walkingranada\\\/\"]}]}<\/script>\n<!-- \/ Yoast SEO plugin. -->","yoast_head_json":{"title":"Tourisme accessible - Walk in Granada","description":"Nous pr\u00e9sentons deux itin\u00e9raires adapt\u00e9s pour les personnes \u00e0 mobilit\u00e9 r\u00e9duite \u00e0 Grenade. Que rien ne vous arr\u00eate. D\u00e9couvrez Grenade avec nos guides!","robots":{"index":"index","follow":"follow","max-snippet":"max-snippet:-1","max-image-preview":"max-image-preview:large","max-video-preview":"max-video-preview:-1"},"canonical":"https:\/\/walkingranada.com\/fr\/visites-guidees\/tourisme-accessible\/","og_locale":"fr_FR","og_type":"article","og_title":"Turismo accesible - Walk in Granada","og_description":"Presentamos dos rutas adaptadas para personas con Movilidad Reducida en Granada. Que nada te pare. \u00a1Descubre Granada con nuestros gu\u00edas!","og_url":"https:\/\/walkingranada.com\/fr\/visites-guidees\/tourisme-accessible\/","og_site_name":"Walk in Granada","article_publisher":"https:\/\/es-es.facebook.com\/walkingranadatour\/","article_modified_time":"2026-04-29T14:17:34+00:00","og_image":[{"url":"https:\/\/walkingranada.com\/wp-content\/uploads\/2023\/01\/visita-accesible-alhambra.webp","type":"","width":"","height":""}],"twitter_card":"summary_large_image","twitter_site":"@walkingranada","twitter_misc":{"Dur\u00e9e de lecture estim\u00e9e":"3 minutes"},"schema":{"@context":"https:\/\/schema.org","@graph":[{"@type":"WebPage","@id":"https:\/\/walkingranada.com\/visitas-guiadas\/turismo-accesible\/","url":"https:\/\/walkingranada.com\/visitas-guiadas\/turismo-accesible\/","name":"Tourisme accessible - Walk in Granada","isPartOf":{"@id":"https:\/\/walkingranada.com\/#website"},"primaryImageOfPage":{"@id":"https:\/\/walkingranada.com\/visitas-guiadas\/turismo-accesible\/#primaryimage"},"image":{"@id":"https:\/\/walkingranada.com\/visitas-guiadas\/turismo-accesible\/#primaryimage"},"thumbnailUrl":"https:\/\/walkingranada.com\/wp-content\/uploads\/2023\/01\/visita-accesible-alhambra.webp","datePublished":"2022-10-27T08:56:45+00:00","dateModified":"2026-04-29T14:17:34+00:00","description":"Nous pr\u00e9sentons deux itin\u00e9raires adapt\u00e9s pour les personnes \u00e0 mobilit\u00e9 r\u00e9duite \u00e0 Grenade. Que rien ne vous arr\u00eate. D\u00e9couvrez Grenade avec nos guides!","breadcrumb":{"@id":"https:\/\/walkingranada.com\/visitas-guiadas\/turismo-accesible\/#breadcrumb"},"inLanguage":"fr-FR","potentialAction":[{"@type":"ReadAction","target":["https:\/\/walkingranada.com\/visitas-guiadas\/turismo-accesible\/"]}]},{"@type":"ImageObject","inLanguage":"fr-FR","@id":"https:\/\/walkingranada.com\/visitas-guiadas\/turismo-accesible\/#primaryimage","url":"https:\/\/walkingranada.com\/wp-content\/uploads\/2023\/01\/visita-accesible-alhambra.webp","contentUrl":"https:\/\/walkingranada.com\/wp-content\/uploads\/2023\/01\/visita-accesible-alhambra.webp"},{"@type":"BreadcrumbList","@id":"https:\/\/walkingranada.com\/visitas-guiadas\/turismo-accesible\/#breadcrumb","itemListElement":[{"@type":"ListItem","position":1,"name":"Portada","item":"https:\/\/walkingranada.com\/"},{"@type":"ListItem","position":2,"name":"Visitas guiadas","item":"https:\/\/walkingranada.com\/visitas-guiadas\/"},{"@type":"ListItem","position":3,"name":"Turismo accesible"}]},{"@type":"WebSite","@id":"https:\/\/walkingranada.com\/#website","url":"https:\/\/walkingranada.com\/","name":"Walk in Granada","description":"Turismo responsable","publisher":{"@id":"https:\/\/walkingranada.com\/#organization"},"alternateName":"Walk in Granada","potentialAction":[{"@type":"SearchAction","target":{"@type":"EntryPoint","urlTemplate":"https:\/\/walkingranada.com\/?s={search_term_string}"},"query-input":{"@type":"PropertyValueSpecification","valueRequired":true,"valueName":"search_term_string"}}],"inLanguage":"fr-FR"},{"@type":"Organization","@id":"https:\/\/walkingranada.com\/#organization","name":"Walk In Granada","alternateName":"Walk In Granada","url":"https:\/\/walkingranada.com\/","logo":{"@type":"ImageObject","inLanguage":"fr-FR","@id":"https:\/\/walkingranada.com\/#\/schema\/logo\/image\/","url":"https:\/\/walkingranada.com\/wp-content\/uploads\/2022\/12\/Logo-Walking.webp","contentUrl":"https:\/\/walkingranada.com\/wp-content\/uploads\/2022\/12\/Logo-Walking.webp","width":512,"height":512,"caption":"Walk In Granada"},"image":{"@id":"https:\/\/walkingranada.com\/#\/schema\/logo\/image\/"},"sameAs":["https:\/\/es-es.facebook.com\/walkingranadatour\/","https:\/\/x.com\/walkingranada","https:\/\/www.instagram.com\/walkingranada\/"]}]}},"_links":{"self":[{"href":"https:\/\/walkingranada.com\/fr\/wp-json\/wp\/v2\/pages\/424","targetHints":{"allow":["GET"]}}],"collection":[{"href":"https:\/\/walkingranada.com\/fr\/wp-json\/wp\/v2\/pages"}],"about":[{"href":"https:\/\/walkingranada.com\/fr\/wp-json\/wp\/v2\/types\/page"}],"author":[{"embeddable":true,"href":"https:\/\/walkingranada.com\/fr\/wp-json\/wp\/v2\/users\/2"}],"replies":[{"embeddable":true,"href":"https:\/\/walkingranada.com\/fr\/wp-json\/wp\/v2\/comments?post=424"}],"version-history":[{"count":1,"href":"https:\/\/walkingranada.com\/fr\/wp-json\/wp\/v2\/pages\/424\/revisions"}],"predecessor-version":[{"id":7407,"href":"https:\/\/walkingranada.com\/fr\/wp-json\/wp\/v2\/pages\/424\/revisions\/7407"}],"up":[{"embeddable":true,"href":"https:\/\/walkingranada.com\/fr\/wp-json\/wp\/v2\/pages\/94"}],"wp:attachment":[{"href":"https:\/\/walkingranada.com\/fr\/wp-json\/wp\/v2\/media?parent=424"}],"curies":[{"name":"wp","href":"https:\/\/api.w.org\/{rel}","templated":true}]}}