{"id":4183,"date":"2023-05-22T07:38:23","date_gmt":"2023-05-22T07:38:23","guid":{"rendered":"https:\/\/walkingranada.com\/?page_id=4183"},"modified":"2023-05-24T09:54:25","modified_gmt":"2023-05-24T09:54:25","slug":"sandemans-granada","status":"publish","type":"page","link":"https:\/\/walkingranada.com\/fr\/sandemans-granada\/","title":{"rendered":"Sandemans Granada"},"content":{"rendered":"<h1>\n\t\tSANDEMANS GRANADA\n\t<\/h1>\n<h2>\n\t\tDISTRIBUTEUR OFFICIEL SANDEMANS GRENADA\n\t<\/h2>\n\t<p>R\u00e9servez votre visite d\u00e8s maintenant. Nous vous attendons \u00e0 Plaza Nueva!<\/p>\n\t<p>Somos el proveedor oficial de <strong>Sandemans en Granada<\/strong>. Llevamos varios a\u00f1os trabajando con <a href=\"https:\/\/www.neweuropetours.eu\/es\/sandemans-tours\/granada\/free-tour-esencial-de-granada\/\" rel=\"nofollow\"><strong>NewEuropeTours<\/strong><\/a> y con otros proveedores de primer nivel que nos posicionan como el <strong>referente local para Free Tour en Granada<\/strong>. Reserva ahora y descubre la magia de Granada de la mano de uno de nuestros gu\u00edas oficiales de turismo.<\/p>\n<h3 class=\"translation-block\">Catalogue des <span class=\"red\">visites \u00e0 pied gratuites \u00e0 Grenade<\/span><\/span><\/h3>\n\t <section id=\"servicios\">\n            <img decoding=\"async\" loading=\"lazy\" src=\"https:\/\/walkingranada.com\/wp-content\/uploads\/2023\/01\/Esencial-tour.webp\" width=\"100%\" alt=\"Free Tour Esencial\"\/>\n                <h3>Free Tour L'essentiel de Granada<\/h3>\n                <hr \/>\n                <p>Free Tour des sites les plus embl\u00e9matiques de la ville de Grenade. Rejoignez-nous !<\/p>\n                <hr \/>\n                    <p> Tous les jours<\/p>\n                    <p> 11:00<\/p>\n                    <p> 2,5h<\/p>\n                    <p>Livre<\/p>\n            <a href=\"https:\/\/walkingranada.com\/fr\/free-tour-granada\/esentiel-granada\/\">R\u00e9server &gt;<\/a>\n            <img decoding=\"async\" loading=\"lazy\" src=\"https:\/\/walkingranada.com\/wp-content\/uploads\/2023\/01\/Freetour-albaicin-y-sacromonte.webp\" width=\"100%\" alt=\"Free Tour Freetour Albaicin y Sacromonte\"\/>\n                <h3>Free tour Albaic\u00edn et Sacromont<\/h3>\n                <hr \/>\n                <p>D\u00e9couvrez les quartiers de l'Albaic\u00edn et du Sacromonte, l'essence pure de Grenade. Rejoignez-nous ! <\/p>\n                <hr \/>\n                    <p> Tous les jours<\/p>\n                    <p> Selon la saison<\/p>\n                    <p> 2,5h<\/p>\n                    <p>Livre<\/p>\n            <a href=\"https:\/\/walkingranada.com\/fr\/free-tour-granada\/albaicin-sacromonte\/\">R\u00e9server &gt;<\/a>\n    <\/section>\n<h2>\n\t\tPunto de encuentro free tours\n\t<\/h2>\n\t\t\t\t<img decoding=\"async\" loading=\"lazy\" src=\"https:\/\/walkingranada.com\/wp-content\/uploads\/2023\/01\/fuente-plaza-nueva.webp\" alt=\"fuente-plaza-nueva\" itemprop=\"image\" height=\"398\" width=\"711\" title=\"fuente-plaza-nueva\" onerror=\"this.style.display='none'\"  \/>\n<h3>\n\t\tFuente frente a la farmacia en Plaza Nueva, nos reconocer\u00e1s por nuestro paraguas Rojo\n\t<\/h3>\n\t<p>Avez-vous besoin d'indications pour vous y rendre ?<\/p>\n\t\t\t<a href=\"https:\/\/walkingranada.com\/fr\/comment-acceder-a-plaza-nueva\/\" target=\"_self\" role=\"button\" rel=\"noopener\">\n\t\t\t\t\t\t\tComment s'y rendre ? &gt;\n\t\t\t\t\t<\/a>\n<h2>\n\t\tFree Tour de l'Albaic\u00edn et du Sacromonte : Informations g\u00e9n\u00e9rales\n\t<\/h2>\n\t<p class=\"translation-block\">Avec notre <strong>visite gratuite de l'Albaic\u00edn<\/strong>, vous vous plongerez dans deux des quartiers les plus <strong>embl\u00e9matiques de Grenade<\/strong>. D\u00e9clar\u00e9 <strong>patrimoine mondial de l'UNESCO<\/strong>, l'Albaic\u00edn est un quartier aux rues pav\u00e9es, aux ruelles \u00e9troites et aux petites places charmantes, incontournable pour tous les visiteurs qui veulent <strong>d\u00e9couvrir Grenade<\/strong>. En tant que quartier d'origine de la ville de Grenade, l'Albaic\u00edn est le t\u00e9moin vivant du mode de vie traditionnel de l'ancienne Grenade. La visite vous m\u00e8nera ensuite au Sacromonte, un quartier mauresque apr\u00e8s la conqu\u00eate de la ville et l'un des berceaux du flamenco. D\u00e9couvrez ses maisons-cavernes et l'origine de la Zambra. Cette visite gratuite vous permettra de d\u00e9couvrir comment vivaient les anciens habitants de la ville et vous traverserez des sites incomparables avec <strong>des vues \u00e0 couper le souffle sur l'Alhambra<\/strong>. Le niveau de difficult\u00e9 de cette visite est mod\u00e9r\u00e9 et elle n'est pas adapt\u00e9e aux poussettes ni aux fauteuils roulants en raison des pentes abruptes du parcours et du r\u00e9seau complexe de ruelles \u00e9troites emprunt\u00e9es par la visite.<\/p>\n<h2>\n\t\tRecommandations\n\t<\/h2>\n\t<ol>\n<li>Portez des chaussures confortables, apportez de l'eau et utilisez de la cr\u00e8me solaire.<\/li>\n<li>Cette visite n'est pas adapt\u00e9e aux poussettes ni aux fauteuils roulants.<\/li>\n<li><strong>Service de consigne<\/strong>: A tres minutos del punto de inicio, rerserva <strong><a href=\"https:\/\/fareharbor.com\/embeds\/book\/discoveringspain\/items\/181031\/?sheet=217966&amp;asn=walkingranada-euro&amp;asn-ref=Walk%20In%20Granada&amp;full-items=yes&amp;flow=no&amp;language=es&amp;u=95661de6-71d3-47eb-a7f9-e826150f66db&amp;from-ssl=yes&amp;ga=UA-77432324-1,572443075.1663250936%3B&amp;ga4t=AW-756235301,undefined%3B&amp;g4=yes&amp;a=yes&amp;back=https:\/\/walkingranada.com\/free-tour-granada\/tour-granada-esencial\/\">ICI<\/a><\/strong>.<\/li>\n<li>Recomendamos estar en el punto de encuentro 5 minutos antes del inicio del tour.<\/li>\n<\/ol>\n\t\t\t<a href=\"https:\/\/walkingranada.com\/fr\/free-tour-granada\/albaicin-sacromonte\/\" target=\"_self\" role=\"button\" rel=\"noopener\">\n\t\t\t\t\t\t\tR\u00e9server &gt;\n\t\t\t\t\t<\/a>\n<h2>\n\t\tItin\u00e9raire\n\t<\/h2>\n\t<ul>\n<li>Plaza Nueva<\/li>\n<li>Aljibes de l'Albaic\u00edn<\/li>\n<li>Placeta del Comino<\/li>\n<li>Point de vue de San Nicol\u00e1s.<\/li>\n<li>Cruz de Rauda<\/li>\n<li>Mario Maya<\/li>\n<li>Camino del Sacromonte<\/li>\n<li>Chorrojumo<\/li>\n<li>Paseo de los Tristes<\/li>\n<\/ul>\n<h2>\n\t\tFree Tour Grenade Essentielle : Informations g\u00e9n\u00e9rales\n\t<\/h2>\n\t<p class=\"translation-block\">Avec notre <strong>Visite gratuite de Grenade Essentielle<\/strong>, nous d\u00e9couvrirons le centre-ville et ses sites les plus remarquables. Cette visite gratuite parcourt les diff\u00e9rentes \u00e9tapes historiques qui ont marqu\u00e9 la <strong>ville de Grenade<\/strong>. Nous visiterons des monuments t\u00e9moignant de la christianisation de la ville, tels que la <strong>Cath\u00e9drale et la Chapelle Royale<\/strong>. Nous explorerons \u00e9galement la c\u00e9l\u00e8bre place de <strong>Bib-Rambla<\/strong>, un ancien march\u00e9 nasride, et nous nous prom\u00e8nerons dans l'<strong>alcaicer\u00eda<\/strong> de la ville. Tout au long de la visite, nous d\u00e9couvrirons le b\u00e2timent embl\u00e9matique de <strong>La Madraza<\/strong>, la premi\u00e8re universit\u00e9 de la ville, et nous terminerons notre parcours dans la partie basse de l'Albaic\u00edn, le lieu d'implantation originel et le berceau de ce qu'est aujourd'hui Grenade. Ainsi, les visiteurs pourront plonger dans l'\u00e9volution historique de la ville \u00e0 travers les diff\u00e9rentes \u00e9tapes et influences culturelles et politiques qui ont fait de Grenade l'une des villes les plus prosp\u00e8res d'Europe pendant plusieurs si\u00e8cles.<\/p>\n<h2>\n\t\tRecommandations\n\t<\/h2>\n\t<ol>\n<li>Apportez de l\u2019eau, portez une tenue confortable, pensez \u00e0 la cr\u00e8me solaire.<\/li>\n<li>Cette tour n\u2019est pas accessible en fauteuil roulant.<\/li>\n<li><strong>Service de consigne<\/strong>: Vous avez besoin d\u2019un endroit pour laisser vos sacs pendant la visite ? Vous pouvez le faire au <strong>City Locker<\/strong> juste \u00e0 c\u00f4t\u00e9 de la Plaza Nueva \u00e0 Carrera del Darro 3. Vous pouvez faire votre r\u00e9servation <a href=\"https:\/\/fareharbor.com\/embeds\/book\/discoveringspain\/items\/181031\/?sheet=217966&amp;asn=walkingranada-euro&amp;asn-ref=Walk%20In%20Granada&amp;full-items=yes&amp;flow=no&amp;language=es&amp;u=95661de6-71d3-47eb-a7f9-e826150f66db&amp;from-ssl=yes&amp;ga=UA-77432324-1,572443075.1663250936%3B&amp;ga4t=AW-756235301,undefined%3B&amp;g4=yes&amp;a=yes&amp;back=https:\/\/walkingranada.com\/free-tour-granada\/tour-granada-esencial\/\">ICI<\/a>.<\/li>\n<\/ol>\n\t\t\t<a href=\"https:\/\/walkingranada.com\/fr\/free-tour-granada\/esentiel-granada\/\" target=\"_self\" role=\"button\" rel=\"noopener\">\n\t\t\t\t\t\t\tR\u00e9server &gt;\n\t\t\t\t\t<\/a>\n<h2>\n\t\tItin\u00e9raire\n\t<\/h2>\n\t<ul>\n<li>Plaza Nueva<\/li>\n<li>Madraza<\/li>\n<li>Cath\u00e9drale<\/li>\n<li>Chapelle Royale<\/li>\n<li>Place Bib-Rambla<\/li>\n<li>Alcaicer\u00eda<\/li>\n<li>Corral del Carb\u00f3n<\/li>\n<li>San Gregorio<\/li>\n<li>Bas Albaic\u00edn<\/li>\n<\/ul>\n<h2 class=\"translation-block\"><span class=\"fl-heading-text\">D\u00e9couvrez nos visites guid\u00e9es \u00e0 <span class=\"red\">Grenade<\/span><\/span><\/h2>\n\t<a href=\"https:\/\/walkingranada.com\/fr\/visites-guidees\/centre-historique-albaicin\/\" target=\"_self\" rel=\"noopener\"><\/a>\t\t\t<img decoding=\"async\" loading=\"lazy\" alt=\"Plaza Nueva\" src=\"https:\/\/walkingranada.com\/wp-content\/uploads\/2023\/01\/centrohistorico-albaicin-card.webp\"\/>\n\t\t<h3>Centre <br \/>HISTORIQUE <br \/>et Albaic\u00edn<\/h3>\n\t<a href=\"https:\/\/walkingranada.com\/fr\/visites-guidees\/albaicin\/\" target=\"_self\" rel=\"noopener\"><\/a>\t\t\t<img decoding=\"async\" loading=\"lazy\" alt=\"Albayc\u00edn\" src=\"https:\/\/walkingranada.com\/wp-content\/uploads\/2023\/01\/card-albaicin.webp\"\/>\n\t\t<h3>Albaic\u00edn<\/h3>\n\t<a href=\"https:\/\/walkingranada.com\/fr\/visites-guidees\/sacromonte\/\" target=\"_self\" rel=\"noopener\"><\/a>\t\t\t<img decoding=\"async\" loading=\"lazy\" alt=\"Sacromonte\" src=\"https:\/\/walkingranada.com\/wp-content\/uploads\/2023\/01\/Sacromonte-card-1.webp\"\/>\n\t\t<h3>Sacromonte<\/h3>\n\t<a href=\"https:\/\/walkingranada.com\/fr\/visites-guidees\/albaicin-et-sacromonte\/\" target=\"_self\" rel=\"noopener\"><\/a>\t\t\t<img decoding=\"async\" loading=\"lazy\" alt=\"Sacromonte\" src=\"https:\/\/walkingranada.com\/wp-content\/uploads\/2023\/01\/Albaicin-sacromonte-card-1.webp\"\/>\n\t\t<h3>Albaic\u00edn y <br \/>sacromonte<\/h3>\n\t<a href=\"https:\/\/walkingranada.com\/fr\/visites-guidees\/routes-lorquiennes\/\" target=\"_self\" rel=\"noopener\"><\/a>\t\t\t<img decoding=\"async\" loading=\"lazy\" alt=\"Garc\u00eda Lorca\" src=\"https:\/\/walkingranada.com\/wp-content\/uploads\/2023\/01\/Visitas-Rutas-Loquianas.webp\"\/>\n\t\t<h3>Parcours <br \/>Lorquiennes<\/h3>\n\t<a href=\"https:\/\/walkingranada.com\/fr\/visites-guidees\/tourisme-accessible\/\" target=\"_self\" rel=\"noopener\"><\/a>\t\t\t<img decoding=\"async\" loading=\"lazy\" alt=\"Patio de la Alhambra\" src=\"https:\/\/walkingranada.com\/wp-content\/uploads\/2023\/01\/accesible-card-1.webp\"\/>\n\t\t<h3>Tourisme <br \/>accessible<\/h3>\n<h2 class=\"translation-block\"><span class=\"fl-heading-text\">Vous pourriez \u00e9galement \u00eatre int\u00e9ress\u00e9 par <span class=\"red\">une visite de l'Alhambra<\/span><\/span><\/h2>\n<h2>\n\t\tVoyagez-vous dans d'autres villes ?\n\t<\/h2>\n\t<p>FREE TOUR COMMUNITY<\/p>\n\t<p>Walk in Granada est une entreprise locale qui propose des visites guid\u00e9es exclusivement \u00e0 Grenade. Cependant, nous faisons partie d'un r\u00e9seau d'agences locales qui se sont unies autour d'une m\u00eame philosophie : le respect de nos villes et le tourisme responsable. D\u00e9couvrez les meilleurs circuits locaux du monde entier sur Free Tour Community.<\/p>\n\t\t\t\t<a href=\"https:\/\/freetourcommunity.com\/\" target=\"_blank\" rel=\"noopener\" itemprop=\"url\">\n\t\t\t\t<img decoding=\"async\" loading=\"lazy\" src=\"https:\/\/walkingranada.com\/wp-content\/uploads\/2022\/10\/logo-freetour-1.png\" alt=\"logo-freetour\" itemprop=\"image\" height=\"98\" width=\"316\" title=\"logo-freetour 1\" onerror=\"this.style.display='none'\"  \/>\n\t\t\t\t<\/a>\n<h3>\n\t\tTambi\u00e9n puedes reservar nuestros otros servicios&#8230;\n\t<\/h3>\n\t<a href=\"https:\/\/walkingranada.com\/fr\/que-faire-a-granada\/flamenco\/\" target=\"_self\" rel=\"noopener\"><\/a>\t\t\t<img decoding=\"async\" loading=\"lazy\" alt=\"bailaora flamenca\" src=\"https:\/\/walkingranada.com\/wp-content\/uploads\/2022\/10\/Rectangle-42.png\"\/>\n\t\t<h3>Flamenco<\/h3>\n\t<a href=\"https:\/\/walkingranada.com\/fr\/que-faire-a-granada\/hammam-al-andalus\/\" target=\"_self\" rel=\"noopener\"><\/a>\t\t\t<img decoding=\"async\" loading=\"lazy\" alt=\"ba\u00f1os \u00e1rabes\" src=\"https:\/\/walkingranada.com\/wp-content\/uploads\/2022\/10\/Rectangle-43.png\"\/>\n\t\t<h3>Hammam <br \/>Al-\u00e1ndalus<\/h3>\n\t<a href=\"https:\/\/walkingranada.com\/fr\/que-faire-a-granada\/excursions\/\" target=\"_self\" rel=\"noopener\"><\/a>\t\t\t<img decoding=\"async\" loading=\"lazy\" alt=\"mezquita de c\u00f3rdoba\" src=\"https:\/\/walkingranada.com\/wp-content\/uploads\/2022\/10\/Rectangle-45.png\"\/>\n\t\t<h3>excursions <br \/>d\u2019une journ\u00e9e<\/h3>\n\t<a href=\"https:\/\/walkingranada.com\/fr\/que-faire-a-granada\/route-olfactif\/\" target=\"_self\" rel=\"noopener\"><\/a>\t\t\t<img decoding=\"async\" loading=\"lazy\" alt=\"imagen de una chica joven\" src=\"https:\/\/walkingranada.com\/wp-content\/uploads\/2022\/10\/Rectangle-38.png\"\/>\n\t\t<h3>Route olfactif<\/h3>","protected":false},"excerpt":{"rendered":"<p>SANDEMANS GRANADA DISTRIBUIDOR OFICIAL SANDEMANS GRANADA Reserva tu tour ahora. \u00a1Te esperamos en Plaza Nueva! Somos el proveedor oficial de Sandemans en Granada. Llevamos varios a\u00f1os trabajando con NewEuropeTours y con otros proveedores de primer nivel que nos posicionan como el referente local para Free Tour en Granada. Reserva ahora y descubre la magia de &#8230; <a title=\"Sandemans Granada\" class=\"read-more\" href=\"https:\/\/walkingranada.com\/fr\/sandemans-granada\/\" aria-label=\"En savoir plus sur Sandemans Granada\">Lire la suite<\/a><\/p>","protected":false},"author":2,"featured_media":830,"parent":0,"menu_order":0,"comment_status":"closed","ping_status":"closed","template":"","meta":{"footnotes":""},"class_list":["post-4183","page","type-page","status-publish","has-post-thumbnail"],"yoast_head":"<!-- This site is optimized with the Yoast SEO plugin v27.4 - https:\/\/yoast.com\/product\/yoast-seo-wordpress\/ -->\n<title>Sandemans Granada: Proveedor Oficial - Walk in Granada<\/title>\n<meta name=\"description\" content=\"Sandemans Granada opera a trav\u00e9s de su proveedor oficial. Walk In Granada Tours. \u00a1Echa un vistazo a nuestros free tours y reserva tu plaza!\" \/>\n<meta name=\"robots\" content=\"index, follow, max-snippet:-1, max-image-preview:large, max-video-preview:-1\" \/>\n<link rel=\"canonical\" href=\"https:\/\/walkingranada.com\/fr\/sandemans-granada\/\" \/>\n<meta property=\"og:locale\" content=\"fr_FR\" \/>\n<meta property=\"og:type\" content=\"article\" \/>\n<meta property=\"og:title\" content=\"Sandemans Granada: Proveedor Oficial - Walk in Granada\" \/>\n<meta property=\"og:description\" content=\"Sandemans Granada opera a trav\u00e9s de su proveedor oficial. Walk In Granada Tours. \u00a1Echa un vistazo a nuestros free tours y reserva tu plaza!\" \/>\n<meta property=\"og:url\" content=\"https:\/\/walkingranada.com\/fr\/sandemans-granada\/\" \/>\n<meta property=\"og:site_name\" content=\"Walk in Granada\" \/>\n<meta property=\"article:publisher\" content=\"https:\/\/es-es.facebook.com\/walkingranadatour\/\" \/>\n<meta property=\"article:modified_time\" content=\"2023-05-24T09:54:25+00:00\" \/>\n<meta property=\"og:image\" content=\"https:\/\/walkingranada.com\/wp-content\/uploads\/2022\/12\/work2.jpg.webp\" \/>\n\t<meta property=\"og:image:width\" content=\"400\" \/>\n\t<meta property=\"og:image:height\" content=\"400\" \/>\n\t<meta property=\"og:image:type\" content=\"image\/jpeg\" \/>\n<meta name=\"twitter:card\" content=\"summary_large_image\" \/>\n<meta name=\"twitter:site\" content=\"@walkingranada\" \/>\n<meta name=\"twitter:label1\" content=\"Dur\u00e9e de lecture estim\u00e9e\" \/>\n\t<meta name=\"twitter:data1\" content=\"7 minutes\" \/>\n<script type=\"application\/ld+json\" class=\"yoast-schema-graph\">{\"@context\":\"https:\\\/\\\/schema.org\",\"@graph\":[{\"@type\":\"WebPage\",\"@id\":\"https:\\\/\\\/walkingranada.com\\\/sandemans-granada\\\/\",\"url\":\"https:\\\/\\\/walkingranada.com\\\/sandemans-granada\\\/\",\"name\":\"Sandemans Granada: Proveedor Oficial - Walk in Granada\",\"isPartOf\":{\"@id\":\"https:\\\/\\\/walkingranada.com\\\/#website\"},\"primaryImageOfPage\":{\"@id\":\"https:\\\/\\\/walkingranada.com\\\/sandemans-granada\\\/#primaryimage\"},\"image\":{\"@id\":\"https:\\\/\\\/walkingranada.com\\\/sandemans-granada\\\/#primaryimage\"},\"thumbnailUrl\":\"https:\\\/\\\/walkingranada.com\\\/wp-content\\\/uploads\\\/2022\\\/12\\\/work2.jpg.webp\",\"datePublished\":\"2023-05-22T07:38:23+00:00\",\"dateModified\":\"2023-05-24T09:54:25+00:00\",\"description\":\"Sandemans Granada opera a trav\u00e9s de su proveedor oficial. Walk In Granada Tours. \u00a1Echa un vistazo a nuestros free tours y reserva tu plaza!\",\"breadcrumb\":{\"@id\":\"https:\\\/\\\/walkingranada.com\\\/sandemans-granada\\\/#breadcrumb\"},\"inLanguage\":\"fr-FR\",\"potentialAction\":[{\"@type\":\"ReadAction\",\"target\":[\"https:\\\/\\\/walkingranada.com\\\/sandemans-granada\\\/\"]}]},{\"@type\":\"ImageObject\",\"inLanguage\":\"fr-FR\",\"@id\":\"https:\\\/\\\/walkingranada.com\\\/sandemans-granada\\\/#primaryimage\",\"url\":\"https:\\\/\\\/walkingranada.com\\\/wp-content\\\/uploads\\\/2022\\\/12\\\/work2.jpg.webp\",\"contentUrl\":\"https:\\\/\\\/walkingranada.com\\\/wp-content\\\/uploads\\\/2022\\\/12\\\/work2.jpg.webp\",\"width\":400,\"height\":400,\"caption\":\"Trabajadores de Walk in Granada\"},{\"@type\":\"BreadcrumbList\",\"@id\":\"https:\\\/\\\/walkingranada.com\\\/sandemans-granada\\\/#breadcrumb\",\"itemListElement\":[{\"@type\":\"ListItem\",\"position\":1,\"name\":\"Portada\",\"item\":\"https:\\\/\\\/walkingranada.com\\\/\"},{\"@type\":\"ListItem\",\"position\":2,\"name\":\"Sandemans Granada\"}]},{\"@type\":\"WebSite\",\"@id\":\"https:\\\/\\\/walkingranada.com\\\/#website\",\"url\":\"https:\\\/\\\/walkingranada.com\\\/\",\"name\":\"Walk in Granada\",\"description\":\"Turismo responsable\",\"publisher\":{\"@id\":\"https:\\\/\\\/walkingranada.com\\\/#organization\"},\"alternateName\":\"Walk in Granada\",\"potentialAction\":[{\"@type\":\"SearchAction\",\"target\":{\"@type\":\"EntryPoint\",\"urlTemplate\":\"https:\\\/\\\/walkingranada.com\\\/?s={search_term_string}\"},\"query-input\":{\"@type\":\"PropertyValueSpecification\",\"valueRequired\":true,\"valueName\":\"search_term_string\"}}],\"inLanguage\":\"fr-FR\"},{\"@type\":\"Organization\",\"@id\":\"https:\\\/\\\/walkingranada.com\\\/#organization\",\"name\":\"Walk In Granada\",\"alternateName\":\"Walk In Granada\",\"url\":\"https:\\\/\\\/walkingranada.com\\\/\",\"logo\":{\"@type\":\"ImageObject\",\"inLanguage\":\"fr-FR\",\"@id\":\"https:\\\/\\\/walkingranada.com\\\/#\\\/schema\\\/logo\\\/image\\\/\",\"url\":\"https:\\\/\\\/walkingranada.com\\\/wp-content\\\/uploads\\\/2022\\\/12\\\/Logo-Walking.webp\",\"contentUrl\":\"https:\\\/\\\/walkingranada.com\\\/wp-content\\\/uploads\\\/2022\\\/12\\\/Logo-Walking.webp\",\"width\":512,\"height\":512,\"caption\":\"Walk In Granada\"},\"image\":{\"@id\":\"https:\\\/\\\/walkingranada.com\\\/#\\\/schema\\\/logo\\\/image\\\/\"},\"sameAs\":[\"https:\\\/\\\/es-es.facebook.com\\\/walkingranadatour\\\/\",\"https:\\\/\\\/x.com\\\/walkingranada\",\"https:\\\/\\\/www.instagram.com\\\/walkingranada\\\/\"]}]}<\/script>\n<!-- \/ Yoast SEO plugin. -->","yoast_head_json":{"title":"Sandemans Granada: Distributeur Officiel - Walk In Granada","description":"Sandemans Granada op\u00e8re par l'interm\u00e9diaire de son fournisseur officiel, Walk In Granada Tours. Jetez un \u0153il \u00e0 nos visites gratuites et r\u00e9servez votre place !","robots":{"index":"index","follow":"follow","max-snippet":"max-snippet:-1","max-image-preview":"max-image-preview:large","max-video-preview":"max-video-preview:-1"},"canonical":"https:\/\/walkingranada.com\/fr\/sandemans-granada\/","og_locale":"fr_FR","og_type":"article","og_title":"Sandemans Granada: Proveedor Oficial - Walk in Granada","og_description":"Sandemans Granada opera a trav\u00e9s de su proveedor oficial. Walk In Granada Tours. \u00a1Echa un vistazo a nuestros free tours y reserva tu plaza!","og_url":"https:\/\/walkingranada.com\/fr\/sandemans-granada\/","og_site_name":"Walk in Granada","article_publisher":"https:\/\/es-es.facebook.com\/walkingranadatour\/","article_modified_time":"2023-05-24T09:54:25+00:00","og_image":[{"width":400,"height":400,"url":"https:\/\/walkingranada.com\/wp-content\/uploads\/2022\/12\/work2.jpg.webp","type":"image\/jpeg"}],"twitter_card":"summary_large_image","twitter_site":"@walkingranada","twitter_misc":{"Dur\u00e9e de lecture estim\u00e9e":"7 minutes"},"schema":{"@context":"https:\/\/schema.org","@graph":[{"@type":"WebPage","@id":"https:\/\/walkingranada.com\/sandemans-granada\/","url":"https:\/\/walkingranada.com\/sandemans-granada\/","name":"Sandemans Granada: Distributeur Officiel - Walk In Granada","isPartOf":{"@id":"https:\/\/walkingranada.com\/#website"},"primaryImageOfPage":{"@id":"https:\/\/walkingranada.com\/sandemans-granada\/#primaryimage"},"image":{"@id":"https:\/\/walkingranada.com\/sandemans-granada\/#primaryimage"},"thumbnailUrl":"https:\/\/walkingranada.com\/wp-content\/uploads\/2022\/12\/work2.jpg.webp","datePublished":"2023-05-22T07:38:23+00:00","dateModified":"2023-05-24T09:54:25+00:00","description":"Sandemans Granada op\u00e8re par l'interm\u00e9diaire de son fournisseur officiel, Walk In Granada Tours. Jetez un \u0153il \u00e0 nos visites gratuites et r\u00e9servez votre place !","breadcrumb":{"@id":"https:\/\/walkingranada.com\/sandemans-granada\/#breadcrumb"},"inLanguage":"fr-FR","potentialAction":[{"@type":"ReadAction","target":["https:\/\/walkingranada.com\/sandemans-granada\/"]}]},{"@type":"ImageObject","inLanguage":"fr-FR","@id":"https:\/\/walkingranada.com\/sandemans-granada\/#primaryimage","url":"https:\/\/walkingranada.com\/wp-content\/uploads\/2022\/12\/work2.jpg.webp","contentUrl":"https:\/\/walkingranada.com\/wp-content\/uploads\/2022\/12\/work2.jpg.webp","width":400,"height":400,"caption":"Trabajadores de Walk in Granada"},{"@type":"BreadcrumbList","@id":"https:\/\/walkingranada.com\/sandemans-granada\/#breadcrumb","itemListElement":[{"@type":"ListItem","position":1,"name":"Portada","item":"https:\/\/walkingranada.com\/"},{"@type":"ListItem","position":2,"name":"Sandemans Granada"}]},{"@type":"WebSite","@id":"https:\/\/walkingranada.com\/#website","url":"https:\/\/walkingranada.com\/","name":"Walk in Granada","description":"Turismo responsable","publisher":{"@id":"https:\/\/walkingranada.com\/#organization"},"alternateName":"Walk in Granada","potentialAction":[{"@type":"SearchAction","target":{"@type":"EntryPoint","urlTemplate":"https:\/\/walkingranada.com\/?s={search_term_string}"},"query-input":{"@type":"PropertyValueSpecification","valueRequired":true,"valueName":"search_term_string"}}],"inLanguage":"fr-FR"},{"@type":"Organization","@id":"https:\/\/walkingranada.com\/#organization","name":"Walk In Granada","alternateName":"Walk In Granada","url":"https:\/\/walkingranada.com\/","logo":{"@type":"ImageObject","inLanguage":"fr-FR","@id":"https:\/\/walkingranada.com\/#\/schema\/logo\/image\/","url":"https:\/\/walkingranada.com\/wp-content\/uploads\/2022\/12\/Logo-Walking.webp","contentUrl":"https:\/\/walkingranada.com\/wp-content\/uploads\/2022\/12\/Logo-Walking.webp","width":512,"height":512,"caption":"Walk In Granada"},"image":{"@id":"https:\/\/walkingranada.com\/#\/schema\/logo\/image\/"},"sameAs":["https:\/\/es-es.facebook.com\/walkingranadatour\/","https:\/\/x.com\/walkingranada","https:\/\/www.instagram.com\/walkingranada\/"]}]}},"_links":{"self":[{"href":"https:\/\/walkingranada.com\/fr\/wp-json\/wp\/v2\/pages\/4183","targetHints":{"allow":["GET"]}}],"collection":[{"href":"https:\/\/walkingranada.com\/fr\/wp-json\/wp\/v2\/pages"}],"about":[{"href":"https:\/\/walkingranada.com\/fr\/wp-json\/wp\/v2\/types\/page"}],"author":[{"embeddable":true,"href":"https:\/\/walkingranada.com\/fr\/wp-json\/wp\/v2\/users\/2"}],"replies":[{"embeddable":true,"href":"https:\/\/walkingranada.com\/fr\/wp-json\/wp\/v2\/comments?post=4183"}],"version-history":[{"count":0,"href":"https:\/\/walkingranada.com\/fr\/wp-json\/wp\/v2\/pages\/4183\/revisions"}],"wp:featuredmedia":[{"embeddable":true,"href":"https:\/\/walkingranada.com\/fr\/wp-json\/wp\/v2\/media\/830"}],"wp:attachment":[{"href":"https:\/\/walkingranada.com\/fr\/wp-json\/wp\/v2\/media?parent=4183"}],"curies":[{"name":"wp","href":"https:\/\/api.w.org\/{rel}","templated":true}]}}