{"id":416,"date":"2022-10-27T08:47:47","date_gmt":"2022-10-27T08:47:47","guid":{"rendered":"https:\/\/factum-omibu.es\/walkin\/?page_id=416"},"modified":"2025-08-06T06:19:54","modified_gmt":"2025-08-06T06:19:54","slug":"sacromonte","status":"publish","type":"page","link":"https:\/\/walkingranada.com\/fr\/visitas-guiadas\/sacromonte\/","title":{"rendered":"Sacromonte"},"content":{"rendered":"<p>Visite guid\u00e9e &gt; Sacromonte<\/p>\n\t<!-- FareHarbor calendar of item #442585 -->\n<h1>\n\t\t\tVisite priv\u00e9e Sacromonte\t<\/h1>\n        <a href=\"#encuentro\">\n            <img decoding=\"async\" loading=\"lazy\" src=\"https:\/\/walkingranada.com\/wp-content\/uploads\/2022\/10\/fi-rr-marker.png\" alt=\"Plaza nueva\"\/>\n            <p>Plaza nueva <img decoding=\"async\" loading=\"lazy\" src=\"https:\/\/walkingranada.com\/wp-content\/uploads\/2022\/10\/\ud83e\udd86-icon-_Info-Circle_.png\" alt=\"informaci\u00f3n\"\/><\/p>\n        <\/a>\n        <img decoding=\"async\" loading=\"lazy\" src=\"https:\/\/walkingranada.com\/wp-content\/uploads\/2022\/12\/fuente-icon.png\" alt=\"Fontaine principale de la place\"\/>\n        <p>Fontaine principale de la place<\/p>\n        <img decoding=\"async\" loading=\"lazy\" src=\"https:\/\/walkingranada.com\/wp-content\/uploads\/2022\/10\/fi-rr-chat-arrow-grow.png\" alt=\"Difficult\u00e9 \u00e9lev\u00e9e\"\/>\n        <p>Difficult\u00e9 \u00e9lev\u00e9e<\/p>\n        <img decoding=\"async\" loading=\"lazy\" src=\"https:\/\/walkingranada.com\/wp-content\/uploads\/2022\/10\/fi-rr-map.png\" alt=\"Quartier historique\"\/>\n        <p>Quartier historique<\/p>\n        <img decoding=\"async\" loading=\"lazy\" src=\"https:\/\/walkingranada.com\/wp-content\/uploads\/2022\/12\/accesibilidad_.png\" alt=\"Accessibilit\u00e9 limit\u00e9e\"\/>\n        <p>Accessibilit\u00e9 limit\u00e9e<\/p>\n        <img decoding=\"async\" loading=\"lazy\" src=\"https:\/\/walkingranada.com\/wp-content\/uploads\/2022\/10\/fi-rr-calendar.png\" alt=\"TODOS LOS DIAS\"\/>\n        <p>Tous les jours<\/p>\n        <img decoding=\"async\" loading=\"lazy\" src=\"https:\/\/walkingranada.com\/wp-content\/uploads\/2022\/10\/fi-rr-clock.png\" alt=\"horario Seg\u00fan disponibilidad\"\/>\n        <p>Selon la disponibilit\u00e9<\/p>\n        <img decoding=\"async\" loading=\"lazy\" src=\"https:\/\/walkingranada.com\/wp-content\/uploads\/2022\/10\/fi-rr-alarm-clock.png\" alt=\"2,5 HEURES\"\/>\n        <p>2,5 heures<\/p>\n        <img decoding=\"async\" loading=\"lazy\" src=\"https:\/\/walkingranada.com\/wp-content\/uploads\/2022\/10\/fi-rr-receipt.png\" alt=\"TU PONES EL PRECIO\"\/>\n        <p>A partir de 8\u20ac\/pax<\/p>\n        <img decoding=\"async\" loading=\"lazy\" src=\"https:\/\/walkingranada.com\/wp-content\/uploads\/2022\/10\/fi-rr-comments.png\" alt=\"Langue\"\/>\n        <p>Espagnol, anglais, fran\u00e7ais et portugais. Autres sur demand.<\/p>\n<h2>\n\t\t\tD\u00e9couvrez le quartier le plus enchanteur de Granada.\t<\/h2>\n\t<p>Cette visite est destin\u00e9e \u00e0 ceux qui aiment la photographie, la nature et les promenades dans la campagne.<\/p>\n<p>El barrio de los marginados. Cuando los Reyes Cat\u00f3licos conquistaron Granada en 1492, a extramuros de la ciudad comenz\u00f3 a congregarse todo tipo de repudiados: musulmanes, gitanos, antiguos esclavos de \u00c1frica&#8230; una pintoresca mezcla que conform\u00f3 el Sacromonte que hoy conocemos y nos dej\u00f3 una herencia tan importante como es el flamenco.<\/p>\n<p>Sans aucun doute un quartier \u00e0 conna\u00eetre et \u00e0 apprendre \u00e0 interpr\u00e9ter pendant 2 heures et demie avec l'aide d'un guide expert de la r\u00e9gion et de sa culture.<\/p>\n<h2>\n\t\t\tPoint de rencontre\t<\/h2>\n\t\t\t\t<img decoding=\"async\" src=\"https:\/\/walkingranada.com\/wp-content\/uploads\/2023\/01\/fuente-plaza-nueva.webp\" alt=\"fuente-plaza-nueva\" itemprop=\"image\" height=\"398\" width=\"711\" title=\"fuente-plaza-nueva\" onerror=\"this.style.display='none'\" loading=\"lazy\" \/>\n<h3 class=\"translation-block\"><span class=\"fl-heading-text\">Fontaine principale en face de la pharmacie sur la <span class=\"red\">Plaza Nueva<\/span><\/span><\/h3>\n\t<p>Avez-vous besoin d'indications pour vous y rendre ?<\/p>\n\t\t\t<a href=\"#reserva\" target=\"_self\">\n\t\t\t\t\t\t\tR\u00e9server &gt;\n\t\t\t\t\t<\/a>\n\t\t\t<a href=\"https:\/\/walkingranada.com\/fr\/comment-acceder-a-plaza-nueva\/\" target=\"_self\">\n\t\t\t\t\t\t\tComment s'y rendre ? &gt;\n\t\t\t\t\t<\/a>\n<h2>\n\t\t\tRecommandations\t<\/h2>\n\t<ol>\n<li class=\"translation-block\">Arrivez <strong>20 minutes en avance<\/strong> avant l'heure de d\u00e9but de la visite.<\/li>\n<li>Portez des <strong>chaussures confortables<\/strong>. La visite dure 2.5 heures.<\/li>\n<li>En \u00e9t\u00e9, pensez \u00e0 utiliser de la\u00a0<strong>cr\u00e8me solaire et \u00e0 emporter une bouteille d'eau<\/strong>.<\/li>\n<\/ol>\n<h2>\n\t\t\tItin\u00e9raire\t<\/h2>\n\t<ul>\n<li>Plaza Nueva<\/li>\n<li>Place Aliatar<\/li>\n<li>Aljibe de la Vieja<\/li>\n<li>Cruz de Rauda<\/li>\n<li>Cuevas<\/li>\n<li>Mirador de San Miguel Alto<\/li>\n<li>Mur Nasride<\/li>\n<li>Vereda de Enmedio<\/li>\n<li>Flamenco<\/li>\n<li>Camino del Sacromonte<\/li>\n<li>Chorrojumo<\/li>\n<\/ul>\n\t<p>Cette visite combine randonn\u00e9e, histoires, l\u00e9gendes et les meilleures vues de la ville. C'est un circuit pour les amateurs de photographie, de nature et de promenades dans la campagne. La tradition des grottes est profond\u00e9ment ancr\u00e9e dans la culture de Grenade d'aujourd'hui, des lieux o\u00f9 vous pouvez ressentir la v\u00e9ritable essence de la ville. Dans les grottes de Grenade, la culture se d\u00e9place entre ce qui est visible et ce qui est cach\u00e9 \u00e0 l'int\u00e9rieur de la montagne. Toute une colline creus\u00e9e depuis des g\u00e9n\u00e9rations qui nous transporte dans une autre \u00e9poque, un quartier o\u00f9 l'on d\u00e9montre jour apr\u00e8s jour que vivre de mani\u00e8re alternative peut \u00eatre synonyme de vivre pleinement. Les grottes sont sans aucun doute un must si vous visitez Grenade, laissez-vous bercer par la guitare flamenco, le son du \"taconeo\" dans les \"tablaos\" et le calme d'un quartier fig\u00e9 dans le temps.<\/p>\n<p>Consultez notre calendrier pour conna\u00eetre les disponibilit\u00e9s.\u00a0<strong>Ne la manquez pas!<\/strong><\/p>\nN'oubliez pas que si vous avez des doutes avant de r\u00e9server une visite priv\u00e9e ou si le jour que vous souhaitez visiter n'est pas disponible, vous pouvez nous contacter \u00e0 tout moment \u00e0 l'adresse\u00a0<a href=\"mailto:info@walkingranada.com\">info@walkingranada.com<\/a>.<br \/>\nSi vous souhaitez une visite plus sp\u00e9cifique, y compris des billets pour un monument qui vous int\u00e9resse ou dans une autre langue, vous pouvez en faire la demande \u00e0 travers notre section de\u00a0<a href=\"https:\/\/walkingranada.com\/fr\/visites-personnalisees\/\">visites personnalisses<\/a>.\n<h2>\n\t\t\tTambi\u00e9n puedes reservar nuestras otras visitas guiadas&#8230;\t<\/h2>\n\t <section>\n            <img decoding=\"async\" loading=\"lazy\" src=\"https:\/\/walkingranada.com\/wp-content\/uploads\/2023\/01\/Jardines-card-walkin.webp\" width=\"100%\" alt=\"Visite priv\u00e9e de l\u2019Alhambra\"\/>\n                <h3>Visite priv\u00e9e de l\u2019Alhambra<\/h3>\n                <hr \/>\n                <p>Si vous voulez visiter l\u2019Alhambra avec un guide d\u00e9di\u00e9 seulement \u00e0 vous et votre famille\/vos amis<\/p>\n                <hr \/>\n                    <p> Tous les jours<\/p>\n                    <p> Heures du site<\/p>\n                    <p> 3h<\/p>\n                    \u00c0 partir de\n                    <p>40\u20ac<\/p>\/pax\n            <a href=\"https:\/\/walkingranada.com\/fr\/alhambra\/visite-privee\/\">R\u00e9server &gt;<\/a>\n            <img decoding=\"async\" loading=\"lazy\" src=\"https:\/\/walkingranada.com\/wp-content\/uploads\/2023\/01\/Alhambra-card-walkin.webp\" width=\"100%\" alt=\"Visite guid\u00e9e avec entr\u00e9e \u00e0 l\u2019Alhambra et Generalife\"\/>\n                <h3>Visite guid\u00e9e avec entr\u00e9e \u00e0 l\u2019Alhambra et Generalife<\/h3>\n                <hr \/>\n                <p>Entrez dans la ville palatine de l'Alhambra et ses jardins impressionnants.<\/p>\n                <hr \/>\n                    <p> Tous les jours<\/p>\n                    <p> Heures du site<\/p>\n                    <p> 3h<\/p>\n                    \u00c0 partir de\n                    <p>49\u20ac<\/p>\/pax\n            <a href=\"https:\/\/walkingranada.com\/fr\/alhambra\/visite-guidee-avec-entree-alhambra\/\">R\u00e9server &gt;<\/a>\n        <img decoding=\"async\" loading=\"lazy\" src=\"https:\/\/walkingranada.com\/wp-content\/uploads\/2023\/01\/Centro-historico-card.webp\" width=\"100%\" alt=\"Visite guid\u00e9e du centre historique et du bas-Albaicin\"\/>\n            <h3>Visite guid\u00e9e Centro historique et Albaicin<\/h3>\n            <hr \/>\n            <p>Plongez dans l'histoire. Au cours de ce circuit, vous visiterez les quartiers les plus centraux et les plus populaires.<\/p>\n            <hr \/>\n                <p> Tous les jours<\/p>\n                <p> Demandez-nous<\/p>\n                <p> 2,5h<\/p>\n                    \u00c0 partir de\n                    <p>8\u20ac<\/p>\/pax\n        <a href=\"https:\/\/walkingranada.com\/fr\/visites-guidees\/centre-historique-albaicin\/\">R\u00e9server &gt;<\/a>\n        <img decoding=\"async\" loading=\"lazy\" src=\"https:\/\/walkingranada.com\/wp-content\/uploads\/2023\/01\/Rutas-lorquianas-card.webp\"\/>\n            <h3>Parcours <br \/>Lorquiennes <\/h3>\n            <hr \/>\n            Descubre el universo de Federico Garc\u00eda Lorca con estas tres distintas visitas.\n\n            <hr \/>\n                <p> Tous les jours<\/p>\n                <p> Demandez-nous<\/p>\n                <p> Demandez-nous<\/p>\n                    \u00c0 partir de\n                    <p>11\u20ac<\/p>\/pax\n        <a href=\"https:\/\/walkingranada.com\/fr\/visites-guidees\/sacromonte\/\">R\u00e9server &gt;<\/a>\n    <\/section>\n<h2>\n\t\t\tTambi\u00e9n puedes reservar nuestros otros servicios&#8230;\t<\/h2>\n\t<a href=\"https:\/\/walkingranada.com\/fr\/que-faire-a-granada\/flamenco\/\" target=\"_self\"><\/a>\t\t\t<img decoding=\"async\" loading=\"lazy\" alt=\"Servicio Flamenco\" src=\"https:\/\/walkingranada.com\/wp-content\/uploads\/2023\/01\/Servicio-Flamenco.webp\"\/>\n\t\t<h3>Flamenco<\/h3>\n\t<a href=\"https:\/\/walkingranada.com\/fr\/que-faire-a-granada\/route-olfactif\/\" target=\"_self\"><\/a>\t\t\t<img decoding=\"async\" loading=\"lazy\" alt=\"Servicio Rutas Olfativas\" src=\"https:\/\/walkingranada.com\/wp-content\/uploads\/2023\/01\/Servicio-Rutas-Olfativas.webp\"\/>\n\t\t<h3>Route olfactif<\/h3>\n\t<a href=\"https:\/\/walkingranada.com\/fr\/que-faire-a-granada\/hammam-al-andalus\/\" target=\"_self\"><\/a>\t\t\t<img decoding=\"async\" loading=\"lazy\" alt=\"Servicios Hamman\" src=\"https:\/\/walkingranada.com\/wp-content\/uploads\/2023\/01\/Servicios-Hamman.webp\"\/>\n\t\t\n\t\t\t<p>Hammam<br \/>Al-\u00e1ndalus<\/p>\n\t<a href=\"https:\/\/walkingranada.com\/fr\/que-faire-a-granada\/parcours-gastronomiques\/\" target=\"_self\"><\/a>\t\t\t<img decoding=\"async\" loading=\"lazy\" alt=\"Servicio Rutas Gastron\u00f3micas\" src=\"https:\/\/walkingranada.com\/wp-content\/uploads\/2023\/01\/Servicio-Rutas-Gastronomicas.webp\"\/>\n\t\t<h3>Parcours gastronomiques<\/h3>","protected":false},"excerpt":{"rendered":"<p>Visita guiada &gt; Sacromonte Visita privada Sacromonte Plaza nueva Fuente principal de la plaza Dificultad alta Casco Hist\u00f3rico Accesibilidad limitada Todos los d\u00edas Seg\u00fan disponibilidad 2,5 horas Desde 8\u20ac\/pax Castellano, ingl\u00e9s, franc\u00e9s y portugu\u00e9s. Otros bajo petici\u00f3n. Conoce el barrio con m\u00e1s duende de Granada \u00c9ste es un tour para amantes de la fotograf\u00eda, la &#8230; <a title=\"Sacromonte\" class=\"read-more\" href=\"https:\/\/walkingranada.com\/fr\/visitas-guiadas\/sacromonte\/\" aria-label=\"En savoir plus sur Sacromonte\">Lire la suite<\/a><\/p>","protected":false},"author":2,"featured_media":2315,"parent":94,"menu_order":0,"comment_status":"closed","ping_status":"closed","template":"","meta":{"footnotes":""},"class_list":["post-416","page","type-page","status-publish","has-post-thumbnail"],"yoast_head":"<!-- This site is optimized with the Yoast SEO plugin v27.4 - https:\/\/yoast.com\/product\/yoast-seo-wordpress\/ -->\n<title>Visita Guiada Sacromonte - Visita Privada - Walk in Granada<\/title>\n<meta name=\"description\" content=\"Ad\u00e9ntrate en el barrio gitano de Granada con esta visita privada por el Sacromonte. Descubre las casas cueva y las c\u00e9lebres Zambras.\" \/>\n<meta name=\"robots\" content=\"index, follow, max-snippet:-1, max-image-preview:large, max-video-preview:-1\" \/>\n<link rel=\"canonical\" href=\"https:\/\/walkingranada.com\/fr\/visites-guidees\/sacromonte\/\" \/>\n<meta property=\"og:locale\" content=\"fr_FR\" \/>\n<meta property=\"og:type\" content=\"article\" \/>\n<meta property=\"og:title\" content=\"Visita Guiada Sacromonte - Visita Privada - Walk in Granada\" \/>\n<meta property=\"og:description\" content=\"Ad\u00e9ntrate en el barrio gitano de Granada con esta visita privada por el Sacromonte. Descubre las casas cueva y las c\u00e9lebres Zambras.\" \/>\n<meta property=\"og:url\" content=\"https:\/\/walkingranada.com\/fr\/visites-guidees\/sacromonte\/\" \/>\n<meta property=\"og:site_name\" content=\"Walk in Granada\" \/>\n<meta property=\"article:publisher\" content=\"https:\/\/es-es.facebook.com\/walkingranadatour\/\" \/>\n<meta property=\"article:modified_time\" content=\"2025-08-06T06:19:54+00:00\" \/>\n<meta property=\"og:image\" content=\"https:\/\/walkingranada.com\/wp-content\/uploads\/2023\/01\/sacromonte-701.webp\" \/>\n\t<meta property=\"og:image:width\" content=\"305\" \/>\n\t<meta property=\"og:image:height\" content=\"305\" \/>\n\t<meta property=\"og:image:type\" content=\"image\/webp\" \/>\n<meta name=\"twitter:card\" content=\"summary_large_image\" \/>\n<meta name=\"twitter:site\" content=\"@walkingranada\" \/>\n<meta name=\"twitter:label1\" content=\"Dur\u00e9e de lecture estim\u00e9e\" \/>\n\t<meta name=\"twitter:data1\" content=\"7 minutes\" \/>\n<script type=\"application\/ld+json\" class=\"yoast-schema-graph\">{\"@context\":\"https:\\\/\\\/schema.org\",\"@graph\":[{\"@type\":\"WebPage\",\"@id\":\"https:\\\/\\\/walkingranada.com\\\/visitas-guiadas\\\/sacromonte\\\/\",\"url\":\"https:\\\/\\\/walkingranada.com\\\/visitas-guiadas\\\/sacromonte\\\/\",\"name\":\"Visita Guiada Sacromonte - Visita Privada - Walk in Granada\",\"isPartOf\":{\"@id\":\"https:\\\/\\\/walkingranada.com\\\/#website\"},\"primaryImageOfPage\":{\"@id\":\"https:\\\/\\\/walkingranada.com\\\/visitas-guiadas\\\/sacromonte\\\/#primaryimage\"},\"image\":{\"@id\":\"https:\\\/\\\/walkingranada.com\\\/visitas-guiadas\\\/sacromonte\\\/#primaryimage\"},\"thumbnailUrl\":\"https:\\\/\\\/walkingranada.com\\\/wp-content\\\/uploads\\\/2023\\\/01\\\/sacromonte-701.webp\",\"datePublished\":\"2022-10-27T08:47:47+00:00\",\"dateModified\":\"2025-08-06T06:19:54+00:00\",\"description\":\"Ad\u00e9ntrate en el barrio gitano de Granada con esta visita privada por el Sacromonte. Descubre las casas cueva y las c\u00e9lebres Zambras.\",\"breadcrumb\":{\"@id\":\"https:\\\/\\\/walkingranada.com\\\/visitas-guiadas\\\/sacromonte\\\/#breadcrumb\"},\"inLanguage\":\"fr-FR\",\"potentialAction\":[{\"@type\":\"ReadAction\",\"target\":[\"https:\\\/\\\/walkingranada.com\\\/visitas-guiadas\\\/sacromonte\\\/\"]}]},{\"@type\":\"ImageObject\",\"inLanguage\":\"fr-FR\",\"@id\":\"https:\\\/\\\/walkingranada.com\\\/visitas-guiadas\\\/sacromonte\\\/#primaryimage\",\"url\":\"https:\\\/\\\/walkingranada.com\\\/wp-content\\\/uploads\\\/2023\\\/01\\\/sacromonte-701.webp\",\"contentUrl\":\"https:\\\/\\\/walkingranada.com\\\/wp-content\\\/uploads\\\/2023\\\/01\\\/sacromonte-701.webp\",\"width\":305,\"height\":305,\"caption\":\"Sacromonte\"},{\"@type\":\"BreadcrumbList\",\"@id\":\"https:\\\/\\\/walkingranada.com\\\/visitas-guiadas\\\/sacromonte\\\/#breadcrumb\",\"itemListElement\":[{\"@type\":\"ListItem\",\"position\":1,\"name\":\"Portada\",\"item\":\"https:\\\/\\\/walkingranada.com\\\/\"},{\"@type\":\"ListItem\",\"position\":2,\"name\":\"Visitas guiadas\",\"item\":\"https:\\\/\\\/walkingranada.com\\\/visitas-guiadas\\\/\"},{\"@type\":\"ListItem\",\"position\":3,\"name\":\"Sacromonte\"}]},{\"@type\":\"WebSite\",\"@id\":\"https:\\\/\\\/walkingranada.com\\\/#website\",\"url\":\"https:\\\/\\\/walkingranada.com\\\/\",\"name\":\"Walk in Granada\",\"description\":\"Turismo responsable\",\"publisher\":{\"@id\":\"https:\\\/\\\/walkingranada.com\\\/#organization\"},\"alternateName\":\"Walk in Granada\",\"potentialAction\":[{\"@type\":\"SearchAction\",\"target\":{\"@type\":\"EntryPoint\",\"urlTemplate\":\"https:\\\/\\\/walkingranada.com\\\/?s={search_term_string}\"},\"query-input\":{\"@type\":\"PropertyValueSpecification\",\"valueRequired\":true,\"valueName\":\"search_term_string\"}}],\"inLanguage\":\"fr-FR\"},{\"@type\":\"Organization\",\"@id\":\"https:\\\/\\\/walkingranada.com\\\/#organization\",\"name\":\"Walk In Granada\",\"alternateName\":\"Walk In Granada\",\"url\":\"https:\\\/\\\/walkingranada.com\\\/\",\"logo\":{\"@type\":\"ImageObject\",\"inLanguage\":\"fr-FR\",\"@id\":\"https:\\\/\\\/walkingranada.com\\\/#\\\/schema\\\/logo\\\/image\\\/\",\"url\":\"https:\\\/\\\/walkingranada.com\\\/wp-content\\\/uploads\\\/2022\\\/12\\\/Logo-Walking.webp\",\"contentUrl\":\"https:\\\/\\\/walkingranada.com\\\/wp-content\\\/uploads\\\/2022\\\/12\\\/Logo-Walking.webp\",\"width\":512,\"height\":512,\"caption\":\"Walk In Granada\"},\"image\":{\"@id\":\"https:\\\/\\\/walkingranada.com\\\/#\\\/schema\\\/logo\\\/image\\\/\"},\"sameAs\":[\"https:\\\/\\\/es-es.facebook.com\\\/walkingranadatour\\\/\",\"https:\\\/\\\/x.com\\\/walkingranada\",\"https:\\\/\\\/www.instagram.com\\\/walkingranada\\\/\"]}]}<\/script>\n<!-- \/ Yoast SEO plugin. -->","yoast_head_json":{"title":"Visite guid\u00e9e de Sacromonte - Visite priv\u00e9e - Walk in Granada","description":"Plongez-vous dans le quartier gitan de Grenade avec ce tour priv\u00e9 de Sacromonte. D\u00e9couvrez les maisons troglodytes et les c\u00e9l\u00e8bres Zambras.","robots":{"index":"index","follow":"follow","max-snippet":"max-snippet:-1","max-image-preview":"max-image-preview:large","max-video-preview":"max-video-preview:-1"},"canonical":"https:\/\/walkingranada.com\/fr\/visites-guidees\/sacromonte\/","og_locale":"fr_FR","og_type":"article","og_title":"Visita Guiada Sacromonte - Visita Privada - Walk in Granada","og_description":"Ad\u00e9ntrate en el barrio gitano de Granada con esta visita privada por el Sacromonte. Descubre las casas cueva y las c\u00e9lebres Zambras.","og_url":"https:\/\/walkingranada.com\/fr\/visites-guidees\/sacromonte\/","og_site_name":"Walk in Granada","article_publisher":"https:\/\/es-es.facebook.com\/walkingranadatour\/","article_modified_time":"2025-08-06T06:19:54+00:00","og_image":[{"width":305,"height":305,"url":"https:\/\/walkingranada.com\/wp-content\/uploads\/2023\/01\/sacromonte-701.webp","type":"image\/webp"}],"twitter_card":"summary_large_image","twitter_site":"@walkingranada","twitter_misc":{"Dur\u00e9e de lecture estim\u00e9e":"7 minutes"},"schema":{"@context":"https:\/\/schema.org","@graph":[{"@type":"WebPage","@id":"https:\/\/walkingranada.com\/visitas-guiadas\/sacromonte\/","url":"https:\/\/walkingranada.com\/visitas-guiadas\/sacromonte\/","name":"Visite guid\u00e9e de Sacromonte - Visite priv\u00e9e - Walk in Granada","isPartOf":{"@id":"https:\/\/walkingranada.com\/#website"},"primaryImageOfPage":{"@id":"https:\/\/walkingranada.com\/visitas-guiadas\/sacromonte\/#primaryimage"},"image":{"@id":"https:\/\/walkingranada.com\/visitas-guiadas\/sacromonte\/#primaryimage"},"thumbnailUrl":"https:\/\/walkingranada.com\/wp-content\/uploads\/2023\/01\/sacromonte-701.webp","datePublished":"2022-10-27T08:47:47+00:00","dateModified":"2025-08-06T06:19:54+00:00","description":"Plongez-vous dans le quartier gitan de Grenade avec ce tour priv\u00e9 de Sacromonte. D\u00e9couvrez les maisons troglodytes et les c\u00e9l\u00e8bres Zambras.","breadcrumb":{"@id":"https:\/\/walkingranada.com\/visitas-guiadas\/sacromonte\/#breadcrumb"},"inLanguage":"fr-FR","potentialAction":[{"@type":"ReadAction","target":["https:\/\/walkingranada.com\/visitas-guiadas\/sacromonte\/"]}]},{"@type":"ImageObject","inLanguage":"fr-FR","@id":"https:\/\/walkingranada.com\/visitas-guiadas\/sacromonte\/#primaryimage","url":"https:\/\/walkingranada.com\/wp-content\/uploads\/2023\/01\/sacromonte-701.webp","contentUrl":"https:\/\/walkingranada.com\/wp-content\/uploads\/2023\/01\/sacromonte-701.webp","width":305,"height":305,"caption":"Sacromonte"},{"@type":"BreadcrumbList","@id":"https:\/\/walkingranada.com\/visitas-guiadas\/sacromonte\/#breadcrumb","itemListElement":[{"@type":"ListItem","position":1,"name":"Portada","item":"https:\/\/walkingranada.com\/"},{"@type":"ListItem","position":2,"name":"Visitas guiadas","item":"https:\/\/walkingranada.com\/visitas-guiadas\/"},{"@type":"ListItem","position":3,"name":"Sacromonte"}]},{"@type":"WebSite","@id":"https:\/\/walkingranada.com\/#website","url":"https:\/\/walkingranada.com\/","name":"Walk in Granada","description":"Turismo responsable","publisher":{"@id":"https:\/\/walkingranada.com\/#organization"},"alternateName":"Walk in Granada","potentialAction":[{"@type":"SearchAction","target":{"@type":"EntryPoint","urlTemplate":"https:\/\/walkingranada.com\/?s={search_term_string}"},"query-input":{"@type":"PropertyValueSpecification","valueRequired":true,"valueName":"search_term_string"}}],"inLanguage":"fr-FR"},{"@type":"Organization","@id":"https:\/\/walkingranada.com\/#organization","name":"Walk In Granada","alternateName":"Walk In Granada","url":"https:\/\/walkingranada.com\/","logo":{"@type":"ImageObject","inLanguage":"fr-FR","@id":"https:\/\/walkingranada.com\/#\/schema\/logo\/image\/","url":"https:\/\/walkingranada.com\/wp-content\/uploads\/2022\/12\/Logo-Walking.webp","contentUrl":"https:\/\/walkingranada.com\/wp-content\/uploads\/2022\/12\/Logo-Walking.webp","width":512,"height":512,"caption":"Walk In Granada"},"image":{"@id":"https:\/\/walkingranada.com\/#\/schema\/logo\/image\/"},"sameAs":["https:\/\/es-es.facebook.com\/walkingranadatour\/","https:\/\/x.com\/walkingranada","https:\/\/www.instagram.com\/walkingranada\/"]}]}},"_links":{"self":[{"href":"https:\/\/walkingranada.com\/fr\/wp-json\/wp\/v2\/pages\/416","targetHints":{"allow":["GET"]}}],"collection":[{"href":"https:\/\/walkingranada.com\/fr\/wp-json\/wp\/v2\/pages"}],"about":[{"href":"https:\/\/walkingranada.com\/fr\/wp-json\/wp\/v2\/types\/page"}],"author":[{"embeddable":true,"href":"https:\/\/walkingranada.com\/fr\/wp-json\/wp\/v2\/users\/2"}],"replies":[{"embeddable":true,"href":"https:\/\/walkingranada.com\/fr\/wp-json\/wp\/v2\/comments?post=416"}],"version-history":[{"count":1,"href":"https:\/\/walkingranada.com\/fr\/wp-json\/wp\/v2\/pages\/416\/revisions"}],"predecessor-version":[{"id":7052,"href":"https:\/\/walkingranada.com\/fr\/wp-json\/wp\/v2\/pages\/416\/revisions\/7052"}],"up":[{"embeddable":true,"href":"https:\/\/walkingranada.com\/fr\/wp-json\/wp\/v2\/pages\/94"}],"wp:featuredmedia":[{"embeddable":true,"href":"https:\/\/walkingranada.com\/fr\/wp-json\/wp\/v2\/media\/2315"}],"wp:attachment":[{"href":"https:\/\/walkingranada.com\/fr\/wp-json\/wp\/v2\/media?parent=416"}],"curies":[{"name":"wp","href":"https:\/\/api.w.org\/{rel}","templated":true}]}}