{"id":414,"date":"2022-10-27T08:47:25","date_gmt":"2022-10-27T08:47:25","guid":{"rendered":"https:\/\/factum-omibu.es\/walkin\/?page_id=414"},"modified":"2025-08-06T06:19:08","modified_gmt":"2025-08-06T06:19:08","slug":"albaicin","status":"publish","type":"page","link":"https:\/\/walkingranada.com\/fr\/visitas-guiadas\/albaicin\/","title":{"rendered":"Albaic\u00edn"},"content":{"rendered":"<p>Visites guid\u00e9es &gt; Albaic\u00edn<\/p>\n\t<!-- FareHarbor calendar of item #442582 -->\n<h1>\n\t\t\tVisite priv\u00e9e Albaic\u00edn\t<\/h1>\n        <a href=\"#encuentro\">\n            <img decoding=\"async\" loading=\"lazy\" src=\"https:\/\/walkingranada.com\/wp-content\/uploads\/2022\/10\/fi-rr-marker.png\" alt=\"Plaza nueva\"\/>\n            <p>Plaza nueva <img decoding=\"async\" loading=\"lazy\" src=\"https:\/\/walkingranada.com\/wp-content\/uploads\/2022\/10\/\ud83e\udd86-icon-_Info-Circle_.png\" alt=\"informaci\u00f3n\"\/><\/p>\n        <\/a>\n        <img decoding=\"async\" loading=\"lazy\" src=\"https:\/\/walkingranada.com\/wp-content\/uploads\/2022\/12\/fuente-icon.png\" alt=\"Fontaine principale de la place\"\/>\n        <p>Fontaine principale de la place<\/p>\n        <img decoding=\"async\" loading=\"lazy\" src=\"https:\/\/walkingranada.com\/wp-content\/uploads\/2022\/10\/fi-rr-chat-arrow-grow.png\" alt=\"Difficult\u00e9 Moyenne\"\/>\n        <p>Difficult\u00e9 Moyenne<\/p>\n        <img decoding=\"async\" loading=\"lazy\" src=\"https:\/\/walkingranada.com\/wp-content\/uploads\/2022\/10\/fi-rr-map.png\" alt=\"Quartier historique\"\/>\n        <p>Quartier historique<\/p>\n        <img decoding=\"async\" loading=\"lazy\" src=\"https:\/\/walkingranada.com\/wp-content\/uploads\/2022\/12\/accesibilidad_.png\" alt=\"Accessibilit\u00e9 limit\u00e9e\"\/>\n        <p>Accessibilit\u00e9 limit\u00e9e<\/p>\n        <img decoding=\"async\" loading=\"lazy\" src=\"https:\/\/walkingranada.com\/wp-content\/uploads\/2022\/10\/fi-rr-calendar.png\" alt=\"TODOS LOS DIAS\"\/>\n        <p>Tous les jours<\/p>\n        <img decoding=\"async\" loading=\"lazy\" src=\"https:\/\/walkingranada.com\/wp-content\/uploads\/2022\/10\/fi-rr-clock.png\" alt=\"horario Seg\u00fan disponibilidad\"\/>\n        <p>Selon la disponibilit\u00e9<\/p>\n        <img decoding=\"async\" loading=\"lazy\" src=\"https:\/\/walkingranada.com\/wp-content\/uploads\/2022\/10\/fi-rr-alarm-clock.png\" alt=\"2,5 HEURES\"\/>\n        <p>2,5 heures<\/p>\n        <img decoding=\"async\" loading=\"lazy\" src=\"https:\/\/walkingranada.com\/wp-content\/uploads\/2022\/10\/fi-rr-receipt.png\" alt=\"TU PONES EL PRECIO\"\/>\n        <p>A partir de 8\u20ac\/pax<\/p>\n        <img decoding=\"async\" loading=\"lazy\" src=\"https:\/\/walkingranada.com\/wp-content\/uploads\/2022\/10\/fi-rr-comments.png\" alt=\"Langue\"\/>\n        <p>Espagnol, anglais, fran\u00e7ais et portugais. Autres sur demand.<\/p>\n<h2>\n\t\t\tL'origine de Granada\t<\/h2>\n\t<p>El barrio del Albaic\u00edn es el coraz\u00f3n de Granada. Aqu\u00ed se fund\u00f3 la ciudad, y hoy en d\u00eda sigue siendo, junto con la Alhambra, la zona m\u00e1s importante de la ciudad hist\u00f3ricamente. Sus calles estrechas y laber\u00ednticas nos recuerdan su pasado musulm\u00e1n, sus magn\u00edficos miradores, su ambiente&#8230; D\u00e9jate llevar durante 2 horas y media por un gu\u00eda experimentado que te mostrar\u00e1 lo mejor de este barrio, mientras aprendes y disfrutas de un tour dise\u00f1ado a tu medida.<\/p>\n<h2>\n\t\t\tPoint de rencontre\t<\/h2>\n\t\t\t\t<img decoding=\"async\" src=\"https:\/\/walkingranada.com\/wp-content\/uploads\/2023\/01\/fuente-plaza-nueva.webp\" alt=\"fuente-plaza-nueva\" itemprop=\"image\" height=\"398\" width=\"711\" title=\"fuente-plaza-nueva\" onerror=\"this.style.display='none'\" loading=\"lazy\" \/>\n<h3 class=\"translation-block\"><span class=\"fl-heading-text\">Fontaine principale en face de la pharmacie sur la <span class=\"red\">Plaza Nueva<\/span><\/span><\/h3>\n\t<p>Avez-vous besoin d'indications pour vous y rendre ?<\/p>\n\t\t\t<a href=\"#reserva\" target=\"_self\">\n\t\t\t\t\t\t\tR\u00e9server &gt;\n\t\t\t\t\t<\/a>\n\t\t\t<a href=\"https:\/\/walkingranada.com\/fr\/comment-acceder-a-plaza-nueva\/\" target=\"_self\">\n\t\t\t\t\t\t\tComment s'y rendre ? &gt;\n\t\t\t\t\t<\/a>\n<h2>\n\t\t\tRecommandations\t<\/h2>\n\t<ol>\n<li class=\"translation-block\">Arrivez <strong>20 minutes en avance<\/strong> avant l'heure de d\u00e9but de la visite.<\/li>\n<li>Portez des <strong>chaussures confortables<\/strong>. La visite dure 2.5 heures.<\/li>\n<li>En \u00e9t\u00e9, pensez \u00e0 utiliser de la\u00a0<strong>cr\u00e8me solaire et \u00e0 emporter une bouteille d'eau<\/strong>.<\/li>\n<\/ol>\n<h2>\n\t\t\tItin\u00e9raire\t<\/h2>\n\t<ul>\n<li>Plaza Nueva<\/li>\n<li>Carrera del Darro<\/li>\n<li>Ba\u00f1uelo<\/li>\n<li>B\u00e2timents hispano-musulmans<\/li>\n<li>San Juan de los Reyes<\/li>\n<li>Carmen de la Victoria<\/li>\n<li>\u00c9glise de El Salvador<\/li>\n<li>Point de vue de San Nicol\u00e1s.<\/li>\n<li>Grande Mosqu\u00e9e<\/li>\n<li>Arco de las Pesas<\/li>\n<li>Place Larga<\/li>\n<\/ul>\n\t<p>La conqu\u00eate de Grenade a marqu\u00e9 un tournant dans la soci\u00e9t\u00e9 europ\u00e9enne \u00e0 la fin du XVe si\u00e8cle et c'est dans l'Albaic\u00edn que nous trouvons le t\u00e9moignage le plus vivant de ce changement. Le quartier de l'Albaic\u00edn est une synth\u00e8se de toutes les cultures qui ont travers\u00e9 ses rues et ses places et v\u00e9cu dans ses maisons. Des Romains aux Chr\u00e9tiens, en passant par les Visigoths et sans oublier les artistes et \u00e9crivains romantiques qui ont trouv\u00e9 tant d'inspiration dans ses belles ruelles, tous ont contribu\u00e9 \u00e0 donner \u00e0 l'Albaic\u00edn son charme caract\u00e9ristique. Ici, les maisons nasrides et mauresques, les k\u00e1rmenes avec leurs jardins traditionnels, les anciennes mosqu\u00e9es converties en \u00e9glises et les palais musulmans coexistent avec les ateliers d'artisans, les bars traditionnels, les entreprises familiales et les points de vue magiques.<\/p>\n<p>Consultez notre calendrier pour conna\u00eetre les disponibilit\u00e9s.\u00a0<strong>Ne la manquez pas!<\/strong><\/p>\nN'oubliez pas que si vous avez des doutes avant de r\u00e9server une visite priv\u00e9e ou si le jour que vous souhaitez visiter n'est pas disponible, vous pouvez nous contacter \u00e0 tout moment \u00e0 l'adresse\u00a0<a href=\"mailto:info@walkingranada.com\">info@walkingranada.com<\/a>.<br \/>\nSi vous souhaitez une visite plus sp\u00e9cifique, y compris des billets pour un monument qui vous int\u00e9resse ou dans une autre langue, vous pouvez en faire la demande \u00e0 travers notre section de\u00a0<a href=\"https:\/\/walkingranada.com\/fr\/visites-personnalisees\/\">visites personnalisses<\/a>.\n<h2>\n\t\t\tTambi\u00e9n puedes reservar nuestras otras visitas guiadas&#8230;\t<\/h2>\n\t<section>\n            <img decoding=\"async\" loading=\"lazy\" src=\"https:\/\/walkingranada.com\/wp-content\/uploads\/2023\/01\/Jardines-card-walkin.webp\" width=\"100%\" alt=\"Visite priv\u00e9e de l\u2019Alhambra\"\/>\n                <h3>Visite priv\u00e9e de l\u2019Alhambra<\/h3>\n                <hr \/>\n                <p>Si vous voulez visiter l\u2019Alhambra avec un guide d\u00e9di\u00e9 seulement \u00e0 vous et votre famille\/vos amis<\/p>\n                <hr \/>\n                    <p> Tous les jours<\/p>\n                    <p> Heures du site<\/p>\n                    <p> 3h<\/p>\n                    \u00c0 partir de\n                    <p>40\u20ac<\/p>\/pax\n            <a href=\"https:\/\/walkingranada.com\/fr\/alhambra\/visite-privee\/\">R\u00e9server &gt;<\/a>\n            <img decoding=\"async\" loading=\"lazy\" src=\"https:\/\/walkingranada.com\/wp-content\/uploads\/2023\/01\/Alhambra-card-walkin.webp\" width=\"100%\" alt=\"Visite guid\u00e9e avec entr\u00e9e \u00e0 l\u2019Alhambra et Generalife\"\/>\n                <h3>Visite guid\u00e9e avec entr\u00e9e \u00e0 l\u2019Alhambra et Generalife<\/h3>\n                <hr \/>\n                <p>Entrez dans la ville palatine de l'Alhambra et ses jardins impressionnants.<\/p>\n                <hr \/>\n                    <p> Tous les jours<\/p>\n                    <p> Heures du site<\/p>\n                    <p> 3h<\/p>\n                    \u00c0 partir de\n                    <p>49\u20ac<\/p>\n                    \/pax\n            <a href=\"https:\/\/walkingranada.com\/fr\/alhambra\/visite-guidee-avec-entree-alhambra\/\">R\u00e9server &gt;<\/a>\n        <img decoding=\"async\" loading=\"lazy\" src=\"https:\/\/walkingranada.com\/wp-content\/uploads\/2023\/01\/Centro-historico-card.webp\" width=\"100%\" alt=\"Visite guid\u00e9e du centre historique et du bas-Albaicin\"\/>\n            <h3>Visite guid\u00e9e du centre historique et du bas-Albaicin<\/h3>\n            <hr \/>\n            <p>Plongez dans l'histoire. Au cours de ce circuit, vous visiterez les quartiers les plus centraux et les plus populaires.<\/p>\n            <hr \/>\n                <p> Tous les jours<\/p>\n                <p> Demandez-nous<\/p>\n                <p> 2,5h<\/p>\n                    \u00c0 partir de\n                    <p>8\u20ac<\/p>\n                    \/pax\n        <a href=\"https:\/\/walkingranada.com\/fr\/visites-guidees\/centre-historique-albaicin\/\">R\u00e9server &gt;<\/a>\n        <img decoding=\"async\" loading=\"lazy\" src=\"https:\/\/walkingranada.com\/wp-content\/uploads\/2023\/01\/Card-Sacromonte.webp\" width=\"100%\" alt=\"Visite guid\u00e9e du Sacromonte\"\/>\n            <h3>Visite guid\u00e9e du Sacromonte<\/h3>\n            <hr \/>\n            D\u00e9couvrez le quartier avec le plus de gobelins de Grenade. Ceci est une visite pour les amateurs de photographie.\n            <hr \/>\n                <p> Tous les jours<\/p>\n                <p> Demandez-nous<\/p>\n                <p> 2,5h<\/p>\n                    \u00c0 partir de\n                    <p>8\u20ac<\/p>\n                    \/pax\n        <a href=\"https:\/\/walkingranada.com\/fr\/visites-guidees\/sacromonte\/\">R\u00e9server &gt;<\/a>\n<\/section>\n<h2>\n\t\t\tTambi\u00e9n puedes reservar nuestros otros servicios&#8230;\t<\/h2>\n\t<a href=\"https:\/\/walkingranada.com\/fr\/que-faire-a-granada\/flamenco\/\" target=\"_self\"><\/a>\t\t\t<img decoding=\"async\" loading=\"lazy\" alt=\"bailaora flamenca\" src=\"https:\/\/walkingranada.com\/wp-content\/uploads\/2022\/10\/Rectangle-42.png\"\/>\n\t\t<h3>Flamenco<\/h3>\n\t<a href=\"https:\/\/walkingranada.com\/fr\/que-faire-a-granada\/hammam-al-andalus\/\" target=\"_self\"><\/a>\t\t\t<img decoding=\"async\" loading=\"lazy\" alt=\"ba\u00f1os \u00e1rabes\" src=\"https:\/\/walkingranada.com\/wp-content\/uploads\/2022\/10\/Rectangle-43.png\"\/>\n\t\t<h3>Hammam <br \/>Al-\u00e1ndalus<\/h3>\n\t<a href=\"https:\/\/walkingranada.com\/fr\/que-faire-a-granada\/excursions\/\" target=\"_self\"><\/a>\t\t\t<img decoding=\"async\" loading=\"lazy\" alt=\"mezquita de c\u00f3rdoba\" src=\"https:\/\/walkingranada.com\/wp-content\/uploads\/2022\/10\/Rectangle-45.png\"\/>\n\t\t<h3>excursions <br \/>d\u2019une journ\u00e9e<\/h3>\n\t<a href=\"https:\/\/walkingranada.com\/fr\/que-faire-a-granada\/route-olfactif\/\" target=\"_self\"><\/a>\t\t\t<img decoding=\"async\" loading=\"lazy\" alt=\"imagen de una chica joven\" src=\"https:\/\/walkingranada.com\/wp-content\/uploads\/2022\/10\/Rectangle-38.png\"\/>\n\t\t<h3>Route olfactif<\/h3>","protected":false},"excerpt":{"rendered":"<p>Visitas guiadas &gt; Albaic\u00edn Visita privada Albaic\u00edn Plaza nueva Fuente principal de la plaza Dificultad media Casco Hist\u00f3rico Accesibilidad limitada Todos los d\u00edas Seg\u00fan disponibilidad 2,5 horas Desde 8\u20ac\/pax Castellano, ingl\u00e9s, franc\u00e9s y portugu\u00e9s. Otros bajo petici\u00f3n. El origen de Granada El barrio del Albaic\u00edn es el coraz\u00f3n de Granada. Aqu\u00ed se fund\u00f3 la ciudad, &#8230; <a title=\"Albaic\u00edn\" class=\"read-more\" href=\"https:\/\/walkingranada.com\/fr\/visitas-guiadas\/albaicin\/\" aria-label=\"En savoir plus sur Albaic\u00edn\">Lire la suite<\/a><\/p>","protected":false},"author":2,"featured_media":2199,"parent":94,"menu_order":0,"comment_status":"closed","ping_status":"closed","template":"","meta":{"footnotes":""},"class_list":["post-414","page","type-page","status-publish","has-post-thumbnail"],"yoast_head":"<!-- This site is optimized with the Yoast SEO plugin v27.5 - https:\/\/yoast.com\/product\/yoast-seo-wordpress\/ -->\n<title>Visita Guiada Albaic\u00edn - Visita Privada - Walk in Granada<\/title>\n<meta name=\"description\" content=\"Visitas privadas con gu\u00eda local en el barrio del Albaic\u00edn. Casas moriscas, c\u00e1rmenes mezquitas convertidas en iglesias, palacios y mucho m\u00e1s\" \/>\n<meta name=\"robots\" content=\"index, follow, max-snippet:-1, max-image-preview:large, max-video-preview:-1\" \/>\n<link rel=\"canonical\" href=\"https:\/\/walkingranada.com\/fr\/visites-guidees\/albaicin\/\" \/>\n<meta property=\"og:locale\" content=\"fr_FR\" \/>\n<meta property=\"og:type\" content=\"article\" \/>\n<meta property=\"og:title\" content=\"Visita Guiada Albaic\u00edn - Visita Privada - Walk in Granada\" \/>\n<meta property=\"og:description\" content=\"Visitas privadas con gu\u00eda local en el barrio del Albaic\u00edn. Casas moriscas, c\u00e1rmenes mezquitas convertidas en iglesias, palacios y mucho m\u00e1s\" \/>\n<meta property=\"og:url\" content=\"https:\/\/walkingranada.com\/fr\/visites-guidees\/albaicin\/\" \/>\n<meta property=\"og:site_name\" content=\"Walk in Granada\" \/>\n<meta property=\"article:publisher\" content=\"https:\/\/es-es.facebook.com\/walkingranadatour\/\" \/>\n<meta property=\"article:modified_time\" content=\"2025-08-06T06:19:08+00:00\" \/>\n<meta property=\"og:image\" content=\"https:\/\/walkingranada.com\/wp-content\/uploads\/2023\/01\/Freetour-albaicin-y-sacromonte.webp\" \/>\n\t<meta property=\"og:image:width\" content=\"452\" \/>\n\t<meta property=\"og:image:height\" content=\"282\" \/>\n\t<meta property=\"og:image:type\" content=\"image\/webp\" \/>\n<meta name=\"twitter:card\" content=\"summary_large_image\" \/>\n<meta name=\"twitter:site\" content=\"@walkingranada\" \/>\n<meta name=\"twitter:label1\" content=\"Dur\u00e9e de lecture estim\u00e9e\" \/>\n\t<meta name=\"twitter:data1\" content=\"7 minutes\" \/>\n<script type=\"application\/ld+json\" class=\"yoast-schema-graph\">{\"@context\":\"https:\\\/\\\/schema.org\",\"@graph\":[{\"@type\":\"WebPage\",\"@id\":\"https:\\\/\\\/walkingranada.com\\\/visitas-guiadas\\\/albaicin\\\/\",\"url\":\"https:\\\/\\\/walkingranada.com\\\/visitas-guiadas\\\/albaicin\\\/\",\"name\":\"Visita Guiada Albaic\u00edn - Visita Privada - Walk in Granada\",\"isPartOf\":{\"@id\":\"https:\\\/\\\/walkingranada.com\\\/#website\"},\"primaryImageOfPage\":{\"@id\":\"https:\\\/\\\/walkingranada.com\\\/visitas-guiadas\\\/albaicin\\\/#primaryimage\"},\"image\":{\"@id\":\"https:\\\/\\\/walkingranada.com\\\/visitas-guiadas\\\/albaicin\\\/#primaryimage\"},\"thumbnailUrl\":\"https:\\\/\\\/walkingranada.com\\\/wp-content\\\/uploads\\\/2023\\\/01\\\/Freetour-albaicin-y-sacromonte.webp\",\"datePublished\":\"2022-10-27T08:47:25+00:00\",\"dateModified\":\"2025-08-06T06:19:08+00:00\",\"description\":\"Visitas privadas con gu\u00eda local en el barrio del Albaic\u00edn. Casas moriscas, c\u00e1rmenes mezquitas convertidas en iglesias, palacios y mucho m\u00e1s\",\"breadcrumb\":{\"@id\":\"https:\\\/\\\/walkingranada.com\\\/visitas-guiadas\\\/albaicin\\\/#breadcrumb\"},\"inLanguage\":\"fr-FR\",\"potentialAction\":[{\"@type\":\"ReadAction\",\"target\":[\"https:\\\/\\\/walkingranada.com\\\/visitas-guiadas\\\/albaicin\\\/\"]}]},{\"@type\":\"ImageObject\",\"inLanguage\":\"fr-FR\",\"@id\":\"https:\\\/\\\/walkingranada.com\\\/visitas-guiadas\\\/albaicin\\\/#primaryimage\",\"url\":\"https:\\\/\\\/walkingranada.com\\\/wp-content\\\/uploads\\\/2023\\\/01\\\/Freetour-albaicin-y-sacromonte.webp\",\"contentUrl\":\"https:\\\/\\\/walkingranada.com\\\/wp-content\\\/uploads\\\/2023\\\/01\\\/Freetour-albaicin-y-sacromonte.webp\",\"width\":452,\"height\":282,\"caption\":\"Vistas del albaycin\"},{\"@type\":\"BreadcrumbList\",\"@id\":\"https:\\\/\\\/walkingranada.com\\\/visitas-guiadas\\\/albaicin\\\/#breadcrumb\",\"itemListElement\":[{\"@type\":\"ListItem\",\"position\":1,\"name\":\"Portada\",\"item\":\"https:\\\/\\\/walkingranada.com\\\/\"},{\"@type\":\"ListItem\",\"position\":2,\"name\":\"Visitas guiadas\",\"item\":\"https:\\\/\\\/walkingranada.com\\\/visitas-guiadas\\\/\"},{\"@type\":\"ListItem\",\"position\":3,\"name\":\"Albaic\u00edn\"}]},{\"@type\":\"WebSite\",\"@id\":\"https:\\\/\\\/walkingranada.com\\\/#website\",\"url\":\"https:\\\/\\\/walkingranada.com\\\/\",\"name\":\"Walk in Granada\",\"description\":\"Turismo responsable\",\"publisher\":{\"@id\":\"https:\\\/\\\/walkingranada.com\\\/#organization\"},\"alternateName\":\"Walk in Granada\",\"potentialAction\":[{\"@type\":\"SearchAction\",\"target\":{\"@type\":\"EntryPoint\",\"urlTemplate\":\"https:\\\/\\\/walkingranada.com\\\/?s={search_term_string}\"},\"query-input\":{\"@type\":\"PropertyValueSpecification\",\"valueRequired\":true,\"valueName\":\"search_term_string\"}}],\"inLanguage\":\"fr-FR\"},{\"@type\":\"Organization\",\"@id\":\"https:\\\/\\\/walkingranada.com\\\/#organization\",\"name\":\"Walk In Granada\",\"alternateName\":\"Walk In Granada\",\"url\":\"https:\\\/\\\/walkingranada.com\\\/\",\"logo\":{\"@type\":\"ImageObject\",\"inLanguage\":\"fr-FR\",\"@id\":\"https:\\\/\\\/walkingranada.com\\\/#\\\/schema\\\/logo\\\/image\\\/\",\"url\":\"https:\\\/\\\/walkingranada.com\\\/wp-content\\\/uploads\\\/2022\\\/12\\\/Logo-Walking.webp\",\"contentUrl\":\"https:\\\/\\\/walkingranada.com\\\/wp-content\\\/uploads\\\/2022\\\/12\\\/Logo-Walking.webp\",\"width\":512,\"height\":512,\"caption\":\"Walk In Granada\"},\"image\":{\"@id\":\"https:\\\/\\\/walkingranada.com\\\/#\\\/schema\\\/logo\\\/image\\\/\"},\"sameAs\":[\"https:\\\/\\\/es-es.facebook.com\\\/walkingranadatour\\\/\",\"https:\\\/\\\/x.com\\\/walkingranada\",\"https:\\\/\\\/www.instagram.com\\\/walkingranada\\\/\"]}]}<\/script>\n<!-- \/ Yoast SEO plugin. -->","yoast_head_json":{"title":"Visite guid\u00e9e de l'Albaic\u00edn - Visite priv\u00e9e - Walk in Granada","description":"Visites priv\u00e9es avec guide local dans le quartier d'Albaic\u00edn. Maisons mud\u00e9jares, anciennes mosqu\u00e9es carm\u00e9lites transform\u00e9es en \u00e9glises et bien plus encore.","robots":{"index":"index","follow":"follow","max-snippet":"max-snippet:-1","max-image-preview":"max-image-preview:large","max-video-preview":"max-video-preview:-1"},"canonical":"https:\/\/walkingranada.com\/fr\/visites-guidees\/albaicin\/","og_locale":"fr_FR","og_type":"article","og_title":"Visita Guiada Albaic\u00edn - Visita Privada - Walk in Granada","og_description":"Visitas privadas con gu\u00eda local en el barrio del Albaic\u00edn. Casas moriscas, c\u00e1rmenes mezquitas convertidas en iglesias, palacios y mucho m\u00e1s","og_url":"https:\/\/walkingranada.com\/fr\/visites-guidees\/albaicin\/","og_site_name":"Walk in Granada","article_publisher":"https:\/\/es-es.facebook.com\/walkingranadatour\/","article_modified_time":"2025-08-06T06:19:08+00:00","og_image":[{"width":452,"height":282,"url":"https:\/\/walkingranada.com\/wp-content\/uploads\/2023\/01\/Freetour-albaicin-y-sacromonte.webp","type":"image\/webp"}],"twitter_card":"summary_large_image","twitter_site":"@walkingranada","twitter_misc":{"Dur\u00e9e de lecture estim\u00e9e":"7 minutes"},"schema":{"@context":"https:\/\/schema.org","@graph":[{"@type":"WebPage","@id":"https:\/\/walkingranada.com\/visitas-guiadas\/albaicin\/","url":"https:\/\/walkingranada.com\/visitas-guiadas\/albaicin\/","name":"Visite guid\u00e9e de l'Albaic\u00edn - Visite priv\u00e9e - Walk in Granada","isPartOf":{"@id":"https:\/\/walkingranada.com\/#website"},"primaryImageOfPage":{"@id":"https:\/\/walkingranada.com\/visitas-guiadas\/albaicin\/#primaryimage"},"image":{"@id":"https:\/\/walkingranada.com\/visitas-guiadas\/albaicin\/#primaryimage"},"thumbnailUrl":"https:\/\/walkingranada.com\/wp-content\/uploads\/2023\/01\/Freetour-albaicin-y-sacromonte.webp","datePublished":"2022-10-27T08:47:25+00:00","dateModified":"2025-08-06T06:19:08+00:00","description":"Visites priv\u00e9es avec guide local dans le quartier d'Albaic\u00edn. Maisons mud\u00e9jares, anciennes mosqu\u00e9es carm\u00e9lites transform\u00e9es en \u00e9glises et bien plus encore.","breadcrumb":{"@id":"https:\/\/walkingranada.com\/visitas-guiadas\/albaicin\/#breadcrumb"},"inLanguage":"fr-FR","potentialAction":[{"@type":"ReadAction","target":["https:\/\/walkingranada.com\/visitas-guiadas\/albaicin\/"]}]},{"@type":"ImageObject","inLanguage":"fr-FR","@id":"https:\/\/walkingranada.com\/visitas-guiadas\/albaicin\/#primaryimage","url":"https:\/\/walkingranada.com\/wp-content\/uploads\/2023\/01\/Freetour-albaicin-y-sacromonte.webp","contentUrl":"https:\/\/walkingranada.com\/wp-content\/uploads\/2023\/01\/Freetour-albaicin-y-sacromonte.webp","width":452,"height":282,"caption":"Vistas del albaycin"},{"@type":"BreadcrumbList","@id":"https:\/\/walkingranada.com\/visitas-guiadas\/albaicin\/#breadcrumb","itemListElement":[{"@type":"ListItem","position":1,"name":"Portada","item":"https:\/\/walkingranada.com\/"},{"@type":"ListItem","position":2,"name":"Visitas guiadas","item":"https:\/\/walkingranada.com\/visitas-guiadas\/"},{"@type":"ListItem","position":3,"name":"Albaic\u00edn"}]},{"@type":"WebSite","@id":"https:\/\/walkingranada.com\/#website","url":"https:\/\/walkingranada.com\/","name":"Walk in Granada","description":"Turismo responsable","publisher":{"@id":"https:\/\/walkingranada.com\/#organization"},"alternateName":"Walk in Granada","potentialAction":[{"@type":"SearchAction","target":{"@type":"EntryPoint","urlTemplate":"https:\/\/walkingranada.com\/?s={search_term_string}"},"query-input":{"@type":"PropertyValueSpecification","valueRequired":true,"valueName":"search_term_string"}}],"inLanguage":"fr-FR"},{"@type":"Organization","@id":"https:\/\/walkingranada.com\/#organization","name":"Walk In Granada","alternateName":"Walk In Granada","url":"https:\/\/walkingranada.com\/","logo":{"@type":"ImageObject","inLanguage":"fr-FR","@id":"https:\/\/walkingranada.com\/#\/schema\/logo\/image\/","url":"https:\/\/walkingranada.com\/wp-content\/uploads\/2022\/12\/Logo-Walking.webp","contentUrl":"https:\/\/walkingranada.com\/wp-content\/uploads\/2022\/12\/Logo-Walking.webp","width":512,"height":512,"caption":"Walk In Granada"},"image":{"@id":"https:\/\/walkingranada.com\/#\/schema\/logo\/image\/"},"sameAs":["https:\/\/es-es.facebook.com\/walkingranadatour\/","https:\/\/x.com\/walkingranada","https:\/\/www.instagram.com\/walkingranada\/"]}]}},"_links":{"self":[{"href":"https:\/\/walkingranada.com\/fr\/wp-json\/wp\/v2\/pages\/414","targetHints":{"allow":["GET"]}}],"collection":[{"href":"https:\/\/walkingranada.com\/fr\/wp-json\/wp\/v2\/pages"}],"about":[{"href":"https:\/\/walkingranada.com\/fr\/wp-json\/wp\/v2\/types\/page"}],"author":[{"embeddable":true,"href":"https:\/\/walkingranada.com\/fr\/wp-json\/wp\/v2\/users\/2"}],"replies":[{"embeddable":true,"href":"https:\/\/walkingranada.com\/fr\/wp-json\/wp\/v2\/comments?post=414"}],"version-history":[{"count":1,"href":"https:\/\/walkingranada.com\/fr\/wp-json\/wp\/v2\/pages\/414\/revisions"}],"predecessor-version":[{"id":7050,"href":"https:\/\/walkingranada.com\/fr\/wp-json\/wp\/v2\/pages\/414\/revisions\/7050"}],"up":[{"embeddable":true,"href":"https:\/\/walkingranada.com\/fr\/wp-json\/wp\/v2\/pages\/94"}],"wp:featuredmedia":[{"embeddable":true,"href":"https:\/\/walkingranada.com\/fr\/wp-json\/wp\/v2\/media\/2199"}],"wp:attachment":[{"href":"https:\/\/walkingranada.com\/fr\/wp-json\/wp\/v2\/media?parent=414"}],"curies":[{"name":"wp","href":"https:\/\/api.w.org\/{rel}","templated":true}]}}