{"id":4131,"date":"2023-05-09T09:18:01","date_gmt":"2023-05-09T09:18:01","guid":{"rendered":"https:\/\/walkingranada.com\/?page_id=4131"},"modified":"2025-04-21T11:44:38","modified_gmt":"2025-04-21T11:44:38","slug":"premium-visite-guidee-en-groupe","status":"publish","type":"page","link":"https:\/\/walkingranada.com\/fr\/alhambra\/visita-guiada-alhambra-premium\/","title":{"rendered":"Visita Guiada de la Alhambra en Grupo. Premium"},"content":{"rendered":"<p>ALHAMBRA &gt; VISITE GUID\u00c9E PREMIUM<\/p>\n\t\n\n\n\n\t\n<h1>\n\t\tVISITE GUID\u00c9E DE GROUPE PREMIUM AVEC BILLETS POUR L'ALHAMBRA ET LE GENERALIFE\n\t<\/h1>\n        <a href=\"#encuentro\">\n            <img decoding=\"async\" loading=\"lazy\" src=\"https:\/\/walkingranada.com\/wp-content\/uploads\/2022\/10\/fi-rr-marker.png\" alt=\"Paseo de la Sabica 1\"\/>\n            <p>Paseo de la Sabica 1 <img decoding=\"async\" loading=\"lazy\" src=\"https:\/\/walkingranada.com\/wp-content\/uploads\/2022\/10\/\ud83e\udd86-icon-_Info-Circle_.png\" alt=\"informaci\u00f3n\"\/><\/p>\n        <\/a>\n        <img decoding=\"async\" loading=\"lazy\" src=\"https:\/\/walkingranada.com\/wp-content\/uploads\/2022\/12\/encuentro_icon.png\" alt=\"Recepci\u00f3n de visitantes\"\/>\n        <p>Recepci\u00f3n de visitantes<\/p>\n        <img decoding=\"async\" loading=\"lazy\" src=\"https:\/\/walkingranada.com\/wp-content\/uploads\/2024\/03\/Entradas.png\" alt=\"Entr\u00e9e comprise\" width=\"60px\" height=\"60px\"\/>\n        <p>Entr\u00e9e comprise<\/p>\n        <img decoding=\"async\" loading=\"lazy\" src=\"https:\/\/walkingranada.com\/wp-content\/uploads\/2023\/06\/visita-en-grupo.webp\" alt=\"Groupe de jusq&#039;\u00e0 14 personnes\"\/>\n        <p>Groupe de jusq'\u00e0 14 personnes<\/p>\n        <img decoding=\"async\" loading=\"lazy\" src=\"https:\/\/walkingranada.com\/wp-content\/uploads\/2022\/12\/accesibilidad_.png\" alt=\"Accessibilit\u00e9 limit\u00e9e\"\/>\n        <p>Accessibilit\u00e9 limit\u00e9e<\/p>\n        <img decoding=\"async\" loading=\"lazy\" src=\"https:\/\/walkingranada.com\/wp-content\/uploads\/2022\/10\/fi-rr-calendar.png\" alt=\"Tous les jours\"\/>\n        <p>Tous les jours<\/p>\n        <img decoding=\"async\" loading=\"lazy\" src=\"https:\/\/walkingranada.com\/wp-content\/uploads\/2022\/10\/fi-rr-clock.png\" alt=\"Selon la disponibilit\u00e9\"\/>\n        <p>Selon la disponibilit\u00e9<\/p>\n        <img decoding=\"async\" loading=\"lazy\" src=\"https:\/\/walkingranada.com\/wp-content\/uploads\/2022\/10\/fi-rr-alarm-clock.png\" alt=\"3 heures\"\/>\n        <p>3 heures<\/p>\n        <img decoding=\"async\" loading=\"lazy\" src=\"https:\/\/walkingranada.com\/wp-content\/uploads\/2022\/10\/fi-rr-receipt.png\" alt=\"A partir de 52\u20ac\/pax\"\/>\n        <p>A partir de 52\u20ac\/pax<\/p>\n        <img decoding=\"async\" loading=\"lazy\" src=\"https:\/\/walkingranada.com\/wp-content\/uploads\/2022\/10\/fi-rr-comments.png\" alt=\"Espagnol \/ Anglais\"\/>\n        <p>Espagnol, anglais, fran\u00e7ais<\/p>\n<h2>\n\t\tD\u00e9couvrez les secrets et les myst\u00e8res de la forteresse rouge !\n\t<\/h2>\n\t<p class=\"translation-block\">Gr\u00e2ce \u00e0 cette visite en groupe Premium, avec un maximum <strong>de 14 personnes<\/strong>, vous apprendrez avec un guide officiel l'\u00e9volution de cette cit\u00e9 palatine depuis l'\u00e9poque des Nasrides jusqu'\u00e0 aujourd'hui.<\/p>\n\t<p>La visite guid\u00e9e se fera en fran\u00e7ais.<\/p>\n\t<p>Important avant de r\u00e9server :<\/p>\n<ul>\n<li>Ce service est fourni par un tiers.<\/li>\n<li>En de rares occasions, le nombre de personnes dans le groupe peut d\u00e9passer le montant sp\u00e9cifi\u00e9.<\/li>\n<\/ul>\n<h2>\n\t\tPoint de rencontre\n\t<\/h2>\n\t\t\t\t<img decoding=\"async\" loading=\"lazy\" src=\"https:\/\/walkingranada.com\/wp-content\/uploads\/2025\/03\/Punto-de-encuentro-Alhambra-AGOG.jpg.webp\" alt=\"\" itemprop=\"image\" height=\"660\" width=\"682\" onerror=\"this.style.display='none'\"  \/>\n<h3>\n\t\tRecepci\u00f3n de visitantes (Paseo de la Sabica 1, 18009, Granada)&nbsp;\n\t<\/h3>\n\t<p>Avez-vous besoin d'indications pour vous y rendre ?<\/p>\n\t\t\t<a href=\"#reserva\" target=\"_self\">\n\t\t\t\t\t\t\tR\u00e9server &gt;\n\t\t\t\t\t<\/a>\n\t\t\t<a href=\"https:\/\/maps.app.goo.gl\/4VLJkwzxjQpBSofu8\" target=\"_blank\" rel=\"noopener\">\n\t\t\t\t\t\t\tComment s'y rendre ? &gt;\n\t\t\t\t\t<\/a>\n<h2>\n\t\tRecommandations\n\t<\/h2>\n\t<ol>\n<li>Il est&nbsp;<strong>OBLIGATOIRE<\/strong>&nbsp;de pr\u00e9senter&nbsp;<strong>une carte d'identit\u00e9 ou un passeport original et valide<\/strong>&nbsp;pour entrer dans le monument.<\/li>\n<li>Les sacs \u00e0 dos ou les sacs de plus de 40\u00d740 cm ne sont pas autoris\u00e9s \u00e0 entrer dans le monument.<\/li>\n<li class=\"translation-block\">Arrivez <strong>20 minutes en avance<\/strong> avant l'heure de d\u00e9but de la visite.<\/li>\n<li>Portez des&nbsp;<strong>chaussures confortables<\/strong>. La visite dure 3 heures.<\/li>\n<\/ol>\n<h2>\n\t\tItin\u00e9raire\n\t<\/h2>\n\t<ul>\n<li>Palais Nasrides<\/li>\n<li>Mexuar<\/li>\n<li>Comares<\/li>\n<li>Patio de los Arrayanes<\/li>\n<li>Palais des Lions<\/li>\n<li>Alcazaba<\/li>\n<li>Palais de Charles V<\/li>\n<li>Generalife et jardins<\/li>\n<\/ul>\n<h2>\n\t\tM\u00e1s informaci\u00f3n sobre la Visita Guiada Alhambra Premium\n\t<\/h2>\n\t<p class=\"translation-block\">L'Alhambra est l'un des lieux les plus visit\u00e9s au monde. Sa beaut\u00e9 ext\u00e9rieure est sans aucun doute l'une des principales raisons de le visiter, mais l'int\u00e9rieur pr\u00e9sente bien d'autres attraits. Le monument est bien plus qu'une cit\u00e9 palatiale : c'est l'un des principaux symboles de la ville de Grenade et l'un des rares h\u00e9ritages artistiques des Nasrides qui ait surv\u00e9cu jusqu'\u00e0 nos jours. Gr\u00e2ce \u00e0 cette visite, le voyageur est transport\u00e9 dans une autre \u00e9poque, o\u00f9 l'art, l'histoire et la culture se m\u00e9langent \u00e0 parts \u00e9gales et o\u00f9 les secrets les mieux gard\u00e9s de ce lieu nous sont r\u00e9v\u00e9l\u00e9s. Nous pouvons dire qu'il s'agit de notre meilleur circuit. Au cours de la visite, vous d\u00e9couvrirez comment les sultans, les \u00e9mirs, les artisans, les serviteurs, les rois et les reines vivaient \u00e0 l'int\u00e9rieur de l'Alhambra, ainsi que d'innombrables anecdotes et l\u00e9gendes. Nous visiterons ses nombreuses salles, ses jardins, ses vergers, ses tours et ses fontaines, en compagnie d'un guide officiel qui nous \u00e9clairera avec une vision ludique et informative du monument nasride. Un voyage \u00e0 travers l'histoire au cours duquel vous aurez l'impression d'\u00eatre l'un des citoyens de ce complexe monumental.<\/p>\n<h3>\n\t\tPara consultar nuestra disponibilidad para Visita Guiada Alhambra Premium, comprueba nuestro calendario, \u00a1No te lo pierdas!\n\t<\/h3>\n<h2>\n\t\tTambi\u00e9n puedes reservar nuestras otras visitas a la Alhambra&#8230;\n\t<\/h2>\n<h2>\n\t\tTambi\u00e9n puedes reservar nuestros otros servicios&#8230;\n\t<\/h2>\n\t<a href=\"https:\/\/walkingranada.com\/fr\/que-faire-a-granada\/flamenco\/\" target=\"_self\"><\/a>\t\t\t<img decoding=\"async\" loading=\"lazy\" alt=\"bailaora flamenca\" src=\"https:\/\/walkingranada.com\/wp-content\/uploads\/2022\/10\/Rectangle-42.png\"\/>\n\t\t<h3>Flamenco<\/h3>\n\t<a href=\"https:\/\/walkingranada.com\/fr\/que-faire-a-granada\/hammam-al-andalus\/\" target=\"_self\"><\/a>\t\t\t<img decoding=\"async\" loading=\"lazy\" alt=\"ba\u00f1os \u00e1rabes\" src=\"https:\/\/walkingranada.com\/wp-content\/uploads\/2022\/10\/Rectangle-43.png\"\/>\n\t\t<h3>Hammam <br \/>Al-\u00e1ndalus<\/h3>\n\t<a href=\"https:\/\/walkingranada.com\/fr\/que-faire-a-granada\/excursions\/\" target=\"_self\"><\/a>\t\t\t<img decoding=\"async\" loading=\"lazy\" alt=\"mezquita de c\u00f3rdoba\" src=\"https:\/\/walkingranada.com\/wp-content\/uploads\/2022\/10\/Rectangle-45.png\"\/>\n\t\t<h3>excursions <br \/>d\u2019une journ\u00e9e<\/h3>\n\t<a href=\"https:\/\/walkingranada.com\/fr\/que-faire-a-granada\/route-olfactif\/\" target=\"_self\"><\/a>\t\t\t<img decoding=\"async\" loading=\"lazy\" alt=\"imagen de una chica joven\" src=\"https:\/\/walkingranada.com\/wp-content\/uploads\/2022\/10\/Rectangle-38.png\"\/>\n\t\t<h3>Route olfactif<\/h3>","protected":false},"excerpt":{"rendered":"<p>ALHAMBRA &gt; VISITA GUIADA ALHAMBRA PREMIUM VISITA GUIADA CON ENTRADA A LA ALHAMBRA Y GENERALIFE EN GRUPO PREMIUM Paseo de la Sabica 1 Recepci\u00f3n de visitantes Entrada incluida Grupo de hasta 14 personas Accesibilidad limitada Todos los d\u00edas Seg\u00fan disponibilidad 3 horas Desde 52\u20ac\/pax Castellano, ingl\u00e9s, franc\u00e9s \u00a1Conoce los secretos y misterios de la fortaleza &#8230; <a title=\"Visita Guiada de la Alhambra en Grupo. Premium\" class=\"read-more\" href=\"https:\/\/walkingranada.com\/fr\/alhambra\/visita-guiada-alhambra-premium\/\" aria-label=\"En savoir plus sur Visita Guiada de la Alhambra en Grupo. Premium\">Lire la suite<\/a><\/p>","protected":false},"author":2,"featured_media":2279,"parent":88,"menu_order":0,"comment_status":"closed","ping_status":"closed","template":"","meta":{"footnotes":""},"class_list":["post-4131","page","type-page","status-publish","has-post-thumbnail"],"yoast_head":"<!-- This site is optimized with the Yoast SEO plugin v27.5 - https:\/\/yoast.com\/product\/yoast-seo-wordpress\/ -->\n<title>Visita guiada Alhambra Premium - Walk in Granada<\/title>\n<meta name=\"description\" content=\"\u00danete a nuestra Visita Guiada Alhambra Premium con un gu\u00eda oficial y descubre la evoluci\u00f3n de este complejo monumental. \u00a1Reserva ya!\" \/>\n<meta name=\"robots\" content=\"index, follow, max-snippet:-1, max-image-preview:large, max-video-preview:-1\" \/>\n<link rel=\"canonical\" href=\"https:\/\/walkingranada.com\/fr\/alhambra\/premium-visite-guidee-en-groupe\/\" \/>\n<meta property=\"og:locale\" content=\"fr_FR\" \/>\n<meta property=\"og:type\" content=\"article\" \/>\n<meta property=\"og:title\" content=\"Visita guiada Alhambra Premium - Walk in Granada\" \/>\n<meta property=\"og:description\" content=\"\u00danete a nuestra Visita Guiada Alhambra Premium con un gu\u00eda oficial y descubre la evoluci\u00f3n de este complejo monumental. \u00a1Reserva ya!\" \/>\n<meta property=\"og:url\" content=\"https:\/\/walkingranada.com\/fr\/alhambra\/premium-visite-guidee-en-groupe\/\" \/>\n<meta property=\"og:site_name\" content=\"Walk in Granada\" \/>\n<meta property=\"article:publisher\" content=\"https:\/\/es-es.facebook.com\/walkingranadatour\/\" \/>\n<meta property=\"article:modified_time\" content=\"2025-04-21T11:44:38+00:00\" \/>\n<meta property=\"og:image\" content=\"https:\/\/walkingranada.com\/wp-content\/uploads\/2023\/01\/Alhambra-Detail.webp\" \/>\n\t<meta property=\"og:image:width\" content=\"305\" \/>\n\t<meta property=\"og:image:height\" content=\"305\" \/>\n\t<meta property=\"og:image:type\" content=\"image\/webp\" \/>\n<meta name=\"twitter:card\" content=\"summary_large_image\" \/>\n<meta name=\"twitter:site\" content=\"@walkingranada\" \/>\n<meta name=\"twitter:label1\" content=\"Dur\u00e9e de lecture estim\u00e9e\" \/>\n\t<meta name=\"twitter:data1\" content=\"8 minutes\" \/>\n<script type=\"application\/ld+json\" class=\"yoast-schema-graph\">{\"@context\":\"https:\\\/\\\/schema.org\",\"@graph\":[{\"@type\":\"WebPage\",\"@id\":\"https:\\\/\\\/walkingranada.com\\\/alhambra\\\/visita-guiada-alhambra-premium\\\/\",\"url\":\"https:\\\/\\\/walkingranada.com\\\/alhambra\\\/visita-guiada-alhambra-premium\\\/\",\"name\":\"Visita guiada Alhambra Premium - Walk in Granada\",\"isPartOf\":{\"@id\":\"https:\\\/\\\/walkingranada.com\\\/#website\"},\"primaryImageOfPage\":{\"@id\":\"https:\\\/\\\/walkingranada.com\\\/alhambra\\\/visita-guiada-alhambra-premium\\\/#primaryimage\"},\"image\":{\"@id\":\"https:\\\/\\\/walkingranada.com\\\/alhambra\\\/visita-guiada-alhambra-premium\\\/#primaryimage\"},\"thumbnailUrl\":\"https:\\\/\\\/walkingranada.com\\\/wp-content\\\/uploads\\\/2023\\\/01\\\/Alhambra-Detail.webp\",\"datePublished\":\"2023-05-09T09:18:01+00:00\",\"dateModified\":\"2025-04-21T11:44:38+00:00\",\"description\":\"\u00danete a nuestra Visita Guiada Alhambra Premium con un gu\u00eda oficial y descubre la evoluci\u00f3n de este complejo monumental. \u00a1Reserva ya!\",\"breadcrumb\":{\"@id\":\"https:\\\/\\\/walkingranada.com\\\/alhambra\\\/visita-guiada-alhambra-premium\\\/#breadcrumb\"},\"inLanguage\":\"fr-FR\",\"potentialAction\":[{\"@type\":\"ReadAction\",\"target\":[\"https:\\\/\\\/walkingranada.com\\\/alhambra\\\/visita-guiada-alhambra-premium\\\/\"]}]},{\"@type\":\"ImageObject\",\"inLanguage\":\"fr-FR\",\"@id\":\"https:\\\/\\\/walkingranada.com\\\/alhambra\\\/visita-guiada-alhambra-premium\\\/#primaryimage\",\"url\":\"https:\\\/\\\/walkingranada.com\\\/wp-content\\\/uploads\\\/2023\\\/01\\\/Alhambra-Detail.webp\",\"contentUrl\":\"https:\\\/\\\/walkingranada.com\\\/wp-content\\\/uploads\\\/2023\\\/01\\\/Alhambra-Detail.webp\",\"width\":305,\"height\":305,\"caption\":\"Alhambra\"},{\"@type\":\"BreadcrumbList\",\"@id\":\"https:\\\/\\\/walkingranada.com\\\/alhambra\\\/visita-guiada-alhambra-premium\\\/#breadcrumb\",\"itemListElement\":[{\"@type\":\"ListItem\",\"position\":1,\"name\":\"Portada\",\"item\":\"https:\\\/\\\/walkingranada.com\\\/\"},{\"@type\":\"ListItem\",\"position\":2,\"name\":\"Alhambra\",\"item\":\"https:\\\/\\\/walkingranada.com\\\/alhambra\\\/\"},{\"@type\":\"ListItem\",\"position\":3,\"name\":\"Visita Guiada de la Alhambra en Grupo. Premium\"}]},{\"@type\":\"WebSite\",\"@id\":\"https:\\\/\\\/walkingranada.com\\\/#website\",\"url\":\"https:\\\/\\\/walkingranada.com\\\/\",\"name\":\"Walk in Granada\",\"description\":\"Turismo responsable\",\"publisher\":{\"@id\":\"https:\\\/\\\/walkingranada.com\\\/#organization\"},\"alternateName\":\"Walk in Granada\",\"potentialAction\":[{\"@type\":\"SearchAction\",\"target\":{\"@type\":\"EntryPoint\",\"urlTemplate\":\"https:\\\/\\\/walkingranada.com\\\/?s={search_term_string}\"},\"query-input\":{\"@type\":\"PropertyValueSpecification\",\"valueRequired\":true,\"valueName\":\"search_term_string\"}}],\"inLanguage\":\"fr-FR\"},{\"@type\":\"Organization\",\"@id\":\"https:\\\/\\\/walkingranada.com\\\/#organization\",\"name\":\"Walk In Granada\",\"alternateName\":\"Walk In Granada\",\"url\":\"https:\\\/\\\/walkingranada.com\\\/\",\"logo\":{\"@type\":\"ImageObject\",\"inLanguage\":\"fr-FR\",\"@id\":\"https:\\\/\\\/walkingranada.com\\\/#\\\/schema\\\/logo\\\/image\\\/\",\"url\":\"https:\\\/\\\/walkingranada.com\\\/wp-content\\\/uploads\\\/2022\\\/12\\\/Logo-Walking.webp\",\"contentUrl\":\"https:\\\/\\\/walkingranada.com\\\/wp-content\\\/uploads\\\/2022\\\/12\\\/Logo-Walking.webp\",\"width\":512,\"height\":512,\"caption\":\"Walk In Granada\"},\"image\":{\"@id\":\"https:\\\/\\\/walkingranada.com\\\/#\\\/schema\\\/logo\\\/image\\\/\"},\"sameAs\":[\"https:\\\/\\\/es-es.facebook.com\\\/walkingranadatour\\\/\",\"https:\\\/\\\/x.com\\\/walkingranada\",\"https:\\\/\\\/www.instagram.com\\\/walkingranada\\\/\"]}]}<\/script>\n<!-- \/ Yoast SEO plugin. -->","yoast_head_json":{"title":"Visita guiada Alhambra Premium - Walk in Granada","description":"\u00danete a nuestra Visita Guiada Alhambra Premium con un gu\u00eda oficial y descubre la evoluci\u00f3n de este complejo monumental. \u00a1Reserva ya!","robots":{"index":"index","follow":"follow","max-snippet":"max-snippet:-1","max-image-preview":"max-image-preview:large","max-video-preview":"max-video-preview:-1"},"canonical":"https:\/\/walkingranada.com\/fr\/alhambra\/premium-visite-guidee-en-groupe\/","og_locale":"fr_FR","og_type":"article","og_title":"Visita guiada Alhambra Premium - Walk in Granada","og_description":"\u00danete a nuestra Visita Guiada Alhambra Premium con un gu\u00eda oficial y descubre la evoluci\u00f3n de este complejo monumental. \u00a1Reserva ya!","og_url":"https:\/\/walkingranada.com\/fr\/alhambra\/premium-visite-guidee-en-groupe\/","og_site_name":"Walk in Granada","article_publisher":"https:\/\/es-es.facebook.com\/walkingranadatour\/","article_modified_time":"2025-04-21T11:44:38+00:00","og_image":[{"width":305,"height":305,"url":"https:\/\/walkingranada.com\/wp-content\/uploads\/2023\/01\/Alhambra-Detail.webp","type":"image\/webp"}],"twitter_card":"summary_large_image","twitter_site":"@walkingranada","twitter_misc":{"Dur\u00e9e de lecture estim\u00e9e":"8 minutes"},"schema":{"@context":"https:\/\/schema.org","@graph":[{"@type":"WebPage","@id":"https:\/\/walkingranada.com\/alhambra\/visita-guiada-alhambra-premium\/","url":"https:\/\/walkingranada.com\/alhambra\/visita-guiada-alhambra-premium\/","name":"Visita guiada Alhambra Premium - Walk in Granada","isPartOf":{"@id":"https:\/\/walkingranada.com\/#website"},"primaryImageOfPage":{"@id":"https:\/\/walkingranada.com\/alhambra\/visita-guiada-alhambra-premium\/#primaryimage"},"image":{"@id":"https:\/\/walkingranada.com\/alhambra\/visita-guiada-alhambra-premium\/#primaryimage"},"thumbnailUrl":"https:\/\/walkingranada.com\/wp-content\/uploads\/2023\/01\/Alhambra-Detail.webp","datePublished":"2023-05-09T09:18:01+00:00","dateModified":"2025-04-21T11:44:38+00:00","description":"\u00danete a nuestra Visita Guiada Alhambra Premium con un gu\u00eda oficial y descubre la evoluci\u00f3n de este complejo monumental. \u00a1Reserva ya!","breadcrumb":{"@id":"https:\/\/walkingranada.com\/alhambra\/visita-guiada-alhambra-premium\/#breadcrumb"},"inLanguage":"fr-FR","potentialAction":[{"@type":"ReadAction","target":["https:\/\/walkingranada.com\/alhambra\/visita-guiada-alhambra-premium\/"]}]},{"@type":"ImageObject","inLanguage":"fr-FR","@id":"https:\/\/walkingranada.com\/alhambra\/visita-guiada-alhambra-premium\/#primaryimage","url":"https:\/\/walkingranada.com\/wp-content\/uploads\/2023\/01\/Alhambra-Detail.webp","contentUrl":"https:\/\/walkingranada.com\/wp-content\/uploads\/2023\/01\/Alhambra-Detail.webp","width":305,"height":305,"caption":"Alhambra"},{"@type":"BreadcrumbList","@id":"https:\/\/walkingranada.com\/alhambra\/visita-guiada-alhambra-premium\/#breadcrumb","itemListElement":[{"@type":"ListItem","position":1,"name":"Portada","item":"https:\/\/walkingranada.com\/"},{"@type":"ListItem","position":2,"name":"Alhambra","item":"https:\/\/walkingranada.com\/alhambra\/"},{"@type":"ListItem","position":3,"name":"Visita Guiada de la Alhambra en Grupo. Premium"}]},{"@type":"WebSite","@id":"https:\/\/walkingranada.com\/#website","url":"https:\/\/walkingranada.com\/","name":"Walk in Granada","description":"Turismo responsable","publisher":{"@id":"https:\/\/walkingranada.com\/#organization"},"alternateName":"Walk in Granada","potentialAction":[{"@type":"SearchAction","target":{"@type":"EntryPoint","urlTemplate":"https:\/\/walkingranada.com\/?s={search_term_string}"},"query-input":{"@type":"PropertyValueSpecification","valueRequired":true,"valueName":"search_term_string"}}],"inLanguage":"fr-FR"},{"@type":"Organization","@id":"https:\/\/walkingranada.com\/#organization","name":"Walk In Granada","alternateName":"Walk In Granada","url":"https:\/\/walkingranada.com\/","logo":{"@type":"ImageObject","inLanguage":"fr-FR","@id":"https:\/\/walkingranada.com\/#\/schema\/logo\/image\/","url":"https:\/\/walkingranada.com\/wp-content\/uploads\/2022\/12\/Logo-Walking.webp","contentUrl":"https:\/\/walkingranada.com\/wp-content\/uploads\/2022\/12\/Logo-Walking.webp","width":512,"height":512,"caption":"Walk In Granada"},"image":{"@id":"https:\/\/walkingranada.com\/#\/schema\/logo\/image\/"},"sameAs":["https:\/\/es-es.facebook.com\/walkingranadatour\/","https:\/\/x.com\/walkingranada","https:\/\/www.instagram.com\/walkingranada\/"]}]}},"_links":{"self":[{"href":"https:\/\/walkingranada.com\/fr\/wp-json\/wp\/v2\/pages\/4131","targetHints":{"allow":["GET"]}}],"collection":[{"href":"https:\/\/walkingranada.com\/fr\/wp-json\/wp\/v2\/pages"}],"about":[{"href":"https:\/\/walkingranada.com\/fr\/wp-json\/wp\/v2\/types\/page"}],"author":[{"embeddable":true,"href":"https:\/\/walkingranada.com\/fr\/wp-json\/wp\/v2\/users\/2"}],"replies":[{"embeddable":true,"href":"https:\/\/walkingranada.com\/fr\/wp-json\/wp\/v2\/comments?post=4131"}],"version-history":[{"count":39,"href":"https:\/\/walkingranada.com\/fr\/wp-json\/wp\/v2\/pages\/4131\/revisions"}],"predecessor-version":[{"id":6903,"href":"https:\/\/walkingranada.com\/fr\/wp-json\/wp\/v2\/pages\/4131\/revisions\/6903"}],"up":[{"embeddable":true,"href":"https:\/\/walkingranada.com\/fr\/wp-json\/wp\/v2\/pages\/88"}],"wp:featuredmedia":[{"embeddable":true,"href":"https:\/\/walkingranada.com\/fr\/wp-json\/wp\/v2\/media\/2279"}],"wp:attachment":[{"href":"https:\/\/walkingranada.com\/fr\/wp-json\/wp\/v2\/media?parent=4131"}],"curies":[{"name":"wp","href":"https:\/\/api.w.org\/{rel}","templated":true}]}}