{"id":410,"date":"2022-10-27T08:46:15","date_gmt":"2022-10-27T08:46:15","guid":{"rendered":"https:\/\/factum-omibu.es\/walkin\/?page_id=410"},"modified":"2025-08-06T06:17:58","modified_gmt":"2025-08-06T06:17:58","slug":"visite-privee","status":"publish","type":"page","link":"https:\/\/walkingranada.com\/fr\/alhambra\/visita-privada\/","title":{"rendered":"Visite priv\u00e9e de l\u2019Alhambra"},"content":{"rendered":"<p>ALHAMBRA &gt; VISITE PRIV\u00c9E DE L'ALHAMBRA<\/p>\n\t<!-- FareHarbor calendar of item #350897 -->\n<h1>\n\t\t\tVISITA PRIVADA ALHAMBRA &#038; GENERALIFE\t<\/h1>\n        <a href=\"#encuentro\">\n            <img decoding=\"async\" loading=\"lazy\" src=\"https:\/\/walkingranada.com\/wp-content\/uploads\/2022\/10\/fi-rr-marker.png\" alt=\"Billetterie de l&#039;Alhambra\"\/>\n            <p>Billetterie de l'Alhambra <img decoding=\"async\" loading=\"lazy\" src=\"https:\/\/walkingranada.com\/wp-content\/uploads\/2022\/10\/\ud83e\udd86-icon-_Info-Circle_.png\" alt=\"informaci\u00f3n\"\/><\/p>\n        <\/a>\n        <img decoding=\"async\" loading=\"lazy\" src=\"https:\/\/walkingranada.com\/wp-content\/uploads\/2022\/12\/encuentro_icon.png\" alt=\"Point de rencontre de l&#039;Agence\"\/>\n        <p>Point de rencontre de l'Agence<\/p>\n        <img decoding=\"async\" loading=\"lazy\" src=\"https:\/\/walkingranada.com\/wp-content\/uploads\/2022\/10\/fi-rr-chat-arrow-grow.png\" alt=\"Difficult\u00e9 basse\"\/>\n        <p>Difficult\u00e9 basse<\/p>\n        <img decoding=\"async\" loading=\"lazy\" src=\"https:\/\/walkingranada.com\/wp-content\/uploads\/2022\/10\/fi-rr-map.png\" alt=\"Complexe monumental\"\/>\n        <p>Complexe monumental<\/p>\n        <img decoding=\"async\" loading=\"lazy\" src=\"https:\/\/walkingranada.com\/wp-content\/uploads\/2022\/12\/accesibilidad_.png\" alt=\"Accessibilit\u00e9 limit\u00e9e\"\/>\n        <p>Accessibilit\u00e9 limit\u00e9e<\/p>\n        <img decoding=\"async\" loading=\"lazy\" src=\"https:\/\/walkingranada.com\/wp-content\/uploads\/2022\/10\/fi-rr-calendar.png\" alt=\"TODOS LOS DIAS\"\/>\n        <p>Tous les jours<\/p>\n        <img decoding=\"async\" loading=\"lazy\" src=\"https:\/\/walkingranada.com\/wp-content\/uploads\/2022\/10\/fi-rr-clock.png\" alt=\"11:00 AM\"\/>\n        <p>Selon la disponibilit\u00e9<\/p>\n        <img decoding=\"async\" loading=\"lazy\" src=\"https:\/\/walkingranada.com\/wp-content\/uploads\/2022\/10\/fi-rr-alarm-clock.png\" alt=\"2,5 HEURES\"\/>\n        <p>3 heures<\/p>\n        <img decoding=\"async\" loading=\"lazy\" src=\"https:\/\/walkingranada.com\/wp-content\/uploads\/2022\/10\/fi-rr-receipt.png\" alt=\"TU PONES EL PRECIO\"\/>\n        <p>A partir de 40\u20ac\/pax<\/p>\n        <img decoding=\"async\" loading=\"lazy\" src=\"https:\/\/walkingranada.com\/wp-content\/uploads\/2022\/10\/fi-rr-comments.png\" alt=\"Langue\"\/>\n        <p>Espagnol, anglais, fran\u00e7ais et portugais. Autres sur demand.<\/p>\n<h2>\n\t\t\tD\u00e9couvrez l'histoire du monument le plus embl\u00e9matique de Grenade!\t<\/h2>\n\t<p class=\"translation-block\">Avec cette <strong class=\"red\">visite priv\u00e9e<\/strong> de 3 heures, vous b\u00e9n\u00e9ficierez d'un guide officiel exclusif \u00e0 votre groupe, avec lequel vous d\u00e9couvrirez les secrets les mieux gard\u00e9s de ce lieu embl\u00e9matique de mani\u00e8re priv\u00e9e et personnalis\u00e9e. <strong>L'Alhambra<\/strong> est le seul palais m\u00e9di\u00e9val musulman qui a \u00e9t\u00e9 pr\u00e9serv\u00e9 pratiquement dans son int\u00e9gralit\u00e9, en grande partie gr\u00e2ce \u00e0 l'attention port\u00e9e par les dirigeants ult\u00e9rieurs et \u00e0 leurs transformations. Al-hamar, fondateur de la dynastie nasride, install\u00e9 initialement dans le quartier de l'Albaic\u00edn, a d\u00e9cid\u00e9 en 1238 de reconstruire les anciennes ruines de la colline de l'Alhambra, donnant ainsi naissance \u00e0 la construction de la ville que nous connaissons aujourd'hui. Ce monument, visit\u00e9 par des millions de personnes chaque ann\u00e9e, est compos\u00e9 d'un ensemble de palais, de jardins et de forteresses que vous ne pouvez certainement pas et ne devez pas manquer lors de votre passage \u00e0 Grenade.<\/p>\n<p>&nbsp;<\/p>\n<h2>\n\t\t\tPoint de rencontre\t<\/h2>\n\t\t\t\t<img decoding=\"async\" src=\"https:\/\/walkingranada.com\/wp-content\/uploads\/2022\/12\/punto-encuentro-Alhambra-min.jpg.webp\" alt=\"punto encuentro Alhambra\" itemprop=\"image\" height=\"398\" width=\"711\" title=\"punto encuentro Alhambra min\" onerror=\"this.style.display='none'\" loading=\"lazy\" \/>\n<h3>\n\t\t\tExplanada de tierra ubicada a 20 metros de la taquilla de la Alhambra (Pabell\u00f3n de Acceso a la Alhambra y Generalife)\u00a0\t<\/h3>\n\t<p>Avez-vous besoin d'indications pour vous y rendre ?<\/p>\n\t\t\t<a href=\"#reserva\" target=\"_self\">\n\t\t\t\t\t\t\tR\u00e9server &gt;\n\t\t\t\t\t<\/a>\n\t\t\t<a href=\"https:\/\/walkingranada.com\/fr\/comment-rejoindre-a-la-alhambra\/\" target=\"_self\">\n\t\t\t\t\t\t\tComment s'y rendre ? &gt;\n\t\t\t\t\t<\/a>\n<h2>\n\t\t\tRecommandations\t<\/h2>\n\t<ol>\n<li>Il est\u00a0<strong>OBLIGATOIRE<\/strong>\u00a0de pr\u00e9senter\u00a0<strong>une carte d'identit\u00e9 ou un passeport original et valide<\/strong>\u00a0pour entrer dans le monument.<\/li>\n<li>Les sacs \u00e0 dos ou les sacs de plus de 40\u00d740 cm ne sont pas autoris\u00e9s \u00e0 entrer dans le monument.<\/li>\n<li class=\"translation-block\">Arrivez <strong>20 minutes en avance<\/strong> avant l'heure de d\u00e9but de la visite.<\/li>\n<li>Portez des\u00a0<strong>chaussures confortables<\/strong>La visite dure 3 heures.<\/li>\n<\/ol>\n<h2>\n\t\t\tItin\u00e9raire\t<\/h2>\n\t<ul>\n<li>Palais Nasrides<\/li>\n<li>Mexuar<\/li>\n<li>Comares<\/li>\n<li>Patio de los Arrayanes<\/li>\n<li>Palais des Lions<\/li>\n<li>Alcazaba<\/li>\n<li>Palais de Charles V<\/li>\n<li>Generalife et jardins<\/li>\n<\/ul>\n\t<p>D\u00e9couvrez avec l'un de nos guides officiels l'un des derniers vestiges de l'art nasride, symbole de notre ville et de l'histoire latente de la culture musulmane.<\/p>\n<p>Au cours de cette visite, vous d\u00e9couvrirez l'histoire, la culture, la soci\u00e9t\u00e9, l'art et les anecdotes d'une dynastie qui a \u00e9t\u00e9 pr\u00e9sente \u00e0 Granada pendant plus de 200 ans et l'adaptation ult\u00e9rieure du monument par les chr\u00e9tiens.<\/p>\n<p>Consultez notre calendrier pour conna\u00eetre les disponibilit\u00e9s. <strong>Ne la manquez pas!<\/strong><\/p>\n<h2>\n\t\t\tTambi\u00e9n puedes reservar nuestras otras visitas a la Alhambra&#8230;\t<\/h2>\n<h2>\n\t\t\tTambi\u00e9n puedes reservar nuestros otros servicios&#8230;\t<\/h2>\n\t<a href=\"https:\/\/walkingranada.com\/fr\/que-faire-a-granada\/flamenco\/\" target=\"_self\"><\/a>\t\t\t<img decoding=\"async\" loading=\"lazy\" alt=\"bailaora flamenca\" src=\"https:\/\/walkingranada.com\/wp-content\/uploads\/2022\/10\/Rectangle-42.png\"\/>\n\t\t<h3>Flamenco<\/h3>\n\t<a href=\"https:\/\/walkingranada.com\/fr\/que-faire-a-granada\/hammam-al-andalus\/\" target=\"_self\"><\/a>\t\t\t<img decoding=\"async\" loading=\"lazy\" alt=\"ba\u00f1os \u00e1rabes\" src=\"https:\/\/walkingranada.com\/wp-content\/uploads\/2022\/10\/Rectangle-43.png\"\/>\n\t\t<h3>Hammam <br \/>Al-\u00e1ndalus<\/h3>\n\t<a href=\"https:\/\/walkingranada.com\/fr\/que-faire-a-granada\/excursions\/\" target=\"_self\"><\/a>\t\t\t<img decoding=\"async\" loading=\"lazy\" alt=\"mezquita de c\u00f3rdoba\" src=\"https:\/\/walkingranada.com\/wp-content\/uploads\/2022\/10\/Rectangle-45.png\"\/>\n\t\t<h3>excursions <br \/>d\u2019une journ\u00e9e<\/h3>\n\t<a href=\"https:\/\/walkingranada.com\/fr\/que-faire-a-granada\/route-olfactif\/\" target=\"_self\"><\/a>\t\t\t<img decoding=\"async\" loading=\"lazy\" alt=\"imagen de una chica joven\" src=\"https:\/\/walkingranada.com\/wp-content\/uploads\/2022\/10\/Rectangle-38.png\"\/>\n\t\t<h3>Route olfactif<\/h3>","protected":false},"excerpt":{"rendered":"<p>Alhambra &gt; Visita privada VISITA PRIVADA ALHAMBRA &#038; GENERALIFE Taquillas Alhambra Punto de encuentro de agencias Dificultad baja Complejo monumental Accesibilidad limitada Todos los d\u00edas Seg\u00fan disponibilidad 3 HORAS Desde 40\u20ac\/pax Castellano, ingl\u00e9s, franc\u00e9s y portugu\u00e9s. Otros bajo petici\u00f3n. \u00a1Descubre la historia del m\u00e1s ic\u00f3nico monumento de Granada! Con este tour privado de 3 horas &#8230; <a title=\"Visite priv\u00e9e de l\u2019Alhambra\" class=\"read-more\" href=\"https:\/\/walkingranada.com\/fr\/alhambra\/visita-privada\/\" aria-label=\"En savoir plus sur Visita privada de la Alhambra\">Lire la suite<\/a><\/p>","protected":false},"author":2,"featured_media":2260,"parent":88,"menu_order":0,"comment_status":"closed","ping_status":"closed","template":"","meta":{"footnotes":""},"class_list":["post-410","page","type-page","status-publish","has-post-thumbnail"],"yoast_head":"<!-- This site is optimized with the Yoast SEO plugin v27.4 - https:\/\/yoast.com\/product\/yoast-seo-wordpress\/ -->\n<title>Visita privada de la Alhambra - Walk in Granada<\/title>\n<meta name=\"description\" content=\"\u00bfQuieres realizar una visita privada de la Alhambra? Dispondr\u00e1s de un gu\u00eda en exclusiva para ti y tu grupo. \u00a1Reserva tu visita ahora!\" \/>\n<meta name=\"robots\" content=\"index, follow, max-snippet:-1, max-image-preview:large, max-video-preview:-1\" \/>\n<link rel=\"canonical\" href=\"https:\/\/walkingranada.com\/fr\/alhambra\/visite-privee\/\" \/>\n<meta property=\"og:locale\" content=\"fr_FR\" \/>\n<meta property=\"og:type\" content=\"article\" \/>\n<meta property=\"og:title\" content=\"Visita privada de la Alhambra - Walk in Granada\" \/>\n<meta property=\"og:description\" content=\"\u00bfQuieres realizar una visita privada de la Alhambra? Dispondr\u00e1s de un gu\u00eda en exclusiva para ti y tu grupo. \u00a1Reserva tu visita ahora!\" \/>\n<meta property=\"og:url\" content=\"https:\/\/walkingranada.com\/fr\/alhambra\/visite-privee\/\" \/>\n<meta property=\"og:site_name\" content=\"Walk in Granada\" \/>\n<meta property=\"article:publisher\" content=\"https:\/\/es-es.facebook.com\/walkingranadatour\/\" \/>\n<meta property=\"article:modified_time\" content=\"2025-08-06T06:17:58+00:00\" \/>\n<meta property=\"og:image\" content=\"https:\/\/walkingranada.com\/wp-content\/uploads\/2023\/01\/Alhambra-card-walkin.webp\" \/>\n\t<meta property=\"og:image:width\" content=\"452\" \/>\n\t<meta property=\"og:image:height\" content=\"282\" \/>\n\t<meta property=\"og:image:type\" content=\"image\/webp\" \/>\n<meta name=\"twitter:card\" content=\"summary_large_image\" \/>\n<meta name=\"twitter:site\" content=\"@walkingranada\" \/>\n<meta name=\"twitter:label1\" content=\"Dur\u00e9e de lecture estim\u00e9e\" \/>\n\t<meta name=\"twitter:data1\" content=\"8 minutes\" \/>\n<script type=\"application\/ld+json\" class=\"yoast-schema-graph\">{\"@context\":\"https:\\\/\\\/schema.org\",\"@graph\":[{\"@type\":\"WebPage\",\"@id\":\"https:\\\/\\\/walkingranada.com\\\/alhambra\\\/visita-privada\\\/\",\"url\":\"https:\\\/\\\/walkingranada.com\\\/alhambra\\\/visita-privada\\\/\",\"name\":\"Visita privada de la Alhambra - Walk in Granada\",\"isPartOf\":{\"@id\":\"https:\\\/\\\/walkingranada.com\\\/#website\"},\"primaryImageOfPage\":{\"@id\":\"https:\\\/\\\/walkingranada.com\\\/alhambra\\\/visita-privada\\\/#primaryimage\"},\"image\":{\"@id\":\"https:\\\/\\\/walkingranada.com\\\/alhambra\\\/visita-privada\\\/#primaryimage\"},\"thumbnailUrl\":\"https:\\\/\\\/walkingranada.com\\\/wp-content\\\/uploads\\\/2023\\\/01\\\/Alhambra-card-walkin.webp\",\"datePublished\":\"2022-10-27T08:46:15+00:00\",\"dateModified\":\"2025-08-06T06:17:58+00:00\",\"description\":\"\u00bfQuieres realizar una visita privada de la Alhambra? Dispondr\u00e1s de un gu\u00eda en exclusiva para ti y tu grupo. \u00a1Reserva tu visita ahora!\",\"breadcrumb\":{\"@id\":\"https:\\\/\\\/walkingranada.com\\\/alhambra\\\/visita-privada\\\/#breadcrumb\"},\"inLanguage\":\"fr-FR\",\"potentialAction\":[{\"@type\":\"ReadAction\",\"target\":[\"https:\\\/\\\/walkingranada.com\\\/alhambra\\\/visita-privada\\\/\"]}]},{\"@type\":\"ImageObject\",\"inLanguage\":\"fr-FR\",\"@id\":\"https:\\\/\\\/walkingranada.com\\\/alhambra\\\/visita-privada\\\/#primaryimage\",\"url\":\"https:\\\/\\\/walkingranada.com\\\/wp-content\\\/uploads\\\/2023\\\/01\\\/Alhambra-card-walkin.webp\",\"contentUrl\":\"https:\\\/\\\/walkingranada.com\\\/wp-content\\\/uploads\\\/2023\\\/01\\\/Alhambra-card-walkin.webp\",\"width\":452,\"height\":282,\"caption\":\"Vistas de la Alhambra\"},{\"@type\":\"BreadcrumbList\",\"@id\":\"https:\\\/\\\/walkingranada.com\\\/alhambra\\\/visita-privada\\\/#breadcrumb\",\"itemListElement\":[{\"@type\":\"ListItem\",\"position\":1,\"name\":\"Portada\",\"item\":\"https:\\\/\\\/walkingranada.com\\\/\"},{\"@type\":\"ListItem\",\"position\":2,\"name\":\"Alhambra\",\"item\":\"https:\\\/\\\/walkingranada.com\\\/alhambra\\\/\"},{\"@type\":\"ListItem\",\"position\":3,\"name\":\"Visita privada de la Alhambra\"}]},{\"@type\":\"WebSite\",\"@id\":\"https:\\\/\\\/walkingranada.com\\\/#website\",\"url\":\"https:\\\/\\\/walkingranada.com\\\/\",\"name\":\"Walk in Granada\",\"description\":\"Turismo responsable\",\"publisher\":{\"@id\":\"https:\\\/\\\/walkingranada.com\\\/#organization\"},\"alternateName\":\"Walk in Granada\",\"potentialAction\":[{\"@type\":\"SearchAction\",\"target\":{\"@type\":\"EntryPoint\",\"urlTemplate\":\"https:\\\/\\\/walkingranada.com\\\/?s={search_term_string}\"},\"query-input\":{\"@type\":\"PropertyValueSpecification\",\"valueRequired\":true,\"valueName\":\"search_term_string\"}}],\"inLanguage\":\"fr-FR\"},{\"@type\":\"Organization\",\"@id\":\"https:\\\/\\\/walkingranada.com\\\/#organization\",\"name\":\"Walk In Granada\",\"alternateName\":\"Walk In Granada\",\"url\":\"https:\\\/\\\/walkingranada.com\\\/\",\"logo\":{\"@type\":\"ImageObject\",\"inLanguage\":\"fr-FR\",\"@id\":\"https:\\\/\\\/walkingranada.com\\\/#\\\/schema\\\/logo\\\/image\\\/\",\"url\":\"https:\\\/\\\/walkingranada.com\\\/wp-content\\\/uploads\\\/2022\\\/12\\\/Logo-Walking.webp\",\"contentUrl\":\"https:\\\/\\\/walkingranada.com\\\/wp-content\\\/uploads\\\/2022\\\/12\\\/Logo-Walking.webp\",\"width\":512,\"height\":512,\"caption\":\"Walk In Granada\"},\"image\":{\"@id\":\"https:\\\/\\\/walkingranada.com\\\/#\\\/schema\\\/logo\\\/image\\\/\"},\"sameAs\":[\"https:\\\/\\\/es-es.facebook.com\\\/walkingranadatour\\\/\",\"https:\\\/\\\/x.com\\\/walkingranada\",\"https:\\\/\\\/www.instagram.com\\\/walkingranada\\\/\"]}]}<\/script>\n<!-- \/ Yoast SEO plugin. -->","yoast_head_json":{"title":"Visite priv\u00e9e de l'Alhambra - Walk in Granada","description":"Voulez-vous faire une visite priv\u00e9e de l'Alhambra? Vous aurez un guide exclusif pour vous et votre groupe. R\u00e9servez votre visite maintenant!","robots":{"index":"index","follow":"follow","max-snippet":"max-snippet:-1","max-image-preview":"max-image-preview:large","max-video-preview":"max-video-preview:-1"},"canonical":"https:\/\/walkingranada.com\/fr\/alhambra\/visite-privee\/","og_locale":"fr_FR","og_type":"article","og_title":"Visita privada de la Alhambra - Walk in Granada","og_description":"\u00bfQuieres realizar una visita privada de la Alhambra? Dispondr\u00e1s de un gu\u00eda en exclusiva para ti y tu grupo. \u00a1Reserva tu visita ahora!","og_url":"https:\/\/walkingranada.com\/fr\/alhambra\/visite-privee\/","og_site_name":"Walk in Granada","article_publisher":"https:\/\/es-es.facebook.com\/walkingranadatour\/","article_modified_time":"2025-08-06T06:17:58+00:00","og_image":[{"width":452,"height":282,"url":"https:\/\/walkingranada.com\/wp-content\/uploads\/2023\/01\/Alhambra-card-walkin.webp","type":"image\/webp"}],"twitter_card":"summary_large_image","twitter_site":"@walkingranada","twitter_misc":{"Dur\u00e9e de lecture estim\u00e9e":"8 minutes"},"schema":{"@context":"https:\/\/schema.org","@graph":[{"@type":"WebPage","@id":"https:\/\/walkingranada.com\/alhambra\/visita-privada\/","url":"https:\/\/walkingranada.com\/alhambra\/visita-privada\/","name":"Visite priv\u00e9e de l'Alhambra - Walk in Granada","isPartOf":{"@id":"https:\/\/walkingranada.com\/#website"},"primaryImageOfPage":{"@id":"https:\/\/walkingranada.com\/alhambra\/visita-privada\/#primaryimage"},"image":{"@id":"https:\/\/walkingranada.com\/alhambra\/visita-privada\/#primaryimage"},"thumbnailUrl":"https:\/\/walkingranada.com\/wp-content\/uploads\/2023\/01\/Alhambra-card-walkin.webp","datePublished":"2022-10-27T08:46:15+00:00","dateModified":"2025-08-06T06:17:58+00:00","description":"Voulez-vous faire une visite priv\u00e9e de l'Alhambra? Vous aurez un guide exclusif pour vous et votre groupe. R\u00e9servez votre visite maintenant!","breadcrumb":{"@id":"https:\/\/walkingranada.com\/alhambra\/visita-privada\/#breadcrumb"},"inLanguage":"fr-FR","potentialAction":[{"@type":"ReadAction","target":["https:\/\/walkingranada.com\/alhambra\/visita-privada\/"]}]},{"@type":"ImageObject","inLanguage":"fr-FR","@id":"https:\/\/walkingranada.com\/alhambra\/visita-privada\/#primaryimage","url":"https:\/\/walkingranada.com\/wp-content\/uploads\/2023\/01\/Alhambra-card-walkin.webp","contentUrl":"https:\/\/walkingranada.com\/wp-content\/uploads\/2023\/01\/Alhambra-card-walkin.webp","width":452,"height":282,"caption":"Vistas de la Alhambra"},{"@type":"BreadcrumbList","@id":"https:\/\/walkingranada.com\/alhambra\/visita-privada\/#breadcrumb","itemListElement":[{"@type":"ListItem","position":1,"name":"Portada","item":"https:\/\/walkingranada.com\/"},{"@type":"ListItem","position":2,"name":"Alhambra","item":"https:\/\/walkingranada.com\/alhambra\/"},{"@type":"ListItem","position":3,"name":"Visita privada de la Alhambra"}]},{"@type":"WebSite","@id":"https:\/\/walkingranada.com\/#website","url":"https:\/\/walkingranada.com\/","name":"Walk in Granada","description":"Turismo responsable","publisher":{"@id":"https:\/\/walkingranada.com\/#organization"},"alternateName":"Walk in Granada","potentialAction":[{"@type":"SearchAction","target":{"@type":"EntryPoint","urlTemplate":"https:\/\/walkingranada.com\/?s={search_term_string}"},"query-input":{"@type":"PropertyValueSpecification","valueRequired":true,"valueName":"search_term_string"}}],"inLanguage":"fr-FR"},{"@type":"Organization","@id":"https:\/\/walkingranada.com\/#organization","name":"Walk In Granada","alternateName":"Walk In Granada","url":"https:\/\/walkingranada.com\/","logo":{"@type":"ImageObject","inLanguage":"fr-FR","@id":"https:\/\/walkingranada.com\/#\/schema\/logo\/image\/","url":"https:\/\/walkingranada.com\/wp-content\/uploads\/2022\/12\/Logo-Walking.webp","contentUrl":"https:\/\/walkingranada.com\/wp-content\/uploads\/2022\/12\/Logo-Walking.webp","width":512,"height":512,"caption":"Walk In Granada"},"image":{"@id":"https:\/\/walkingranada.com\/#\/schema\/logo\/image\/"},"sameAs":["https:\/\/es-es.facebook.com\/walkingranadatour\/","https:\/\/x.com\/walkingranada","https:\/\/www.instagram.com\/walkingranada\/"]}]}},"_links":{"self":[{"href":"https:\/\/walkingranada.com\/fr\/wp-json\/wp\/v2\/pages\/410","targetHints":{"allow":["GET"]}}],"collection":[{"href":"https:\/\/walkingranada.com\/fr\/wp-json\/wp\/v2\/pages"}],"about":[{"href":"https:\/\/walkingranada.com\/fr\/wp-json\/wp\/v2\/types\/page"}],"author":[{"embeddable":true,"href":"https:\/\/walkingranada.com\/fr\/wp-json\/wp\/v2\/users\/2"}],"replies":[{"embeddable":true,"href":"https:\/\/walkingranada.com\/fr\/wp-json\/wp\/v2\/comments?post=410"}],"version-history":[{"count":9,"href":"https:\/\/walkingranada.com\/fr\/wp-json\/wp\/v2\/pages\/410\/revisions"}],"predecessor-version":[{"id":7048,"href":"https:\/\/walkingranada.com\/fr\/wp-json\/wp\/v2\/pages\/410\/revisions\/7048"}],"up":[{"embeddable":true,"href":"https:\/\/walkingranada.com\/fr\/wp-json\/wp\/v2\/pages\/88"}],"wp:featuredmedia":[{"embeddable":true,"href":"https:\/\/walkingranada.com\/fr\/wp-json\/wp\/v2\/media\/2260"}],"wp:attachment":[{"href":"https:\/\/walkingranada.com\/fr\/wp-json\/wp\/v2\/media?parent=410"}],"curies":[{"name":"wp","href":"https:\/\/api.w.org\/{rel}","templated":true}]}}