{"id":404,"date":"2022-10-27T08:44:54","date_gmt":"2022-10-27T08:44:54","guid":{"rendered":"https:\/\/factum-omibu.es\/walkin\/?page_id=404"},"modified":"2026-03-06T12:39:13","modified_gmt":"2026-03-06T12:39:13","slug":"albaicin-sacromonte","status":"publish","type":"page","link":"https:\/\/walkingranada.com\/fr\/free-tour-granada\/albaicin-sacromonte\/","title":{"rendered":"Free tour Albaic\u00edn et Sacromonte"},"content":{"rendered":"<p>Free Tours &gt; Albaic\u00edn et Sacromonte<\/p>\r\n<!-- FareHarbor calendar of item #253879 -->\r\n<h1>FREE TOUR ALBAIC\u00cdN ET SACROMONTE<\/h1>\r\n<p><a href=\"#encuentro\"> <img decoding=\"async\" loading=\"lazy\" src=\"https:\/\/walkingranada.com\/wp-content\/uploads\/2022\/10\/fi-rr-marker.png\" alt=\"Plaza nueva\" \/><\/a><\/p>\r\n<p>Plaza nueva <img decoding=\"async\" loading=\"lazy\" src=\"https:\/\/walkingranada.com\/wp-content\/uploads\/2022\/10\/\ud83e\udd86-icon-_Info-Circle_.png\" alt=\"informaci\u00f3n\" \/><\/p>\r\n<p><img decoding=\"async\" loading=\"lazy\" src=\"https:\/\/walkingranada.com\/wp-content\/uploads\/2022\/10\/fi-rr-umbrella.png\" alt=\"Regardez le parapluie rouge\" \/><\/p>\r\n<p>Regardez le parapluie rouge<\/p>\r\n<p><img decoding=\"async\" loading=\"lazy\" src=\"https:\/\/walkingranada.com\/wp-content\/uploads\/2022\/10\/fi-rr-chat-arrow-grow.png\" alt=\"Difficult\u00e9 basse\" \/><\/p>\r\n<p>Difficult\u00e9 Moyenne<\/p>\r\n<p><img decoding=\"async\" loading=\"lazy\" src=\"https:\/\/walkingranada.com\/wp-content\/uploads\/2022\/10\/fi-rr-map.png\" alt=\"Ville\" \/><\/p>\r\n<p>Ville<\/p>\r\n<p><img decoding=\"async\" loading=\"lazy\" src=\"https:\/\/walkingranada.com\/wp-content\/uploads\/2022\/12\/accesibilidad_.png\" alt=\"Accessibilit\u00e9 limit\u00e9e\" \/><\/p>\r\n<p>Accessibilit\u00e9 limit\u00e9e<\/p>\r\n<p><img decoding=\"async\" loading=\"lazy\" src=\"https:\/\/walkingranada.com\/wp-content\/uploads\/2022\/10\/fi-rr-calendar.png\" alt=\"Tous les jours\" \/><\/p>\r\n<p>Tous les jours<\/p>\r\n<p><img decoding=\"async\" loading=\"lazy\" src=\"https:\/\/walkingranada.com\/wp-content\/uploads\/2022\/10\/fi-rr-clock.png\" alt=\"11:00 AM\" \/> 20:00 (JUL y AGO)<br \/>16:00 (OCT a MAR)<br \/>18:00 (ABR a JUN y SEP) <img decoding=\"async\" loading=\"lazy\" src=\"https:\/\/walkingranada.com\/wp-content\/uploads\/2022\/10\/fi-rr-alarm-clock.png\" alt=\"2,5 HEURES\" \/><\/p>\r\n<p>2,5 HEURES<\/p>\r\n<p><img decoding=\"async\" loading=\"lazy\" src=\"https:\/\/walkingranada.com\/wp-content\/uploads\/2022\/10\/fi-rr-receipt.png\" alt=\"Vous choisissez le prix\" \/><\/p>\r\n<p>Vous choisissez le prix<\/p>\r\n<p><img decoding=\"async\" loading=\"lazy\" src=\"https:\/\/walkingranada.com\/wp-content\/uploads\/2022\/10\/fi-rr-comments.png\" alt=\"Espagnol\" \/><\/p>\r\n<p>Espagnol \/ Anglais<\/p>\r\n<h2>Une visite qui r\u00e9unit les deux quartiers embl\u00e9matiques de Granada!<\/h2>\r\n<p>Ce nouveau Free Tour combine l\u2019ancien quartier musulman et le quartier gitan. Tous deux situ\u00e9s sur des collines avec une vue imprenable l\u2019un sur l\u2019autre, et toujours sous l\u2019\u0153il vigilant de l\u2019Alhambra.<\/p>\r\n<p><strong>Important avant de r\u00e9server<\/strong>:<\/p>\r\n<ul>\r\n<li class=\"translation-block\">Cette visite s\u2019effectue avec la participation <strong>minimum de 5 adultes<\/strong>.<\/li>\r\n<li class=\"translation-block\">Le <strong>nombre maximum de personnes<\/strong> autoris\u00e9es par r\u00e9servation est de <strong>huit<\/strong>. Pour les groupes plus importants souhaitant participer \u00e0 cette visite, une r\u00e9servation doit \u00eatre faite pour une <a href=\"https:\/\/walkingranada.com\/fr\/visites-guidees\/centre-historique-albaicin\/\" target=\"_self\">visite priv\u00e9e<\/a>.<\/li>\r\n<\/ul>\r\n<h2>Point de rencontre<\/h2>\r\n<figure><img decoding=\"async\" loading=\"lazy\" src=\"https:\/\/walkingranada.com\/wp-content\/uploads\/2023\/01\/fuente-plaza-nueva.webp\" alt=\"Fuente en Plaza Nueva\" width=\"711\" height=\"398\" \/><\/figure>\r\n<h3>Fuente frente a la farmacia en Plaza Nueva, nos reconocer\u00e1s por nuestro paraguas Rojo<\/h3>\r\n<p>Avez-vous besoin d'indications pour vous y rendre ?<\/p>\r\n<p><a href=\"#reserva\" target=\"_self\"> Reservar &gt; <\/a> <a href=\"https:\/\/walkingranada.com\/fr\/comment-acceder-a-plaza-nueva\/\" target=\"_self\"> \u00bfC\u00f3mo llegar? &gt; <\/a><\/p>\r\n<h2>Recommandations<\/h2>\r\n<ol>\r\n<li>Apportez de l\u2019eau, portez une tenue confortable, pensez \u00e0 la cr\u00e8me solaire.<\/li>\r\n<li>Cette tour n\u2019est pas accessible en fauteuil roulant.<\/li>\r\n<li><strong>Service de consigne<\/strong>: Vous avez besoin d\u2019un endroit pour laisser vos sacs pendant la visite ? Vous pouvez le faire au <strong>City Locker<\/strong> juste \u00e0 c\u00f4t\u00e9 de la Plaza Nueva \u00e0 Carrera del Darro 3. Vous pouvez faire votre r\u00e9servation<strong> <a href=\"https:\/\/fareharbor.com\/embeds\/book\/discoveringspain\/items\/181031\/?sheet=217966&amp;asn=walkingranada-euro&amp;asn-ref=Walk%20In%20Granada&amp;full-items=yes&amp;flow=no&amp;language=es&amp;u=95661de6-71d3-47eb-a7f9-e826150f66db&amp;from-ssl=yes&amp;ga=UA-77432324-1,572443075.1663250936%3B&amp;ga4t=AW-756235301,undefined%3B&amp;g4=yes&amp;a=yes&amp;back=https:\/\/walkingranada.com\/free-tour-granada\/tour-granada-esencial\/\">ICI<\/a><\/strong>.<\/li>\r\n<\/ol>\r\n<h2>Itin\u00e9raire<\/h2>\r\n<ul>\r\n<li>Plaza Nueva<\/li>\r\n<li>Aljibes de l'Albaic\u00edn<\/li>\r\n<li>Placeta del Comino<\/li>\r\n<li>Point de vue de San Nicol\u00e1s.<\/li>\r\n<li>Cruz de Rauda<\/li>\r\n<li>Mario Maya<\/li>\r\n<li>Camino del Sacromonte<\/li>\r\n<li>Chorrojumo<\/li>\r\n<li>Paseo de los Tristes<\/li>\r\n<\/ul>\r\n<p>On ne connait pas Grenade sans visiter son c\u0153ur, c\u2019est-\u00e0-dire le quartier de l\u2019Albaic\u00edn. Situ\u00e9 sur une colline en face de l\u2019Alhambra, le quartier est un magnifique point de vue pour appr\u00e9cier la forteresse rouge sous tous ses angles. Sa charpente labyrinthique et sinueuse r\u00e9pond \u00e0 son anc\u00eatre musulman combinant les b\u00e2timents typiques arabes, de blanchis \u00e0 la chaux immacul\u00e9s, avec des tours de la Renaissance. Promenez-vous dans ses rues et impr\u00e9gnez-vous de l\u2019odeur de fleur d\u2019oranger et de jasmin de ses carmenes traditionnelles, d\u00e9couvrez les places les plus fr\u00e9quent\u00e9es du quartier o\u00f9 se m\u00ealent tradition et modernit\u00e9 et laissez-vous emporter par le \u00ab duende \u00bb qui arpente les rues d\u2019un si beau quartier.<\/p>\r\n<p>Juste \u00e0 c\u00f4t\u00e9 de l\u2019Albaic\u00edn, nous trouvons la vall\u00e9e de Valpara\u00edso, une enclave naturelle du quartier du Sacromonte. Le flamenco et l\u2019art inondent chacun de ses coins, les cuevas (grottes) de la colline deviennent des \u00ab tablados \u00bb flamenco et les guitares portent le rythme de ce quartier unique.<\/p>\r\n<h2>Tambi\u00e9n puedes reservar nuestros otros free tours&#8230;<\/h2>\r\n<h2>Tambi\u00e9n puedes reservar nuestros otros servicios&#8230;<\/h2>\r\n<p><img decoding=\"async\" loading=\"lazy\" src=\"https:\/\/walkingranada.com\/wp-content\/uploads\/2022\/10\/Rectangle-42.png\" alt=\"bailaora flamenca\" \/><\/p>\r\n<h3>Flamenco<\/h3>\r\n<p><img decoding=\"async\" loading=\"lazy\" src=\"https:\/\/walkingranada.com\/wp-content\/uploads\/2022\/10\/Rectangle-43.png\" alt=\"ba\u00f1os \u00e1rabes\" \/><\/p>\r\n<h3>Hammam <br \/>Al-\u00e1ndalus<\/h3>\r\n<p><img decoding=\"async\" loading=\"lazy\" src=\"https:\/\/walkingranada.com\/wp-content\/uploads\/2022\/10\/Rectangle-45.png\" alt=\"mezquita de c\u00f3rdoba\" \/><\/p>\r\n<h3>excursions <br \/>d\u2019une journ\u00e9e<\/h3>\r\n<p><img decoding=\"async\" loading=\"lazy\" src=\"https:\/\/walkingranada.com\/wp-content\/uploads\/2022\/10\/Rectangle-38.png\" alt=\"imagen de una chica joven\" \/><\/p>\r\n<h3>Route olfactif<\/h3>","protected":false},"excerpt":{"rendered":"<p>Free Tours &gt; Albaic\u00edn y sacromonte FREE TOUR ALBAIC\u00cdN Y SACROMONTE Plaza nueva Busca el paraguas rojo Dificultad media Casco urbano Accesibilidad limitada Todos los d\u00edas 20:00 (JUL y AGO)16:00 (OCT a MAR)18:00 (ABR a JUN y SEP) 2,5 HORAS T\u00fa pones el precio CASTELLANO \/ INGL\u00c9S \u00a1Una visita que une los dos barrios m\u00e1s &#8230; <a title=\"Free tour Albaic\u00edn et Sacromonte\" class=\"read-more\" href=\"https:\/\/walkingranada.com\/fr\/free-tour-granada\/albaicin-sacromonte\/\" aria-label=\"En savoir plus sur Free tour Albaic\u00edn y Sacromonte\">Lire la suite<\/a><\/p>","protected":false},"author":2,"featured_media":2306,"parent":81,"menu_order":0,"comment_status":"closed","ping_status":"closed","template":"","meta":{"footnotes":""},"class_list":["post-404","page","type-page","status-publish","has-post-thumbnail"],"yoast_head":"<!-- This site is optimized with the Yoast SEO plugin v27.4 - https:\/\/yoast.com\/product\/yoast-seo-wordpress\/ -->\n<title>Free Tour Albaic\u00edn y Sacromonte - Walk in Granada<\/title>\n<meta name=\"description\" content=\"Con nuestro Free Tour del Albaic\u00edn y el Sacromonte descubrir\u00e1s los dos barrios m\u00e1s emblem\u00e1ticos de la ciudad de Granada. \u00a1Reserva tu plaza!\" \/>\n<meta name=\"robots\" content=\"index, follow, max-snippet:-1, max-image-preview:large, max-video-preview:-1\" \/>\n<link rel=\"canonical\" href=\"https:\/\/walkingranada.com\/fr\/free-tour-granada\/albaicin-sacromonte\/\" \/>\n<meta property=\"og:locale\" content=\"fr_FR\" \/>\n<meta property=\"og:type\" content=\"article\" \/>\n<meta property=\"og:title\" content=\"Free Tour Albaic\u00edn y Sacromonte - Walk in Granada\" \/>\n<meta property=\"og:description\" content=\"Con nuestro Free Tour del Albaic\u00edn y el Sacromonte descubrir\u00e1s los dos barrios m\u00e1s emblem\u00e1ticos de la ciudad de Granada. \u00a1Reserva tu plaza!\" \/>\n<meta property=\"og:url\" content=\"https:\/\/walkingranada.com\/fr\/free-tour-granada\/albaicin-sacromonte\/\" \/>\n<meta property=\"og:site_name\" content=\"Walk in Granada\" \/>\n<meta property=\"article:publisher\" content=\"https:\/\/es-es.facebook.com\/walkingranadatour\/\" \/>\n<meta property=\"article:modified_time\" content=\"2026-03-06T12:39:13+00:00\" \/>\n<meta property=\"og:image\" content=\"https:\/\/walkingranada.com\/wp-content\/uploads\/2023\/01\/Albaicin-detail-2.webp\" \/>\n\t<meta property=\"og:image:width\" content=\"305\" \/>\n\t<meta property=\"og:image:height\" content=\"305\" \/>\n\t<meta property=\"og:image:type\" content=\"image\/webp\" \/>\n<meta name=\"twitter:card\" content=\"summary_large_image\" \/>\n<meta name=\"twitter:site\" content=\"@walkingranada\" \/>\n<meta name=\"twitter:label1\" content=\"Dur\u00e9e de lecture estim\u00e9e\" \/>\n\t<meta name=\"twitter:data1\" content=\"8 minutes\" \/>\n<script type=\"application\/ld+json\" class=\"yoast-schema-graph\">{\"@context\":\"https:\\\/\\\/schema.org\",\"@graph\":[{\"@type\":\"WebPage\",\"@id\":\"https:\\\/\\\/walkingranada.com\\\/free-tour-granada\\\/albaicin-sacromonte\\\/\",\"url\":\"https:\\\/\\\/walkingranada.com\\\/free-tour-granada\\\/albaicin-sacromonte\\\/\",\"name\":\"Free Tour Albaic\u00edn y Sacromonte - Walk in Granada\",\"isPartOf\":{\"@id\":\"https:\\\/\\\/walkingranada.com\\\/#website\"},\"primaryImageOfPage\":{\"@id\":\"https:\\\/\\\/walkingranada.com\\\/free-tour-granada\\\/albaicin-sacromonte\\\/#primaryimage\"},\"image\":{\"@id\":\"https:\\\/\\\/walkingranada.com\\\/free-tour-granada\\\/albaicin-sacromonte\\\/#primaryimage\"},\"thumbnailUrl\":\"https:\\\/\\\/walkingranada.com\\\/wp-content\\\/uploads\\\/2023\\\/01\\\/Albaicin-detail-2.webp\",\"datePublished\":\"2022-10-27T08:44:54+00:00\",\"dateModified\":\"2026-03-06T12:39:13+00:00\",\"description\":\"Con nuestro Free Tour del Albaic\u00edn y el Sacromonte descubrir\u00e1s los dos barrios m\u00e1s emblem\u00e1ticos de la ciudad de Granada. \u00a1Reserva tu plaza!\",\"breadcrumb\":{\"@id\":\"https:\\\/\\\/walkingranada.com\\\/free-tour-granada\\\/albaicin-sacromonte\\\/#breadcrumb\"},\"inLanguage\":\"fr-FR\",\"potentialAction\":[{\"@type\":\"ReadAction\",\"target\":[\"https:\\\/\\\/walkingranada.com\\\/free-tour-granada\\\/albaicin-sacromonte\\\/\"]}]},{\"@type\":\"ImageObject\",\"inLanguage\":\"fr-FR\",\"@id\":\"https:\\\/\\\/walkingranada.com\\\/free-tour-granada\\\/albaicin-sacromonte\\\/#primaryimage\",\"url\":\"https:\\\/\\\/walkingranada.com\\\/wp-content\\\/uploads\\\/2023\\\/01\\\/Albaicin-detail-2.webp\",\"contentUrl\":\"https:\\\/\\\/walkingranada.com\\\/wp-content\\\/uploads\\\/2023\\\/01\\\/Albaicin-detail-2.webp\",\"width\":305,\"height\":305,\"caption\":\"Vistas del Albaycin\"},{\"@type\":\"BreadcrumbList\",\"@id\":\"https:\\\/\\\/walkingranada.com\\\/free-tour-granada\\\/albaicin-sacromonte\\\/#breadcrumb\",\"itemListElement\":[{\"@type\":\"ListItem\",\"position\":1,\"name\":\"Portada\",\"item\":\"https:\\\/\\\/walkingranada.com\\\/\"},{\"@type\":\"ListItem\",\"position\":2,\"name\":\"Free tours\",\"item\":\"https:\\\/\\\/walkingranada.com\\\/free-tour-granada\\\/\"},{\"@type\":\"ListItem\",\"position\":3,\"name\":\"Free tour Albaic\u00edn y Sacromonte\"}]},{\"@type\":\"WebSite\",\"@id\":\"https:\\\/\\\/walkingranada.com\\\/#website\",\"url\":\"https:\\\/\\\/walkingranada.com\\\/\",\"name\":\"Walk in Granada\",\"description\":\"Turismo responsable\",\"publisher\":{\"@id\":\"https:\\\/\\\/walkingranada.com\\\/#organization\"},\"alternateName\":\"Walk in Granada\",\"potentialAction\":[{\"@type\":\"SearchAction\",\"target\":{\"@type\":\"EntryPoint\",\"urlTemplate\":\"https:\\\/\\\/walkingranada.com\\\/?s={search_term_string}\"},\"query-input\":{\"@type\":\"PropertyValueSpecification\",\"valueRequired\":true,\"valueName\":\"search_term_string\"}}],\"inLanguage\":\"fr-FR\"},{\"@type\":\"Organization\",\"@id\":\"https:\\\/\\\/walkingranada.com\\\/#organization\",\"name\":\"Walk In Granada\",\"alternateName\":\"Walk In Granada\",\"url\":\"https:\\\/\\\/walkingranada.com\\\/\",\"logo\":{\"@type\":\"ImageObject\",\"inLanguage\":\"fr-FR\",\"@id\":\"https:\\\/\\\/walkingranada.com\\\/#\\\/schema\\\/logo\\\/image\\\/\",\"url\":\"https:\\\/\\\/walkingranada.com\\\/wp-content\\\/uploads\\\/2022\\\/12\\\/Logo-Walking.webp\",\"contentUrl\":\"https:\\\/\\\/walkingranada.com\\\/wp-content\\\/uploads\\\/2022\\\/12\\\/Logo-Walking.webp\",\"width\":512,\"height\":512,\"caption\":\"Walk In Granada\"},\"image\":{\"@id\":\"https:\\\/\\\/walkingranada.com\\\/#\\\/schema\\\/logo\\\/image\\\/\"},\"sameAs\":[\"https:\\\/\\\/es-es.facebook.com\\\/walkingranadatour\\\/\",\"https:\\\/\\\/x.com\\\/walkingranada\",\"https:\\\/\\\/www.instagram.com\\\/walkingranada\\\/\"]}]}<\/script>\n<!-- \/ Yoast SEO plugin. -->","yoast_head_json":{"title":"Free Tour Albaic\u00edn et Sacromonte - Walk in Granada","description":"Avec notre tour gratuit Albaic\u00edn et Sacromonte, vous d\u00e9couvrirez les deux quartiers les plus embl\u00e9matiques de la ville de Grenade. R\u00e9servez votre place!","robots":{"index":"index","follow":"follow","max-snippet":"max-snippet:-1","max-image-preview":"max-image-preview:large","max-video-preview":"max-video-preview:-1"},"canonical":"https:\/\/walkingranada.com\/fr\/free-tour-granada\/albaicin-sacromonte\/","og_locale":"fr_FR","og_type":"article","og_title":"Free Tour Albaic\u00edn y Sacromonte - Walk in Granada","og_description":"Con nuestro Free Tour del Albaic\u00edn y el Sacromonte descubrir\u00e1s los dos barrios m\u00e1s emblem\u00e1ticos de la ciudad de Granada. \u00a1Reserva tu plaza!","og_url":"https:\/\/walkingranada.com\/fr\/free-tour-granada\/albaicin-sacromonte\/","og_site_name":"Walk in Granada","article_publisher":"https:\/\/es-es.facebook.com\/walkingranadatour\/","article_modified_time":"2026-03-06T12:39:13+00:00","og_image":[{"width":305,"height":305,"url":"https:\/\/walkingranada.com\/wp-content\/uploads\/2023\/01\/Albaicin-detail-2.webp","type":"image\/webp"}],"twitter_card":"summary_large_image","twitter_site":"@walkingranada","twitter_misc":{"Dur\u00e9e de lecture estim\u00e9e":"8 minutes"},"schema":{"@context":"https:\/\/schema.org","@graph":[{"@type":"WebPage","@id":"https:\/\/walkingranada.com\/free-tour-granada\/albaicin-sacromonte\/","url":"https:\/\/walkingranada.com\/free-tour-granada\/albaicin-sacromonte\/","name":"Free Tour Albaic\u00edn et Sacromonte - Walk in Granada","isPartOf":{"@id":"https:\/\/walkingranada.com\/#website"},"primaryImageOfPage":{"@id":"https:\/\/walkingranada.com\/free-tour-granada\/albaicin-sacromonte\/#primaryimage"},"image":{"@id":"https:\/\/walkingranada.com\/free-tour-granada\/albaicin-sacromonte\/#primaryimage"},"thumbnailUrl":"https:\/\/walkingranada.com\/wp-content\/uploads\/2023\/01\/Albaicin-detail-2.webp","datePublished":"2022-10-27T08:44:54+00:00","dateModified":"2026-03-06T12:39:13+00:00","description":"Avec notre tour gratuit Albaic\u00edn et Sacromonte, vous d\u00e9couvrirez les deux quartiers les plus embl\u00e9matiques de la ville de Grenade. R\u00e9servez votre place!","breadcrumb":{"@id":"https:\/\/walkingranada.com\/free-tour-granada\/albaicin-sacromonte\/#breadcrumb"},"inLanguage":"fr-FR","potentialAction":[{"@type":"ReadAction","target":["https:\/\/walkingranada.com\/free-tour-granada\/albaicin-sacromonte\/"]}]},{"@type":"ImageObject","inLanguage":"fr-FR","@id":"https:\/\/walkingranada.com\/free-tour-granada\/albaicin-sacromonte\/#primaryimage","url":"https:\/\/walkingranada.com\/wp-content\/uploads\/2023\/01\/Albaicin-detail-2.webp","contentUrl":"https:\/\/walkingranada.com\/wp-content\/uploads\/2023\/01\/Albaicin-detail-2.webp","width":305,"height":305,"caption":"Vistas del Albaycin"},{"@type":"BreadcrumbList","@id":"https:\/\/walkingranada.com\/free-tour-granada\/albaicin-sacromonte\/#breadcrumb","itemListElement":[{"@type":"ListItem","position":1,"name":"Portada","item":"https:\/\/walkingranada.com\/"},{"@type":"ListItem","position":2,"name":"Free tours","item":"https:\/\/walkingranada.com\/free-tour-granada\/"},{"@type":"ListItem","position":3,"name":"Free tour Albaic\u00edn y Sacromonte"}]},{"@type":"WebSite","@id":"https:\/\/walkingranada.com\/#website","url":"https:\/\/walkingranada.com\/","name":"Walk in Granada","description":"Turismo responsable","publisher":{"@id":"https:\/\/walkingranada.com\/#organization"},"alternateName":"Walk in Granada","potentialAction":[{"@type":"SearchAction","target":{"@type":"EntryPoint","urlTemplate":"https:\/\/walkingranada.com\/?s={search_term_string}"},"query-input":{"@type":"PropertyValueSpecification","valueRequired":true,"valueName":"search_term_string"}}],"inLanguage":"fr-FR"},{"@type":"Organization","@id":"https:\/\/walkingranada.com\/#organization","name":"Walk In Granada","alternateName":"Walk In Granada","url":"https:\/\/walkingranada.com\/","logo":{"@type":"ImageObject","inLanguage":"fr-FR","@id":"https:\/\/walkingranada.com\/#\/schema\/logo\/image\/","url":"https:\/\/walkingranada.com\/wp-content\/uploads\/2022\/12\/Logo-Walking.webp","contentUrl":"https:\/\/walkingranada.com\/wp-content\/uploads\/2022\/12\/Logo-Walking.webp","width":512,"height":512,"caption":"Walk In Granada"},"image":{"@id":"https:\/\/walkingranada.com\/#\/schema\/logo\/image\/"},"sameAs":["https:\/\/es-es.facebook.com\/walkingranadatour\/","https:\/\/x.com\/walkingranada","https:\/\/www.instagram.com\/walkingranada\/"]}]}},"_links":{"self":[{"href":"https:\/\/walkingranada.com\/fr\/wp-json\/wp\/v2\/pages\/404","targetHints":{"allow":["GET"]}}],"collection":[{"href":"https:\/\/walkingranada.com\/fr\/wp-json\/wp\/v2\/pages"}],"about":[{"href":"https:\/\/walkingranada.com\/fr\/wp-json\/wp\/v2\/types\/page"}],"author":[{"embeddable":true,"href":"https:\/\/walkingranada.com\/fr\/wp-json\/wp\/v2\/users\/2"}],"replies":[{"embeddable":true,"href":"https:\/\/walkingranada.com\/fr\/wp-json\/wp\/v2\/comments?post=404"}],"version-history":[{"count":5,"href":"https:\/\/walkingranada.com\/fr\/wp-json\/wp\/v2\/pages\/404\/revisions"}],"predecessor-version":[{"id":7278,"href":"https:\/\/walkingranada.com\/fr\/wp-json\/wp\/v2\/pages\/404\/revisions\/7278"}],"up":[{"embeddable":true,"href":"https:\/\/walkingranada.com\/fr\/wp-json\/wp\/v2\/pages\/81"}],"wp:featuredmedia":[{"embeddable":true,"href":"https:\/\/walkingranada.com\/fr\/wp-json\/wp\/v2\/media\/2306"}],"wp:attachment":[{"href":"https:\/\/walkingranada.com\/fr\/wp-json\/wp\/v2\/media?parent=404"}],"curies":[{"name":"wp","href":"https:\/\/api.w.org\/{rel}","templated":true}]}}