{"id":3145,"date":"2023-01-30T12:09:32","date_gmt":"2023-01-30T12:09:32","guid":{"rendered":"https:\/\/factum-omibu.es\/walkin\/?page_id=3145"},"modified":"2023-04-24T09:30:59","modified_gmt":"2023-04-24T09:30:59","slug":"transfert-personnalise","status":"publish","type":"page","link":"https:\/\/walkingranada.com\/fr\/transfers\/transfer-personalizado\/","title":{"rendered":"Transfer personalizado"},"content":{"rendered":"<h1>\n\t\tTransferts &gt; Transferts personnalis\u00e9s\n\t<\/h1>\n\t<p>Demandez un devis pour votre service de transfert. Nous personnalisons chaque devis en fonction de vos besoins.<\/p>\n\t\n<div class=\"wpcf7 no-js\" id=\"wpcf7-f3157-o1\" lang=\"es-ES\" dir=\"ltr\" data-wpcf7-id=\"3157\">\n<div class=\"screen-reader-response\"><p role=\"status\" aria-live=\"polite\" aria-atomic=\"true\"><\/p> <ul><\/ul><\/div>\n<form action=\"\/fr\/wp-json\/wp\/v2\/pages\/3145#wpcf7-f3157-o1\" method=\"post\" class=\"wpcf7-form init\" aria-label=\"Formulario de contacto\" novalidate=\"novalidate\" data-status=\"init\" data-trp-original-action=\"\/fr\/wp-json\/wp\/v2\/pages\/3145#wpcf7-f3157-o1\">\n<fieldset class=\"hidden-fields-container\"><input type=\"hidden\" name=\"_wpcf7\" value=\"3157\" \/><input type=\"hidden\" name=\"_wpcf7_version\" value=\"6.1.5\" \/><input type=\"hidden\" name=\"_wpcf7_locale\" value=\"es_ES\" \/><input type=\"hidden\" name=\"_wpcf7_unit_tag\" value=\"wpcf7-f3157-o1\" \/><input type=\"hidden\" name=\"_wpcf7_container_post\" value=\"0\" \/><input type=\"hidden\" name=\"_wpcf7_posted_data_hash\" value=\"\" \/>\n<\/fieldset>\n<div class=\"wpcf7-turnstile cf-turnstile\" data-sitekey=\"0x4AAAAAABDgXyo_srqgI3Rz\" data-response-field-name=\"_wpcf7_turnstile_response\"><\/div>\n\n<p><span class=\"wpcf7-form-control-wrap\" data-name=\"nombre\"><input size=\"40\" maxlength=\"400\" class=\"wpcf7-form-control wpcf7-text wpcf7-validates-as-required\" aria-required=\"true\" aria-invalid=\"false\" placeholder=\"Nom*\" value=\"\" type=\"text\" name=\"nombre\" \/><\/span>\n<\/p>\n<p><span class=\"wpcf7-form-control-wrap\" data-name=\"email\"><input size=\"40\" maxlength=\"400\" class=\"wpcf7-form-control wpcf7-email wpcf7-validates-as-required wpcf7-text wpcf7-validates-as-email\" aria-required=\"true\" aria-invalid=\"false\" placeholder=\"Courrier \u00e9lectronique*\" value=\"\" type=\"email\" name=\"email\" \/><\/span>\n<\/p>\n<p><span class=\"wpcf7-form-control-wrap\" data-name=\"telefono\"><input size=\"40\" maxlength=\"400\" class=\"wpcf7-form-control wpcf7-text wpcf7-validates-as-required\" aria-required=\"true\" aria-invalid=\"false\" placeholder=\"T\u00e9l\u00e9phone*\" value=\"\" type=\"text\" name=\"telefono\" \/><\/span>\n<\/p>\n<p><span class=\"wpcf7-form-control-wrap\" data-name=\"origen\"><input size=\"40\" maxlength=\"400\" class=\"wpcf7-form-control wpcf7-text\" aria-invalid=\"false\" placeholder=\"Origine\" value=\"\" type=\"text\" name=\"origen\" \/><\/span>\n<\/p>\n<p><span class=\"wpcf7-form-control-wrap\" data-name=\"destino\"><input size=\"40\" maxlength=\"400\" class=\"wpcf7-form-control wpcf7-text\" aria-invalid=\"false\" placeholder=\"Destination\" value=\"\" type=\"text\" name=\"destino\" \/><\/span>\n<\/p>\n<p><label>Nombre de passagers :<br \/>\n<span class=\"wpcf7-form-control-wrap\" data-name=\"personas\"><select class=\"wpcf7-form-control wpcf7-select\" aria-invalid=\"false\" name=\"personas\"><option value=\"1\">1<\/option><option value=\"2\">2<\/option><option value=\"3\">3<\/option><option value=\"4\">4<\/option><option value=\"5\">5<\/option><option value=\"6\">6<\/option><option value=\"7\">7<\/option><option value=\"8\">8<\/option><option value=\"9\">9<\/option><option value=\"10\">10<\/option><\/select><\/span><\/label>\n<\/p>\n<p><label>D\u00e9tails du service :<br \/>\n<span class=\"wpcf7-form-control-wrap\" data-name=\"tipos\"><select class=\"wpcf7-form-control wpcf7-select\" aria-invalid=\"false\" name=\"tipos\"><option value=\"Ida y vuelta\">Aller-retour<\/option><option value=\"Solo ida\">Un sens<\/option><\/select><\/span><\/label>\n<\/p>\n<p><span class=\"wpcf7-form-control-wrap\" data-name=\"alojamiento\"><input size=\"40\" maxlength=\"400\" class=\"wpcf7-form-control wpcf7-text\" aria-invalid=\"false\" placeholder=\"O\u00f9 logez-vous ?\" value=\"\" type=\"text\" name=\"alojamiento\" \/><\/span>\n<\/p>\n<p><label>Date de d\u00e9part :<br \/>\n<span class=\"wpcf7-form-control-wrap\" data-name=\"salida\"><input class=\"wpcf7-form-control wpcf7-date wpcf7-validates-as-required wpcf7-validates-as-date\" aria-required=\"true\" aria-invalid=\"false\" value=\"\" type=\"date\" name=\"salida\" \/><\/span><\/label>\n<\/p>\n<p><label>Heure de d\u00e9part :<br \/>\n<span class=\"wpcf7-form-control-wrap\" data-name=\"hora-salida\"><input size=\"40\" maxlength=\"400\" class=\"wpcf7-form-control wpcf7-text walcf7-datepicker\" aria-invalid=\"false\" value=\"\" type=\"text\" name=\"hora-salida\" \/><\/span><\/label>\n<\/p>\n<p><label>Fecha de regreso:<br \/>\n<span class=\"wpcf7-form-control-wrap\" data-name=\"regreso\"><input class=\"wpcf7-form-control wpcf7-date wpcf7-validates-as-required wpcf7-validates-as-date\" aria-required=\"true\" aria-invalid=\"false\" value=\"\" type=\"date\" name=\"regreso\" \/><\/span><\/label>\n<\/p>\n<p><label>Heure de d\u00e9part :<br \/>\n<span class=\"wpcf7-form-control-wrap\" data-name=\"hora-regreso\"><input size=\"40\" maxlength=\"400\" class=\"wpcf7-form-control wpcf7-text\" aria-invalid=\"false\" value=\"\" type=\"text\" name=\"hora-regreso\" \/><\/span><\/label>\n<\/p>\n<p><label>Un service d'escorte est-il n\u00e9cessaire ?<br \/>\n<span class=\"wpcf7-form-control-wrap\" data-name=\"guia\"><select class=\"wpcf7-form-control wpcf7-select\" aria-invalid=\"false\" name=\"guia\"><option value=\"Si\">Oui<\/option><option value=\"No\">pas de<\/option><\/select><\/span><\/label>\n<\/p>\n<p><label>Langue:<br \/>\n<span class=\"wpcf7-form-control-wrap\" data-name=\"idioma\"><input size=\"40\" maxlength=\"400\" class=\"wpcf7-form-control wpcf7-text wpcf7-validates-as-required\" aria-required=\"true\" aria-invalid=\"false\" placeholder=\"-\" value=\"\" type=\"text\" name=\"idioma\" \/><\/span><\/label>\n<\/p>\n<p><label>Le remorquage des bagages est-il n\u00e9cessaire ?<br \/>\n<span class=\"wpcf7-form-control-wrap\" data-name=\"guia\"><select class=\"wpcf7-form-control wpcf7-select\" aria-invalid=\"false\" name=\"guia\"><option value=\"Si\">Oui<\/option><option value=\"No\">pas de<\/option><\/select><\/span><\/label>\n<\/p>\n<p><span class=\"wpcf7-form-control-wrap\" data-name=\"mensaje\"><textarea cols=\"40\" rows=\"10\" maxlength=\"2000\" class=\"wpcf7-form-control wpcf7-textarea\" aria-invalid=\"false\" placeholder=\"Commentaire:\" name=\"mensaje\"><\/textarea><\/span>\n<\/p>\n<p><label>Comment nous avez-vous rencontr\u00e9?<br \/>\n<span class=\"wpcf7-form-control-wrap\" data-name=\"conociste\"><select class=\"wpcf7-form-control wpcf7-select\" aria-invalid=\"false\" name=\"conociste\"><option value=\"\">&#8212;Por favor, elige una opci\u00f3n&#8212;<\/option><option value=\"Boca a boca\">Bouche \u00e0 oreille<\/option><option value=\"B\u00fasqueda online\">Recherches en ligne<\/option><option value=\"Facebook\/Twitter\/Socialmedia\">Facebook\/Twitter\/Socialmedia<\/option><option value=\"Oficina de turismo\">L'office de tourisme<\/option><option value=\"Tripadvisor\">Tripadvisor<\/option><option value=\"Alojamiento\">H\u00e9bergement<\/option><option value=\"Otro\">Un autre<\/option><\/select><\/span><\/label>\n<\/p>\n<p><span class=\"wpcf7-form-control-wrap\" data-name=\"acceptance-994\"><span class=\"wpcf7-form-control wpcf7-acceptance\"><span class=\"wpcf7-list-item\"><label><input type=\"checkbox\" name=\"acceptance-994\" value=\"1\" aria-invalid=\"false\" \/><span class=\"wpcf7-list-item-label\">J'ai lu et j'accepte la <a class=\"red\" href=\"https:\/\/walkingranada.com\/fr\/politique-de-confidentialite\/\" target=\"_blank\">Politique de confidentialit\u00e9<\/a><\/span><\/label><\/span><\/span><\/span><br \/>\n<div class=\"cf7-cf-turnstile\" style=\"margin-top: 0px; margin-bottom: -15px;\"> <div id=\"cf-turnstile-cf7-1110617309\" class=\"cf-turnstile\" data-sitekey=\"0x4AAAAAABDgXyo_srqgI3Rz\" data-theme=\"light\" data-language=\"auto\" data-size=\"normal\" data-retry=\"auto\" data-retry-interval=\"1000\" data-refresh-expired=\"auto\" data-refresh-timeout=\"auto\" data-action=\"contact-form-7\" data-callback=\"turnstileCF7Callback\" data-appearance=\"always\"><\/div> <script>document.addEventListener(\"DOMContentLoaded\", function() { setTimeout(function(){ var e=document.getElementById(\"cf-turnstile-cf7-1110617309\"); if(e&&!e.innerHTML.trim()){turnstile.render(e, {sitekey:\"0x4AAAAAABDgXyo_srqgI3Rz\"});} }, 200); });<\/script> <br class=\"cf-turnstile-br cf-turnstile-br-cf7-1110617309\"> <style>#cf-turnstile-cf7-1110617309 { margin-left: -15px; }<\/style> <script>document.addEventListener(\"DOMContentLoaded\",function(){document.querySelectorAll('.wpcf7-form').forEach(function(e){e.addEventListener('submit',function(){if(document.getElementById('cf-turnstile-cf7-1110617309')){setTimeout(function(){turnstile.reset('#cf-turnstile-cf7-1110617309');},1000)}})})});<\/script> <\/div><br \/>\n<input class=\"wpcf7-form-control wpcf7-submit has-spinner\" type=\"submit\" value=\"Envoyer\" \/>\n<\/p><div class=\"wpcf7-response-output\" aria-hidden=\"true\"><\/div>\n<input type=\"hidden\" name=\"trp-form-language\" value=\"fr\"\/><\/form>\n<\/div>\n\n\t<a href=\"https:\/\/walkingranada.com\/fr\/transferts\/tickets-de-bus\/\" target=\"_self\" rel=\"noopener\"><\/a>\t\t\t<img decoding=\"async\" loading=\"lazy\" alt=\"imagen de un autob\u00fas\" src=\"https:\/\/walkingranada.com\/wp-content\/uploads\/2022\/10\/Rectangle-48.png\"\/>\n\t\t\n\t\t\t<p>Tickets de bus<\/p>\n\t<a href=\"https:\/\/walkingranada.com\/fr\/transferts\/voiture-de-luxe\/\" target=\"_self\" rel=\"noopener\"><\/a>\t\t\t<img decoding=\"async\" loading=\"lazy\" alt=\"imagen de un coche\" src=\"https:\/\/walkingranada.com\/wp-content\/uploads\/2022\/10\/Rectangle-38-2.png\"\/>\n\t\t\n\t\t\t<p>Transfert <br \/>priv\u00e9 de luxe<\/p>\n\t<a href=\"https:\/\/walkingranada.com\/fr\/transferts\/voyage-en-groupe\/\" target=\"_self\" rel=\"noopener\"><\/a>\t\t\t<img decoding=\"async\" loading=\"lazy\" alt=\"coche\" src=\"https:\/\/walkingranada.com\/wp-content\/uploads\/2022\/10\/Rectangle-36-2.png\"\/>\n\t\t\n\t\t\t<p>Voyage en groupe<\/p>\n<h2>\n\t\tTambi\u00e9n puedes reservar nuestros otros servicios&#8230;\n\t<\/h2>\n\t<a href=\"https:\/\/walkingranada.com\/fr\/que-faire-a-granada\/flamenco\/\" target=\"_self\" rel=\"noopener\"><\/a>\t\t\t<img decoding=\"async\" loading=\"lazy\" alt=\"bailaora flamenca\" src=\"https:\/\/walkingranada.com\/wp-content\/uploads\/2022\/10\/Rectangle-42.png\"\/>\n\t\t<h3>Flamenco<\/h3>\n\t<a href=\"https:\/\/walkingranada.com\/fr\/que-faire-a-granada\/hammam-al-andalus\/\" target=\"_self\" rel=\"noopener\"><\/a>\t\t\t<img decoding=\"async\" loading=\"lazy\" alt=\"ba\u00f1os \u00e1rabes\" src=\"https:\/\/walkingranada.com\/wp-content\/uploads\/2022\/10\/Rectangle-43.png\"\/>\n\t\t<h3>Hammam <br \/>Al-\u00e1ndalus<\/h3>\n\t<a href=\"https:\/\/walkingranada.com\/fr\/que-faire-a-granada\/excursions\/\" target=\"_self\" rel=\"noopener\"><\/a>\t\t\t<img decoding=\"async\" loading=\"lazy\" alt=\"mezquita de c\u00f3rdoba\" src=\"https:\/\/walkingranada.com\/wp-content\/uploads\/2022\/10\/Rectangle-45.png\"\/>\n\t\t<h3>excursions <br \/>d\u2019une journ\u00e9e<\/h3>\n\t<a href=\"https:\/\/walkingranada.com\/fr\/que-faire-a-granada\/route-olfactif\/\" target=\"_self\" rel=\"noopener\"><\/a>\t\t\t<img decoding=\"async\" loading=\"lazy\" alt=\"imagen de una chica joven\" src=\"https:\/\/walkingranada.com\/wp-content\/uploads\/2022\/10\/Rectangle-38.png\"\/>\n\t\t<h3>Route olfactif<\/h3>","protected":false},"excerpt":{"rendered":"<p>Transfers > Transfer personalizado Solicita una cotizaci\u00f3n para tu servicio de Transfer. Personalizamos cada presupuesto dependiendo de tus necesidades. Billetes de autob\u00fas Transfer privado de lujo Transfer para grupos Tambi\u00e9n puedes reservar nuestros otros servicios&#8230; Flamenco Hammam Al-\u00e1ndalus Excursiones de un d\u00eda Ruta olfativa<\/p>","protected":false},"author":2,"featured_media":0,"parent":185,"menu_order":0,"comment_status":"closed","ping_status":"closed","template":"","meta":{"footnotes":""},"class_list":["post-3145","page","type-page","status-publish"],"yoast_head":"<!-- This site is optimized with the Yoast SEO plugin v27.4 - https:\/\/yoast.com\/product\/yoast-seo-wordpress\/ -->\n<title>Transfer personalizado - Walk in Granada<\/title>\n<meta name=\"description\" content=\"Solicita ya una cotizaci\u00f3n sin compromiso. Personalizamos cada presupuesto dependiendo de tus necesidades. \u00a1Ponte en contacto ahora!\" \/>\n<meta name=\"robots\" content=\"index, follow, max-snippet:-1, max-image-preview:large, max-video-preview:-1\" \/>\n<link rel=\"canonical\" href=\"https:\/\/walkingranada.com\/fr\/transferts\/transfert-personnalise\/\" \/>\n<meta property=\"og:locale\" content=\"fr_FR\" \/>\n<meta property=\"og:type\" content=\"article\" \/>\n<meta property=\"og:title\" content=\"Transfer personalizado - Walk in Granada\" \/>\n<meta property=\"og:description\" content=\"Solicita ya una cotizaci\u00f3n sin compromiso. Personalizamos cada presupuesto dependiendo de tus necesidades. \u00a1Ponte en contacto ahora!\" \/>\n<meta property=\"og:url\" content=\"https:\/\/walkingranada.com\/fr\/transferts\/transfert-personnalise\/\" \/>\n<meta property=\"og:site_name\" content=\"Walk in Granada\" \/>\n<meta property=\"article:publisher\" content=\"https:\/\/es-es.facebook.com\/walkingranadatour\/\" \/>\n<meta property=\"article:modified_time\" content=\"2023-04-24T09:30:59+00:00\" \/>\n<meta property=\"og:image\" content=\"https:\/\/walkingranada.com\/wp-content\/uploads\/2022\/10\/Rectangle-48.png\" \/>\n<meta name=\"twitter:card\" content=\"summary_large_image\" \/>\n<meta name=\"twitter:site\" content=\"@walkingranada\" \/>\n<meta name=\"twitter:label1\" content=\"Dur\u00e9e de lecture estim\u00e9e\" \/>\n\t<meta name=\"twitter:data1\" content=\"2 minutes\" \/>\n<script type=\"application\/ld+json\" class=\"yoast-schema-graph\">{\"@context\":\"https:\\\/\\\/schema.org\",\"@graph\":[{\"@type\":\"WebPage\",\"@id\":\"https:\\\/\\\/walkingranada.com\\\/transfers\\\/transfer-personalizado\\\/\",\"url\":\"https:\\\/\\\/walkingranada.com\\\/transfers\\\/transfer-personalizado\\\/\",\"name\":\"Transfer personalizado - Walk in Granada\",\"isPartOf\":{\"@id\":\"https:\\\/\\\/walkingranada.com\\\/#website\"},\"primaryImageOfPage\":{\"@id\":\"https:\\\/\\\/walkingranada.com\\\/transfers\\\/transfer-personalizado\\\/#primaryimage\"},\"image\":{\"@id\":\"https:\\\/\\\/walkingranada.com\\\/transfers\\\/transfer-personalizado\\\/#primaryimage\"},\"thumbnailUrl\":\"https:\\\/\\\/walkingranada.com\\\/wp-content\\\/uploads\\\/2022\\\/10\\\/Rectangle-48.png\",\"datePublished\":\"2023-01-30T12:09:32+00:00\",\"dateModified\":\"2023-04-24T09:30:59+00:00\",\"description\":\"Solicita ya una cotizaci\u00f3n sin compromiso. Personalizamos cada presupuesto dependiendo de tus necesidades. \u00a1Ponte en contacto ahora!\",\"breadcrumb\":{\"@id\":\"https:\\\/\\\/walkingranada.com\\\/transfers\\\/transfer-personalizado\\\/#breadcrumb\"},\"inLanguage\":\"fr-FR\",\"potentialAction\":[{\"@type\":\"ReadAction\",\"target\":[\"https:\\\/\\\/walkingranada.com\\\/transfers\\\/transfer-personalizado\\\/\"]}]},{\"@type\":\"ImageObject\",\"inLanguage\":\"fr-FR\",\"@id\":\"https:\\\/\\\/walkingranada.com\\\/transfers\\\/transfer-personalizado\\\/#primaryimage\",\"url\":\"https:\\\/\\\/walkingranada.com\\\/wp-content\\\/uploads\\\/2022\\\/10\\\/Rectangle-48.png\",\"contentUrl\":\"https:\\\/\\\/walkingranada.com\\\/wp-content\\\/uploads\\\/2022\\\/10\\\/Rectangle-48.png\"},{\"@type\":\"BreadcrumbList\",\"@id\":\"https:\\\/\\\/walkingranada.com\\\/transfers\\\/transfer-personalizado\\\/#breadcrumb\",\"itemListElement\":[{\"@type\":\"ListItem\",\"position\":1,\"name\":\"Portada\",\"item\":\"https:\\\/\\\/walkingranada.com\\\/\"},{\"@type\":\"ListItem\",\"position\":2,\"name\":\"Transfers\",\"item\":\"https:\\\/\\\/walkingranada.com\\\/transfers\\\/\"},{\"@type\":\"ListItem\",\"position\":3,\"name\":\"Transfer personalizado\"}]},{\"@type\":\"WebSite\",\"@id\":\"https:\\\/\\\/walkingranada.com\\\/#website\",\"url\":\"https:\\\/\\\/walkingranada.com\\\/\",\"name\":\"Walk in Granada\",\"description\":\"Turismo responsable\",\"publisher\":{\"@id\":\"https:\\\/\\\/walkingranada.com\\\/#organization\"},\"alternateName\":\"Walk in Granada\",\"potentialAction\":[{\"@type\":\"SearchAction\",\"target\":{\"@type\":\"EntryPoint\",\"urlTemplate\":\"https:\\\/\\\/walkingranada.com\\\/?s={search_term_string}\"},\"query-input\":{\"@type\":\"PropertyValueSpecification\",\"valueRequired\":true,\"valueName\":\"search_term_string\"}}],\"inLanguage\":\"fr-FR\"},{\"@type\":\"Organization\",\"@id\":\"https:\\\/\\\/walkingranada.com\\\/#organization\",\"name\":\"Walk In Granada\",\"alternateName\":\"Walk In Granada\",\"url\":\"https:\\\/\\\/walkingranada.com\\\/\",\"logo\":{\"@type\":\"ImageObject\",\"inLanguage\":\"fr-FR\",\"@id\":\"https:\\\/\\\/walkingranada.com\\\/#\\\/schema\\\/logo\\\/image\\\/\",\"url\":\"https:\\\/\\\/walkingranada.com\\\/wp-content\\\/uploads\\\/2022\\\/12\\\/Logo-Walking.webp\",\"contentUrl\":\"https:\\\/\\\/walkingranada.com\\\/wp-content\\\/uploads\\\/2022\\\/12\\\/Logo-Walking.webp\",\"width\":512,\"height\":512,\"caption\":\"Walk In Granada\"},\"image\":{\"@id\":\"https:\\\/\\\/walkingranada.com\\\/#\\\/schema\\\/logo\\\/image\\\/\"},\"sameAs\":[\"https:\\\/\\\/es-es.facebook.com\\\/walkingranadatour\\\/\",\"https:\\\/\\\/x.com\\\/walkingranada\",\"https:\\\/\\\/www.instagram.com\\\/walkingranada\\\/\"]}]}<\/script>\n<!-- \/ Yoast SEO plugin. -->","yoast_head_json":{"title":"Transfert personnalis\u00e9 - Walk in Granada","description":"Demandez d\u00e8s maintenant un devis sans engagement. Nous personnalisons chaque budget en fonction de vos besoins. Contactez-nous maintenant!","robots":{"index":"index","follow":"follow","max-snippet":"max-snippet:-1","max-image-preview":"max-image-preview:large","max-video-preview":"max-video-preview:-1"},"canonical":"https:\/\/walkingranada.com\/fr\/transferts\/transfert-personnalise\/","og_locale":"fr_FR","og_type":"article","og_title":"Transfer personalizado - Walk in Granada","og_description":"Solicita ya una cotizaci\u00f3n sin compromiso. Personalizamos cada presupuesto dependiendo de tus necesidades. \u00a1Ponte en contacto ahora!","og_url":"https:\/\/walkingranada.com\/fr\/transferts\/transfert-personnalise\/","og_site_name":"Walk in Granada","article_publisher":"https:\/\/es-es.facebook.com\/walkingranadatour\/","article_modified_time":"2023-04-24T09:30:59+00:00","og_image":[{"url":"https:\/\/walkingranada.com\/wp-content\/uploads\/2022\/10\/Rectangle-48.png","type":"","width":"","height":""}],"twitter_card":"summary_large_image","twitter_site":"@walkingranada","twitter_misc":{"Dur\u00e9e de lecture estim\u00e9e":"2 minutes"},"schema":{"@context":"https:\/\/schema.org","@graph":[{"@type":"WebPage","@id":"https:\/\/walkingranada.com\/transfers\/transfer-personalizado\/","url":"https:\/\/walkingranada.com\/transfers\/transfer-personalizado\/","name":"Transfert personnalis\u00e9 - Walk in Granada","isPartOf":{"@id":"https:\/\/walkingranada.com\/#website"},"primaryImageOfPage":{"@id":"https:\/\/walkingranada.com\/transfers\/transfer-personalizado\/#primaryimage"},"image":{"@id":"https:\/\/walkingranada.com\/transfers\/transfer-personalizado\/#primaryimage"},"thumbnailUrl":"https:\/\/walkingranada.com\/wp-content\/uploads\/2022\/10\/Rectangle-48.png","datePublished":"2023-01-30T12:09:32+00:00","dateModified":"2023-04-24T09:30:59+00:00","description":"Demandez d\u00e8s maintenant un devis sans engagement. Nous personnalisons chaque budget en fonction de vos besoins. Contactez-nous maintenant!","breadcrumb":{"@id":"https:\/\/walkingranada.com\/transfers\/transfer-personalizado\/#breadcrumb"},"inLanguage":"fr-FR","potentialAction":[{"@type":"ReadAction","target":["https:\/\/walkingranada.com\/transfers\/transfer-personalizado\/"]}]},{"@type":"ImageObject","inLanguage":"fr-FR","@id":"https:\/\/walkingranada.com\/transfers\/transfer-personalizado\/#primaryimage","url":"https:\/\/walkingranada.com\/wp-content\/uploads\/2022\/10\/Rectangle-48.png","contentUrl":"https:\/\/walkingranada.com\/wp-content\/uploads\/2022\/10\/Rectangle-48.png"},{"@type":"BreadcrumbList","@id":"https:\/\/walkingranada.com\/transfers\/transfer-personalizado\/#breadcrumb","itemListElement":[{"@type":"ListItem","position":1,"name":"Portada","item":"https:\/\/walkingranada.com\/"},{"@type":"ListItem","position":2,"name":"Transfers","item":"https:\/\/walkingranada.com\/transfers\/"},{"@type":"ListItem","position":3,"name":"Transfer personalizado"}]},{"@type":"WebSite","@id":"https:\/\/walkingranada.com\/#website","url":"https:\/\/walkingranada.com\/","name":"Walk in Granada","description":"Turismo responsable","publisher":{"@id":"https:\/\/walkingranada.com\/#organization"},"alternateName":"Walk in Granada","potentialAction":[{"@type":"SearchAction","target":{"@type":"EntryPoint","urlTemplate":"https:\/\/walkingranada.com\/?s={search_term_string}"},"query-input":{"@type":"PropertyValueSpecification","valueRequired":true,"valueName":"search_term_string"}}],"inLanguage":"fr-FR"},{"@type":"Organization","@id":"https:\/\/walkingranada.com\/#organization","name":"Walk In Granada","alternateName":"Walk In Granada","url":"https:\/\/walkingranada.com\/","logo":{"@type":"ImageObject","inLanguage":"fr-FR","@id":"https:\/\/walkingranada.com\/#\/schema\/logo\/image\/","url":"https:\/\/walkingranada.com\/wp-content\/uploads\/2022\/12\/Logo-Walking.webp","contentUrl":"https:\/\/walkingranada.com\/wp-content\/uploads\/2022\/12\/Logo-Walking.webp","width":512,"height":512,"caption":"Walk In Granada"},"image":{"@id":"https:\/\/walkingranada.com\/#\/schema\/logo\/image\/"},"sameAs":["https:\/\/es-es.facebook.com\/walkingranadatour\/","https:\/\/x.com\/walkingranada","https:\/\/www.instagram.com\/walkingranada\/"]}]}},"_links":{"self":[{"href":"https:\/\/walkingranada.com\/fr\/wp-json\/wp\/v2\/pages\/3145","targetHints":{"allow":["GET"]}}],"collection":[{"href":"https:\/\/walkingranada.com\/fr\/wp-json\/wp\/v2\/pages"}],"about":[{"href":"https:\/\/walkingranada.com\/fr\/wp-json\/wp\/v2\/types\/page"}],"author":[{"embeddable":true,"href":"https:\/\/walkingranada.com\/fr\/wp-json\/wp\/v2\/users\/2"}],"replies":[{"embeddable":true,"href":"https:\/\/walkingranada.com\/fr\/wp-json\/wp\/v2\/comments?post=3145"}],"version-history":[{"count":0,"href":"https:\/\/walkingranada.com\/fr\/wp-json\/wp\/v2\/pages\/3145\/revisions"}],"up":[{"embeddable":true,"href":"https:\/\/walkingranada.com\/fr\/wp-json\/wp\/v2\/pages\/185"}],"wp:attachment":[{"href":"https:\/\/walkingranada.com\/fr\/wp-json\/wp\/v2\/media?parent=3145"}],"curies":[{"name":"wp","href":"https:\/\/api.w.org\/{rel}","templated":true}]}}