{"id":3141,"date":"2023-01-30T11:40:39","date_gmt":"2023-01-30T11:40:39","guid":{"rendered":"https:\/\/factum-omibu.es\/walkin\/?page_id=3141"},"modified":"2025-05-26T15:52:50","modified_gmt":"2025-05-26T15:52:50","slug":"voyage-en-groupe","status":"publish","type":"page","link":"https:\/\/walkingranada.com\/fr\/transfers\/transfer-para-grupos\/","title":{"rendered":"Voyage en groupe"},"content":{"rendered":"<p>Transfers &gt; Voyage en groupe<\/p>\n\t<!-- FareHarbor calendar of item #212774 -->\n<h1>\n\t\t\tVoyage en groupe\t<\/h1>\n\t<p>Walk in Granada vous propose un service de transfer professionnel dans des v\u00e9hicules de pointe qui s'adaptent parfaitement aux besoins de mobilit\u00e9 de votre groupe.<\/p>\n<p class=\"translation-block\">Quelle que soit la taille de votre groupe, nous pouvons vous proposer une solution pour vos d\u00e9placements, car nous travaillons avec plusieurs op\u00e9rateurs pour mettre \u00e0 votre disposition une flotte de <strong>minibus et d'autocars modernes, s\u00fbrs et confortables.<\/strong><\/p>\n<p>Nous disposons \u00e9galement d'une importante \u00e9quipe de guides pour offrir \u00e0 votre groupe le meilleur service d'accompagnement et d'assistance lors de vos voyages.<\/p>\n<h2>\n\t\t\tInformation technique\t<\/h2>\n<h3>\n\t\t\tComprend\t<\/h3>\n\t<ul>\n<li>Service 24 heures sur 24, 7 jours sur 7<\/li>\n<li>Chauffeurs exp\u00e9riment\u00e9s parlant anglais et espagnol<\/li>\n<li>Service de porte \u00e0 porte<\/li>\n<li>Service priv\u00e9 avec des v\u00e9hicules haut de gamme<\/li>\n<\/ul>\n<h3>\n\t\t\tOptions\t<\/h3>\n\t<ul>\n<li>Possibilit\u00e9 de guide accompagnateur (avec suppl\u00e9ment)<\/li>\n<li>Remorque \u00e0 bagages suppl\u00e9mentaire si n\u00e9cessaire (frais suppl\u00e9mentaires)<\/li>\n<\/ul>\n\t\t\t<a href=\"https:\/\/walkingranada.com\/fr\/transferts\/conditions-generales-de-transfert\/\" target=\"_self\">\n\t\t\t\t\t\t\tConditions g\u00e9n\u00e9rales de transfer &gt;\n\t\t\t\t\t<\/a>\n\t<p>Pour d'autres transfers, veuillez demander un devis. Nous personnalisons chaque devis en fonction de vos besoins.<\/p>\n\t\t\t<a href=\"https:\/\/walkingranada.com\/fr\/transferts\/transfert-personnalise\/\" target=\"_self\">\n\t\t\t\t\t\t\tTransfers personnalis\u00e9s &gt;\n\t\t\t\t\t<\/a>\n<h2>\n\t\t\tTambi\u00e9n puedes reservar nuestros otros transfers&#8230;\t<\/h2>\n\t<a href=\"https:\/\/walkingranada.com\/fr\/transferts\/voiture-de-luxe\/\" target=\"_self\"><\/a>\t\t\t<img decoding=\"async\" loading=\"lazy\" alt=\"imagen de un coche\" src=\"https:\/\/walkingranada.com\/wp-content\/uploads\/2022\/10\/Rectangle-38-2.png\"\/>\n\t\t<h3>Transfers priv\u00e9s de luxe<\/h3>\n<h2>\n\t\t\tTambi\u00e9n puedes reservar nuestros otros servicios&#8230;\t<\/h2>\n\t<a href=\"https:\/\/walkingranada.com\/fr\/que-faire-a-granada\/flamenco\/\" target=\"_self\"><\/a>\t\t\t<img decoding=\"async\" loading=\"lazy\" alt=\"bailaora flamenca\" src=\"https:\/\/walkingranada.com\/wp-content\/uploads\/2022\/10\/Rectangle-42.png\"\/>\n\t\t<h3>Flamenco<\/h3>\n\t<a href=\"https:\/\/walkingranada.com\/fr\/que-faire-a-granada\/hammam-al-andalus\/\" target=\"_self\"><\/a>\t\t\t<img decoding=\"async\" loading=\"lazy\" alt=\"ba\u00f1os \u00e1rabes\" src=\"https:\/\/walkingranada.com\/wp-content\/uploads\/2022\/10\/Rectangle-43.png\"\/>\n\t\t<h3>Hammam <br \/>Al-\u00e1ndalus<\/h3>\n\t<a href=\"https:\/\/walkingranada.com\/fr\/que-faire-a-granada\/excursions\/\" target=\"_self\"><\/a>\t\t\t<img decoding=\"async\" loading=\"lazy\" alt=\"mezquita de c\u00f3rdoba\" src=\"https:\/\/walkingranada.com\/wp-content\/uploads\/2022\/10\/Rectangle-45.png\"\/>\n\t\t<h3>excursions <br \/>d\u2019une journ\u00e9e<\/h3>\n\t<a href=\"https:\/\/walkingranada.com\/fr\/que-faire-a-granada\/route-olfactif\/\" target=\"_self\"><\/a>\t\t\t<img decoding=\"async\" loading=\"lazy\" alt=\"imagen de una chica joven\" src=\"https:\/\/walkingranada.com\/wp-content\/uploads\/2022\/10\/Rectangle-38.png\"\/>\n\t\t<h3>Route olfactif<\/h3>","protected":false},"excerpt":{"rendered":"<p>Transfers &gt; Transfer para grupos Transfer para grupos Walk in Granada te ofrece un servicio profesional de traslados en veh\u00edculos de \u00faltima generaci\u00f3n que se adapta a la perfecci\u00f3n con las necesidades de movilidad de tu grupo. Sea cual sea el tama\u00f1o de tu grupo podemos ofrecerte una soluci\u00f3n para vuestros desplazamientos, puesto que trabajamos &#8230; <a title=\"Voyage en groupe\" class=\"read-more\" href=\"https:\/\/walkingranada.com\/fr\/transfers\/transfer-para-grupos\/\" aria-label=\"En savoir plus sur Transfers para grupos\">Lire la suite<\/a><\/p>","protected":false},"author":2,"featured_media":0,"parent":185,"menu_order":0,"comment_status":"closed","ping_status":"closed","template":"","meta":{"footnotes":""},"class_list":["post-3141","page","type-page","status-publish"],"yoast_head":"<!-- This site is optimized with the Yoast SEO plugin v27.5 - https:\/\/yoast.com\/product\/yoast-seo-wordpress\/ -->\n<title>Transfers para grupos - Walk in Granada<\/title>\n<meta name=\"description\" content=\"Walk in Granada te ofrece un servicio profesional de traslados en veh\u00edculos de \u00faltima generaci\u00f3n que se adapta a las necesidades de tu grupo.\" \/>\n<meta name=\"robots\" content=\"index, follow, max-snippet:-1, max-image-preview:large, max-video-preview:-1\" \/>\n<link rel=\"canonical\" href=\"https:\/\/walkingranada.com\/fr\/transferts\/voyage-en-groupe\/\" \/>\n<meta property=\"og:locale\" content=\"fr_FR\" \/>\n<meta property=\"og:type\" content=\"article\" \/>\n<meta property=\"og:title\" content=\"Transfers para grupos - Walk in Granada\" \/>\n<meta property=\"og:description\" content=\"Walk in Granada te ofrece un servicio profesional de traslados en veh\u00edculos de \u00faltima generaci\u00f3n que se adapta a las necesidades de tu grupo.\" \/>\n<meta property=\"og:url\" content=\"https:\/\/walkingranada.com\/fr\/transferts\/voyage-en-groupe\/\" \/>\n<meta property=\"og:site_name\" content=\"Walk in Granada\" \/>\n<meta property=\"article:publisher\" content=\"https:\/\/es-es.facebook.com\/walkingranadatour\/\" \/>\n<meta property=\"article:modified_time\" content=\"2025-05-26T15:52:50+00:00\" \/>\n<meta property=\"og:image\" content=\"https:\/\/walkingranada.com\/wp-content\/uploads\/2022\/10\/Rectangle-38-2.png\" \/>\n<meta name=\"twitter:card\" content=\"summary_large_image\" \/>\n<meta name=\"twitter:site\" content=\"@walkingranada\" \/>\n<meta name=\"twitter:label1\" content=\"Dur\u00e9e de lecture estim\u00e9e\" \/>\n\t<meta name=\"twitter:data1\" content=\"3 minutes\" \/>\n<script type=\"application\/ld+json\" class=\"yoast-schema-graph\">{\"@context\":\"https:\\\/\\\/schema.org\",\"@graph\":[{\"@type\":\"WebPage\",\"@id\":\"https:\\\/\\\/walkingranada.com\\\/transfers\\\/transfer-para-grupos\\\/\",\"url\":\"https:\\\/\\\/walkingranada.com\\\/transfers\\\/transfer-para-grupos\\\/\",\"name\":\"Transfers para grupos - Walk in Granada\",\"isPartOf\":{\"@id\":\"https:\\\/\\\/walkingranada.com\\\/#website\"},\"primaryImageOfPage\":{\"@id\":\"https:\\\/\\\/walkingranada.com\\\/transfers\\\/transfer-para-grupos\\\/#primaryimage\"},\"image\":{\"@id\":\"https:\\\/\\\/walkingranada.com\\\/transfers\\\/transfer-para-grupos\\\/#primaryimage\"},\"thumbnailUrl\":\"https:\\\/\\\/walkingranada.com\\\/wp-content\\\/uploads\\\/2022\\\/10\\\/Rectangle-38-2.png\",\"datePublished\":\"2023-01-30T11:40:39+00:00\",\"dateModified\":\"2025-05-26T15:52:50+00:00\",\"description\":\"Walk in Granada te ofrece un servicio profesional de traslados en veh\u00edculos de \u00faltima generaci\u00f3n que se adapta a las necesidades de tu grupo.\",\"breadcrumb\":{\"@id\":\"https:\\\/\\\/walkingranada.com\\\/transfers\\\/transfer-para-grupos\\\/#breadcrumb\"},\"inLanguage\":\"fr-FR\",\"potentialAction\":[{\"@type\":\"ReadAction\",\"target\":[\"https:\\\/\\\/walkingranada.com\\\/transfers\\\/transfer-para-grupos\\\/\"]}]},{\"@type\":\"ImageObject\",\"inLanguage\":\"fr-FR\",\"@id\":\"https:\\\/\\\/walkingranada.com\\\/transfers\\\/transfer-para-grupos\\\/#primaryimage\",\"url\":\"https:\\\/\\\/walkingranada.com\\\/wp-content\\\/uploads\\\/2022\\\/10\\\/Rectangle-38-2.png\",\"contentUrl\":\"https:\\\/\\\/walkingranada.com\\\/wp-content\\\/uploads\\\/2022\\\/10\\\/Rectangle-38-2.png\"},{\"@type\":\"BreadcrumbList\",\"@id\":\"https:\\\/\\\/walkingranada.com\\\/transfers\\\/transfer-para-grupos\\\/#breadcrumb\",\"itemListElement\":[{\"@type\":\"ListItem\",\"position\":1,\"name\":\"Portada\",\"item\":\"https:\\\/\\\/walkingranada.com\\\/\"},{\"@type\":\"ListItem\",\"position\":2,\"name\":\"Transfers\",\"item\":\"https:\\\/\\\/walkingranada.com\\\/transfers\\\/\"},{\"@type\":\"ListItem\",\"position\":3,\"name\":\"Transfers para grupos\"}]},{\"@type\":\"WebSite\",\"@id\":\"https:\\\/\\\/walkingranada.com\\\/#website\",\"url\":\"https:\\\/\\\/walkingranada.com\\\/\",\"name\":\"Walk in Granada\",\"description\":\"Turismo responsable\",\"publisher\":{\"@id\":\"https:\\\/\\\/walkingranada.com\\\/#organization\"},\"alternateName\":\"Walk in Granada\",\"potentialAction\":[{\"@type\":\"SearchAction\",\"target\":{\"@type\":\"EntryPoint\",\"urlTemplate\":\"https:\\\/\\\/walkingranada.com\\\/?s={search_term_string}\"},\"query-input\":{\"@type\":\"PropertyValueSpecification\",\"valueRequired\":true,\"valueName\":\"search_term_string\"}}],\"inLanguage\":\"fr-FR\"},{\"@type\":\"Organization\",\"@id\":\"https:\\\/\\\/walkingranada.com\\\/#organization\",\"name\":\"Walk In Granada\",\"alternateName\":\"Walk In Granada\",\"url\":\"https:\\\/\\\/walkingranada.com\\\/\",\"logo\":{\"@type\":\"ImageObject\",\"inLanguage\":\"fr-FR\",\"@id\":\"https:\\\/\\\/walkingranada.com\\\/#\\\/schema\\\/logo\\\/image\\\/\",\"url\":\"https:\\\/\\\/walkingranada.com\\\/wp-content\\\/uploads\\\/2022\\\/12\\\/Logo-Walking.webp\",\"contentUrl\":\"https:\\\/\\\/walkingranada.com\\\/wp-content\\\/uploads\\\/2022\\\/12\\\/Logo-Walking.webp\",\"width\":512,\"height\":512,\"caption\":\"Walk In Granada\"},\"image\":{\"@id\":\"https:\\\/\\\/walkingranada.com\\\/#\\\/schema\\\/logo\\\/image\\\/\"},\"sameAs\":[\"https:\\\/\\\/es-es.facebook.com\\\/walkingranadatour\\\/\",\"https:\\\/\\\/x.com\\\/walkingranada\",\"https:\\\/\\\/www.instagram.com\\\/walkingranada\\\/\"]}]}<\/script>\n<!-- \/ Yoast SEO plugin. -->","yoast_head_json":{"title":"Transferts pour groupes - Walk in Granada","description":"Walk in Granada vous offre un service de transfert professionnel en v\u00e9hicules de derni\u00e8re g\u00e9n\u00e9ration qui s'adapte aux besoins de votre groupe.","robots":{"index":"index","follow":"follow","max-snippet":"max-snippet:-1","max-image-preview":"max-image-preview:large","max-video-preview":"max-video-preview:-1"},"canonical":"https:\/\/walkingranada.com\/fr\/transferts\/voyage-en-groupe\/","og_locale":"fr_FR","og_type":"article","og_title":"Transfers para grupos - Walk in Granada","og_description":"Walk in Granada te ofrece un servicio profesional de traslados en veh\u00edculos de \u00faltima generaci\u00f3n que se adapta a las necesidades de tu grupo.","og_url":"https:\/\/walkingranada.com\/fr\/transferts\/voyage-en-groupe\/","og_site_name":"Walk in Granada","article_publisher":"https:\/\/es-es.facebook.com\/walkingranadatour\/","article_modified_time":"2025-05-26T15:52:50+00:00","og_image":[{"url":"https:\/\/walkingranada.com\/wp-content\/uploads\/2022\/10\/Rectangle-38-2.png","type":"","width":"","height":""}],"twitter_card":"summary_large_image","twitter_site":"@walkingranada","twitter_misc":{"Dur\u00e9e de lecture estim\u00e9e":"3 minutes"},"schema":{"@context":"https:\/\/schema.org","@graph":[{"@type":"WebPage","@id":"https:\/\/walkingranada.com\/transfers\/transfer-para-grupos\/","url":"https:\/\/walkingranada.com\/transfers\/transfer-para-grupos\/","name":"Transferts pour groupes - Walk in Granada","isPartOf":{"@id":"https:\/\/walkingranada.com\/#website"},"primaryImageOfPage":{"@id":"https:\/\/walkingranada.com\/transfers\/transfer-para-grupos\/#primaryimage"},"image":{"@id":"https:\/\/walkingranada.com\/transfers\/transfer-para-grupos\/#primaryimage"},"thumbnailUrl":"https:\/\/walkingranada.com\/wp-content\/uploads\/2022\/10\/Rectangle-38-2.png","datePublished":"2023-01-30T11:40:39+00:00","dateModified":"2025-05-26T15:52:50+00:00","description":"Walk in Granada vous offre un service de transfert professionnel en v\u00e9hicules de derni\u00e8re g\u00e9n\u00e9ration qui s'adapte aux besoins de votre groupe.","breadcrumb":{"@id":"https:\/\/walkingranada.com\/transfers\/transfer-para-grupos\/#breadcrumb"},"inLanguage":"fr-FR","potentialAction":[{"@type":"ReadAction","target":["https:\/\/walkingranada.com\/transfers\/transfer-para-grupos\/"]}]},{"@type":"ImageObject","inLanguage":"fr-FR","@id":"https:\/\/walkingranada.com\/transfers\/transfer-para-grupos\/#primaryimage","url":"https:\/\/walkingranada.com\/wp-content\/uploads\/2022\/10\/Rectangle-38-2.png","contentUrl":"https:\/\/walkingranada.com\/wp-content\/uploads\/2022\/10\/Rectangle-38-2.png"},{"@type":"BreadcrumbList","@id":"https:\/\/walkingranada.com\/transfers\/transfer-para-grupos\/#breadcrumb","itemListElement":[{"@type":"ListItem","position":1,"name":"Portada","item":"https:\/\/walkingranada.com\/"},{"@type":"ListItem","position":2,"name":"Transfers","item":"https:\/\/walkingranada.com\/transfers\/"},{"@type":"ListItem","position":3,"name":"Transfers para grupos"}]},{"@type":"WebSite","@id":"https:\/\/walkingranada.com\/#website","url":"https:\/\/walkingranada.com\/","name":"Walk in Granada","description":"Turismo responsable","publisher":{"@id":"https:\/\/walkingranada.com\/#organization"},"alternateName":"Walk in Granada","potentialAction":[{"@type":"SearchAction","target":{"@type":"EntryPoint","urlTemplate":"https:\/\/walkingranada.com\/?s={search_term_string}"},"query-input":{"@type":"PropertyValueSpecification","valueRequired":true,"valueName":"search_term_string"}}],"inLanguage":"fr-FR"},{"@type":"Organization","@id":"https:\/\/walkingranada.com\/#organization","name":"Walk In Granada","alternateName":"Walk In Granada","url":"https:\/\/walkingranada.com\/","logo":{"@type":"ImageObject","inLanguage":"fr-FR","@id":"https:\/\/walkingranada.com\/#\/schema\/logo\/image\/","url":"https:\/\/walkingranada.com\/wp-content\/uploads\/2022\/12\/Logo-Walking.webp","contentUrl":"https:\/\/walkingranada.com\/wp-content\/uploads\/2022\/12\/Logo-Walking.webp","width":512,"height":512,"caption":"Walk In Granada"},"image":{"@id":"https:\/\/walkingranada.com\/#\/schema\/logo\/image\/"},"sameAs":["https:\/\/es-es.facebook.com\/walkingranadatour\/","https:\/\/x.com\/walkingranada","https:\/\/www.instagram.com\/walkingranada\/"]}]}},"_links":{"self":[{"href":"https:\/\/walkingranada.com\/fr\/wp-json\/wp\/v2\/pages\/3141","targetHints":{"allow":["GET"]}}],"collection":[{"href":"https:\/\/walkingranada.com\/fr\/wp-json\/wp\/v2\/pages"}],"about":[{"href":"https:\/\/walkingranada.com\/fr\/wp-json\/wp\/v2\/types\/page"}],"author":[{"embeddable":true,"href":"https:\/\/walkingranada.com\/fr\/wp-json\/wp\/v2\/users\/2"}],"replies":[{"embeddable":true,"href":"https:\/\/walkingranada.com\/fr\/wp-json\/wp\/v2\/comments?post=3141"}],"version-history":[{"count":1,"href":"https:\/\/walkingranada.com\/fr\/wp-json\/wp\/v2\/pages\/3141\/revisions"}],"predecessor-version":[{"id":6974,"href":"https:\/\/walkingranada.com\/fr\/wp-json\/wp\/v2\/pages\/3141\/revisions\/6974"}],"up":[{"embeddable":true,"href":"https:\/\/walkingranada.com\/fr\/wp-json\/wp\/v2\/pages\/185"}],"wp:attachment":[{"href":"https:\/\/walkingranada.com\/fr\/wp-json\/wp\/v2\/media?parent=3141"}],"curies":[{"name":"wp","href":"https:\/\/api.w.org\/{rel}","templated":true}]}}