{"id":3127,"date":"2023-01-30T11:16:31","date_gmt":"2023-01-30T11:16:31","guid":{"rendered":"https:\/\/factum-omibu.es\/walkin\/?page_id=3127"},"modified":"2023-02-02T14:23:34","modified_gmt":"2023-02-02T14:23:34","slug":"conditions-generales-de-transfert","status":"publish","type":"page","link":"https:\/\/walkingranada.com\/fr\/transfers\/condiciones-generales-de-transfer\/","title":{"rendered":"Conditions g\u00e9n\u00e9rales de transfert"},"content":{"rendered":"<h1>Conditions g\u00e9n\u00e9rales de transfert<\/h1>\r\n<p>Walk In Granada ne sera jamais responsable des vols manqu\u00e9s ou des autres activit\u00e9s r\u00e9serv\u00e9es. Il est de la seule responsabilit\u00e9 du client de conna\u00eetre l'heure de d\u00e9part du vol ou l'heure de d\u00e9but de l'\u00e9v\u00e9nement ou de l'activit\u00e9 r\u00e9serv\u00e9e et de demander le service de ramassage bien \u00e0 l'avance. La dur\u00e9e des transferts peut d\u00e9pendre de l'heure de la journ\u00e9e et de l'intensit\u00e9 du trafic.<\/p>\r\n<ul>\r\n<li>Le temps de trajet entre le centre ville et le <strong>Alhambra<\/strong> nous vous recommandons de demander qu'on vienne vous chercher environ 45 minutes avant le d\u00e9but de la visite.<\/li>\r\n<li>Le temps de trajet entre le centre de Grenade et <strong>A\u00e9roport de Granada<\/strong> est comprise entre 30 et 45 minutes. Nous vous recommandons de demander un ramassage environ 2,5 heures avant le d\u00e9part.<\/li>\r\n<li>Le temps de trajet entre le centre de Grenade et <strong>A\u00e9roport de Malaga<\/strong> est comprise entre 1,5 et 2 heures. Nous vous recommandons de demander un ramassage 3 \u00e0 3,5 heures avant le d\u00e9part.<\/li>\r\n<\/ul>\r\n<p>Il est possible de r\u00e9server des transferts priv\u00e9s dans la ville de Grenade avec un pr\u00e9avis minimum de 72 heures.<\/p>\r\n<h2>Informations compl\u00e9mentaires<\/h2>\r\n<p>Si vous r\u00e9servez un transfert priv\u00e9 et que vous voyagez avec des enfants ou des b\u00e9b\u00e9s, veuillez nous en informer au moment de la r\u00e9servation, afin que nous disposions de si\u00e8ges enfants\/b\u00e9b\u00e9s.<\/p>\r\n<p>Nos v\u00e9hicules ne sont pas adapt\u00e9s. Dans le cas des personnes \u00e0 mobilit\u00e9 r\u00e9duite qui ont besoin d'une assistance professionnelle, de v\u00e9hicules adapt\u00e9s et\/ou de porte-bagages suppl\u00e9mentaires (par exemple, des fauteuils roulants), veuillez nous envoyer un e-mail \u00e0 <a href=\"mailto:info@walkingranada.com\">info@walkingranada.com<\/a> pour des informations sur la disponibilit\u00e9 et les suppl\u00e9ments.<\/p>\r\n<h2>Politique en mati\u00e8re de bagages<\/h2>\r\n<p>Walk in Granada no se har\u00e1 cargo de posible p\u00e9rdida de equipajes, siendo cada cliente responsable de sus objetos personales durante los servicios de transfer.<\/p>\r\n<p>Cada pasajero puede llevar un equipaje de tama\u00f1o normal y una peque\u00f1a bolsa (por ejemplo: mochila, bolsa de ordenador port\u00e1til, bolsa de c\u00e1mara).<\/p>\r\n<p>El equipaje excesivo o demasiado grande puede estar sujeto a restricciones. Por favor, inf\u00f3rmenos en el momento de la reserva para confirmar si su exceso de equipaje es aceptable.<\/p>\r\n<h2>Temps d'attente<\/h2>\r\n<p>Dans les transferts priv\u00e9s, le chauffeur vous attendra avec un panneau portant votre nom. Le chauffeur attend jusqu'\u00e0 10-15 minutes apr\u00e8s l'heure convenue indiqu\u00e9e sur le bon de confirmation. Si votre retard est plus important, veuillez contacter \u00e0 l'avance le num\u00e9ro de t\u00e9l\u00e9phone figurant sur le bon de confirmation. Si les clients ne se pr\u00e9sentent pas au point de rencontre convenu ou ne contactent pas le num\u00e9ro de t\u00e9l\u00e9phone du chauffeur, le service sera consid\u00e9r\u00e9 comme un NO SHOW et aucun remboursement ne sera effectu\u00e9 dans ce cas.<\/p>\r\n<h2>Politique d\u2019annulation<\/h2>\r\n<p>Los precios de nuestros productos est\u00e1n sujetos a cambio sin aviso.<\/p>\r\n<p>Nous nous r\u00e9servons le droit de modifier ou d\u2019interrompre le Service (ou quelconque autre partie du contenu) \u00e0 quelconque moment sans pr\u00e9avis.<\/p>\r\n<p>No seremos responsables ante usted o alguna tercera parte por cualquier modificaci\u00f3n, cambio de precio, suspensi\u00f3n o discontinuidad del Servicio.<\/p>\r\n<p><img decoding=\"async\" loading=\"lazy\" src=\"https:\/\/walkingranada.com\/wp-content\/uploads\/2022\/10\/Rectangle-48.png\" alt=\"\" \/><\/p>\r\n<p>Tickets de bus<\/p>\r\n<p><img decoding=\"async\" loading=\"lazy\" src=\"https:\/\/walkingranada.com\/wp-content\/uploads\/2022\/10\/Rectangle-38-2.png\" alt=\"\" \/><\/p>\r\n<p>Transfert <br \/>priv\u00e9 de luxe<\/p>\r\n<p><img decoding=\"async\" loading=\"lazy\" src=\"https:\/\/walkingranada.com\/wp-content\/uploads\/2022\/10\/Rectangle-36-2.png\" alt=\"\" \/><\/p>\r\n<p>Voyage en groupe<\/p>\r\n<h3>Tambi\u00e9n puedes reservar nuestros otros servicios&#8230;<\/h3>\r\n<p><img decoding=\"async\" loading=\"lazy\" src=\"https:\/\/walkingranada.com\/wp-content\/uploads\/2022\/10\/Rectangle-42.png\" alt=\"\" \/><\/p>\r\n<h3>Flamenco<\/h3>\r\n<p><img decoding=\"async\" loading=\"lazy\" src=\"https:\/\/walkingranada.com\/wp-content\/uploads\/2022\/10\/Rectangle-43.png\" alt=\"\" \/><\/p>\r\n<h3>Hammam <br \/>Al-\u00e1ndalus<\/h3>\r\n<p><img decoding=\"async\" loading=\"lazy\" src=\"https:\/\/walkingranada.com\/wp-content\/uploads\/2022\/10\/Rectangle-45.png\" alt=\"\" \/><\/p>\r\n<h3>excursions <br \/>d\u2019une journ\u00e9e<\/h3>\r\n<p><img decoding=\"async\" loading=\"lazy\" src=\"https:\/\/walkingranada.com\/wp-content\/uploads\/2022\/10\/Rectangle-38.png\" alt=\"\" \/><\/p>\r\n<h3>Route olfactif<\/h3>","protected":false},"excerpt":{"rendered":"<p>Condiciones generales de transfer Walk In Granada nunca se har\u00e1 cargo de p\u00e9rdida de vuelos u otras actividades reservadas. El cliente ser\u00e1 el \u00fanico responsable de conocer la hora de salida del vuelo o el inicio del evento o actividad reservada y solicitar el servicio de recogida con el tiempo de antelaci\u00f3n suficiente. La duraci\u00f3n &#8230; <a title=\"Conditions g\u00e9n\u00e9rales de transfert\" class=\"read-more\" href=\"https:\/\/walkingranada.com\/fr\/transfers\/condiciones-generales-de-transfer\/\" aria-label=\"En savoir plus sur Condiciones generales de transfer\">Lire la suite<\/a><\/p>","protected":false},"author":2,"featured_media":0,"parent":185,"menu_order":0,"comment_status":"closed","ping_status":"closed","template":"","meta":{"footnotes":""},"class_list":["post-3127","page","type-page","status-publish"],"yoast_head":"<!-- This site is optimized with the Yoast SEO plugin v27.5 - https:\/\/yoast.com\/product\/yoast-seo-wordpress\/ -->\n<title>Condiciones Generales Transfers<\/title>\n<meta name=\"description\" content=\"Es posible reservar traslados privados en Granada ciudad con un m\u00ednimo de 72 horas de antelaci\u00f3n. Consulta las condiciones.\" \/>\n<meta name=\"robots\" content=\"index, follow, max-snippet:-1, max-image-preview:large, max-video-preview:-1\" \/>\n<link rel=\"canonical\" href=\"https:\/\/walkingranada.com\/fr\/transferts\/conditions-generales-de-transfert\/\" \/>\n<meta property=\"og:locale\" content=\"fr_FR\" \/>\n<meta property=\"og:type\" content=\"article\" \/>\n<meta property=\"og:title\" content=\"Condiciones Generales Transfers\" \/>\n<meta property=\"og:description\" content=\"Es posible reservar traslados privados en Granada ciudad con un m\u00ednimo de 72 horas de antelaci\u00f3n. Consulta las condiciones.\" \/>\n<meta property=\"og:url\" content=\"https:\/\/walkingranada.com\/fr\/transferts\/conditions-generales-de-transfert\/\" \/>\n<meta property=\"og:site_name\" content=\"Walk in Granada\" \/>\n<meta property=\"article:publisher\" content=\"https:\/\/es-es.facebook.com\/walkingranadatour\/\" \/>\n<meta property=\"article:modified_time\" content=\"2023-02-02T14:23:34+00:00\" \/>\n<meta property=\"og:image\" content=\"https:\/\/walkingranada.com\/wp-content\/uploads\/2022\/10\/Rectangle-48.png\" \/>\n<meta name=\"twitter:card\" content=\"summary_large_image\" \/>\n<meta name=\"twitter:site\" content=\"@walkingranada\" \/>\n<meta name=\"twitter:label1\" content=\"Dur\u00e9e de lecture estim\u00e9e\" \/>\n\t<meta name=\"twitter:data1\" content=\"4 minutes\" \/>\n<script type=\"application\/ld+json\" class=\"yoast-schema-graph\">{\"@context\":\"https:\\\/\\\/schema.org\",\"@graph\":[{\"@type\":\"WebPage\",\"@id\":\"https:\\\/\\\/walkingranada.com\\\/transfers\\\/condiciones-generales-de-transfer\\\/\",\"url\":\"https:\\\/\\\/walkingranada.com\\\/transfers\\\/condiciones-generales-de-transfer\\\/\",\"name\":\"Condiciones Generales Transfers\",\"isPartOf\":{\"@id\":\"https:\\\/\\\/walkingranada.com\\\/#website\"},\"primaryImageOfPage\":{\"@id\":\"https:\\\/\\\/walkingranada.com\\\/transfers\\\/condiciones-generales-de-transfer\\\/#primaryimage\"},\"image\":{\"@id\":\"https:\\\/\\\/walkingranada.com\\\/transfers\\\/condiciones-generales-de-transfer\\\/#primaryimage\"},\"thumbnailUrl\":\"https:\\\/\\\/walkingranada.com\\\/wp-content\\\/uploads\\\/2022\\\/10\\\/Rectangle-48.png\",\"datePublished\":\"2023-01-30T11:16:31+00:00\",\"dateModified\":\"2023-02-02T14:23:34+00:00\",\"description\":\"Es posible reservar traslados privados en Granada ciudad con un m\u00ednimo de 72 horas de antelaci\u00f3n. Consulta las condiciones.\",\"breadcrumb\":{\"@id\":\"https:\\\/\\\/walkingranada.com\\\/transfers\\\/condiciones-generales-de-transfer\\\/#breadcrumb\"},\"inLanguage\":\"fr-FR\",\"potentialAction\":[{\"@type\":\"ReadAction\",\"target\":[\"https:\\\/\\\/walkingranada.com\\\/transfers\\\/condiciones-generales-de-transfer\\\/\"]}]},{\"@type\":\"ImageObject\",\"inLanguage\":\"fr-FR\",\"@id\":\"https:\\\/\\\/walkingranada.com\\\/transfers\\\/condiciones-generales-de-transfer\\\/#primaryimage\",\"url\":\"https:\\\/\\\/walkingranada.com\\\/wp-content\\\/uploads\\\/2022\\\/10\\\/Rectangle-48.png\",\"contentUrl\":\"https:\\\/\\\/walkingranada.com\\\/wp-content\\\/uploads\\\/2022\\\/10\\\/Rectangle-48.png\"},{\"@type\":\"BreadcrumbList\",\"@id\":\"https:\\\/\\\/walkingranada.com\\\/transfers\\\/condiciones-generales-de-transfer\\\/#breadcrumb\",\"itemListElement\":[{\"@type\":\"ListItem\",\"position\":1,\"name\":\"Portada\",\"item\":\"https:\\\/\\\/walkingranada.com\\\/\"},{\"@type\":\"ListItem\",\"position\":2,\"name\":\"Transfers\",\"item\":\"https:\\\/\\\/walkingranada.com\\\/transfers\\\/\"},{\"@type\":\"ListItem\",\"position\":3,\"name\":\"Condiciones generales de transfer\"}]},{\"@type\":\"WebSite\",\"@id\":\"https:\\\/\\\/walkingranada.com\\\/#website\",\"url\":\"https:\\\/\\\/walkingranada.com\\\/\",\"name\":\"Walk in Granada\",\"description\":\"Turismo responsable\",\"publisher\":{\"@id\":\"https:\\\/\\\/walkingranada.com\\\/#organization\"},\"alternateName\":\"Walk in Granada\",\"potentialAction\":[{\"@type\":\"SearchAction\",\"target\":{\"@type\":\"EntryPoint\",\"urlTemplate\":\"https:\\\/\\\/walkingranada.com\\\/?s={search_term_string}\"},\"query-input\":{\"@type\":\"PropertyValueSpecification\",\"valueRequired\":true,\"valueName\":\"search_term_string\"}}],\"inLanguage\":\"fr-FR\"},{\"@type\":\"Organization\",\"@id\":\"https:\\\/\\\/walkingranada.com\\\/#organization\",\"name\":\"Walk In Granada\",\"alternateName\":\"Walk In Granada\",\"url\":\"https:\\\/\\\/walkingranada.com\\\/\",\"logo\":{\"@type\":\"ImageObject\",\"inLanguage\":\"fr-FR\",\"@id\":\"https:\\\/\\\/walkingranada.com\\\/#\\\/schema\\\/logo\\\/image\\\/\",\"url\":\"https:\\\/\\\/walkingranada.com\\\/wp-content\\\/uploads\\\/2022\\\/12\\\/Logo-Walking.webp\",\"contentUrl\":\"https:\\\/\\\/walkingranada.com\\\/wp-content\\\/uploads\\\/2022\\\/12\\\/Logo-Walking.webp\",\"width\":512,\"height\":512,\"caption\":\"Walk In Granada\"},\"image\":{\"@id\":\"https:\\\/\\\/walkingranada.com\\\/#\\\/schema\\\/logo\\\/image\\\/\"},\"sameAs\":[\"https:\\\/\\\/es-es.facebook.com\\\/walkingranadatour\\\/\",\"https:\\\/\\\/x.com\\\/walkingranada\",\"https:\\\/\\\/www.instagram.com\\\/walkingranada\\\/\"]}]}<\/script>\n<!-- \/ Yoast SEO plugin. -->","yoast_head_json":{"title":"Conditions g\u00e9n\u00e9rales des transferts","description":"Il est possible de r\u00e9server des transferts priv\u00e9s dans la ville de Grenade avec un minimum de 72 heures \u00e0 l'avance. Veuillez consulter les conditions.","robots":{"index":"index","follow":"follow","max-snippet":"max-snippet:-1","max-image-preview":"max-image-preview:large","max-video-preview":"max-video-preview:-1"},"canonical":"https:\/\/walkingranada.com\/fr\/transferts\/conditions-generales-de-transfert\/","og_locale":"fr_FR","og_type":"article","og_title":"Condiciones Generales Transfers","og_description":"Es posible reservar traslados privados en Granada ciudad con un m\u00ednimo de 72 horas de antelaci\u00f3n. Consulta las condiciones.","og_url":"https:\/\/walkingranada.com\/fr\/transferts\/conditions-generales-de-transfert\/","og_site_name":"Walk in Granada","article_publisher":"https:\/\/es-es.facebook.com\/walkingranadatour\/","article_modified_time":"2023-02-02T14:23:34+00:00","og_image":[{"url":"https:\/\/walkingranada.com\/wp-content\/uploads\/2022\/10\/Rectangle-48.png","type":"","width":"","height":""}],"twitter_card":"summary_large_image","twitter_site":"@walkingranada","twitter_misc":{"Dur\u00e9e de lecture estim\u00e9e":"4 minutes"},"schema":{"@context":"https:\/\/schema.org","@graph":[{"@type":"WebPage","@id":"https:\/\/walkingranada.com\/transfers\/condiciones-generales-de-transfer\/","url":"https:\/\/walkingranada.com\/transfers\/condiciones-generales-de-transfer\/","name":"Conditions g\u00e9n\u00e9rales des transferts","isPartOf":{"@id":"https:\/\/walkingranada.com\/#website"},"primaryImageOfPage":{"@id":"https:\/\/walkingranada.com\/transfers\/condiciones-generales-de-transfer\/#primaryimage"},"image":{"@id":"https:\/\/walkingranada.com\/transfers\/condiciones-generales-de-transfer\/#primaryimage"},"thumbnailUrl":"https:\/\/walkingranada.com\/wp-content\/uploads\/2022\/10\/Rectangle-48.png","datePublished":"2023-01-30T11:16:31+00:00","dateModified":"2023-02-02T14:23:34+00:00","description":"Il est possible de r\u00e9server des transferts priv\u00e9s dans la ville de Grenade avec un minimum de 72 heures \u00e0 l'avance. Veuillez consulter les conditions.","breadcrumb":{"@id":"https:\/\/walkingranada.com\/transfers\/condiciones-generales-de-transfer\/#breadcrumb"},"inLanguage":"fr-FR","potentialAction":[{"@type":"ReadAction","target":["https:\/\/walkingranada.com\/transfers\/condiciones-generales-de-transfer\/"]}]},{"@type":"ImageObject","inLanguage":"fr-FR","@id":"https:\/\/walkingranada.com\/transfers\/condiciones-generales-de-transfer\/#primaryimage","url":"https:\/\/walkingranada.com\/wp-content\/uploads\/2022\/10\/Rectangle-48.png","contentUrl":"https:\/\/walkingranada.com\/wp-content\/uploads\/2022\/10\/Rectangle-48.png"},{"@type":"BreadcrumbList","@id":"https:\/\/walkingranada.com\/transfers\/condiciones-generales-de-transfer\/#breadcrumb","itemListElement":[{"@type":"ListItem","position":1,"name":"Portada","item":"https:\/\/walkingranada.com\/"},{"@type":"ListItem","position":2,"name":"Transfers","item":"https:\/\/walkingranada.com\/transfers\/"},{"@type":"ListItem","position":3,"name":"Condiciones generales de transfer"}]},{"@type":"WebSite","@id":"https:\/\/walkingranada.com\/#website","url":"https:\/\/walkingranada.com\/","name":"Walk in Granada","description":"Turismo responsable","publisher":{"@id":"https:\/\/walkingranada.com\/#organization"},"alternateName":"Walk in Granada","potentialAction":[{"@type":"SearchAction","target":{"@type":"EntryPoint","urlTemplate":"https:\/\/walkingranada.com\/?s={search_term_string}"},"query-input":{"@type":"PropertyValueSpecification","valueRequired":true,"valueName":"search_term_string"}}],"inLanguage":"fr-FR"},{"@type":"Organization","@id":"https:\/\/walkingranada.com\/#organization","name":"Walk In Granada","alternateName":"Walk In Granada","url":"https:\/\/walkingranada.com\/","logo":{"@type":"ImageObject","inLanguage":"fr-FR","@id":"https:\/\/walkingranada.com\/#\/schema\/logo\/image\/","url":"https:\/\/walkingranada.com\/wp-content\/uploads\/2022\/12\/Logo-Walking.webp","contentUrl":"https:\/\/walkingranada.com\/wp-content\/uploads\/2022\/12\/Logo-Walking.webp","width":512,"height":512,"caption":"Walk In Granada"},"image":{"@id":"https:\/\/walkingranada.com\/#\/schema\/logo\/image\/"},"sameAs":["https:\/\/es-es.facebook.com\/walkingranadatour\/","https:\/\/x.com\/walkingranada","https:\/\/www.instagram.com\/walkingranada\/"]}]}},"_links":{"self":[{"href":"https:\/\/walkingranada.com\/fr\/wp-json\/wp\/v2\/pages\/3127","targetHints":{"allow":["GET"]}}],"collection":[{"href":"https:\/\/walkingranada.com\/fr\/wp-json\/wp\/v2\/pages"}],"about":[{"href":"https:\/\/walkingranada.com\/fr\/wp-json\/wp\/v2\/types\/page"}],"author":[{"embeddable":true,"href":"https:\/\/walkingranada.com\/fr\/wp-json\/wp\/v2\/users\/2"}],"replies":[{"embeddable":true,"href":"https:\/\/walkingranada.com\/fr\/wp-json\/wp\/v2\/comments?post=3127"}],"version-history":[{"count":0,"href":"https:\/\/walkingranada.com\/fr\/wp-json\/wp\/v2\/pages\/3127\/revisions"}],"up":[{"embeddable":true,"href":"https:\/\/walkingranada.com\/fr\/wp-json\/wp\/v2\/pages\/185"}],"wp:attachment":[{"href":"https:\/\/walkingranada.com\/fr\/wp-json\/wp\/v2\/media?parent=3127"}],"curies":[{"name":"wp","href":"https:\/\/api.w.org\/{rel}","templated":true}]}}