{"id":195,"date":"2022-10-21T07:19:42","date_gmt":"2022-10-21T07:19:42","guid":{"rendered":"https:\/\/factum-omibu.es\/walkin\/?page_id=195"},"modified":"2025-03-27T09:18:57","modified_gmt":"2025-03-27T09:18:57","slug":"esentiel-granada","status":"publish","type":"page","link":"https:\/\/walkingranada.com\/fr\/free-tour-granada\/granada-esencial\/","title":{"rendered":"Free tour l'essentiel de Granada"},"content":{"rendered":"<p>Free Tour &gt; L'essentiel de Granada<\/p>\n\t<!-- FareHarbor calendar of item #212690 -->\n<h1>\n\t\tFREE TOUR L'ESSENTIEL DE GRANADA\n\t<\/h1>\n        <a href=\"#encuentro\">\n            <img decoding=\"async\" loading=\"lazy\" src=\"https:\/\/walkingranada.com\/wp-content\/uploads\/2022\/10\/fi-rr-marker.png\" alt=\"Plaza nueva\"\/>\n            <p>Plaza nueva <img decoding=\"async\" loading=\"lazy\" src=\"https:\/\/walkingranada.com\/wp-content\/uploads\/2022\/10\/\ud83e\udd86-icon-_Info-Circle_.png\" alt=\"informaci\u00f3n\"\/><\/p>\n        <\/a>\n        <img decoding=\"async\" loading=\"lazy\" src=\"https:\/\/walkingranada.com\/wp-content\/uploads\/2022\/10\/fi-rr-umbrella.png\" alt=\"Regardez le parapluie rouge\"\/>\n        <p>Regardez le parapluie rouge<\/p>\n        <img decoding=\"async\" loading=\"lazy\" src=\"https:\/\/walkingranada.com\/wp-content\/uploads\/2022\/10\/fi-rr-chat-arrow-grow.png\" alt=\"Difficult\u00e9 basse\"\/>\n        <p>Difficult\u00e9 basse<\/p>\n        <img decoding=\"async\" loading=\"lazy\" src=\"https:\/\/walkingranada.com\/wp-content\/uploads\/2022\/10\/fi-rr-map.png\" alt=\"Ville\"\/>\n        <p>Ville<\/p>\n        <img decoding=\"async\" loading=\"lazy\" src=\"https:\/\/walkingranada.com\/wp-content\/uploads\/2022\/12\/accesibilidad_.png\" alt=\"Accessibilit\u00e9 limit\u00e9e\"\/>\n        <p>Accessibilit\u00e9 limit\u00e9e<\/p>\n        <img decoding=\"async\" loading=\"lazy\" src=\"https:\/\/walkingranada.com\/wp-content\/uploads\/2022\/10\/fi-rr-calendar.png\" alt=\"Tous les jours\"\/>\n        <p>Tous les jours<\/p>\n        <img decoding=\"async\" loading=\"lazy\" src=\"https:\/\/walkingranada.com\/wp-content\/uploads\/2022\/10\/fi-rr-clock.png\" alt=\"11:00 AM\"\/>\n        <p>11:00 AM<\/p>\n        <img decoding=\"async\" loading=\"lazy\" src=\"https:\/\/walkingranada.com\/wp-content\/uploads\/2022\/10\/fi-rr-alarm-clock.png\" alt=\"2,5 HEURES\"\/>\n        <p>2,5 HEURES<\/p>\n        <img decoding=\"async\" loading=\"lazy\" src=\"https:\/\/walkingranada.com\/wp-content\/uploads\/2022\/10\/fi-rr-receipt.png\" alt=\"Vous choisissez le prix\"\/>\n        <p>Vous choisissez le prix<\/p>\n        <img decoding=\"async\" loading=\"lazy\" src=\"https:\/\/walkingranada.com\/wp-content\/uploads\/2022\/10\/fi-rr-comments.png\" alt=\"Espagnol\"\/>\n        <p>Espagnol \/ Anglais<\/p>\n\t<p>Visite guid\u00e9e gratuite de Grenade. Plongez-vous dans l\u2019histoire de la ville de l\u2019Alhambra.<\/p>\n\t<p>Inolvidable free tour por Granada para descubrir las zonas m\u00e1s c\u00e9ntricas y populares de la ciudad, la Catedral, la Capilla Real, la Alcaicer\u00eda&#8230; adem\u00e1s del m\u00edtico barrio del Albaic\u00edn.<\/p>\n\t<p><strong>Important avant de r\u00e9server<\/strong>:<\/p>\n<ul>\n<li class=\"translation-block\">Cette visite s\u2019effectue avec la participation <strong>minimum de 5 adultes<\/strong>.<\/li>\n<li class=\"translation-block\">Le <strong>nombre maximum de personnes<\/strong> autoris\u00e9es par r\u00e9servation est de <strong>huit<\/strong>. Pour les groupes plus importants souhaitant participer \u00e0 cette visite, une r\u00e9servation doit \u00eatre faite pour une <a href=\"https:\/\/walkingranada.com\/fr\/visites-guidees\/centre-historique-albaicin\/\" target=\"_self\">visite priv\u00e9e<\/a>.<\/li>\n<\/ul>\n<h2>\n\t\tPoint de rencontre\n\t<\/h2>\n\t\t\t\t<img decoding=\"async\" loading=\"lazy\" src=\"https:\/\/walkingranada.com\/wp-content\/uploads\/2023\/01\/fuente-plaza-nueva.webp\" alt=\"fuente-plaza-nueva\" itemprop=\"image\" height=\"398\" width=\"711\" title=\"fuente-plaza-nueva\" onerror=\"this.style.display='none'\"  \/>\n<h3>\n\t\tFuente frente a la farmacia en Plaza Nueva, nos reconocer\u00e1s por nuestro paraguas Rojo\n\t<\/h3>\n\t<p>Avez-vous besoin d'indications pour vous y rendre ?<\/p>\n\t\t\t<a href=\"#reserva\" target=\"_self\">\n\t\t\t\t\t\t\tR\u00e9server &gt;\n\t\t\t\t\t<\/a>\n\t\t\t<a href=\"https:\/\/walkingranada.com\/fr\/comment-acceder-a-plaza-nueva\/\" target=\"_self\">\n\t\t\t\t\t\t\tComment s'y rendre ? &gt;\n\t\t\t\t\t<\/a>\n<h2>\n\t\tRecommandations\n\t<\/h2>\n\t<ol>\n<li>Apportez de l\u2019eau, portez une tenue confortable, pensez \u00e0 la cr\u00e8me solaire.<\/li>\n<li>Cette tour n\u2019est pas accessible en fauteuil roulant.<\/li>\n<li><strong>Service de consigne<\/strong>: Vous avez besoin d\u2019un endroit pour laisser vos sacs pendant la visite ? Vous pouvez le faire au <strong>City Locker<\/strong> juste \u00e0 c\u00f4t\u00e9 de la Plaza Nueva \u00e0 Carrera del Darro 3. Vous pouvez faire votre r\u00e9servation <a href=\"https:\/\/fareharbor.com\/embeds\/book\/discoveringspain\/items\/181031\/?sheet=217966&amp;asn=walkingranada-euro&amp;asn-ref=Walk%20In%20Granada&amp;full-items=yes&amp;flow=no&amp;language=es&amp;u=95661de6-71d3-47eb-a7f9-e826150f66db&amp;from-ssl=yes&amp;ga=UA-77432324-1,572443075.1663250936%3B&amp;ga4t=AW-756235301,undefined%3B&amp;g4=yes&amp;a=yes&amp;back=https:\/\/walkingranada.com\/free-tour-granada\/tour-granada-esencial\/\">ICI<\/a>.<\/li>\n<\/ol>\n<h2>\n\t\tItin\u00e9raire\n\t<\/h2>\n\t<ul>\n<li>Plaza Nueva<\/li>\n<li>Madraza<\/li>\n<li>Cath\u00e9drale<\/li>\n<li>Chapelle Royale<\/li>\n<li>Place Bib-Rambla<\/li>\n<li>Alcaicer\u00eda<\/li>\n<li>Corral del Carb\u00f3n<\/li>\n<li>San Gregorio<\/li>\n<li>Bas Albaic\u00edn<\/li>\n<\/ul>\n\t<p>Des anecdotes, des l\u00e9gendes, toute l\u2019histoire de la ville \u00e0 port\u00e9e de main. Une exp\u00e9rience qui vous aidera \u00e0 comprendre et \u00e0 vous familiariser \u00e0 la magie du Reigne Nazar\u00ed de Grenade. Laissez-vous surprendre par le contraste de ses rues, et d\u00e9couvrez Grenade gr\u00e2ce \u00e0 des guides locaux, amoureux de leur ville et de l\u2019h\u00e9ritage qu\u2019elle a laiss\u00e9 de deux des plus puissants empires de l\u2019histoire.<\/p>\n<p>Dans ce tour, nous nous perdrons \u00e9galement dans les <strong>magical alleyways of Albaic\u00edn<\/strong>, vous apprendrez tout sur les \u00e9volutions sociales et politiques apr\u00e8s la Reconquista, et vous d\u00e9couvrirez ce \u00e0 quoi ressemblait la vie des habitants pendant les diff\u00e9rentes p\u00e9riodes de l\u2019histoire de Grenade. Ce tour vous emm\u00e8nera dans les endroits les plus embl\u00e9matiques de ce qui est probablement le quartier le plus charmant d\u2019Espagne. Un parcours complet qui vous s\u00e9duira et vous fera tomber sous le charme de cette ville extraordinaire.<\/p>\n<p>Ne manquez pas l'occasion de faire cette magnifique activit\u00e9 \u00e0 Granada. Nous proposons des visites tous les matins et \u00e9galement des visites libres l'apr\u00e8s-midi.<\/p>\n<p><strong>Vivez vous aussi l\u2019histoire de Granada!<\/strong><\/p>\n<h2>\n\t\tTambi\u00e9n puedes reservar nuestros otros free tours&#8230;\n\t<\/h2>\n<h2>\n\t\tTambi\u00e9n puedes reservar nuestros otros servicios&#8230;\n\t<\/h2>\n\t<a href=\"https:\/\/walkingranada.com\/fr\/que-faire-a-granada\/flamenco\/\" target=\"_self\"><\/a>\t\t\t<img decoding=\"async\" loading=\"lazy\" alt=\"bailaora flamenca\" src=\"https:\/\/walkingranada.com\/wp-content\/uploads\/2022\/10\/Rectangle-42.png\"\/>\n\t\t<h3>Flamenco<\/h3>\n\t<a href=\"https:\/\/walkingranada.com\/fr\/que-faire-a-granada\/hammam-al-andalus\/\" target=\"_self\"><\/a>\t\t\t<img decoding=\"async\" loading=\"lazy\" alt=\"ba\u00f1os \u00e1rabes\" src=\"https:\/\/walkingranada.com\/wp-content\/uploads\/2022\/10\/Rectangle-43.png\"\/>\n\t\t<h3>Hammam <br \/>Al-\u00e1ndalus<\/h3>\n\t<a href=\"https:\/\/walkingranada.com\/fr\/que-faire-a-granada\/excursions\/\" target=\"_self\"><\/a>\t\t\t<img decoding=\"async\" loading=\"lazy\" alt=\"mezquita de c\u00f3rdoba\" src=\"https:\/\/walkingranada.com\/wp-content\/uploads\/2022\/10\/Rectangle-45.png\"\/>\n\t\t<h3>excursions <br \/>d\u2019une journ\u00e9e<\/h3>\n\t<a href=\"https:\/\/walkingranada.com\/fr\/que-faire-a-granada\/route-olfactif\/\" target=\"_self\"><\/a>\t\t\t<img decoding=\"async\" loading=\"lazy\" alt=\"imagen de una chica joven\" src=\"https:\/\/walkingranada.com\/wp-content\/uploads\/2022\/10\/Rectangle-38.png\"\/>\n\t\t<h3>Route olfactif<\/h3>","protected":false},"excerpt":{"rendered":"<p>Free Tours &gt; Granada Esencial FREE TOUR GRANADA ESENCIAL Plaza nueva Busca el paraguas rojo Dificultad baja Casco urbano Accesibilidad limitada Todos los d\u00edas 11:00 AM 2,5 HORAS T\u00fa pones el precio CASTELLANO \/ INGL\u00c9S Tour guiado en Granada. Sum\u00e9rgete en la historia de la ciudad de la Alhambra. Inolvidable free tour por Granada para &#8230; <a title=\"Free tour l&#039;essentiel de Granada\" class=\"read-more\" href=\"https:\/\/walkingranada.com\/fr\/free-tour-granada\/granada-esencial\/\" aria-label=\"En savoir plus sur Free tour Granada esencial\">Lire la suite<\/a><\/p>","protected":false},"author":2,"featured_media":2203,"parent":81,"menu_order":0,"comment_status":"closed","ping_status":"closed","template":"","meta":{"footnotes":""},"class_list":["post-195","page","type-page","status-publish","has-post-thumbnail"],"yoast_head":"<!-- This site is optimized with the Yoast SEO plugin v27.4 - https:\/\/yoast.com\/product\/yoast-seo-wordpress\/ -->\n<title>Free Tour Granada Esencial - Walk in Granada<\/title>\n<meta name=\"description\" content=\"Con el free tour Granada Esencial conocer\u00e1s la historia de la ciudad visitando el centro hist\u00f3rico y el bajo albaic\u00edn. \u00a1Reserva tu plaza!\" \/>\n<meta name=\"robots\" content=\"index, follow, max-snippet:-1, max-image-preview:large, max-video-preview:-1\" \/>\n<link rel=\"canonical\" href=\"https:\/\/walkingranada.com\/fr\/free-tour-granada\/esentiel-granada\/\" \/>\n<meta property=\"og:locale\" content=\"fr_FR\" \/>\n<meta property=\"og:type\" content=\"article\" \/>\n<meta property=\"og:title\" content=\"Free Tour Granada Esencial - Walk in Granada\" \/>\n<meta property=\"og:description\" content=\"Con el free tour Granada Esencial conocer\u00e1s la historia de la ciudad visitando el centro hist\u00f3rico y el bajo albaic\u00edn. \u00a1Reserva tu plaza!\" \/>\n<meta property=\"og:url\" content=\"https:\/\/walkingranada.com\/fr\/free-tour-granada\/esentiel-granada\/\" \/>\n<meta property=\"og:site_name\" content=\"Walk in Granada\" \/>\n<meta property=\"article:publisher\" content=\"https:\/\/es-es.facebook.com\/walkingranadatour\/\" \/>\n<meta property=\"article:modified_time\" content=\"2025-03-27T09:18:57+00:00\" \/>\n<meta property=\"og:image\" content=\"https:\/\/walkingranada.com\/wp-content\/uploads\/2023\/01\/reyes-catolicos.webp\" \/>\n\t<meta property=\"og:image:width\" content=\"305\" \/>\n\t<meta property=\"og:image:height\" content=\"305\" \/>\n\t<meta property=\"og:image:type\" content=\"image\/webp\" \/>\n<meta name=\"twitter:card\" content=\"summary_large_image\" \/>\n<meta name=\"twitter:site\" content=\"@walkingranada\" \/>\n<meta name=\"twitter:label1\" content=\"Dur\u00e9e de lecture estim\u00e9e\" \/>\n\t<meta name=\"twitter:data1\" content=\"6 minutes\" \/>\n<script type=\"application\/ld+json\" class=\"yoast-schema-graph\">{\"@context\":\"https:\\\/\\\/schema.org\",\"@graph\":[{\"@type\":\"WebPage\",\"@id\":\"https:\\\/\\\/walkingranada.com\\\/free-tour-granada\\\/granada-esencial\\\/\",\"url\":\"https:\\\/\\\/walkingranada.com\\\/free-tour-granada\\\/granada-esencial\\\/\",\"name\":\"Free Tour Granada Esencial - Walk in Granada\",\"isPartOf\":{\"@id\":\"https:\\\/\\\/walkingranada.com\\\/#website\"},\"primaryImageOfPage\":{\"@id\":\"https:\\\/\\\/walkingranada.com\\\/free-tour-granada\\\/granada-esencial\\\/#primaryimage\"},\"image\":{\"@id\":\"https:\\\/\\\/walkingranada.com\\\/free-tour-granada\\\/granada-esencial\\\/#primaryimage\"},\"thumbnailUrl\":\"https:\\\/\\\/walkingranada.com\\\/wp-content\\\/uploads\\\/2023\\\/01\\\/reyes-catolicos.webp\",\"datePublished\":\"2022-10-21T07:19:42+00:00\",\"dateModified\":\"2025-03-27T09:18:57+00:00\",\"description\":\"Con el free tour Granada Esencial conocer\u00e1s la historia de la ciudad visitando el centro hist\u00f3rico y el bajo albaic\u00edn. \u00a1Reserva tu plaza!\",\"breadcrumb\":{\"@id\":\"https:\\\/\\\/walkingranada.com\\\/free-tour-granada\\\/granada-esencial\\\/#breadcrumb\"},\"inLanguage\":\"fr-FR\",\"potentialAction\":[{\"@type\":\"ReadAction\",\"target\":[\"https:\\\/\\\/walkingranada.com\\\/free-tour-granada\\\/granada-esencial\\\/\"]}]},{\"@type\":\"ImageObject\",\"inLanguage\":\"fr-FR\",\"@id\":\"https:\\\/\\\/walkingranada.com\\\/free-tour-granada\\\/granada-esencial\\\/#primaryimage\",\"url\":\"https:\\\/\\\/walkingranada.com\\\/wp-content\\\/uploads\\\/2023\\\/01\\\/reyes-catolicos.webp\",\"contentUrl\":\"https:\\\/\\\/walkingranada.com\\\/wp-content\\\/uploads\\\/2023\\\/01\\\/reyes-catolicos.webp\",\"width\":305,\"height\":305,\"caption\":\"reyes cat\u00f3licos freetour Granada\"},{\"@type\":\"BreadcrumbList\",\"@id\":\"https:\\\/\\\/walkingranada.com\\\/free-tour-granada\\\/granada-esencial\\\/#breadcrumb\",\"itemListElement\":[{\"@type\":\"ListItem\",\"position\":1,\"name\":\"Portada\",\"item\":\"https:\\\/\\\/walkingranada.com\\\/\"},{\"@type\":\"ListItem\",\"position\":2,\"name\":\"Free tours\",\"item\":\"https:\\\/\\\/walkingranada.com\\\/free-tour-granada\\\/\"},{\"@type\":\"ListItem\",\"position\":3,\"name\":\"Free tour Granada esencial\"}]},{\"@type\":\"WebSite\",\"@id\":\"https:\\\/\\\/walkingranada.com\\\/#website\",\"url\":\"https:\\\/\\\/walkingranada.com\\\/\",\"name\":\"Walk in Granada\",\"description\":\"Turismo responsable\",\"publisher\":{\"@id\":\"https:\\\/\\\/walkingranada.com\\\/#organization\"},\"alternateName\":\"Walk in Granada\",\"potentialAction\":[{\"@type\":\"SearchAction\",\"target\":{\"@type\":\"EntryPoint\",\"urlTemplate\":\"https:\\\/\\\/walkingranada.com\\\/?s={search_term_string}\"},\"query-input\":{\"@type\":\"PropertyValueSpecification\",\"valueRequired\":true,\"valueName\":\"search_term_string\"}}],\"inLanguage\":\"fr-FR\"},{\"@type\":\"Organization\",\"@id\":\"https:\\\/\\\/walkingranada.com\\\/#organization\",\"name\":\"Walk In Granada\",\"alternateName\":\"Walk In Granada\",\"url\":\"https:\\\/\\\/walkingranada.com\\\/\",\"logo\":{\"@type\":\"ImageObject\",\"inLanguage\":\"fr-FR\",\"@id\":\"https:\\\/\\\/walkingranada.com\\\/#\\\/schema\\\/logo\\\/image\\\/\",\"url\":\"https:\\\/\\\/walkingranada.com\\\/wp-content\\\/uploads\\\/2022\\\/12\\\/Logo-Walking.webp\",\"contentUrl\":\"https:\\\/\\\/walkingranada.com\\\/wp-content\\\/uploads\\\/2022\\\/12\\\/Logo-Walking.webp\",\"width\":512,\"height\":512,\"caption\":\"Walk In Granada\"},\"image\":{\"@id\":\"https:\\\/\\\/walkingranada.com\\\/#\\\/schema\\\/logo\\\/image\\\/\"},\"sameAs\":[\"https:\\\/\\\/es-es.facebook.com\\\/walkingranadatour\\\/\",\"https:\\\/\\\/x.com\\\/walkingranada\",\"https:\\\/\\\/www.instagram.com\\\/walkingranada\\\/\"]}]}<\/script>\n<!-- \/ Yoast SEO plugin. -->","yoast_head_json":{"title":"Free Tour Granada Essentiel - Walk in Granada","description":"Avec le Free Tour Granada Essentiel, vous d\u00e9couvrirez l'histoire de la ville en visitant le centre historique et le bas Albaic\u00edn. R\u00e9servez votre place!","robots":{"index":"index","follow":"follow","max-snippet":"max-snippet:-1","max-image-preview":"max-image-preview:large","max-video-preview":"max-video-preview:-1"},"canonical":"https:\/\/walkingranada.com\/fr\/free-tour-granada\/esentiel-granada\/","og_locale":"fr_FR","og_type":"article","og_title":"Free Tour Granada Esencial - Walk in Granada","og_description":"Con el free tour Granada Esencial conocer\u00e1s la historia de la ciudad visitando el centro hist\u00f3rico y el bajo albaic\u00edn. \u00a1Reserva tu plaza!","og_url":"https:\/\/walkingranada.com\/fr\/free-tour-granada\/esentiel-granada\/","og_site_name":"Walk in Granada","article_publisher":"https:\/\/es-es.facebook.com\/walkingranadatour\/","article_modified_time":"2025-03-27T09:18:57+00:00","og_image":[{"width":305,"height":305,"url":"https:\/\/walkingranada.com\/wp-content\/uploads\/2023\/01\/reyes-catolicos.webp","type":"image\/webp"}],"twitter_card":"summary_large_image","twitter_site":"@walkingranada","twitter_misc":{"Dur\u00e9e de lecture estim\u00e9e":"6 minutes"},"schema":{"@context":"https:\/\/schema.org","@graph":[{"@type":"WebPage","@id":"https:\/\/walkingranada.com\/free-tour-granada\/granada-esencial\/","url":"https:\/\/walkingranada.com\/free-tour-granada\/granada-esencial\/","name":"Free Tour Granada Essentiel - Walk in Granada","isPartOf":{"@id":"https:\/\/walkingranada.com\/#website"},"primaryImageOfPage":{"@id":"https:\/\/walkingranada.com\/free-tour-granada\/granada-esencial\/#primaryimage"},"image":{"@id":"https:\/\/walkingranada.com\/free-tour-granada\/granada-esencial\/#primaryimage"},"thumbnailUrl":"https:\/\/walkingranada.com\/wp-content\/uploads\/2023\/01\/reyes-catolicos.webp","datePublished":"2022-10-21T07:19:42+00:00","dateModified":"2025-03-27T09:18:57+00:00","description":"Avec le Free Tour Granada Essentiel, vous d\u00e9couvrirez l'histoire de la ville en visitant le centre historique et le bas Albaic\u00edn. R\u00e9servez votre place!","breadcrumb":{"@id":"https:\/\/walkingranada.com\/free-tour-granada\/granada-esencial\/#breadcrumb"},"inLanguage":"fr-FR","potentialAction":[{"@type":"ReadAction","target":["https:\/\/walkingranada.com\/free-tour-granada\/granada-esencial\/"]}]},{"@type":"ImageObject","inLanguage":"fr-FR","@id":"https:\/\/walkingranada.com\/free-tour-granada\/granada-esencial\/#primaryimage","url":"https:\/\/walkingranada.com\/wp-content\/uploads\/2023\/01\/reyes-catolicos.webp","contentUrl":"https:\/\/walkingranada.com\/wp-content\/uploads\/2023\/01\/reyes-catolicos.webp","width":305,"height":305,"caption":"reyes cat\u00f3licos freetour Granada"},{"@type":"BreadcrumbList","@id":"https:\/\/walkingranada.com\/free-tour-granada\/granada-esencial\/#breadcrumb","itemListElement":[{"@type":"ListItem","position":1,"name":"Portada","item":"https:\/\/walkingranada.com\/"},{"@type":"ListItem","position":2,"name":"Free tours","item":"https:\/\/walkingranada.com\/free-tour-granada\/"},{"@type":"ListItem","position":3,"name":"Free tour Granada esencial"}]},{"@type":"WebSite","@id":"https:\/\/walkingranada.com\/#website","url":"https:\/\/walkingranada.com\/","name":"Walk in Granada","description":"Turismo responsable","publisher":{"@id":"https:\/\/walkingranada.com\/#organization"},"alternateName":"Walk in Granada","potentialAction":[{"@type":"SearchAction","target":{"@type":"EntryPoint","urlTemplate":"https:\/\/walkingranada.com\/?s={search_term_string}"},"query-input":{"@type":"PropertyValueSpecification","valueRequired":true,"valueName":"search_term_string"}}],"inLanguage":"fr-FR"},{"@type":"Organization","@id":"https:\/\/walkingranada.com\/#organization","name":"Walk In Granada","alternateName":"Walk In Granada","url":"https:\/\/walkingranada.com\/","logo":{"@type":"ImageObject","inLanguage":"fr-FR","@id":"https:\/\/walkingranada.com\/#\/schema\/logo\/image\/","url":"https:\/\/walkingranada.com\/wp-content\/uploads\/2022\/12\/Logo-Walking.webp","contentUrl":"https:\/\/walkingranada.com\/wp-content\/uploads\/2022\/12\/Logo-Walking.webp","width":512,"height":512,"caption":"Walk In Granada"},"image":{"@id":"https:\/\/walkingranada.com\/#\/schema\/logo\/image\/"},"sameAs":["https:\/\/es-es.facebook.com\/walkingranadatour\/","https:\/\/x.com\/walkingranada","https:\/\/www.instagram.com\/walkingranada\/"]}]}},"_links":{"self":[{"href":"https:\/\/walkingranada.com\/fr\/wp-json\/wp\/v2\/pages\/195","targetHints":{"allow":["GET"]}}],"collection":[{"href":"https:\/\/walkingranada.com\/fr\/wp-json\/wp\/v2\/pages"}],"about":[{"href":"https:\/\/walkingranada.com\/fr\/wp-json\/wp\/v2\/types\/page"}],"author":[{"embeddable":true,"href":"https:\/\/walkingranada.com\/fr\/wp-json\/wp\/v2\/users\/2"}],"replies":[{"embeddable":true,"href":"https:\/\/walkingranada.com\/fr\/wp-json\/wp\/v2\/comments?post=195"}],"version-history":[{"count":3,"href":"https:\/\/walkingranada.com\/fr\/wp-json\/wp\/v2\/pages\/195\/revisions"}],"predecessor-version":[{"id":6690,"href":"https:\/\/walkingranada.com\/fr\/wp-json\/wp\/v2\/pages\/195\/revisions\/6690"}],"up":[{"embeddable":true,"href":"https:\/\/walkingranada.com\/fr\/wp-json\/wp\/v2\/pages\/81"}],"wp:featuredmedia":[{"embeddable":true,"href":"https:\/\/walkingranada.com\/fr\/wp-json\/wp\/v2\/media\/2203"}],"wp:attachment":[{"href":"https:\/\/walkingranada.com\/fr\/wp-json\/wp\/v2\/media?parent=195"}],"curies":[{"name":"wp","href":"https:\/\/api.w.org\/{rel}","templated":true}]}}