{"id":1594,"date":"2022-12-27T11:35:55","date_gmt":"2022-12-27T11:35:55","guid":{"rendered":"https:\/\/factum-omibu.es\/walkin\/?page_id=1594"},"modified":"2023-05-22T06:38:29","modified_gmt":"2023-05-22T06:38:29","slug":"comment-rejoindre-a-la-alhambra","status":"publish","type":"page","link":"https:\/\/walkingranada.com\/fr\/como-llegar-a-la-alhambra\/","title":{"rendered":"Como llegar a la Alhambra"},"content":{"rendered":"<h1>COMMENT SE RENDRE \u00c0 L'ALHAMBRA?<\/h1>\r\n<p><a id=\"fl-tabs--label-0\" tabindex=\"0\" role=\"tab\" href=\"#\" data-index=\"0\" aria-selected=\"true\" aria-controls=\"fl-tabs--panel-0\" aria-expanded=\"true\"> <img decoding=\"async\" loading=\"lazy\" src=\"https:\/\/walkingranada.com\/wp-content\/uploads\/2022\/12\/a-pie.png\" alt=\"a pie\" \/>A pied <\/a> <a id=\"fl-tabs--label-1\" tabindex=\"0\" role=\"tab\" href=\"#\" data-index=\"1\" aria-selected=\"false\" aria-controls=\"fl-tabs--panel-1\" aria-expanded=\"false\"> <img decoding=\"async\" loading=\"lazy\" src=\"https:\/\/walkingranada.com\/wp-content\/uploads\/2022\/12\/bus.png\" alt=\"autobus\" \/>Autobus <\/a> <a id=\"fl-tabs--label-2\" tabindex=\"0\" role=\"tab\" href=\"#\" data-index=\"2\" aria-selected=\"false\" aria-controls=\"fl-tabs--panel-2\" aria-expanded=\"false\"> <img decoding=\"async\" loading=\"lazy\" src=\"https:\/\/walkingranada.com\/wp-content\/uploads\/2022\/12\/taxi.png\" alt=\"taxi\" \/>Taxi <\/a> <a id=\"fl-tabs--label-3\" tabindex=\"0\" role=\"tab\" href=\"#\" data-index=\"3\" aria-selected=\"false\" aria-controls=\"fl-tabs--panel-3\" aria-expanded=\"false\"> <img decoding=\"async\" loading=\"lazy\" src=\"https:\/\/walkingranada.com\/wp-content\/uploads\/2022\/12\/coche.png\" alt=\"taxi\" \/>Voiture <\/a> <img decoding=\"async\" loading=\"lazy\" src=\"https:\/\/walkingranada.com\/wp-content\/uploads\/2022\/12\/a-pie.png\" alt=\"a pie\" \/>A pied<\/p>\r\n<p>Depuis la Plaza Nueva, vous devez monter la Cuesta de Gom\u00e9rez. La distance depuis l\u2019entr\u00e9e principale est d'environ 1 150 m\u00e8tres (entre 15 et 20 minutes).<\/p>\r\n<p><img decoding=\"async\" loading=\"lazy\" src=\"https:\/\/walkingranada.com\/wp-content\/uploads\/2022\/12\/bus.png\" alt=\"autobus\" \/>Autobus<\/p>\r\n<p>Les lignes de bus qui font le chemin jusqu\u2019\u00e0 l\u2019Alhambra sont le C30 et C32. L'arr\u00eat de bus se trouve \u00e0 proximit\u00e9 de la Plaza Isabel la Catolica. Le tarif du bus est de 1,40 \u20ac et le trajet dure environ 10 minutes.<\/p>\r\n<p><img decoding=\"async\" loading=\"lazy\" src=\"https:\/\/walkingranada.com\/wp-content\/uploads\/2022\/12\/taxi.png\" alt=\"taxi\" \/>Taxi<\/p>\r\n<p>Les taxis sont une autre option pour aller \u00e0 l\u2019Alhambra. Le co\u00fbt approximatif depuis les diff\u00e9rents quartiers de la ville est compris entre 5,00\u20ac et 10,00\u20ac (T\u00e9l\u00e9-radio-taxi : +34 958 280 654). <a href=\"tel:+34958280654\">+34 958 280 654<\/a>)<\/p>\r\n<p><img decoding=\"async\" loading=\"lazy\" src=\"https:\/\/walkingranada.com\/wp-content\/uploads\/2022\/12\/coche.png\" alt=\"taxi\" \/>Coche El acceso a la Alhambra en coche se realiza por la Ronda Sur (A-395) de la ciudad, ya que el transporte privado no tiene permitido el acceso a la Alhambra desde el centro de la ciudad. Debe dirigirse a la circunvalaci\u00f3n de Granada (N-323 \/ A-44) y tomar la Ronda Sur (A-395) siguiendo las indicaciones en direcci\u00f3n Alhambra.<br \/>Au tunnel Serrallo, utilisez la voie de gauche et prenez la sortie 5A. Au rond-point, prendre \u00e0 gauche l'Avda. de Santa Mar\u00eda de la Alhambra, puis le Camino Viejo del Cementerio jusqu'au panneau indiquant le parking de la Alhambra.<br \/>Des parkings surveill\u00e9s se trouvent \u00e0 quelques m\u00e8tres des guichets, o\u00f9 vous pouvez laisser votre voiture pendant que vous visitez l'Alhambra. Le prix est d'environ 2,50 \u20ac par heure.<\/p>\r\n<h3>Tambi\u00e9n puedes reservar nuestros otros servicios&#8230;<\/h3>\r\n<p><img decoding=\"async\" loading=\"lazy\" src=\"https:\/\/walkingranada.com\/wp-content\/uploads\/2022\/10\/Rectangle-42.png\" alt=\"\" \/><\/p>\r\n<p>Flamenco<\/p>\r\n<p><img decoding=\"async\" loading=\"lazy\" src=\"https:\/\/walkingranada.com\/wp-content\/uploads\/2022\/10\/Rectangle-43.png\" alt=\"\" \/><\/p>\r\n<p>Hammam<br \/>Al-\u00e1ndalus<\/p>\r\n<p><img decoding=\"async\" loading=\"lazy\" src=\"https:\/\/walkingranada.com\/wp-content\/uploads\/2022\/10\/Rectangle-45.png\" alt=\"\" \/><\/p>\r\n<p>Excursions d'une journ\u00e9e<\/p>\r\n<p><img decoding=\"async\" loading=\"lazy\" src=\"https:\/\/walkingranada.com\/wp-content\/uploads\/2022\/10\/Rectangle-38.png\" alt=\"\" \/><\/p>\r\n<p>Route olfactif<\/p>","protected":false},"excerpt":{"rendered":"<p>C\u00f3mo llegar a la Alhambra A pie Autobus Taxi Coche A pie Desde Plaza Nueva hay subir andando por Cuesta de Gom\u00e9rez. La distancia desde hasta el Pabell\u00f3n de entrada es de aproximadamente 1,150 metros (entre 15 y 20 minutos). Autobus Las l\u00edneas de autob\u00fas que hacen el trayecto hasta la Alhambra son C30 y &#8230; <a title=\"Como llegar a la Alhambra\" class=\"read-more\" href=\"https:\/\/walkingranada.com\/fr\/como-llegar-a-la-alhambra\/\" aria-label=\"En savoir plus sur Como llegar a la Alhambra\">Lire la suite<\/a><\/p>","protected":false},"author":2,"featured_media":1156,"parent":0,"menu_order":0,"comment_status":"closed","ping_status":"closed","template":"","meta":{"footnotes":""},"class_list":["post-1594","page","type-page","status-publish","has-post-thumbnail"],"yoast_head":"<!-- This site is optimized with the Yoast SEO plugin v27.5 - https:\/\/yoast.com\/product\/yoast-seo-wordpress\/ -->\n<title>C\u00f3mo llegar a la Alhambra - Walk in Granada<\/title>\n<meta name=\"description\" content=\"C\u00f3mo llegar a la Alhambra: Aqu\u00ed encontrar\u00e1s informaci\u00f3n detallada sobre c\u00f3mo llegar a la Alhambra a pie, en bus o taxi desde cualquier punto.\" \/>\n<meta name=\"robots\" content=\"index, follow, max-snippet:-1, max-image-preview:large, max-video-preview:-1\" \/>\n<link rel=\"canonical\" href=\"https:\/\/walkingranada.com\/fr\/comment-rejoindre-a-la-alhambra\/\" \/>\n<meta property=\"og:locale\" content=\"fr_FR\" \/>\n<meta property=\"og:type\" content=\"article\" \/>\n<meta property=\"og:title\" content=\"C\u00f3mo llegar a la Alhambra - Walk in Granada\" \/>\n<meta property=\"og:description\" content=\"C\u00f3mo llegar a la Alhambra: Aqu\u00ed encontrar\u00e1s informaci\u00f3n detallada sobre c\u00f3mo llegar a la Alhambra a pie, en bus o taxi desde cualquier punto.\" \/>\n<meta property=\"og:url\" content=\"https:\/\/walkingranada.com\/fr\/comment-rejoindre-a-la-alhambra\/\" \/>\n<meta property=\"og:site_name\" content=\"Walk in Granada\" \/>\n<meta property=\"article:publisher\" content=\"https:\/\/es-es.facebook.com\/walkingranadatour\/\" \/>\n<meta property=\"article:modified_time\" content=\"2023-05-22T06:38:29+00:00\" \/>\n<meta property=\"og:image\" content=\"https:\/\/walkingranada.com\/wp-content\/uploads\/2022\/12\/accesible-card.jpg.webp\" \/>\n\t<meta property=\"og:image:width\" content=\"305\" \/>\n\t<meta property=\"og:image:height\" content=\"200\" \/>\n\t<meta property=\"og:image:type\" content=\"image\/jpeg\" \/>\n<meta name=\"twitter:card\" content=\"summary_large_image\" \/>\n<meta name=\"twitter:site\" content=\"@walkingranada\" \/>\n<meta name=\"twitter:label1\" content=\"Dur\u00e9e de lecture estim\u00e9e\" \/>\n\t<meta name=\"twitter:data1\" content=\"4 minutes\" \/>\n<script type=\"application\/ld+json\" class=\"yoast-schema-graph\">{\"@context\":\"https:\\\/\\\/schema.org\",\"@graph\":[{\"@type\":\"WebPage\",\"@id\":\"https:\\\/\\\/walkingranada.com\\\/como-llegar-a-la-alhambra\\\/\",\"url\":\"https:\\\/\\\/walkingranada.com\\\/como-llegar-a-la-alhambra\\\/\",\"name\":\"C\u00f3mo llegar a la Alhambra - Walk in Granada\",\"isPartOf\":{\"@id\":\"https:\\\/\\\/walkingranada.com\\\/#website\"},\"primaryImageOfPage\":{\"@id\":\"https:\\\/\\\/walkingranada.com\\\/como-llegar-a-la-alhambra\\\/#primaryimage\"},\"image\":{\"@id\":\"https:\\\/\\\/walkingranada.com\\\/como-llegar-a-la-alhambra\\\/#primaryimage\"},\"thumbnailUrl\":\"https:\\\/\\\/walkingranada.com\\\/wp-content\\\/uploads\\\/2022\\\/12\\\/accesible-card.jpg.webp\",\"datePublished\":\"2022-12-27T11:35:55+00:00\",\"dateModified\":\"2023-05-22T06:38:29+00:00\",\"description\":\"C\u00f3mo llegar a la Alhambra: Aqu\u00ed encontrar\u00e1s informaci\u00f3n detallada sobre c\u00f3mo llegar a la Alhambra a pie, en bus o taxi desde cualquier punto.\",\"breadcrumb\":{\"@id\":\"https:\\\/\\\/walkingranada.com\\\/como-llegar-a-la-alhambra\\\/#breadcrumb\"},\"inLanguage\":\"fr-FR\",\"potentialAction\":[{\"@type\":\"ReadAction\",\"target\":[\"https:\\\/\\\/walkingranada.com\\\/como-llegar-a-la-alhambra\\\/\"]}]},{\"@type\":\"ImageObject\",\"inLanguage\":\"fr-FR\",\"@id\":\"https:\\\/\\\/walkingranada.com\\\/como-llegar-a-la-alhambra\\\/#primaryimage\",\"url\":\"https:\\\/\\\/walkingranada.com\\\/wp-content\\\/uploads\\\/2022\\\/12\\\/accesible-card.jpg.webp\",\"contentUrl\":\"https:\\\/\\\/walkingranada.com\\\/wp-content\\\/uploads\\\/2022\\\/12\\\/accesible-card.jpg.webp\",\"width\":305,\"height\":200,\"caption\":\"Patio de la Alhambra\"},{\"@type\":\"BreadcrumbList\",\"@id\":\"https:\\\/\\\/walkingranada.com\\\/como-llegar-a-la-alhambra\\\/#breadcrumb\",\"itemListElement\":[{\"@type\":\"ListItem\",\"position\":1,\"name\":\"Portada\",\"item\":\"https:\\\/\\\/walkingranada.com\\\/\"},{\"@type\":\"ListItem\",\"position\":2,\"name\":\"Como llegar a la Alhambra\"}]},{\"@type\":\"WebSite\",\"@id\":\"https:\\\/\\\/walkingranada.com\\\/#website\",\"url\":\"https:\\\/\\\/walkingranada.com\\\/\",\"name\":\"Walk in Granada\",\"description\":\"Turismo responsable\",\"publisher\":{\"@id\":\"https:\\\/\\\/walkingranada.com\\\/#organization\"},\"alternateName\":\"Walk in Granada\",\"potentialAction\":[{\"@type\":\"SearchAction\",\"target\":{\"@type\":\"EntryPoint\",\"urlTemplate\":\"https:\\\/\\\/walkingranada.com\\\/?s={search_term_string}\"},\"query-input\":{\"@type\":\"PropertyValueSpecification\",\"valueRequired\":true,\"valueName\":\"search_term_string\"}}],\"inLanguage\":\"fr-FR\"},{\"@type\":\"Organization\",\"@id\":\"https:\\\/\\\/walkingranada.com\\\/#organization\",\"name\":\"Walk In Granada\",\"alternateName\":\"Walk In Granada\",\"url\":\"https:\\\/\\\/walkingranada.com\\\/\",\"logo\":{\"@type\":\"ImageObject\",\"inLanguage\":\"fr-FR\",\"@id\":\"https:\\\/\\\/walkingranada.com\\\/#\\\/schema\\\/logo\\\/image\\\/\",\"url\":\"https:\\\/\\\/walkingranada.com\\\/wp-content\\\/uploads\\\/2022\\\/12\\\/Logo-Walking.webp\",\"contentUrl\":\"https:\\\/\\\/walkingranada.com\\\/wp-content\\\/uploads\\\/2022\\\/12\\\/Logo-Walking.webp\",\"width\":512,\"height\":512,\"caption\":\"Walk In Granada\"},\"image\":{\"@id\":\"https:\\\/\\\/walkingranada.com\\\/#\\\/schema\\\/logo\\\/image\\\/\"},\"sameAs\":[\"https:\\\/\\\/es-es.facebook.com\\\/walkingranadatour\\\/\",\"https:\\\/\\\/x.com\\\/walkingranada\",\"https:\\\/\\\/www.instagram.com\\\/walkingranada\\\/\"]}]}<\/script>\n<!-- \/ Yoast SEO plugin. -->","yoast_head_json":{"title":"Comment arriver \u00e0 l'Alhambra - Walk in Granada","description":"Comment arriver \u00e0 l'Alhambra : Vous trouverez ici des informations d\u00e9taill\u00e9es sur la fa\u00e7on de vous rendre \u00e0 l'Alhambra \u00e0 pied, en bus ou en taxi depuis n'importe quel point.","robots":{"index":"index","follow":"follow","max-snippet":"max-snippet:-1","max-image-preview":"max-image-preview:large","max-video-preview":"max-video-preview:-1"},"canonical":"https:\/\/walkingranada.com\/fr\/comment-rejoindre-a-la-alhambra\/","og_locale":"fr_FR","og_type":"article","og_title":"C\u00f3mo llegar a la Alhambra - Walk in Granada","og_description":"C\u00f3mo llegar a la Alhambra: Aqu\u00ed encontrar\u00e1s informaci\u00f3n detallada sobre c\u00f3mo llegar a la Alhambra a pie, en bus o taxi desde cualquier punto.","og_url":"https:\/\/walkingranada.com\/fr\/comment-rejoindre-a-la-alhambra\/","og_site_name":"Walk in Granada","article_publisher":"https:\/\/es-es.facebook.com\/walkingranadatour\/","article_modified_time":"2023-05-22T06:38:29+00:00","og_image":[{"width":305,"height":200,"url":"https:\/\/walkingranada.com\/wp-content\/uploads\/2022\/12\/accesible-card.jpg.webp","type":"image\/jpeg"}],"twitter_card":"summary_large_image","twitter_site":"@walkingranada","twitter_misc":{"Dur\u00e9e de lecture estim\u00e9e":"4 minutes"},"schema":{"@context":"https:\/\/schema.org","@graph":[{"@type":"WebPage","@id":"https:\/\/walkingranada.com\/como-llegar-a-la-alhambra\/","url":"https:\/\/walkingranada.com\/como-llegar-a-la-alhambra\/","name":"Comment arriver \u00e0 l'Alhambra - Walk in Granada","isPartOf":{"@id":"https:\/\/walkingranada.com\/#website"},"primaryImageOfPage":{"@id":"https:\/\/walkingranada.com\/como-llegar-a-la-alhambra\/#primaryimage"},"image":{"@id":"https:\/\/walkingranada.com\/como-llegar-a-la-alhambra\/#primaryimage"},"thumbnailUrl":"https:\/\/walkingranada.com\/wp-content\/uploads\/2022\/12\/accesible-card.jpg.webp","datePublished":"2022-12-27T11:35:55+00:00","dateModified":"2023-05-22T06:38:29+00:00","description":"Comment arriver \u00e0 l'Alhambra : Vous trouverez ici des informations d\u00e9taill\u00e9es sur la fa\u00e7on de vous rendre \u00e0 l'Alhambra \u00e0 pied, en bus ou en taxi depuis n'importe quel point.","breadcrumb":{"@id":"https:\/\/walkingranada.com\/como-llegar-a-la-alhambra\/#breadcrumb"},"inLanguage":"fr-FR","potentialAction":[{"@type":"ReadAction","target":["https:\/\/walkingranada.com\/como-llegar-a-la-alhambra\/"]}]},{"@type":"ImageObject","inLanguage":"fr-FR","@id":"https:\/\/walkingranada.com\/como-llegar-a-la-alhambra\/#primaryimage","url":"https:\/\/walkingranada.com\/wp-content\/uploads\/2022\/12\/accesible-card.jpg.webp","contentUrl":"https:\/\/walkingranada.com\/wp-content\/uploads\/2022\/12\/accesible-card.jpg.webp","width":305,"height":200,"caption":"Patio de la Alhambra"},{"@type":"BreadcrumbList","@id":"https:\/\/walkingranada.com\/como-llegar-a-la-alhambra\/#breadcrumb","itemListElement":[{"@type":"ListItem","position":1,"name":"Portada","item":"https:\/\/walkingranada.com\/"},{"@type":"ListItem","position":2,"name":"Como llegar a la Alhambra"}]},{"@type":"WebSite","@id":"https:\/\/walkingranada.com\/#website","url":"https:\/\/walkingranada.com\/","name":"Walk in Granada","description":"Turismo responsable","publisher":{"@id":"https:\/\/walkingranada.com\/#organization"},"alternateName":"Walk in Granada","potentialAction":[{"@type":"SearchAction","target":{"@type":"EntryPoint","urlTemplate":"https:\/\/walkingranada.com\/?s={search_term_string}"},"query-input":{"@type":"PropertyValueSpecification","valueRequired":true,"valueName":"search_term_string"}}],"inLanguage":"fr-FR"},{"@type":"Organization","@id":"https:\/\/walkingranada.com\/#organization","name":"Walk In Granada","alternateName":"Walk In Granada","url":"https:\/\/walkingranada.com\/","logo":{"@type":"ImageObject","inLanguage":"fr-FR","@id":"https:\/\/walkingranada.com\/#\/schema\/logo\/image\/","url":"https:\/\/walkingranada.com\/wp-content\/uploads\/2022\/12\/Logo-Walking.webp","contentUrl":"https:\/\/walkingranada.com\/wp-content\/uploads\/2022\/12\/Logo-Walking.webp","width":512,"height":512,"caption":"Walk In Granada"},"image":{"@id":"https:\/\/walkingranada.com\/#\/schema\/logo\/image\/"},"sameAs":["https:\/\/es-es.facebook.com\/walkingranadatour\/","https:\/\/x.com\/walkingranada","https:\/\/www.instagram.com\/walkingranada\/"]}]}},"_links":{"self":[{"href":"https:\/\/walkingranada.com\/fr\/wp-json\/wp\/v2\/pages\/1594","targetHints":{"allow":["GET"]}}],"collection":[{"href":"https:\/\/walkingranada.com\/fr\/wp-json\/wp\/v2\/pages"}],"about":[{"href":"https:\/\/walkingranada.com\/fr\/wp-json\/wp\/v2\/types\/page"}],"author":[{"embeddable":true,"href":"https:\/\/walkingranada.com\/fr\/wp-json\/wp\/v2\/users\/2"}],"replies":[{"embeddable":true,"href":"https:\/\/walkingranada.com\/fr\/wp-json\/wp\/v2\/comments?post=1594"}],"version-history":[{"count":0,"href":"https:\/\/walkingranada.com\/fr\/wp-json\/wp\/v2\/pages\/1594\/revisions"}],"wp:featuredmedia":[{"embeddable":true,"href":"https:\/\/walkingranada.com\/fr\/wp-json\/wp\/v2\/media\/1156"}],"wp:attachment":[{"href":"https:\/\/walkingranada.com\/fr\/wp-json\/wp\/v2\/media?parent=1594"}],"curies":[{"name":"wp","href":"https:\/\/api.w.org\/{rel}","templated":true}]}}