{"id":1243,"date":"2022-12-20T15:23:38","date_gmt":"2022-12-20T15:23:38","guid":{"rendered":"https:\/\/factum-omibu.es\/walkin\/?page_id=1243"},"modified":"2023-02-09T09:47:20","modified_gmt":"2023-02-09T09:47:20","slug":"faq","status":"publish","type":"page","link":"https:\/\/walkingranada.com\/fr\/preguntas-frecuentes\/","title":{"rendered":"FAQ"},"content":{"rendered":"<h1>\n\t\tFAQ\n\t<\/h1>\n\t\t\t\t\t<a href=\"#\" id=\"fl-accordion--label-0\" tabindex=\"0\" aria-controls=\"fl-accordion--panel-0\">D\u2019o\u00f9 commence le tour?<\/a>\n\t\t\t\t\t\t\t\t\t\t\t<a href=\"#\" id=\"fl-accordion--icon-0\" tabindex=\"0\" aria-controls=\"fl-accordion--panel-0\"><i>Expand<\/i><\/a>\n\t\t\t\t\t<p class=\"translation-block\">Les deux visites gratuites que nous faisons (<a class=\"red\" title=\"Free Tour l'essentielle de Granada\" href=\"https:\/\/walkingranada.com\/fr\/free-tour-granada\/esentiel-granada\/\" target=\"_self\"><strong>L'essentiel de Granada <\/strong><\/a> et <a class=\"red\" title=\"Free Tour Albaic\u00edn et Sacromonte\" href=\"https:\/\/walkingranada.com\/fr\/free-tour-granada\/albaicin-sacromonte\/\" target=\"_self\"><strong>Albaic\u00edn et Sacromonte<\/strong><\/a>, partent de la Plaza Nueva. Vous nous trouverez \u00e0 c\u00f4t\u00e9 de la fontaine ronde au milieu de la place avec un parapluie rouge).<\/p>\n\t\t\t\t\t<a href=\"#\" id=\"fl-accordion--label-1\" tabindex=\"0\" aria-controls=\"fl-accordion--panel-1\">O\u00f9 termine le tour?<\/a>\n\t\t\t\t\t\t\t\t\t\t\t<a href=\"#\" id=\"fl-accordion--icon-1\" tabindex=\"0\" aria-controls=\"fl-accordion--panel-1\"><i>Expand<\/i><\/a>\n\t\t\t\t\tFree Tour <a href=\"https:\/\/walkingranada.com\/fr\/free-tour-granada\/esentiel-granada\/\"><strong>L'essentiel de Granada<\/strong><\/a>: Mirador de Carvajales<br \/>\nFree Tour <a href=\"https:\/\/walkingranada.com\/fr\/free-tour-granada\/albaicin-sacromonte\/\"><strong>Albaic\u00edn et Sacromonte<\/strong><\/a>Sculpture du Chorrohumo dans la Cuesta del Chap\u00edz, (pr\u00e8s du Paseo de los Tristes).<br \/>\n<a href=\"https:\/\/walkingranada.com\/fr\/alhambra\/visite-privee\/\"><strong>Alhambra en groupe <\/strong><\/a> : Dans l\u2019enceinte de l\u2019Alhambra.\n<p>Vous devez garder \u00e0 l\u2019esprit que ces lieux peuvent varier si le guide estime cela opportun ou bien que des \u00e9v\u00e9nements sp\u00e9ciaux ont lieu dans la ville.<\/p>\n\t\t\t\t\t<a href=\"#\" id=\"fl-accordion--label-2\" tabindex=\"0\" aria-controls=\"fl-accordion--panel-2\">Comment puis-je identifier l\u2019agence?<\/a>\n\t\t\t\t\t\t\t\t\t\t\t<a href=\"#\" id=\"fl-accordion--icon-2\" tabindex=\"0\" aria-controls=\"fl-accordion--panel-2\"><i>Expand<\/i><\/a>\n\t\t\t\t\t<p>Pour les tours qui commencent \u00e0 la Plaza Nueva, nous emportons toujours un parapluie rouge avec notre nom inscrit dessus, vous ne pouvez pas le manquer!<\/p>\n\t\t\t\t\t<a href=\"#\" id=\"fl-accordion--label-3\" tabindex=\"0\" aria-controls=\"fl-accordion--panel-3\">Puis-je rejoindre le Tour si j\u2019arrive en retard?<\/a>\n\t\t\t\t\t\t\t\t\t\t\t<a href=\"#\" id=\"fl-accordion--icon-3\" tabindex=\"0\" aria-controls=\"fl-accordion--panel-3\"><i>Expand<\/i><\/a>\n\t\t\t\t\t<p>Cela d\u00e9pend de plusieurs facteurs. En g\u00e9n\u00e9ral, si vous arrivez 5 ou 10 minutes en retard il n\u2019y a pas de probl\u00e8me car le guide est normalement proche du point de rencontre et nous pouvons facilement vous conduire jusqu\u2019\u00e0 lui (il serait convenable que vous nous pr\u00e9veniez dans l\u2019\u00e9ventualit\u00e9 o\u00f9 vous arrivez en retard pour que nous puissions vous attendre au point de rencontre!). Si le retard \u00e9tait de 15 \u00e0 30 minutes, nous pourrions vous indiquer le lieu o\u00f9 le guide devrait \u00eatre avec le groupe pour que vous le cherchiez vous m\u00eames. Si le retard est de plus d\u2019une demi heure, trouver le guide serait trop difficile, et encore plus si vous ne connaissez pas la ville.<\/p>\n<p>Dans le cas du Free Tour du <a href=\"https:\/\/walkingranada.com\/fr\/free-tour-granada\/albaicin-sacromonte\/\"><strong>Albaic\u00edn et Sacromonte<\/strong><\/a>, une fois que le groupe a quitt\u00e9 le point de rencontre, il est pratiquement impossible de le rattraper, donc pour ce tour en particulier, n\u2019arrivez pas en retard!<\/p>\n\t\t\t\t\t<a href=\"#\" id=\"fl-accordion--label-4\" tabindex=\"0\" aria-controls=\"fl-accordion--panel-4\">Qu\u2019est-ce qu\u2019un Free Tour?<\/a>\n\t\t\t\t\t\t\t\t\t\t\t<a href=\"#\" id=\"fl-accordion--icon-4\" tabindex=\"0\" aria-controls=\"fl-accordion--panel-4\"><i>Expand<\/i><\/a>\n\t\t\t\t\t<p>C\u2019est un tour o\u00f9 chacun est libre de donner ce qu\u2019il pense que le tour vaut. Les guides n\u2019ont pas de paiement assign\u00e9, mais c\u2019est \u00e0 chaque participant du groupe de d\u00e9cider combien il pense que le travail du guide a valu, et de lui donner directement \u00e0 la fin du tour.<\/p>\n\t\t\t\t\t<a href=\"#\" id=\"fl-accordion--label-5\" tabindex=\"0\" aria-controls=\"fl-accordion--panel-5\">Combien dois-je donner au guide lors d\u2019un Free Tour?<\/a>\n\t\t\t\t\t\t\t\t\t\t\t<a href=\"#\" id=\"fl-accordion--icon-5\" tabindex=\"0\" aria-controls=\"fl-accordion--panel-5\"><i>Expand<\/i><\/a>\n\t\t\t\t\t<p>Bien qu\u2019il ne soit g\u00e9n\u00e9ralement pas obligatoire de r\u00e9server, il y a certaines dates durant lesquelles nous n\u2019avons pas d\u2019autres choix que de limiter la participation aux personnes qui ont r\u00e9serv\u00e9 au pr\u00e9alable. Ceci se produit sp\u00e9cialement pendant la p\u00e9riode des vacances de P\u00e2ques (Semana Santa), \u00e0 No\u00ebl et durant les autres f\u00eates et jours f\u00e9ri\u00e9s espagnols. La raison de ceci est que nous ne voulons pas surcharger les groupes car la visite perdrait de sa qualit\u00e9: c\u2019est pour ceci que nous fixons un nombre de places limit\u00e9 que nous attribuons aux premiers qui r\u00e9servent.<\/p>\n<p>Pour les autres jours, bien que nous acceptions les personnes qui se pr\u00e9sentent au point de rencontre sans r\u00e9servation, nous pr\u00e9f\u00e9rons et appr\u00e9cions que vous r\u00e9serviez au pr\u00e9alable, pour ainsi avoir une meilleure estimation du nombre de personnes int\u00e9ress\u00e9es et r\u00e9unir plus de guides au cas o\u00f9 ce soit n\u00e9cessaire.<\/p>\n\t\t\t\t\t<a href=\"#\" id=\"fl-accordion--label-6\" tabindex=\"0\" aria-controls=\"fl-accordion--panel-6\">Pourquoi ne pouvons-nous pas nous inscrire \u00e0 un Free Tour si nous sommes un groupe de plus de 8 adultes?<\/a>\n\t\t\t\t\t\t\t\t\t\t\t<a href=\"#\" id=\"fl-accordion--icon-6\" tabindex=\"0\" aria-controls=\"fl-accordion--panel-6\"><i>Expand<\/i><\/a>\n\t\t\t\t\t<p>Il y a diff\u00e9rentes raisons pour lesquelles les grands groupes d\u00e9s\u00e9quilibrent un\u00a0<a title=\"Free Tour en Granada\" href=\"https:\/\/walkingranada.com\/fr\/free-tour-granada\/\"><strong>Free Tour<\/strong><\/a>\u00a0(masificaci\u00f3n, muchas veces hablan entre ellos molestando al resto de participantes&#8230;), pero el motivo m\u00e1s importante es \u00e9ste:<\/p>\n<p>Comme nous l\u2019avons expliqu\u00e9 pr\u00e9c\u00e9demment, dans un\u00a0<a title=\"Free Tour en Granada\"  href=\"https:\/\/walkingranada.com\/fr\/free-tour-granada\/\"><strong>Free Tour<\/strong><\/a>\u00a0le guide ne re\u00e7oit aucun salaire. Ce sont les participants eux m\u00eames qui d\u00e9cident indivisuellement \u00e0 la fin du tour combien ils pensent que celui-ci a valu, et ils le donnent au guide directement. Mais, vous devez consid\u00e9rer que le guide ne garde pas la totalit\u00e9 de ce que vous lui donnez. En effet, pour que le syst\u00e8me se maintienne et puisse continuer de fonctionner, le guide donne \u00e0 son tour une partie de ce gain \u00e0 l\u2019entreprise. La quantit\u00e9 varie en fonction du nombre de participants. Lorsqu\u2019il y a des grands groupes, le guide trouve que la quantit\u00e9 qu\u2019il doit remettre \u00e0 l\u2019entreprise est souvent plus importante que ce que le groupe lui donne (puisque les membres du groupe n\u2019\u00e9valuent pas le tour individuellement, mais en tant que groupe). C\u2019est pour cette raison que, pour prot\u00e9ger nos guides, nous avons mis en place cette norme que les groupes de plus de 8 adultes doivent solliciter un Tour Priv\u00e9, dans lequel le guide re\u00e7oit un salaire fixe pr\u00e9d\u00e9fini.<\/p>\n\t\t\t\t\t<a href=\"#\" id=\"fl-accordion--label-7\" tabindex=\"0\" aria-controls=\"fl-accordion--panel-7\">Quel spectacle de Flamenco me recommandez-vous?<\/a>\n\t\t\t\t\t\t\t\t\t\t\t<a href=\"#\" id=\"fl-accordion--icon-7\" tabindex=\"0\" aria-controls=\"fl-accordion--panel-7\"><i>Expand<\/i><\/a>\n\t\t\t\t\t<p>En prenant en compte plusieurs facteurs tels que la qualit\u00e9 du spectacle, la qualit\u00e9 du lieu, la gestion responsable, l\u2019originalit\u00e9, etc. Les deux lieux que nous appr\u00e9cions le plus \u00e0 Grenade sont\u00a0<strong><a title=\"La Zambra Mar\u00eda la Canastera\" href=\"https:\/\/walkingranada.com\/fr\/experiencias\/flamenco\/#la_zambra_maria_la_canastera\">La Zambra Mar\u00eda la Canastera<\/a><\/strong>\u00a0et\u00a0<a title=\"Jardines de Zoraya\" href=\"https:\/\/walkingranada.com\/fr\/experiencias\/flamenco\/#jardines_de_zoraya\"><strong>Jardines de Zoraya<\/strong><\/a>.<\/p>\n<p><strong><a title=\"La Zambra Mar\u00eda la Canastera\" href=\"https:\/\/walkingranada.com\/fr\/experiencias\/flamenco\/#la_zambra_maria_la_canastera\">La Zambra Mar\u00eda la Canastera<\/a><\/strong>\u00a0offre l\u2019authentique\u00a0<a title=\"Espect\u00e1culos de Flamenco en Granada\" href=\"https:\/\/walkingranada.com\/fr\/experiencias\/flamenco\/\"><strong>Flamenco<\/strong><\/a>\u00a0du Sacromonte dans\u00e9 sur le sol d\u2019une typique grotte, et ce sont les seuls qui repr\u00e9sentent toujours les poteaux typiques de la zone.<\/p>\n<p><a title=\"Jardines de Zoraya\" href=\"https:\/\/walkingranada.com\/fr\/experiencias\/flamenco\/#jardines_de_zoraya\"><strong>Jardines de Zoraya<\/strong><\/a>\u00a0est un \u201ctablao\u201d qui apporte des artistes de grand cach\u00e9 et de plus qui offre (optionnellement) un d\u00eener cuisin\u00e9 avec un grand soin et d\u00e9vouement.<\/p>\n<p>Si vous souhaitez r\u00e9server\u00a0<strong><a title=\"La Zambra Mar\u00eda la Canastera\" href=\"https:\/\/walkingranada.com\/fr\/experiencias\/flamenco\/#la_zambra_maria_la_canastera\">La Zambra Mar\u00eda la Canastera<\/a><\/strong>, \u00e9crivez-nous \u00e0\u00a0<strong><a title=\"Contactez-nous!\" href=\"mailto:info@walkingranada.com\">info@walkingranada.com<\/a><\/strong>\u00a0en nous indiquant quel jour vous aimeriez y aller et combien de personnes vous seriez. Pour\u00a0<a title=\"Jardines de Zoraya\" href=\"https:\/\/walkingranada.com\/fr\/experiencias\/flamenco\/#jardines_de_zoraya\"><strong>Jardines de Zoraya<\/strong><\/a>\u00a0, vous pouvez r\u00e9server vous m\u00eame directement\u00a0<a title=\"Jardines de Zoraya\" href=\"https:\/\/www.mireservaonline.es\/fr\/services\/spectacleflamencogrenade.aspx?p=loiplnhmpnlkijlkmhmilpokqyqnpqjqi\"><strong>ici<\/strong>.<\/a><\/p>","protected":false},"excerpt":{"rendered":"<p>Preguntas frecuentes \u00bfDe d\u00f3nde sale el tour? Expand Los dos Free Tours que hacemos (Granada Esencial y Albaic\u00edn y Sacromonte, salen de Plaza Nueva, nos encontrar\u00e1s al lado de la fuente redonda que hay en medio de la plaza con un paraguas rojo. \u00bfD\u00f3nde termina el tour? Expand Free Tour Granada Esencial: Mirador de Carvajales &#8230; <a title=\"FAQ\" class=\"read-more\" href=\"https:\/\/walkingranada.com\/fr\/preguntas-frecuentes\/\" aria-label=\"En savoir plus sur FAQ\">Lire la suite<\/a><\/p>","protected":false},"author":2,"featured_media":0,"parent":0,"menu_order":0,"comment_status":"closed","ping_status":"closed","template":"","meta":{"footnotes":""},"class_list":["post-1243","page","type-page","status-publish"],"yoast_head":"<!-- This site is optimized with the Yoast SEO plugin v27.5 - https:\/\/yoast.com\/product\/yoast-seo-wordpress\/ -->\n<title>FAQ - Walk in Granada<\/title>\n<meta name=\"description\" content=\"\u00bfTienes dudas sobre nuestros productos o servicios? Aqu\u00ed te detallamos cu\u00e1les son las dudas m\u00e1s habituales de nuestros clientes.\" \/>\n<meta name=\"robots\" content=\"index, follow, max-snippet:-1, max-image-preview:large, max-video-preview:-1\" \/>\n<link rel=\"canonical\" href=\"https:\/\/walkingranada.com\/fr\/faq\/\" \/>\n<meta property=\"og:locale\" content=\"fr_FR\" \/>\n<meta property=\"og:type\" content=\"article\" \/>\n<meta property=\"og:title\" content=\"FAQ - Walk in Granada\" \/>\n<meta property=\"og:description\" content=\"\u00bfTienes dudas sobre nuestros productos o servicios? Aqu\u00ed te detallamos cu\u00e1les son las dudas m\u00e1s habituales de nuestros clientes.\" \/>\n<meta property=\"og:url\" content=\"https:\/\/walkingranada.com\/fr\/faq\/\" \/>\n<meta property=\"og:site_name\" content=\"Walk in Granada\" \/>\n<meta property=\"article:publisher\" content=\"https:\/\/es-es.facebook.com\/walkingranadatour\/\" \/>\n<meta property=\"article:modified_time\" content=\"2023-02-09T09:47:20+00:00\" \/>\n<meta property=\"og:image\" content=\"https:\/\/walkingranada.com\/wp-content\/uploads\/2018\/10\/Walk-In-Granada.png\" \/>\n\t<meta property=\"og:image:width\" content=\"1000\" \/>\n\t<meta property=\"og:image:height\" content=\"1000\" \/>\n\t<meta property=\"og:image:type\" content=\"image\/png\" \/>\n<meta name=\"twitter:card\" content=\"summary_large_image\" \/>\n<meta name=\"twitter:site\" content=\"@walkingranada\" \/>\n<meta name=\"twitter:label1\" content=\"Dur\u00e9e de lecture estim\u00e9e\" \/>\n\t<meta name=\"twitter:data1\" content=\"4 minutes\" \/>\n<script type=\"application\/ld+json\" class=\"yoast-schema-graph\">{\"@context\":\"https:\\\/\\\/schema.org\",\"@graph\":[{\"@type\":\"WebPage\",\"@id\":\"https:\\\/\\\/walkingranada.com\\\/preguntas-frecuentes\\\/\",\"url\":\"https:\\\/\\\/walkingranada.com\\\/preguntas-frecuentes\\\/\",\"name\":\"FAQ - Walk in Granada\",\"isPartOf\":{\"@id\":\"https:\\\/\\\/walkingranada.com\\\/#website\"},\"datePublished\":\"2022-12-20T15:23:38+00:00\",\"dateModified\":\"2023-02-09T09:47:20+00:00\",\"description\":\"\u00bfTienes dudas sobre nuestros productos o servicios? Aqu\u00ed te detallamos cu\u00e1les son las dudas m\u00e1s habituales de nuestros clientes.\",\"breadcrumb\":{\"@id\":\"https:\\\/\\\/walkingranada.com\\\/preguntas-frecuentes\\\/#breadcrumb\"},\"inLanguage\":\"fr-FR\",\"potentialAction\":[{\"@type\":\"ReadAction\",\"target\":[\"https:\\\/\\\/walkingranada.com\\\/preguntas-frecuentes\\\/\"]}]},{\"@type\":\"BreadcrumbList\",\"@id\":\"https:\\\/\\\/walkingranada.com\\\/preguntas-frecuentes\\\/#breadcrumb\",\"itemListElement\":[{\"@type\":\"ListItem\",\"position\":1,\"name\":\"Portada\",\"item\":\"https:\\\/\\\/walkingranada.com\\\/\"},{\"@type\":\"ListItem\",\"position\":2,\"name\":\"FAQ\"}]},{\"@type\":\"WebSite\",\"@id\":\"https:\\\/\\\/walkingranada.com\\\/#website\",\"url\":\"https:\\\/\\\/walkingranada.com\\\/\",\"name\":\"Walk in Granada\",\"description\":\"Turismo responsable\",\"publisher\":{\"@id\":\"https:\\\/\\\/walkingranada.com\\\/#organization\"},\"alternateName\":\"Walk in Granada\",\"potentialAction\":[{\"@type\":\"SearchAction\",\"target\":{\"@type\":\"EntryPoint\",\"urlTemplate\":\"https:\\\/\\\/walkingranada.com\\\/?s={search_term_string}\"},\"query-input\":{\"@type\":\"PropertyValueSpecification\",\"valueRequired\":true,\"valueName\":\"search_term_string\"}}],\"inLanguage\":\"fr-FR\"},{\"@type\":\"Organization\",\"@id\":\"https:\\\/\\\/walkingranada.com\\\/#organization\",\"name\":\"Walk In Granada\",\"alternateName\":\"Walk In Granada\",\"url\":\"https:\\\/\\\/walkingranada.com\\\/\",\"logo\":{\"@type\":\"ImageObject\",\"inLanguage\":\"fr-FR\",\"@id\":\"https:\\\/\\\/walkingranada.com\\\/#\\\/schema\\\/logo\\\/image\\\/\",\"url\":\"https:\\\/\\\/walkingranada.com\\\/wp-content\\\/uploads\\\/2022\\\/12\\\/Logo-Walking.webp\",\"contentUrl\":\"https:\\\/\\\/walkingranada.com\\\/wp-content\\\/uploads\\\/2022\\\/12\\\/Logo-Walking.webp\",\"width\":512,\"height\":512,\"caption\":\"Walk In Granada\"},\"image\":{\"@id\":\"https:\\\/\\\/walkingranada.com\\\/#\\\/schema\\\/logo\\\/image\\\/\"},\"sameAs\":[\"https:\\\/\\\/es-es.facebook.com\\\/walkingranadatour\\\/\",\"https:\\\/\\\/x.com\\\/walkingranada\",\"https:\\\/\\\/www.instagram.com\\\/walkingranada\\\/\"]}]}<\/script>\n<!-- \/ Yoast SEO plugin. -->","yoast_head_json":{"title":"FAQ - Walk in Granada","description":"Avez-vous des doutes sur nos produits ou services ? Voici les questions les plus fr\u00e9quentes pos\u00e9es par nos clients.","robots":{"index":"index","follow":"follow","max-snippet":"max-snippet:-1","max-image-preview":"max-image-preview:large","max-video-preview":"max-video-preview:-1"},"canonical":"https:\/\/walkingranada.com\/fr\/faq\/","og_locale":"fr_FR","og_type":"article","og_title":"FAQ - Walk in Granada","og_description":"\u00bfTienes dudas sobre nuestros productos o servicios? Aqu\u00ed te detallamos cu\u00e1les son las dudas m\u00e1s habituales de nuestros clientes.","og_url":"https:\/\/walkingranada.com\/fr\/faq\/","og_site_name":"Walk in Granada","article_publisher":"https:\/\/es-es.facebook.com\/walkingranadatour\/","article_modified_time":"2023-02-09T09:47:20+00:00","og_image":[{"width":1000,"height":1000,"url":"https:\/\/walkingranada.com\/wp-content\/uploads\/2018\/10\/Walk-In-Granada.png","type":"image\/png"}],"twitter_card":"summary_large_image","twitter_site":"@walkingranada","twitter_misc":{"Dur\u00e9e de lecture estim\u00e9e":"4 minutes"},"schema":{"@context":"https:\/\/schema.org","@graph":[{"@type":"WebPage","@id":"https:\/\/walkingranada.com\/preguntas-frecuentes\/","url":"https:\/\/walkingranada.com\/preguntas-frecuentes\/","name":"FAQ - Walk in Granada","isPartOf":{"@id":"https:\/\/walkingranada.com\/#website"},"datePublished":"2022-12-20T15:23:38+00:00","dateModified":"2023-02-09T09:47:20+00:00","description":"Avez-vous des doutes sur nos produits ou services ? Voici les questions les plus fr\u00e9quentes pos\u00e9es par nos clients.","breadcrumb":{"@id":"https:\/\/walkingranada.com\/preguntas-frecuentes\/#breadcrumb"},"inLanguage":"fr-FR","potentialAction":[{"@type":"ReadAction","target":["https:\/\/walkingranada.com\/preguntas-frecuentes\/"]}]},{"@type":"BreadcrumbList","@id":"https:\/\/walkingranada.com\/preguntas-frecuentes\/#breadcrumb","itemListElement":[{"@type":"ListItem","position":1,"name":"Portada","item":"https:\/\/walkingranada.com\/"},{"@type":"ListItem","position":2,"name":"FAQ"}]},{"@type":"WebSite","@id":"https:\/\/walkingranada.com\/#website","url":"https:\/\/walkingranada.com\/","name":"Walk in Granada","description":"Turismo responsable","publisher":{"@id":"https:\/\/walkingranada.com\/#organization"},"alternateName":"Walk in Granada","potentialAction":[{"@type":"SearchAction","target":{"@type":"EntryPoint","urlTemplate":"https:\/\/walkingranada.com\/?s={search_term_string}"},"query-input":{"@type":"PropertyValueSpecification","valueRequired":true,"valueName":"search_term_string"}}],"inLanguage":"fr-FR"},{"@type":"Organization","@id":"https:\/\/walkingranada.com\/#organization","name":"Walk In Granada","alternateName":"Walk In Granada","url":"https:\/\/walkingranada.com\/","logo":{"@type":"ImageObject","inLanguage":"fr-FR","@id":"https:\/\/walkingranada.com\/#\/schema\/logo\/image\/","url":"https:\/\/walkingranada.com\/wp-content\/uploads\/2022\/12\/Logo-Walking.webp","contentUrl":"https:\/\/walkingranada.com\/wp-content\/uploads\/2022\/12\/Logo-Walking.webp","width":512,"height":512,"caption":"Walk In Granada"},"image":{"@id":"https:\/\/walkingranada.com\/#\/schema\/logo\/image\/"},"sameAs":["https:\/\/es-es.facebook.com\/walkingranadatour\/","https:\/\/x.com\/walkingranada","https:\/\/www.instagram.com\/walkingranada\/"]}]}},"_links":{"self":[{"href":"https:\/\/walkingranada.com\/fr\/wp-json\/wp\/v2\/pages\/1243","targetHints":{"allow":["GET"]}}],"collection":[{"href":"https:\/\/walkingranada.com\/fr\/wp-json\/wp\/v2\/pages"}],"about":[{"href":"https:\/\/walkingranada.com\/fr\/wp-json\/wp\/v2\/types\/page"}],"author":[{"embeddable":true,"href":"https:\/\/walkingranada.com\/fr\/wp-json\/wp\/v2\/users\/2"}],"replies":[{"embeddable":true,"href":"https:\/\/walkingranada.com\/fr\/wp-json\/wp\/v2\/comments?post=1243"}],"version-history":[{"count":0,"href":"https:\/\/walkingranada.com\/fr\/wp-json\/wp\/v2\/pages\/1243\/revisions"}],"wp:attachment":[{"href":"https:\/\/walkingranada.com\/fr\/wp-json\/wp\/v2\/media?parent=1243"}],"curies":[{"name":"wp","href":"https:\/\/api.w.org\/{rel}","templated":true}]}}