{"id":1240,"date":"2022-12-20T15:11:12","date_gmt":"2022-12-20T15:11:12","guid":{"rendered":"https:\/\/factum-omibu.es\/walkin\/?page_id=1240"},"modified":"2023-04-24T09:47:25","modified_gmt":"2023-04-24T09:47:25","slug":"termes-et-conditions","status":"publish","type":"page","link":"https:\/\/walkingranada.com\/fr\/terminos-y-condiciones\/","title":{"rendered":"Termes et conditions"},"content":{"rendered":"<h1>Termes et conditions<\/h1>\r\n<p>WALK IN GRANADA S.L. utiliza la informaci\u00f3n que nos facilita con el fin de prestarle el servicio solicitado. Los datos proporcionados se conservar\u00e1n mientras se mantenga la relaci\u00f3n comercial o durante los a\u00f1os necesarios para cumplir con las obligaciones legales. Los datos no se ceder\u00e1n a terceros salvo en los casos en que exista una obligaci\u00f3n legal. Usted tiene derecho a acceder a sus datos personales, rectificar los datos inexactos o solicitar su supresi\u00f3n cuando los datos ya no sean necesarios.<\/p>\r\n<p>Nous vous informons \u00e9galement qu\u2019\u00e0 l\u2019issue du service, l\u2019entreprise peut vous envoyer un email pour \u00e9valuer ledit service et ainsi conna\u00eetre votre degr\u00e9 de satisfaction.<\/p>\r\n<p>WALK IN GRANADA S.L. se r\u00e9serve le droit de refuser quelconque participant \u00e0 un tour si la compagnie le consid\u00e8re n\u00e9cessaire \u00e0 travers un de ses repr\u00e9sentants \u00e0 quelconque moment.<\/p>\r\n<p>WALK IN GRANADA S.L. et ses guides touristiques autonomes n\u2019acceptent pas la responsabilit\u00e9 pour des blessures, pertes, vols, dommages ou \u00e9v\u00e9nements impr\u00e9vus qui peuvent survenir durant la visite.<\/p>\r\n<p>En los servicios denominados \u00abFree Tour\u00bb, se aplicar\u00e1n las siguientes condiciones:<\/p>\r\n<ul>\r\n<li>WALK IN GRANADA S.L. se r\u00e9serve le droit d\u2019annuler un service qui n\u2019atteint pas un minimum de 5 adultes (sont consid\u00e9r\u00e9es adultes les personnes \u00e2g\u00e9es de 18 ans ou plus)<\/li>\r\n<li>Debido a la din\u00e1mica del \u00ab<a href=\"https:\/\/walkingranada.com\/fr\/free-tour-granada\/\">Free Tour<\/a>\u00bb los grupos de 9 personas o m\u00e1s deben reservar una visita privada. Aunque el motor de reservas permita reservar en grupos separados (por ejemplo: un grupo de 4 personas y un grupo de 5 personas, o m\u00e1s), el encargado del punto de encuentro podr\u00e1 rechazar al grupo en caso de identificar este tipo de reserva.<\/li>\r\n<\/ul>\r\n<h2>Politique d\u2019annulation<\/h2>\r\n<p>Pour les visites guid\u00e9es de groupe avec entr\u00e9e \u00e0 l'Alhambra (Regular et Premium) :<\/p>\r\n<ul>\r\n<li>Remboursement \u00e0 100 % pour les annulations effectu\u00e9es jusqu'\u00e0 30 jours avant la visite ou l'\u00e9v\u00e9nement.<\/li>\r\n<li>100% du montant total pour les annulations effectu\u00e9es moins de 30 jours avant la visite ou l'\u00e9v\u00e9nement.<\/li>\r\n<\/ul>\r\n<p>Pour les visites guid\u00e9es priv\u00e9es avec entr\u00e9e aux monuments \/ \u00e9v\u00e9nements :<\/p>\r\n<ul>\r\n<li>Facturation du montant correspondant au suppl\u00e9ment au billet, \u00e0 partir du moment de la r\u00e9servation jusqu'\u00e0 5 jours avant la visite ou l'\u00e9v\u00e9nement.<\/li>\r\n<li>Facturation de 100% du montant total \u00e0 partir de 4 jours avant jusqu'au jour de la visite ou de l'\u00e9v\u00e9nement.<\/li>\r\n<\/ul>\r\n<p>Pour les autres services qui ne comprennent pas les billets d'entr\u00e9e aux monuments \/ \u00e9v\u00e9nements :<\/p>\r\n<ul>\r\n<li>Remboursement \u00e0 100% pour les annulations jusqu'\u00e0 5 jours avant la visite ou l'\u00e9v\u00e9nement.<\/li>\r\n<li>Facturation de 100% du montant total \u00e0 partir de 4 jours avant jusqu'au jour de la visite ou de l'\u00e9v\u00e9nement.<\/li>\r\n<\/ul>\r\n<p>En aucun cas, le paiement du ou des services ne sera effectu\u00e9 pour des incidents ext\u00e9rieurs \u00e0 WALK IN GRANADA S.L.<br \/>Pour effectuer tout type d\u2019annulation, il sera indispensable d\u2019envoyer la demande \u00e0 l\u2019adresse e-mail: <a href=\"mailto:info@walkingranada.com\">info@walkingranada.com<\/a> Annulation par WALK IN GRANADA S.L.:<br \/>En cas exeptionel d\u2019annulation d\u2019une visite de WALK IN GRANADA S.L., nous metterons tout en \u0153uvre pour trouver une autre disponibilit\u00e9 pour le client. Dans le cas d\u2019une imposibilit\u00e9, le remboursement complet sera effectu\u00e9.<\/p>","protected":false},"excerpt":{"rendered":"<p>T\u00e9rminos y condiciones WALK IN GRANADA S.L. utiliza la informaci\u00f3n que nos facilita con el fin de prestarle el servicio solicitado. Los datos proporcionados se conservar\u00e1n mientras se mantenga la relaci\u00f3n comercial o durante los a\u00f1os necesarios para cumplir con las obligaciones legales. Los datos no se ceder\u00e1n a terceros salvo en los casos en &#8230; <a title=\"Termes et conditions\" class=\"read-more\" href=\"https:\/\/walkingranada.com\/fr\/terminos-y-condiciones\/\" aria-label=\"En savoir plus sur T\u00e9rminos y condiciones\">Lire la suite<\/a><\/p>","protected":false},"author":2,"featured_media":0,"parent":0,"menu_order":0,"comment_status":"closed","ping_status":"closed","template":"","meta":{"footnotes":""},"class_list":["post-1240","page","type-page","status-publish"],"yoast_head":"<!-- This site is optimized with the Yoast SEO plugin v27.4 - https:\/\/yoast.com\/product\/yoast-seo-wordpress\/ -->\n<title>T\u00e9rminos y condiciones - Walk in Granada<\/title>\n<meta name=\"description\" content=\"Te detallamos los t\u00e9rminos y condiciones con las que trabajamos en Walk In Granada. No dudes en contactarnos si necesitas m\u00e1s informaci\u00f3n.\" \/>\n<meta name=\"robots\" content=\"index, follow, max-snippet:-1, max-image-preview:large, max-video-preview:-1\" \/>\n<link rel=\"canonical\" href=\"https:\/\/walkingranada.com\/fr\/termes-et-conditions\/\" \/>\n<meta property=\"og:locale\" content=\"fr_FR\" \/>\n<meta property=\"og:type\" content=\"article\" \/>\n<meta property=\"og:title\" content=\"T\u00e9rminos y condiciones - Walk in Granada\" \/>\n<meta property=\"og:description\" content=\"Te detallamos los t\u00e9rminos y condiciones con las que trabajamos en Walk In Granada. No dudes en contactarnos si necesitas m\u00e1s informaci\u00f3n.\" \/>\n<meta property=\"og:url\" content=\"https:\/\/walkingranada.com\/fr\/termes-et-conditions\/\" \/>\n<meta property=\"og:site_name\" content=\"Walk in Granada\" \/>\n<meta property=\"article:publisher\" content=\"https:\/\/es-es.facebook.com\/walkingranadatour\/\" \/>\n<meta property=\"article:modified_time\" content=\"2023-04-24T09:47:25+00:00\" \/>\n<meta property=\"og:image\" content=\"https:\/\/walkingranada.com\/wp-content\/uploads\/2018\/10\/Walk-In-Granada.png\" \/>\n\t<meta property=\"og:image:width\" content=\"1000\" \/>\n\t<meta property=\"og:image:height\" content=\"1000\" \/>\n\t<meta property=\"og:image:type\" content=\"image\/png\" \/>\n<meta name=\"twitter:card\" content=\"summary_large_image\" \/>\n<meta name=\"twitter:site\" content=\"@walkingranada\" \/>\n<meta name=\"twitter:label1\" content=\"Dur\u00e9e de lecture estim\u00e9e\" \/>\n\t<meta name=\"twitter:data1\" content=\"3 minutes\" \/>\n<script type=\"application\/ld+json\" class=\"yoast-schema-graph\">{\"@context\":\"https:\\\/\\\/schema.org\",\"@graph\":[{\"@type\":\"WebPage\",\"@id\":\"https:\\\/\\\/walkingranada.com\\\/terminos-y-condiciones\\\/\",\"url\":\"https:\\\/\\\/walkingranada.com\\\/terminos-y-condiciones\\\/\",\"name\":\"T\u00e9rminos y condiciones - Walk in Granada\",\"isPartOf\":{\"@id\":\"https:\\\/\\\/walkingranada.com\\\/#website\"},\"datePublished\":\"2022-12-20T15:11:12+00:00\",\"dateModified\":\"2023-04-24T09:47:25+00:00\",\"description\":\"Te detallamos los t\u00e9rminos y condiciones con las que trabajamos en Walk In Granada. No dudes en contactarnos si necesitas m\u00e1s informaci\u00f3n.\",\"breadcrumb\":{\"@id\":\"https:\\\/\\\/walkingranada.com\\\/terminos-y-condiciones\\\/#breadcrumb\"},\"inLanguage\":\"fr-FR\",\"potentialAction\":[{\"@type\":\"ReadAction\",\"target\":[\"https:\\\/\\\/walkingranada.com\\\/terminos-y-condiciones\\\/\"]}]},{\"@type\":\"BreadcrumbList\",\"@id\":\"https:\\\/\\\/walkingranada.com\\\/terminos-y-condiciones\\\/#breadcrumb\",\"itemListElement\":[{\"@type\":\"ListItem\",\"position\":1,\"name\":\"Portada\",\"item\":\"https:\\\/\\\/walkingranada.com\\\/\"},{\"@type\":\"ListItem\",\"position\":2,\"name\":\"T\u00e9rminos y condiciones\"}]},{\"@type\":\"WebSite\",\"@id\":\"https:\\\/\\\/walkingranada.com\\\/#website\",\"url\":\"https:\\\/\\\/walkingranada.com\\\/\",\"name\":\"Walk in Granada\",\"description\":\"Turismo responsable\",\"publisher\":{\"@id\":\"https:\\\/\\\/walkingranada.com\\\/#organization\"},\"alternateName\":\"Walk in Granada\",\"potentialAction\":[{\"@type\":\"SearchAction\",\"target\":{\"@type\":\"EntryPoint\",\"urlTemplate\":\"https:\\\/\\\/walkingranada.com\\\/?s={search_term_string}\"},\"query-input\":{\"@type\":\"PropertyValueSpecification\",\"valueRequired\":true,\"valueName\":\"search_term_string\"}}],\"inLanguage\":\"fr-FR\"},{\"@type\":\"Organization\",\"@id\":\"https:\\\/\\\/walkingranada.com\\\/#organization\",\"name\":\"Walk In Granada\",\"alternateName\":\"Walk In Granada\",\"url\":\"https:\\\/\\\/walkingranada.com\\\/\",\"logo\":{\"@type\":\"ImageObject\",\"inLanguage\":\"fr-FR\",\"@id\":\"https:\\\/\\\/walkingranada.com\\\/#\\\/schema\\\/logo\\\/image\\\/\",\"url\":\"https:\\\/\\\/walkingranada.com\\\/wp-content\\\/uploads\\\/2022\\\/12\\\/Logo-Walking.webp\",\"contentUrl\":\"https:\\\/\\\/walkingranada.com\\\/wp-content\\\/uploads\\\/2022\\\/12\\\/Logo-Walking.webp\",\"width\":512,\"height\":512,\"caption\":\"Walk In Granada\"},\"image\":{\"@id\":\"https:\\\/\\\/walkingranada.com\\\/#\\\/schema\\\/logo\\\/image\\\/\"},\"sameAs\":[\"https:\\\/\\\/es-es.facebook.com\\\/walkingranadatour\\\/\",\"https:\\\/\\\/x.com\\\/walkingranada\",\"https:\\\/\\\/www.instagram.com\\\/walkingranada\\\/\"]}]}<\/script>\n<!-- \/ Yoast SEO plugin. -->","yoast_head_json":{"title":"Termes et conditions - Walk in Granada","description":"Nous vous pr\u00e9sentons les termes et conditions avec lesquels nous travaillons chez Walk In Granada. N'h\u00e9sitez pas \u00e0 nous contacter si vous avez besoin de plus d'informations.","robots":{"index":"index","follow":"follow","max-snippet":"max-snippet:-1","max-image-preview":"max-image-preview:large","max-video-preview":"max-video-preview:-1"},"canonical":"https:\/\/walkingranada.com\/fr\/termes-et-conditions\/","og_locale":"fr_FR","og_type":"article","og_title":"T\u00e9rminos y condiciones - Walk in Granada","og_description":"Te detallamos los t\u00e9rminos y condiciones con las que trabajamos en Walk In Granada. No dudes en contactarnos si necesitas m\u00e1s informaci\u00f3n.","og_url":"https:\/\/walkingranada.com\/fr\/termes-et-conditions\/","og_site_name":"Walk in Granada","article_publisher":"https:\/\/es-es.facebook.com\/walkingranadatour\/","article_modified_time":"2023-04-24T09:47:25+00:00","og_image":[{"width":1000,"height":1000,"url":"https:\/\/walkingranada.com\/wp-content\/uploads\/2018\/10\/Walk-In-Granada.png","type":"image\/png"}],"twitter_card":"summary_large_image","twitter_site":"@walkingranada","twitter_misc":{"Dur\u00e9e de lecture estim\u00e9e":"3 minutes"},"schema":{"@context":"https:\/\/schema.org","@graph":[{"@type":"WebPage","@id":"https:\/\/walkingranada.com\/terminos-y-condiciones\/","url":"https:\/\/walkingranada.com\/terminos-y-condiciones\/","name":"Termes et conditions - Walk in Granada","isPartOf":{"@id":"https:\/\/walkingranada.com\/#website"},"datePublished":"2022-12-20T15:11:12+00:00","dateModified":"2023-04-24T09:47:25+00:00","description":"Nous vous pr\u00e9sentons les termes et conditions avec lesquels nous travaillons chez Walk In Granada. N'h\u00e9sitez pas \u00e0 nous contacter si vous avez besoin de plus d'informations.","breadcrumb":{"@id":"https:\/\/walkingranada.com\/terminos-y-condiciones\/#breadcrumb"},"inLanguage":"fr-FR","potentialAction":[{"@type":"ReadAction","target":["https:\/\/walkingranada.com\/terminos-y-condiciones\/"]}]},{"@type":"BreadcrumbList","@id":"https:\/\/walkingranada.com\/terminos-y-condiciones\/#breadcrumb","itemListElement":[{"@type":"ListItem","position":1,"name":"Portada","item":"https:\/\/walkingranada.com\/"},{"@type":"ListItem","position":2,"name":"T\u00e9rminos y condiciones"}]},{"@type":"WebSite","@id":"https:\/\/walkingranada.com\/#website","url":"https:\/\/walkingranada.com\/","name":"Walk in Granada","description":"Turismo responsable","publisher":{"@id":"https:\/\/walkingranada.com\/#organization"},"alternateName":"Walk in Granada","potentialAction":[{"@type":"SearchAction","target":{"@type":"EntryPoint","urlTemplate":"https:\/\/walkingranada.com\/?s={search_term_string}"},"query-input":{"@type":"PropertyValueSpecification","valueRequired":true,"valueName":"search_term_string"}}],"inLanguage":"fr-FR"},{"@type":"Organization","@id":"https:\/\/walkingranada.com\/#organization","name":"Walk In Granada","alternateName":"Walk In Granada","url":"https:\/\/walkingranada.com\/","logo":{"@type":"ImageObject","inLanguage":"fr-FR","@id":"https:\/\/walkingranada.com\/#\/schema\/logo\/image\/","url":"https:\/\/walkingranada.com\/wp-content\/uploads\/2022\/12\/Logo-Walking.webp","contentUrl":"https:\/\/walkingranada.com\/wp-content\/uploads\/2022\/12\/Logo-Walking.webp","width":512,"height":512,"caption":"Walk In Granada"},"image":{"@id":"https:\/\/walkingranada.com\/#\/schema\/logo\/image\/"},"sameAs":["https:\/\/es-es.facebook.com\/walkingranadatour\/","https:\/\/x.com\/walkingranada","https:\/\/www.instagram.com\/walkingranada\/"]}]}},"_links":{"self":[{"href":"https:\/\/walkingranada.com\/fr\/wp-json\/wp\/v2\/pages\/1240","targetHints":{"allow":["GET"]}}],"collection":[{"href":"https:\/\/walkingranada.com\/fr\/wp-json\/wp\/v2\/pages"}],"about":[{"href":"https:\/\/walkingranada.com\/fr\/wp-json\/wp\/v2\/types\/page"}],"author":[{"embeddable":true,"href":"https:\/\/walkingranada.com\/fr\/wp-json\/wp\/v2\/users\/2"}],"replies":[{"embeddable":true,"href":"https:\/\/walkingranada.com\/fr\/wp-json\/wp\/v2\/comments?post=1240"}],"version-history":[{"count":0,"href":"https:\/\/walkingranada.com\/fr\/wp-json\/wp\/v2\/pages\/1240\/revisions"}],"wp:attachment":[{"href":"https:\/\/walkingranada.com\/fr\/wp-json\/wp\/v2\/media?parent=1240"}],"curies":[{"name":"wp","href":"https:\/\/api.w.org\/{rel}","templated":true}]}}