{"id":1236,"date":"2022-12-20T14:56:15","date_gmt":"2022-12-20T14:56:15","guid":{"rendered":"https:\/\/factum-omibu.es\/walkin\/?page_id=1236"},"modified":"2023-04-24T09:42:11","modified_gmt":"2023-04-24T09:42:11","slug":"politique-de-confidentialite","status":"publish","type":"page","link":"https:\/\/walkingranada.com\/fr\/politica-de-privacidad\/","title":{"rendered":"Politique de confidentialit\u00e9"},"content":{"rendered":"<h1>Politique de confidentialit\u00e9<\/h1>\r\n<p>Su presentaci\u00f3n de informaci\u00f3n personal a trav\u00e9s del Sitio Web se rige por nuestra Pol\u00edtica de Privacidad. La privacidad de los visitantes de nuestro sitio web es muy importante para nosotros, y nos comprometemos a protegerla para as\u00ed cumplir al m\u00e1ximo con la legislaci\u00f3n vigente de protecci\u00f3n de datos personales. Esta pol\u00edtica explica qu\u00e9 hacemos con su informaci\u00f3n personal.<\/p>\r\n<p>WALK IN GRANADA S.L. utiliza la informaci\u00f3n que nos facilita con el fin de prestarle el servicio solicitado, y realizar la facturaci\u00f3n del mismo. Los datos proporcionados se conservar\u00e1n mientras se mantenga la relaci\u00f3n comercial o durante los a\u00f1os necesarios para cumplir con las obligaciones legales. Los datos no se ceder\u00e1n a terceros salvo en los casos en que exista una obligaci\u00f3n legal, o por su autorizaci\u00f3n previa. Usted tiene derecho a acceder a sus datos personales, rectificar los datos inexactos o solicitar su supresi\u00f3n cuando los datos ya no sean necesarios. Para cualquier duda al respecto, deber\u00e1 identificarse de forma fehaciente y dirigirse por escrito a: WALK IN GRANADA SL, Calle Gran V\u00eda de Col\u00f3n 42, Entresuelo, Oficina 3, 18010, Granada, al tel\u00e9fono 630 07 08 93, o a trav\u00e9s de la direcci\u00f3n de E-mail: <a href=\"mailto:info@walkingranada.com\">info@walkingranada.com<\/a>.<\/p>\r\n<h2>Comment collectons-nous vos donn\u00e9es personnelles?<\/h2>\r\n<p>Les types d\u2019informations personnelles suivantes peuvent \u00eatre collect\u00e9es, stock\u00e9es et utilis\u00e9es :<\/p>\r\n<ul>\r\n<li>Les informations sur votre ordinateur, incluant l\u2019adresse IP, la position g\u00e9ographique, le type de version du navigateur et le syst\u00e8me d\u2019exploitation.<\/li>\r\n<li>Informaci\u00f3n introducida en formularios de reserva, en formularios del apartado \u00abTours Privados\u00bb, contacto mediante correo electr\u00f3nico y contacto mediante redes sociales.<\/li>\r\n<li>Les informations \u00e0 propos de vos visites et de l\u2019utilisation du site web, incluant la source de r\u00e9f\u00e9rence, la dur\u00e9e de la visite, les visites sur la page web et les routes de navigation du site web.<\/li>\r\n<li>Les informations que vous entrez pour configurer une souscription \u00e0 nos emails et\/ou les bulletins informatifs.<\/li>\r\n<li>Les informations qui sont g\u00e9n\u00e9r\u00e9es en utilisant notre site web, incluant quand, avec quelle fr\u00e9quence et dans quelles circonstances vous l\u2019utilisez.<\/li>\r\n<li>Les informations relatives \u00e0 tout ce que vous achetez, les services que vous utilisez ou les transactions que vous r\u00e9alisez \u00e0 travers notre site web, ce qui inclut votre nom, votre adresse, num\u00e9ro de t\u00e9l\u00e9phone, adresse mail et d\u00e9tails de votre carte de cr\u00e9dit.<\/li>\r\n<li>Quelconque autre information personnelle que vous nous envoyez.<\/li>\r\n<\/ul>\r\n<h2>Utilisation de vos informations personnelles<\/h2>\r\n<p>Les informations personnelles que vous nous envoyez \u00e0 travers notre site web seront utilis\u00e9es \u00e0 des fins sp\u00e9cifiques dans la pr\u00e9sente politique de confidentialit\u00e9 ou sur les pages concern\u00e9es du site web. Nous pouvons utiliser vos informations personnelles pour :<\/p>\r\n<ul>\r\n<li>Administrer notre site web et notre entreprise<\/li>\r\n<li>Personnaliser notre site web pour vous<\/li>\r\n<li>Permettre l\u2019utilisation des services disponibles sur notre site web<\/li>\r\n<li>Pourvoir des services achet\u00e9s sur notre site web<\/li>\r\n<li>Envoyer des relev\u00e9s de compte, factures, rappels de paiement, et frais<\/li>\r\n<li>Vous envoyez des notifications par email que vous avez sp\u00e9cifiquement sollicit\u00e9<\/li>\r\n<li>Vous envoyez notre newsletter par email si vous vous y inscrivez (vous pouvez vous d\u00e9sabonner \u00e0 tout moment)<\/li>\r\n<li>Vous envoyez des communications de marketing relatives \u00e0 notre entreprise et aux entreprises de tierces parties que nous pensons pouvoir \u00eatre int\u00e9ressantes pour vous.<\/li>\r\n<li>R\u00e9aliser des rapports statistiques sur nos utilisateurs<\/li>\r\n<li>Traiter les demandes et r\u00e9clamations faites par ou sur vous en relation avec notre site web<\/li>\r\n<li>Maintenir notre site web s\u00e9curis\u00e9 et pr\u00e9venir les fraudes.<\/li>\r\n<li>V\u00e9rifier l\u2019application des termes et conditions qui r\u00e9gissent l\u2019utilisation de notre site web<\/li>\r\n<li>Autres utilisations. Sans votre consentement explicite, nous ne fournirons pas vos informations personnelles \u00e0 des tierces parties pour leur commercialisation directe.<\/li>\r\n<\/ul>\r\n<h2>Liens avec des tierces parties<\/h2>\r\n<p>Certains contenus, les produits et services disponibles peuvent inclure du mat\u00e9riel de tierces parties.<\/p>\r\n<p>Les liens de tierces parties sur ce site peuvent vous diriger sur les sites web de ces tierces parties qui ne nous sont pas affili\u00e9es. Nous ne sommes pas responsables d\u2019examiner ou d\u2019\u00e9valuer le contenu ou l\u2019exactitude et nous ne garantissons pas ni n\u2019aurons aucune obligation ou responsabilit\u00e9 pour quelconque mat\u00e9riel, produits ou services sur les sites web de tierces parties.<\/p>\r\n<p>Nous ne nous rendons responsables d\u2019aucuns dommages ou dommages associ\u00e9 \u00e0 l\u2019acquisition ou l\u2019utilisation de biens, services, ressources, contenu ou quelconque autre transaction r\u00e9alis\u00e9e en connexion avec le site web de tierces parties. Nous vous prions de r\u00e9viser attentivement les politiques et pratiques de tierces parties, et vous assurer de les comprendre avant de participer \u00e0 quelconque transaction. Plaintes, r\u00e9clamations, doutes ou questions \u00e0 propos des produits de tierces parties doivent \u00eatre adress\u00e9es \u00e0 cette tierce partie.<\/p>\r\n<h2>Politique de cookies<\/h2>\r\n<p>El consentimiento a nuestro uso de cookies de acuerdo con los t\u00e9rminos de esta pol\u00edtica cuando visite por primera vez nuestro sitio web nos permite utilizar cookies cada vez que visita nuestro sitio web.<\/p>\r\n<p>Una cookie es un peque\u00f1o archivo de texto que se almacena en su navegador cuando visita casi cualquier sitio web. Su funci\u00f3n es que el sitio web pueda recordar su visita cuando regrese a navegar en esta p\u00e1gina. Las cookies a menudo almacenan informaci\u00f3n t\u00e9cnica, preferencias personales, personalizaci\u00f3n de contenido, estad\u00edsticas de uso, enlaces a redes sociales, acceso a cuentas de usuario, etc. El objetivo de una cookie es adaptar el contenido web a su perfil y necesidades. Sin cookies, los servicios ofrecidos por cualquier sitio web podr\u00edan verse disminuidos significativamente.<\/p>\r\n<h2>Cookies utilis\u00e9s sur ce site<\/h2>\r\n<p>Selon les directives de l\u2019Agence Espagnol de Protection des Donn\u00e9es, nous d\u00e9taillons l\u2019utilisation des cookies utilis\u00e9s par ce site web.<\/p>\r\n<p>Ce site utilise les cookies suivants d\u2019origine :<\/p>\r\n<ul>\r\n<li>Cookies de session pour garantir que les utilisateurs qui laissent des commentaires sur le blog soient des personnes r\u00e9elles et non des applications automatiques. Ceci est un moyen d\u2019\u00e9viter les spams.<\/li>\r\n<\/ul>\r\n<p>Ce site utilise les cookies suivants de tierces parties :<\/p>\r\n<ul>\r\n<li>Google Analytics : stocke des cookies pour enregistrer des statistiques sur le volume du trafic et les visiteurs du site. En utilisant ce site, vous donnez votre consentement pour que Google traite vos donn\u00e9es. Par cons\u00e9quent, l\u2019exercice de quelque droit en la mati\u00e8re doit \u00eatre r\u00e9alis\u00e9 directement avec Google.<\/li>\r\n<li>Redes sociales: cada red social usa sus propias cookies para que pueda hacer clic en botones como \u00abcompartir\u00bb o \u00abme gusta\u00bb.<\/li>\r\n<\/ul>\r\n<h2>D\u00e9sactiver ou supprimer les cookies<\/h2>\r\n<p>Vous pouvez exercer votre droit de d\u00e9sactiver ou \u00e9liminer les cookies de ce site \u00e0 tout moment. Ces actions se r\u00e9alisent de diff\u00e9rentes formes selon le navigateur que vous utilisez.<\/p>\r\n<p>Pour plus d\u2019informations sur ces droits, cliquez <a href=\"https:\/\/ec.europa.eu\/info\/law\/law-topic\/data-protection\/reform\/rights-citizens_es\" target=\"_blank\" rel=\"noopener\">ici<\/a>.<\/p>","protected":false},"excerpt":{"rendered":"<p>Pol\u00edtica de privacidad Su presentaci\u00f3n de informaci\u00f3n personal a trav\u00e9s del Sitio Web se rige por nuestra Pol\u00edtica de Privacidad. La privacidad de los visitantes de nuestro sitio web es muy importante para nosotros, y nos comprometemos a protegerla para as\u00ed cumplir al m\u00e1ximo con la legislaci\u00f3n vigente de protecci\u00f3n de datos personales. Esta pol\u00edtica &#8230; <a title=\"Politique de confidentialit\u00e9\" class=\"read-more\" href=\"https:\/\/walkingranada.com\/fr\/politica-de-privacidad\/\" aria-label=\"En savoir plus sur Pol\u00edtica de privacidad\">Lire la suite<\/a><\/p>","protected":false},"author":2,"featured_media":0,"parent":0,"menu_order":0,"comment_status":"closed","ping_status":"closed","template":"","meta":{"footnotes":""},"class_list":["post-1236","page","type-page","status-publish"],"yoast_head":"<!-- This site is optimized with the Yoast SEO plugin v27.4 - https:\/\/yoast.com\/product\/yoast-seo-wordpress\/ -->\n<title>Pol\u00edtica de Privacidad | Walk In Granada<\/title>\n<meta name=\"description\" content=\"En esta p\u00e1gina te desglosamos la pol\u00edtica de privacidad de la web de Walk in Granada Tours. Ponte en contacto si necesitas m\u00e1s informaci\u00f3n.\" \/>\n<meta name=\"robots\" content=\"index, follow, max-snippet:-1, max-image-preview:large, max-video-preview:-1\" \/>\n<link rel=\"canonical\" href=\"https:\/\/walkingranada.com\/fr\/politique-de-confidentialite\/\" \/>\n<meta property=\"og:locale\" content=\"fr_FR\" \/>\n<meta property=\"og:type\" content=\"article\" \/>\n<meta property=\"og:title\" content=\"Pol\u00edtica de Privacidad | Walk In Granada\" \/>\n<meta property=\"og:description\" content=\"En esta p\u00e1gina te desglosamos la pol\u00edtica de privacidad de la web de Walk in Granada Tours. Ponte en contacto si necesitas m\u00e1s informaci\u00f3n.\" \/>\n<meta property=\"og:url\" content=\"https:\/\/walkingranada.com\/fr\/politique-de-confidentialite\/\" \/>\n<meta property=\"og:site_name\" content=\"Walk in Granada\" \/>\n<meta property=\"article:publisher\" content=\"https:\/\/es-es.facebook.com\/walkingranadatour\/\" \/>\n<meta property=\"article:modified_time\" content=\"2023-04-24T09:42:11+00:00\" \/>\n<meta property=\"og:image\" content=\"https:\/\/walkingranada.com\/wp-content\/uploads\/2018\/10\/Walk-In-Granada.png\" \/>\n\t<meta property=\"og:image:width\" content=\"1000\" \/>\n\t<meta property=\"og:image:height\" content=\"1000\" \/>\n\t<meta property=\"og:image:type\" content=\"image\/png\" \/>\n<meta name=\"twitter:card\" content=\"summary_large_image\" \/>\n<meta name=\"twitter:site\" content=\"@walkingranada\" \/>\n<meta name=\"twitter:label1\" content=\"Dur\u00e9e de lecture estim\u00e9e\" \/>\n\t<meta name=\"twitter:data1\" content=\"5 minutes\" \/>\n<script type=\"application\/ld+json\" class=\"yoast-schema-graph\">{\"@context\":\"https:\\\/\\\/schema.org\",\"@graph\":[{\"@type\":\"WebPage\",\"@id\":\"https:\\\/\\\/walkingranada.com\\\/politica-de-privacidad\\\/\",\"url\":\"https:\\\/\\\/walkingranada.com\\\/politica-de-privacidad\\\/\",\"name\":\"Pol\u00edtica de Privacidad | Walk In Granada\",\"isPartOf\":{\"@id\":\"https:\\\/\\\/walkingranada.com\\\/#website\"},\"datePublished\":\"2022-12-20T14:56:15+00:00\",\"dateModified\":\"2023-04-24T09:42:11+00:00\",\"description\":\"En esta p\u00e1gina te desglosamos la pol\u00edtica de privacidad de la web de Walk in Granada Tours. Ponte en contacto si necesitas m\u00e1s informaci\u00f3n.\",\"breadcrumb\":{\"@id\":\"https:\\\/\\\/walkingranada.com\\\/politica-de-privacidad\\\/#breadcrumb\"},\"inLanguage\":\"fr-FR\",\"potentialAction\":[{\"@type\":\"ReadAction\",\"target\":[\"https:\\\/\\\/walkingranada.com\\\/politica-de-privacidad\\\/\"]}]},{\"@type\":\"BreadcrumbList\",\"@id\":\"https:\\\/\\\/walkingranada.com\\\/politica-de-privacidad\\\/#breadcrumb\",\"itemListElement\":[{\"@type\":\"ListItem\",\"position\":1,\"name\":\"Portada\",\"item\":\"https:\\\/\\\/walkingranada.com\\\/\"},{\"@type\":\"ListItem\",\"position\":2,\"name\":\"Pol\u00edtica de privacidad\"}]},{\"@type\":\"WebSite\",\"@id\":\"https:\\\/\\\/walkingranada.com\\\/#website\",\"url\":\"https:\\\/\\\/walkingranada.com\\\/\",\"name\":\"Walk in Granada\",\"description\":\"Turismo responsable\",\"publisher\":{\"@id\":\"https:\\\/\\\/walkingranada.com\\\/#organization\"},\"alternateName\":\"Walk in Granada\",\"potentialAction\":[{\"@type\":\"SearchAction\",\"target\":{\"@type\":\"EntryPoint\",\"urlTemplate\":\"https:\\\/\\\/walkingranada.com\\\/?s={search_term_string}\"},\"query-input\":{\"@type\":\"PropertyValueSpecification\",\"valueRequired\":true,\"valueName\":\"search_term_string\"}}],\"inLanguage\":\"fr-FR\"},{\"@type\":\"Organization\",\"@id\":\"https:\\\/\\\/walkingranada.com\\\/#organization\",\"name\":\"Walk In Granada\",\"alternateName\":\"Walk In Granada\",\"url\":\"https:\\\/\\\/walkingranada.com\\\/\",\"logo\":{\"@type\":\"ImageObject\",\"inLanguage\":\"fr-FR\",\"@id\":\"https:\\\/\\\/walkingranada.com\\\/#\\\/schema\\\/logo\\\/image\\\/\",\"url\":\"https:\\\/\\\/walkingranada.com\\\/wp-content\\\/uploads\\\/2022\\\/12\\\/Logo-Walking.webp\",\"contentUrl\":\"https:\\\/\\\/walkingranada.com\\\/wp-content\\\/uploads\\\/2022\\\/12\\\/Logo-Walking.webp\",\"width\":512,\"height\":512,\"caption\":\"Walk In Granada\"},\"image\":{\"@id\":\"https:\\\/\\\/walkingranada.com\\\/#\\\/schema\\\/logo\\\/image\\\/\"},\"sameAs\":[\"https:\\\/\\\/es-es.facebook.com\\\/walkingranadatour\\\/\",\"https:\\\/\\\/x.com\\\/walkingranada\",\"https:\\\/\\\/www.instagram.com\\\/walkingranada\\\/\"]}]}<\/script>\n<!-- \/ Yoast SEO plugin. -->","yoast_head_json":{"title":"Politique de confidentialit\u00e9 | Walk In Granada","description":"Sur cette page, nous d\u00e9taillons la politique de confidentialit\u00e9 du site Web de Walk in Granada Tours. Contactez-nous si vous avez besoin de plus d'informations.","robots":{"index":"index","follow":"follow","max-snippet":"max-snippet:-1","max-image-preview":"max-image-preview:large","max-video-preview":"max-video-preview:-1"},"canonical":"https:\/\/walkingranada.com\/fr\/politique-de-confidentialite\/","og_locale":"fr_FR","og_type":"article","og_title":"Pol\u00edtica de Privacidad | Walk In Granada","og_description":"En esta p\u00e1gina te desglosamos la pol\u00edtica de privacidad de la web de Walk in Granada Tours. Ponte en contacto si necesitas m\u00e1s informaci\u00f3n.","og_url":"https:\/\/walkingranada.com\/fr\/politique-de-confidentialite\/","og_site_name":"Walk in Granada","article_publisher":"https:\/\/es-es.facebook.com\/walkingranadatour\/","article_modified_time":"2023-04-24T09:42:11+00:00","og_image":[{"width":1000,"height":1000,"url":"https:\/\/walkingranada.com\/wp-content\/uploads\/2018\/10\/Walk-In-Granada.png","type":"image\/png"}],"twitter_card":"summary_large_image","twitter_site":"@walkingranada","twitter_misc":{"Dur\u00e9e de lecture estim\u00e9e":"5 minutes"},"schema":{"@context":"https:\/\/schema.org","@graph":[{"@type":"WebPage","@id":"https:\/\/walkingranada.com\/politica-de-privacidad\/","url":"https:\/\/walkingranada.com\/politica-de-privacidad\/","name":"Politique de confidentialit\u00e9 | Walk In Granada","isPartOf":{"@id":"https:\/\/walkingranada.com\/#website"},"datePublished":"2022-12-20T14:56:15+00:00","dateModified":"2023-04-24T09:42:11+00:00","description":"Sur cette page, nous d\u00e9taillons la politique de confidentialit\u00e9 du site Web de Walk in Granada Tours. Contactez-nous si vous avez besoin de plus d'informations.","breadcrumb":{"@id":"https:\/\/walkingranada.com\/politica-de-privacidad\/#breadcrumb"},"inLanguage":"fr-FR","potentialAction":[{"@type":"ReadAction","target":["https:\/\/walkingranada.com\/politica-de-privacidad\/"]}]},{"@type":"BreadcrumbList","@id":"https:\/\/walkingranada.com\/politica-de-privacidad\/#breadcrumb","itemListElement":[{"@type":"ListItem","position":1,"name":"Portada","item":"https:\/\/walkingranada.com\/"},{"@type":"ListItem","position":2,"name":"Pol\u00edtica de privacidad"}]},{"@type":"WebSite","@id":"https:\/\/walkingranada.com\/#website","url":"https:\/\/walkingranada.com\/","name":"Walk in Granada","description":"Turismo responsable","publisher":{"@id":"https:\/\/walkingranada.com\/#organization"},"alternateName":"Walk in Granada","potentialAction":[{"@type":"SearchAction","target":{"@type":"EntryPoint","urlTemplate":"https:\/\/walkingranada.com\/?s={search_term_string}"},"query-input":{"@type":"PropertyValueSpecification","valueRequired":true,"valueName":"search_term_string"}}],"inLanguage":"fr-FR"},{"@type":"Organization","@id":"https:\/\/walkingranada.com\/#organization","name":"Walk In Granada","alternateName":"Walk In Granada","url":"https:\/\/walkingranada.com\/","logo":{"@type":"ImageObject","inLanguage":"fr-FR","@id":"https:\/\/walkingranada.com\/#\/schema\/logo\/image\/","url":"https:\/\/walkingranada.com\/wp-content\/uploads\/2022\/12\/Logo-Walking.webp","contentUrl":"https:\/\/walkingranada.com\/wp-content\/uploads\/2022\/12\/Logo-Walking.webp","width":512,"height":512,"caption":"Walk In Granada"},"image":{"@id":"https:\/\/walkingranada.com\/#\/schema\/logo\/image\/"},"sameAs":["https:\/\/es-es.facebook.com\/walkingranadatour\/","https:\/\/x.com\/walkingranada","https:\/\/www.instagram.com\/walkingranada\/"]}]}},"_links":{"self":[{"href":"https:\/\/walkingranada.com\/fr\/wp-json\/wp\/v2\/pages\/1236","targetHints":{"allow":["GET"]}}],"collection":[{"href":"https:\/\/walkingranada.com\/fr\/wp-json\/wp\/v2\/pages"}],"about":[{"href":"https:\/\/walkingranada.com\/fr\/wp-json\/wp\/v2\/types\/page"}],"author":[{"embeddable":true,"href":"https:\/\/walkingranada.com\/fr\/wp-json\/wp\/v2\/users\/2"}],"replies":[{"embeddable":true,"href":"https:\/\/walkingranada.com\/fr\/wp-json\/wp\/v2\/comments?post=1236"}],"version-history":[{"count":0,"href":"https:\/\/walkingranada.com\/fr\/wp-json\/wp\/v2\/pages\/1236\/revisions"}],"wp:attachment":[{"href":"https:\/\/walkingranada.com\/fr\/wp-json\/wp\/v2\/media?parent=1236"}],"curies":[{"name":"wp","href":"https:\/\/api.w.org\/{rel}","templated":true}]}}