{"id":106,"date":"2022-10-10T11:10:39","date_gmt":"2022-10-10T11:10:39","guid":{"rendered":"https:\/\/factum-omibu.es\/walkin\/?page_id=106"},"modified":"2026-02-25T09:54:32","modified_gmt":"2026-02-25T09:54:32","slug":"que-faire-a-granada","status":"publish","type":"page","link":"https:\/\/walkingranada.com\/fr\/que-hacer-en-granada\/","title":{"rendered":"Que faire \u00e0 Granada"},"content":{"rendered":"<h1>\n\t\t\tQue faire \u00e0 Granada\t<\/h1>\n<h2>\n\t\t\tEXP\u00c9RIENCES ET AUTRES SERVICES\t<\/h2>\n<h2>\n\t\t\tGrenade a beaucoup plus \u00e0 offrir en dehors de ses monuments\t<\/h2>\n\t<p>Profitez de votre s\u00e9jour dans la ville pour d\u00e9couvrir notre itin\u00e9raire olfactif novateur, assister \u00e0 un spectacle de flamenco ou parcourir l\u2019un des sentiers de randonn\u00e9e si vous \u00eates un amoureux de la nature.<\/p>\n<p>N\u2019oubliez pas que nous pouvons \u00e9galement g\u00e9rer des excursions pour continuer \u00e0 d\u00e9couvrir l\u2019Andalousie et m\u00eame g\u00e9rer des services de transfert en ville, vers ou depuis l\u2019a\u00e9roport ou d\u2019autres villes.<\/p>\n\t<a href=\"https:\/\/walkingranada.com\/fr\/que-faire-a-granada\/flamenco\/\" target=\"_self\"><\/a>\t\t\t<img decoding=\"async\" loading=\"lazy\" alt=\"Servicio Flamenco\" src=\"https:\/\/walkingranada.com\/wp-content\/uploads\/2023\/01\/Servicio-Flamenco.webp\"\/>\n\t\t<h3>Flamenco<\/h3>\n\t<a href=\"https:\/\/walkingranada.com\/fr\/que-faire-a-granada\/route-olfactif\/\" target=\"_self\"><\/a>\t\t\t<img decoding=\"async\" loading=\"lazy\" alt=\"Servicio Rutas Olfativas\" src=\"https:\/\/walkingranada.com\/wp-content\/uploads\/2023\/01\/Servicio-Rutas-Olfativas.webp\"\/>\n\t\t<h3>Route olfactif<\/h3>\n\t<a href=\"https:\/\/walkingranada.com\/fr\/que-faire-a-granada\/parcours-gastronomiques\/\" target=\"_self\"><\/a>\t\t\t<img decoding=\"async\" loading=\"lazy\" alt=\"Servicio Rutas Gastron\u00f3micas\" src=\"https:\/\/walkingranada.com\/wp-content\/uploads\/2023\/01\/Servicio-Rutas-Gastronomicas.webp\"\/>\n\t\t<h3>Parcours gastronomiques<\/h3>\n\t<a href=\"https:\/\/walkingranada.com\/fr\/que-faire-a-granada\/excursions\/\" target=\"_self\"><\/a>\t\t\t<img decoding=\"async\" loading=\"lazy\" alt=\"Servicio Excursiones\" src=\"https:\/\/walkingranada.com\/wp-content\/uploads\/2023\/01\/Servicio-Excursiones.webp\"\/>\n\t\t<h3>excursions <br \/>d\u2019une journ\u00e9e<\/h3>\n\t<a href=\"https:\/\/walkingranada.com\/fr\/transferts\/\" target=\"_self\"><\/a>\t\t\t<img decoding=\"async\" loading=\"lazy\" alt=\"Transfers Servicios\" src=\"https:\/\/walkingranada.com\/wp-content\/uploads\/2023\/01\/Transfers-Servicios.jpg.webp\"\/>\n\t\t<h3>Transfers<\/h3>\n\t<a href=\"https:\/\/walkingranada.com\/fr\/que-faire-a-granada\/excursions\/vol-en-montgolfiere\/\" target=\"_self\"><\/a>\t\t\t<img decoding=\"async\" loading=\"lazy\" alt=\"Globo Servicios\" src=\"https:\/\/walkingranada.com\/wp-content\/uploads\/2023\/01\/Globo-Servicios.jpg.webp\"\/>\n\t\t<h3>Vol <br \/>en montgolfi\u00e8re<\/h3>\n<h3>\n\t\t\tTambi\u00e9n puedes reservar nuestras visitas guiadas&#8230;\t<\/h3>\n\t<a href=\"https:\/\/walkingranada.com\/fr\/visites-guidees\/centre-historique-albaicin\/\" target=\"_self\"><\/a>\t\t\t<img decoding=\"async\" loading=\"lazy\" alt=\"Plaza Nueva de Granada\" src=\"https:\/\/walkingranada.com\/wp-content\/uploads\/2023\/01\/Centro-historico-card.webp\"\/>\n\t\t<h3>Centre <br \/>HISTORIQUE <br \/>et Albaic\u00edn<\/h3>\n\t<a href=\"https:\/\/walkingranada.com\/fr\/visites-guidees\/albaicin\/\" target=\"_self\"><\/a>\t\t\t<img decoding=\"async\" loading=\"lazy\" alt=\"Albayc\u00edn\" src=\"https:\/\/walkingranada.com\/wp-content\/uploads\/2023\/01\/card-albaicin.webp\"\/>\n\t\t<h3>Albaic\u00edn<\/h3>\n\t<a href=\"https:\/\/walkingranada.com\/fr\/visites-guidees\/sacromonte\/\" target=\"_self\"><\/a>\t\t\t<img decoding=\"async\" loading=\"lazy\" alt=\"Cuevas del Sacromonte\" src=\"https:\/\/walkingranada.com\/wp-content\/uploads\/2023\/01\/Card-Sacromonte.webp\"\/>\n\t\t<h3>Sacromonte<\/h3>\n\t<a href=\"https:\/\/walkingranada.com\/fr\/visites-guidees\/albaicin-et-sacromonte\/\" target=\"_self\"><\/a>\t\t\t<img decoding=\"async\" loading=\"lazy\" alt=\"Sacromonte\" src=\"https:\/\/walkingranada.com\/wp-content\/uploads\/2023\/01\/Albaicin-sacromonte-card-1.webp\"\/>\n\t\t<h3>Albaic\u00edn y sacromonte<\/h3>","protected":false},"excerpt":{"rendered":"<p>Qu\u00e9 hacer en granada EXPERIENCIAS Y OTROS SERVICIOS Granada tiene mucho m\u00e1s que ofrecer aparte de sus monumentos Saca el m\u00e1ximo provecho a tu estancia en la ciudad, ya sea descubriendo nuestra novedosa ruta olfativa, disfrutando de un espect\u00e1culo de flamenco o realizando alguna de las rutas de senderismo si eres un amante de la &#8230; <a title=\"Que faire \u00e0 Granada\" class=\"read-more\" href=\"https:\/\/walkingranada.com\/fr\/que-hacer-en-granada\/\" aria-label=\"En savoir plus sur Qu\u00e9 hacer en granada\">Lire la suite<\/a><\/p>","protected":false},"author":2,"featured_media":0,"parent":0,"menu_order":0,"comment_status":"closed","ping_status":"closed","template":"","meta":{"footnotes":""},"class_list":["post-106","page","type-page","status-publish"],"yoast_head":"<!-- This site is optimized with the Yoast SEO plugin v27.5 - https:\/\/yoast.com\/product\/yoast-seo-wordpress\/ -->\n<title>Qu\u00e9 hacer en Granada - Walk in Granada<\/title>\n<meta name=\"description\" content=\"\u00bfQuieres saber qu\u00e9 hacer en Granada? Aqu\u00ed encontrar\u00e1s todo lo que la ciudad de la Alhambra tiene que ofrecerte. \u00a1Planes, experiencias y m\u00e1s!\" \/>\n<meta name=\"robots\" content=\"index, follow, max-snippet:-1, max-image-preview:large, max-video-preview:-1\" \/>\n<link rel=\"canonical\" href=\"https:\/\/walkingranada.com\/fr\/que-faire-a-granada\/\" \/>\n<meta property=\"og:locale\" content=\"fr_FR\" \/>\n<meta property=\"og:type\" content=\"article\" \/>\n<meta property=\"og:title\" content=\"Qu\u00e9 hacer en Granada - Walk in Granada\" \/>\n<meta property=\"og:description\" content=\"\u00bfQuieres saber qu\u00e9 hacer en Granada? Aqu\u00ed encontrar\u00e1s todo lo que la ciudad de la Alhambra tiene que ofrecerte. \u00a1Planes, experiencias y m\u00e1s!\" \/>\n<meta property=\"og:url\" content=\"https:\/\/walkingranada.com\/fr\/que-faire-a-granada\/\" \/>\n<meta property=\"og:site_name\" content=\"Walk in Granada\" \/>\n<meta property=\"article:publisher\" content=\"https:\/\/es-es.facebook.com\/walkingranadatour\/\" \/>\n<meta property=\"article:modified_time\" content=\"2026-02-25T09:54:32+00:00\" \/>\n<meta property=\"og:image\" content=\"https:\/\/walkingranada.com\/wp-content\/uploads\/2023\/01\/Servicio-Flamenco.webp\" \/>\n<meta name=\"twitter:card\" content=\"summary_large_image\" \/>\n<meta name=\"twitter:site\" content=\"@walkingranada\" \/>\n<meta name=\"twitter:label1\" content=\"Dur\u00e9e de lecture estim\u00e9e\" \/>\n\t<meta name=\"twitter:data1\" content=\"3 minutes\" \/>\n<script type=\"application\/ld+json\" class=\"yoast-schema-graph\">{\"@context\":\"https:\\\/\\\/schema.org\",\"@graph\":[{\"@type\":\"WebPage\",\"@id\":\"https:\\\/\\\/walkingranada.com\\\/que-hacer-en-granada\\\/\",\"url\":\"https:\\\/\\\/walkingranada.com\\\/que-hacer-en-granada\\\/\",\"name\":\"Qu\u00e9 hacer en Granada - Walk in Granada\",\"isPartOf\":{\"@id\":\"https:\\\/\\\/walkingranada.com\\\/#website\"},\"primaryImageOfPage\":{\"@id\":\"https:\\\/\\\/walkingranada.com\\\/que-hacer-en-granada\\\/#primaryimage\"},\"image\":{\"@id\":\"https:\\\/\\\/walkingranada.com\\\/que-hacer-en-granada\\\/#primaryimage\"},\"thumbnailUrl\":\"https:\\\/\\\/walkingranada.com\\\/wp-content\\\/uploads\\\/2023\\\/01\\\/Servicio-Flamenco.webp\",\"datePublished\":\"2022-10-10T11:10:39+00:00\",\"dateModified\":\"2026-02-25T09:54:32+00:00\",\"description\":\"\u00bfQuieres saber qu\u00e9 hacer en Granada? Aqu\u00ed encontrar\u00e1s todo lo que la ciudad de la Alhambra tiene que ofrecerte. \u00a1Planes, experiencias y m\u00e1s!\",\"breadcrumb\":{\"@id\":\"https:\\\/\\\/walkingranada.com\\\/que-hacer-en-granada\\\/#breadcrumb\"},\"inLanguage\":\"fr-FR\",\"potentialAction\":[{\"@type\":\"ReadAction\",\"target\":[\"https:\\\/\\\/walkingranada.com\\\/que-hacer-en-granada\\\/\"]}]},{\"@type\":\"ImageObject\",\"inLanguage\":\"fr-FR\",\"@id\":\"https:\\\/\\\/walkingranada.com\\\/que-hacer-en-granada\\\/#primaryimage\",\"url\":\"https:\\\/\\\/walkingranada.com\\\/wp-content\\\/uploads\\\/2023\\\/01\\\/Servicio-Flamenco.webp\",\"contentUrl\":\"https:\\\/\\\/walkingranada.com\\\/wp-content\\\/uploads\\\/2023\\\/01\\\/Servicio-Flamenco.webp\"},{\"@type\":\"BreadcrumbList\",\"@id\":\"https:\\\/\\\/walkingranada.com\\\/que-hacer-en-granada\\\/#breadcrumb\",\"itemListElement\":[{\"@type\":\"ListItem\",\"position\":1,\"name\":\"Portada\",\"item\":\"https:\\\/\\\/walkingranada.com\\\/\"},{\"@type\":\"ListItem\",\"position\":2,\"name\":\"Qu\u00e9 hacer en granada\"}]},{\"@type\":\"WebSite\",\"@id\":\"https:\\\/\\\/walkingranada.com\\\/#website\",\"url\":\"https:\\\/\\\/walkingranada.com\\\/\",\"name\":\"Walk in Granada\",\"description\":\"Turismo responsable\",\"publisher\":{\"@id\":\"https:\\\/\\\/walkingranada.com\\\/#organization\"},\"alternateName\":\"Walk in Granada\",\"potentialAction\":[{\"@type\":\"SearchAction\",\"target\":{\"@type\":\"EntryPoint\",\"urlTemplate\":\"https:\\\/\\\/walkingranada.com\\\/?s={search_term_string}\"},\"query-input\":{\"@type\":\"PropertyValueSpecification\",\"valueRequired\":true,\"valueName\":\"search_term_string\"}}],\"inLanguage\":\"fr-FR\"},{\"@type\":\"Organization\",\"@id\":\"https:\\\/\\\/walkingranada.com\\\/#organization\",\"name\":\"Walk In Granada\",\"alternateName\":\"Walk In Granada\",\"url\":\"https:\\\/\\\/walkingranada.com\\\/\",\"logo\":{\"@type\":\"ImageObject\",\"inLanguage\":\"fr-FR\",\"@id\":\"https:\\\/\\\/walkingranada.com\\\/#\\\/schema\\\/logo\\\/image\\\/\",\"url\":\"https:\\\/\\\/walkingranada.com\\\/wp-content\\\/uploads\\\/2022\\\/12\\\/Logo-Walking.webp\",\"contentUrl\":\"https:\\\/\\\/walkingranada.com\\\/wp-content\\\/uploads\\\/2022\\\/12\\\/Logo-Walking.webp\",\"width\":512,\"height\":512,\"caption\":\"Walk In Granada\"},\"image\":{\"@id\":\"https:\\\/\\\/walkingranada.com\\\/#\\\/schema\\\/logo\\\/image\\\/\"},\"sameAs\":[\"https:\\\/\\\/es-es.facebook.com\\\/walkingranadatour\\\/\",\"https:\\\/\\\/x.com\\\/walkingranada\",\"https:\\\/\\\/www.instagram.com\\\/walkingranada\\\/\"]}]}<\/script>\n<!-- \/ Yoast SEO plugin. -->","yoast_head_json":{"title":"Que faire \u00e0 Grenade - Walk in Granada","description":"Voulez-vous savoir quoi faire \u00e0 Grenade? Ici, vous trouverez tout ce que la ville de l'Alhambra a \u00e0 vous offrir. Des plans, des exp\u00e9riences et plus encore!","robots":{"index":"index","follow":"follow","max-snippet":"max-snippet:-1","max-image-preview":"max-image-preview:large","max-video-preview":"max-video-preview:-1"},"canonical":"https:\/\/walkingranada.com\/fr\/que-faire-a-granada\/","og_locale":"fr_FR","og_type":"article","og_title":"Qu\u00e9 hacer en Granada - Walk in Granada","og_description":"\u00bfQuieres saber qu\u00e9 hacer en Granada? Aqu\u00ed encontrar\u00e1s todo lo que la ciudad de la Alhambra tiene que ofrecerte. \u00a1Planes, experiencias y m\u00e1s!","og_url":"https:\/\/walkingranada.com\/fr\/que-faire-a-granada\/","og_site_name":"Walk in Granada","article_publisher":"https:\/\/es-es.facebook.com\/walkingranadatour\/","article_modified_time":"2026-02-25T09:54:32+00:00","og_image":[{"url":"https:\/\/walkingranada.com\/wp-content\/uploads\/2023\/01\/Servicio-Flamenco.webp","type":"","width":"","height":""}],"twitter_card":"summary_large_image","twitter_site":"@walkingranada","twitter_misc":{"Dur\u00e9e de lecture estim\u00e9e":"3 minutes"},"schema":{"@context":"https:\/\/schema.org","@graph":[{"@type":"WebPage","@id":"https:\/\/walkingranada.com\/que-hacer-en-granada\/","url":"https:\/\/walkingranada.com\/que-hacer-en-granada\/","name":"Que faire \u00e0 Grenade - Walk in Granada","isPartOf":{"@id":"https:\/\/walkingranada.com\/#website"},"primaryImageOfPage":{"@id":"https:\/\/walkingranada.com\/que-hacer-en-granada\/#primaryimage"},"image":{"@id":"https:\/\/walkingranada.com\/que-hacer-en-granada\/#primaryimage"},"thumbnailUrl":"https:\/\/walkingranada.com\/wp-content\/uploads\/2023\/01\/Servicio-Flamenco.webp","datePublished":"2022-10-10T11:10:39+00:00","dateModified":"2026-02-25T09:54:32+00:00","description":"Voulez-vous savoir quoi faire \u00e0 Grenade? Ici, vous trouverez tout ce que la ville de l'Alhambra a \u00e0 vous offrir. Des plans, des exp\u00e9riences et plus encore!","breadcrumb":{"@id":"https:\/\/walkingranada.com\/que-hacer-en-granada\/#breadcrumb"},"inLanguage":"fr-FR","potentialAction":[{"@type":"ReadAction","target":["https:\/\/walkingranada.com\/que-hacer-en-granada\/"]}]},{"@type":"ImageObject","inLanguage":"fr-FR","@id":"https:\/\/walkingranada.com\/que-hacer-en-granada\/#primaryimage","url":"https:\/\/walkingranada.com\/wp-content\/uploads\/2023\/01\/Servicio-Flamenco.webp","contentUrl":"https:\/\/walkingranada.com\/wp-content\/uploads\/2023\/01\/Servicio-Flamenco.webp"},{"@type":"BreadcrumbList","@id":"https:\/\/walkingranada.com\/que-hacer-en-granada\/#breadcrumb","itemListElement":[{"@type":"ListItem","position":1,"name":"Portada","item":"https:\/\/walkingranada.com\/"},{"@type":"ListItem","position":2,"name":"Qu\u00e9 hacer en granada"}]},{"@type":"WebSite","@id":"https:\/\/walkingranada.com\/#website","url":"https:\/\/walkingranada.com\/","name":"Walk in Granada","description":"Turismo responsable","publisher":{"@id":"https:\/\/walkingranada.com\/#organization"},"alternateName":"Walk in Granada","potentialAction":[{"@type":"SearchAction","target":{"@type":"EntryPoint","urlTemplate":"https:\/\/walkingranada.com\/?s={search_term_string}"},"query-input":{"@type":"PropertyValueSpecification","valueRequired":true,"valueName":"search_term_string"}}],"inLanguage":"fr-FR"},{"@type":"Organization","@id":"https:\/\/walkingranada.com\/#organization","name":"Walk In Granada","alternateName":"Walk In Granada","url":"https:\/\/walkingranada.com\/","logo":{"@type":"ImageObject","inLanguage":"fr-FR","@id":"https:\/\/walkingranada.com\/#\/schema\/logo\/image\/","url":"https:\/\/walkingranada.com\/wp-content\/uploads\/2022\/12\/Logo-Walking.webp","contentUrl":"https:\/\/walkingranada.com\/wp-content\/uploads\/2022\/12\/Logo-Walking.webp","width":512,"height":512,"caption":"Walk In Granada"},"image":{"@id":"https:\/\/walkingranada.com\/#\/schema\/logo\/image\/"},"sameAs":["https:\/\/es-es.facebook.com\/walkingranadatour\/","https:\/\/x.com\/walkingranada","https:\/\/www.instagram.com\/walkingranada\/"]}]}},"_links":{"self":[{"href":"https:\/\/walkingranada.com\/fr\/wp-json\/wp\/v2\/pages\/106","targetHints":{"allow":["GET"]}}],"collection":[{"href":"https:\/\/walkingranada.com\/fr\/wp-json\/wp\/v2\/pages"}],"about":[{"href":"https:\/\/walkingranada.com\/fr\/wp-json\/wp\/v2\/types\/page"}],"author":[{"embeddable":true,"href":"https:\/\/walkingranada.com\/fr\/wp-json\/wp\/v2\/users\/2"}],"replies":[{"embeddable":true,"href":"https:\/\/walkingranada.com\/fr\/wp-json\/wp\/v2\/comments?post=106"}],"version-history":[{"count":2,"href":"https:\/\/walkingranada.com\/fr\/wp-json\/wp\/v2\/pages\/106\/revisions"}],"predecessor-version":[{"id":7256,"href":"https:\/\/walkingranada.com\/fr\/wp-json\/wp\/v2\/pages\/106\/revisions\/7256"}],"wp:attachment":[{"href":"https:\/\/walkingranada.com\/fr\/wp-json\/wp\/v2\/media?parent=106"}],"curies":[{"name":"wp","href":"https:\/\/api.w.org\/{rel}","templated":true}]}}