{"id":1051,"date":"2022-12-19T15:45:10","date_gmt":"2022-12-19T15:45:10","guid":{"rendered":"https:\/\/factum-omibu.es\/walkin\/?page_id=1051"},"modified":"2023-05-22T06:41:02","modified_gmt":"2023-05-22T06:41:02","slug":"comment-acceder-a-plaza-nueva","status":"publish","type":"page","link":"https:\/\/walkingranada.com\/fr\/como-llegar-a-plaza-nueva\/","title":{"rendered":"Como llegar a Plaza Nueva"},"content":{"rendered":"<h1>Comment acc\u00e9der \u00e0 Plaza Nueva?<\/h1>\r\n<p><a id=\"fl-tabs--label-0\" tabindex=\"0\" role=\"tab\" href=\"#\" data-index=\"0\" aria-selected=\"true\" aria-controls=\"fl-tabs--panel-0\" aria-expanded=\"true\"> <img decoding=\"async\" loading=\"lazy\" src=\"https:\/\/walkingranada.com\/wp-content\/uploads\/2022\/12\/a-pie.png\" alt=\"a pie\" \/>A pied <\/a> <a id=\"fl-tabs--label-1\" tabindex=\"0\" role=\"tab\" href=\"#\" data-index=\"1\" aria-selected=\"false\" aria-controls=\"fl-tabs--panel-1\" aria-expanded=\"false\"> <img decoding=\"async\" loading=\"lazy\" src=\"https:\/\/walkingranada.com\/wp-content\/uploads\/2022\/12\/bus.png\" alt=\"autobus\" \/>Autobus <\/a> <a id=\"fl-tabs--label-2\" tabindex=\"0\" role=\"tab\" href=\"#\" data-index=\"2\" aria-selected=\"false\" aria-controls=\"fl-tabs--panel-2\" aria-expanded=\"false\"> <img decoding=\"async\" loading=\"lazy\" src=\"https:\/\/walkingranada.com\/wp-content\/uploads\/2022\/12\/taxi.png\" alt=\"taxi\" \/>Taxi <\/a> <a id=\"fl-tabs--label-3\" tabindex=\"0\" role=\"tab\" href=\"#\" data-index=\"3\" aria-selected=\"false\" aria-controls=\"fl-tabs--panel-3\" aria-expanded=\"false\"> <img decoding=\"async\" loading=\"lazy\" src=\"https:\/\/walkingranada.com\/wp-content\/uploads\/2022\/12\/coche.png\" alt=\"taxi\" \/>Voiture <\/a> <img decoding=\"async\" loading=\"lazy\" src=\"https:\/\/walkingranada.com\/wp-content\/uploads\/2022\/12\/a-pie.png\" alt=\"a pie\" \/>A pied<\/p>\r\n<p>La Plaza Nueva est une des places les plus importantes de Grenade. Vous pouvez arriver \u00e0 cette place centrale en venant de plusieurs directions:<\/p>\r\n<ul>\r\n<li>Par l\u2019Avenue de Gran V\u00eda ou la rue Elvira, si vous venez de la zone du Triunfo.<\/li>\r\n<li>Par la rue Reyes Cat\u00f3licos si vous venez du Centre<\/li>\r\n<li>Par Cuesta Gomerez, si vous venez de l'Alhambra<\/li>\r\n<li>Par Carrera del Darro, si vous venez des quartiers de l'Albaic\u00edn ou du Sacromonte.<br \/>La rue Pavaneras, si vous venez du quartier de Realejo.<\/li>\r\n<\/ul>\r\n<p>A no ser que te encuentres en una zona muy a las afueras de la ciudad, la distancia m\u00e1xima desde pr\u00e1cticamente cualquier lugar de la ciudad hasta Plaza Nueva no supera los 1,200 &#8211; 1500 metros (entre 15 y 20 minutos). Depende de tu ritmo.<\/p>\r\n<p><img decoding=\"async\" loading=\"lazy\" src=\"https:\/\/walkingranada.com\/wp-content\/uploads\/2022\/12\/bus.png\" alt=\"autobus\" \/>Autobus<\/p>\r\n<p>Las l\u00edneas de autob\u00fas que realizan el trayecto hasta Plaza Nueva son principalmente las l\u00edneas de minib\u00fas rojo que cubren la zona Centro: C31 (Albaic\u00edn &#8211; Centro), C32 (Alhambra &#8211; Albaic\u00edn) y C34 (Sacromonte &#8211; Centro). Tambi\u00e9n llegan hasta cerca de Plaza Nueva las l\u00edneas C30 (Alhambra &#8211; Centro), \u00a0C5 (Neptuno &#8211; Centro), 4 (Chana &#8211; Zaid\u00edn) y 33 (Cenes de la Vega &#8211; Estaci\u00f3n Autobuses). Estos autobuses pasan con bastante frecuencia, cada 15-20 minutos, y el precio del billete normal es de 1,40 \u20ac. En los estancos se pueden adquirir bonos de varios viajes desde 5 o 10 \u20ac, siendo el viaje individual mucho m\u00e1s barato.<\/p>\r\n<p><img decoding=\"async\" loading=\"lazy\" src=\"https:\/\/walkingranada.com\/wp-content\/uploads\/2022\/12\/taxi.png\" alt=\"taxi\" \/>Taxi<\/p>\r\n<p>Prendre un taxi est une autre option pour se rendre \u00e0 la Plaza Nueva. Le co\u00fbt approximatif depuis diff\u00e9rents points de la ville se trouve entre \u20ac 5,00 y \u20ac 10,00. (T\u00e9l\u00e9-radio-taxi: 958 280 654). Vous pouvez aussi r\u00e9server des taxis de 7 places ou des Eurotaxis adapt\u00e9s aux personnes \u00e0 mobilit\u00e9 r\u00e9duite. Pour ces derniers, il est recommand\u00e9 de les r\u00e9server en avance puisque leur disponibilit\u00e9 est plus r\u00e9duite.<\/p>\r\n<p><img decoding=\"async\" loading=\"lazy\" src=\"https:\/\/walkingranada.com\/wp-content\/uploads\/2022\/12\/coche.png\" alt=\"taxi\" \/>Voiture<\/p>\r\n<p>L\u2019acc\u00e8s \u00e0 la Plaza Nueva en voiture est plut\u00f4t complexe car plusieurs rues du centre ville sont restreintes au trafic routier. Pour cette raison, il n\u2019est pas possible d\u2019acc\u00e9der \u00e0 la Plaza Nueva en voiture. Il vous sera donc n\u00e9cessaire de garer votre voiture \u00e0 quelques minutes de la place, et de finir le trajet \u00e0 pied.<\/p>\r\n<p>Dans le centre de Granada, les options de parking gratuits sont tr\u00e8s r\u00e9duites, c\u2019est pour cela que nous vous recommandons de laisser votre voiture dans un des parkings du centre, et de la d\u00e9placer le moins possible durant votre s\u00e9jour dans la ville. Le parking de San Augustin est juste en dessous du march\u00e9 central de Granada et c\u2019est l\u2019un des plus proches, \u00e0 seulement 4 ou 5 minutes \u00e0 pied de la Plaza Nueva. Il existe d\u2019\u2019autres parkings \u00e0 proximit\u00e9 qui sont le Parking de Plaza de los Campos (\u00e0 environ 10 minutes \u00e0 pied), ou le Parking del Triunfo (\u00e0 environ 15 minutes \u00e0 pied). Le prix de ces parkings est d\u2019environ 2,50\u20ac par heure.<\/p>\r\n<h3>Tambi\u00e9n puedes reservar nuestros otros servicicios&#8230;<\/h3>\r\n<p><img decoding=\"async\" loading=\"lazy\" src=\"https:\/\/walkingranada.com\/wp-content\/uploads\/2022\/10\/Rectangle-42.png\" alt=\"\" \/><\/p>\r\n<p>Flamenco<\/p>\r\n<p><img decoding=\"async\" loading=\"lazy\" src=\"https:\/\/walkingranada.com\/wp-content\/uploads\/2022\/10\/Rectangle-43.png\" alt=\"\" \/><\/p>\r\n<p>Hammam<br \/>Al-\u00e1ndalus<\/p>\r\n<p><img decoding=\"async\" loading=\"lazy\" src=\"https:\/\/walkingranada.com\/wp-content\/uploads\/2022\/10\/Rectangle-45.png\" alt=\"\" \/><\/p>\r\n<p>Excursions d'une journ\u00e9e<\/p>\r\n<p><img decoding=\"async\" loading=\"lazy\" src=\"https:\/\/walkingranada.com\/wp-content\/uploads\/2022\/10\/Rectangle-38.png\" alt=\"\" \/><\/p>\r\n<p>Route olfactif<\/p>","protected":false},"excerpt":{"rendered":"<p>\u00bfC\u00f3mo llegar a Plaza Nueva? A pie Autobus Taxi Coche A pie Plaza nueva es una de las plazas m\u00e1s importantes de Granada. Puedes llegar hasta esta c\u00e9ntrica plaza desde varias direcciones, entre otras: Por la Gran V\u00eda o Calle Elvira, si vienes desde la zona del Triunfo. Por la calle Reyes Cat\u00f3licos, si vienes &#8230; <a title=\"Como llegar a Plaza Nueva\" class=\"read-more\" href=\"https:\/\/walkingranada.com\/fr\/como-llegar-a-plaza-nueva\/\" aria-label=\"En savoir plus sur Como llegar a Plaza Nueva\">Lire la suite<\/a><\/p>","protected":false},"author":2,"featured_media":2732,"parent":0,"menu_order":0,"comment_status":"closed","ping_status":"closed","template":"","meta":{"footnotes":""},"class_list":["post-1051","page","type-page","status-publish","has-post-thumbnail"],"yoast_head":"<!-- This site is optimized with the Yoast SEO plugin v27.4 - https:\/\/yoast.com\/product\/yoast-seo-wordpress\/ -->\n<title>C\u00f3mo llegar a Plaza Nueva - Walk in Granada<\/title>\n<meta name=\"description\" content=\"Aqu\u00ed te mostramos las diferentes opciones de transporte para llegar a Plaza Nueva en Granada. Una plaza c\u00e9ntrica a los pies de la Alhambra.\" \/>\n<meta name=\"robots\" content=\"index, follow, max-snippet:-1, max-image-preview:large, max-video-preview:-1\" \/>\n<link rel=\"canonical\" href=\"https:\/\/walkingranada.com\/fr\/comment-acceder-a-plaza-nueva\/\" \/>\n<meta property=\"og:locale\" content=\"fr_FR\" \/>\n<meta property=\"og:type\" content=\"article\" \/>\n<meta property=\"og:title\" content=\"C\u00f3mo llegar a Plaza Nueva - Walk in Granada\" \/>\n<meta property=\"og:description\" content=\"Aqu\u00ed te mostramos las diferentes opciones de transporte para llegar a Plaza Nueva en Granada. Una plaza c\u00e9ntrica a los pies de la Alhambra.\" \/>\n<meta property=\"og:url\" content=\"https:\/\/walkingranada.com\/fr\/comment-acceder-a-plaza-nueva\/\" \/>\n<meta property=\"og:site_name\" content=\"Walk in Granada\" \/>\n<meta property=\"article:publisher\" content=\"https:\/\/es-es.facebook.com\/walkingranadatour\/\" \/>\n<meta property=\"article:modified_time\" content=\"2023-05-22T06:41:02+00:00\" \/>\n<meta property=\"og:image\" content=\"https:\/\/walkingranada.com\/wp-content\/uploads\/2023\/01\/fuente-plaza-nueva.webp\" \/>\n\t<meta property=\"og:image:width\" content=\"711\" \/>\n\t<meta property=\"og:image:height\" content=\"398\" \/>\n\t<meta property=\"og:image:type\" content=\"image\/webp\" \/>\n<meta name=\"twitter:card\" content=\"summary_large_image\" \/>\n<meta name=\"twitter:site\" content=\"@walkingranada\" \/>\n<meta name=\"twitter:label1\" content=\"Dur\u00e9e de lecture estim\u00e9e\" \/>\n\t<meta name=\"twitter:data1\" content=\"5 minutes\" \/>\n<script type=\"application\/ld+json\" class=\"yoast-schema-graph\">{\"@context\":\"https:\\\/\\\/schema.org\",\"@graph\":[{\"@type\":\"WebPage\",\"@id\":\"https:\\\/\\\/walkingranada.com\\\/como-llegar-a-plaza-nueva\\\/\",\"url\":\"https:\\\/\\\/walkingranada.com\\\/como-llegar-a-plaza-nueva\\\/\",\"name\":\"C\u00f3mo llegar a Plaza Nueva - Walk in Granada\",\"isPartOf\":{\"@id\":\"https:\\\/\\\/walkingranada.com\\\/#website\"},\"primaryImageOfPage\":{\"@id\":\"https:\\\/\\\/walkingranada.com\\\/como-llegar-a-plaza-nueva\\\/#primaryimage\"},\"image\":{\"@id\":\"https:\\\/\\\/walkingranada.com\\\/como-llegar-a-plaza-nueva\\\/#primaryimage\"},\"thumbnailUrl\":\"https:\\\/\\\/walkingranada.com\\\/wp-content\\\/uploads\\\/2023\\\/01\\\/fuente-plaza-nueva.webp\",\"datePublished\":\"2022-12-19T15:45:10+00:00\",\"dateModified\":\"2023-05-22T06:41:02+00:00\",\"description\":\"Aqu\u00ed te mostramos las diferentes opciones de transporte para llegar a Plaza Nueva en Granada. Una plaza c\u00e9ntrica a los pies de la Alhambra.\",\"breadcrumb\":{\"@id\":\"https:\\\/\\\/walkingranada.com\\\/como-llegar-a-plaza-nueva\\\/#breadcrumb\"},\"inLanguage\":\"fr-FR\",\"potentialAction\":[{\"@type\":\"ReadAction\",\"target\":[\"https:\\\/\\\/walkingranada.com\\\/como-llegar-a-plaza-nueva\\\/\"]}]},{\"@type\":\"ImageObject\",\"inLanguage\":\"fr-FR\",\"@id\":\"https:\\\/\\\/walkingranada.com\\\/como-llegar-a-plaza-nueva\\\/#primaryimage\",\"url\":\"https:\\\/\\\/walkingranada.com\\\/wp-content\\\/uploads\\\/2023\\\/01\\\/fuente-plaza-nueva.webp\",\"contentUrl\":\"https:\\\/\\\/walkingranada.com\\\/wp-content\\\/uploads\\\/2023\\\/01\\\/fuente-plaza-nueva.webp\",\"width\":711,\"height\":398,\"caption\":\"Fuente en Plaza Nueva\"},{\"@type\":\"BreadcrumbList\",\"@id\":\"https:\\\/\\\/walkingranada.com\\\/como-llegar-a-plaza-nueva\\\/#breadcrumb\",\"itemListElement\":[{\"@type\":\"ListItem\",\"position\":1,\"name\":\"Portada\",\"item\":\"https:\\\/\\\/walkingranada.com\\\/\"},{\"@type\":\"ListItem\",\"position\":2,\"name\":\"Como llegar a Plaza Nueva\"}]},{\"@type\":\"WebSite\",\"@id\":\"https:\\\/\\\/walkingranada.com\\\/#website\",\"url\":\"https:\\\/\\\/walkingranada.com\\\/\",\"name\":\"Walk in Granada\",\"description\":\"Turismo responsable\",\"publisher\":{\"@id\":\"https:\\\/\\\/walkingranada.com\\\/#organization\"},\"alternateName\":\"Walk in Granada\",\"potentialAction\":[{\"@type\":\"SearchAction\",\"target\":{\"@type\":\"EntryPoint\",\"urlTemplate\":\"https:\\\/\\\/walkingranada.com\\\/?s={search_term_string}\"},\"query-input\":{\"@type\":\"PropertyValueSpecification\",\"valueRequired\":true,\"valueName\":\"search_term_string\"}}],\"inLanguage\":\"fr-FR\"},{\"@type\":\"Organization\",\"@id\":\"https:\\\/\\\/walkingranada.com\\\/#organization\",\"name\":\"Walk In Granada\",\"alternateName\":\"Walk In Granada\",\"url\":\"https:\\\/\\\/walkingranada.com\\\/\",\"logo\":{\"@type\":\"ImageObject\",\"inLanguage\":\"fr-FR\",\"@id\":\"https:\\\/\\\/walkingranada.com\\\/#\\\/schema\\\/logo\\\/image\\\/\",\"url\":\"https:\\\/\\\/walkingranada.com\\\/wp-content\\\/uploads\\\/2022\\\/12\\\/Logo-Walking.webp\",\"contentUrl\":\"https:\\\/\\\/walkingranada.com\\\/wp-content\\\/uploads\\\/2022\\\/12\\\/Logo-Walking.webp\",\"width\":512,\"height\":512,\"caption\":\"Walk In Granada\"},\"image\":{\"@id\":\"https:\\\/\\\/walkingranada.com\\\/#\\\/schema\\\/logo\\\/image\\\/\"},\"sameAs\":[\"https:\\\/\\\/es-es.facebook.com\\\/walkingranadatour\\\/\",\"https:\\\/\\\/x.com\\\/walkingranada\",\"https:\\\/\\\/www.instagram.com\\\/walkingranada\\\/\"]}]}<\/script>\n<!-- \/ Yoast SEO plugin. -->","yoast_head_json":{"title":"Comment arriver \u00e0 Plaza Nueva - Walk in Granada","description":"Ici, nous vous montrons les diff\u00e9rentes options de transport pour arriver \u00e0 Plaza Nueva \u00e0 Grenade. Une place centrale au pied de l'Alhambra.","robots":{"index":"index","follow":"follow","max-snippet":"max-snippet:-1","max-image-preview":"max-image-preview:large","max-video-preview":"max-video-preview:-1"},"canonical":"https:\/\/walkingranada.com\/fr\/comment-acceder-a-plaza-nueva\/","og_locale":"fr_FR","og_type":"article","og_title":"C\u00f3mo llegar a Plaza Nueva - Walk in Granada","og_description":"Aqu\u00ed te mostramos las diferentes opciones de transporte para llegar a Plaza Nueva en Granada. Una plaza c\u00e9ntrica a los pies de la Alhambra.","og_url":"https:\/\/walkingranada.com\/fr\/comment-acceder-a-plaza-nueva\/","og_site_name":"Walk in Granada","article_publisher":"https:\/\/es-es.facebook.com\/walkingranadatour\/","article_modified_time":"2023-05-22T06:41:02+00:00","og_image":[{"width":711,"height":398,"url":"https:\/\/walkingranada.com\/wp-content\/uploads\/2023\/01\/fuente-plaza-nueva.webp","type":"image\/webp"}],"twitter_card":"summary_large_image","twitter_site":"@walkingranada","twitter_misc":{"Dur\u00e9e de lecture estim\u00e9e":"5 minutes"},"schema":{"@context":"https:\/\/schema.org","@graph":[{"@type":"WebPage","@id":"https:\/\/walkingranada.com\/como-llegar-a-plaza-nueva\/","url":"https:\/\/walkingranada.com\/como-llegar-a-plaza-nueva\/","name":"Comment arriver \u00e0 Plaza Nueva - Walk in Granada","isPartOf":{"@id":"https:\/\/walkingranada.com\/#website"},"primaryImageOfPage":{"@id":"https:\/\/walkingranada.com\/como-llegar-a-plaza-nueva\/#primaryimage"},"image":{"@id":"https:\/\/walkingranada.com\/como-llegar-a-plaza-nueva\/#primaryimage"},"thumbnailUrl":"https:\/\/walkingranada.com\/wp-content\/uploads\/2023\/01\/fuente-plaza-nueva.webp","datePublished":"2022-12-19T15:45:10+00:00","dateModified":"2023-05-22T06:41:02+00:00","description":"Ici, nous vous montrons les diff\u00e9rentes options de transport pour arriver \u00e0 Plaza Nueva \u00e0 Grenade. Une place centrale au pied de l'Alhambra.","breadcrumb":{"@id":"https:\/\/walkingranada.com\/como-llegar-a-plaza-nueva\/#breadcrumb"},"inLanguage":"fr-FR","potentialAction":[{"@type":"ReadAction","target":["https:\/\/walkingranada.com\/como-llegar-a-plaza-nueva\/"]}]},{"@type":"ImageObject","inLanguage":"fr-FR","@id":"https:\/\/walkingranada.com\/como-llegar-a-plaza-nueva\/#primaryimage","url":"https:\/\/walkingranada.com\/wp-content\/uploads\/2023\/01\/fuente-plaza-nueva.webp","contentUrl":"https:\/\/walkingranada.com\/wp-content\/uploads\/2023\/01\/fuente-plaza-nueva.webp","width":711,"height":398,"caption":"Fuente en Plaza Nueva"},{"@type":"BreadcrumbList","@id":"https:\/\/walkingranada.com\/como-llegar-a-plaza-nueva\/#breadcrumb","itemListElement":[{"@type":"ListItem","position":1,"name":"Portada","item":"https:\/\/walkingranada.com\/"},{"@type":"ListItem","position":2,"name":"Como llegar a Plaza Nueva"}]},{"@type":"WebSite","@id":"https:\/\/walkingranada.com\/#website","url":"https:\/\/walkingranada.com\/","name":"Walk in Granada","description":"Turismo responsable","publisher":{"@id":"https:\/\/walkingranada.com\/#organization"},"alternateName":"Walk in Granada","potentialAction":[{"@type":"SearchAction","target":{"@type":"EntryPoint","urlTemplate":"https:\/\/walkingranada.com\/?s={search_term_string}"},"query-input":{"@type":"PropertyValueSpecification","valueRequired":true,"valueName":"search_term_string"}}],"inLanguage":"fr-FR"},{"@type":"Organization","@id":"https:\/\/walkingranada.com\/#organization","name":"Walk In Granada","alternateName":"Walk In Granada","url":"https:\/\/walkingranada.com\/","logo":{"@type":"ImageObject","inLanguage":"fr-FR","@id":"https:\/\/walkingranada.com\/#\/schema\/logo\/image\/","url":"https:\/\/walkingranada.com\/wp-content\/uploads\/2022\/12\/Logo-Walking.webp","contentUrl":"https:\/\/walkingranada.com\/wp-content\/uploads\/2022\/12\/Logo-Walking.webp","width":512,"height":512,"caption":"Walk In Granada"},"image":{"@id":"https:\/\/walkingranada.com\/#\/schema\/logo\/image\/"},"sameAs":["https:\/\/es-es.facebook.com\/walkingranadatour\/","https:\/\/x.com\/walkingranada","https:\/\/www.instagram.com\/walkingranada\/"]}]}},"_links":{"self":[{"href":"https:\/\/walkingranada.com\/fr\/wp-json\/wp\/v2\/pages\/1051","targetHints":{"allow":["GET"]}}],"collection":[{"href":"https:\/\/walkingranada.com\/fr\/wp-json\/wp\/v2\/pages"}],"about":[{"href":"https:\/\/walkingranada.com\/fr\/wp-json\/wp\/v2\/types\/page"}],"author":[{"embeddable":true,"href":"https:\/\/walkingranada.com\/fr\/wp-json\/wp\/v2\/users\/2"}],"replies":[{"embeddable":true,"href":"https:\/\/walkingranada.com\/fr\/wp-json\/wp\/v2\/comments?post=1051"}],"version-history":[{"count":0,"href":"https:\/\/walkingranada.com\/fr\/wp-json\/wp\/v2\/pages\/1051\/revisions"}],"wp:featuredmedia":[{"embeddable":true,"href":"https:\/\/walkingranada.com\/fr\/wp-json\/wp\/v2\/media\/2732"}],"wp:attachment":[{"href":"https:\/\/walkingranada.com\/fr\/wp-json\/wp\/v2\/media?parent=1051"}],"curies":[{"name":"wp","href":"https:\/\/api.w.org\/{rel}","templated":true}]}}