{"id":94,"date":"2022-10-10T10:47:43","date_gmt":"2022-10-10T10:47:43","guid":{"rendered":"https:\/\/factum-omibu.es\/walkin\/?page_id=94"},"modified":"2025-02-06T07:17:18","modified_gmt":"2025-02-06T07:17:18","slug":"guided-tours","status":"publish","type":"page","link":"https:\/\/walkingranada.com\/en\/visitas-guiadas\/","title":{"rendered":"Guided tours"},"content":{"rendered":"<h1>\n\t\tGuided Tours in Granada\n\t<\/h1>\n<h2>\n\t\tPRIVATE TOURS IN GRANADA, JUST FOR YOU AND YOUR GROUP\n\t<\/h2>\n<h2>\n\t\tAsk us for a customized tour just for you\n\t<\/h2>\n\tIn Walk in Granada we have prepared a selection of the most popular guided tours of the city through its most representative neighborhoods:<br \/>\nHistorical Center, Albaic\u00edn and Sacromonte.\n<p>But what\u2019s more, if you are a lover of the Granada poet Federico Garc\u00eda Lorca or if you want to delve into the Islamic and Mudejar architecture of the old Muslim quarter, we have created a series of special routes that we believe you will enjoy.<\/p>\n<p>All these tours are suitable for couples, families, groups of friends, congresses and incentive trips.<\/p>\n<p>Thanks to our local tour guides you will get to know all the history of the city exclusively, enjoying the city of Granada like never before.<\/p>\n<p>And that\u2019s not all! Following our philosophy of Responsible and Sustainable Tourism, at Walk in Granada we believe that everyone has the right to enjoy Granada. In 2018 we presented 4 adapted routes for people with Motor Disabilities.<\/p>\n<p>Feel free to check them out!<\/p>\n<h3>\n\t\tNuestras visitas guiadas  en Granada\n\t<\/h3>\n\t<a href=\"https:\/\/walkingranada.com\/en\/guided-tours\/historic-centre-albaicin\/\" target=\"_self\"><\/a>\t\t\t<img decoding=\"async\" loading=\"lazy\" alt=\"Plaza Nueva\" src=\"https:\/\/walkingranada.com\/wp-content\/uploads\/2023\/01\/centrohistorico-albaicin-card.webp\"\/>\n\t\t<h3>Historic City Centre and Albaic\u00edn<\/h3>\n\t<a href=\"https:\/\/walkingranada.com\/en\/guided-tours\/albaicin\/\" target=\"_self\"><\/a>\t\t\t<img decoding=\"async\" loading=\"lazy\" alt=\"Albayc\u00edn\" src=\"https:\/\/walkingranada.com\/wp-content\/uploads\/2023\/01\/card-albaicin.webp\"\/>\n\t\t<h3>Albaicin<\/h3>\n\t<a href=\"https:\/\/walkingranada.com\/en\/guided-tours\/sacromonte\/\" target=\"_self\"><\/a>\t\t\t<img decoding=\"async\" loading=\"lazy\" alt=\"Sacromonte\" src=\"https:\/\/walkingranada.com\/wp-content\/uploads\/2023\/01\/Sacromonte-card-1.webp\"\/>\n\t\t<h3>Sacromonte<\/h3>\n\t<a href=\"https:\/\/walkingranada.com\/en\/guided-tours\/albaicin-and-sacromonte\/\" target=\"_self\"><\/a>\t\t\t<img decoding=\"async\" loading=\"lazy\" alt=\"Sacromonte\" src=\"https:\/\/walkingranada.com\/wp-content\/uploads\/2023\/01\/Albaicin-sacromonte-card-1.webp\"\/>\n\t\t<h3>Albaicin &amp; Sacromonte<\/h3>\n\t<a href=\"https:\/\/walkingranada.com\/en\/guided-tours\/accessible-tourism\/\" target=\"_self\"><\/a>\t\t\t<img decoding=\"async\" loading=\"lazy\" alt=\"Patio de la Alhambra\" src=\"https:\/\/walkingranada.com\/wp-content\/uploads\/2023\/01\/accesible-card-1.webp\"\/>\n\t\t<h3>Accessible tourism<\/h3>\n\t<a href=\"https:\/\/walkingranada.com\/en\/guided-tours\/lorquian-routes\/\" target=\"_self\"><\/a>\t\t\t<img decoding=\"async\" loading=\"lazy\" alt=\"Garc\u00eda Lorca\" src=\"https:\/\/walkingranada.com\/wp-content\/uploads\/2023\/01\/Visitas-Rutas-Loquianas.webp\"\/>\n\t\t<h3>Tours about Lorca<\/h3>\n\t<a href=\"https:\/\/walkingranada.com\/en\/guided-tours\/albaicin-2\/\" target=\"_self\"><\/a>\t\t\t<img decoding=\"async\" loading=\"lazy\" alt=\"\" src=\"https:\/\/walkingranada.com\/wp-content\/uploads\/2024\/08\/puerta-del-vino.jpeg\"\/>\n\t\t<h3>Queens of Alhambra<\/h3>\n\t<a href=\"https:\/\/walkingranada.com\/en\/guided-tours\/albaicin-3\/\" target=\"_self\"><\/a>\t\t\t<img decoding=\"async\" loading=\"lazy\" alt=\"\" src=\"https:\/\/walkingranada.com\/wp-content\/uploads\/2024\/08\/IMG_7526-1.jpeg\"\/>\n\t\t<h3>Zirid Gossip<\/h3>\n\t<a href=\"https:\/\/walkingranada.com\/en\/guided-tours\/albaicin-4\/\" target=\"_self\"><\/a>\t\t\t<img decoding=\"async\" loading=\"lazy\" alt=\"\" src=\"https:\/\/walkingranada.com\/wp-content\/uploads\/2024\/08\/IMG_2901.jpeg\"\/>\n\t\t<h3>The Captain's Legacy<\/h3>\n\t<a href=\"https:\/\/walkingranada.com\/en\/guided-tours\/abadia-del-sacromonte\/\" target=\"_self\"><\/a>\t\t\t<img decoding=\"async\" loading=\"lazy\" alt=\"\" src=\"https:\/\/walkingranada.com\/wp-content\/uploads\/2025\/02\/abadia-entrada.jpg.webp\"\/>\n\t\t<h3>Sacromonte Abbey<\/h3>\n<h3>\n\t\tTambi\u00e9n puedes reservar nuestros otros servicios&#8230;\n\t<\/h3>\n\t<a href=\"https:\/\/walkingranada.com\/en\/what-to-do-in-granada\/flamenco\/\" target=\"_self\"><\/a>\t\t\t<img decoding=\"async\" loading=\"lazy\" alt=\"bailaora flamenca\" src=\"https:\/\/walkingranada.com\/wp-content\/uploads\/2022\/10\/Rectangle-42.png\"\/>\n\t\t<h3>Flamenco<\/h3>\n\t<a href=\"https:\/\/walkingranada.com\/en\/what-to-do-in-granada\/hammam-al-andalus\/\" target=\"_self\"><\/a>\t\t\t<img decoding=\"async\" loading=\"lazy\" alt=\"ba\u00f1os \u00e1rabes\" src=\"https:\/\/walkingranada.com\/wp-content\/uploads\/2022\/10\/Rectangle-43.png\"\/>\n\t\t<h3>Hammam <br \/>Al-\u00e1ndalus<\/h3>\n\t<a href=\"https:\/\/walkingranada.com\/en\/what-to-do-in-granada\/day-trips\/\" target=\"_self\"><\/a>\t\t\t<img decoding=\"async\" loading=\"lazy\" alt=\"mezquita de c\u00f3rdoba\" src=\"https:\/\/walkingranada.com\/wp-content\/uploads\/2022\/10\/Rectangle-45.png\"\/>\n\t\t<h3>Day <br \/>trips<\/h3>\n\t<a href=\"https:\/\/walkingranada.com\/en\/what-to-do-in-granada\/olfactory-route\/\" target=\"_self\"><\/a>\t\t\t<img decoding=\"async\" loading=\"lazy\" alt=\"imagen de una chica joven\" src=\"https:\/\/walkingranada.com\/wp-content\/uploads\/2022\/10\/Rectangle-38.png\"\/>\n\t\t<h3>Olfactory route<\/h3>","protected":false},"excerpt":{"rendered":"<p>Visitas Guiadas en Granada VISITAS\u00a0 PRIVADAS EN GRANADA, SOLO PARA TI Y TU GRUPO Tours guiados a medida s\u00f3lo para ti En Walk in Granada hemos elaborado una selecci\u00f3n de las visitas guiadas m\u00e1s populares por la ciudad y por los barrios m\u00e1s representativos: Centro Hist\u00f3rico, Albaic\u00edn y Sacromonte. Pero tanto si eres un amante &#8230; <a title=\"Guided tours\" class=\"read-more\" href=\"https:\/\/walkingranada.com\/en\/visitas-guiadas\/\" aria-label=\"Read more about Visitas guiadas\">Read more<\/a><\/p>","protected":false},"author":2,"featured_media":0,"parent":0,"menu_order":0,"comment_status":"closed","ping_status":"closed","template":"","meta":{"footnotes":""},"class_list":["post-94","page","type-page","status-publish"],"yoast_head":"<!-- This site is optimized with the Yoast SEO plugin v27.4 - https:\/\/yoast.com\/product\/yoast-seo-wordpress\/ -->\n<title>Visitas guiadas - Walk in Granada<\/title>\n<meta name=\"description\" content=\"Visitas Guiadas Granada. Tenemos itinerarios exclusivos para ti y tu grupo. Reserva tu visita privada en nuestra web. \u00a1Nos adaptamos a ti!\" \/>\n<meta name=\"robots\" content=\"index, follow, max-snippet:-1, max-image-preview:large, max-video-preview:-1\" \/>\n<link rel=\"canonical\" href=\"https:\/\/walkingranada.com\/en\/guided-tours\/\" \/>\n<meta property=\"og:locale\" content=\"en_GB\" \/>\n<meta property=\"og:type\" content=\"article\" \/>\n<meta property=\"og:title\" content=\"Visitas guiadas - Walk in Granada\" \/>\n<meta property=\"og:description\" content=\"Visitas Guiadas Granada. Tenemos itinerarios exclusivos para ti y tu grupo. Reserva tu visita privada en nuestra web. \u00a1Nos adaptamos a ti!\" \/>\n<meta property=\"og:url\" content=\"https:\/\/walkingranada.com\/en\/guided-tours\/\" \/>\n<meta property=\"og:site_name\" content=\"Walk in Granada\" \/>\n<meta property=\"article:publisher\" content=\"https:\/\/es-es.facebook.com\/walkingranadatour\/\" \/>\n<meta property=\"article:modified_time\" content=\"2025-02-06T07:17:18+00:00\" \/>\n<meta property=\"og:image\" content=\"https:\/\/walkingranada.com\/wp-content\/uploads\/2023\/01\/centrohistorico-albaicin-card.webp\" \/>\n<meta name=\"twitter:card\" content=\"summary_large_image\" \/>\n<meta name=\"twitter:site\" content=\"@walkingranada\" \/>\n<meta name=\"twitter:label1\" content=\"Estimated reading time\" \/>\n\t<meta name=\"twitter:data1\" content=\"3 minutes\" \/>\n<script type=\"application\/ld+json\" class=\"yoast-schema-graph\">{\"@context\":\"https:\\\/\\\/schema.org\",\"@graph\":[{\"@type\":\"WebPage\",\"@id\":\"https:\\\/\\\/walkingranada.com\\\/visitas-guiadas\\\/\",\"url\":\"https:\\\/\\\/walkingranada.com\\\/visitas-guiadas\\\/\",\"name\":\"Visitas guiadas - Walk in Granada\",\"isPartOf\":{\"@id\":\"https:\\\/\\\/walkingranada.com\\\/#website\"},\"primaryImageOfPage\":{\"@id\":\"https:\\\/\\\/walkingranada.com\\\/visitas-guiadas\\\/#primaryimage\"},\"image\":{\"@id\":\"https:\\\/\\\/walkingranada.com\\\/visitas-guiadas\\\/#primaryimage\"},\"thumbnailUrl\":\"https:\\\/\\\/walkingranada.com\\\/wp-content\\\/uploads\\\/2023\\\/01\\\/centrohistorico-albaicin-card.webp\",\"datePublished\":\"2022-10-10T10:47:43+00:00\",\"dateModified\":\"2025-02-06T07:17:18+00:00\",\"description\":\"Visitas Guiadas Granada. Tenemos itinerarios exclusivos para ti y tu grupo. Reserva tu visita privada en nuestra web. \u00a1Nos adaptamos a ti!\",\"breadcrumb\":{\"@id\":\"https:\\\/\\\/walkingranada.com\\\/visitas-guiadas\\\/#breadcrumb\"},\"inLanguage\":\"en-GB\",\"potentialAction\":[{\"@type\":\"ReadAction\",\"target\":[\"https:\\\/\\\/walkingranada.com\\\/visitas-guiadas\\\/\"]}]},{\"@type\":\"ImageObject\",\"inLanguage\":\"en-GB\",\"@id\":\"https:\\\/\\\/walkingranada.com\\\/visitas-guiadas\\\/#primaryimage\",\"url\":\"https:\\\/\\\/walkingranada.com\\\/wp-content\\\/uploads\\\/2023\\\/01\\\/centrohistorico-albaicin-card.webp\",\"contentUrl\":\"https:\\\/\\\/walkingranada.com\\\/wp-content\\\/uploads\\\/2023\\\/01\\\/centrohistorico-albaicin-card.webp\"},{\"@type\":\"BreadcrumbList\",\"@id\":\"https:\\\/\\\/walkingranada.com\\\/visitas-guiadas\\\/#breadcrumb\",\"itemListElement\":[{\"@type\":\"ListItem\",\"position\":1,\"name\":\"Portada\",\"item\":\"https:\\\/\\\/walkingranada.com\\\/\"},{\"@type\":\"ListItem\",\"position\":2,\"name\":\"Visitas guiadas\"}]},{\"@type\":\"WebSite\",\"@id\":\"https:\\\/\\\/walkingranada.com\\\/#website\",\"url\":\"https:\\\/\\\/walkingranada.com\\\/\",\"name\":\"Walk in Granada\",\"description\":\"Turismo responsable\",\"publisher\":{\"@id\":\"https:\\\/\\\/walkingranada.com\\\/#organization\"},\"alternateName\":\"Walk in Granada\",\"potentialAction\":[{\"@type\":\"SearchAction\",\"target\":{\"@type\":\"EntryPoint\",\"urlTemplate\":\"https:\\\/\\\/walkingranada.com\\\/?s={search_term_string}\"},\"query-input\":{\"@type\":\"PropertyValueSpecification\",\"valueRequired\":true,\"valueName\":\"search_term_string\"}}],\"inLanguage\":\"en-GB\"},{\"@type\":\"Organization\",\"@id\":\"https:\\\/\\\/walkingranada.com\\\/#organization\",\"name\":\"Walk In Granada\",\"alternateName\":\"Walk In Granada\",\"url\":\"https:\\\/\\\/walkingranada.com\\\/\",\"logo\":{\"@type\":\"ImageObject\",\"inLanguage\":\"en-GB\",\"@id\":\"https:\\\/\\\/walkingranada.com\\\/#\\\/schema\\\/logo\\\/image\\\/\",\"url\":\"https:\\\/\\\/walkingranada.com\\\/wp-content\\\/uploads\\\/2022\\\/12\\\/Logo-Walking.webp\",\"contentUrl\":\"https:\\\/\\\/walkingranada.com\\\/wp-content\\\/uploads\\\/2022\\\/12\\\/Logo-Walking.webp\",\"width\":512,\"height\":512,\"caption\":\"Walk In Granada\"},\"image\":{\"@id\":\"https:\\\/\\\/walkingranada.com\\\/#\\\/schema\\\/logo\\\/image\\\/\"},\"sameAs\":[\"https:\\\/\\\/es-es.facebook.com\\\/walkingranadatour\\\/\",\"https:\\\/\\\/x.com\\\/walkingranada\",\"https:\\\/\\\/www.instagram.com\\\/walkingranada\\\/\"]}]}<\/script>\n<!-- \/ Yoast SEO plugin. -->","yoast_head_json":{"title":"Private Granada guided tours - Walk in Granada","description":"Granada Guided Tours. We have exclusive itineraries for you and your group. Book your private visit on our website. We adapt to you!","robots":{"index":"index","follow":"follow","max-snippet":"max-snippet:-1","max-image-preview":"max-image-preview:large","max-video-preview":"max-video-preview:-1"},"canonical":"https:\/\/walkingranada.com\/en\/guided-tours\/","og_locale":"en_GB","og_type":"article","og_title":"Visitas guiadas - Walk in Granada","og_description":"Visitas Guiadas Granada. Tenemos itinerarios exclusivos para ti y tu grupo. Reserva tu visita privada en nuestra web. \u00a1Nos adaptamos a ti!","og_url":"https:\/\/walkingranada.com\/en\/guided-tours\/","og_site_name":"Walk in Granada","article_publisher":"https:\/\/es-es.facebook.com\/walkingranadatour\/","article_modified_time":"2025-02-06T07:17:18+00:00","og_image":[{"url":"https:\/\/walkingranada.com\/wp-content\/uploads\/2023\/01\/centrohistorico-albaicin-card.webp","type":"","width":"","height":""}],"twitter_card":"summary_large_image","twitter_site":"@walkingranada","twitter_misc":{"Estimated reading time":"3 minutes"},"schema":{"@context":"https:\/\/schema.org","@graph":[{"@type":"WebPage","@id":"https:\/\/walkingranada.com\/visitas-guiadas\/","url":"https:\/\/walkingranada.com\/visitas-guiadas\/","name":"Private Granada guided tours - Walk in Granada","isPartOf":{"@id":"https:\/\/walkingranada.com\/#website"},"primaryImageOfPage":{"@id":"https:\/\/walkingranada.com\/visitas-guiadas\/#primaryimage"},"image":{"@id":"https:\/\/walkingranada.com\/visitas-guiadas\/#primaryimage"},"thumbnailUrl":"https:\/\/walkingranada.com\/wp-content\/uploads\/2023\/01\/centrohistorico-albaicin-card.webp","datePublished":"2022-10-10T10:47:43+00:00","dateModified":"2025-02-06T07:17:18+00:00","description":"Granada Guided Tours. We have exclusive itineraries for you and your group. Book your private visit on our website. We adapt to you!","breadcrumb":{"@id":"https:\/\/walkingranada.com\/visitas-guiadas\/#breadcrumb"},"inLanguage":"en-GB","potentialAction":[{"@type":"ReadAction","target":["https:\/\/walkingranada.com\/visitas-guiadas\/"]}]},{"@type":"ImageObject","inLanguage":"en-GB","@id":"https:\/\/walkingranada.com\/visitas-guiadas\/#primaryimage","url":"https:\/\/walkingranada.com\/wp-content\/uploads\/2023\/01\/centrohistorico-albaicin-card.webp","contentUrl":"https:\/\/walkingranada.com\/wp-content\/uploads\/2023\/01\/centrohistorico-albaicin-card.webp"},{"@type":"BreadcrumbList","@id":"https:\/\/walkingranada.com\/visitas-guiadas\/#breadcrumb","itemListElement":[{"@type":"ListItem","position":1,"name":"Portada","item":"https:\/\/walkingranada.com\/"},{"@type":"ListItem","position":2,"name":"Visitas guiadas"}]},{"@type":"WebSite","@id":"https:\/\/walkingranada.com\/#website","url":"https:\/\/walkingranada.com\/","name":"Walk in Granada","description":"Turismo responsable","publisher":{"@id":"https:\/\/walkingranada.com\/#organization"},"alternateName":"Walk in Granada","potentialAction":[{"@type":"SearchAction","target":{"@type":"EntryPoint","urlTemplate":"https:\/\/walkingranada.com\/?s={search_term_string}"},"query-input":{"@type":"PropertyValueSpecification","valueRequired":true,"valueName":"search_term_string"}}],"inLanguage":"en-GB"},{"@type":"Organization","@id":"https:\/\/walkingranada.com\/#organization","name":"Walk In Granada","alternateName":"Walk In Granada","url":"https:\/\/walkingranada.com\/","logo":{"@type":"ImageObject","inLanguage":"en-GB","@id":"https:\/\/walkingranada.com\/#\/schema\/logo\/image\/","url":"https:\/\/walkingranada.com\/wp-content\/uploads\/2022\/12\/Logo-Walking.webp","contentUrl":"https:\/\/walkingranada.com\/wp-content\/uploads\/2022\/12\/Logo-Walking.webp","width":512,"height":512,"caption":"Walk In Granada"},"image":{"@id":"https:\/\/walkingranada.com\/#\/schema\/logo\/image\/"},"sameAs":["https:\/\/es-es.facebook.com\/walkingranadatour\/","https:\/\/x.com\/walkingranada","https:\/\/www.instagram.com\/walkingranada\/"]}]}},"_links":{"self":[{"href":"https:\/\/walkingranada.com\/en\/wp-json\/wp\/v2\/pages\/94","targetHints":{"allow":["GET"]}}],"collection":[{"href":"https:\/\/walkingranada.com\/en\/wp-json\/wp\/v2\/pages"}],"about":[{"href":"https:\/\/walkingranada.com\/en\/wp-json\/wp\/v2\/types\/page"}],"author":[{"embeddable":true,"href":"https:\/\/walkingranada.com\/en\/wp-json\/wp\/v2\/users\/2"}],"replies":[{"embeddable":true,"href":"https:\/\/walkingranada.com\/en\/wp-json\/wp\/v2\/comments?post=94"}],"version-history":[{"count":4,"href":"https:\/\/walkingranada.com\/en\/wp-json\/wp\/v2\/pages\/94\/revisions"}],"predecessor-version":[{"id":6149,"href":"https:\/\/walkingranada.com\/en\/wp-json\/wp\/v2\/pages\/94\/revisions\/6149"}],"wp:attachment":[{"href":"https:\/\/walkingranada.com\/en\/wp-json\/wp\/v2\/media?parent=94"}],"curies":[{"name":"wp","href":"https:\/\/api.w.org\/{rel}","templated":true}]}}