{"id":81,"date":"2022-10-10T10:16:15","date_gmt":"2022-10-10T10:16:15","guid":{"rendered":"https:\/\/factum-omibu.es\/walkin\/?page_id=81"},"modified":"2025-04-02T10:01:34","modified_gmt":"2025-04-02T10:01:34","slug":"free-tour-granada","status":"publish","type":"page","link":"https:\/\/walkingranada.com\/en\/free-tour-granada\/","title":{"rendered":"Free tours"},"content":{"rendered":"<h1>\r\n\t\tWALKING FREE TOURS\r\n\t<\/h1>\r\n<h2>\r\n\t\tFREE TOURS EVERY DAY\r\n\t<\/h2>\r\n<h3>\r\n\t\tRESERVA TU TOUR, ven a PLAZA NUEVA y busca nuestro PARAGUAS ROJO\r\n\t<\/h3>\r\n\tWe are a pioneer company in Granada that offers morning and afternoon tours with different itineraries of Free Tours covering the most representative neighborhoods of the city: Historical Center, Albaic\u00edn &amp; Sacromonte.<br \/>\r\nAll tours last approximately 2 and a half hours and are perfectly compatible with each other.\r\n<h3>\r\n\t\tEstos son nuestros  free tours a pie en Granada\r\n\t<\/h3>\r\n\t <section id=\"servicios\">\r\n            <img decoding=\"async\" loading=\"lazy\" src=\"https:\/\/walkingranada.com\/wp-content\/uploads\/2023\/01\/Esencial-tour.webp\" width=\"100%\" alt=\"Free Tour Esencial\"\/>\r\n                <h3>Free Tour Essential Granada<\/h3>\r\n                <hr \/>\r\n                <p>Guided tour in Granada. Immerse yourself in the history of the city of the Alhambra.<\/p>\r\n                <hr \/>\r\n                    <p> Every day<\/p>\r\n                    <p> 11:00<\/p>\r\n                    <p> 2,5h<\/p>\r\n                    <p>Free<\/p>\r\n            <a href=\"https:\/\/walkingranada.com\/en\/free-tour-granada\/essential-granada\/\">Book &gt;<\/a>\r\n            <img decoding=\"async\" loading=\"lazy\" src=\"https:\/\/walkingranada.com\/wp-content\/uploads\/2023\/01\/Freetour-albaicin-y-sacromonte.webp\" width=\"100%\" alt=\"Free Tour Freetour Albaicin y Sacromonte\"\/>\r\n                <h3>Free Tour Albaic\u00edn and Sacromonte<\/h3>\r\n                <hr \/>\r\n                <p>Of narrow streets and breathtaking viewpoints. Discover these two neighborhoods.<\/p>\r\n                <hr \/>\r\n                    <p> Every day<\/p>\r\n                    <p> Depending on the season<\/p>\r\n                    <p> 2,5h<\/p>\r\n                    <p>Free<\/p>\r\n            <a href=\"https:\/\/walkingranada.com\/en\/free-tour-granada\/albaicin-sacromonte\/\">Book &gt;<\/a>\r\n    <\/section>\r\n<h2>\r\n\t\tDo you travel to more cities?\r\n\t<\/h2>\r\n\t<p>FREE TOUR COMMUNITY<\/p>\r\n\t<p>Walk in Granada is a local company that offers guided tours exclusively in Granada. However, we are part of a network of local agencies that have united under the same philosophy: Respect for our cities and responsible tourism. Check out the best local tours from all over the world at Free Tour Community.<\/p>\r\n\t\t\t\t<a href=\"https:\/\/freetourcommunity.com\/\" target=\"_blank\" rel=\"noopener\" itemprop=\"url\">\r\n\t\t\t\t<img decoding=\"async\" loading=\"lazy\" src=\"https:\/\/walkingranada.com\/wp-content\/uploads\/2022\/10\/logo-freetour-1.png\" alt=\"logo-freetour\" itemprop=\"image\" height=\"98\" width=\"316\" title=\"logo-freetour 1\" onerror=\"this.style.display='none'\"  \/>\r\n\t\t\t\t<\/a>\r\n<h3>\r\n\t\tTambi\u00e9n puedes reservar nuestros otros servicios&#8230;\r\n\t<\/h3>\r\n\t<a href=\"https:\/\/walkingranada.com\/en\/what-to-do-in-granada\/flamenco\/\" target=\"_self\" rel=\"noopener\"><\/a>\r\n\t\t\t<img decoding=\"async\" loading=\"lazy\" alt=\"bailaora flamenca\" src=\"https:\/\/walkingranada.com\/wp-content\/uploads\/2022\/10\/Rectangle-42.png\"\/>\r\n\t\t<h3>Flamenco<\/h3>\r\n\t<a href=\"https:\/\/walkingranada.com\/en\/what-to-do-in-granada\/hammam-al-andalus\/\" target=\"_self\" rel=\"noopener\"><\/a>\r\n\t\t\t<img decoding=\"async\" loading=\"lazy\" alt=\"ba\u00f1os \u00e1rabes\" src=\"https:\/\/walkingranada.com\/wp-content\/uploads\/2022\/10\/Rectangle-43.png\"\/>\r\n\t\t<h3>Hammam <br \/>Al-\u00e1ndalus<\/h3>\r\n\t<a href=\"https:\/\/walkingranada.com\/en\/what-to-do-in-granada\/day-trips\/\" target=\"_self\" rel=\"noopener\"><\/a>\r\n\t\t\t<img decoding=\"async\" loading=\"lazy\" alt=\"mezquita de c\u00f3rdoba\" src=\"https:\/\/walkingranada.com\/wp-content\/uploads\/2022\/10\/Rectangle-45.png\"\/>\r\n\t\t<h3>Day <br \/>trips<\/h3>\r\n\t<a href=\"https:\/\/walkingranada.com\/en\/what-to-do-in-granada\/olfactory-route\/\" target=\"_self\" rel=\"noopener\"><\/a>\r\n\t\t\t<img decoding=\"async\" loading=\"lazy\" alt=\"imagen de una chica joven\" src=\"https:\/\/walkingranada.com\/wp-content\/uploads\/2022\/10\/Rectangle-38.png\"\/>\r\n\t\t<h3>Olfactory route<\/h3>","protected":false},"excerpt":{"rendered":"<p>FREE TOURS A PIE FREE TOURS TODOS LOS D\u00cdAS RESERVA TU TOUR, ven a PLAZA NUEVA y busca nuestro PARAGUAS ROJO Somos una empresa pionera en Granada que ofrece rutas por la ma\u00f1ana y por la tarde con itinerarios distintos de Free Tours, cubriendo as\u00ed los barrios m\u00e1s representativos de la ciudad: Centro Hist\u00f3rico, Albaic\u00edn &#8230; <a title=\"Free tours\" class=\"read-more\" href=\"https:\/\/walkingranada.com\/en\/free-tour-granada\/\" aria-label=\"Read more about Free tours\">Read more<\/a><\/p>","protected":false},"author":2,"featured_media":0,"parent":0,"menu_order":0,"comment_status":"closed","ping_status":"closed","template":"","meta":{"footnotes":""},"class_list":["post-81","page","type-page","status-publish"],"yoast_head":"<!-- This site is optimized with the Yoast SEO plugin v27.4 - https:\/\/yoast.com\/product\/yoast-seo-wordpress\/ -->\n<title>Free Tours en Granada - Walk in Granada<\/title>\n<meta name=\"description\" content=\"Somos una empresa especializada en Free Tours en Granada. Disponemos de varios itinerarios a diferentes horas del d\u00eda. \u00a1Reserva tu plaza!\" \/>\n<meta name=\"robots\" content=\"index, follow, max-snippet:-1, max-image-preview:large, max-video-preview:-1\" \/>\n<link rel=\"canonical\" href=\"https:\/\/walkingranada.com\/en\/free-tour-granada\/\" \/>\n<meta property=\"og:locale\" content=\"en_GB\" \/>\n<meta property=\"og:type\" content=\"article\" \/>\n<meta property=\"og:title\" content=\"Free Tours en Granada - Walk in Granada\" \/>\n<meta property=\"og:description\" content=\"Somos una empresa especializada en Free Tours en Granada. Disponemos de varios itinerarios a diferentes horas del d\u00eda. \u00a1Reserva tu plaza!\" \/>\n<meta property=\"og:url\" content=\"https:\/\/walkingranada.com\/en\/free-tour-granada\/\" \/>\n<meta property=\"og:site_name\" content=\"Walk in Granada\" \/>\n<meta property=\"article:publisher\" content=\"https:\/\/es-es.facebook.com\/walkingranadatour\/\" \/>\n<meta property=\"article:modified_time\" content=\"2025-04-02T10:01:34+00:00\" \/>\n<meta property=\"og:image\" content=\"https:\/\/walkingranada.com\/wp-content\/uploads\/2023\/01\/Esencial-tour.webp\" \/>\n<meta name=\"twitter:card\" content=\"summary_large_image\" \/>\n<meta name=\"twitter:site\" content=\"@walkingranada\" \/>\n<meta name=\"twitter:label1\" content=\"Estimated reading time\" \/>\n\t<meta name=\"twitter:data1\" content=\"3 minutes\" \/>\n<script type=\"application\/ld+json\" class=\"yoast-schema-graph\">{\"@context\":\"https:\\\/\\\/schema.org\",\"@graph\":[{\"@type\":\"WebPage\",\"@id\":\"https:\\\/\\\/walkingranada.com\\\/free-tour-granada\\\/\",\"url\":\"https:\\\/\\\/walkingranada.com\\\/free-tour-granada\\\/\",\"name\":\"Free Tours en Granada - Walk in Granada\",\"isPartOf\":{\"@id\":\"https:\\\/\\\/walkingranada.com\\\/#website\"},\"primaryImageOfPage\":{\"@id\":\"https:\\\/\\\/walkingranada.com\\\/free-tour-granada\\\/#primaryimage\"},\"image\":{\"@id\":\"https:\\\/\\\/walkingranada.com\\\/free-tour-granada\\\/#primaryimage\"},\"thumbnailUrl\":\"https:\\\/\\\/walkingranada.com\\\/wp-content\\\/uploads\\\/2023\\\/01\\\/Esencial-tour.webp\",\"datePublished\":\"2022-10-10T10:16:15+00:00\",\"dateModified\":\"2025-04-02T10:01:34+00:00\",\"description\":\"Somos una empresa especializada en Free Tours en Granada. Disponemos de varios itinerarios a diferentes horas del d\u00eda. \u00a1Reserva tu plaza!\",\"breadcrumb\":{\"@id\":\"https:\\\/\\\/walkingranada.com\\\/free-tour-granada\\\/#breadcrumb\"},\"inLanguage\":\"en-GB\",\"potentialAction\":[{\"@type\":\"ReadAction\",\"target\":[\"https:\\\/\\\/walkingranada.com\\\/free-tour-granada\\\/\"]}]},{\"@type\":\"ImageObject\",\"inLanguage\":\"en-GB\",\"@id\":\"https:\\\/\\\/walkingranada.com\\\/free-tour-granada\\\/#primaryimage\",\"url\":\"https:\\\/\\\/walkingranada.com\\\/wp-content\\\/uploads\\\/2023\\\/01\\\/Esencial-tour.webp\",\"contentUrl\":\"https:\\\/\\\/walkingranada.com\\\/wp-content\\\/uploads\\\/2023\\\/01\\\/Esencial-tour.webp\"},{\"@type\":\"BreadcrumbList\",\"@id\":\"https:\\\/\\\/walkingranada.com\\\/free-tour-granada\\\/#breadcrumb\",\"itemListElement\":[{\"@type\":\"ListItem\",\"position\":1,\"name\":\"Portada\",\"item\":\"https:\\\/\\\/walkingranada.com\\\/\"},{\"@type\":\"ListItem\",\"position\":2,\"name\":\"Free tours\"}]},{\"@type\":\"WebSite\",\"@id\":\"https:\\\/\\\/walkingranada.com\\\/#website\",\"url\":\"https:\\\/\\\/walkingranada.com\\\/\",\"name\":\"Walk in Granada\",\"description\":\"Turismo responsable\",\"publisher\":{\"@id\":\"https:\\\/\\\/walkingranada.com\\\/#organization\"},\"alternateName\":\"Walk in Granada\",\"potentialAction\":[{\"@type\":\"SearchAction\",\"target\":{\"@type\":\"EntryPoint\",\"urlTemplate\":\"https:\\\/\\\/walkingranada.com\\\/?s={search_term_string}\"},\"query-input\":{\"@type\":\"PropertyValueSpecification\",\"valueRequired\":true,\"valueName\":\"search_term_string\"}}],\"inLanguage\":\"en-GB\"},{\"@type\":\"Organization\",\"@id\":\"https:\\\/\\\/walkingranada.com\\\/#organization\",\"name\":\"Walk In Granada\",\"alternateName\":\"Walk In Granada\",\"url\":\"https:\\\/\\\/walkingranada.com\\\/\",\"logo\":{\"@type\":\"ImageObject\",\"inLanguage\":\"en-GB\",\"@id\":\"https:\\\/\\\/walkingranada.com\\\/#\\\/schema\\\/logo\\\/image\\\/\",\"url\":\"https:\\\/\\\/walkingranada.com\\\/wp-content\\\/uploads\\\/2022\\\/12\\\/Logo-Walking.webp\",\"contentUrl\":\"https:\\\/\\\/walkingranada.com\\\/wp-content\\\/uploads\\\/2022\\\/12\\\/Logo-Walking.webp\",\"width\":512,\"height\":512,\"caption\":\"Walk In Granada\"},\"image\":{\"@id\":\"https:\\\/\\\/walkingranada.com\\\/#\\\/schema\\\/logo\\\/image\\\/\"},\"sameAs\":[\"https:\\\/\\\/es-es.facebook.com\\\/walkingranadatour\\\/\",\"https:\\\/\\\/x.com\\\/walkingranada\",\"https:\\\/\\\/www.instagram.com\\\/walkingranada\\\/\"]}]}<\/script>\n<!-- \/ Yoast SEO plugin. -->","yoast_head_json":{"title":"\u2b50 Free Tours in Granada \u2705 Visit to the city of the Alhambra monument - Walk In Granada","description":"Discover Granada with local guides. Free Walking Tours through the historic center, the Sacromonte and the Albaic\u00edn with guides. Live the experience in Granada.","robots":{"index":"index","follow":"follow","max-snippet":"max-snippet:-1","max-image-preview":"max-image-preview:large","max-video-preview":"max-video-preview:-1"},"canonical":"https:\/\/walkingranada.com\/en\/free-tour-granada\/","og_locale":"en_GB","og_type":"article","og_title":"Free Tours en Granada - Walk in Granada","og_description":"Somos una empresa especializada en Free Tours en Granada. Disponemos de varios itinerarios a diferentes horas del d\u00eda. \u00a1Reserva tu plaza!","og_url":"https:\/\/walkingranada.com\/en\/free-tour-granada\/","og_site_name":"Walk in Granada","article_publisher":"https:\/\/es-es.facebook.com\/walkingranadatour\/","article_modified_time":"2025-04-02T10:01:34+00:00","og_image":[{"url":"https:\/\/walkingranada.com\/wp-content\/uploads\/2023\/01\/Esencial-tour.webp","type":"","width":"","height":""}],"twitter_card":"summary_large_image","twitter_site":"@walkingranada","twitter_misc":{"Estimated reading time":"3 minutes"},"schema":{"@context":"https:\/\/schema.org","@graph":[{"@type":"WebPage","@id":"https:\/\/walkingranada.com\/free-tour-granada\/","url":"https:\/\/walkingranada.com\/free-tour-granada\/","name":"\u2b50 Free Tours in Granada \u2705 Visit to the city of the Alhambra monument - Walk In Granada","isPartOf":{"@id":"https:\/\/walkingranada.com\/#website"},"primaryImageOfPage":{"@id":"https:\/\/walkingranada.com\/free-tour-granada\/#primaryimage"},"image":{"@id":"https:\/\/walkingranada.com\/free-tour-granada\/#primaryimage"},"thumbnailUrl":"https:\/\/walkingranada.com\/wp-content\/uploads\/2023\/01\/Esencial-tour.webp","datePublished":"2022-10-10T10:16:15+00:00","dateModified":"2025-04-02T10:01:34+00:00","description":"Discover Granada with local guides. Free Walking Tours through the historic center, the Sacromonte and the Albaic\u00edn with guides. Live the experience in Granada.","breadcrumb":{"@id":"https:\/\/walkingranada.com\/free-tour-granada\/#breadcrumb"},"inLanguage":"en-GB","potentialAction":[{"@type":"ReadAction","target":["https:\/\/walkingranada.com\/free-tour-granada\/"]}]},{"@type":"ImageObject","inLanguage":"en-GB","@id":"https:\/\/walkingranada.com\/free-tour-granada\/#primaryimage","url":"https:\/\/walkingranada.com\/wp-content\/uploads\/2023\/01\/Esencial-tour.webp","contentUrl":"https:\/\/walkingranada.com\/wp-content\/uploads\/2023\/01\/Esencial-tour.webp"},{"@type":"BreadcrumbList","@id":"https:\/\/walkingranada.com\/free-tour-granada\/#breadcrumb","itemListElement":[{"@type":"ListItem","position":1,"name":"Portada","item":"https:\/\/walkingranada.com\/"},{"@type":"ListItem","position":2,"name":"Free tours"}]},{"@type":"WebSite","@id":"https:\/\/walkingranada.com\/#website","url":"https:\/\/walkingranada.com\/","name":"Walk in Granada","description":"Turismo responsable","publisher":{"@id":"https:\/\/walkingranada.com\/#organization"},"alternateName":"Walk in Granada","potentialAction":[{"@type":"SearchAction","target":{"@type":"EntryPoint","urlTemplate":"https:\/\/walkingranada.com\/?s={search_term_string}"},"query-input":{"@type":"PropertyValueSpecification","valueRequired":true,"valueName":"search_term_string"}}],"inLanguage":"en-GB"},{"@type":"Organization","@id":"https:\/\/walkingranada.com\/#organization","name":"Walk In Granada","alternateName":"Walk In Granada","url":"https:\/\/walkingranada.com\/","logo":{"@type":"ImageObject","inLanguage":"en-GB","@id":"https:\/\/walkingranada.com\/#\/schema\/logo\/image\/","url":"https:\/\/walkingranada.com\/wp-content\/uploads\/2022\/12\/Logo-Walking.webp","contentUrl":"https:\/\/walkingranada.com\/wp-content\/uploads\/2022\/12\/Logo-Walking.webp","width":512,"height":512,"caption":"Walk In Granada"},"image":{"@id":"https:\/\/walkingranada.com\/#\/schema\/logo\/image\/"},"sameAs":["https:\/\/es-es.facebook.com\/walkingranadatour\/","https:\/\/x.com\/walkingranada","https:\/\/www.instagram.com\/walkingranada\/"]}]}},"_links":{"self":[{"href":"https:\/\/walkingranada.com\/en\/wp-json\/wp\/v2\/pages\/81","targetHints":{"allow":["GET"]}}],"collection":[{"href":"https:\/\/walkingranada.com\/en\/wp-json\/wp\/v2\/pages"}],"about":[{"href":"https:\/\/walkingranada.com\/en\/wp-json\/wp\/v2\/types\/page"}],"author":[{"embeddable":true,"href":"https:\/\/walkingranada.com\/en\/wp-json\/wp\/v2\/users\/2"}],"replies":[{"embeddable":true,"href":"https:\/\/walkingranada.com\/en\/wp-json\/wp\/v2\/comments?post=81"}],"version-history":[{"count":2,"href":"https:\/\/walkingranada.com\/en\/wp-json\/wp\/v2\/pages\/81\/revisions"}],"predecessor-version":[{"id":6833,"href":"https:\/\/walkingranada.com\/en\/wp-json\/wp\/v2\/pages\/81\/revisions\/6833"}],"wp:attachment":[{"href":"https:\/\/walkingranada.com\/en\/wp-json\/wp\/v2\/media?parent=81"}],"curies":[{"name":"wp","href":"https:\/\/api.w.org\/{rel}","templated":true}]}}