{"id":665,"date":"2022-12-14T08:22:39","date_gmt":"2022-12-14T08:22:39","guid":{"rendered":"https:\/\/factum-omibu.es\/walkin\/?page_id=665"},"modified":"2026-04-28T06:29:45","modified_gmt":"2026-04-28T06:29:45","slug":"private-gastronomic-route","status":"publish","type":"page","link":"https:\/\/walkingranada.com\/en\/que-hacer-en-granada\/rutas-gastronomicas\/ruta-gastronomica-privada\/","title":{"rendered":"Private gastronomic route"},"content":{"rendered":"\n\n\t<p>Rutas gastron\u00f3micas &gt; Privada<\/p>\n\t<!-- FareHarbor calendar of item #554929 -->\n<!--[lightframe shortname=\"walkingranada\" fallback=\"simple\" full_items=\"yes\" flow=\"352560\" view_item=\"554929\"]\u00a1Reservar online ahora![\/lightframe]-->\n<h1>\n\t\t\tRuta gastron\u00f3mica privada\t<\/h1>\n        <a href=\"#encuentro\">\n            <img decoding=\"async\" loading=\"lazy\" src=\"https:\/\/walkingranada.com\/wp-content\/uploads\/2022\/10\/fi-rr-marker.png\" alt=\"Plaza Romanilla\"\/>\n            <p>Plaza Romanilla <img decoding=\"async\" loading=\"lazy\" src=\"https:\/\/walkingranada.com\/wp-content\/uploads\/2022\/10\/\ud83e\udd86-icon-_Info-Circle_.png\" alt=\"informaci\u00f3n\"\/><\/p>\n        <\/a>\n        <img decoding=\"async\" loading=\"lazy\" src=\"https:\/\/walkingranada.com\/wp-content\/uploads\/2022\/12\/guia-tour.png\" alt=\"Frente al Centro Federico Garc\u00eda Lorca\"\/>\n        Frente al Centro Federico Garc\u00eda Lorca\n\n        <img decoding=\"async\" loading=\"lazy\" src=\"https:\/\/walkingranada.com\/wp-content\/uploads\/2022\/10\/fi-rr-chat-arrow-grow.png\" alt=\"Dificultad baja\"\/>\n        <p>Dificultad baja<\/p>\n        <img decoding=\"async\" loading=\"lazy\" src=\"https:\/\/walkingranada.com\/wp-content\/uploads\/2022\/10\/fi-rr-map.png\" alt=\"Casco Urbano\"\/>\n        <p>Casco Urbano<\/p>\n        <img decoding=\"async\" loading=\"lazy\" src=\"https:\/\/walkingranada.com\/wp-content\/uploads\/2022\/12\/accesibilidad_.png\" alt=\"Accesibilidad limitada\"\/>\n        <p>Accesibilidad limitada<\/p>\n        <img decoding=\"async\" loading=\"lazy\" src=\"https:\/\/walkingranada.com\/wp-content\/uploads\/2022\/10\/fi-rr-calendar.png\" alt=\"Todos los d\u00edas\"\/>\n        <p>Todos los d\u00edas<\/p>\n        <img decoding=\"async\" loading=\"lazy\" src=\"https:\/\/walkingranada.com\/wp-content\/uploads\/2022\/10\/fi-rr-clock.png\" alt=\"Seg\u00fan disponibilidad\"\/>\n        <p>Seg\u00fan disponibilidad<\/p>\n        <img decoding=\"async\" loading=\"lazy\" src=\"https:\/\/walkingranada.com\/wp-content\/uploads\/2022\/10\/fi-rr-alarm-clock.png\" alt=\"3 horas\"\/>\n        <p>3 horas<\/p>\n        <img decoding=\"async\" loading=\"lazy\" src=\"https:\/\/walkingranada.com\/wp-content\/uploads\/2022\/10\/fi-rr-receipt.png\" alt=\"Desde 46\u20ac\/pax\"\/>\n        <p>Desde 46\u20ac\/pax<\/p>\n        <img decoding=\"async\" loading=\"lazy\" src=\"https:\/\/walkingranada.com\/wp-content\/uploads\/2022\/10\/fi-rr-comments.png\" alt=\"CASTELLANO, INGL\u00c9S (Otros idiomas bajo petici\u00f3n)\"\/>\n        <p>CASTELLANO, INGL\u00c9S (Otros idiomas bajo petici\u00f3n)<\/p>\n<h2>\n\t\t\tSaborea Granada en privado\t<\/h2>\n\t<p>Esta aut\u00e9ntica experiencia gastron\u00f3mica <strong>con un gu\u00eda privado<\/strong> te ofrece la oportunidad de probar la mejor comida tradicional de Granada y descubrir la ciudad a trav\u00e9s de la deliciosa gastronom\u00eda espa\u00f1ola.<\/p>\n<p><strong>\u00a1Experimenta Granada como un verdadero granadino de una forma excepcional!<\/strong><\/p>\n<h2>\n\t\t\tPunto de encuentro\t<\/h2>\n<figure itemscope itemtype=\"https:\/\/schema.org\/ImageObject\">\n\t\t\t\t<img decoding=\"async\" src=\"https:\/\/walkingranada.com\/wp-content\/uploads\/2023\/01\/plaza-romanilla.webp\" alt=\"plaza romanilla\" height=\"398\" width=\"711\" title=\"plaza romanilla\" onerror=\"this.style.display='none'\" loading=\"lazy\" \/>\n\t<\/figure>\n<h3>\n\t\t\tPlaza de la Romanilla, frente al Centro Feder\u00edco Garc\u00eda Lorca\t<\/h3>\n\t<p>\u00bfNecesitas indicaciones para poder llegar?<\/p>\n\t\t\t<a href=\"#reserva\"  target=\"_self\">\n\t\t\t\t\t\t\tReservar >\n\t\t\t\t\t<\/a>\n\t\t\t<a href=\"https:\/\/walkingranada.com\/como-llegar-a-plaza-de-la-romanilla\/\"  target=\"_self\">\n\t\t\t\t\t\t\t\u00bfC\u00f3mo llegar? >\n\t\t\t\t\t<\/a>\n<h2>\n\t\t\tRecomendaciones\t<\/h2>\n\t<ol>\n<li>En caso de alergias alimentarias o dietas especiales, h\u00e1znoslo saber con antelaci\u00f3n.)<\/li>\n<\/ol>\n<h2>\n\t\t\tIncluye\t<\/h2>\n\t<ol>\n<li>De 6 a 7 tapas<\/li>\n<li>De 2 a 3 bebidas<\/li>\n<li>Postre<\/li>\n<li>Impuestos de bebida y comida<\/li>\n<li>Gu\u00eda local<\/li>\n<\/ol>\n<h2>\n\t\t\tExcluye\t<\/h2>\n\t<ol>\n<li>\u00d3rdenes de tapas adicionales<\/li>\n<li>Transporte<\/li>\n<li>Propinas<\/li>\n<\/ol>\n\t<p>Con esta visita privada un gu\u00eda local te descubrir\u00e1 la historia y los secretos de Granada, ciudad considerada nacional e internacionalmente como una de las capitales de la tapa. Adem\u00e1s podr\u00e1s visitar algunos de los bares de tapas m\u00e1s aut\u00e9nticos de la ciudad sinti\u00e9ndote como un local m\u00e1s, disfrutando de unas de nuestras tradiciones m\u00e1s conocidas.<\/p>\n<h2>\n\t\t\tTambi\u00e9n puedes reservar nuestras otras visitas guiadas&#8230;\t<\/h2>\n\t<section>\n            <img decoding=\"async\" loading=\"lazy\" src=\"https:\/\/walkingranada.com\/wp-content\/uploads\/2023\/01\/Card-Albaicin-sacromonte.jpg.webp\" alt=\"Albaicin y sacromonte\"\/>\n                <h3>Visita guiada al Albaic\u00edn y Sacromonte<\/h3>\n                <hr \/>\n                <p>De calles estrechas y miradores que sobrecogen. Descubre estos dos barrios.<\/p>\n                <hr \/>\n                    <p> Todos los d\u00edas<\/p>\n                    <p> Preg\u00fantanos<\/p>\n                    <p> 2,5h<\/p>\n                    Desde\n                   <p>8\u20ac<\/p>\/pax\n            <a href=\"https:\/\/walkingranada.com\/visitas-guiadas\/albaicin-y-sacromonte\/\">Reservar ><\/a>\n        <img decoding=\"async\" loading=\"lazy\" src=\"https:\/\/walkingranada.com\/wp-content\/uploads\/2023\/01\/visita-albaicin-card.webp\" alt=\"albaicin\"\/>\n            <h3>Visita guiada al <br \/>Albaic\u00edn<\/h3>\n            <hr \/>\n            <p>Descubre el antiguo barrio musulm\u00e1n de la ciudad de Granada con este tour especial.<\/p>\n            <hr \/>\n                <p> Todos los d\u00edas<\/p>\n                <p> Preg\u00fantanos<\/p>\n                <p> 2,5h<\/p>\n                    Desde\n                   <p>8\u20ac<\/p>\/pax\n        <a href=\"https:\/\/walkingranada.com\/visitas-guiadas\/albaicin\/\">Reservar ><\/a>\n        <img decoding=\"async\" loading=\"lazy\" src=\"https:\/\/walkingranada.com\/wp-content\/uploads\/2023\/01\/Card-Sacromonte.webp\" alt=\"Sacromonte\"\/>\n            <h3>Visita guiada al Sacromonte<\/h3>\n            <hr \/>\n            Conoce el barrio con m\u00e1s duende de Granada.\n\u00c9ste es un tour para amantes de la fotograf\u00eda.\n            <hr \/>\n                <p> Todos los d\u00edas<\/p>\n                <p> Preg\u00fantanos<\/p>\n                <p> 2,5h<\/p>\n                    Desde\n                   <p>8\u20ac<\/p>\/pax\n        <a href=\"https:\/\/walkingranada.com\/visitas-guiadas\/sacromonte\/\">Reservar ><\/a>\n        <img decoding=\"async\" loading=\"lazy\" src=\"https:\/\/walkingranada.com\/wp-content\/uploads\/2023\/01\/Centro-historico-card.webp\" alt=\"Centro Historico y bajo albaicin\"\/>\n            <h3>Visita guiada al centro hist\u00f3rico y bajo Albaic\u00edn<\/h3>\n            <hr \/>\n            <p>Sum\u00e9rgete en la historia. En esta visita recorrer\u00e1s las zonas m\u00e1s c\u00e9ntricas y populares.<\/p>\n            <hr \/>\n                <p> Todos los d\u00edas<\/p>\n                <p> Preg\u00fantanos<\/p>\n                <p> 2,5h<\/p>\n                    Desde\n                   <p>8\u20ac<\/p>\/pax\n        <a href=\"https:\/\/walkingranada.com\/visitas-guiadas\/granada-centro-albaicin\/\">Reservar ><\/a>\n    <\/section>\n<h2>\n\t\t\tTambi\u00e9n puedes reservar nuestros otros servicios&#8230;\t<\/h2>\n\t<a href=\"https:\/\/walkingranada.com\/que-hacer-en-granada\/flamenco\/\" target=\"_self\"><\/a>\t\t\t<img decoding=\"async\" loading=\"lazy\" alt=\"bailaora flamenca\" src=\"https:\/\/walkingranada.com\/wp-content\/uploads\/2022\/10\/Rectangle-42.png\"\/>\n\t\t<h3>Flamenco<\/h3>\n\t<a href=\"https:\/\/walkingranada.com\/que-hacer-en-granada\/hammam-al-andalus\/\" target=\"_self\"><\/a>\t\t\t<img decoding=\"async\" loading=\"lazy\" alt=\"ba\u00f1os \u00e1rabes\" src=\"https:\/\/walkingranada.com\/wp-content\/uploads\/2022\/10\/Rectangle-43.png\"\/>\n\t\t<h3>Hammam <br \/>Al-\u00e1ndalus<\/h3>\n\t<a href=\"https:\/\/walkingranada.com\/que-hacer-en-granada\/excursiones\/\" target=\"_self\"><\/a>\t\t\t<img decoding=\"async\" loading=\"lazy\" alt=\"mezquita de c\u00f3rdoba\" src=\"https:\/\/walkingranada.com\/wp-content\/uploads\/2022\/10\/Rectangle-45.png\"\/>\n\t\t<h3>Excursiones <br \/>de un d\u00eda<\/h3>\n\t<a href=\"https:\/\/walkingranada.com\/que-hacer-en-granada\/ruta-olfativa\/\" target=\"_self\"><\/a>\t\t\t<img decoding=\"async\" loading=\"lazy\" alt=\"imagen de una chica joven\" src=\"https:\/\/walkingranada.com\/wp-content\/uploads\/2022\/10\/Rectangle-38.png\"\/>\n\t\t<h3>Ruta olfativa<\/h3>\n\n","protected":false},"excerpt":{"rendered":"<p>Rutas gastron\u00f3micas &gt; Privada Ruta gastron\u00f3mica privada Plaza Romanilla Frente al Centro Federico Garc\u00eda Lorca Dificultad baja Casco Urbano Accesibilidad limitada Todos los d\u00edas Seg\u00fan disponibilidad 3 horas Desde 46\u20ac\/pax CASTELLANO, INGL\u00c9S (Otros idiomas bajo petici\u00f3n) Saborea Granada en privado Esta aut\u00e9ntica experiencia gastron\u00f3mica con un gu\u00eda privado te ofrece la oportunidad de probar la &#8230; <a title=\"Private gastronomic route\" class=\"read-more\" href=\"https:\/\/walkingranada.com\/en\/que-hacer-en-granada\/rutas-gastronomicas\/ruta-gastronomica-privada\/\" aria-label=\"Read more about Ruta gastron\u00f3mica privada\">Read more<\/a><\/p>","protected":false},"author":2,"featured_media":2393,"parent":442,"menu_order":0,"comment_status":"closed","ping_status":"closed","template":"","meta":{"footnotes":""},"class_list":["post-665","page","type-page","status-publish","has-post-thumbnail"],"yoast_head":"<!-- This site is optimized with the Yoast SEO plugin v27.5 - https:\/\/yoast.com\/product\/yoast-seo-wordpress\/ -->\n<title>Ruta gastron\u00f3mica privada - Walk in Granada<\/title>\n<meta name=\"description\" content=\"Reserva un gu\u00eda para ti y tu grupo y adentraros en la ciudad de Granada a trav\u00e9s una ruta sin igual que os permitir\u00e1 descubrir la gastronom\u00eda\" \/>\n<meta name=\"robots\" content=\"index, follow, max-snippet:-1, max-image-preview:large, max-video-preview:-1\" \/>\n<link rel=\"canonical\" href=\"https:\/\/walkingranada.com\/en\/what-to-do-in-granada\/gastronomic-routes\/private-gastronomic-route\/\" \/>\n<meta property=\"og:locale\" content=\"en_GB\" \/>\n<meta property=\"og:type\" content=\"article\" \/>\n<meta property=\"og:title\" content=\"Ruta gastron\u00f3mica privada - Walk in Granada\" \/>\n<meta property=\"og:description\" content=\"Reserva un gu\u00eda para ti y tu grupo y adentraros en la ciudad de Granada a trav\u00e9s una ruta sin igual que os permitir\u00e1 descubrir la gastronom\u00eda\" \/>\n<meta property=\"og:url\" content=\"https:\/\/walkingranada.com\/en\/what-to-do-in-granada\/gastronomic-routes\/private-gastronomic-route\/\" \/>\n<meta property=\"og:site_name\" content=\"Walk in Granada\" \/>\n<meta property=\"article:publisher\" content=\"https:\/\/es-es.facebook.com\/walkingranadatour\/\" \/>\n<meta property=\"article:modified_time\" content=\"2026-04-28T06:29:45+00:00\" \/>\n<meta property=\"og:image\" content=\"https:\/\/walkingranada.com\/wp-content\/uploads\/2023\/01\/Tour-Gastronomico-privado.jpg.webp\" \/>\n\t<meta property=\"og:image:width\" content=\"452\" \/>\n\t<meta property=\"og:image:height\" content=\"282\" \/>\n\t<meta property=\"og:image:type\" content=\"image\/jpeg\" \/>\n<meta name=\"twitter:card\" content=\"summary_large_image\" \/>\n<meta name=\"twitter:site\" content=\"@walkingranada\" \/>\n<meta name=\"twitter:label1\" content=\"Estimated reading time\" \/>\n\t<meta name=\"twitter:data1\" content=\"6 minutes\" \/>\n<script type=\"application\/ld+json\" class=\"yoast-schema-graph\">{\"@context\":\"https:\\\/\\\/schema.org\",\"@graph\":[{\"@type\":\"WebPage\",\"@id\":\"https:\\\/\\\/walkingranada.com\\\/que-hacer-en-granada\\\/rutas-gastronomicas\\\/ruta-gastronomica-privada\\\/\",\"url\":\"https:\\\/\\\/walkingranada.com\\\/que-hacer-en-granada\\\/rutas-gastronomicas\\\/ruta-gastronomica-privada\\\/\",\"name\":\"Ruta gastron\u00f3mica privada - Walk in Granada\",\"isPartOf\":{\"@id\":\"https:\\\/\\\/walkingranada.com\\\/#website\"},\"primaryImageOfPage\":{\"@id\":\"https:\\\/\\\/walkingranada.com\\\/que-hacer-en-granada\\\/rutas-gastronomicas\\\/ruta-gastronomica-privada\\\/#primaryimage\"},\"image\":{\"@id\":\"https:\\\/\\\/walkingranada.com\\\/que-hacer-en-granada\\\/rutas-gastronomicas\\\/ruta-gastronomica-privada\\\/#primaryimage\"},\"thumbnailUrl\":\"https:\\\/\\\/walkingranada.com\\\/wp-content\\\/uploads\\\/2023\\\/01\\\/Tour-Gastronomico-privado.jpg.webp\",\"datePublished\":\"2022-12-14T08:22:39+00:00\",\"dateModified\":\"2026-04-28T06:29:45+00:00\",\"description\":\"Reserva un gu\u00eda para ti y tu grupo y adentraros en la ciudad de Granada a trav\u00e9s una ruta sin igual que os permitir\u00e1 descubrir la gastronom\u00eda\",\"breadcrumb\":{\"@id\":\"https:\\\/\\\/walkingranada.com\\\/que-hacer-en-granada\\\/rutas-gastronomicas\\\/ruta-gastronomica-privada\\\/#breadcrumb\"},\"inLanguage\":\"en-GB\",\"potentialAction\":[{\"@type\":\"ReadAction\",\"target\":[\"https:\\\/\\\/walkingranada.com\\\/que-hacer-en-granada\\\/rutas-gastronomicas\\\/ruta-gastronomica-privada\\\/\"]}]},{\"@type\":\"ImageObject\",\"inLanguage\":\"en-GB\",\"@id\":\"https:\\\/\\\/walkingranada.com\\\/que-hacer-en-granada\\\/rutas-gastronomicas\\\/ruta-gastronomica-privada\\\/#primaryimage\",\"url\":\"https:\\\/\\\/walkingranada.com\\\/wp-content\\\/uploads\\\/2023\\\/01\\\/Tour-Gastronomico-privado.jpg.webp\",\"contentUrl\":\"https:\\\/\\\/walkingranada.com\\\/wp-content\\\/uploads\\\/2023\\\/01\\\/Tour-Gastronomico-privado.jpg.webp\",\"width\":452,\"height\":282,\"caption\":\"imagen de un men\u00fa del tour gastron\u00f3mico privado\"},{\"@type\":\"BreadcrumbList\",\"@id\":\"https:\\\/\\\/walkingranada.com\\\/que-hacer-en-granada\\\/rutas-gastronomicas\\\/ruta-gastronomica-privada\\\/#breadcrumb\",\"itemListElement\":[{\"@type\":\"ListItem\",\"position\":1,\"name\":\"Portada\",\"item\":\"https:\\\/\\\/walkingranada.com\\\/\"},{\"@type\":\"ListItem\",\"position\":2,\"name\":\"Qu\u00e9 hacer en granada\",\"item\":\"https:\\\/\\\/walkingranada.com\\\/que-hacer-en-granada\\\/\"},{\"@type\":\"ListItem\",\"position\":3,\"name\":\"Rutas gastron\u00f3micas\",\"item\":\"https:\\\/\\\/walkingranada.com\\\/que-hacer-en-granada\\\/rutas-gastronomicas\\\/\"},{\"@type\":\"ListItem\",\"position\":4,\"name\":\"Ruta gastron\u00f3mica privada\"}]},{\"@type\":\"WebSite\",\"@id\":\"https:\\\/\\\/walkingranada.com\\\/#website\",\"url\":\"https:\\\/\\\/walkingranada.com\\\/\",\"name\":\"Walk in Granada\",\"description\":\"Turismo responsable\",\"publisher\":{\"@id\":\"https:\\\/\\\/walkingranada.com\\\/#organization\"},\"alternateName\":\"Walk in Granada\",\"potentialAction\":[{\"@type\":\"SearchAction\",\"target\":{\"@type\":\"EntryPoint\",\"urlTemplate\":\"https:\\\/\\\/walkingranada.com\\\/?s={search_term_string}\"},\"query-input\":{\"@type\":\"PropertyValueSpecification\",\"valueRequired\":true,\"valueName\":\"search_term_string\"}}],\"inLanguage\":\"en-GB\"},{\"@type\":\"Organization\",\"@id\":\"https:\\\/\\\/walkingranada.com\\\/#organization\",\"name\":\"Walk In Granada\",\"alternateName\":\"Walk In Granada\",\"url\":\"https:\\\/\\\/walkingranada.com\\\/\",\"logo\":{\"@type\":\"ImageObject\",\"inLanguage\":\"en-GB\",\"@id\":\"https:\\\/\\\/walkingranada.com\\\/#\\\/schema\\\/logo\\\/image\\\/\",\"url\":\"https:\\\/\\\/walkingranada.com\\\/wp-content\\\/uploads\\\/2022\\\/12\\\/Logo-Walking.webp\",\"contentUrl\":\"https:\\\/\\\/walkingranada.com\\\/wp-content\\\/uploads\\\/2022\\\/12\\\/Logo-Walking.webp\",\"width\":512,\"height\":512,\"caption\":\"Walk In Granada\"},\"image\":{\"@id\":\"https:\\\/\\\/walkingranada.com\\\/#\\\/schema\\\/logo\\\/image\\\/\"},\"sameAs\":[\"https:\\\/\\\/es-es.facebook.com\\\/walkingranadatour\\\/\",\"https:\\\/\\\/x.com\\\/walkingranada\",\"https:\\\/\\\/www.instagram.com\\\/walkingranada\\\/\"]}]}<\/script>\n<!-- \/ Yoast SEO plugin. -->","yoast_head_json":{"title":"Private gastronomic route - Walk in Granada","description":"Reserve a guide for you and your group and enter the city of Granada through a unique route that will allow you to discover the gastronomy","robots":{"index":"index","follow":"follow","max-snippet":"max-snippet:-1","max-image-preview":"max-image-preview:large","max-video-preview":"max-video-preview:-1"},"canonical":"https:\/\/walkingranada.com\/en\/what-to-do-in-granada\/gastronomic-routes\/private-gastronomic-route\/","og_locale":"en_GB","og_type":"article","og_title":"Ruta gastron\u00f3mica privada - Walk in Granada","og_description":"Reserva un gu\u00eda para ti y tu grupo y adentraros en la ciudad de Granada a trav\u00e9s una ruta sin igual que os permitir\u00e1 descubrir la gastronom\u00eda","og_url":"https:\/\/walkingranada.com\/en\/what-to-do-in-granada\/gastronomic-routes\/private-gastronomic-route\/","og_site_name":"Walk in Granada","article_publisher":"https:\/\/es-es.facebook.com\/walkingranadatour\/","article_modified_time":"2026-04-28T06:29:45+00:00","og_image":[{"width":452,"height":282,"url":"https:\/\/walkingranada.com\/wp-content\/uploads\/2023\/01\/Tour-Gastronomico-privado.jpg.webp","type":"image\/jpeg"}],"twitter_card":"summary_large_image","twitter_site":"@walkingranada","twitter_misc":{"Estimated reading time":"6 minutes"},"schema":{"@context":"https:\/\/schema.org","@graph":[{"@type":"WebPage","@id":"https:\/\/walkingranada.com\/que-hacer-en-granada\/rutas-gastronomicas\/ruta-gastronomica-privada\/","url":"https:\/\/walkingranada.com\/que-hacer-en-granada\/rutas-gastronomicas\/ruta-gastronomica-privada\/","name":"Private gastronomic route - Walk in Granada","isPartOf":{"@id":"https:\/\/walkingranada.com\/#website"},"primaryImageOfPage":{"@id":"https:\/\/walkingranada.com\/que-hacer-en-granada\/rutas-gastronomicas\/ruta-gastronomica-privada\/#primaryimage"},"image":{"@id":"https:\/\/walkingranada.com\/que-hacer-en-granada\/rutas-gastronomicas\/ruta-gastronomica-privada\/#primaryimage"},"thumbnailUrl":"https:\/\/walkingranada.com\/wp-content\/uploads\/2023\/01\/Tour-Gastronomico-privado.jpg.webp","datePublished":"2022-12-14T08:22:39+00:00","dateModified":"2026-04-28T06:29:45+00:00","description":"Reserve a guide for you and your group and enter the city of Granada through a unique route that will allow you to discover the gastronomy","breadcrumb":{"@id":"https:\/\/walkingranada.com\/que-hacer-en-granada\/rutas-gastronomicas\/ruta-gastronomica-privada\/#breadcrumb"},"inLanguage":"en-GB","potentialAction":[{"@type":"ReadAction","target":["https:\/\/walkingranada.com\/que-hacer-en-granada\/rutas-gastronomicas\/ruta-gastronomica-privada\/"]}]},{"@type":"ImageObject","inLanguage":"en-GB","@id":"https:\/\/walkingranada.com\/que-hacer-en-granada\/rutas-gastronomicas\/ruta-gastronomica-privada\/#primaryimage","url":"https:\/\/walkingranada.com\/wp-content\/uploads\/2023\/01\/Tour-Gastronomico-privado.jpg.webp","contentUrl":"https:\/\/walkingranada.com\/wp-content\/uploads\/2023\/01\/Tour-Gastronomico-privado.jpg.webp","width":452,"height":282,"caption":"imagen de un men\u00fa del tour gastron\u00f3mico privado"},{"@type":"BreadcrumbList","@id":"https:\/\/walkingranada.com\/que-hacer-en-granada\/rutas-gastronomicas\/ruta-gastronomica-privada\/#breadcrumb","itemListElement":[{"@type":"ListItem","position":1,"name":"Portada","item":"https:\/\/walkingranada.com\/"},{"@type":"ListItem","position":2,"name":"Qu\u00e9 hacer en granada","item":"https:\/\/walkingranada.com\/que-hacer-en-granada\/"},{"@type":"ListItem","position":3,"name":"Rutas gastron\u00f3micas","item":"https:\/\/walkingranada.com\/que-hacer-en-granada\/rutas-gastronomicas\/"},{"@type":"ListItem","position":4,"name":"Ruta gastron\u00f3mica privada"}]},{"@type":"WebSite","@id":"https:\/\/walkingranada.com\/#website","url":"https:\/\/walkingranada.com\/","name":"Walk in Granada","description":"Turismo responsable","publisher":{"@id":"https:\/\/walkingranada.com\/#organization"},"alternateName":"Walk in Granada","potentialAction":[{"@type":"SearchAction","target":{"@type":"EntryPoint","urlTemplate":"https:\/\/walkingranada.com\/?s={search_term_string}"},"query-input":{"@type":"PropertyValueSpecification","valueRequired":true,"valueName":"search_term_string"}}],"inLanguage":"en-GB"},{"@type":"Organization","@id":"https:\/\/walkingranada.com\/#organization","name":"Walk In Granada","alternateName":"Walk In Granada","url":"https:\/\/walkingranada.com\/","logo":{"@type":"ImageObject","inLanguage":"en-GB","@id":"https:\/\/walkingranada.com\/#\/schema\/logo\/image\/","url":"https:\/\/walkingranada.com\/wp-content\/uploads\/2022\/12\/Logo-Walking.webp","contentUrl":"https:\/\/walkingranada.com\/wp-content\/uploads\/2022\/12\/Logo-Walking.webp","width":512,"height":512,"caption":"Walk In Granada"},"image":{"@id":"https:\/\/walkingranada.com\/#\/schema\/logo\/image\/"},"sameAs":["https:\/\/es-es.facebook.com\/walkingranadatour\/","https:\/\/x.com\/walkingranada","https:\/\/www.instagram.com\/walkingranada\/"]}]}},"_links":{"self":[{"href":"https:\/\/walkingranada.com\/en\/wp-json\/wp\/v2\/pages\/665","targetHints":{"allow":["GET"]}}],"collection":[{"href":"https:\/\/walkingranada.com\/en\/wp-json\/wp\/v2\/pages"}],"about":[{"href":"https:\/\/walkingranada.com\/en\/wp-json\/wp\/v2\/types\/page"}],"author":[{"embeddable":true,"href":"https:\/\/walkingranada.com\/en\/wp-json\/wp\/v2\/users\/2"}],"replies":[{"embeddable":true,"href":"https:\/\/walkingranada.com\/en\/wp-json\/wp\/v2\/comments?post=665"}],"version-history":[{"count":2,"href":"https:\/\/walkingranada.com\/en\/wp-json\/wp\/v2\/pages\/665\/revisions"}],"predecessor-version":[{"id":7376,"href":"https:\/\/walkingranada.com\/en\/wp-json\/wp\/v2\/pages\/665\/revisions\/7376"}],"up":[{"embeddable":true,"href":"https:\/\/walkingranada.com\/en\/wp-json\/wp\/v2\/pages\/442"}],"wp:featuredmedia":[{"embeddable":true,"href":"https:\/\/walkingranada.com\/en\/wp-json\/wp\/v2\/media\/2393"}],"wp:attachment":[{"href":"https:\/\/walkingranada.com\/en\/wp-json\/wp\/v2\/media?parent=665"}],"curies":[{"name":"wp","href":"https:\/\/api.w.org\/{rel}","templated":true}]}}