{"id":6098,"date":"2025-02-05T10:56:13","date_gmt":"2025-02-05T10:56:13","guid":{"rendered":"https:\/\/walkingranada.com\/?page_id=6098"},"modified":"2025-04-21T12:39:43","modified_gmt":"2025-04-21T12:39:43","slug":"abadia-del-sacromonte","status":"publish","type":"page","link":"https:\/\/walkingranada.com\/en\/visitas-guiadas\/abadia-del-sacromonte\/","title":{"rendered":"Sacromonte Abbey"},"content":{"rendered":"<p>Guided tours &gt; Sacromonte Abbey<\/p>\n\t<!-- FareHarbor calendar of item #575257 -->\n<h1>\n\t\tGroup Visit Sacromonte Abbey\n\t<\/h1>\n        <a href=\"#encuentro\">\n            <img decoding=\"async\" loading=\"lazy\" src=\"https:\/\/walkingranada.com\/wp-content\/uploads\/2022\/10\/fi-rr-marker.png\" alt=\"Sacromonte Abbey Car Park\"\/>\n            <p>Sacromonte Abbey Car Park <img decoding=\"async\" loading=\"lazy\" src=\"https:\/\/walkingranada.com\/wp-content\/uploads\/2022\/10\/\ud83e\udd86-icon-_Info-Circle_.png\" alt=\"informaci\u00f3n\"\/><\/p>\n        <\/a>\n        <img decoding=\"async\" loading=\"lazy\" src=\"https:\/\/walkingranada.com\/wp-content\/uploads\/2022\/12\/guia-tour.png\" alt=\"Camino del Sacromonte, s\/n\"\/>\n        <p>Camino del Sacromonte, s\/n<\/p>\n        <img decoding=\"async\" loading=\"lazy\" src=\"https:\/\/walkingranada.com\/wp-content\/uploads\/2022\/10\/fi-rr-chat-arrow-grow.png\" alt=\"Low difficulty\"\/>\n        <p>Low difficulty<\/p>\n        <img decoding=\"async\" loading=\"lazy\" src=\"https:\/\/walkingranada.com\/wp-content\/uploads\/2023\/06\/visita-en-grupo.webp\" alt=\"Group of up to 20 people\"\/>\n        <p>Group of up to 20 people<\/p>\n        <img decoding=\"async\" loading=\"lazy\" src=\"https:\/\/walkingranada.com\/wp-content\/uploads\/2022\/12\/accesibilidad_.png\" alt=\"Limited accessibility\"\/>\n        <p>Limited accessibility<\/p>\n        <img decoding=\"async\" loading=\"lazy\" src=\"https:\/\/walkingranada.com\/wp-content\/uploads\/2022\/10\/fi-rr-calendar.png\" alt=\"Saturday\"\/>\n        <p>Saturday<\/p>\n        <img decoding=\"async\" loading=\"lazy\" src=\"https:\/\/walkingranada.com\/wp-content\/uploads\/2022\/10\/fi-rr-clock.png\" alt=\"16:30\"\/>\n        <p>16:30<\/p>\n        <img decoding=\"async\" loading=\"lazy\" src=\"https:\/\/walkingranada.com\/wp-content\/uploads\/2022\/10\/fi-rr-alarm-clock.png\" alt=\"2 hours\"\/>\n        <p>2 hours<\/p>\n        <img decoding=\"async\" loading=\"lazy\" src=\"https:\/\/walkingranada.com\/wp-content\/uploads\/2022\/10\/fi-rr-receipt.png\" alt=\"From 26\u20ac\/person\"\/>\n        <p>From 26\u20ac\/person<\/p>\n        <img decoding=\"async\" loading=\"lazy\" src=\"https:\/\/walkingranada.com\/wp-content\/uploads\/2022\/10\/fi-rr-comments.png\" alt=\"Spanish\"\/>\n        <p>Spanish<\/p>\n<h2>\n\t\tThe Sacromonte's plumbeous books and holy relics\n\t<\/h2>\n\t<p>Among treasure hunters, Moorish doctors and bishops from Granada and Rome, the incredible discoveries of the Libros Pl\u00fambeos and the sacred relics of the martyrs of Granada were woven together. We travel back to the 16th century to find a people on the verge of being expelled and in need of miracles.<\/p>\n<h2>\n\t\tMeeting point\n\t<\/h2>\n\t\t\t\t<img decoding=\"async\" loading=\"lazy\" src=\"https:\/\/walkingranada.com\/wp-content\/uploads\/2025\/02\/abadia-entrada.jpg.webp\" alt=\"\" itemprop=\"image\" height=\"408\" width=\"305\" onerror=\"this.style.display='none'\"  \/>\n<h3>\n\t\tParking Abad\u00eda del Sacromonte Camino del Sacromonte, s\/n\n\t<\/h3>\n\t<p>Do you need directions to get there?<\/p>\n\t\t\t<a href=\"#reserva\" target=\"_self\">\n\t\t\t\t\t\t\tBook &gt;\n\t\t\t\t\t<\/a>\n\t\t\t<a href=\"https:\/\/maps.app.goo.gl\/WfdHCLhGYbJnxdwo8\" target=\"_blank\" rel=\"noopener\">\n\t\t\t\t\t\t\tHow to get there? &gt;\n\t\t\t\t\t<\/a>\n<h2>\n\t\tRecommendations\n\t<\/h2>\n\t<ol>\n<li class=\"translation-block\">Arrive <strong>20 minutes before<\/strong> the start time of the visit.<\/li>\n<li class=\"translation-block\">In summer, wear <strong>comfortable shoes<\/strong>, <strong>water<\/strong> and <strong>sun protection<\/strong>.<\/li>\n<li class=\"translation-block\"><strong>Low difficulty<\/strong>. There are <strong>cobbled floors<\/strong> on this visit.<\/li>\n<li class=\"translation-block\"><strong>Not suitable<\/strong> for <strong>wheelchairs<\/strong> or <strong>pushchairs<\/strong>. <strong>Baby carrier<\/strong> can be used.<\/li>\n<\/ol>\n<h2>\n\t\tItinerary\n\t<\/h2>\n\t<ul>\n<li aria-level=\"2\">Entrance to Sacromonte Abbey<\/li>\n<li aria-level=\"2\">Darro Valley<\/li>\n<li aria-level=\"2\">Cloister and Collegiate<\/li>\n<li aria-level=\"2\">Holy Caves<\/li>\n<li aria-level=\"2\">Abbey Museum<\/li>\n<li aria-level=\"2\">Exterior fa\u00e7ade<\/li>\n<\/ul>\n\t<p class=\"translation-block\">The Sacromonte Abbey, located in the hills of the same name in Granada, is an emblematic historical and religious complex founded in the 17th century. Built over caves considered sacred, it houses relics of the Christian martyrs San Cecilio and others, as well as the famous <em>Libros Pl\u00fambeos<\/em>. It stands out for its baroque architecture, its cloister, its museum with valuable art pieces and its spectacular location overlooking the Alhambra and the city. It is a place full of spirituality, history and culture.<\/p>\n\t<p class=\"translation-block\">This is a guided tour in a small group. If you do not find availability and want to make this visit in private format you can make the request through our section of <a href=\"https:\/\/walkingranada.com\/en\/customized-tours\/\" target=\"_self\">customized tours<\/a>.<\/p>\n\t\n\t\n\t\t\t<a href=\"https:\/\/walkingranada.com\/en\/customized-tours\/\" target=\"_self\">\n\t\t\t\t\t\t\tCustomized tours >\n\t\t\t\t\t<\/a>\n\t\n\t\n\t\n<h2>\n\t\tTambi\u00e9n puedes reservar nuestras otras visitas guiadas&#8230;\n\t<\/h2>\n\t<section>\n            <img decoding=\"async\" loading=\"lazy\" src=\"https:\/\/walkingranada.com\/wp-content\/uploads\/2023\/01\/Jardines-card-walkin.webp\" width=\"100%\" alt=\"Private Tour of the Alhambra\"\/>\n                <h3>Private Tour of the Alhambra<\/h3>\n                <hr \/>\n                <p>If you want to visit the Alhambra with a guide dedicated only to you and your family and\/or friends.<\/p>\n                <hr \/>\n                    <p> Every day<\/p>\n                    <p> Site hours<\/p>\n                    <p> 3h<\/p>\n                    From\n                    <p>40\u20ac<\/p>\/pax\n            <a href=\"https:\/\/walkingranada.com\/en\/alhambra\/private-tour\/\">Book &gt;<\/a>\n            <img decoding=\"async\" loading=\"lazy\" src=\"https:\/\/walkingranada.com\/wp-content\/uploads\/2023\/01\/Alhambra-card-walkin.webp\" width=\"100%\" alt=\"Guided tour with Alhambra &amp; Generalife ticket\"\/>\n                <h3>Guided tour with Alhambra &amp; Generalife ticket<\/h3>\n                <hr \/>\n                <p>Enter the palatine city of the Alhambra and its impressive gardens.<\/p>\n                <hr \/>\n                    <p> Every day<\/p>\n                    <p> Site hours<\/p>\n                    <p> 3h<\/p>\n                    From\n                    <p>49\u20ac<\/p>\n                    \/pax\n            <a href=\"https:\/\/walkingranada.com\/en\/alhambra\/guided-tour-with-alhambra-ticket\/\">Book &gt;<\/a>\n        <img decoding=\"async\" loading=\"lazy\" src=\"https:\/\/walkingranada.com\/wp-content\/uploads\/2023\/01\/Centro-historico-card.webp\" width=\"100%\" alt=\"Guided tour of the historic centre and lower albaic\u00edn\"\/>\n            <h3>Guided tour of the historic centre and lower albaic\u00edn<\/h3>\n            <hr \/>\n            <p>Immerse yourself in history. On this tour you will visit the most central and popular areas.<\/p>\n            <hr \/>\n                <p> Every day<\/p>\n                <p> Ask us<\/p>\n                <p> 2,5h<\/p>\n                    From\n                    <p>8\u20ac<\/p>\n                    \/pax\n        <a href=\"https:\/\/walkingranada.com\/en\/guided-tours\/historic-centre-albaicin\/\">Book &gt;<\/a>\n        <img decoding=\"async\" loading=\"lazy\" src=\"https:\/\/walkingranada.com\/wp-content\/uploads\/2023\/01\/Card-Sacromonte.webp\" width=\"100%\" alt=\"Guided tour of the Sacromonte\"\/>\n            <h3>Guided tour of the Sacromonte<\/h3>\n            <hr \/>\n            Get to know the neighborhood with the most goblins in Granada. This is a tour for photography lovers.\n            <hr \/>\n                <p> Every day<\/p>\n                <p> Ask us<\/p>\n                <p> 2,5h<\/p>\n                    From\n                    <p>8\u20ac<\/p>\n                    \/pax\n        <a href=\"https:\/\/walkingranada.com\/en\/guided-tours\/sacromonte\/\">Book &gt;<\/a>\n<\/section>\n<h2>\n\t\tTambi\u00e9n puedes reservar nuestros otros servicios&#8230;\n\t<\/h2>\n\t<a href=\"https:\/\/walkingranada.com\/en\/what-to-do-in-granada\/flamenco\/\" target=\"_self\"><\/a>\t\t\t<img decoding=\"async\" loading=\"lazy\" alt=\"bailaora flamenca\" src=\"https:\/\/walkingranada.com\/wp-content\/uploads\/2022\/10\/Rectangle-42.png\"\/>\n\t\t<h3>Flamenco<\/h3>\n\t<a href=\"https:\/\/walkingranada.com\/en\/what-to-do-in-granada\/hammam-al-andalus\/\" target=\"_self\"><\/a>\t\t\t<img decoding=\"async\" loading=\"lazy\" alt=\"ba\u00f1os \u00e1rabes\" src=\"https:\/\/walkingranada.com\/wp-content\/uploads\/2022\/10\/Rectangle-43.png\"\/>\n\t\t<h3>Hammam <br \/>Al-\u00e1ndalus<\/h3>\n\t<a href=\"https:\/\/walkingranada.com\/en\/what-to-do-in-granada\/day-trips\/\" target=\"_self\"><\/a>\t\t\t<img decoding=\"async\" loading=\"lazy\" alt=\"mezquita de c\u00f3rdoba\" src=\"https:\/\/walkingranada.com\/wp-content\/uploads\/2022\/10\/Rectangle-45.png\"\/>\n\t\t<h3>Day <br \/>trips<\/h3>\n\t<a href=\"https:\/\/walkingranada.com\/en\/what-to-do-in-granada\/olfactory-route\/\" target=\"_self\"><\/a>\t\t\t<img decoding=\"async\" loading=\"lazy\" alt=\"imagen de una chica joven\" src=\"https:\/\/walkingranada.com\/wp-content\/uploads\/2022\/10\/Rectangle-38.png\"\/>\n\t\t<h3>Olfactory route<\/h3>","protected":false},"excerpt":{"rendered":"<p>Visitas guiadas &gt; Abad\u00eda del Sacromonte Visita en Grupo Abad\u00eda del Sacromonte Parking Abad\u00eda del Sacromonte Camino del Sacromonte, s\/n Dificultad baja Grupo de hasta 20 personas Accesibilidad limitada S\u00e1bado 16:30 2 horas Desde 26\u20ac\/persona Espa\u00f1ol Los libros pl\u00fambeos del Sacromonte y las santas reliquias Entre buscadores de tesoros, m\u00e9dicos moriscos y obispos de Granada &#8230; <a title=\"Sacromonte Abbey\" class=\"read-more\" href=\"https:\/\/walkingranada.com\/en\/visitas-guiadas\/abadia-del-sacromonte\/\" aria-label=\"Read more about Abad\u00eda del Sacromonte\">Read more<\/a><\/p>","protected":false},"author":5,"featured_media":0,"parent":94,"menu_order":0,"comment_status":"closed","ping_status":"closed","template":"","meta":{"footnotes":""},"class_list":["post-6098","page","type-page","status-publish"],"yoast_head":"<!-- This site is optimized with the Yoast SEO plugin v27.4 - https:\/\/yoast.com\/product\/yoast-seo-wordpress\/ -->\n<title>Abad\u00eda del Sacromonte - Visita en Grupo - Walk in Granada<\/title>\n<meta name=\"description\" content=\"Entre buscadores de tesoros, m\u00e9dicos moriscos y obispos de Granada y Roma se fueron tejiendo los incre\u00edbles hallazgos de los Libros Pl\u00fambeos y las sagradas reliquias de los m\u00e1rtires de Granada.\" \/>\n<meta name=\"robots\" content=\"index, follow, max-snippet:-1, max-image-preview:large, max-video-preview:-1\" \/>\n<link rel=\"canonical\" href=\"https:\/\/walkingranada.com\/en\/guided-tours\/abadia-del-sacromonte\/\" \/>\n<meta property=\"og:locale\" content=\"en_GB\" \/>\n<meta property=\"og:type\" content=\"article\" \/>\n<meta property=\"og:title\" content=\"Abad\u00eda del Sacromonte - Visita en Grupo - Walk in Granada\" \/>\n<meta property=\"og:description\" content=\"Entre buscadores de tesoros, m\u00e9dicos moriscos y obispos de Granada y Roma se fueron tejiendo los incre\u00edbles hallazgos de los Libros Pl\u00fambeos y las sagradas reliquias de los m\u00e1rtires de Granada.\" \/>\n<meta property=\"og:url\" content=\"https:\/\/walkingranada.com\/en\/guided-tours\/abadia-del-sacromonte\/\" \/>\n<meta property=\"og:site_name\" content=\"Walk in Granada\" \/>\n<meta property=\"article:publisher\" content=\"https:\/\/es-es.facebook.com\/walkingranadatour\/\" \/>\n<meta property=\"article:modified_time\" content=\"2025-04-21T12:39:43+00:00\" \/>\n<meta property=\"og:image\" content=\"https:\/\/walkingranada.com\/wp-content\/uploads\/2022\/10\/fi-rr-marker.png\" \/>\n<meta name=\"twitter:card\" content=\"summary_large_image\" \/>\n<meta name=\"twitter:site\" content=\"@walkingranada\" \/>\n<meta name=\"twitter:label1\" content=\"Estimated reading time\" \/>\n\t<meta name=\"twitter:data1\" content=\"8 minutes\" \/>\n<script type=\"application\/ld+json\" class=\"yoast-schema-graph\">{\"@context\":\"https:\\\/\\\/schema.org\",\"@graph\":[{\"@type\":\"WebPage\",\"@id\":\"https:\\\/\\\/walkingranada.com\\\/visitas-guiadas\\\/abadia-del-sacromonte\\\/\",\"url\":\"https:\\\/\\\/walkingranada.com\\\/visitas-guiadas\\\/abadia-del-sacromonte\\\/\",\"name\":\"Abad\u00eda del Sacromonte - Visita en Grupo - Walk in Granada\",\"isPartOf\":{\"@id\":\"https:\\\/\\\/walkingranada.com\\\/#website\"},\"primaryImageOfPage\":{\"@id\":\"https:\\\/\\\/walkingranada.com\\\/visitas-guiadas\\\/abadia-del-sacromonte\\\/#primaryimage\"},\"image\":{\"@id\":\"https:\\\/\\\/walkingranada.com\\\/visitas-guiadas\\\/abadia-del-sacromonte\\\/#primaryimage\"},\"thumbnailUrl\":\"https:\\\/\\\/walkingranada.com\\\/wp-content\\\/uploads\\\/2022\\\/10\\\/fi-rr-marker.png\",\"datePublished\":\"2025-02-05T10:56:13+00:00\",\"dateModified\":\"2025-04-21T12:39:43+00:00\",\"description\":\"Entre buscadores de tesoros, m\u00e9dicos moriscos y obispos de Granada y Roma se fueron tejiendo los incre\u00edbles hallazgos de los Libros Pl\u00fambeos y las sagradas reliquias de los m\u00e1rtires de Granada.\",\"breadcrumb\":{\"@id\":\"https:\\\/\\\/walkingranada.com\\\/visitas-guiadas\\\/abadia-del-sacromonte\\\/#breadcrumb\"},\"inLanguage\":\"en-GB\",\"potentialAction\":[{\"@type\":\"ReadAction\",\"target\":[\"https:\\\/\\\/walkingranada.com\\\/visitas-guiadas\\\/abadia-del-sacromonte\\\/\"]}]},{\"@type\":\"ImageObject\",\"inLanguage\":\"en-GB\",\"@id\":\"https:\\\/\\\/walkingranada.com\\\/visitas-guiadas\\\/abadia-del-sacromonte\\\/#primaryimage\",\"url\":\"https:\\\/\\\/walkingranada.com\\\/wp-content\\\/uploads\\\/2022\\\/10\\\/fi-rr-marker.png\",\"contentUrl\":\"https:\\\/\\\/walkingranada.com\\\/wp-content\\\/uploads\\\/2022\\\/10\\\/fi-rr-marker.png\"},{\"@type\":\"BreadcrumbList\",\"@id\":\"https:\\\/\\\/walkingranada.com\\\/visitas-guiadas\\\/abadia-del-sacromonte\\\/#breadcrumb\",\"itemListElement\":[{\"@type\":\"ListItem\",\"position\":1,\"name\":\"Portada\",\"item\":\"https:\\\/\\\/walkingranada.com\\\/\"},{\"@type\":\"ListItem\",\"position\":2,\"name\":\"Visitas guiadas\",\"item\":\"https:\\\/\\\/walkingranada.com\\\/visitas-guiadas\\\/\"},{\"@type\":\"ListItem\",\"position\":3,\"name\":\"Abad\u00eda del Sacromonte\"}]},{\"@type\":\"WebSite\",\"@id\":\"https:\\\/\\\/walkingranada.com\\\/#website\",\"url\":\"https:\\\/\\\/walkingranada.com\\\/\",\"name\":\"Walk in Granada\",\"description\":\"Turismo responsable\",\"publisher\":{\"@id\":\"https:\\\/\\\/walkingranada.com\\\/#organization\"},\"alternateName\":\"Walk in Granada\",\"potentialAction\":[{\"@type\":\"SearchAction\",\"target\":{\"@type\":\"EntryPoint\",\"urlTemplate\":\"https:\\\/\\\/walkingranada.com\\\/?s={search_term_string}\"},\"query-input\":{\"@type\":\"PropertyValueSpecification\",\"valueRequired\":true,\"valueName\":\"search_term_string\"}}],\"inLanguage\":\"en-GB\"},{\"@type\":\"Organization\",\"@id\":\"https:\\\/\\\/walkingranada.com\\\/#organization\",\"name\":\"Walk In Granada\",\"alternateName\":\"Walk In Granada\",\"url\":\"https:\\\/\\\/walkingranada.com\\\/\",\"logo\":{\"@type\":\"ImageObject\",\"inLanguage\":\"en-GB\",\"@id\":\"https:\\\/\\\/walkingranada.com\\\/#\\\/schema\\\/logo\\\/image\\\/\",\"url\":\"https:\\\/\\\/walkingranada.com\\\/wp-content\\\/uploads\\\/2022\\\/12\\\/Logo-Walking.webp\",\"contentUrl\":\"https:\\\/\\\/walkingranada.com\\\/wp-content\\\/uploads\\\/2022\\\/12\\\/Logo-Walking.webp\",\"width\":512,\"height\":512,\"caption\":\"Walk In Granada\"},\"image\":{\"@id\":\"https:\\\/\\\/walkingranada.com\\\/#\\\/schema\\\/logo\\\/image\\\/\"},\"sameAs\":[\"https:\\\/\\\/es-es.facebook.com\\\/walkingranadatour\\\/\",\"https:\\\/\\\/x.com\\\/walkingranada\",\"https:\\\/\\\/www.instagram.com\\\/walkingranada\\\/\"]}]}<\/script>\n<!-- \/ Yoast SEO plugin. -->","yoast_head_json":{"title":"Sacromonte Abbey - Group Visit - Walk in Granada","description":"Among treasure hunters, Moorish doctors and bishops of Granada and Rome, the incredible discoveries of the Plombic Books and the sacred relics of the martyrs of Granada were woven together.","robots":{"index":"index","follow":"follow","max-snippet":"max-snippet:-1","max-image-preview":"max-image-preview:large","max-video-preview":"max-video-preview:-1"},"canonical":"https:\/\/walkingranada.com\/en\/guided-tours\/abadia-del-sacromonte\/","og_locale":"en_GB","og_type":"article","og_title":"Abad\u00eda del Sacromonte - Visita en Grupo - Walk in Granada","og_description":"Entre buscadores de tesoros, m\u00e9dicos moriscos y obispos de Granada y Roma se fueron tejiendo los incre\u00edbles hallazgos de los Libros Pl\u00fambeos y las sagradas reliquias de los m\u00e1rtires de Granada.","og_url":"https:\/\/walkingranada.com\/en\/guided-tours\/abadia-del-sacromonte\/","og_site_name":"Walk in Granada","article_publisher":"https:\/\/es-es.facebook.com\/walkingranadatour\/","article_modified_time":"2025-04-21T12:39:43+00:00","og_image":[{"url":"https:\/\/walkingranada.com\/wp-content\/uploads\/2022\/10\/fi-rr-marker.png","type":"","width":"","height":""}],"twitter_card":"summary_large_image","twitter_site":"@walkingranada","twitter_misc":{"Estimated reading time":"8 minutes"},"schema":{"@context":"https:\/\/schema.org","@graph":[{"@type":"WebPage","@id":"https:\/\/walkingranada.com\/visitas-guiadas\/abadia-del-sacromonte\/","url":"https:\/\/walkingranada.com\/visitas-guiadas\/abadia-del-sacromonte\/","name":"Sacromonte Abbey - Group Visit - Walk in Granada","isPartOf":{"@id":"https:\/\/walkingranada.com\/#website"},"primaryImageOfPage":{"@id":"https:\/\/walkingranada.com\/visitas-guiadas\/abadia-del-sacromonte\/#primaryimage"},"image":{"@id":"https:\/\/walkingranada.com\/visitas-guiadas\/abadia-del-sacromonte\/#primaryimage"},"thumbnailUrl":"https:\/\/walkingranada.com\/wp-content\/uploads\/2022\/10\/fi-rr-marker.png","datePublished":"2025-02-05T10:56:13+00:00","dateModified":"2025-04-21T12:39:43+00:00","description":"Among treasure hunters, Moorish doctors and bishops of Granada and Rome, the incredible discoveries of the Plombic Books and the sacred relics of the martyrs of Granada were woven together.","breadcrumb":{"@id":"https:\/\/walkingranada.com\/visitas-guiadas\/abadia-del-sacromonte\/#breadcrumb"},"inLanguage":"en-GB","potentialAction":[{"@type":"ReadAction","target":["https:\/\/walkingranada.com\/visitas-guiadas\/abadia-del-sacromonte\/"]}]},{"@type":"ImageObject","inLanguage":"en-GB","@id":"https:\/\/walkingranada.com\/visitas-guiadas\/abadia-del-sacromonte\/#primaryimage","url":"https:\/\/walkingranada.com\/wp-content\/uploads\/2022\/10\/fi-rr-marker.png","contentUrl":"https:\/\/walkingranada.com\/wp-content\/uploads\/2022\/10\/fi-rr-marker.png"},{"@type":"BreadcrumbList","@id":"https:\/\/walkingranada.com\/visitas-guiadas\/abadia-del-sacromonte\/#breadcrumb","itemListElement":[{"@type":"ListItem","position":1,"name":"Portada","item":"https:\/\/walkingranada.com\/"},{"@type":"ListItem","position":2,"name":"Visitas guiadas","item":"https:\/\/walkingranada.com\/visitas-guiadas\/"},{"@type":"ListItem","position":3,"name":"Abad\u00eda del Sacromonte"}]},{"@type":"WebSite","@id":"https:\/\/walkingranada.com\/#website","url":"https:\/\/walkingranada.com\/","name":"Walk in Granada","description":"Turismo responsable","publisher":{"@id":"https:\/\/walkingranada.com\/#organization"},"alternateName":"Walk in Granada","potentialAction":[{"@type":"SearchAction","target":{"@type":"EntryPoint","urlTemplate":"https:\/\/walkingranada.com\/?s={search_term_string}"},"query-input":{"@type":"PropertyValueSpecification","valueRequired":true,"valueName":"search_term_string"}}],"inLanguage":"en-GB"},{"@type":"Organization","@id":"https:\/\/walkingranada.com\/#organization","name":"Walk In Granada","alternateName":"Walk In Granada","url":"https:\/\/walkingranada.com\/","logo":{"@type":"ImageObject","inLanguage":"en-GB","@id":"https:\/\/walkingranada.com\/#\/schema\/logo\/image\/","url":"https:\/\/walkingranada.com\/wp-content\/uploads\/2022\/12\/Logo-Walking.webp","contentUrl":"https:\/\/walkingranada.com\/wp-content\/uploads\/2022\/12\/Logo-Walking.webp","width":512,"height":512,"caption":"Walk In Granada"},"image":{"@id":"https:\/\/walkingranada.com\/#\/schema\/logo\/image\/"},"sameAs":["https:\/\/es-es.facebook.com\/walkingranadatour\/","https:\/\/x.com\/walkingranada","https:\/\/www.instagram.com\/walkingranada\/"]}]}},"_links":{"self":[{"href":"https:\/\/walkingranada.com\/en\/wp-json\/wp\/v2\/pages\/6098","targetHints":{"allow":["GET"]}}],"collection":[{"href":"https:\/\/walkingranada.com\/en\/wp-json\/wp\/v2\/pages"}],"about":[{"href":"https:\/\/walkingranada.com\/en\/wp-json\/wp\/v2\/types\/page"}],"author":[{"embeddable":true,"href":"https:\/\/walkingranada.com\/en\/wp-json\/wp\/v2\/users\/5"}],"replies":[{"embeddable":true,"href":"https:\/\/walkingranada.com\/en\/wp-json\/wp\/v2\/comments?post=6098"}],"version-history":[{"count":13,"href":"https:\/\/walkingranada.com\/en\/wp-json\/wp\/v2\/pages\/6098\/revisions"}],"predecessor-version":[{"id":6917,"href":"https:\/\/walkingranada.com\/en\/wp-json\/wp\/v2\/pages\/6098\/revisions\/6917"}],"up":[{"embeddable":true,"href":"https:\/\/walkingranada.com\/en\/wp-json\/wp\/v2\/pages\/94"}],"wp:attachment":[{"href":"https:\/\/walkingranada.com\/en\/wp-json\/wp\/v2\/media?parent=6098"}],"curies":[{"name":"wp","href":"https:\/\/api.w.org\/{rel}","templated":true}]}}