{"id":576,"date":"2022-11-17T09:40:03","date_gmt":"2022-11-17T09:40:03","guid":{"rendered":"https:\/\/factum-omibu.es\/walkin\/?page_id=576"},"modified":"2023-05-22T06:58:57","modified_gmt":"2023-05-22T06:58:57","slug":"lorca-vega","status":"publish","type":"page","link":"https:\/\/walkingranada.com\/en\/visitas-guiadas\/rutas-lorquianas\/lorca-vega\/","title":{"rendered":"A day with Lorca in La Vega tour"},"content":{"rendered":"<p>LORQUIAN ROUTES &gt; VEGA TOUR<\/p>\r\n<p><strong>If you have any questions or would like to book, please do not hesitate to contact us!<\/strong><\/p>\r\n<p><strong>Mail:\u00a0<\/strong><a title=\"Contact Us!\" href=\"mailto:info@walkingranada.com\"> <strong>info@walkingranada.com<\/strong><\/a><br \/><strong>Tlf:\u00a0<\/strong><a title=\"\u00a1Ll\u00e1manos!\" href=\"tel:+34630070893\"> <strong>+34 630 07 08 93<\/strong><\/a><\/p>\r\n<h1>Private Tour: A Day with Lorca in the Vega of Granada<\/h1>\r\n<p><a href=\"#encuentro\"> <img decoding=\"async\" loading=\"lazy\" src=\"https:\/\/walkingranada.com\/wp-content\/uploads\/2022\/10\/fi-rr-marker.png\" alt=\"ACCORDING TO THE ACCOMODATION\" \/><\/a><\/p>\r\n<p>ACCORDING TO THE ACCOMODATION <img decoding=\"async\" loading=\"lazy\" src=\"https:\/\/walkingranada.com\/wp-content\/uploads\/2022\/10\/\ud83e\udd86-icon-_Info-Circle_.png\" alt=\"informaci\u00f3n\" \/><\/p>\r\n<p><img decoding=\"async\" loading=\"lazy\" src=\"https:\/\/walkingranada.com\/wp-content\/uploads\/2022\/12\/guia-tour.png\" \/><\/p>\r\n<p>Find your guide<\/p>\r\n<p><img decoding=\"async\" loading=\"lazy\" src=\"https:\/\/walkingranada.com\/wp-content\/uploads\/2022\/10\/fi-rr-chat-arrow-grow.png\" alt=\"Low difficulty\" \/><\/p>\r\n<p>Low difficulty<\/p>\r\n<p><img decoding=\"async\" loading=\"lazy\" src=\"https:\/\/walkingranada.com\/wp-content\/uploads\/2022\/10\/fi-rr-map.png\" alt=\"Urban centres, landscapes of the fertile lowlands\" \/><\/p>\r\n<p>Urban centres, landscapes of the fertile lowlands<\/p>\r\n<p><img decoding=\"async\" loading=\"lazy\" src=\"https:\/\/walkingranada.com\/wp-content\/uploads\/2022\/12\/accesibilidad_.png\" alt=\"Limited accessibility\" \/><\/p>\r\n<p>Limited accessibility<\/p>\r\n<p><img decoding=\"async\" loading=\"lazy\" src=\"https:\/\/walkingranada.com\/wp-content\/uploads\/2022\/10\/fi-rr-calendar.png\" alt=\"TODOS LOS DIAS\" \/><\/p>\r\n<p>Every day<\/p>\r\n<p><img decoding=\"async\" loading=\"lazy\" src=\"https:\/\/walkingranada.com\/wp-content\/uploads\/2022\/10\/fi-rr-clock.png\" alt=\"horario Seg\u00fan disponibilidad\" \/><\/p>\r\n<p>According to availability<\/p>\r\n<p><img decoding=\"async\" loading=\"lazy\" src=\"https:\/\/walkingranada.com\/wp-content\/uploads\/2022\/10\/fi-rr-alarm-clock.png\" alt=\"7,5 horas\" \/><\/p>\r\n<p>7,5 horas<\/p>\r\n<p><img decoding=\"async\" loading=\"lazy\" src=\"https:\/\/walkingranada.com\/wp-content\/uploads\/2022\/10\/fi-rr-receipt.png\" alt=\"desde 30 \u20ac\" \/><\/p>\r\n<p>desde 30\u20ac\/pax<\/p>\r\n<p><img decoding=\"async\" loading=\"lazy\" src=\"https:\/\/walkingranada.com\/wp-content\/uploads\/2022\/10\/fi-rr-comments.png\" alt=\"SPANISH, ENGLISH\" \/><\/p>\r\n<p>SPANISH, ENGLISH<\/p>\r\n<p>In this visit you will get to know the fertile plain of Granada, its fields, its history, its landscapes, the source of inspiration of the poet and playwright.<\/p>\r\n<p>In addition, we will take a tour of Federico's life, from his early childhood in Fuente Vaqueros, the writer's birthplace, with a visit to his birthplace, to his last days in Granada, with a visit to the town of V\u00edznar, the place where he was executed during the Civil War.<\/p>\r\n<h2>Meeting point<\/h2>\r\n<p><img decoding=\"async\" loading=\"lazy\" title=\"lorca-color\" src=\"https:\/\/walkingranada.com\/wp-content\/uploads\/2022\/12\/lorca-color.jpg.webp\" alt=\"Foto de Garc\u00eda Lorca en color\" width=\"711\" height=\"398\" \/> To be confirmed with the client<br \/>according to accommodation.<\/p>\r\n<p>Do you need directions to get there?<\/p>\r\n<p><a role=\"button\" href=\"#reserva\" target=\"_self\" rel=\"noopener\"> Reservar &gt; <\/a><\/p>\r\n<h2>Recommendations<\/h2>\r\n<ol>\r\n<li>This route must be done by car, therefore, if more than 4 participants wish to do it, it will be necessary to check the availability of vehicles.<\/li>\r\n<li class=\"translation-block\">Arrive <strong>20 minutes early<\/strong> before the start time of the visit.<\/li>\r\n<li>Wear\u00a0<strong>comfortable shoes<\/strong>. La visita tiene una duraci\u00f3n de 7,5 horas.<\/li>\r\n<li>In summer, remember to use<strong>\u00a0sunscreen and bring a bottle of water<\/strong>.<\/li>\r\n<\/ol>\r\n<h2>Itinerary<\/h2>\r\n<ul>\r\n<li>Vega of Granada<\/li>\r\n<li>Center for Lorquian Studies<br \/><em>Fuente Vaqueros<\/em><\/li>\r\n<li>Federico Garc\u00eda Lorca House-Museum.<br \/><em>Valderrubio<\/em><\/li>\r\n<li>Daimuz Farmhouse<\/li>\r\n<li>Lunch break<br \/><em>(no incluido)<\/em><\/li>\r\n<li>Viznar<\/li>\r\n<li>Aynadamar. Federico Garc\u00eda Lorca Park<br \/><em>V\u00edznar Ravine<\/em><\/li>\r\n<\/ul>\r\n<p>In our transfer from Fuente Vaqueros to Valderrubio and from Valderrubio to V\u00edznar, we will travel through a natural landscape practically identical to the one enjoyed by Lorca in his lifetime.<br \/>The landscape of the Vega de Granada has cultural and natural values that speak for themselves. It has its roots in the orchards of the Nasrid Granada, an excellent agricultural fertility, preserves a landscape of poplar groves, flax and tobacco and the vestiges of the industrialisation of sugar beet and hemp, products that supported the economic development of the Lorca family.\nLorca family.<br \/>familia Lorca. <strong>If you have any questions or would like to book, please do not hesitate to contact us!<\/strong><br \/>Mail:\u00a0<a title=\"Contact Us!\" href=\"mailto:info@walkingranada.com\"> <strong>info@walkingranada.com<\/strong><\/a><br \/>Tlf:\u00a0<a title=\"\u00a1Ll\u00e1manos!\" href=\"tel:+34630070893\"> <strong>+34 630 07 08 93<\/strong><\/a><\/p>\r\n<h2>Tambi\u00e9n puedes reservar nuestras otras visitas guiadas&#8230;<\/h2>\r\n<section><img decoding=\"async\" loading=\"lazy\" src=\"https:\/\/walkingranada.com\/wp-content\/uploads\/2023\/01\/Card-Albaicin-sacromonte.webp\" alt=\"Visita guiada al albaic\u00edn y Sacromonte\" width=\"100%\" \/>\r\n<h3>Private guided tour of the Albaic\u00edn and Sacromonte<\/h3>\r\n<hr \/>\r\n<p>A tour that combines the two most emblematic neighborhoods of Granada.<\/p>\r\n<hr \/>\r\n<p>Every day<\/p>\r\n<p>Ask us<\/p>\r\n<p>2,5h<\/p>\r\nFrom\r\n<p>8\u20ac<\/p>\r\n\/pax <a href=\"https:\/\/walkingranada.com\/en\/guided-tours\/albaicin-and-sacromonte\/\">Reservar &gt;<\/a> <img decoding=\"async\" loading=\"lazy\" src=\"https:\/\/walkingranada.com\/wp-content\/uploads\/2023\/01\/visita-albaicin-card.webp\" alt=\"Visita Guiada al Albaic\u00edn\" width=\"100%\" \/>\r\n<h3>Guided tour of the <br \/>Albaicin<\/h3>\r\n<hr \/>\r\n<p>Sum\u00e9rgete en la historia. En esta visita recorrer\u00e1s las zonas m\u00e1s c\u00e9ntricas y populares de la &#8230;<\/p>\r\n<hr \/>\r\n<p>Every day<\/p>\r\n<p>Ask us<\/p>\r\n<p>2,5h<\/p>\r\nFrom\r\n<p>8\u20ac<\/p>\r\n\/pax <a href=\"https:\/\/walkingranada.com\/en\/guided-tours\/albaicin\/\">Reservar &gt;<\/a> <img decoding=\"async\" loading=\"lazy\" src=\"https:\/\/walkingranada.com\/wp-content\/uploads\/2023\/01\/Card-Sacromonte.webp\" alt=\"Visita guiada al sacromonte\" width=\"100%\" \/>\r\n<h3>Guided tour of the Sacromonte<\/h3>\r\n<hr \/>Conoce el barrio con m\u00e1s duende de Granada. \u00c9ste es un tour para amantes de la fotograf\u00eda.<hr \/>\r\n<p>Every day<\/p>\r\n<p>Ask us<\/p>\r\n<p>2,5h<\/p>\r\nFrom\r\n<p>8\u20ac<\/p>\r\n\/pax <a href=\"https:\/\/walkingranada.com\/en\/guided-tours\/sacromonte\/\">Reservar &gt;<\/a> <img decoding=\"async\" loading=\"lazy\" src=\"https:\/\/walkingranada.com\/wp-content\/uploads\/2023\/01\/Centro-historico-card.webp\" alt=\"Visita guiada al centro historico y bajo albaicin\" width=\"100%\" \/>\r\n<h3>Guided tour of the historic centre and the lower Albaic\u00edn<\/h3>\r\n<hr \/>\r\n<p>Immerse yourself in history. On this tour you will visit the most central and popular areas.<\/p>\r\n<hr \/>\r\n<p>Every day<\/p>\r\n<p>Ask us<\/p>\r\n<p>2,5h<\/p>\r\nFrom\r\n<p>8\u20ac<\/p>\r\n\/pax <a href=\"https:\/\/walkingranada.com\/en\/guided-tours\/historic-centre-albaicin\/\">Reservar &gt;<\/a><\/section>\r\n<h2>Tambi\u00e9n puedes reservar nuestros otros servicios&#8230;<\/h2>\r\n<p><img decoding=\"async\" loading=\"lazy\" src=\"https:\/\/walkingranada.com\/wp-content\/uploads\/2022\/10\/Rectangle-42.png\" alt=\"bailaora flamenca\" \/><\/p>\r\n<h3>Flamenco<\/h3>\r\n<p><img decoding=\"async\" loading=\"lazy\" src=\"https:\/\/walkingranada.com\/wp-content\/uploads\/2022\/10\/Rectangle-43.png\" alt=\"ba\u00f1os \u00e1rabes\" \/><\/p>\r\n<h3>Hammam <br \/>Al-\u00e1ndalus<\/h3>\r\n<p><img decoding=\"async\" loading=\"lazy\" src=\"https:\/\/walkingranada.com\/wp-content\/uploads\/2022\/10\/Rectangle-45.png\" alt=\"mezquita de c\u00f3rdoba\" \/><\/p>\r\n<h3>Day <br \/>trips<\/h3>\r\n<p><img decoding=\"async\" loading=\"lazy\" src=\"https:\/\/walkingranada.com\/wp-content\/uploads\/2022\/10\/Rectangle-38.png\" alt=\"imagen de una chica joven\" \/><\/p>\r\n<h3>Olfactory route<\/h3>","protected":false},"excerpt":{"rendered":"<p>Rutas Lorquianas &gt; Lorca Vega \u00a1Si tienes cualquier pregunta o deseas reservar, no dudes en contactarnos! Mail:\u00a0 info@walkingranada.comTlf:\u00a0 +34 630 07 08 93 Ruta privada: un d\u00eda con Lorca en la vega de Granada Seg\u00fan alojamiento busca a tu gu\u00eda Dificultad baja Cascos urbanos, paisajes de la vega Accesibilidad limitada Todos los d\u00edas Seg\u00fan disponibilidad &#8230; <a title=\"A day with Lorca in La Vega tour\" class=\"read-more\" href=\"https:\/\/walkingranada.com\/en\/visitas-guiadas\/rutas-lorquianas\/lorca-vega\/\" aria-label=\"Read more about Un d\u00eda con Lorca en la vega de Granada\">Read more<\/a><\/p>","protected":false},"author":2,"featured_media":2469,"parent":426,"menu_order":0,"comment_status":"closed","ping_status":"closed","template":"","meta":{"footnotes":""},"class_list":["post-576","page","type-page","status-publish","has-post-thumbnail"],"yoast_head":"<!-- This site is optimized with the Yoast SEO plugin v27.4 - https:\/\/yoast.com\/product\/yoast-seo-wordpress\/ -->\n<title>Un d\u00eda con Lorca en la vega de Granada - Walk in Granada<\/title>\n<meta name=\"description\" content=\"Ad\u00e9ntrate en la Vega Granadina con esta ruta basada en los puntos clave del poeta Federico Garc\u00eda Lorca. Sum\u00e9rgete en la historia.\" \/>\n<meta name=\"robots\" content=\"index, follow, max-snippet:-1, max-image-preview:large, max-video-preview:-1\" \/>\n<link rel=\"canonical\" href=\"https:\/\/walkingranada.com\/en\/guided-tours\/lorquian-routes\/lorca-vega\/\" \/>\n<meta property=\"og:locale\" content=\"en_GB\" \/>\n<meta property=\"og:type\" content=\"article\" \/>\n<meta property=\"og:title\" content=\"Un d\u00eda con Lorca en la vega de Granada - Walk in Granada\" \/>\n<meta property=\"og:description\" content=\"Ad\u00e9ntrate en la Vega Granadina con esta ruta basada en los puntos clave del poeta Federico Garc\u00eda Lorca. Sum\u00e9rgete en la historia.\" \/>\n<meta property=\"og:url\" content=\"https:\/\/walkingranada.com\/en\/guided-tours\/lorquian-routes\/lorca-vega\/\" \/>\n<meta property=\"og:site_name\" content=\"Walk in Granada\" \/>\n<meta property=\"article:publisher\" content=\"https:\/\/es-es.facebook.com\/walkingranadatour\/\" \/>\n<meta property=\"article:modified_time\" content=\"2023-05-22T06:58:57+00:00\" \/>\n<meta property=\"og:image\" content=\"https:\/\/walkingranada.com\/wp-content\/uploads\/2023\/01\/Vega-Granada-Lorca.webp\" \/>\n\t<meta property=\"og:image:width\" content=\"452\" \/>\n\t<meta property=\"og:image:height\" content=\"282\" \/>\n\t<meta property=\"og:image:type\" content=\"image\/webp\" \/>\n<meta name=\"twitter:card\" content=\"summary_large_image\" \/>\n<meta name=\"twitter:site\" content=\"@walkingranada\" \/>\n<meta name=\"twitter:label1\" content=\"Estimated reading time\" \/>\n\t<meta name=\"twitter:data1\" content=\"7 minutes\" \/>\n<script type=\"application\/ld+json\" class=\"yoast-schema-graph\">{\"@context\":\"https:\\\/\\\/schema.org\",\"@graph\":[{\"@type\":\"WebPage\",\"@id\":\"https:\\\/\\\/walkingranada.com\\\/en\\\/guided-tours\\\/lorquian-routes\\\/lorca-vega\\\/\",\"url\":\"https:\\\/\\\/walkingranada.com\\\/en\\\/guided-tours\\\/lorquian-routes\\\/lorca-vega\\\/\",\"name\":\"Un d\u00eda con Lorca en la vega de Granada - Walk in Granada\",\"isPartOf\":{\"@id\":\"https:\\\/\\\/walkingranada.com\\\/#website\"},\"primaryImageOfPage\":{\"@id\":\"https:\\\/\\\/walkingranada.com\\\/en\\\/guided-tours\\\/lorquian-routes\\\/lorca-vega\\\/#primaryimage\"},\"image\":{\"@id\":\"https:\\\/\\\/walkingranada.com\\\/en\\\/guided-tours\\\/lorquian-routes\\\/lorca-vega\\\/#primaryimage\"},\"thumbnailUrl\":\"https:\\\/\\\/walkingranada.com\\\/wp-content\\\/uploads\\\/2023\\\/01\\\/Vega-Granada-Lorca.webp\",\"datePublished\":\"2022-11-17T09:40:03+00:00\",\"dateModified\":\"2023-05-22T06:58:57+00:00\",\"description\":\"Ad\u00e9ntrate en la Vega Granadina con esta ruta basada en los puntos clave del poeta Federico Garc\u00eda Lorca. Sum\u00e9rgete en la historia.\",\"breadcrumb\":{\"@id\":\"https:\\\/\\\/walkingranada.com\\\/en\\\/guided-tours\\\/lorquian-routes\\\/lorca-vega\\\/#breadcrumb\"},\"inLanguage\":\"en-GB\",\"potentialAction\":[{\"@type\":\"ReadAction\",\"target\":[\"https:\\\/\\\/walkingranada.com\\\/en\\\/guided-tours\\\/lorquian-routes\\\/lorca-vega\\\/\"]}]},{\"@type\":\"ImageObject\",\"inLanguage\":\"en-GB\",\"@id\":\"https:\\\/\\\/walkingranada.com\\\/en\\\/guided-tours\\\/lorquian-routes\\\/lorca-vega\\\/#primaryimage\",\"url\":\"https:\\\/\\\/walkingranada.com\\\/wp-content\\\/uploads\\\/2023\\\/01\\\/Vega-Granada-Lorca.webp\",\"contentUrl\":\"https:\\\/\\\/walkingranada.com\\\/wp-content\\\/uploads\\\/2023\\\/01\\\/Vega-Granada-Lorca.webp\",\"width\":452,\"height\":282,\"caption\":\"Vega de Granada\"},{\"@type\":\"BreadcrumbList\",\"@id\":\"https:\\\/\\\/walkingranada.com\\\/en\\\/guided-tours\\\/lorquian-routes\\\/lorca-vega\\\/#breadcrumb\",\"itemListElement\":[{\"@type\":\"ListItem\",\"position\":1,\"name\":\"Portada\",\"item\":\"https:\\\/\\\/walkingranada.com\\\/\"},{\"@type\":\"ListItem\",\"position\":2,\"name\":\"Visitas guiadas\",\"item\":\"https:\\\/\\\/walkingranada.com\\\/visitas-guiadas\\\/\"},{\"@type\":\"ListItem\",\"position\":3,\"name\":\"Rutas Lorquianas\",\"item\":\"https:\\\/\\\/walkingranada.com\\\/visitas-guiadas\\\/rutas-lorquianas\\\/\"},{\"@type\":\"ListItem\",\"position\":4,\"name\":\"Un d\u00eda con Lorca en la vega de Granada\"}]},{\"@type\":\"WebSite\",\"@id\":\"https:\\\/\\\/walkingranada.com\\\/#website\",\"url\":\"https:\\\/\\\/walkingranada.com\\\/\",\"name\":\"Walk in Granada\",\"description\":\"Turismo responsable\",\"publisher\":{\"@id\":\"https:\\\/\\\/walkingranada.com\\\/#organization\"},\"alternateName\":\"Walk in Granada\",\"potentialAction\":[{\"@type\":\"SearchAction\",\"target\":{\"@type\":\"EntryPoint\",\"urlTemplate\":\"https:\\\/\\\/walkingranada.com\\\/?s={search_term_string}\"},\"query-input\":{\"@type\":\"PropertyValueSpecification\",\"valueRequired\":true,\"valueName\":\"search_term_string\"}}],\"inLanguage\":\"en-GB\"},{\"@type\":\"Organization\",\"@id\":\"https:\\\/\\\/walkingranada.com\\\/#organization\",\"name\":\"Walk In Granada\",\"alternateName\":\"Walk In Granada\",\"url\":\"https:\\\/\\\/walkingranada.com\\\/\",\"logo\":{\"@type\":\"ImageObject\",\"inLanguage\":\"en-GB\",\"@id\":\"https:\\\/\\\/walkingranada.com\\\/#\\\/schema\\\/logo\\\/image\\\/\",\"url\":\"https:\\\/\\\/walkingranada.com\\\/wp-content\\\/uploads\\\/2022\\\/12\\\/Logo-Walking.webp\",\"contentUrl\":\"https:\\\/\\\/walkingranada.com\\\/wp-content\\\/uploads\\\/2022\\\/12\\\/Logo-Walking.webp\",\"width\":512,\"height\":512,\"caption\":\"Walk In Granada\"},\"image\":{\"@id\":\"https:\\\/\\\/walkingranada.com\\\/#\\\/schema\\\/logo\\\/image\\\/\"},\"sameAs\":[\"https:\\\/\\\/es-es.facebook.com\\\/walkingranadatour\\\/\",\"https:\\\/\\\/x.com\\\/walkingranada\",\"https:\\\/\\\/www.instagram.com\\\/walkingranada\\\/\"]}]}<\/script>\n<!-- \/ Yoast SEO plugin. -->","yoast_head_json":{"title":"A day with Lorca in the Vega of Granada - Walk in Granada","description":"Immerse yourself in the Vega of Granada with this route based on the key points of the poet Federico Garc\u00eda Lorca. Dive into history.","robots":{"index":"index","follow":"follow","max-snippet":"max-snippet:-1","max-image-preview":"max-image-preview:large","max-video-preview":"max-video-preview:-1"},"canonical":"https:\/\/walkingranada.com\/en\/guided-tours\/lorquian-routes\/lorca-vega\/","og_locale":"en_GB","og_type":"article","og_title":"Un d\u00eda con Lorca en la vega de Granada - Walk in Granada","og_description":"Ad\u00e9ntrate en la Vega Granadina con esta ruta basada en los puntos clave del poeta Federico Garc\u00eda Lorca. Sum\u00e9rgete en la historia.","og_url":"https:\/\/walkingranada.com\/en\/guided-tours\/lorquian-routes\/lorca-vega\/","og_site_name":"Walk in Granada","article_publisher":"https:\/\/es-es.facebook.com\/walkingranadatour\/","article_modified_time":"2023-05-22T06:58:57+00:00","og_image":[{"width":452,"height":282,"url":"https:\/\/walkingranada.com\/wp-content\/uploads\/2023\/01\/Vega-Granada-Lorca.webp","type":"image\/webp"}],"twitter_card":"summary_large_image","twitter_site":"@walkingranada","twitter_misc":{"Estimated reading time":"7 minutes"},"schema":{"@context":"https:\/\/schema.org","@graph":[{"@type":"WebPage","@id":"https:\/\/walkingranada.com\/en\/guided-tours\/lorquian-routes\/lorca-vega\/","url":"https:\/\/walkingranada.com\/en\/guided-tours\/lorquian-routes\/lorca-vega\/","name":"A day with Lorca in the Vega of Granada - Walk in Granada","isPartOf":{"@id":"https:\/\/walkingranada.com\/#website"},"primaryImageOfPage":{"@id":"https:\/\/walkingranada.com\/en\/guided-tours\/lorquian-routes\/lorca-vega\/#primaryimage"},"image":{"@id":"https:\/\/walkingranada.com\/en\/guided-tours\/lorquian-routes\/lorca-vega\/#primaryimage"},"thumbnailUrl":"https:\/\/walkingranada.com\/wp-content\/uploads\/2023\/01\/Vega-Granada-Lorca.webp","datePublished":"2022-11-17T09:40:03+00:00","dateModified":"2023-05-22T06:58:57+00:00","description":"Immerse yourself in the Vega of Granada with this route based on the key points of the poet Federico Garc\u00eda Lorca. Dive into history.","breadcrumb":{"@id":"https:\/\/walkingranada.com\/en\/guided-tours\/lorquian-routes\/lorca-vega\/#breadcrumb"},"inLanguage":"en-GB","potentialAction":[{"@type":"ReadAction","target":["https:\/\/walkingranada.com\/en\/guided-tours\/lorquian-routes\/lorca-vega\/"]}]},{"@type":"ImageObject","inLanguage":"en-GB","@id":"https:\/\/walkingranada.com\/en\/guided-tours\/lorquian-routes\/lorca-vega\/#primaryimage","url":"https:\/\/walkingranada.com\/wp-content\/uploads\/2023\/01\/Vega-Granada-Lorca.webp","contentUrl":"https:\/\/walkingranada.com\/wp-content\/uploads\/2023\/01\/Vega-Granada-Lorca.webp","width":452,"height":282,"caption":"Vega de Granada"},{"@type":"BreadcrumbList","@id":"https:\/\/walkingranada.com\/en\/guided-tours\/lorquian-routes\/lorca-vega\/#breadcrumb","itemListElement":[{"@type":"ListItem","position":1,"name":"Portada","item":"https:\/\/walkingranada.com\/"},{"@type":"ListItem","position":2,"name":"Visitas guiadas","item":"https:\/\/walkingranada.com\/visitas-guiadas\/"},{"@type":"ListItem","position":3,"name":"Rutas Lorquianas","item":"https:\/\/walkingranada.com\/visitas-guiadas\/rutas-lorquianas\/"},{"@type":"ListItem","position":4,"name":"Un d\u00eda con Lorca en la vega de Granada"}]},{"@type":"WebSite","@id":"https:\/\/walkingranada.com\/#website","url":"https:\/\/walkingranada.com\/","name":"Walk in Granada","description":"Turismo responsable","publisher":{"@id":"https:\/\/walkingranada.com\/#organization"},"alternateName":"Walk in Granada","potentialAction":[{"@type":"SearchAction","target":{"@type":"EntryPoint","urlTemplate":"https:\/\/walkingranada.com\/?s={search_term_string}"},"query-input":{"@type":"PropertyValueSpecification","valueRequired":true,"valueName":"search_term_string"}}],"inLanguage":"en-GB"},{"@type":"Organization","@id":"https:\/\/walkingranada.com\/#organization","name":"Walk In Granada","alternateName":"Walk In Granada","url":"https:\/\/walkingranada.com\/","logo":{"@type":"ImageObject","inLanguage":"en-GB","@id":"https:\/\/walkingranada.com\/#\/schema\/logo\/image\/","url":"https:\/\/walkingranada.com\/wp-content\/uploads\/2022\/12\/Logo-Walking.webp","contentUrl":"https:\/\/walkingranada.com\/wp-content\/uploads\/2022\/12\/Logo-Walking.webp","width":512,"height":512,"caption":"Walk In Granada"},"image":{"@id":"https:\/\/walkingranada.com\/#\/schema\/logo\/image\/"},"sameAs":["https:\/\/es-es.facebook.com\/walkingranadatour\/","https:\/\/x.com\/walkingranada","https:\/\/www.instagram.com\/walkingranada\/"]}]}},"_links":{"self":[{"href":"https:\/\/walkingranada.com\/en\/wp-json\/wp\/v2\/pages\/576","targetHints":{"allow":["GET"]}}],"collection":[{"href":"https:\/\/walkingranada.com\/en\/wp-json\/wp\/v2\/pages"}],"about":[{"href":"https:\/\/walkingranada.com\/en\/wp-json\/wp\/v2\/types\/page"}],"author":[{"embeddable":true,"href":"https:\/\/walkingranada.com\/en\/wp-json\/wp\/v2\/users\/2"}],"replies":[{"embeddable":true,"href":"https:\/\/walkingranada.com\/en\/wp-json\/wp\/v2\/comments?post=576"}],"version-history":[{"count":0,"href":"https:\/\/walkingranada.com\/en\/wp-json\/wp\/v2\/pages\/576\/revisions"}],"up":[{"embeddable":true,"href":"https:\/\/walkingranada.com\/en\/wp-json\/wp\/v2\/pages\/426"}],"wp:featuredmedia":[{"embeddable":true,"href":"https:\/\/walkingranada.com\/en\/wp-json\/wp\/v2\/media\/2469"}],"wp:attachment":[{"href":"https:\/\/walkingranada.com\/en\/wp-json\/wp\/v2\/media?parent=576"}],"curies":[{"name":"wp","href":"https:\/\/api.w.org\/{rel}","templated":true}]}}