{"id":472,"date":"2022-10-27T09:06:25","date_gmt":"2022-10-27T09:06:25","guid":{"rendered":"https:\/\/factum-omibu.es\/walkin\/?page_id=472"},"modified":"2023-02-02T14:21:40","modified_gmt":"2023-02-02T14:21:40","slug":"work-with-us","status":"publish","type":"page","link":"https:\/\/walkingranada.com\/en\/quienes-somos\/trabaja-con-nosotros\/","title":{"rendered":"Work with us"},"content":{"rendered":"<h1>Work with us<\/h1>\r\n<h2>Join<br \/>Walk in Granada<\/h2>\r\n<p>Our goal is to promote tour guides that are able to offer high quality tours and customer service but mainly feel passionate about the city in which they live.<\/p>\r\n<p>We are looking for someone who can do the tours accordingly to what we advertise and the standards that our customers expect. The guides must be charismatic, educated, confident and with excellent communication skills.<\/p>\r\n<p>WALK IN GRANADA offers the opportunity for independent and experienced guides to connect with a great quantity of potential customers. We wish that the tours that we promote combine the history of this magnificent city with the personality and enthusiasm of the guides, resulting in an informative and fun tour at the same time.<\/p>\r\n<p>If you feel that you meet the right requirements and want to be part of a great team, we want to hear from you.<\/p>\r\n<h3>Requirements<\/h3>\r\n<ul>\r\n<li>The guides must comply with the laws and permissions regulated by the Junta de Andaluc\u00eda to work as tour guide.<\/li>\r\n<li>The guides must comply with local laws regarding freelancing and its registration.<\/li>\r\n<li>The guides must speak Spanish and\/or English at the same level as a native would.<\/li>\r\n<li>Walk In Granada only works with guides who have permission to work in Europe.<\/li>\r\n<\/ul>\r\n<p>Send us your CV to <a href=\"mailto:info@walkingranada.com\"><b>info@walkingranada.com<\/b><\/a> in order to meet you and show you our offer.<\/p>\r\n<p><img decoding=\"async\" loading=\"lazy\" title=\"visitas-personalizadas\" src=\"https:\/\/walkingranada.com\/wp-content\/uploads\/2022\/12\/visitas-personalizadas.jpg.webp\" alt=\"visitas-personalizadas\" width=\"600\" height=\"600\" \/> <img decoding=\"async\" loading=\"lazy\" title=\"work1\" src=\"https:\/\/walkingranada.com\/wp-content\/uploads\/2022\/12\/work1.jpg.webp\" alt=\"work1\" width=\"400\" height=\"400\" \/> <img decoding=\"async\" loading=\"lazy\" title=\"work2\" src=\"https:\/\/walkingranada.com\/wp-content\/uploads\/2022\/12\/work2.jpg.webp\" alt=\"work2\" width=\"400\" height=\"400\" \/> <img decoding=\"async\" loading=\"lazy\" title=\"work3_min\" src=\"https:\/\/walkingranada.com\/wp-content\/uploads\/2022\/12\/work3_min.jpg.webp\" alt=\"work3_min\" width=\"300\" height=\"300\" \/><\/p>","protected":false},"excerpt":{"rendered":"<p>Trabaja con nosotros \u00danete aWalk in Granada Nuestra meta es promocionar gu\u00edas tur\u00edsticos capaces de ofrecer tours de alta calidad y atenci\u00f3n al cliente pero que principalmente se sientan apasionados por la ciudad en la que viven. Buscamos a quien pueda realizar los tours de modo acorde a los standards que publicitamos y que nuestros &#8230; <a title=\"Work with us\" class=\"read-more\" href=\"https:\/\/walkingranada.com\/en\/quienes-somos\/trabaja-con-nosotros\/\" aria-label=\"Read more about Trabaja con nosotros\">Read more<\/a><\/p>","protected":false},"author":2,"featured_media":0,"parent":114,"menu_order":0,"comment_status":"closed","ping_status":"closed","template":"","meta":{"footnotes":""},"class_list":["post-472","page","type-page","status-publish"],"yoast_head":"<!-- This site is optimized with the Yoast SEO plugin v27.4 - https:\/\/yoast.com\/product\/yoast-seo-wordpress\/ -->\n<title>Trabaja con nosotros - Walk in Granada<\/title>\n<meta name=\"description\" content=\"\u00bfQuieres trabajar en Walk In Granada? Somos una agencia joven y en crecimiento. \u00a1D\u00e9janos tu curr\u00edculo y nos pondremos en contacto!\" \/>\n<meta name=\"robots\" content=\"index, follow, max-snippet:-1, max-image-preview:large, max-video-preview:-1\" \/>\n<link rel=\"canonical\" href=\"https:\/\/walkingranada.com\/en\/about-us\/work-with-us\/\" \/>\n<meta property=\"og:locale\" content=\"en_GB\" \/>\n<meta property=\"og:type\" content=\"article\" \/>\n<meta property=\"og:title\" content=\"Trabaja con nosotros - Walk in Granada\" \/>\n<meta property=\"og:description\" content=\"\u00bfQuieres trabajar en Walk In Granada? Somos una agencia joven y en crecimiento. \u00a1D\u00e9janos tu curr\u00edculo y nos pondremos en contacto!\" \/>\n<meta property=\"og:url\" content=\"https:\/\/walkingranada.com\/en\/about-us\/work-with-us\/\" \/>\n<meta property=\"og:site_name\" content=\"Walk in Granada\" \/>\n<meta property=\"article:publisher\" content=\"https:\/\/es-es.facebook.com\/walkingranadatour\/\" \/>\n<meta property=\"article:modified_time\" content=\"2023-02-02T14:21:40+00:00\" \/>\n<meta property=\"og:image\" content=\"https:\/\/walkingranada.com\/wp-content\/uploads\/2022\/12\/visitas-personalizadas.jpg.webp\" \/>\n<meta name=\"twitter:card\" content=\"summary_large_image\" \/>\n<meta name=\"twitter:site\" content=\"@walkingranada\" \/>\n<meta name=\"twitter:label1\" content=\"Estimated reading time\" \/>\n\t<meta name=\"twitter:data1\" content=\"2 minutes\" \/>\n<script type=\"application\/ld+json\" class=\"yoast-schema-graph\">{\"@context\":\"https:\\\/\\\/schema.org\",\"@graph\":[{\"@type\":\"WebPage\",\"@id\":\"https:\\\/\\\/walkingranada.com\\\/en\\\/about-us\\\/work-with-us\\\/\",\"url\":\"https:\\\/\\\/walkingranada.com\\\/en\\\/about-us\\\/work-with-us\\\/\",\"name\":\"Trabaja con nosotros - Walk in Granada\",\"isPartOf\":{\"@id\":\"https:\\\/\\\/walkingranada.com\\\/#website\"},\"primaryImageOfPage\":{\"@id\":\"https:\\\/\\\/walkingranada.com\\\/en\\\/about-us\\\/work-with-us\\\/#primaryimage\"},\"image\":{\"@id\":\"https:\\\/\\\/walkingranada.com\\\/en\\\/about-us\\\/work-with-us\\\/#primaryimage\"},\"thumbnailUrl\":\"https:\\\/\\\/walkingranada.com\\\/wp-content\\\/uploads\\\/2022\\\/12\\\/visitas-personalizadas.jpg.webp\",\"datePublished\":\"2022-10-27T09:06:25+00:00\",\"dateModified\":\"2023-02-02T14:21:40+00:00\",\"description\":\"\u00bfQuieres trabajar en Walk In Granada? Somos una agencia joven y en crecimiento. \u00a1D\u00e9janos tu curr\u00edculo y nos pondremos en contacto!\",\"breadcrumb\":{\"@id\":\"https:\\\/\\\/walkingranada.com\\\/en\\\/about-us\\\/work-with-us\\\/#breadcrumb\"},\"inLanguage\":\"en-GB\",\"potentialAction\":[{\"@type\":\"ReadAction\",\"target\":[\"https:\\\/\\\/walkingranada.com\\\/en\\\/about-us\\\/work-with-us\\\/\"]}]},{\"@type\":\"ImageObject\",\"inLanguage\":\"en-GB\",\"@id\":\"https:\\\/\\\/walkingranada.com\\\/en\\\/about-us\\\/work-with-us\\\/#primaryimage\",\"url\":\"https:\\\/\\\/walkingranada.com\\\/wp-content\\\/uploads\\\/2022\\\/12\\\/visitas-personalizadas.jpg.webp\",\"contentUrl\":\"https:\\\/\\\/walkingranada.com\\\/wp-content\\\/uploads\\\/2022\\\/12\\\/visitas-personalizadas.jpg.webp\"},{\"@type\":\"BreadcrumbList\",\"@id\":\"https:\\\/\\\/walkingranada.com\\\/en\\\/about-us\\\/work-with-us\\\/#breadcrumb\",\"itemListElement\":[{\"@type\":\"ListItem\",\"position\":1,\"name\":\"Portada\",\"item\":\"https:\\\/\\\/walkingranada.com\\\/\"},{\"@type\":\"ListItem\",\"position\":2,\"name\":\"Qui\u00e9nes somos\",\"item\":\"https:\\\/\\\/walkingranada.com\\\/quienes-somos\\\/\"},{\"@type\":\"ListItem\",\"position\":3,\"name\":\"Trabaja con nosotros\"}]},{\"@type\":\"WebSite\",\"@id\":\"https:\\\/\\\/walkingranada.com\\\/#website\",\"url\":\"https:\\\/\\\/walkingranada.com\\\/\",\"name\":\"Walk in Granada\",\"description\":\"Turismo responsable\",\"publisher\":{\"@id\":\"https:\\\/\\\/walkingranada.com\\\/#organization\"},\"alternateName\":\"Walk in Granada\",\"potentialAction\":[{\"@type\":\"SearchAction\",\"target\":{\"@type\":\"EntryPoint\",\"urlTemplate\":\"https:\\\/\\\/walkingranada.com\\\/?s={search_term_string}\"},\"query-input\":{\"@type\":\"PropertyValueSpecification\",\"valueRequired\":true,\"valueName\":\"search_term_string\"}}],\"inLanguage\":\"en-GB\"},{\"@type\":\"Organization\",\"@id\":\"https:\\\/\\\/walkingranada.com\\\/#organization\",\"name\":\"Walk In Granada\",\"alternateName\":\"Walk In Granada\",\"url\":\"https:\\\/\\\/walkingranada.com\\\/\",\"logo\":{\"@type\":\"ImageObject\",\"inLanguage\":\"en-GB\",\"@id\":\"https:\\\/\\\/walkingranada.com\\\/#\\\/schema\\\/logo\\\/image\\\/\",\"url\":\"https:\\\/\\\/walkingranada.com\\\/wp-content\\\/uploads\\\/2022\\\/12\\\/Logo-Walking.webp\",\"contentUrl\":\"https:\\\/\\\/walkingranada.com\\\/wp-content\\\/uploads\\\/2022\\\/12\\\/Logo-Walking.webp\",\"width\":512,\"height\":512,\"caption\":\"Walk In Granada\"},\"image\":{\"@id\":\"https:\\\/\\\/walkingranada.com\\\/#\\\/schema\\\/logo\\\/image\\\/\"},\"sameAs\":[\"https:\\\/\\\/es-es.facebook.com\\\/walkingranadatour\\\/\",\"https:\\\/\\\/x.com\\\/walkingranada\",\"https:\\\/\\\/www.instagram.com\\\/walkingranada\\\/\"]}]}<\/script>\n<!-- \/ Yoast SEO plugin. -->","yoast_head_json":{"title":"Work with Us - Walk in Granada","description":"Do you want to work at Walk In Granada? We are a young and growing agency. Leave us your resume and we will get in touch!","robots":{"index":"index","follow":"follow","max-snippet":"max-snippet:-1","max-image-preview":"max-image-preview:large","max-video-preview":"max-video-preview:-1"},"canonical":"https:\/\/walkingranada.com\/en\/about-us\/work-with-us\/","og_locale":"en_GB","og_type":"article","og_title":"Trabaja con nosotros - Walk in Granada","og_description":"\u00bfQuieres trabajar en Walk In Granada? Somos una agencia joven y en crecimiento. \u00a1D\u00e9janos tu curr\u00edculo y nos pondremos en contacto!","og_url":"https:\/\/walkingranada.com\/en\/about-us\/work-with-us\/","og_site_name":"Walk in Granada","article_publisher":"https:\/\/es-es.facebook.com\/walkingranadatour\/","article_modified_time":"2023-02-02T14:21:40+00:00","og_image":[{"url":"https:\/\/walkingranada.com\/wp-content\/uploads\/2022\/12\/visitas-personalizadas.jpg.webp","type":"","width":"","height":""}],"twitter_card":"summary_large_image","twitter_site":"@walkingranada","twitter_misc":{"Estimated reading time":"2 minutes"},"schema":{"@context":"https:\/\/schema.org","@graph":[{"@type":"WebPage","@id":"https:\/\/walkingranada.com\/en\/about-us\/work-with-us\/","url":"https:\/\/walkingranada.com\/en\/about-us\/work-with-us\/","name":"Work with Us - Walk in Granada","isPartOf":{"@id":"https:\/\/walkingranada.com\/#website"},"primaryImageOfPage":{"@id":"https:\/\/walkingranada.com\/en\/about-us\/work-with-us\/#primaryimage"},"image":{"@id":"https:\/\/walkingranada.com\/en\/about-us\/work-with-us\/#primaryimage"},"thumbnailUrl":"https:\/\/walkingranada.com\/wp-content\/uploads\/2022\/12\/visitas-personalizadas.jpg.webp","datePublished":"2022-10-27T09:06:25+00:00","dateModified":"2023-02-02T14:21:40+00:00","description":"Do you want to work at Walk In Granada? We are a young and growing agency. Leave us your resume and we will get in touch!","breadcrumb":{"@id":"https:\/\/walkingranada.com\/en\/about-us\/work-with-us\/#breadcrumb"},"inLanguage":"en-GB","potentialAction":[{"@type":"ReadAction","target":["https:\/\/walkingranada.com\/en\/about-us\/work-with-us\/"]}]},{"@type":"ImageObject","inLanguage":"en-GB","@id":"https:\/\/walkingranada.com\/en\/about-us\/work-with-us\/#primaryimage","url":"https:\/\/walkingranada.com\/wp-content\/uploads\/2022\/12\/visitas-personalizadas.jpg.webp","contentUrl":"https:\/\/walkingranada.com\/wp-content\/uploads\/2022\/12\/visitas-personalizadas.jpg.webp"},{"@type":"BreadcrumbList","@id":"https:\/\/walkingranada.com\/en\/about-us\/work-with-us\/#breadcrumb","itemListElement":[{"@type":"ListItem","position":1,"name":"Portada","item":"https:\/\/walkingranada.com\/"},{"@type":"ListItem","position":2,"name":"Qui\u00e9nes somos","item":"https:\/\/walkingranada.com\/quienes-somos\/"},{"@type":"ListItem","position":3,"name":"Trabaja con nosotros"}]},{"@type":"WebSite","@id":"https:\/\/walkingranada.com\/#website","url":"https:\/\/walkingranada.com\/","name":"Walk in Granada","description":"Turismo responsable","publisher":{"@id":"https:\/\/walkingranada.com\/#organization"},"alternateName":"Walk in Granada","potentialAction":[{"@type":"SearchAction","target":{"@type":"EntryPoint","urlTemplate":"https:\/\/walkingranada.com\/?s={search_term_string}"},"query-input":{"@type":"PropertyValueSpecification","valueRequired":true,"valueName":"search_term_string"}}],"inLanguage":"en-GB"},{"@type":"Organization","@id":"https:\/\/walkingranada.com\/#organization","name":"Walk In Granada","alternateName":"Walk In Granada","url":"https:\/\/walkingranada.com\/","logo":{"@type":"ImageObject","inLanguage":"en-GB","@id":"https:\/\/walkingranada.com\/#\/schema\/logo\/image\/","url":"https:\/\/walkingranada.com\/wp-content\/uploads\/2022\/12\/Logo-Walking.webp","contentUrl":"https:\/\/walkingranada.com\/wp-content\/uploads\/2022\/12\/Logo-Walking.webp","width":512,"height":512,"caption":"Walk In Granada"},"image":{"@id":"https:\/\/walkingranada.com\/#\/schema\/logo\/image\/"},"sameAs":["https:\/\/es-es.facebook.com\/walkingranadatour\/","https:\/\/x.com\/walkingranada","https:\/\/www.instagram.com\/walkingranada\/"]}]}},"_links":{"self":[{"href":"https:\/\/walkingranada.com\/en\/wp-json\/wp\/v2\/pages\/472","targetHints":{"allow":["GET"]}}],"collection":[{"href":"https:\/\/walkingranada.com\/en\/wp-json\/wp\/v2\/pages"}],"about":[{"href":"https:\/\/walkingranada.com\/en\/wp-json\/wp\/v2\/types\/page"}],"author":[{"embeddable":true,"href":"https:\/\/walkingranada.com\/en\/wp-json\/wp\/v2\/users\/2"}],"replies":[{"embeddable":true,"href":"https:\/\/walkingranada.com\/en\/wp-json\/wp\/v2\/comments?post=472"}],"version-history":[{"count":0,"href":"https:\/\/walkingranada.com\/en\/wp-json\/wp\/v2\/pages\/472\/revisions"}],"up":[{"embeddable":true,"href":"https:\/\/walkingranada.com\/en\/wp-json\/wp\/v2\/pages\/114"}],"wp:attachment":[{"href":"https:\/\/walkingranada.com\/en\/wp-json\/wp\/v2\/media?parent=472"}],"curies":[{"name":"wp","href":"https:\/\/api.w.org\/{rel}","templated":true}]}}