{"id":466,"date":"2022-10-27T09:04:10","date_gmt":"2022-10-27T09:04:10","guid":{"rendered":"https:\/\/factum-omibu.es\/walkin\/?page_id=466"},"modified":"2025-05-16T10:33:59","modified_gmt":"2025-05-16T10:33:59","slug":"ubeda-baeza","status":"publish","type":"page","link":"https:\/\/walkingranada.com\/en\/que-hacer-en-granada\/excursiones\/ubeda-baeza\/","title":{"rendered":"\u00dabeda and Baeza"},"content":{"rendered":"<p>Day Trips &gt; \u00dabeda and Baeza<\/p>\n\t<!-- FareHarbor calendar of item #180983 -->\n<h1>\n\t\t\t\u00dabeda and Baeza from Granada\t<\/h1>\n\t<p class=\"translation-block\">Declared recently as <strong>World Heritage Sites by UNESCO<\/strong> due to their historical beauty, these two important cities in the province of Ja\u00e9n, located in the southeast of Andalusia, are gems of Spanish Renaissance that can be visited starting from the city of Granada.<\/p>\n<p class=\"translation-block\"><strong>This is a small group excursion. If you want to take this tour in a private format, you can make the request through our <\/strong><span class=\"red\"><a href=\"https:\/\/walkingranada.com\/en\/customized-tours\/\" target=\"_self\"> <strong class=\"red\">customized tours<\/strong><\/a><\/span> <strong>section.<\/strong><\/p>\n<h2>\n\t\t\tExcursion to Ubeda y Baeza from Granada\t<\/h2>\n\t\t\t\t<img decoding=\"async\" src=\"https:\/\/walkingranada.com\/wp-content\/uploads\/2022\/12\/Capilla-Salvador.jpg.webp\" alt=\"Capilla Salvador \u00fabeda\" itemprop=\"image\" height=\"398\" width=\"711\" title=\"Capilla Salvador\" onerror=\"this.style.display='none'\" loading='lazy' \/>\n\t<p class=\"translation-block\">Si te encuentras en Granada y est\u00e1s buscando una excursi\u00f3n de un d\u00eda que te permita explorar algunas de las ciudades m\u00e1s impresionantes de Andaluc\u00eda, te recomendamos que visites <strong>\u00dabeda y Baeza<\/strong>. Estas dos ciudades son maravillosas debido a su impresionante colecci\u00f3n de edificios hist\u00f3ricos, su rica historia y campos de olivos.<\/p>\n<p class=\"translation-block\"><strong>Baeza<\/strong> es una magn\u00edfica ciudad monumental de calles tranquilas y empedradas, con una magn\u00edfica colecci\u00f3n de monumentos art\u00edsticos e hist\u00f3ricos. Muy cerca una de otra nos dirigiremos a <strong>\u00dabeda<\/strong>, donde en una ruta por sus calles descubriremos que hay una arquitectura renacentista de gran valor que engrandecen la ciudad con hermosos edificios y un centro hist\u00f3rico se\u00f1orial.<\/p>\n\t<p class=\"translation-block\">In our first stop in the impressive city of <strong>Baeza<\/strong>, which boasts a rich history marked by Arab domination and the Reconquista, we can stroll through the beautiful Plaza de Santa Mar\u00eda, located in front of the majestic <strong>Cathedral of the Nativity of Our Lady<\/strong>, and admire the stunning <strong>Jabalquinto Palace<\/strong>. The latter, a Gothic example with heraldic details and ornaments in the form of bows, pineapple studs, and diamond tips, impresses both art historians and anyone passing through its doors.<\/p>\n<p class=\"translation-block\">Just ten kilometres away is <strong>\u00dabeda<\/strong>, famous for its hills and olive groves. Here we can explore the <strong>San Pablo Church, the Leones Square, the Town Hall<\/strong> and other impressive examples of Renaissance architecture. Both cities offer an incomparable blend of historical beauty.<\/p>\n<p>During the visit, a local guide will provide explanations about the history and architecture of the cities during a guided tour of one of them, while we enjoy free time in the other to explore at our own pace, grab a bite at one of the local restaurants, or simply stroll through the narrow streets. <strong>\u00dabeda and Baeza<\/strong>.<\/p>\n<p class=\"translation-block\">The excursion to <strong>\u00dabeda and Baeza from Granada<\/strong> is an excellent option for those who wish to explore some of the cultural treasures of Andalusia. You can enjoy a guided tour of these two impressive cities, take a scenic drive, and explore freely during your free time. Don't miss out!<\/p>\n<h2>\n\t\t\tMeeting point\t<\/h2>\n\t<p><strong>Mariana Pineda Square<\/strong><\/p>\n\t<p>Do you need directions to get there?<\/p>\n\t\t\t<a href=\"#reserva\" target=\"_self\">\n\t\t\t\t\t\t\tBook &gt;\n\t\t\t\t\t<\/a>\n\t\t\t<a href=\"https:\/\/goo.gl\/maps\/S8LCwLLRQArti4X98\" target=\"_self\">\n\t\t\t\t\t\t\tSee map &gt;\n\t\t\t\t\t<\/a>\n<h2>\n\t\t\tWhat you will visit\t<\/h2>\n\t<ul>\n<li>Guided tour of the World Heritage cities of \u00dabeda and Baeza.<\/li>\n<li>Panoramic drive through the olive groves.<\/li>\n<li>Stroll through an impressive collection of artistic and historic buildings.<\/li>\n<li>Time for shopping and eating.<\/li>\n<\/ul>\n<h2>\n\t\t\tWhat is included in the visit\t<\/h2>\n\t<ul>\n<li>Transport<\/li>\n<li>Guided tour by local company in one of the cities<\/li>\n<\/ul>\n<h2>\n\t\t\tWhat the visit does not include\t<\/h2>\n\t<ul>\n<li>Food and drink<\/li>\n<\/ul>\n<h2>\n\t\t\tOther considerations\t<\/h2>\n\t<p>It is essential to be at the meeting point at the indicated time, as failure to do so will result in the loss of the right to take the tour and reimbursement of the tour fee.<\/p>\n<p>For the visit that includes children, the age of the children must be indicated for the safety of the transport.<\/p>\n<h2>\n\t\t\tTambi\u00e9n puedes reservar nuestros otros servicios&#8230;\t<\/h2>\n\t<a href=\"https:\/\/walkingranada.com\/en\/what-to-do-in-granada\/flamenco\/\" target=\"_self\"><\/a>\t\t\t<img decoding=\"async\" loading=\"lazy\" alt=\"bailaora flamenca\" src=\"https:\/\/walkingranada.com\/wp-content\/uploads\/2022\/10\/Rectangle-42.png\"\/>\n\t\t<h3>Flamenco<\/h3>\n\t<a href=\"https:\/\/walkingranada.com\/en\/what-to-do-in-granada\/hammam-al-andalus\/\" target=\"_self\"><\/a>\t\t\t<img decoding=\"async\" loading=\"lazy\" alt=\"ba\u00f1os \u00e1rabes\" src=\"https:\/\/walkingranada.com\/wp-content\/uploads\/2022\/10\/Rectangle-43.png\"\/>\n\t\t<h3>Hammam <br \/>Al-\u00e1ndalus<\/h3>\n\t<a href=\"https:\/\/walkingranada.com\/en\/what-to-do-in-granada\/day-trips\/\" target=\"_self\"><\/a>\t\t\t<img decoding=\"async\" loading=\"lazy\" alt=\"mezquita de c\u00f3rdoba\" src=\"https:\/\/walkingranada.com\/wp-content\/uploads\/2022\/10\/Rectangle-45.png\"\/>\n\t\t<h3>Day <br \/>trips<\/h3>\n\t<a href=\"https:\/\/walkingranada.com\/en\/what-to-do-in-granada\/olfactory-route\/\" target=\"_self\"><\/a>\t\t\t<img decoding=\"async\" loading=\"lazy\" alt=\"imagen de una chica joven\" src=\"https:\/\/walkingranada.com\/wp-content\/uploads\/2022\/10\/Rectangle-38.png\"\/>\n\t\t<h3>Olfactory route<\/h3>","protected":false},"excerpt":{"rendered":"<p>Excursiones &gt; \u00dabeda y Baeza \u00dabeda y Baeza desde Granada Declaradas Patrimonio de la Humanidad por la UNESCO recientemente, a causa de su belleza hist\u00f3rica, estas dos importantes ciudades de la provincia de Ja\u00e9n, ubicado al sureste de Andaluc\u00eda, son una joya del Renacimiento espa\u00f1ol que puede ser visitados partiendo desde la ciudad de Granada. &#8230; <a title=\"\u00dabeda and Baeza\" class=\"read-more\" href=\"https:\/\/walkingranada.com\/en\/que-hacer-en-granada\/excursiones\/ubeda-baeza\/\" aria-label=\"Read more about \u00dabeda y Baeza\">Read more<\/a><\/p>","protected":false},"author":2,"featured_media":0,"parent":446,"menu_order":0,"comment_status":"closed","ping_status":"closed","template":"","meta":{"footnotes":""},"class_list":["post-466","page","type-page","status-publish"],"yoast_head":"<!-- This site is optimized with the Yoast SEO plugin v27.4 - https:\/\/yoast.com\/product\/yoast-seo-wordpress\/ -->\n<title>\u00dabeda y Baeza - Walk in Granada<\/title>\n<meta name=\"description\" content=\"Descubre las ciudades de \u00dabeda y Baeza desde Granada con esa visita que te lleva a dos enclaves con una enorme riqueza patrimonial.\" \/>\n<meta name=\"robots\" content=\"index, follow, max-snippet:-1, max-image-preview:large, max-video-preview:-1\" \/>\n<link rel=\"canonical\" href=\"https:\/\/walkingranada.com\/en\/what-to-do-in-granada\/day-trips\/ubeda-baeza\/\" \/>\n<meta property=\"og:locale\" content=\"en_GB\" \/>\n<meta property=\"og:type\" content=\"article\" \/>\n<meta property=\"og:title\" content=\"\u00dabeda y Baeza - Walk in Granada\" \/>\n<meta property=\"og:description\" content=\"Descubre las ciudades de \u00dabeda y Baeza desde Granada con esa visita que te lleva a dos enclaves con una enorme riqueza patrimonial.\" \/>\n<meta property=\"og:url\" content=\"https:\/\/walkingranada.com\/en\/what-to-do-in-granada\/day-trips\/ubeda-baeza\/\" \/>\n<meta property=\"og:site_name\" content=\"Walk in Granada\" \/>\n<meta property=\"article:publisher\" content=\"https:\/\/es-es.facebook.com\/walkingranadatour\/\" \/>\n<meta property=\"article:modified_time\" content=\"2025-05-16T10:33:59+00:00\" \/>\n<meta property=\"og:image\" content=\"https:\/\/walkingranada.com\/wp-content\/uploads\/2022\/12\/Capilla-Salvador.jpg.webp\" \/>\n<meta name=\"twitter:card\" content=\"summary_large_image\" \/>\n<meta name=\"twitter:site\" content=\"@walkingranada\" \/>\n<meta name=\"twitter:label1\" content=\"Estimated reading time\" \/>\n\t<meta name=\"twitter:data1\" content=\"4 minutes\" \/>\n<script type=\"application\/ld+json\" class=\"yoast-schema-graph\">{\"@context\":\"https:\\\/\\\/schema.org\",\"@graph\":[{\"@type\":\"WebPage\",\"@id\":\"https:\\\/\\\/walkingranada.com\\\/que-hacer-en-granada\\\/excursiones\\\/ubeda-baeza\\\/\",\"url\":\"https:\\\/\\\/walkingranada.com\\\/que-hacer-en-granada\\\/excursiones\\\/ubeda-baeza\\\/\",\"name\":\"\u00dabeda y Baeza - Walk in Granada\",\"isPartOf\":{\"@id\":\"https:\\\/\\\/walkingranada.com\\\/#website\"},\"primaryImageOfPage\":{\"@id\":\"https:\\\/\\\/walkingranada.com\\\/que-hacer-en-granada\\\/excursiones\\\/ubeda-baeza\\\/#primaryimage\"},\"image\":{\"@id\":\"https:\\\/\\\/walkingranada.com\\\/que-hacer-en-granada\\\/excursiones\\\/ubeda-baeza\\\/#primaryimage\"},\"thumbnailUrl\":\"https:\\\/\\\/walkingranada.com\\\/wp-content\\\/uploads\\\/2022\\\/12\\\/Capilla-Salvador.jpg.webp\",\"datePublished\":\"2022-10-27T09:04:10+00:00\",\"dateModified\":\"2025-05-16T10:33:59+00:00\",\"description\":\"Descubre las ciudades de \u00dabeda y Baeza desde Granada con esa visita que te lleva a dos enclaves con una enorme riqueza patrimonial.\",\"breadcrumb\":{\"@id\":\"https:\\\/\\\/walkingranada.com\\\/que-hacer-en-granada\\\/excursiones\\\/ubeda-baeza\\\/#breadcrumb\"},\"inLanguage\":\"en-GB\",\"potentialAction\":[{\"@type\":\"ReadAction\",\"target\":[\"https:\\\/\\\/walkingranada.com\\\/que-hacer-en-granada\\\/excursiones\\\/ubeda-baeza\\\/\"]}]},{\"@type\":\"ImageObject\",\"inLanguage\":\"en-GB\",\"@id\":\"https:\\\/\\\/walkingranada.com\\\/que-hacer-en-granada\\\/excursiones\\\/ubeda-baeza\\\/#primaryimage\",\"url\":\"https:\\\/\\\/walkingranada.com\\\/wp-content\\\/uploads\\\/2022\\\/12\\\/Capilla-Salvador.jpg.webp\",\"contentUrl\":\"https:\\\/\\\/walkingranada.com\\\/wp-content\\\/uploads\\\/2022\\\/12\\\/Capilla-Salvador.jpg.webp\"},{\"@type\":\"BreadcrumbList\",\"@id\":\"https:\\\/\\\/walkingranada.com\\\/que-hacer-en-granada\\\/excursiones\\\/ubeda-baeza\\\/#breadcrumb\",\"itemListElement\":[{\"@type\":\"ListItem\",\"position\":1,\"name\":\"Portada\",\"item\":\"https:\\\/\\\/walkingranada.com\\\/\"},{\"@type\":\"ListItem\",\"position\":2,\"name\":\"Qu\u00e9 hacer en granada\",\"item\":\"https:\\\/\\\/walkingranada.com\\\/que-hacer-en-granada\\\/\"},{\"@type\":\"ListItem\",\"position\":3,\"name\":\"Excursiones de un d\u00eda\",\"item\":\"https:\\\/\\\/walkingranada.com\\\/que-hacer-en-granada\\\/excursiones\\\/\"},{\"@type\":\"ListItem\",\"position\":4,\"name\":\"\u00dabeda y Baeza\"}]},{\"@type\":\"WebSite\",\"@id\":\"https:\\\/\\\/walkingranada.com\\\/#website\",\"url\":\"https:\\\/\\\/walkingranada.com\\\/\",\"name\":\"Walk in Granada\",\"description\":\"Turismo responsable\",\"publisher\":{\"@id\":\"https:\\\/\\\/walkingranada.com\\\/#organization\"},\"alternateName\":\"Walk in Granada\",\"potentialAction\":[{\"@type\":\"SearchAction\",\"target\":{\"@type\":\"EntryPoint\",\"urlTemplate\":\"https:\\\/\\\/walkingranada.com\\\/?s={search_term_string}\"},\"query-input\":{\"@type\":\"PropertyValueSpecification\",\"valueRequired\":true,\"valueName\":\"search_term_string\"}}],\"inLanguage\":\"en-GB\"},{\"@type\":\"Organization\",\"@id\":\"https:\\\/\\\/walkingranada.com\\\/#organization\",\"name\":\"Walk In Granada\",\"alternateName\":\"Walk In Granada\",\"url\":\"https:\\\/\\\/walkingranada.com\\\/\",\"logo\":{\"@type\":\"ImageObject\",\"inLanguage\":\"en-GB\",\"@id\":\"https:\\\/\\\/walkingranada.com\\\/#\\\/schema\\\/logo\\\/image\\\/\",\"url\":\"https:\\\/\\\/walkingranada.com\\\/wp-content\\\/uploads\\\/2022\\\/12\\\/Logo-Walking.webp\",\"contentUrl\":\"https:\\\/\\\/walkingranada.com\\\/wp-content\\\/uploads\\\/2022\\\/12\\\/Logo-Walking.webp\",\"width\":512,\"height\":512,\"caption\":\"Walk In Granada\"},\"image\":{\"@id\":\"https:\\\/\\\/walkingranada.com\\\/#\\\/schema\\\/logo\\\/image\\\/\"},\"sameAs\":[\"https:\\\/\\\/es-es.facebook.com\\\/walkingranadatour\\\/\",\"https:\\\/\\\/x.com\\\/walkingranada\",\"https:\\\/\\\/www.instagram.com\\\/walkingranada\\\/\"]}]}<\/script>\n<!-- \/ Yoast SEO plugin. -->","yoast_head_json":{"title":"\u00dabeda and Baeza - Walk in Granada","description":"Discover the cities of \u00dabeda and Baeza from Granada with this tour that takes you to two sites with enormous heritage wealth.","robots":{"index":"index","follow":"follow","max-snippet":"max-snippet:-1","max-image-preview":"max-image-preview:large","max-video-preview":"max-video-preview:-1"},"canonical":"https:\/\/walkingranada.com\/en\/what-to-do-in-granada\/day-trips\/ubeda-baeza\/","og_locale":"en_GB","og_type":"article","og_title":"\u00dabeda y Baeza - Walk in Granada","og_description":"Descubre las ciudades de \u00dabeda y Baeza desde Granada con esa visita que te lleva a dos enclaves con una enorme riqueza patrimonial.","og_url":"https:\/\/walkingranada.com\/en\/what-to-do-in-granada\/day-trips\/ubeda-baeza\/","og_site_name":"Walk in Granada","article_publisher":"https:\/\/es-es.facebook.com\/walkingranadatour\/","article_modified_time":"2025-05-16T10:33:59+00:00","og_image":[{"url":"https:\/\/walkingranada.com\/wp-content\/uploads\/2022\/12\/Capilla-Salvador.jpg.webp","type":"","width":"","height":""}],"twitter_card":"summary_large_image","twitter_site":"@walkingranada","twitter_misc":{"Estimated reading time":"4 minutes"},"schema":{"@context":"https:\/\/schema.org","@graph":[{"@type":"WebPage","@id":"https:\/\/walkingranada.com\/que-hacer-en-granada\/excursiones\/ubeda-baeza\/","url":"https:\/\/walkingranada.com\/que-hacer-en-granada\/excursiones\/ubeda-baeza\/","name":"\u00dabeda and Baeza - Walk in Granada","isPartOf":{"@id":"https:\/\/walkingranada.com\/#website"},"primaryImageOfPage":{"@id":"https:\/\/walkingranada.com\/que-hacer-en-granada\/excursiones\/ubeda-baeza\/#primaryimage"},"image":{"@id":"https:\/\/walkingranada.com\/que-hacer-en-granada\/excursiones\/ubeda-baeza\/#primaryimage"},"thumbnailUrl":"https:\/\/walkingranada.com\/wp-content\/uploads\/2022\/12\/Capilla-Salvador.jpg.webp","datePublished":"2022-10-27T09:04:10+00:00","dateModified":"2025-05-16T10:33:59+00:00","description":"Discover the cities of \u00dabeda and Baeza from Granada with this tour that takes you to two sites with enormous heritage wealth.","breadcrumb":{"@id":"https:\/\/walkingranada.com\/que-hacer-en-granada\/excursiones\/ubeda-baeza\/#breadcrumb"},"inLanguage":"en-GB","potentialAction":[{"@type":"ReadAction","target":["https:\/\/walkingranada.com\/que-hacer-en-granada\/excursiones\/ubeda-baeza\/"]}]},{"@type":"ImageObject","inLanguage":"en-GB","@id":"https:\/\/walkingranada.com\/que-hacer-en-granada\/excursiones\/ubeda-baeza\/#primaryimage","url":"https:\/\/walkingranada.com\/wp-content\/uploads\/2022\/12\/Capilla-Salvador.jpg.webp","contentUrl":"https:\/\/walkingranada.com\/wp-content\/uploads\/2022\/12\/Capilla-Salvador.jpg.webp"},{"@type":"BreadcrumbList","@id":"https:\/\/walkingranada.com\/que-hacer-en-granada\/excursiones\/ubeda-baeza\/#breadcrumb","itemListElement":[{"@type":"ListItem","position":1,"name":"Portada","item":"https:\/\/walkingranada.com\/"},{"@type":"ListItem","position":2,"name":"Qu\u00e9 hacer en granada","item":"https:\/\/walkingranada.com\/que-hacer-en-granada\/"},{"@type":"ListItem","position":3,"name":"Excursiones de un d\u00eda","item":"https:\/\/walkingranada.com\/que-hacer-en-granada\/excursiones\/"},{"@type":"ListItem","position":4,"name":"\u00dabeda y Baeza"}]},{"@type":"WebSite","@id":"https:\/\/walkingranada.com\/#website","url":"https:\/\/walkingranada.com\/","name":"Walk in Granada","description":"Turismo responsable","publisher":{"@id":"https:\/\/walkingranada.com\/#organization"},"alternateName":"Walk in Granada","potentialAction":[{"@type":"SearchAction","target":{"@type":"EntryPoint","urlTemplate":"https:\/\/walkingranada.com\/?s={search_term_string}"},"query-input":{"@type":"PropertyValueSpecification","valueRequired":true,"valueName":"search_term_string"}}],"inLanguage":"en-GB"},{"@type":"Organization","@id":"https:\/\/walkingranada.com\/#organization","name":"Walk In Granada","alternateName":"Walk In Granada","url":"https:\/\/walkingranada.com\/","logo":{"@type":"ImageObject","inLanguage":"en-GB","@id":"https:\/\/walkingranada.com\/#\/schema\/logo\/image\/","url":"https:\/\/walkingranada.com\/wp-content\/uploads\/2022\/12\/Logo-Walking.webp","contentUrl":"https:\/\/walkingranada.com\/wp-content\/uploads\/2022\/12\/Logo-Walking.webp","width":512,"height":512,"caption":"Walk In Granada"},"image":{"@id":"https:\/\/walkingranada.com\/#\/schema\/logo\/image\/"},"sameAs":["https:\/\/es-es.facebook.com\/walkingranadatour\/","https:\/\/x.com\/walkingranada","https:\/\/www.instagram.com\/walkingranada\/"]}]}},"_links":{"self":[{"href":"https:\/\/walkingranada.com\/en\/wp-json\/wp\/v2\/pages\/466","targetHints":{"allow":["GET"]}}],"collection":[{"href":"https:\/\/walkingranada.com\/en\/wp-json\/wp\/v2\/pages"}],"about":[{"href":"https:\/\/walkingranada.com\/en\/wp-json\/wp\/v2\/types\/page"}],"author":[{"embeddable":true,"href":"https:\/\/walkingranada.com\/en\/wp-json\/wp\/v2\/users\/2"}],"replies":[{"embeddable":true,"href":"https:\/\/walkingranada.com\/en\/wp-json\/wp\/v2\/comments?post=466"}],"version-history":[{"count":5,"href":"https:\/\/walkingranada.com\/en\/wp-json\/wp\/v2\/pages\/466\/revisions"}],"predecessor-version":[{"id":6953,"href":"https:\/\/walkingranada.com\/en\/wp-json\/wp\/v2\/pages\/466\/revisions\/6953"}],"up":[{"embeddable":true,"href":"https:\/\/walkingranada.com\/en\/wp-json\/wp\/v2\/pages\/446"}],"wp:attachment":[{"href":"https:\/\/walkingranada.com\/en\/wp-json\/wp\/v2\/media?parent=466"}],"curies":[{"name":"wp","href":"https:\/\/api.w.org\/{rel}","templated":true}]}}