{"id":464,"date":"2022-10-27T09:03:57","date_gmt":"2022-10-27T09:03:57","guid":{"rendered":"https:\/\/factum-omibu.es\/walkin\/?page_id=464"},"modified":"2025-04-24T11:35:34","modified_gmt":"2025-04-24T11:35:34","slug":"caminito-del-rey-2","status":"publish","type":"page","link":"https:\/\/walkingranada.com\/en\/que-hacer-en-granada\/excursiones\/caminito-del-rey-2\/","title":{"rendered":"Caminito del rey"},"content":{"rendered":"<p>Day Trips &gt; Caminito del rey<\/p>\n\t<!-- FareHarbor calendar of item #180661 -->\n<h1>\n\t\tGuided Visit to the Caminito del Rey\n\t<\/h1>\n\t<p class=\"translation-block\">If you're looking for an adventure-packed experience, you can't miss the <strong>Caminito del Rey<\/strong>, located just an hour from Granada's city center. This breathtaking pathway allows you to enjoy incredible views of nature from more than 300 meters in height. Moreover, you can learn about the history of this place and marvel at its imposing natural beauty. Don't wait any longer and book your visit to the <strong>Caminito del Rey<\/strong> today!<\/p>\n<p class=\"translation-block\"><strong>This is a small group excursion. If you want to take this tour in a private format, you can make the request through our <\/strong><span class=\"red\"><a href=\"https:\/\/walkingranada.com\/en\/customized-tours\/\" target=\"_self\"> <strong class=\"red\">customized tours<\/strong><\/a><\/span> <strong>section.<\/strong><\/p>\n<h2>\n\t\tExcursion to the Caminito del Rey from Granada\n\t<\/h2>\n\t\t\t\t<img decoding=\"async\" loading=\"lazy\" src=\"https:\/\/walkingranada.com\/wp-content\/uploads\/2022\/12\/Caminito-del-Rey-min.jpg.webp\" alt=\"Caminito-del-Rey\" itemprop=\"image\" height=\"398\" width=\"711\" title=\"Caminito-del-Rey-min\" onerror=\"this.style.display='none'\"  \/>\n\t<p class=\"translation-block\"><strong>El Caminito del Rey<\/strong> is a wooden pathway located in the <strong>Gaitanes Gorge<\/strong>, known as the most dangerous boardwalk in the world. Originally built for the maintenance of the El Chorro water channel (where the waters of the Guadalhorce River are retained) and popularized by Alfonso XIII himself, it is now a popular tourist attraction that offers breathtaking views of nature and an exciting experience for adventurous visitors.<\/p>\n\t<p>Our tour will begin at the small tunnel located next to the El Kiosko Restaurant. The advantage of booking our tour is that you won't have to wait in long lines, as our guide will have your tickets ready, and we will dive straight into the adventure.<\/p>\n<p class=\"translation-block\">For 2.5 hours, our guide will unveil history, nature, and adventure, narrating the creation of the famous <strong>Caminito<\/strong> and the hanging bridges, along with some secrets hidden in its construction. Book your trip to the <strong>Caminito del Rey<\/strong> now!<\/p>\n<h2>\n\t\tMeeting point\n\t<\/h2>\n\t<p><strong>Mariana Pineda Square<\/strong><\/p>\n\t<p>Do you need directions to get there?<\/p>\n\t\t\t<a href=\"#reserva\" target=\"_self\">\n\t\t\t\t\t\t\tBook &gt;\n\t\t\t\t\t<\/a>\n\t\t\t<a href=\"https:\/\/goo.gl\/maps\/S8LCwLLRQArti4X98\" target=\"_self\">\n\t\t\t\t\t\t\tSee map &gt;\n\t\t\t\t\t<\/a>\n<h2>\n\t\tWhat you will visit\n\t<\/h2>\n\t<ul>\n<li>Hiking in the Gaitanes gorge on the Guadalhorce river<\/li>\n<li>Sierra de Huma<\/li>\n<\/ul>\n<h2>\n\t\tWhat is included in the visit\n\t<\/h2>\n\t<ul>\n<li aria-level=\"1\">Local guide<\/li>\n<li aria-level=\"1\">Guided tour<br \/>\n<\/li>\n<\/ul>\n<h2>\n\t\tWhat the visit does not include\n\t<\/h2>\n\t<ul>\n<li aria-level=\"1\">Food and drink<\/li>\n<\/ul>\n<h2>\n\t\tOther considerations\n\t<\/h2>\n\tChildren under 8 years of age are not allowed access to the facilities.<br \/>\nFor safety or repair reasons, the company reserves the right to modify the itinerary or to close the facilities, temporarily or partially.<br \/>\nIn case of cancellation by the management of the Caminito, the amount of the tickets and the guide will be refunded to the client, the amount of the transport will only be refunded in those cases in which the transfer has not taken place. In this case, an alternative route will be proposed, as this case does not depend on Anera Travel S.L.\n<h2>\n\t\tTambi\u00e9n puedes reservar nuestros otros servicios&#8230;\n\t<\/h2>\n\t<a href=\"https:\/\/walkingranada.com\/en\/what-to-do-in-granada\/flamenco\/\" target=\"_self\"><\/a>\t\t\t<img decoding=\"async\" loading=\"lazy\" alt=\"bailaora flamenca\" src=\"https:\/\/walkingranada.com\/wp-content\/uploads\/2022\/10\/Rectangle-42.png\"\/>\n\t\t<h3>Flamenco<\/h3>\n\t<a href=\"https:\/\/walkingranada.com\/en\/what-to-do-in-granada\/hammam-al-andalus\/\" target=\"_self\"><\/a>\t\t\t<img decoding=\"async\" loading=\"lazy\" alt=\"ba\u00f1os \u00e1rabes\" src=\"https:\/\/walkingranada.com\/wp-content\/uploads\/2022\/10\/Rectangle-43.png\"\/>\n\t\t<h3>Hammam <br \/>Al-\u00e1ndalus<\/h3>\n\t<a href=\"https:\/\/walkingranada.com\/en\/what-to-do-in-granada\/day-trips\/\" target=\"_self\"><\/a>\t\t\t<img decoding=\"async\" loading=\"lazy\" alt=\"mezquita de c\u00f3rdoba\" src=\"https:\/\/walkingranada.com\/wp-content\/uploads\/2022\/10\/Rectangle-45.png\"\/>\n\t\t<h3>Day <br \/>trips<\/h3>\n\t<a href=\"https:\/\/walkingranada.com\/en\/what-to-do-in-granada\/olfactory-route\/\" target=\"_self\"><\/a>\t\t\t<img decoding=\"async\" loading=\"lazy\" alt=\"imagen de una chica joven\" src=\"https:\/\/walkingranada.com\/wp-content\/uploads\/2022\/10\/Rectangle-38.png\"\/>\n\t\t<h3>Olfactory route<\/h3>","protected":false},"excerpt":{"rendered":"<p>Excursiones &gt; Caminito del rey Visita Guiada al Caminito del Rey Si buscas una experiencia unida a la aventura, no puedes perderte el Caminito del Rey, ubicado a solo una hora de Granada capital. Esta impresionante pasarela te permite disfrutar de vistas incre\u00edbles de la naturaleza a m\u00e1s de 300 metros de altura. Adem\u00e1s, podr\u00e1s &#8230; <a title=\"Caminito del rey\" class=\"read-more\" href=\"https:\/\/walkingranada.com\/en\/que-hacer-en-granada\/excursiones\/caminito-del-rey-2\/\" aria-label=\"Read more about Caminito del rey\">Read more<\/a><\/p>","protected":false},"author":2,"featured_media":0,"parent":446,"menu_order":0,"comment_status":"closed","ping_status":"closed","template":"","meta":{"footnotes":""},"class_list":["post-464","page","type-page","status-publish"],"yoast_head":"<!-- This site is optimized with the Yoast SEO plugin v27.4 - https:\/\/yoast.com\/product\/yoast-seo-wordpress\/ -->\n<title>Caminito del Rey - Walk in Granada<\/title>\n<meta name=\"description\" content=\"Conoce el famoso Caminito del Rey, a tan solo una hora de la Capital, una imponente pasarela a m\u00e1s de 300 metros de Altura.\" \/>\n<meta name=\"robots\" content=\"index, follow, max-snippet:-1, max-image-preview:large, max-video-preview:-1\" \/>\n<link rel=\"canonical\" href=\"https:\/\/walkingranada.com\/en\/what-to-do-in-granada\/day-trips\/caminito-del-rey-2\/\" \/>\n<meta property=\"og:locale\" content=\"en_GB\" \/>\n<meta property=\"og:type\" content=\"article\" \/>\n<meta property=\"og:title\" content=\"Caminito del Rey - Walk in Granada\" \/>\n<meta property=\"og:description\" content=\"Conoce el famoso Caminito del Rey, a tan solo una hora de la Capital, una imponente pasarela a m\u00e1s de 300 metros de Altura.\" \/>\n<meta property=\"og:url\" content=\"https:\/\/walkingranada.com\/en\/what-to-do-in-granada\/day-trips\/caminito-del-rey-2\/\" \/>\n<meta property=\"og:site_name\" content=\"Walk in Granada\" \/>\n<meta property=\"article:publisher\" content=\"https:\/\/es-es.facebook.com\/walkingranadatour\/\" \/>\n<meta property=\"article:modified_time\" content=\"2025-04-24T11:35:34+00:00\" \/>\n<meta property=\"og:image\" content=\"https:\/\/walkingranada.com\/wp-content\/uploads\/2022\/12\/Caminito-del-Rey-min.jpg.webp\" \/>\n<meta name=\"twitter:card\" content=\"summary_large_image\" \/>\n<meta name=\"twitter:site\" content=\"@walkingranada\" \/>\n<meta name=\"twitter:label1\" content=\"Estimated reading time\" \/>\n\t<meta name=\"twitter:data1\" content=\"3 minutes\" \/>\n<script type=\"application\/ld+json\" class=\"yoast-schema-graph\">{\"@context\":\"https:\\\/\\\/schema.org\",\"@graph\":[{\"@type\":\"WebPage\",\"@id\":\"https:\\\/\\\/walkingranada.com\\\/que-hacer-en-granada\\\/excursiones\\\/caminito-del-rey-2\\\/\",\"url\":\"https:\\\/\\\/walkingranada.com\\\/que-hacer-en-granada\\\/excursiones\\\/caminito-del-rey-2\\\/\",\"name\":\"Caminito del Rey - Walk in Granada\",\"isPartOf\":{\"@id\":\"https:\\\/\\\/walkingranada.com\\\/#website\"},\"primaryImageOfPage\":{\"@id\":\"https:\\\/\\\/walkingranada.com\\\/que-hacer-en-granada\\\/excursiones\\\/caminito-del-rey-2\\\/#primaryimage\"},\"image\":{\"@id\":\"https:\\\/\\\/walkingranada.com\\\/que-hacer-en-granada\\\/excursiones\\\/caminito-del-rey-2\\\/#primaryimage\"},\"thumbnailUrl\":\"https:\\\/\\\/walkingranada.com\\\/wp-content\\\/uploads\\\/2022\\\/12\\\/Caminito-del-Rey-min.jpg.webp\",\"datePublished\":\"2022-10-27T09:03:57+00:00\",\"dateModified\":\"2025-04-24T11:35:34+00:00\",\"description\":\"Conoce el famoso Caminito del Rey, a tan solo una hora de la Capital, una imponente pasarela a m\u00e1s de 300 metros de Altura.\",\"breadcrumb\":{\"@id\":\"https:\\\/\\\/walkingranada.com\\\/que-hacer-en-granada\\\/excursiones\\\/caminito-del-rey-2\\\/#breadcrumb\"},\"inLanguage\":\"en-GB\",\"potentialAction\":[{\"@type\":\"ReadAction\",\"target\":[\"https:\\\/\\\/walkingranada.com\\\/que-hacer-en-granada\\\/excursiones\\\/caminito-del-rey-2\\\/\"]}]},{\"@type\":\"ImageObject\",\"inLanguage\":\"en-GB\",\"@id\":\"https:\\\/\\\/walkingranada.com\\\/que-hacer-en-granada\\\/excursiones\\\/caminito-del-rey-2\\\/#primaryimage\",\"url\":\"https:\\\/\\\/walkingranada.com\\\/wp-content\\\/uploads\\\/2022\\\/12\\\/Caminito-del-Rey-min.jpg.webp\",\"contentUrl\":\"https:\\\/\\\/walkingranada.com\\\/wp-content\\\/uploads\\\/2022\\\/12\\\/Caminito-del-Rey-min.jpg.webp\"},{\"@type\":\"BreadcrumbList\",\"@id\":\"https:\\\/\\\/walkingranada.com\\\/que-hacer-en-granada\\\/excursiones\\\/caminito-del-rey-2\\\/#breadcrumb\",\"itemListElement\":[{\"@type\":\"ListItem\",\"position\":1,\"name\":\"Portada\",\"item\":\"https:\\\/\\\/walkingranada.com\\\/\"},{\"@type\":\"ListItem\",\"position\":2,\"name\":\"Qu\u00e9 hacer en granada\",\"item\":\"https:\\\/\\\/walkingranada.com\\\/que-hacer-en-granada\\\/\"},{\"@type\":\"ListItem\",\"position\":3,\"name\":\"Excursiones de un d\u00eda\",\"item\":\"https:\\\/\\\/walkingranada.com\\\/que-hacer-en-granada\\\/excursiones\\\/\"},{\"@type\":\"ListItem\",\"position\":4,\"name\":\"Caminito del rey\"}]},{\"@type\":\"WebSite\",\"@id\":\"https:\\\/\\\/walkingranada.com\\\/#website\",\"url\":\"https:\\\/\\\/walkingranada.com\\\/\",\"name\":\"Walk in Granada\",\"description\":\"Turismo responsable\",\"publisher\":{\"@id\":\"https:\\\/\\\/walkingranada.com\\\/#organization\"},\"alternateName\":\"Walk in Granada\",\"potentialAction\":[{\"@type\":\"SearchAction\",\"target\":{\"@type\":\"EntryPoint\",\"urlTemplate\":\"https:\\\/\\\/walkingranada.com\\\/?s={search_term_string}\"},\"query-input\":{\"@type\":\"PropertyValueSpecification\",\"valueRequired\":true,\"valueName\":\"search_term_string\"}}],\"inLanguage\":\"en-GB\"},{\"@type\":\"Organization\",\"@id\":\"https:\\\/\\\/walkingranada.com\\\/#organization\",\"name\":\"Walk In Granada\",\"alternateName\":\"Walk In Granada\",\"url\":\"https:\\\/\\\/walkingranada.com\\\/\",\"logo\":{\"@type\":\"ImageObject\",\"inLanguage\":\"en-GB\",\"@id\":\"https:\\\/\\\/walkingranada.com\\\/#\\\/schema\\\/logo\\\/image\\\/\",\"url\":\"https:\\\/\\\/walkingranada.com\\\/wp-content\\\/uploads\\\/2022\\\/12\\\/Logo-Walking.webp\",\"contentUrl\":\"https:\\\/\\\/walkingranada.com\\\/wp-content\\\/uploads\\\/2022\\\/12\\\/Logo-Walking.webp\",\"width\":512,\"height\":512,\"caption\":\"Walk In Granada\"},\"image\":{\"@id\":\"https:\\\/\\\/walkingranada.com\\\/#\\\/schema\\\/logo\\\/image\\\/\"},\"sameAs\":[\"https:\\\/\\\/es-es.facebook.com\\\/walkingranadatour\\\/\",\"https:\\\/\\\/x.com\\\/walkingranada\",\"https:\\\/\\\/www.instagram.com\\\/walkingranada\\\/\"]}]}<\/script>\n<!-- \/ Yoast SEO plugin. -->","yoast_head_json":{"title":"Caminito del Rey - Walk in Granada","description":"Discover the famous Caminito del Rey, just one hour away from the capital of Granada, an imposing walkway over 300 meters high.","robots":{"index":"index","follow":"follow","max-snippet":"max-snippet:-1","max-image-preview":"max-image-preview:large","max-video-preview":"max-video-preview:-1"},"canonical":"https:\/\/walkingranada.com\/en\/what-to-do-in-granada\/day-trips\/caminito-del-rey-2\/","og_locale":"en_GB","og_type":"article","og_title":"Caminito del Rey - Walk in Granada","og_description":"Conoce el famoso Caminito del Rey, a tan solo una hora de la Capital, una imponente pasarela a m\u00e1s de 300 metros de Altura.","og_url":"https:\/\/walkingranada.com\/en\/what-to-do-in-granada\/day-trips\/caminito-del-rey-2\/","og_site_name":"Walk in Granada","article_publisher":"https:\/\/es-es.facebook.com\/walkingranadatour\/","article_modified_time":"2025-04-24T11:35:34+00:00","og_image":[{"url":"https:\/\/walkingranada.com\/wp-content\/uploads\/2022\/12\/Caminito-del-Rey-min.jpg.webp","type":"","width":"","height":""}],"twitter_card":"summary_large_image","twitter_site":"@walkingranada","twitter_misc":{"Estimated reading time":"3 minutes"},"schema":{"@context":"https:\/\/schema.org","@graph":[{"@type":"WebPage","@id":"https:\/\/walkingranada.com\/que-hacer-en-granada\/excursiones\/caminito-del-rey-2\/","url":"https:\/\/walkingranada.com\/que-hacer-en-granada\/excursiones\/caminito-del-rey-2\/","name":"Caminito del Rey - Walk in Granada","isPartOf":{"@id":"https:\/\/walkingranada.com\/#website"},"primaryImageOfPage":{"@id":"https:\/\/walkingranada.com\/que-hacer-en-granada\/excursiones\/caminito-del-rey-2\/#primaryimage"},"image":{"@id":"https:\/\/walkingranada.com\/que-hacer-en-granada\/excursiones\/caminito-del-rey-2\/#primaryimage"},"thumbnailUrl":"https:\/\/walkingranada.com\/wp-content\/uploads\/2022\/12\/Caminito-del-Rey-min.jpg.webp","datePublished":"2022-10-27T09:03:57+00:00","dateModified":"2025-04-24T11:35:34+00:00","description":"Discover the famous Caminito del Rey, just one hour away from the capital of Granada, an imposing walkway over 300 meters high.","breadcrumb":{"@id":"https:\/\/walkingranada.com\/que-hacer-en-granada\/excursiones\/caminito-del-rey-2\/#breadcrumb"},"inLanguage":"en-GB","potentialAction":[{"@type":"ReadAction","target":["https:\/\/walkingranada.com\/que-hacer-en-granada\/excursiones\/caminito-del-rey-2\/"]}]},{"@type":"ImageObject","inLanguage":"en-GB","@id":"https:\/\/walkingranada.com\/que-hacer-en-granada\/excursiones\/caminito-del-rey-2\/#primaryimage","url":"https:\/\/walkingranada.com\/wp-content\/uploads\/2022\/12\/Caminito-del-Rey-min.jpg.webp","contentUrl":"https:\/\/walkingranada.com\/wp-content\/uploads\/2022\/12\/Caminito-del-Rey-min.jpg.webp"},{"@type":"BreadcrumbList","@id":"https:\/\/walkingranada.com\/que-hacer-en-granada\/excursiones\/caminito-del-rey-2\/#breadcrumb","itemListElement":[{"@type":"ListItem","position":1,"name":"Portada","item":"https:\/\/walkingranada.com\/"},{"@type":"ListItem","position":2,"name":"Qu\u00e9 hacer en granada","item":"https:\/\/walkingranada.com\/que-hacer-en-granada\/"},{"@type":"ListItem","position":3,"name":"Excursiones de un d\u00eda","item":"https:\/\/walkingranada.com\/que-hacer-en-granada\/excursiones\/"},{"@type":"ListItem","position":4,"name":"Caminito del rey"}]},{"@type":"WebSite","@id":"https:\/\/walkingranada.com\/#website","url":"https:\/\/walkingranada.com\/","name":"Walk in Granada","description":"Turismo responsable","publisher":{"@id":"https:\/\/walkingranada.com\/#organization"},"alternateName":"Walk in Granada","potentialAction":[{"@type":"SearchAction","target":{"@type":"EntryPoint","urlTemplate":"https:\/\/walkingranada.com\/?s={search_term_string}"},"query-input":{"@type":"PropertyValueSpecification","valueRequired":true,"valueName":"search_term_string"}}],"inLanguage":"en-GB"},{"@type":"Organization","@id":"https:\/\/walkingranada.com\/#organization","name":"Walk In Granada","alternateName":"Walk In Granada","url":"https:\/\/walkingranada.com\/","logo":{"@type":"ImageObject","inLanguage":"en-GB","@id":"https:\/\/walkingranada.com\/#\/schema\/logo\/image\/","url":"https:\/\/walkingranada.com\/wp-content\/uploads\/2022\/12\/Logo-Walking.webp","contentUrl":"https:\/\/walkingranada.com\/wp-content\/uploads\/2022\/12\/Logo-Walking.webp","width":512,"height":512,"caption":"Walk In Granada"},"image":{"@id":"https:\/\/walkingranada.com\/#\/schema\/logo\/image\/"},"sameAs":["https:\/\/es-es.facebook.com\/walkingranadatour\/","https:\/\/x.com\/walkingranada","https:\/\/www.instagram.com\/walkingranada\/"]}]}},"_links":{"self":[{"href":"https:\/\/walkingranada.com\/en\/wp-json\/wp\/v2\/pages\/464","targetHints":{"allow":["GET"]}}],"collection":[{"href":"https:\/\/walkingranada.com\/en\/wp-json\/wp\/v2\/pages"}],"about":[{"href":"https:\/\/walkingranada.com\/en\/wp-json\/wp\/v2\/types\/page"}],"author":[{"embeddable":true,"href":"https:\/\/walkingranada.com\/en\/wp-json\/wp\/v2\/users\/2"}],"replies":[{"embeddable":true,"href":"https:\/\/walkingranada.com\/en\/wp-json\/wp\/v2\/comments?post=464"}],"version-history":[{"count":5,"href":"https:\/\/walkingranada.com\/en\/wp-json\/wp\/v2\/pages\/464\/revisions"}],"predecessor-version":[{"id":6921,"href":"https:\/\/walkingranada.com\/en\/wp-json\/wp\/v2\/pages\/464\/revisions\/6921"}],"up":[{"embeddable":true,"href":"https:\/\/walkingranada.com\/en\/wp-json\/wp\/v2\/pages\/446"}],"wp:attachment":[{"href":"https:\/\/walkingranada.com\/en\/wp-json\/wp\/v2\/media?parent=464"}],"curies":[{"name":"wp","href":"https:\/\/api.w.org\/{rel}","templated":true}]}}