{"id":458,"date":"2022-10-27T09:03:14","date_gmt":"2022-10-27T09:03:14","guid":{"rendered":"https:\/\/factum-omibu.es\/walkin\/?page_id=458"},"modified":"2025-04-01T14:31:12","modified_gmt":"2025-04-01T14:31:12","slug":"ronda","status":"publish","type":"page","link":"https:\/\/walkingranada.com\/en\/que-hacer-en-granada\/excursiones\/ronda\/","title":{"rendered":"Ronda"},"content":{"rendered":"<p>Day Trips &gt; Ronda<\/p>\n\t<!-- FareHarbor calendar of item #180657 -->\n<h1>\n\t\tRonda from Granada\n\t<\/h1>\n\t<p class=\"translation-block\">If you're looking for a <strong>unique experience in Spain<\/strong>, don't miss the opportunity to visit the city of <strong>Ronda<\/strong>. Located in the province of M\u00e1laga, Ronda is known for its <strong>breathtaking location atop a gorge<\/strong>, being the birthplace of modern bullfighting, and its Celtic origins.<\/p>\n<p class=\"translation-block\"><strong>This is a small group excursion. If you want to take this tour in a private format, you can make the request through our <\/strong><span class=\"red\"><a href=\"https:\/\/walkingranada.com\/en\/customized-tours\/\" target=\"_self\"> <strong class=\"red\">customized tours<\/strong><\/a><\/span> <strong>section.<\/strong><\/p>\n<h2>\n\t\tExcursion from Granada to Ronda\n\t<\/h2>\n\t\t\t\t<img decoding=\"async\" loading=\"lazy\" src=\"https:\/\/walkingranada.com\/wp-content\/uploads\/2022\/12\/Ronda.jpg.webp\" alt=\"Puente Nuevo, Ronda\" itemprop=\"image\" height=\"398\" width=\"711\" title=\"Ronda\" onerror=\"this.style.display='none'\"  \/>\n\t<p class=\"translation-block\"><strong>Ronda<\/strong> is a city in southern Spain, in Andalusia, that you can't miss. It is known for its stunning <strong>mountainous landscape and its cultural historical heritage.<\/strong><\/p>\n<p class=\"translation-block\">Considered the <strong>cradle of bullfighting<\/strong>, in <strong>Ronda<\/strong>, you can find one of the oldest and most famous bullrings in Spain, the <strong>Real Maestranza<\/strong>. Built-in 1785, it is known for its unique design and its history in bullfighting, as the best bullfighters in history have performed here.<\/p>\n\t<p class=\"translation-block\">But undoubtedly, the most popular attraction in <strong>Ronda<\/strong> is its iconic <strong>Puente Nuevo<\/strong>: a grand stone bridge built in the mid-<strong>18th century<\/strong> that spans the Tajo de Ronda, a deep canyon dividing the city in two. From the bridge, you can enjoy breathtaking views of the <strong>mountainous landscape and the Guadalev\u00edn River<\/strong> flowing at the bottom of the canyon. The bridge has a height of about 98 meters and features an impressive structure with <strong>stone arches and a tower in the center.<\/strong><\/p>\n<p class=\"translation-block\">The city also boasts an impressive <strong>historical heritage<\/strong>, including the <strong>Alameda del Tajo<\/strong>, a public garden with stunning views, the <strong>Palace of Mondrag\u00f3n<\/strong>, the <strong>Church of Santa Mar\u00eda la Mayor, and the House of the Moorish King.<\/strong> The surrounding nature of <strong>Ronda<\/strong>, full of Celtic origins, contributes to the city being known as the dream city.<\/p>\n<p class=\"translation-block\">As for its gastronomy, the city is known for its <strong>wine production<\/strong>, especially for its red and sweet wines.<\/p>\n<p class=\"translation-block\">During your visit to <strong>Ronda<\/strong>, one of our guides will accompany you at all times, providing valuable information about access, the provinces of Granada and M\u00e1laga, and our rich history and customs. Don't wait any longer and book your trip to <strong>Ronda<\/strong> with us!<\/p>\n<h2>\n\t\tMeeting point\n\t<\/h2>\n\t<p><strong>Mariana Pineda Square<\/strong><\/p>\n\t<p>Do you need directions to get there?<\/p>\n\t\t\t<a href=\"#reserva\" target=\"_self\">\n\t\t\t\t\t\t\tBook &gt;\n\t\t\t\t\t<\/a>\n\t\t\t<a href=\"https:\/\/goo.gl\/maps\/S8LCwLLRQArti4X98\" target=\"_self\">\n\t\t\t\t\t\t\tSee map &gt;\n\t\t\t\t\t<\/a>\n<h2>\n\t\tWhat you will visit\n\t<\/h2>\n\t<ul>\n<li>An emblematic city in Andalusia, the third most visited.<\/li>\n<li>Experience culture and nature.<\/li>\n<li>Panoramic tour of the city.<\/li>\n<\/ul>\n<h2>\n\t\tWhat is included in the visit\n\t<\/h2>\n\t<ul>\n<li>Local Guide<\/li>\n<li>Guided tour<\/li>\n<li>Transport<\/li>\n<\/ul>\n<h2>\n\t\tWhat the visit does not include\n\t<\/h2>\n\t<ul>\n<li aria-level=\"1\">Food and drink<\/li>\n<\/ul>\n<h2>\n\t\tOther considerations\n\t<\/h2>\n\tIt is essential to be at the meeting point at the indicated time, as failure to do so will result in the loss of the right to take the tour and reimbursement of the tour fee.<br \/>\nIn the case of visits with children, the age of the children must be indicated in advance.\n<h2>\n\t\tTambi\u00e9n puedes reservar nuestros otros servicios&#8230;\n\t<\/h2>\n\t<a href=\"https:\/\/walkingranada.com\/en\/what-to-do-in-granada\/flamenco\/\" target=\"_self\"><\/a>\t\t\t<img decoding=\"async\" loading=\"lazy\" alt=\"bailaora flamenca\" src=\"https:\/\/walkingranada.com\/wp-content\/uploads\/2022\/10\/Rectangle-42.png\"\/>\n\t\t<h3>Flamenco<\/h3>\n\t<a href=\"https:\/\/walkingranada.com\/en\/what-to-do-in-granada\/hammam-al-andalus\/\" target=\"_self\"><\/a>\t\t\t<img decoding=\"async\" loading=\"lazy\" alt=\"ba\u00f1os \u00e1rabes\" src=\"https:\/\/walkingranada.com\/wp-content\/uploads\/2022\/10\/Rectangle-43.png\"\/>\n\t\t<h3>Hammam <br \/>Al-\u00e1ndalus<\/h3>\n\t<a href=\"https:\/\/walkingranada.com\/en\/what-to-do-in-granada\/day-trips\/\" target=\"_self\"><\/a>\t\t\t<img decoding=\"async\" loading=\"lazy\" alt=\"mezquita de c\u00f3rdoba\" src=\"https:\/\/walkingranada.com\/wp-content\/uploads\/2022\/10\/Rectangle-45.png\"\/>\n\t\t<h3>Day <br \/>trips<\/h3>\n\t<a href=\"https:\/\/walkingranada.com\/en\/what-to-do-in-granada\/olfactory-route\/\" target=\"_self\"><\/a>\t\t\t<img decoding=\"async\" loading=\"lazy\" alt=\"imagen de una chica joven\" src=\"https:\/\/walkingranada.com\/wp-content\/uploads\/2022\/10\/Rectangle-38.png\"\/>\n\t\t<h3>Olfactory route<\/h3>","protected":false},"excerpt":{"rendered":"<p>Excursiones &gt; Ronda Ronda desde Granada Si buscas una experiencia \u00fanica en Espa\u00f1a, no dejes pasar la oportunidad de visitar la ciudad de Ronda. Situada en la provincia de M\u00e1laga, Ronda es conocida por su impresionante ubicaci\u00f3n en lo alto de un desfiladero, por ser el hogar de la tauromaquia moderna y por sus or\u00edgenes &#8230; <a title=\"Ronda\" class=\"read-more\" href=\"https:\/\/walkingranada.com\/en\/que-hacer-en-granada\/excursiones\/ronda\/\" aria-label=\"Read more about Ronda\">Read more<\/a><\/p>","protected":false},"author":2,"featured_media":0,"parent":446,"menu_order":0,"comment_status":"closed","ping_status":"closed","template":"","meta":{"footnotes":""},"class_list":["post-458","page","type-page","status-publish"],"yoast_head":"<!-- This site is optimized with the Yoast SEO plugin v27.4 - https:\/\/yoast.com\/product\/yoast-seo-wordpress\/ -->\n<title>Visita Ronda desde Granada - Walk in Granada<\/title>\n<meta name=\"description\" content=\"Visita el emblem\u00e1tico pueblo de Ronda desde Granada. Considerado uno de los pueblos m\u00e1s bellos del mundo, sobrecoge a los visitantes.\" \/>\n<meta name=\"robots\" content=\"index, follow, max-snippet:-1, max-image-preview:large, max-video-preview:-1\" \/>\n<link rel=\"canonical\" href=\"https:\/\/walkingranada.com\/en\/what-to-do-in-granada\/day-trips\/ronda\/\" \/>\n<meta property=\"og:locale\" content=\"en_GB\" \/>\n<meta property=\"og:type\" content=\"article\" \/>\n<meta property=\"og:title\" content=\"Visita Ronda desde Granada - Walk in Granada\" \/>\n<meta property=\"og:description\" content=\"Visita el emblem\u00e1tico pueblo de Ronda desde Granada. Considerado uno de los pueblos m\u00e1s bellos del mundo, sobrecoge a los visitantes.\" \/>\n<meta property=\"og:url\" content=\"https:\/\/walkingranada.com\/en\/what-to-do-in-granada\/day-trips\/ronda\/\" \/>\n<meta property=\"og:site_name\" content=\"Walk in Granada\" \/>\n<meta property=\"article:publisher\" content=\"https:\/\/es-es.facebook.com\/walkingranadatour\/\" \/>\n<meta property=\"article:modified_time\" content=\"2025-04-01T14:31:12+00:00\" \/>\n<meta property=\"og:image\" content=\"https:\/\/walkingranada.com\/wp-content\/uploads\/2022\/12\/Ronda.jpg.webp\" \/>\n<meta name=\"twitter:card\" content=\"summary_large_image\" \/>\n<meta name=\"twitter:site\" content=\"@walkingranada\" \/>\n<meta name=\"twitter:label1\" content=\"Estimated reading time\" \/>\n\t<meta name=\"twitter:data1\" content=\"3 minutes\" \/>\n<script type=\"application\/ld+json\" class=\"yoast-schema-graph\">{\"@context\":\"https:\\\/\\\/schema.org\",\"@graph\":[{\"@type\":\"WebPage\",\"@id\":\"https:\\\/\\\/walkingranada.com\\\/fr\\\/que-faire-a-granada\\\/excursions\\\/ronda\\\/\",\"url\":\"https:\\\/\\\/walkingranada.com\\\/fr\\\/que-faire-a-granada\\\/excursions\\\/ronda\\\/\",\"name\":\"Visita Ronda desde Granada - Walk in Granada\",\"isPartOf\":{\"@id\":\"https:\\\/\\\/walkingranada.com\\\/#website\"},\"primaryImageOfPage\":{\"@id\":\"https:\\\/\\\/walkingranada.com\\\/fr\\\/que-faire-a-granada\\\/excursions\\\/ronda\\\/#primaryimage\"},\"image\":{\"@id\":\"https:\\\/\\\/walkingranada.com\\\/fr\\\/que-faire-a-granada\\\/excursions\\\/ronda\\\/#primaryimage\"},\"thumbnailUrl\":\"https:\\\/\\\/walkingranada.com\\\/wp-content\\\/uploads\\\/2022\\\/12\\\/Ronda.jpg.webp\",\"datePublished\":\"2022-10-27T09:03:14+00:00\",\"dateModified\":\"2025-04-01T14:31:12+00:00\",\"description\":\"Visita el emblem\u00e1tico pueblo de Ronda desde Granada. Considerado uno de los pueblos m\u00e1s bellos del mundo, sobrecoge a los visitantes.\",\"breadcrumb\":{\"@id\":\"https:\\\/\\\/walkingranada.com\\\/fr\\\/que-faire-a-granada\\\/excursions\\\/ronda\\\/#breadcrumb\"},\"inLanguage\":\"en-GB\",\"potentialAction\":[{\"@type\":\"ReadAction\",\"target\":[\"https:\\\/\\\/walkingranada.com\\\/fr\\\/que-faire-a-granada\\\/excursions\\\/ronda\\\/\"]}]},{\"@type\":\"ImageObject\",\"inLanguage\":\"en-GB\",\"@id\":\"https:\\\/\\\/walkingranada.com\\\/fr\\\/que-faire-a-granada\\\/excursions\\\/ronda\\\/#primaryimage\",\"url\":\"https:\\\/\\\/walkingranada.com\\\/wp-content\\\/uploads\\\/2022\\\/12\\\/Ronda.jpg.webp\",\"contentUrl\":\"https:\\\/\\\/walkingranada.com\\\/wp-content\\\/uploads\\\/2022\\\/12\\\/Ronda.jpg.webp\"},{\"@type\":\"BreadcrumbList\",\"@id\":\"https:\\\/\\\/walkingranada.com\\\/fr\\\/que-faire-a-granada\\\/excursions\\\/ronda\\\/#breadcrumb\",\"itemListElement\":[{\"@type\":\"ListItem\",\"position\":1,\"name\":\"Portada\",\"item\":\"https:\\\/\\\/walkingranada.com\\\/\"},{\"@type\":\"ListItem\",\"position\":2,\"name\":\"Qu\u00e9 hacer en granada\",\"item\":\"https:\\\/\\\/walkingranada.com\\\/que-hacer-en-granada\\\/\"},{\"@type\":\"ListItem\",\"position\":3,\"name\":\"Excursiones de un d\u00eda\",\"item\":\"https:\\\/\\\/walkingranada.com\\\/que-hacer-en-granada\\\/excursiones\\\/\"},{\"@type\":\"ListItem\",\"position\":4,\"name\":\"Ronda\"}]},{\"@type\":\"WebSite\",\"@id\":\"https:\\\/\\\/walkingranada.com\\\/#website\",\"url\":\"https:\\\/\\\/walkingranada.com\\\/\",\"name\":\"Walk in Granada\",\"description\":\"Turismo responsable\",\"publisher\":{\"@id\":\"https:\\\/\\\/walkingranada.com\\\/#organization\"},\"alternateName\":\"Walk in Granada\",\"potentialAction\":[{\"@type\":\"SearchAction\",\"target\":{\"@type\":\"EntryPoint\",\"urlTemplate\":\"https:\\\/\\\/walkingranada.com\\\/?s={search_term_string}\"},\"query-input\":{\"@type\":\"PropertyValueSpecification\",\"valueRequired\":true,\"valueName\":\"search_term_string\"}}],\"inLanguage\":\"en-GB\"},{\"@type\":\"Organization\",\"@id\":\"https:\\\/\\\/walkingranada.com\\\/#organization\",\"name\":\"Walk In Granada\",\"alternateName\":\"Walk In Granada\",\"url\":\"https:\\\/\\\/walkingranada.com\\\/\",\"logo\":{\"@type\":\"ImageObject\",\"inLanguage\":\"en-GB\",\"@id\":\"https:\\\/\\\/walkingranada.com\\\/#\\\/schema\\\/logo\\\/image\\\/\",\"url\":\"https:\\\/\\\/walkingranada.com\\\/wp-content\\\/uploads\\\/2022\\\/12\\\/Logo-Walking.webp\",\"contentUrl\":\"https:\\\/\\\/walkingranada.com\\\/wp-content\\\/uploads\\\/2022\\\/12\\\/Logo-Walking.webp\",\"width\":512,\"height\":512,\"caption\":\"Walk In Granada\"},\"image\":{\"@id\":\"https:\\\/\\\/walkingranada.com\\\/#\\\/schema\\\/logo\\\/image\\\/\"},\"sameAs\":[\"https:\\\/\\\/es-es.facebook.com\\\/walkingranadatour\\\/\",\"https:\\\/\\\/x.com\\\/walkingranada\",\"https:\\\/\\\/www.instagram.com\\\/walkingranada\\\/\"]}]}<\/script>\n<!-- \/ Yoast SEO plugin. -->","yoast_head_json":{"title":"Visit Ronda from Granada - Walk in Granada","description":"Visit the emblematic town of Ronda from Granada. Considered one of the most beautiful towns in the world, it overwhelms visitors.","robots":{"index":"index","follow":"follow","max-snippet":"max-snippet:-1","max-image-preview":"max-image-preview:large","max-video-preview":"max-video-preview:-1"},"canonical":"https:\/\/walkingranada.com\/en\/what-to-do-in-granada\/day-trips\/ronda\/","og_locale":"en_GB","og_type":"article","og_title":"Visita Ronda desde Granada - Walk in Granada","og_description":"Visita el emblem\u00e1tico pueblo de Ronda desde Granada. Considerado uno de los pueblos m\u00e1s bellos del mundo, sobrecoge a los visitantes.","og_url":"https:\/\/walkingranada.com\/en\/what-to-do-in-granada\/day-trips\/ronda\/","og_site_name":"Walk in Granada","article_publisher":"https:\/\/es-es.facebook.com\/walkingranadatour\/","article_modified_time":"2025-04-01T14:31:12+00:00","og_image":[{"url":"https:\/\/walkingranada.com\/wp-content\/uploads\/2022\/12\/Ronda.jpg.webp","type":"","width":"","height":""}],"twitter_card":"summary_large_image","twitter_site":"@walkingranada","twitter_misc":{"Estimated reading time":"3 minutes"},"schema":{"@context":"https:\/\/schema.org","@graph":[{"@type":"WebPage","@id":"https:\/\/walkingranada.com\/fr\/que-faire-a-granada\/excursions\/ronda\/","url":"https:\/\/walkingranada.com\/fr\/que-faire-a-granada\/excursions\/ronda\/","name":"Visit Ronda from Granada - Walk in Granada","isPartOf":{"@id":"https:\/\/walkingranada.com\/#website"},"primaryImageOfPage":{"@id":"https:\/\/walkingranada.com\/fr\/que-faire-a-granada\/excursions\/ronda\/#primaryimage"},"image":{"@id":"https:\/\/walkingranada.com\/fr\/que-faire-a-granada\/excursions\/ronda\/#primaryimage"},"thumbnailUrl":"https:\/\/walkingranada.com\/wp-content\/uploads\/2022\/12\/Ronda.jpg.webp","datePublished":"2022-10-27T09:03:14+00:00","dateModified":"2025-04-01T14:31:12+00:00","description":"Visit the emblematic town of Ronda from Granada. Considered one of the most beautiful towns in the world, it overwhelms visitors.","breadcrumb":{"@id":"https:\/\/walkingranada.com\/fr\/que-faire-a-granada\/excursions\/ronda\/#breadcrumb"},"inLanguage":"en-GB","potentialAction":[{"@type":"ReadAction","target":["https:\/\/walkingranada.com\/fr\/que-faire-a-granada\/excursions\/ronda\/"]}]},{"@type":"ImageObject","inLanguage":"en-GB","@id":"https:\/\/walkingranada.com\/fr\/que-faire-a-granada\/excursions\/ronda\/#primaryimage","url":"https:\/\/walkingranada.com\/wp-content\/uploads\/2022\/12\/Ronda.jpg.webp","contentUrl":"https:\/\/walkingranada.com\/wp-content\/uploads\/2022\/12\/Ronda.jpg.webp"},{"@type":"BreadcrumbList","@id":"https:\/\/walkingranada.com\/fr\/que-faire-a-granada\/excursions\/ronda\/#breadcrumb","itemListElement":[{"@type":"ListItem","position":1,"name":"Portada","item":"https:\/\/walkingranada.com\/"},{"@type":"ListItem","position":2,"name":"Qu\u00e9 hacer en granada","item":"https:\/\/walkingranada.com\/que-hacer-en-granada\/"},{"@type":"ListItem","position":3,"name":"Excursiones de un d\u00eda","item":"https:\/\/walkingranada.com\/que-hacer-en-granada\/excursiones\/"},{"@type":"ListItem","position":4,"name":"Ronda"}]},{"@type":"WebSite","@id":"https:\/\/walkingranada.com\/#website","url":"https:\/\/walkingranada.com\/","name":"Walk in Granada","description":"Turismo responsable","publisher":{"@id":"https:\/\/walkingranada.com\/#organization"},"alternateName":"Walk in Granada","potentialAction":[{"@type":"SearchAction","target":{"@type":"EntryPoint","urlTemplate":"https:\/\/walkingranada.com\/?s={search_term_string}"},"query-input":{"@type":"PropertyValueSpecification","valueRequired":true,"valueName":"search_term_string"}}],"inLanguage":"en-GB"},{"@type":"Organization","@id":"https:\/\/walkingranada.com\/#organization","name":"Walk In Granada","alternateName":"Walk In Granada","url":"https:\/\/walkingranada.com\/","logo":{"@type":"ImageObject","inLanguage":"en-GB","@id":"https:\/\/walkingranada.com\/#\/schema\/logo\/image\/","url":"https:\/\/walkingranada.com\/wp-content\/uploads\/2022\/12\/Logo-Walking.webp","contentUrl":"https:\/\/walkingranada.com\/wp-content\/uploads\/2022\/12\/Logo-Walking.webp","width":512,"height":512,"caption":"Walk In Granada"},"image":{"@id":"https:\/\/walkingranada.com\/#\/schema\/logo\/image\/"},"sameAs":["https:\/\/es-es.facebook.com\/walkingranadatour\/","https:\/\/x.com\/walkingranada","https:\/\/www.instagram.com\/walkingranada\/"]}]}},"_links":{"self":[{"href":"https:\/\/walkingranada.com\/en\/wp-json\/wp\/v2\/pages\/458","targetHints":{"allow":["GET"]}}],"collection":[{"href":"https:\/\/walkingranada.com\/en\/wp-json\/wp\/v2\/pages"}],"about":[{"href":"https:\/\/walkingranada.com\/en\/wp-json\/wp\/v2\/types\/page"}],"author":[{"embeddable":true,"href":"https:\/\/walkingranada.com\/en\/wp-json\/wp\/v2\/users\/2"}],"replies":[{"embeddable":true,"href":"https:\/\/walkingranada.com\/en\/wp-json\/wp\/v2\/comments?post=458"}],"version-history":[{"count":3,"href":"https:\/\/walkingranada.com\/en\/wp-json\/wp\/v2\/pages\/458\/revisions"}],"predecessor-version":[{"id":6809,"href":"https:\/\/walkingranada.com\/en\/wp-json\/wp\/v2\/pages\/458\/revisions\/6809"}],"up":[{"embeddable":true,"href":"https:\/\/walkingranada.com\/en\/wp-json\/wp\/v2\/pages\/446"}],"wp:attachment":[{"href":"https:\/\/walkingranada.com\/en\/wp-json\/wp\/v2\/media?parent=458"}],"curies":[{"name":"wp","href":"https:\/\/api.w.org\/{rel}","templated":true}]}}