{"id":456,"date":"2022-10-27T09:03:04","date_gmt":"2022-10-27T09:03:04","guid":{"rendered":"https:\/\/factum-omibu.es\/walkin\/?page_id=456"},"modified":"2025-08-06T06:23:17","modified_gmt":"2025-08-06T06:23:17","slug":"sierra-nevada","status":"publish","type":"page","link":"https:\/\/walkingranada.com\/en\/que-hacer-en-granada\/excursiones\/sierra-nevada\/","title":{"rendered":"Sierra nevada"},"content":{"rendered":"<p>Day Trips &gt; Sierra Nevada<\/p>\n\t<!-- FareHarbor calendar of item #182812 -->\n<h1>\n\t\t\tSierra Nevada from Granada\t<\/h1>\n\t<p>A natural and national park, just minutes from the centre of Granada, is the ideal place to fill your lungs with fresh air, listen to the streams and enjoy the diversity that the Baetic Range has to offer. Home to more than a hundred species, Sierra Nevada is one of the richest declared biosphere reserves in Andalusia and, therefore, the experience you can't miss on your tour of the province.\u00a0<\/p>\n<p class=\"translation-block\"><strong>This is a small group excursion. If you want to take this tour in a private format, you can make the request through our <\/strong><span class=\"red\"><a href=\"https:\/\/walkingranada.com\/en\/customized-tours\/\" target=\"_self\"> <strong class=\"red\">customized tours<\/strong><\/a><\/span> <strong>section.<\/strong><\/p>\n<h2>\n\t\t\tExcursion to Sierra Nevada from Granada\t<\/h2>\n\t\t\t\t<img decoding=\"async\" src=\"https:\/\/walkingranada.com\/wp-content\/uploads\/2022\/12\/Sierra-Nevada-min.jpg.webp\" alt=\"Sierra Nevada\" itemprop=\"image\" height=\"398\" width=\"711\" title=\"Sierra Nevada\" onerror=\"this.style.display='none'\" loading=\"lazy\" \/>\n\t<p class=\"translation-block\">To immerse oneself in nature after less than an hour's drive, leaving the city behind, is a pleasure that many should experience. From the centre of Granada, in the middle of Mariana Pineda square, we set off on an excursion to the Sierra Nevada, to enter <strong>one of the most dazzling landscapes in Europe<\/strong>, accompanied by a guide specialised in the area. The physical and mental transfer is guaranteed, as our guide will not only venture behind the mountains or take you to know and enjoy its vegetation and flora, but he will also tell you about all the curiosities that make this place so interesting and captivating, such as its relationship with the Alps and the Himalayas.<\/p>\n\t<p class=\"translation-block\">This activity of moderate hiking at an altitude of 2,600 metres, will not be an exception to the enjoyment, as the landscape and what belongs to it will envelop you with its sounds of high mountain water, waterfalls, as well as the silence of the lagoons and the snow that we are able to appreciate.\nDiscovering the Sierra Nevada is the fascination of what Granada has to offer beyond its busy streets, it is an escape for the senses. It will take you through the <strong>breathtaking mountains and valleys<\/strong>, offering a unique and exciting experience for nature lovers as well as adventure seekers.<\/p>\n<p class=\"translation-block\">After leaving the city centre and arriving in the Sierra Nevada, if you do the route during the winter months and even up to May, the snow will accompany us all the way. We will visit the heart of the Sierra where we will find the <strong>Monument to the Virgen de las Nieves<\/strong>, located at the top of the Veleta peak. It is a statue of the Virgin Mary that stands at an altitude of more than 3,000 metres above sea level, making it one of the highest religious images in Europe.<\/p>\n<p class=\"translation-block\">We will walk along the <strong>Duke\u2019s Path<\/strong> which is a route that runs through the natural landscapes of the Sierra de Hu\u00e9tor. It owes its name to the Duke of San Pedro de Galino, to whom it pays tribute, as it was he who held these lands in his power during the 17th century.<\/p>\n<p class=\"translation-block\">The warm months are no less of an option than a surprising hiking route, the <strong>open-air activities<\/strong> with the vegetation that can be seen here will not fail to fascinate you, as the panoramic views overflow the landscape.<\/p>\n<p class=\"translation-block\">An excursion to the Sierra Nevada is a <strong>unique opportunity<\/strong> to experience the natural beauty of the region. Whether you're looking for snow, adventure or just want to unwind and enjoy a peaceful walk in the mountain and enjoy a leisurely hike in the mountains, this tour has something for everyone.<\/p>\n<h2>\n\t\t\tMeeting point\t<\/h2>\n\t<p><strong>Las Descalzas Square, 3<\/strong><\/p>\n\t<p>Do you need directions to get there?<\/p>\n\t\t\t<a href=\"#reserva\" target=\"_self\">\n\t\t\t\t\t\t\tBook &gt;\n\t\t\t\t\t<\/a>\n\t\t\t<a href=\"https:\/\/maps.app.goo.gl\/pTs7AyQVYMfpdsCm8\" target=\"_blank\" rel=\"noopener\">\n\t\t\t\t\t\t\tSee map &gt;\n\t\t\t\t\t<\/a>\n<h2>\n\t\t\tHighlights\t<\/h2>\n\t<ul>\n<li aria-level=\"1\">Moderate hiking in the high mountains.<\/li>\n<li aria-level=\"1\">Interpreted visit of the existing ecosystem in the Sierra Nevada. A unique ecosystem.<\/li>\n<li aria-level=\"1\">Walk accompanied at all times by a mountain guide.<\/li>\n<\/ul>\n<h2>\n\t\t\tWhat is included in the visit\t<\/h2>\n\t<ul>\n<li aria-level=\"1\">Accompanying mountain guide throughout the tour.<\/li>\n<li aria-level=\"1\">Transport<\/li>\n<\/ul>\n<h2>\n\t\t\tWhat the visit does not include\t<\/h2>\n\t<ul>\n<li aria-level=\"1\">Food and drink<\/li>\n<\/ul>\n<h2>\n\t\t\tOther considerations\t<\/h2>\n\t<p>It is essential to be at the meeting point at the indicated time, as failure to do so will result in the loss of the right to take the tour and reimbursement of the tour fee.<\/p>\n<p>In the visits that there are children, you must indicate their age in advance.<\/p>\n<h3>\n\t\t\tTambi\u00e9n puedes reservar nuestros otros servicios&#8230;\t<\/h3>\n\t<a href=\"https:\/\/walkingranada.com\/en\/what-to-do-in-granada\/flamenco\/\" target=\"_self\"><\/a>\t\t\t<img decoding=\"async\" loading=\"lazy\" alt=\"bailaora flamenca\" src=\"https:\/\/walkingranada.com\/wp-content\/uploads\/2022\/10\/Rectangle-42.png\"\/>\n\t\t<h3>Flamenco<\/h3>\n\t<a href=\"https:\/\/walkingranada.com\/en\/what-to-do-in-granada\/hammam-al-andalus\/\" target=\"_self\"><\/a>\t\t\t<img decoding=\"async\" loading=\"lazy\" alt=\"ba\u00f1os \u00e1rabes\" src=\"https:\/\/walkingranada.com\/wp-content\/uploads\/2022\/10\/Rectangle-43.png\"\/>\n\t\t<h3>Hammam <br \/>Al-\u00e1ndalus<\/h3>\n\t<a href=\"https:\/\/walkingranada.com\/en\/what-to-do-in-granada\/day-trips\/\" target=\"_self\"><\/a>\t\t\t<img decoding=\"async\" loading=\"lazy\" alt=\"mezquita de c\u00f3rdoba\" src=\"https:\/\/walkingranada.com\/wp-content\/uploads\/2022\/10\/Rectangle-45.png\"\/>\n\t\t<h3>Day <br \/>trips<\/h3>\n\t<a href=\"https:\/\/walkingranada.com\/en\/what-to-do-in-granada\/olfactory-route\/\" target=\"_self\"><\/a>\t\t\t<img decoding=\"async\" loading=\"lazy\" alt=\"imagen de una chica joven\" src=\"https:\/\/walkingranada.com\/wp-content\/uploads\/2022\/10\/Rectangle-38.png\"\/>\n\t\t<h3>Olfactory route<\/h3>","protected":false},"excerpt":{"rendered":"<p>Excursiones &gt; Sierra Nevada Sierra Nevada desde Granada Un parque natural y nacional, a tan solo minutos del centro de Granada, es el lugar ideal para llenar los pulmones de aire fresco, escuchar los arroyos y disfrutar de la diversidad que ofrece la naturaleza de la cordillera B\u00e9tica. Un sitio donde habitan m\u00e1s de un &#8230; <a title=\"Sierra nevada\" class=\"read-more\" href=\"https:\/\/walkingranada.com\/en\/que-hacer-en-granada\/excursiones\/sierra-nevada\/\" aria-label=\"Read more about Sierra nevada\">Read more<\/a><\/p>","protected":false},"author":2,"featured_media":0,"parent":446,"menu_order":0,"comment_status":"closed","ping_status":"closed","template":"","meta":{"footnotes":""},"class_list":["post-456","page","type-page","status-publish"],"yoast_head":"<!-- This site is optimized with the Yoast SEO plugin v27.4 - https:\/\/yoast.com\/product\/yoast-seo-wordpress\/ -->\n<title>Excursi\u00f3n a Sierra Nevada desde Granada - Walk in Granada<\/title>\n<meta name=\"description\" content=\"Sierra Nevada es un parque nacional con una riqueza natural y paisaj\u00edstica sin igual. Ad\u00e9ntrate en la sierra con un gu\u00eda profesional.\" \/>\n<meta name=\"robots\" content=\"index, follow, max-snippet:-1, max-image-preview:large, max-video-preview:-1\" \/>\n<link rel=\"canonical\" href=\"https:\/\/walkingranada.com\/en\/what-to-do-in-granada\/day-trips\/sierra-nevada\/\" \/>\n<meta property=\"og:locale\" content=\"en_GB\" \/>\n<meta property=\"og:type\" content=\"article\" \/>\n<meta property=\"og:title\" content=\"Excursi\u00f3n a Sierra Nevada desde Granada - Walk in Granada\" \/>\n<meta property=\"og:description\" content=\"Sierra Nevada es un parque nacional con una riqueza natural y paisaj\u00edstica sin igual. Ad\u00e9ntrate en la sierra con un gu\u00eda profesional.\" \/>\n<meta property=\"og:url\" content=\"https:\/\/walkingranada.com\/en\/what-to-do-in-granada\/day-trips\/sierra-nevada\/\" \/>\n<meta property=\"og:site_name\" content=\"Walk in Granada\" \/>\n<meta property=\"article:publisher\" content=\"https:\/\/es-es.facebook.com\/walkingranadatour\/\" \/>\n<meta property=\"article:modified_time\" content=\"2025-08-06T06:23:17+00:00\" \/>\n<meta property=\"og:image\" content=\"https:\/\/walkingranada.com\/wp-content\/uploads\/2022\/12\/Sierra-Nevada-min.jpg.webp\" \/>\n<meta name=\"twitter:card\" content=\"summary_large_image\" \/>\n<meta name=\"twitter:site\" content=\"@walkingranada\" \/>\n<meta name=\"twitter:label1\" content=\"Estimated reading time\" \/>\n\t<meta name=\"twitter:data1\" content=\"3 minutes\" \/>\n<script type=\"application\/ld+json\" class=\"yoast-schema-graph\">{\"@context\":\"https:\\\/\\\/schema.org\",\"@graph\":[{\"@type\":\"WebPage\",\"@id\":\"https:\\\/\\\/walkingranada.com\\\/que-hacer-en-granada\\\/excursiones\\\/sierra-nevada\\\/\",\"url\":\"https:\\\/\\\/walkingranada.com\\\/que-hacer-en-granada\\\/excursiones\\\/sierra-nevada\\\/\",\"name\":\"Excursi\u00f3n a Sierra Nevada desde Granada - Walk in Granada\",\"isPartOf\":{\"@id\":\"https:\\\/\\\/walkingranada.com\\\/#website\"},\"primaryImageOfPage\":{\"@id\":\"https:\\\/\\\/walkingranada.com\\\/que-hacer-en-granada\\\/excursiones\\\/sierra-nevada\\\/#primaryimage\"},\"image\":{\"@id\":\"https:\\\/\\\/walkingranada.com\\\/que-hacer-en-granada\\\/excursiones\\\/sierra-nevada\\\/#primaryimage\"},\"thumbnailUrl\":\"https:\\\/\\\/walkingranada.com\\\/wp-content\\\/uploads\\\/2022\\\/12\\\/Sierra-Nevada-min.jpg.webp\",\"datePublished\":\"2022-10-27T09:03:04+00:00\",\"dateModified\":\"2025-08-06T06:23:17+00:00\",\"description\":\"Sierra Nevada es un parque nacional con una riqueza natural y paisaj\u00edstica sin igual. Ad\u00e9ntrate en la sierra con un gu\u00eda profesional.\",\"breadcrumb\":{\"@id\":\"https:\\\/\\\/walkingranada.com\\\/que-hacer-en-granada\\\/excursiones\\\/sierra-nevada\\\/#breadcrumb\"},\"inLanguage\":\"en-GB\",\"potentialAction\":[{\"@type\":\"ReadAction\",\"target\":[\"https:\\\/\\\/walkingranada.com\\\/que-hacer-en-granada\\\/excursiones\\\/sierra-nevada\\\/\"]}]},{\"@type\":\"ImageObject\",\"inLanguage\":\"en-GB\",\"@id\":\"https:\\\/\\\/walkingranada.com\\\/que-hacer-en-granada\\\/excursiones\\\/sierra-nevada\\\/#primaryimage\",\"url\":\"https:\\\/\\\/walkingranada.com\\\/wp-content\\\/uploads\\\/2022\\\/12\\\/Sierra-Nevada-min.jpg.webp\",\"contentUrl\":\"https:\\\/\\\/walkingranada.com\\\/wp-content\\\/uploads\\\/2022\\\/12\\\/Sierra-Nevada-min.jpg.webp\"},{\"@type\":\"BreadcrumbList\",\"@id\":\"https:\\\/\\\/walkingranada.com\\\/que-hacer-en-granada\\\/excursiones\\\/sierra-nevada\\\/#breadcrumb\",\"itemListElement\":[{\"@type\":\"ListItem\",\"position\":1,\"name\":\"Portada\",\"item\":\"https:\\\/\\\/walkingranada.com\\\/\"},{\"@type\":\"ListItem\",\"position\":2,\"name\":\"Qu\u00e9 hacer en granada\",\"item\":\"https:\\\/\\\/walkingranada.com\\\/que-hacer-en-granada\\\/\"},{\"@type\":\"ListItem\",\"position\":3,\"name\":\"Excursiones de un d\u00eda\",\"item\":\"https:\\\/\\\/walkingranada.com\\\/que-hacer-en-granada\\\/excursiones\\\/\"},{\"@type\":\"ListItem\",\"position\":4,\"name\":\"Sierra nevada\"}]},{\"@type\":\"WebSite\",\"@id\":\"https:\\\/\\\/walkingranada.com\\\/#website\",\"url\":\"https:\\\/\\\/walkingranada.com\\\/\",\"name\":\"Walk in Granada\",\"description\":\"Turismo responsable\",\"publisher\":{\"@id\":\"https:\\\/\\\/walkingranada.com\\\/#organization\"},\"alternateName\":\"Walk in Granada\",\"potentialAction\":[{\"@type\":\"SearchAction\",\"target\":{\"@type\":\"EntryPoint\",\"urlTemplate\":\"https:\\\/\\\/walkingranada.com\\\/?s={search_term_string}\"},\"query-input\":{\"@type\":\"PropertyValueSpecification\",\"valueRequired\":true,\"valueName\":\"search_term_string\"}}],\"inLanguage\":\"en-GB\"},{\"@type\":\"Organization\",\"@id\":\"https:\\\/\\\/walkingranada.com\\\/#organization\",\"name\":\"Walk In Granada\",\"alternateName\":\"Walk In Granada\",\"url\":\"https:\\\/\\\/walkingranada.com\\\/\",\"logo\":{\"@type\":\"ImageObject\",\"inLanguage\":\"en-GB\",\"@id\":\"https:\\\/\\\/walkingranada.com\\\/#\\\/schema\\\/logo\\\/image\\\/\",\"url\":\"https:\\\/\\\/walkingranada.com\\\/wp-content\\\/uploads\\\/2022\\\/12\\\/Logo-Walking.webp\",\"contentUrl\":\"https:\\\/\\\/walkingranada.com\\\/wp-content\\\/uploads\\\/2022\\\/12\\\/Logo-Walking.webp\",\"width\":512,\"height\":512,\"caption\":\"Walk In Granada\"},\"image\":{\"@id\":\"https:\\\/\\\/walkingranada.com\\\/#\\\/schema\\\/logo\\\/image\\\/\"},\"sameAs\":[\"https:\\\/\\\/es-es.facebook.com\\\/walkingranadatour\\\/\",\"https:\\\/\\\/x.com\\\/walkingranada\",\"https:\\\/\\\/www.instagram.com\\\/walkingranada\\\/\"]}]}<\/script>\n<!-- \/ Yoast SEO plugin. -->","yoast_head_json":{"title":"Excursion to Sierra Nevada from Granada - Walk in Granada","description":"Sierra Nevada is a national park with an unparalleled natural and scenic richness. Venture into the mountains with a professional guide.","robots":{"index":"index","follow":"follow","max-snippet":"max-snippet:-1","max-image-preview":"max-image-preview:large","max-video-preview":"max-video-preview:-1"},"canonical":"https:\/\/walkingranada.com\/en\/what-to-do-in-granada\/day-trips\/sierra-nevada\/","og_locale":"en_GB","og_type":"article","og_title":"Excursi\u00f3n a Sierra Nevada desde Granada - Walk in Granada","og_description":"Sierra Nevada es un parque nacional con una riqueza natural y paisaj\u00edstica sin igual. Ad\u00e9ntrate en la sierra con un gu\u00eda profesional.","og_url":"https:\/\/walkingranada.com\/en\/what-to-do-in-granada\/day-trips\/sierra-nevada\/","og_site_name":"Walk in Granada","article_publisher":"https:\/\/es-es.facebook.com\/walkingranadatour\/","article_modified_time":"2025-08-06T06:23:17+00:00","og_image":[{"url":"https:\/\/walkingranada.com\/wp-content\/uploads\/2022\/12\/Sierra-Nevada-min.jpg.webp","type":"","width":"","height":""}],"twitter_card":"summary_large_image","twitter_site":"@walkingranada","twitter_misc":{"Estimated reading time":"3 minutes"},"schema":{"@context":"https:\/\/schema.org","@graph":[{"@type":"WebPage","@id":"https:\/\/walkingranada.com\/que-hacer-en-granada\/excursiones\/sierra-nevada\/","url":"https:\/\/walkingranada.com\/que-hacer-en-granada\/excursiones\/sierra-nevada\/","name":"Excursion to Sierra Nevada from Granada - Walk in Granada","isPartOf":{"@id":"https:\/\/walkingranada.com\/#website"},"primaryImageOfPage":{"@id":"https:\/\/walkingranada.com\/que-hacer-en-granada\/excursiones\/sierra-nevada\/#primaryimage"},"image":{"@id":"https:\/\/walkingranada.com\/que-hacer-en-granada\/excursiones\/sierra-nevada\/#primaryimage"},"thumbnailUrl":"https:\/\/walkingranada.com\/wp-content\/uploads\/2022\/12\/Sierra-Nevada-min.jpg.webp","datePublished":"2022-10-27T09:03:04+00:00","dateModified":"2025-08-06T06:23:17+00:00","description":"Sierra Nevada is a national park with an unparalleled natural and scenic richness. Venture into the mountains with a professional guide.","breadcrumb":{"@id":"https:\/\/walkingranada.com\/que-hacer-en-granada\/excursiones\/sierra-nevada\/#breadcrumb"},"inLanguage":"en-GB","potentialAction":[{"@type":"ReadAction","target":["https:\/\/walkingranada.com\/que-hacer-en-granada\/excursiones\/sierra-nevada\/"]}]},{"@type":"ImageObject","inLanguage":"en-GB","@id":"https:\/\/walkingranada.com\/que-hacer-en-granada\/excursiones\/sierra-nevada\/#primaryimage","url":"https:\/\/walkingranada.com\/wp-content\/uploads\/2022\/12\/Sierra-Nevada-min.jpg.webp","contentUrl":"https:\/\/walkingranada.com\/wp-content\/uploads\/2022\/12\/Sierra-Nevada-min.jpg.webp"},{"@type":"BreadcrumbList","@id":"https:\/\/walkingranada.com\/que-hacer-en-granada\/excursiones\/sierra-nevada\/#breadcrumb","itemListElement":[{"@type":"ListItem","position":1,"name":"Portada","item":"https:\/\/walkingranada.com\/"},{"@type":"ListItem","position":2,"name":"Qu\u00e9 hacer en granada","item":"https:\/\/walkingranada.com\/que-hacer-en-granada\/"},{"@type":"ListItem","position":3,"name":"Excursiones de un d\u00eda","item":"https:\/\/walkingranada.com\/que-hacer-en-granada\/excursiones\/"},{"@type":"ListItem","position":4,"name":"Sierra nevada"}]},{"@type":"WebSite","@id":"https:\/\/walkingranada.com\/#website","url":"https:\/\/walkingranada.com\/","name":"Walk in Granada","description":"Turismo responsable","publisher":{"@id":"https:\/\/walkingranada.com\/#organization"},"alternateName":"Walk in Granada","potentialAction":[{"@type":"SearchAction","target":{"@type":"EntryPoint","urlTemplate":"https:\/\/walkingranada.com\/?s={search_term_string}"},"query-input":{"@type":"PropertyValueSpecification","valueRequired":true,"valueName":"search_term_string"}}],"inLanguage":"en-GB"},{"@type":"Organization","@id":"https:\/\/walkingranada.com\/#organization","name":"Walk In Granada","alternateName":"Walk In Granada","url":"https:\/\/walkingranada.com\/","logo":{"@type":"ImageObject","inLanguage":"en-GB","@id":"https:\/\/walkingranada.com\/#\/schema\/logo\/image\/","url":"https:\/\/walkingranada.com\/wp-content\/uploads\/2022\/12\/Logo-Walking.webp","contentUrl":"https:\/\/walkingranada.com\/wp-content\/uploads\/2022\/12\/Logo-Walking.webp","width":512,"height":512,"caption":"Walk In Granada"},"image":{"@id":"https:\/\/walkingranada.com\/#\/schema\/logo\/image\/"},"sameAs":["https:\/\/es-es.facebook.com\/walkingranadatour\/","https:\/\/x.com\/walkingranada","https:\/\/www.instagram.com\/walkingranada\/"]}]}},"_links":{"self":[{"href":"https:\/\/walkingranada.com\/en\/wp-json\/wp\/v2\/pages\/456","targetHints":{"allow":["GET"]}}],"collection":[{"href":"https:\/\/walkingranada.com\/en\/wp-json\/wp\/v2\/pages"}],"about":[{"href":"https:\/\/walkingranada.com\/en\/wp-json\/wp\/v2\/types\/page"}],"author":[{"embeddable":true,"href":"https:\/\/walkingranada.com\/en\/wp-json\/wp\/v2\/users\/2"}],"replies":[{"embeddable":true,"href":"https:\/\/walkingranada.com\/en\/wp-json\/wp\/v2\/comments?post=456"}],"version-history":[{"count":6,"href":"https:\/\/walkingranada.com\/en\/wp-json\/wp\/v2\/pages\/456\/revisions"}],"predecessor-version":[{"id":7055,"href":"https:\/\/walkingranada.com\/en\/wp-json\/wp\/v2\/pages\/456\/revisions\/7055"}],"up":[{"embeddable":true,"href":"https:\/\/walkingranada.com\/en\/wp-json\/wp\/v2\/pages\/446"}],"wp:attachment":[{"href":"https:\/\/walkingranada.com\/en\/wp-json\/wp\/v2\/media?parent=456"}],"curies":[{"name":"wp","href":"https:\/\/api.w.org\/{rel}","templated":true}]}}