{"id":454,"date":"2022-10-27T09:02:51","date_gmt":"2022-10-27T09:02:51","guid":{"rendered":"https:\/\/factum-omibu.es\/walkin\/?page_id=454"},"modified":"2025-07-30T12:21:30","modified_gmt":"2025-07-30T12:21:30","slug":"alpujarra","status":"publish","type":"page","link":"https:\/\/walkingranada.com\/en\/que-hacer-en-granada\/excursiones\/alpujarra\/","title":{"rendered":"Alpujarra"},"content":{"rendered":"<p>Day Trips &gt; Alpujarra<\/p>\r\n\t<!-- FareHarbor calendar of item #180985 --><br \/>\r\n\r\n<h1>\r\n\t\tGuided visit to the Alpujarra\r\n\t<\/h1>\r\n\t<p>No place in the whole of Spain provides more information about the last years of the Moors in the Iberian Peninsula than the Alpujarras in Granada and Almeria. A region that did not receive any Christian influence from 1492, when the city of Granada was surrendered, until 1570, when the expulsion of the Moors from the kingdom of Spain was decreed, being the last stronghold of the Kingdom of Granada after the fall of the capital into the hands of the Catholic Monarchs.<\/p>\r\n<p class=\"translation-block\"><strong>This is a small group excursion. If you want to take this tour in a private format, you can make the request through our <\/strong><span class=\"red\"><a href=\"https:\/\/walkingranada.com\/en\/customized-tours\/\" target=\"_self\"> <strong class=\"red\">customized tours<\/strong><\/a><\/span> <strong>section.<\/strong><\/p>\r\n<h2>\r\n\t\tExcursion to the Alpujarra from Granada\r\n\t<\/h2>\r\n\t\t\t\t<img decoding=\"async\" loading=\"lazy\" src=\"https:\/\/walkingranada.com\/wp-content\/uploads\/2025\/01\/alpujarra.jpg.webp\" alt=\"alpujarra\" itemprop=\"image\" height=\"398\" width=\"711\" title=\"alpujarra\" onerror=\"this.style.display='none'\"  \/>\r\n\t<p class=\"translation-block\">Our day trip to <strong>La Alpujarra<\/strong> from Granada covers the main towns of this region, with not only historical but also natural richness, a place where Moorish and Nasrid architecture blends with the majesty of the <strong>Sierra Nevada National Park<\/strong> in a journey through municipalities with their own unique character.<\/p>\r\n<p>Narrow streets surrounded by whitewashed walls, limestone terraces, farmland in parts delimited by balates, and a rugged terrain make each of these villages a real pleasure for visitors. Environments where natural tourism coexists with the most traditional agriculture and livestock farming, which even today remain as vestiges of simpler times.<\/p>\r\n<p class=\"translation-block\">The route departs from Granada and delves into the mountains, with the first municipality visited being the gateway to <strong>the Alpujarras<\/strong>. <strong>Lanjar\u00f3n<\/strong>, where you can visit the <strong>Nasrid Tablate bridge<\/strong> and the Nasrid castle of this municipality.<\/p>\r\n\t<p class=\"translation-block\">The visit goes by car to the Mirador del Poqueira viewpoint. A privileged point from which you can see a panoramic view of the municipalities of the Poqueira Valley (Pampaneira, Bubi\u00f3n and Capileira), crowned in the background by the peaks of Mulhac\u00e9n and Veleta, and over the valley of the Guadalfeo River. A spectacular spot where the visitor will be able to take what will undoubtedly be one of the panoramic views of the trip.<\/p>\r\n<p class=\"translation-block\">The journey continues to explore the villages in the interior of <strong>La Alpujarra<\/strong>, with the next stop being <strong>Fuente Agria Spring<\/strong>, halfway between <strong>P\u00f3rtugos and Busqu\u00edstar<\/strong>. At this spring, you can visit the <strong>Hermitage of the Virgin of Sorrows<\/strong> and drink from the fountain with five spouts. It's a spring with acidic waters due to its high iron content. Interestingly, each spout provides a different concentration of iron, with the first one being very mild and the last one extremely sour.<\/p>\r\n<p class=\"translation-block\">Beneath this fountain lies <strong>El Chorre\u00f3n<\/strong>, a space set up as a picnic area surrounded by a lush landscape, bordered by poplar trees, and with rock walls completely covered in ferns.<\/p>\r\nTras la visita al Chorre\u00f3n volvemos por el camino hasta el municipio de <strong>Pitres<\/strong>, sobre el cual haremos una parada para visitar una de sus pedan\u00edas, <strong>Capilerilla.<\/strong> Un municipio poco transitado por turistas que conserva gran parte de la vida tradicional de <strong>la Alpujarra<\/strong>, y donde el visitante podr\u00e1 disfrutar de la arquitectura y modus vivendi local en su m\u00e1xima expresi\u00f3n.<br \/>\r\nNuestra ruta acaba en el <strong>Poqueira Valley<\/strong>, concretamente en el m\u00e1s bajo de sus tres municipios, <strong>Pampaneira<\/strong>. Un enclave de alto inter\u00e9s tur\u00edstico donde el visitante dispondr\u00e1 de tiempo libre para pasear por esta bella localidad, conocida por su chocolate y considerado uno de los pueblos m\u00e1s bonitos de Espa\u00f1a. Desde aqu\u00ed parte adem\u00e1s una ruta circular de unos pocos kil\u00f3metros y f\u00e1cilmente transitable que recorre los municipios de <strong>Bubi\u00f3n y Capileira<\/strong> para volver a bajar a <strong>Pampaneira<\/strong> de nuevo.\r\n<h2>\r\n\t\tMeeting point\r\n\t<\/h2>\r\n\t<p><strong>Mariana Pineda Square<\/strong><\/p>\r\n\t<p>Do you need directions to get there?<\/p>\r\n\t\t\t<a href=\"#reserva\" target=\"_self\">\r\n\t\t\t\t\t\t\tBook &gt;\r\n\t\t\t\t\t<\/a>\r\n\t\t\t<a href=\"https:\/\/goo.gl\/maps\/S8LCwLLRQArti4X98\" target=\"_self\">\r\n\t\t\t\t\t\t\tSee map &gt;\r\n\t\t\t\t\t<\/a>\r\n<h2>\r\n\t\tWhat you will visit\r\n\t<\/h2>\r\n\t<ul>\r\n<li>Lanjar\u00f3n Castle<\/li>\r\n<li>Tablate Bridge<\/li>\r\n<li>Poqueira Valley<\/li>\r\n<li>Fuente Agria Spring<\/li>\r\n<li>Corre\u00f3n in P\u00f3rtugos<\/li>\r\n<li>Pitres<\/li>\r\n<li>Capilerilla<\/li>\r\n<li>Pampaneira<\/li>\r\n<\/ul>\r\n<h2>\r\n\t\tWhat is included in the visit\r\n\t<\/h2>\r\n\t<ul>\r\n<li aria-level=\"1\">Transport in a group of maximum 7<\/li>\r\n<li aria-level=\"1\">Local guide<\/li>\r\n<li aria-level=\"1\">Individual travel insurance<\/li>\r\n<\/ul>\r\n<h2>\r\n\t\tWhat the visit does not include\r\n\t<\/h2>\r\n\t<ul>\r\n<li aria-level=\"1\">Food and drink<\/li>\r\n<\/ul>\r\n<h2>\r\n\t\tTambi\u00e9n puedes reservar nuestros otros servicios&#8230;\r\n\t<\/h2>\r\n\t<a href=\"https:\/\/walkingranada.com\/en\/what-to-do-in-granada\/flamenco\/\" target=\"_self\"><\/a>\t\t\t<img decoding=\"async\" loading=\"lazy\" alt=\"bailaora flamenca\" src=\"https:\/\/walkingranada.com\/wp-content\/uploads\/2022\/10\/Rectangle-42.png\"\/>\r\n\t\t<h3>Flamenco<\/h3>\r\n\t<a href=\"https:\/\/walkingranada.com\/en\/what-to-do-in-granada\/hammam-al-andalus\/\" target=\"_self\"><\/a>\t\t\t<img decoding=\"async\" loading=\"lazy\" alt=\"ba\u00f1os \u00e1rabes\" src=\"https:\/\/walkingranada.com\/wp-content\/uploads\/2022\/10\/Rectangle-43.png\"\/>\r\n\t\t<h3>Hammam <br \/>Al-\u00e1ndalus<\/h3>\r\n\t<a href=\"https:\/\/walkingranada.com\/en\/what-to-do-in-granada\/day-trips\/\" target=\"_self\"><\/a>\t\t\t<img decoding=\"async\" loading=\"lazy\" alt=\"mezquita de c\u00f3rdoba\" src=\"https:\/\/walkingranada.com\/wp-content\/uploads\/2022\/10\/Rectangle-45.png\"\/>\r\n\t\t<h3>Day <br \/>trips<\/h3>\r\n\t<a href=\"https:\/\/walkingranada.com\/en\/what-to-do-in-granada\/olfactory-route\/\" target=\"_self\"><\/a>\t\t\t<img decoding=\"async\" loading=\"lazy\" alt=\"imagen de una chica joven\" src=\"https:\/\/walkingranada.com\/wp-content\/uploads\/2022\/10\/Rectangle-38.png\"\/>\r\n\t\t<h3>Olfactory route<\/h3>","protected":false},"excerpt":{"rendered":"<p>Excursiones &gt; Alpujarra Visita guiada a la alpujarra Ning\u00fan enclave en toda la geograf\u00eda espa\u00f1ola aporta m\u00e1s informaci\u00f3n sobre los \u00faltimos a\u00f1os de los moriscos en la Pen\u00ednsula Ib\u00e9rica que las Alpujarras granadina y almeriense. Una regi\u00f3n que no recibi\u00f3 influencia Cristiana alguna desde 1492, cuando es rendida la ciudad de Granada, hasta 1570, cuando &#8230; <a title=\"Alpujarra\" class=\"read-more\" href=\"https:\/\/walkingranada.com\/en\/que-hacer-en-granada\/excursiones\/alpujarra\/\" aria-label=\"Read more about Alpujarra\">Read more<\/a><\/p>","protected":false},"author":2,"featured_media":0,"parent":446,"menu_order":0,"comment_status":"closed","ping_status":"closed","template":"","meta":{"footnotes":""},"class_list":["post-454","page","type-page","status-publish"],"yoast_head":"<!-- This site is optimized with the Yoast SEO plugin v27.4 - https:\/\/yoast.com\/product\/yoast-seo-wordpress\/ -->\n<title>Visitar la Alpujarra - Walk in Granada<\/title>\n<meta name=\"description\" content=\"La Alpujarra es un enclave donde el tiempo parece que se ha detenido. Descubre sus pueblos de paredes encaladas en plena Sierra Nevada.\" \/>\n<meta name=\"robots\" content=\"index, follow, max-snippet:-1, max-image-preview:large, max-video-preview:-1\" \/>\n<link rel=\"canonical\" href=\"https:\/\/walkingranada.com\/en\/what-to-do-in-granada\/day-trips\/alpujarra\/\" \/>\n<meta property=\"og:locale\" content=\"en_GB\" \/>\n<meta property=\"og:type\" content=\"article\" \/>\n<meta property=\"og:title\" content=\"Visitar la Alpujarra - Walk in Granada\" \/>\n<meta property=\"og:description\" content=\"La Alpujarra es un enclave donde el tiempo parece que se ha detenido. Descubre sus pueblos de paredes encaladas en plena Sierra Nevada.\" \/>\n<meta property=\"og:url\" content=\"https:\/\/walkingranada.com\/en\/what-to-do-in-granada\/day-trips\/alpujarra\/\" \/>\n<meta property=\"og:site_name\" content=\"Walk in Granada\" \/>\n<meta property=\"article:publisher\" content=\"https:\/\/es-es.facebook.com\/walkingranadatour\/\" \/>\n<meta property=\"article:modified_time\" content=\"2025-07-30T12:21:30+00:00\" \/>\n<meta property=\"og:image\" content=\"https:\/\/walkingranada.com\/wp-content\/uploads\/2025\/01\/alpujarra.jpg.webp\" \/>\n<meta name=\"twitter:card\" content=\"summary_large_image\" \/>\n<meta name=\"twitter:site\" content=\"@walkingranada\" \/>\n<meta name=\"twitter:label1\" content=\"Estimated reading time\" \/>\n\t<meta name=\"twitter:data1\" content=\"5 minutes\" \/>\n<script type=\"application\/ld+json\" class=\"yoast-schema-graph\">{\"@context\":\"https:\\\/\\\/schema.org\",\"@graph\":[{\"@type\":\"WebPage\",\"@id\":\"https:\\\/\\\/walkingranada.com\\\/que-hacer-en-granada\\\/excursiones\\\/alpujarra\\\/\",\"url\":\"https:\\\/\\\/walkingranada.com\\\/que-hacer-en-granada\\\/excursiones\\\/alpujarra\\\/\",\"name\":\"Visitar la Alpujarra - Walk in Granada\",\"isPartOf\":{\"@id\":\"https:\\\/\\\/walkingranada.com\\\/#website\"},\"primaryImageOfPage\":{\"@id\":\"https:\\\/\\\/walkingranada.com\\\/que-hacer-en-granada\\\/excursiones\\\/alpujarra\\\/#primaryimage\"},\"image\":{\"@id\":\"https:\\\/\\\/walkingranada.com\\\/que-hacer-en-granada\\\/excursiones\\\/alpujarra\\\/#primaryimage\"},\"thumbnailUrl\":\"https:\\\/\\\/walkingranada.com\\\/wp-content\\\/uploads\\\/2025\\\/01\\\/alpujarra.jpg.webp\",\"datePublished\":\"2022-10-27T09:02:51+00:00\",\"dateModified\":\"2025-07-30T12:21:30+00:00\",\"description\":\"La Alpujarra es un enclave donde el tiempo parece que se ha detenido. Descubre sus pueblos de paredes encaladas en plena Sierra Nevada.\",\"breadcrumb\":{\"@id\":\"https:\\\/\\\/walkingranada.com\\\/que-hacer-en-granada\\\/excursiones\\\/alpujarra\\\/#breadcrumb\"},\"inLanguage\":\"en-GB\",\"potentialAction\":[{\"@type\":\"ReadAction\",\"target\":[\"https:\\\/\\\/walkingranada.com\\\/que-hacer-en-granada\\\/excursiones\\\/alpujarra\\\/\"]}]},{\"@type\":\"ImageObject\",\"inLanguage\":\"en-GB\",\"@id\":\"https:\\\/\\\/walkingranada.com\\\/que-hacer-en-granada\\\/excursiones\\\/alpujarra\\\/#primaryimage\",\"url\":\"https:\\\/\\\/walkingranada.com\\\/wp-content\\\/uploads\\\/2025\\\/01\\\/alpujarra.jpg.webp\",\"contentUrl\":\"https:\\\/\\\/walkingranada.com\\\/wp-content\\\/uploads\\\/2025\\\/01\\\/alpujarra.jpg.webp\"},{\"@type\":\"BreadcrumbList\",\"@id\":\"https:\\\/\\\/walkingranada.com\\\/que-hacer-en-granada\\\/excursiones\\\/alpujarra\\\/#breadcrumb\",\"itemListElement\":[{\"@type\":\"ListItem\",\"position\":1,\"name\":\"Portada\",\"item\":\"https:\\\/\\\/walkingranada.com\\\/\"},{\"@type\":\"ListItem\",\"position\":2,\"name\":\"Qu\u00e9 hacer en granada\",\"item\":\"https:\\\/\\\/walkingranada.com\\\/que-hacer-en-granada\\\/\"},{\"@type\":\"ListItem\",\"position\":3,\"name\":\"Excursiones de un d\u00eda\",\"item\":\"https:\\\/\\\/walkingranada.com\\\/que-hacer-en-granada\\\/excursiones\\\/\"},{\"@type\":\"ListItem\",\"position\":4,\"name\":\"Alpujarra\"}]},{\"@type\":\"WebSite\",\"@id\":\"https:\\\/\\\/walkingranada.com\\\/#website\",\"url\":\"https:\\\/\\\/walkingranada.com\\\/\",\"name\":\"Walk in Granada\",\"description\":\"Turismo responsable\",\"publisher\":{\"@id\":\"https:\\\/\\\/walkingranada.com\\\/#organization\"},\"alternateName\":\"Walk in Granada\",\"potentialAction\":[{\"@type\":\"SearchAction\",\"target\":{\"@type\":\"EntryPoint\",\"urlTemplate\":\"https:\\\/\\\/walkingranada.com\\\/?s={search_term_string}\"},\"query-input\":{\"@type\":\"PropertyValueSpecification\",\"valueRequired\":true,\"valueName\":\"search_term_string\"}}],\"inLanguage\":\"en-GB\"},{\"@type\":\"Organization\",\"@id\":\"https:\\\/\\\/walkingranada.com\\\/#organization\",\"name\":\"Walk In Granada\",\"alternateName\":\"Walk In Granada\",\"url\":\"https:\\\/\\\/walkingranada.com\\\/\",\"logo\":{\"@type\":\"ImageObject\",\"inLanguage\":\"en-GB\",\"@id\":\"https:\\\/\\\/walkingranada.com\\\/#\\\/schema\\\/logo\\\/image\\\/\",\"url\":\"https:\\\/\\\/walkingranada.com\\\/wp-content\\\/uploads\\\/2022\\\/12\\\/Logo-Walking.webp\",\"contentUrl\":\"https:\\\/\\\/walkingranada.com\\\/wp-content\\\/uploads\\\/2022\\\/12\\\/Logo-Walking.webp\",\"width\":512,\"height\":512,\"caption\":\"Walk In Granada\"},\"image\":{\"@id\":\"https:\\\/\\\/walkingranada.com\\\/#\\\/schema\\\/logo\\\/image\\\/\"},\"sameAs\":[\"https:\\\/\\\/es-es.facebook.com\\\/walkingranadatour\\\/\",\"https:\\\/\\\/x.com\\\/walkingranada\",\"https:\\\/\\\/www.instagram.com\\\/walkingranada\\\/\"]}]}<\/script>\n<!-- \/ Yoast SEO plugin. -->","yoast_head_json":{"title":"Visit the Alpujarra - Walk in Granada","description":"Alpujarra is a place where time seems to have stopped. Discover its villages with whitewashed walls in the middle of Sierra Nevada.","robots":{"index":"index","follow":"follow","max-snippet":"max-snippet:-1","max-image-preview":"max-image-preview:large","max-video-preview":"max-video-preview:-1"},"canonical":"https:\/\/walkingranada.com\/en\/what-to-do-in-granada\/day-trips\/alpujarra\/","og_locale":"en_GB","og_type":"article","og_title":"Visitar la Alpujarra - Walk in Granada","og_description":"La Alpujarra es un enclave donde el tiempo parece que se ha detenido. Descubre sus pueblos de paredes encaladas en plena Sierra Nevada.","og_url":"https:\/\/walkingranada.com\/en\/what-to-do-in-granada\/day-trips\/alpujarra\/","og_site_name":"Walk in Granada","article_publisher":"https:\/\/es-es.facebook.com\/walkingranadatour\/","article_modified_time":"2025-07-30T12:21:30+00:00","og_image":[{"url":"https:\/\/walkingranada.com\/wp-content\/uploads\/2025\/01\/alpujarra.jpg.webp","type":"","width":"","height":""}],"twitter_card":"summary_large_image","twitter_site":"@walkingranada","twitter_misc":{"Estimated reading time":"5 minutes"},"schema":{"@context":"https:\/\/schema.org","@graph":[{"@type":"WebPage","@id":"https:\/\/walkingranada.com\/que-hacer-en-granada\/excursiones\/alpujarra\/","url":"https:\/\/walkingranada.com\/que-hacer-en-granada\/excursiones\/alpujarra\/","name":"Visit the Alpujarra - Walk in Granada","isPartOf":{"@id":"https:\/\/walkingranada.com\/#website"},"primaryImageOfPage":{"@id":"https:\/\/walkingranada.com\/que-hacer-en-granada\/excursiones\/alpujarra\/#primaryimage"},"image":{"@id":"https:\/\/walkingranada.com\/que-hacer-en-granada\/excursiones\/alpujarra\/#primaryimage"},"thumbnailUrl":"https:\/\/walkingranada.com\/wp-content\/uploads\/2025\/01\/alpujarra.jpg.webp","datePublished":"2022-10-27T09:02:51+00:00","dateModified":"2025-07-30T12:21:30+00:00","description":"Alpujarra is a place where time seems to have stopped. Discover its villages with whitewashed walls in the middle of Sierra Nevada.","breadcrumb":{"@id":"https:\/\/walkingranada.com\/que-hacer-en-granada\/excursiones\/alpujarra\/#breadcrumb"},"inLanguage":"en-GB","potentialAction":[{"@type":"ReadAction","target":["https:\/\/walkingranada.com\/que-hacer-en-granada\/excursiones\/alpujarra\/"]}]},{"@type":"ImageObject","inLanguage":"en-GB","@id":"https:\/\/walkingranada.com\/que-hacer-en-granada\/excursiones\/alpujarra\/#primaryimage","url":"https:\/\/walkingranada.com\/wp-content\/uploads\/2025\/01\/alpujarra.jpg.webp","contentUrl":"https:\/\/walkingranada.com\/wp-content\/uploads\/2025\/01\/alpujarra.jpg.webp"},{"@type":"BreadcrumbList","@id":"https:\/\/walkingranada.com\/que-hacer-en-granada\/excursiones\/alpujarra\/#breadcrumb","itemListElement":[{"@type":"ListItem","position":1,"name":"Portada","item":"https:\/\/walkingranada.com\/"},{"@type":"ListItem","position":2,"name":"Qu\u00e9 hacer en granada","item":"https:\/\/walkingranada.com\/que-hacer-en-granada\/"},{"@type":"ListItem","position":3,"name":"Excursiones de un d\u00eda","item":"https:\/\/walkingranada.com\/que-hacer-en-granada\/excursiones\/"},{"@type":"ListItem","position":4,"name":"Alpujarra"}]},{"@type":"WebSite","@id":"https:\/\/walkingranada.com\/#website","url":"https:\/\/walkingranada.com\/","name":"Walk in Granada","description":"Turismo responsable","publisher":{"@id":"https:\/\/walkingranada.com\/#organization"},"alternateName":"Walk in Granada","potentialAction":[{"@type":"SearchAction","target":{"@type":"EntryPoint","urlTemplate":"https:\/\/walkingranada.com\/?s={search_term_string}"},"query-input":{"@type":"PropertyValueSpecification","valueRequired":true,"valueName":"search_term_string"}}],"inLanguage":"en-GB"},{"@type":"Organization","@id":"https:\/\/walkingranada.com\/#organization","name":"Walk In Granada","alternateName":"Walk In Granada","url":"https:\/\/walkingranada.com\/","logo":{"@type":"ImageObject","inLanguage":"en-GB","@id":"https:\/\/walkingranada.com\/#\/schema\/logo\/image\/","url":"https:\/\/walkingranada.com\/wp-content\/uploads\/2022\/12\/Logo-Walking.webp","contentUrl":"https:\/\/walkingranada.com\/wp-content\/uploads\/2022\/12\/Logo-Walking.webp","width":512,"height":512,"caption":"Walk In Granada"},"image":{"@id":"https:\/\/walkingranada.com\/#\/schema\/logo\/image\/"},"sameAs":["https:\/\/es-es.facebook.com\/walkingranadatour\/","https:\/\/x.com\/walkingranada","https:\/\/www.instagram.com\/walkingranada\/"]}]}},"_links":{"self":[{"href":"https:\/\/walkingranada.com\/en\/wp-json\/wp\/v2\/pages\/454","targetHints":{"allow":["GET"]}}],"collection":[{"href":"https:\/\/walkingranada.com\/en\/wp-json\/wp\/v2\/pages"}],"about":[{"href":"https:\/\/walkingranada.com\/en\/wp-json\/wp\/v2\/types\/page"}],"author":[{"embeddable":true,"href":"https:\/\/walkingranada.com\/en\/wp-json\/wp\/v2\/users\/2"}],"replies":[{"embeddable":true,"href":"https:\/\/walkingranada.com\/en\/wp-json\/wp\/v2\/comments?post=454"}],"version-history":[{"count":12,"href":"https:\/\/walkingranada.com\/en\/wp-json\/wp\/v2\/pages\/454\/revisions"}],"predecessor-version":[{"id":6803,"href":"https:\/\/walkingranada.com\/en\/wp-json\/wp\/v2\/pages\/454\/revisions\/6803"}],"up":[{"embeddable":true,"href":"https:\/\/walkingranada.com\/en\/wp-json\/wp\/v2\/pages\/446"}],"wp:attachment":[{"href":"https:\/\/walkingranada.com\/en\/wp-json\/wp\/v2\/media?parent=454"}],"curies":[{"name":"wp","href":"https:\/\/api.w.org\/{rel}","templated":true}]}}