{"id":452,"date":"2022-10-27T09:02:41","date_gmt":"2022-10-27T09:02:41","guid":{"rendered":"https:\/\/factum-omibu.es\/walkin\/?page_id=452"},"modified":"2025-04-01T14:35:47","modified_gmt":"2025-04-01T14:35:47","slug":"sevilla","status":"publish","type":"page","link":"https:\/\/walkingranada.com\/en\/que-hacer-en-granada\/excursiones\/sevilla\/","title":{"rendered":"Seville"},"content":{"rendered":"<p>Day Trips &gt; Sevilla<\/p>\n\t<!-- FareHarbor calendar of item #180673 -->\n<h1>\n\t\tSevilla from Granada\n\t<\/h1>\n\t<p>The Andalusian capital is undoubtedly a city whose history is at the same time of fundamental importance in the history not only of Spain, but also of Latin America, being the capital of trade with the new continent in the modern age and a port of capital importance for the history of overseas Spain. A heritage city without equal in the world whose history dates back to the Phoenicians and which brings together vestiges of all the civilisations and cultures that have inhabited the Iberian Peninsula up to the present day.<\/p>\n<p class=\"translation-block\"><strong>This is a small group excursion. If you want to take this tour in a private format, you can make the request through our <\/strong><span class=\"red\"><a href=\"https:\/\/walkingranada.com\/en\/customized-tours\/\" target=\"_self\"> <strong class=\"red\">customized tours<\/strong><\/a><\/span> <strong>section.<\/strong><\/p>\n<h2>\n\t\tExcursion to Seville from Granada\n\t<\/h2>\n\t\t\t\t<img decoding=\"async\" loading=\"lazy\" src=\"https:\/\/walkingranada.com\/wp-content\/uploads\/2022\/12\/sevilla.jpg.webp\" alt=\"plaza de espa\u00f1a, sevilla\" itemprop=\"image\" height=\"398\" width=\"711\" title=\"sevilla\" onerror=\"this.style.display='none'\"  \/>\n\t<p class=\"translation-block\">Our excursion to <strong>Seville<\/strong> from Granada delves into one of the 34 taifas into which <strong>the Caliphate of C\u00f3rdoba<\/strong> decomposed until its absorption by <strong>the Almoravids<\/strong>. A city that was also the capital in <strong>Al-Andalus of the Almohad Empire<\/strong>, and from whose period monuments such as <strong>the Giralda<\/strong> still endure to this day.<\/p>\n<p class=\"translation-block\">The journey from Granada will take in the main towns along the banks of <strong>the Guadalquivir River<\/strong>, which are of historical importance and crucial to understanding the idiosyncrasy of what was once the commercial capital of the Spanish Empire.<\/p>\n\t<p class=\"translation-block\">In <strong>Seville<\/strong>, visitors will learn about the city's history from its early Phoenician settlers to the present day, including its historical significance since antiquity and the era of the emirate dependent on Damascus, the Caliphate of C\u00f3rdoba, the three stages of taifas, the conquests by the Almoravids and Almohads, and finally, the conquest by the Catholic Monarchs and the role of <strong>Seville<\/strong> in the overseas trade of the Spanish crown during the imperial period.<\/p>\n<p class=\"translation-block\">The visitor will immerse themselves in the streets of <strong>Seville<\/strong>, accompanied by an Official Tour Guide, to learn about the impact of different cultures on the formation of the Andalusian capital and their influence on the world from the 16th century.<\/p>\n<p class=\"translation-block\">During the trip, both <strong>Seville Cathedral<\/strong>, a spectacular temple that safeguards the <strong>remains of Christopher Columbus<\/strong>, and the <strong>Giralda<\/strong>, now integrated into the cathedral complex as a bell tower but originally built as the minaret of the city's <strong>Main Mosque<\/strong> in the 12th century during the Almohad period, will be visited.<\/p>\n<p>Visitors can wander through the streets and explore the many corners of incalculable historical value of a city that has been enriched by each unique culture that has passed through its lands over the centuries.<\/p>\n<h2>\n\t\tMeeting point\n\t<\/h2>\n\t<p><strong>Mariana Pineda Square<\/strong><\/p>\n\t<p>Do you need directions to get there?<\/p>\n\t\t\t<a href=\"#reserva\" target=\"_self\">\n\t\t\t\t\t\t\tBook &gt;\n\t\t\t\t\t<\/a>\n\t\t\t<a href=\"https:\/\/goo.gl\/maps\/S8LCwLLRQArti4X98\" target=\"_self\">\n\t\t\t\t\t\t\tSee map &gt;\n\t\t\t\t\t<\/a>\n<h2>\n\t\tWhat you will visit\n\t<\/h2>\n\t<ul>\n<li>Guided tour of the capital of the Almohad empire of Al-Andalus.<\/li>\n<li>Views of the Guadalquivir River.<\/li>\n<li>You will get to know the historic-artistic complex of Sevilla.<\/li>\n<\/ul>\n<h2>\n\t\tWhat is included in the visit\n\t<\/h2>\n\t<ul>\n<li aria-level=\"1\">Ticket to Seville Cathedral<\/li>\n<li aria-level=\"1\">Ticket to Giralda of Sevilla<\/li>\n<li aria-level=\"1\">Local Official Tourist Guide <\/li>\n<li aria-level=\"1\">Paper guide to enjoy your free time in the capital of Sevilla.<\/li>\n<\/ul>\n<h2>\n\t\tWhat the visit does not include\n\t<\/h2>\n\t<ul>\n<li aria-level=\"1\">Food and drink<\/li>\n<li aria-level=\"1\">Entrance fees to any other monument or monument complex not listed above<\/li>\n<\/ul>\n<h2>\n\t\tTambi\u00e9n puedes reservar nuestros otros servicios&#8230;\n\t<\/h2>\n\t<a href=\"https:\/\/walkingranada.com\/en\/what-to-do-in-granada\/flamenco\/\" target=\"_self\"><\/a>\t\t\t<img decoding=\"async\" loading=\"lazy\" alt=\"bailaora flamenca\" src=\"https:\/\/walkingranada.com\/wp-content\/uploads\/2022\/10\/Rectangle-42.png\"\/>\n\t\t<h3>Flamenco<\/h3>\n\t<a href=\"https:\/\/walkingranada.com\/en\/what-to-do-in-granada\/hammam-al-andalus\/\" target=\"_self\"><\/a>\t\t\t<img decoding=\"async\" loading=\"lazy\" alt=\"ba\u00f1os \u00e1rabes\" src=\"https:\/\/walkingranada.com\/wp-content\/uploads\/2022\/10\/Rectangle-43.png\"\/>\n\t\t<h3>Hammam <br \/>Al-\u00e1ndalus<\/h3>\n\t<a href=\"https:\/\/walkingranada.com\/en\/what-to-do-in-granada\/day-trips\/\" target=\"_self\"><\/a>\t\t\t<img decoding=\"async\" loading=\"lazy\" alt=\"mezquita de c\u00f3rdoba\" src=\"https:\/\/walkingranada.com\/wp-content\/uploads\/2022\/10\/Rectangle-45.png\"\/>\n\t\t<h3>Day <br \/>trips<\/h3>\n\t<a href=\"https:\/\/walkingranada.com\/en\/what-to-do-in-granada\/olfactory-route\/\" target=\"_self\"><\/a>\t\t\t<img decoding=\"async\" loading=\"lazy\" alt=\"imagen de una chica joven\" src=\"https:\/\/walkingranada.com\/wp-content\/uploads\/2022\/10\/Rectangle-38.png\"\/>\n\t\t<h3>Olfactory route<\/h3>","protected":false},"excerpt":{"rendered":"<p>Excursiones &gt; Sevilla Sevilla desde Granada La capital andaluza es sin duda alguna una ciudad cuya historia es a la vez parte de fundamental importancia en la historia no solo de Espa\u00f1a, sino tambi\u00e9n de latinoam\u00e9rica, siendo capital del comercio con el nuevo continente en la edad moderna y un puerto de capital relevancia para &#8230; <a title=\"Seville\" class=\"read-more\" href=\"https:\/\/walkingranada.com\/en\/que-hacer-en-granada\/excursiones\/sevilla\/\" aria-label=\"Read more about Sevilla\">Read more<\/a><\/p>","protected":false},"author":2,"featured_media":0,"parent":446,"menu_order":0,"comment_status":"closed","ping_status":"closed","template":"","meta":{"footnotes":""},"class_list":["post-452","page","type-page","status-publish"],"yoast_head":"<!-- This site is optimized with the Yoast SEO plugin v27.4 - https:\/\/yoast.com\/product\/yoast-seo-wordpress\/ -->\n<title>Visita Sevilla desde Granada - Walk in Granada<\/title>\n<meta name=\"description\" content=\"Descubre la capital hispalense y la ciudad m\u00e1s relevante de la pen\u00ednsula ib\u00e9rica durante el siglo XVI. Reserva tu plaza ahora.\" \/>\n<meta name=\"robots\" content=\"index, follow, max-snippet:-1, max-image-preview:large, max-video-preview:-1\" \/>\n<link rel=\"canonical\" href=\"https:\/\/walkingranada.com\/en\/what-to-do-in-granada\/day-trips\/sevilla\/\" \/>\n<meta property=\"og:locale\" content=\"en_GB\" \/>\n<meta property=\"og:type\" content=\"article\" \/>\n<meta property=\"og:title\" content=\"Visita Sevilla desde Granada - Walk in Granada\" \/>\n<meta property=\"og:description\" content=\"Descubre la capital hispalense y la ciudad m\u00e1s relevante de la pen\u00ednsula ib\u00e9rica durante el siglo XVI. Reserva tu plaza ahora.\" \/>\n<meta property=\"og:url\" content=\"https:\/\/walkingranada.com\/en\/what-to-do-in-granada\/day-trips\/sevilla\/\" \/>\n<meta property=\"og:site_name\" content=\"Walk in Granada\" \/>\n<meta property=\"article:publisher\" content=\"https:\/\/es-es.facebook.com\/walkingranadatour\/\" \/>\n<meta property=\"article:modified_time\" content=\"2025-04-01T14:35:47+00:00\" \/>\n<meta property=\"og:image\" content=\"https:\/\/walkingranada.com\/wp-content\/uploads\/2022\/12\/sevilla.jpg.webp\" \/>\n<meta name=\"twitter:card\" content=\"summary_large_image\" \/>\n<meta name=\"twitter:site\" content=\"@walkingranada\" \/>\n<meta name=\"twitter:label1\" content=\"Estimated reading time\" \/>\n\t<meta name=\"twitter:data1\" content=\"4 minutes\" \/>\n<script type=\"application\/ld+json\" class=\"yoast-schema-graph\">{\"@context\":\"https:\\\/\\\/schema.org\",\"@graph\":[{\"@type\":\"WebPage\",\"@id\":\"https:\\\/\\\/walkingranada.com\\\/que-hacer-en-granada\\\/excursiones\\\/sevilla\\\/\",\"url\":\"https:\\\/\\\/walkingranada.com\\\/que-hacer-en-granada\\\/excursiones\\\/sevilla\\\/\",\"name\":\"Visita Sevilla desde Granada - Walk in Granada\",\"isPartOf\":{\"@id\":\"https:\\\/\\\/walkingranada.com\\\/#website\"},\"primaryImageOfPage\":{\"@id\":\"https:\\\/\\\/walkingranada.com\\\/que-hacer-en-granada\\\/excursiones\\\/sevilla\\\/#primaryimage\"},\"image\":{\"@id\":\"https:\\\/\\\/walkingranada.com\\\/que-hacer-en-granada\\\/excursiones\\\/sevilla\\\/#primaryimage\"},\"thumbnailUrl\":\"https:\\\/\\\/walkingranada.com\\\/wp-content\\\/uploads\\\/2022\\\/12\\\/sevilla.jpg.webp\",\"datePublished\":\"2022-10-27T09:02:41+00:00\",\"dateModified\":\"2025-04-01T14:35:47+00:00\",\"description\":\"Descubre la capital hispalense y la ciudad m\u00e1s relevante de la pen\u00ednsula ib\u00e9rica durante el siglo XVI. Reserva tu plaza ahora.\",\"breadcrumb\":{\"@id\":\"https:\\\/\\\/walkingranada.com\\\/que-hacer-en-granada\\\/excursiones\\\/sevilla\\\/#breadcrumb\"},\"inLanguage\":\"en-GB\",\"potentialAction\":[{\"@type\":\"ReadAction\",\"target\":[\"https:\\\/\\\/walkingranada.com\\\/que-hacer-en-granada\\\/excursiones\\\/sevilla\\\/\"]}]},{\"@type\":\"ImageObject\",\"inLanguage\":\"en-GB\",\"@id\":\"https:\\\/\\\/walkingranada.com\\\/que-hacer-en-granada\\\/excursiones\\\/sevilla\\\/#primaryimage\",\"url\":\"https:\\\/\\\/walkingranada.com\\\/wp-content\\\/uploads\\\/2022\\\/12\\\/sevilla.jpg.webp\",\"contentUrl\":\"https:\\\/\\\/walkingranada.com\\\/wp-content\\\/uploads\\\/2022\\\/12\\\/sevilla.jpg.webp\"},{\"@type\":\"BreadcrumbList\",\"@id\":\"https:\\\/\\\/walkingranada.com\\\/que-hacer-en-granada\\\/excursiones\\\/sevilla\\\/#breadcrumb\",\"itemListElement\":[{\"@type\":\"ListItem\",\"position\":1,\"name\":\"Portada\",\"item\":\"https:\\\/\\\/walkingranada.com\\\/\"},{\"@type\":\"ListItem\",\"position\":2,\"name\":\"Qu\u00e9 hacer en granada\",\"item\":\"https:\\\/\\\/walkingranada.com\\\/que-hacer-en-granada\\\/\"},{\"@type\":\"ListItem\",\"position\":3,\"name\":\"Excursiones de un d\u00eda\",\"item\":\"https:\\\/\\\/walkingranada.com\\\/que-hacer-en-granada\\\/excursiones\\\/\"},{\"@type\":\"ListItem\",\"position\":4,\"name\":\"Sevilla\"}]},{\"@type\":\"WebSite\",\"@id\":\"https:\\\/\\\/walkingranada.com\\\/#website\",\"url\":\"https:\\\/\\\/walkingranada.com\\\/\",\"name\":\"Walk in Granada\",\"description\":\"Turismo responsable\",\"publisher\":{\"@id\":\"https:\\\/\\\/walkingranada.com\\\/#organization\"},\"alternateName\":\"Walk in Granada\",\"potentialAction\":[{\"@type\":\"SearchAction\",\"target\":{\"@type\":\"EntryPoint\",\"urlTemplate\":\"https:\\\/\\\/walkingranada.com\\\/?s={search_term_string}\"},\"query-input\":{\"@type\":\"PropertyValueSpecification\",\"valueRequired\":true,\"valueName\":\"search_term_string\"}}],\"inLanguage\":\"en-GB\"},{\"@type\":\"Organization\",\"@id\":\"https:\\\/\\\/walkingranada.com\\\/#organization\",\"name\":\"Walk In Granada\",\"alternateName\":\"Walk In Granada\",\"url\":\"https:\\\/\\\/walkingranada.com\\\/\",\"logo\":{\"@type\":\"ImageObject\",\"inLanguage\":\"en-GB\",\"@id\":\"https:\\\/\\\/walkingranada.com\\\/#\\\/schema\\\/logo\\\/image\\\/\",\"url\":\"https:\\\/\\\/walkingranada.com\\\/wp-content\\\/uploads\\\/2022\\\/12\\\/Logo-Walking.webp\",\"contentUrl\":\"https:\\\/\\\/walkingranada.com\\\/wp-content\\\/uploads\\\/2022\\\/12\\\/Logo-Walking.webp\",\"width\":512,\"height\":512,\"caption\":\"Walk In Granada\"},\"image\":{\"@id\":\"https:\\\/\\\/walkingranada.com\\\/#\\\/schema\\\/logo\\\/image\\\/\"},\"sameAs\":[\"https:\\\/\\\/es-es.facebook.com\\\/walkingranadatour\\\/\",\"https:\\\/\\\/x.com\\\/walkingranada\",\"https:\\\/\\\/www.instagram.com\\\/walkingranada\\\/\"]}]}<\/script>\n<!-- \/ Yoast SEO plugin. -->","yoast_head_json":{"title":"Visit Seville from Granada - Walk in Granada","description":"Discover the capital of Andalusia and the most relevant city in the Iberian Peninsula during the 16th century. Book your spot now.","robots":{"index":"index","follow":"follow","max-snippet":"max-snippet:-1","max-image-preview":"max-image-preview:large","max-video-preview":"max-video-preview:-1"},"canonical":"https:\/\/walkingranada.com\/en\/what-to-do-in-granada\/day-trips\/sevilla\/","og_locale":"en_GB","og_type":"article","og_title":"Visita Sevilla desde Granada - Walk in Granada","og_description":"Descubre la capital hispalense y la ciudad m\u00e1s relevante de la pen\u00ednsula ib\u00e9rica durante el siglo XVI. Reserva tu plaza ahora.","og_url":"https:\/\/walkingranada.com\/en\/what-to-do-in-granada\/day-trips\/sevilla\/","og_site_name":"Walk in Granada","article_publisher":"https:\/\/es-es.facebook.com\/walkingranadatour\/","article_modified_time":"2025-04-01T14:35:47+00:00","og_image":[{"url":"https:\/\/walkingranada.com\/wp-content\/uploads\/2022\/12\/sevilla.jpg.webp","type":"","width":"","height":""}],"twitter_card":"summary_large_image","twitter_site":"@walkingranada","twitter_misc":{"Estimated reading time":"4 minutes"},"schema":{"@context":"https:\/\/schema.org","@graph":[{"@type":"WebPage","@id":"https:\/\/walkingranada.com\/que-hacer-en-granada\/excursiones\/sevilla\/","url":"https:\/\/walkingranada.com\/que-hacer-en-granada\/excursiones\/sevilla\/","name":"Visit Seville from Granada - Walk in Granada","isPartOf":{"@id":"https:\/\/walkingranada.com\/#website"},"primaryImageOfPage":{"@id":"https:\/\/walkingranada.com\/que-hacer-en-granada\/excursiones\/sevilla\/#primaryimage"},"image":{"@id":"https:\/\/walkingranada.com\/que-hacer-en-granada\/excursiones\/sevilla\/#primaryimage"},"thumbnailUrl":"https:\/\/walkingranada.com\/wp-content\/uploads\/2022\/12\/sevilla.jpg.webp","datePublished":"2022-10-27T09:02:41+00:00","dateModified":"2025-04-01T14:35:47+00:00","description":"Discover the capital of Andalusia and the most relevant city in the Iberian Peninsula during the 16th century. Book your spot now.","breadcrumb":{"@id":"https:\/\/walkingranada.com\/que-hacer-en-granada\/excursiones\/sevilla\/#breadcrumb"},"inLanguage":"en-GB","potentialAction":[{"@type":"ReadAction","target":["https:\/\/walkingranada.com\/que-hacer-en-granada\/excursiones\/sevilla\/"]}]},{"@type":"ImageObject","inLanguage":"en-GB","@id":"https:\/\/walkingranada.com\/que-hacer-en-granada\/excursiones\/sevilla\/#primaryimage","url":"https:\/\/walkingranada.com\/wp-content\/uploads\/2022\/12\/sevilla.jpg.webp","contentUrl":"https:\/\/walkingranada.com\/wp-content\/uploads\/2022\/12\/sevilla.jpg.webp"},{"@type":"BreadcrumbList","@id":"https:\/\/walkingranada.com\/que-hacer-en-granada\/excursiones\/sevilla\/#breadcrumb","itemListElement":[{"@type":"ListItem","position":1,"name":"Portada","item":"https:\/\/walkingranada.com\/"},{"@type":"ListItem","position":2,"name":"Qu\u00e9 hacer en granada","item":"https:\/\/walkingranada.com\/que-hacer-en-granada\/"},{"@type":"ListItem","position":3,"name":"Excursiones de un d\u00eda","item":"https:\/\/walkingranada.com\/que-hacer-en-granada\/excursiones\/"},{"@type":"ListItem","position":4,"name":"Sevilla"}]},{"@type":"WebSite","@id":"https:\/\/walkingranada.com\/#website","url":"https:\/\/walkingranada.com\/","name":"Walk in Granada","description":"Turismo responsable","publisher":{"@id":"https:\/\/walkingranada.com\/#organization"},"alternateName":"Walk in Granada","potentialAction":[{"@type":"SearchAction","target":{"@type":"EntryPoint","urlTemplate":"https:\/\/walkingranada.com\/?s={search_term_string}"},"query-input":{"@type":"PropertyValueSpecification","valueRequired":true,"valueName":"search_term_string"}}],"inLanguage":"en-GB"},{"@type":"Organization","@id":"https:\/\/walkingranada.com\/#organization","name":"Walk In Granada","alternateName":"Walk In Granada","url":"https:\/\/walkingranada.com\/","logo":{"@type":"ImageObject","inLanguage":"en-GB","@id":"https:\/\/walkingranada.com\/#\/schema\/logo\/image\/","url":"https:\/\/walkingranada.com\/wp-content\/uploads\/2022\/12\/Logo-Walking.webp","contentUrl":"https:\/\/walkingranada.com\/wp-content\/uploads\/2022\/12\/Logo-Walking.webp","width":512,"height":512,"caption":"Walk In Granada"},"image":{"@id":"https:\/\/walkingranada.com\/#\/schema\/logo\/image\/"},"sameAs":["https:\/\/es-es.facebook.com\/walkingranadatour\/","https:\/\/x.com\/walkingranada","https:\/\/www.instagram.com\/walkingranada\/"]}]}},"_links":{"self":[{"href":"https:\/\/walkingranada.com\/en\/wp-json\/wp\/v2\/pages\/452","targetHints":{"allow":["GET"]}}],"collection":[{"href":"https:\/\/walkingranada.com\/en\/wp-json\/wp\/v2\/pages"}],"about":[{"href":"https:\/\/walkingranada.com\/en\/wp-json\/wp\/v2\/types\/page"}],"author":[{"embeddable":true,"href":"https:\/\/walkingranada.com\/en\/wp-json\/wp\/v2\/users\/2"}],"replies":[{"embeddable":true,"href":"https:\/\/walkingranada.com\/en\/wp-json\/wp\/v2\/comments?post=452"}],"version-history":[{"count":3,"href":"https:\/\/walkingranada.com\/en\/wp-json\/wp\/v2\/pages\/452\/revisions"}],"predecessor-version":[{"id":6810,"href":"https:\/\/walkingranada.com\/en\/wp-json\/wp\/v2\/pages\/452\/revisions\/6810"}],"up":[{"embeddable":true,"href":"https:\/\/walkingranada.com\/en\/wp-json\/wp\/v2\/pages\/446"}],"wp:attachment":[{"href":"https:\/\/walkingranada.com\/en\/wp-json\/wp\/v2\/media?parent=452"}],"curies":[{"name":"wp","href":"https:\/\/api.w.org\/{rel}","templated":true}]}}