{"id":450,"date":"2022-10-27T09:02:26","date_gmt":"2022-10-27T09:02:26","guid":{"rendered":"https:\/\/factum-omibu.es\/walkin\/?page_id=450"},"modified":"2025-07-30T12:26:51","modified_gmt":"2025-07-30T12:26:51","slug":"antequera-torcal","status":"publish","type":"page","link":"https:\/\/walkingranada.com\/en\/que-hacer-en-granada\/excursiones\/antequera-torcal\/","title":{"rendered":"Antequera &#038; Torcal"},"content":{"rendered":"<p>Day Trips &gt; Antequera and Torcal<\/p>\r\n\t<!-- FareHarbor calendar of item #180668 -->\r\n<h1>\r\n\t\tGuided visit to the Antequera and Torcal\r\n\t<\/h1>\r\n\t<p>Antequera is the centre of Andalusia and a city of international tourist interest. It was declared a UNESCO World Heritage Site in 2016 and is of major importance in the megalithic culture of southern Spain.<\/p>\r\n<p class=\"translation-block\"><strong>This is a small group excursion. If you want to take this tour in a private format, you can make the request through our <\/strong><span class=\"red\"><a href=\"https:\/\/walkingranada.com\/en\/customized-tours\/\" target=\"_self\"> <strong class=\"red\">customized tours<\/strong><\/a><\/span> <strong>section.<\/strong><\/p>\r\n<h2>\r\n\t\tExcursion to Antequera and the Torcal from Granada\r\n\t<\/h2>\r\n\t\t\t\t<img decoding=\"async\" loading=\"lazy\" src=\"https:\/\/walkingranada.com\/wp-content\/uploads\/2022\/12\/antequera-y-el-torcal.jpg.webp\" alt=\"antequera y el torcal\" itemprop=\"image\" height=\"526\" width=\"1000\" title=\"antequera y el torcal\" onerror=\"this.style.display='none'\"  \/>\r\n\t<p>Con esta excursi\u00f3n podr\u00e1s visitar desde Grabad, La \u00ab<strong>Ciudad de las Iglesias<\/strong>\u00ab, como es conocida <strong>Antequera<\/strong>. El municipio aglutina un vasto patrimonio monumental e hist\u00f3rico-art\u00edstico con vestigios desde el megal\u00edtico hasta la edad contempor\u00e1nea y con elementos de inter\u00e9s de cada etapa hist\u00f3rica; los d\u00f3lmenes, las villas romanas, la impresionante <strong>alcazaba musulmana medieval<\/strong>, la <strong>Church of Santa Maria<\/strong> de corte renacentista temprano o los numerosos templos barrocos con los que cuenta la ciudad.<\/p>\r\n\t<p class=\"translation-block\">The nickname \"City of Churches\" is given to <strong>Antequera<\/strong> due to its 33 temples, making it the Spanish municipality with the most churches per inhabitant.<\/p>\r\n<p class=\"translation-block\">The tour departing from Granada makes its first stop in the city of <strong>Antequera<\/strong>, just 1.20 hours from the center of the Granada capital. In the city, you will explore its streets and make a stop at <strong>La Colegiata de Santa Mar\u00eda<\/strong>, from which you can enjoy an impressive view of <strong>Antequera<\/strong>. Visitors will continue exploring the city and can enjoy the <strong>Roman Archaeological Site<\/strong>, as well as the <strong>Arab Fortress<\/strong>.<\/p>\r\n<p class=\"translation-block\">Entering the natural surroundings near <strong>Antequera<\/strong>, visitors will reach the <strong>Site of the Dolmens of Antequera<\/strong>. A natural space composed of the <strong>Dolmens of Viera, Menga, and the Tholos de El Romeral<\/strong>, as well as the natural areas of <strong>Lovers\u2019 Rock and El Torcal<\/strong>.<\/p>\r\n<p class=\"translation-block\">The visitor will be able to enjoy the natural surroundings of <strong>La Pe\u00f1a<\/strong> and venture into the heart of <strong>El Torcal<\/strong>, a karstic landscape declared a World Heritage Site. They can visit the various dolmens in this area and explore one of the greatest examples of megalithism in Europe. Additionally, they can visit Paleolithic and Neolithic settlements in the region.<\/p>\r\n<h2>\r\n\t\tMeeting point\r\n\t<\/h2>\r\n\t<p><strong>Mariana Pineda Square<\/strong><\/p>\r\n\t<p>Do you need directions to get there?<\/p>\r\n\t\t\t<a href=\"#reserva\" target=\"_self\">\r\n\t\t\t\t\t\t\tBook &gt;\r\n\t\t\t\t\t<\/a>\r\n\t\t\t<a href=\"https:\/\/goo.gl\/maps\/S8LCwLLRQArti4X98\" target=\"_self\">\r\n\t\t\t\t\t\t\tSee map &gt;\r\n\t\t\t\t\t<\/a>\r\n<h2>\r\n\t\tWhat you will visit\r\n\t<\/h2>\r\n\t<ul>\r\n<li>Natural site of the Torcal of Antequera<\/li>\r\n<li>Palaeolithic settlements<\/li>\r\n<li>Antequera Views of the Collegiate<\/li>\r\n<li>Church of Santa Maria<\/li>\r\n<\/ul>\r\n<h2>\r\n\t\tWhat is included in the visit\r\n\t<\/h2>\r\n\t<ul>\r\n<li aria-level=\"1\">Specialised Mountain Guide<\/li>\r\n<li aria-level=\"1\">Guided visit to the Torcal and Palaeolithic settlements<\/li>\r\n<li aria-level=\"1\">Transport from the centre of Granada and back<\/li>\r\n<\/ul>\r\n<h2>\r\n\t\tWhat the visit does not include\r\n\t<\/h2>\r\n\t<ul>\r\n<li aria-level=\"1\">Food and drink<\/li>\r\n<\/ul>\r\n<h2>\r\n\t\tOther considerations\r\n\t<\/h2>\r\n\t<p>The route includes sections of moderate hiking as it enters the Torcal de Antequera and the route of the dolmens and settlements. For this reason we recommend that people with reduced mobility or children under 10 years of age do not attend.<\/p>\r\n<h2>\r\n\t\tTambi\u00e9n puedes reservar nuestros otros servicios&#8230;\r\n\t<\/h2>\r\n\t<a href=\"https:\/\/walkingranada.com\/en\/what-to-do-in-granada\/flamenco\/\" target=\"_self\"><\/a>\t\t\t<img decoding=\"async\" loading=\"lazy\" alt=\"bailaora flamenca\" src=\"https:\/\/walkingranada.com\/wp-content\/uploads\/2022\/10\/Rectangle-42.png\"\/>\r\n\t\t<h3>Flamenco<\/h3>\r\n\t<a href=\"https:\/\/walkingranada.com\/en\/what-to-do-in-granada\/hammam-al-andalus\/\" target=\"_self\"><\/a>\t\t\t<img decoding=\"async\" loading=\"lazy\" alt=\"ba\u00f1os \u00e1rabes\" src=\"https:\/\/walkingranada.com\/wp-content\/uploads\/2022\/10\/Rectangle-43.png\"\/>\r\n\t\t<h3>Hammam <br \/>Al-\u00e1ndalus<\/h3>\r\n\t<a href=\"https:\/\/walkingranada.com\/en\/what-to-do-in-granada\/day-trips\/\" target=\"_self\"><\/a>\t\t\t<img decoding=\"async\" loading=\"lazy\" alt=\"mezquita de c\u00f3rdoba\" src=\"https:\/\/walkingranada.com\/wp-content\/uploads\/2022\/10\/Rectangle-45.png\"\/>\r\n\t\t<h3>Day <br \/>trips<\/h3>\r\n\t<a href=\"https:\/\/walkingranada.com\/en\/what-to-do-in-granada\/olfactory-route\/\" target=\"_self\"><\/a>\t\t\t<img decoding=\"async\" loading=\"lazy\" alt=\"imagen de una chica joven\" src=\"https:\/\/walkingranada.com\/wp-content\/uploads\/2022\/10\/Rectangle-38.png\"\/>\r\n\t\t<h3>Olfactory route<\/h3>","protected":false},"excerpt":{"rendered":"<p>Excursiones &gt; Antequera y el Torcal Visita guiada a Antequera y el Torcal Antequera es el centro de Andaluc\u00eda y una ciudad de un inter\u00e9s tur\u00edstico internacional. Declarada Patrimonio Mundial por la UNESCO en 2016 con una relevancia capital en la cultura megal\u00edtica del sur de Espa\u00f1a. Esta es una excursi\u00f3n en grupo reducido. Si &#8230; <a title=\"Antequera &#038; Torcal\" class=\"read-more\" href=\"https:\/\/walkingranada.com\/en\/que-hacer-en-granada\/excursiones\/antequera-torcal\/\" aria-label=\"Read more about Antequera &#038; Torcal\">Read more<\/a><\/p>","protected":false},"author":2,"featured_media":0,"parent":446,"menu_order":0,"comment_status":"closed","ping_status":"closed","template":"","meta":{"footnotes":""},"class_list":["post-450","page","type-page","status-publish"],"yoast_head":"<!-- This site is optimized with the Yoast SEO plugin v27.5 - https:\/\/yoast.com\/product\/yoast-seo-wordpress\/ -->\n<title>Antequera y Torcal - Walk in Granada<\/title>\n<meta name=\"description\" content=\"Descubre Antequera y el Torcal desde Granada en una visita sobre uno de los conjuntos paleol\u00edticos m\u00e1s antiguos del mundo.\" \/>\n<meta name=\"robots\" content=\"index, follow, max-snippet:-1, max-image-preview:large, max-video-preview:-1\" \/>\n<link rel=\"canonical\" href=\"https:\/\/walkingranada.com\/en\/what-to-do-in-granada\/day-trips\/antequera-torcal\/\" \/>\n<meta property=\"og:locale\" content=\"en_GB\" \/>\n<meta property=\"og:type\" content=\"article\" \/>\n<meta property=\"og:title\" content=\"Antequera y Torcal - Walk in Granada\" \/>\n<meta property=\"og:description\" content=\"Descubre Antequera y el Torcal desde Granada en una visita sobre uno de los conjuntos paleol\u00edticos m\u00e1s antiguos del mundo.\" \/>\n<meta property=\"og:url\" content=\"https:\/\/walkingranada.com\/en\/what-to-do-in-granada\/day-trips\/antequera-torcal\/\" \/>\n<meta property=\"og:site_name\" content=\"Walk in Granada\" \/>\n<meta property=\"article:publisher\" content=\"https:\/\/es-es.facebook.com\/walkingranadatour\/\" \/>\n<meta property=\"article:modified_time\" content=\"2025-07-30T12:26:51+00:00\" \/>\n<meta property=\"og:image\" content=\"https:\/\/walkingranada.com\/wp-content\/uploads\/2022\/12\/antequera-y-el-torcal.jpg.webp\" \/>\n<meta name=\"twitter:card\" content=\"summary_large_image\" \/>\n<meta name=\"twitter:site\" content=\"@walkingranada\" \/>\n<meta name=\"twitter:label1\" content=\"Estimated reading time\" \/>\n\t<meta name=\"twitter:data1\" content=\"4 minutes\" \/>\n<script type=\"application\/ld+json\" class=\"yoast-schema-graph\">{\"@context\":\"https:\\\/\\\/schema.org\",\"@graph\":[{\"@type\":\"WebPage\",\"@id\":\"https:\\\/\\\/walkingranada.com\\\/que-hacer-en-granada\\\/excursiones\\\/antequera-torcal\\\/\",\"url\":\"https:\\\/\\\/walkingranada.com\\\/que-hacer-en-granada\\\/excursiones\\\/antequera-torcal\\\/\",\"name\":\"Antequera y Torcal - Walk in Granada\",\"isPartOf\":{\"@id\":\"https:\\\/\\\/walkingranada.com\\\/#website\"},\"primaryImageOfPage\":{\"@id\":\"https:\\\/\\\/walkingranada.com\\\/que-hacer-en-granada\\\/excursiones\\\/antequera-torcal\\\/#primaryimage\"},\"image\":{\"@id\":\"https:\\\/\\\/walkingranada.com\\\/que-hacer-en-granada\\\/excursiones\\\/antequera-torcal\\\/#primaryimage\"},\"thumbnailUrl\":\"https:\\\/\\\/walkingranada.com\\\/wp-content\\\/uploads\\\/2022\\\/12\\\/antequera-y-el-torcal.jpg.webp\",\"datePublished\":\"2022-10-27T09:02:26+00:00\",\"dateModified\":\"2025-07-30T12:26:51+00:00\",\"description\":\"Descubre Antequera y el Torcal desde Granada en una visita sobre uno de los conjuntos paleol\u00edticos m\u00e1s antiguos del mundo.\",\"breadcrumb\":{\"@id\":\"https:\\\/\\\/walkingranada.com\\\/que-hacer-en-granada\\\/excursiones\\\/antequera-torcal\\\/#breadcrumb\"},\"inLanguage\":\"en-GB\",\"potentialAction\":[{\"@type\":\"ReadAction\",\"target\":[\"https:\\\/\\\/walkingranada.com\\\/que-hacer-en-granada\\\/excursiones\\\/antequera-torcal\\\/\"]}]},{\"@type\":\"ImageObject\",\"inLanguage\":\"en-GB\",\"@id\":\"https:\\\/\\\/walkingranada.com\\\/que-hacer-en-granada\\\/excursiones\\\/antequera-torcal\\\/#primaryimage\",\"url\":\"https:\\\/\\\/walkingranada.com\\\/wp-content\\\/uploads\\\/2022\\\/12\\\/antequera-y-el-torcal.jpg.webp\",\"contentUrl\":\"https:\\\/\\\/walkingranada.com\\\/wp-content\\\/uploads\\\/2022\\\/12\\\/antequera-y-el-torcal.jpg.webp\"},{\"@type\":\"BreadcrumbList\",\"@id\":\"https:\\\/\\\/walkingranada.com\\\/que-hacer-en-granada\\\/excursiones\\\/antequera-torcal\\\/#breadcrumb\",\"itemListElement\":[{\"@type\":\"ListItem\",\"position\":1,\"name\":\"Portada\",\"item\":\"https:\\\/\\\/walkingranada.com\\\/\"},{\"@type\":\"ListItem\",\"position\":2,\"name\":\"Qu\u00e9 hacer en granada\",\"item\":\"https:\\\/\\\/walkingranada.com\\\/que-hacer-en-granada\\\/\"},{\"@type\":\"ListItem\",\"position\":3,\"name\":\"Excursiones de un d\u00eda\",\"item\":\"https:\\\/\\\/walkingranada.com\\\/que-hacer-en-granada\\\/excursiones\\\/\"},{\"@type\":\"ListItem\",\"position\":4,\"name\":\"Antequera &#038; Torcal\"}]},{\"@type\":\"WebSite\",\"@id\":\"https:\\\/\\\/walkingranada.com\\\/#website\",\"url\":\"https:\\\/\\\/walkingranada.com\\\/\",\"name\":\"Walk in Granada\",\"description\":\"Turismo responsable\",\"publisher\":{\"@id\":\"https:\\\/\\\/walkingranada.com\\\/#organization\"},\"alternateName\":\"Walk in Granada\",\"potentialAction\":[{\"@type\":\"SearchAction\",\"target\":{\"@type\":\"EntryPoint\",\"urlTemplate\":\"https:\\\/\\\/walkingranada.com\\\/?s={search_term_string}\"},\"query-input\":{\"@type\":\"PropertyValueSpecification\",\"valueRequired\":true,\"valueName\":\"search_term_string\"}}],\"inLanguage\":\"en-GB\"},{\"@type\":\"Organization\",\"@id\":\"https:\\\/\\\/walkingranada.com\\\/#organization\",\"name\":\"Walk In Granada\",\"alternateName\":\"Walk In Granada\",\"url\":\"https:\\\/\\\/walkingranada.com\\\/\",\"logo\":{\"@type\":\"ImageObject\",\"inLanguage\":\"en-GB\",\"@id\":\"https:\\\/\\\/walkingranada.com\\\/#\\\/schema\\\/logo\\\/image\\\/\",\"url\":\"https:\\\/\\\/walkingranada.com\\\/wp-content\\\/uploads\\\/2022\\\/12\\\/Logo-Walking.webp\",\"contentUrl\":\"https:\\\/\\\/walkingranada.com\\\/wp-content\\\/uploads\\\/2022\\\/12\\\/Logo-Walking.webp\",\"width\":512,\"height\":512,\"caption\":\"Walk In Granada\"},\"image\":{\"@id\":\"https:\\\/\\\/walkingranada.com\\\/#\\\/schema\\\/logo\\\/image\\\/\"},\"sameAs\":[\"https:\\\/\\\/es-es.facebook.com\\\/walkingranadatour\\\/\",\"https:\\\/\\\/x.com\\\/walkingranada\",\"https:\\\/\\\/www.instagram.com\\\/walkingranada\\\/\"]}]}<\/script>\n<!-- \/ Yoast SEO plugin. -->","yoast_head_json":{"title":"Antequera and Torcal - Walk in Granada","description":"Discover Antequera and Torcal from Granada on a visit to one of the oldest Paleolithic sites in the world.","robots":{"index":"index","follow":"follow","max-snippet":"max-snippet:-1","max-image-preview":"max-image-preview:large","max-video-preview":"max-video-preview:-1"},"canonical":"https:\/\/walkingranada.com\/en\/what-to-do-in-granada\/day-trips\/antequera-torcal\/","og_locale":"en_GB","og_type":"article","og_title":"Antequera y Torcal - Walk in Granada","og_description":"Descubre Antequera y el Torcal desde Granada en una visita sobre uno de los conjuntos paleol\u00edticos m\u00e1s antiguos del mundo.","og_url":"https:\/\/walkingranada.com\/en\/what-to-do-in-granada\/day-trips\/antequera-torcal\/","og_site_name":"Walk in Granada","article_publisher":"https:\/\/es-es.facebook.com\/walkingranadatour\/","article_modified_time":"2025-07-30T12:26:51+00:00","og_image":[{"url":"https:\/\/walkingranada.com\/wp-content\/uploads\/2022\/12\/antequera-y-el-torcal.jpg.webp","type":"","width":"","height":""}],"twitter_card":"summary_large_image","twitter_site":"@walkingranada","twitter_misc":{"Estimated reading time":"4 minutes"},"schema":{"@context":"https:\/\/schema.org","@graph":[{"@type":"WebPage","@id":"https:\/\/walkingranada.com\/que-hacer-en-granada\/excursiones\/antequera-torcal\/","url":"https:\/\/walkingranada.com\/que-hacer-en-granada\/excursiones\/antequera-torcal\/","name":"Antequera and Torcal - Walk in Granada","isPartOf":{"@id":"https:\/\/walkingranada.com\/#website"},"primaryImageOfPage":{"@id":"https:\/\/walkingranada.com\/que-hacer-en-granada\/excursiones\/antequera-torcal\/#primaryimage"},"image":{"@id":"https:\/\/walkingranada.com\/que-hacer-en-granada\/excursiones\/antequera-torcal\/#primaryimage"},"thumbnailUrl":"https:\/\/walkingranada.com\/wp-content\/uploads\/2022\/12\/antequera-y-el-torcal.jpg.webp","datePublished":"2022-10-27T09:02:26+00:00","dateModified":"2025-07-30T12:26:51+00:00","description":"Discover Antequera and Torcal from Granada on a visit to one of the oldest Paleolithic sites in the world.","breadcrumb":{"@id":"https:\/\/walkingranada.com\/que-hacer-en-granada\/excursiones\/antequera-torcal\/#breadcrumb"},"inLanguage":"en-GB","potentialAction":[{"@type":"ReadAction","target":["https:\/\/walkingranada.com\/que-hacer-en-granada\/excursiones\/antequera-torcal\/"]}]},{"@type":"ImageObject","inLanguage":"en-GB","@id":"https:\/\/walkingranada.com\/que-hacer-en-granada\/excursiones\/antequera-torcal\/#primaryimage","url":"https:\/\/walkingranada.com\/wp-content\/uploads\/2022\/12\/antequera-y-el-torcal.jpg.webp","contentUrl":"https:\/\/walkingranada.com\/wp-content\/uploads\/2022\/12\/antequera-y-el-torcal.jpg.webp"},{"@type":"BreadcrumbList","@id":"https:\/\/walkingranada.com\/que-hacer-en-granada\/excursiones\/antequera-torcal\/#breadcrumb","itemListElement":[{"@type":"ListItem","position":1,"name":"Portada","item":"https:\/\/walkingranada.com\/"},{"@type":"ListItem","position":2,"name":"Qu\u00e9 hacer en granada","item":"https:\/\/walkingranada.com\/que-hacer-en-granada\/"},{"@type":"ListItem","position":3,"name":"Excursiones de un d\u00eda","item":"https:\/\/walkingranada.com\/que-hacer-en-granada\/excursiones\/"},{"@type":"ListItem","position":4,"name":"Antequera &#038; Torcal"}]},{"@type":"WebSite","@id":"https:\/\/walkingranada.com\/#website","url":"https:\/\/walkingranada.com\/","name":"Walk in Granada","description":"Turismo responsable","publisher":{"@id":"https:\/\/walkingranada.com\/#organization"},"alternateName":"Walk in Granada","potentialAction":[{"@type":"SearchAction","target":{"@type":"EntryPoint","urlTemplate":"https:\/\/walkingranada.com\/?s={search_term_string}"},"query-input":{"@type":"PropertyValueSpecification","valueRequired":true,"valueName":"search_term_string"}}],"inLanguage":"en-GB"},{"@type":"Organization","@id":"https:\/\/walkingranada.com\/#organization","name":"Walk In Granada","alternateName":"Walk In Granada","url":"https:\/\/walkingranada.com\/","logo":{"@type":"ImageObject","inLanguage":"en-GB","@id":"https:\/\/walkingranada.com\/#\/schema\/logo\/image\/","url":"https:\/\/walkingranada.com\/wp-content\/uploads\/2022\/12\/Logo-Walking.webp","contentUrl":"https:\/\/walkingranada.com\/wp-content\/uploads\/2022\/12\/Logo-Walking.webp","width":512,"height":512,"caption":"Walk In Granada"},"image":{"@id":"https:\/\/walkingranada.com\/#\/schema\/logo\/image\/"},"sameAs":["https:\/\/es-es.facebook.com\/walkingranadatour\/","https:\/\/x.com\/walkingranada","https:\/\/www.instagram.com\/walkingranada\/"]}]}},"_links":{"self":[{"href":"https:\/\/walkingranada.com\/en\/wp-json\/wp\/v2\/pages\/450","targetHints":{"allow":["GET"]}}],"collection":[{"href":"https:\/\/walkingranada.com\/en\/wp-json\/wp\/v2\/pages"}],"about":[{"href":"https:\/\/walkingranada.com\/en\/wp-json\/wp\/v2\/types\/page"}],"author":[{"embeddable":true,"href":"https:\/\/walkingranada.com\/en\/wp-json\/wp\/v2\/users\/2"}],"replies":[{"embeddable":true,"href":"https:\/\/walkingranada.com\/en\/wp-json\/wp\/v2\/comments?post=450"}],"version-history":[{"count":5,"href":"https:\/\/walkingranada.com\/en\/wp-json\/wp\/v2\/pages\/450\/revisions"}],"predecessor-version":[{"id":6804,"href":"https:\/\/walkingranada.com\/en\/wp-json\/wp\/v2\/pages\/450\/revisions\/6804"}],"up":[{"embeddable":true,"href":"https:\/\/walkingranada.com\/en\/wp-json\/wp\/v2\/pages\/446"}],"wp:attachment":[{"href":"https:\/\/walkingranada.com\/en\/wp-json\/wp\/v2\/media?parent=450"}],"curies":[{"name":"wp","href":"https:\/\/api.w.org\/{rel}","templated":true}]}}