{"id":442,"date":"2022-10-27T09:01:08","date_gmt":"2022-10-27T09:01:08","guid":{"rendered":"https:\/\/factum-omibu.es\/walkin\/?page_id=442"},"modified":"2023-04-24T07:32:33","modified_gmt":"2023-04-24T07:32:33","slug":"gastronomic-routes","status":"publish","type":"page","link":"https:\/\/walkingranada.com\/en\/que-hacer-en-granada\/rutas-gastronomicas\/","title":{"rendered":"Gastronomic routes"},"content":{"rendered":"<p>WHAT TO DO IN GRANADA &gt; GASTRONOMIC TOURS<\/p>\n<h1>\n\t\tGastronomic routes\n\t<\/h1>\n<h2>\n\t\tUna experiencia de sabores \u00fanica &#8230;\n\t<\/h2>\n<h3>\n\t\tGranada is a party for the senses, with lots to see, do and eat!\n\t<\/h3>\n\t<p>The rich history and culture of the city have influenced its cuisine, which we will share with you during a delicious and authentic tapas tour. We will taste the most traditional food in Granada while learning about what makes this beautiful city unique.<\/p>\n<p>Over the course of three hours, your local guide who has a passion for all things Granada, will connect you with the culture of the city through its gastronomy. At the same time you will meet other food lovers while you partake in the most local of activities \u2013 going out for tapas.<\/p>\n\t <section>\n            <img decoding=\"async\" loading=\"lazy\" src=\"https:\/\/walkingranada.com\/wp-content\/uploads\/2023\/01\/Tour-Gastronomico-grupo.jpg.webp\" alt=\"Gastronomica Grupo\"\/>\n                <h3>Gastronomic group routes<\/h3>\n                <hr \/>\n                <p>This authentic gastronomic route offers you the opportunity to discover the city of Granada through the delicious Spanish cuisine. <\/p>\n                <hr \/>\n                    <p> Every day<\/p>\n                    <p> 19:30<\/p>\n                    <p> 3h<\/p>\n               From<p>65\u20ac<\/p>\/pax\n            <a href=\"https:\/\/walkingranada.com\/en\/what-to-do-in-granada\/gastronomic-routes\/gastronomic-route-in-groups\/\">Book now &gt;<\/a>\n            <img decoding=\"async\" loading=\"lazy\" src=\"https:\/\/walkingranada.com\/wp-content\/uploads\/2023\/01\/Tour-Gastronomico-privado.jpg.webp\" alt=\"Gastron\u00f3mica privado\"\/>\n                <h3>Private gastronomic route<\/h3>\n                <hr \/>\n                <p>This authentic gastronomic experience with a private guide offers you the opportunity to taste the best traditional food of Granada.<\/p>\n                <hr \/>\n                    <p> Every day<\/p>\n                    <p> According to availability<\/p>\n                    <p> 3h<\/p>\n                From<p>46\u20ac<\/p>\/pax\n            <a href=\"https:\/\/walkingranada.com\/en\/what-to-do-in-granada\/gastronomic-routes\/private-gastronomic-route\/\">Book now &gt;<\/a>\n    <\/section>\n<h2>\n\t\tTambi\u00e9n puedes reservar nuestros otros servicios&#8230;\n\t<\/h2>\n\t<a href=\"https:\/\/walkingranada.com\/en\/what-to-do-in-granada\/flamenco\/\" target=\"_self\" rel=\"noopener\"><\/a>\t\t\t<img decoding=\"async\" loading=\"lazy\" alt=\"bailaora flamenca\" src=\"https:\/\/walkingranada.com\/wp-content\/uploads\/2022\/10\/Rectangle-42.png\"\/>\n\t\t<h3>Flamenco<\/h3>\n\t<a href=\"https:\/\/walkingranada.com\/en\/what-to-do-in-granada\/hammam-al-andalus\/\" target=\"_self\" rel=\"noopener\"><\/a>\t\t\t<img decoding=\"async\" loading=\"lazy\" alt=\"ba\u00f1os \u00e1rabes\" src=\"https:\/\/walkingranada.com\/wp-content\/uploads\/2022\/10\/Rectangle-43.png\"\/>\n\t\t<h3>Hammam <br \/>Al-\u00e1ndalus<\/h3>\n\t<a href=\"https:\/\/walkingranada.com\/en\/what-to-do-in-granada\/day-trips\/\" target=\"_self\" rel=\"noopener\"><\/a>\t\t\t<img decoding=\"async\" loading=\"lazy\" alt=\"mezquita de c\u00f3rdoba\" src=\"https:\/\/walkingranada.com\/wp-content\/uploads\/2022\/10\/Rectangle-45.png\"\/>\n\t\t<h3>Day <br \/>trips<\/h3>\n\t<a href=\"https:\/\/walkingranada.com\/en\/what-to-do-in-granada\/olfactory-route\/\" target=\"_self\" rel=\"noopener\"><\/a>\t\t\t<img decoding=\"async\" loading=\"lazy\" alt=\"imagen de una chica joven\" src=\"https:\/\/walkingranada.com\/wp-content\/uploads\/2022\/10\/Rectangle-38.png\"\/>\n\t\t<h3>Olfactory route<\/h3>","protected":false},"excerpt":{"rendered":"<p>Qu\u00e9 hacer en Granada &gt; Rutas gastron\u00f3micas Rutas gastron\u00f3micas Una experiencia de sabores \u00fanica &#8230; \u00a1Granada es una fiesta para los sentidos, con mucho que ver, hacer y comer! La rica historia y cultura de la ciudad han influido en su cocina, que compartiremos contigo durante un delicioso y aut\u00e9ntico tour de tapas. Vamos a &#8230; <a title=\"Gastronomic routes\" class=\"read-more\" href=\"https:\/\/walkingranada.com\/en\/que-hacer-en-granada\/rutas-gastronomicas\/\" aria-label=\"Read more about Rutas gastron\u00f3micas\">Read more<\/a><\/p>","protected":false},"author":2,"featured_media":0,"parent":106,"menu_order":0,"comment_status":"closed","ping_status":"closed","template":"","meta":{"footnotes":""},"class_list":["post-442","page","type-page","status-publish"],"yoast_head":"<!-- This site is optimized with the Yoast SEO plugin v27.4 - https:\/\/yoast.com\/product\/yoast-seo-wordpress\/ -->\n<title>Rutas gastron\u00f3micas - Walk in Granada<\/title>\n<meta name=\"description\" content=\"Descubre la magia de la ciudad de la Alhambra con una de nuestras rutas gastron\u00f3micas por la ciudad. Saborea la esencia misma de Granada\" \/>\n<meta name=\"robots\" content=\"index, follow, max-snippet:-1, max-image-preview:large, max-video-preview:-1\" \/>\n<link rel=\"canonical\" href=\"https:\/\/walkingranada.com\/en\/what-to-do-in-granada\/gastronomic-routes\/\" \/>\n<meta property=\"og:locale\" content=\"en_GB\" \/>\n<meta property=\"og:type\" content=\"article\" \/>\n<meta property=\"og:title\" content=\"Rutas gastron\u00f3micas - Walk in Granada\" \/>\n<meta property=\"og:description\" content=\"Descubre la magia de la ciudad de la Alhambra con una de nuestras rutas gastron\u00f3micas por la ciudad. Saborea la esencia misma de Granada\" \/>\n<meta property=\"og:url\" content=\"https:\/\/walkingranada.com\/en\/what-to-do-in-granada\/gastronomic-routes\/\" \/>\n<meta property=\"og:site_name\" content=\"Walk in Granada\" \/>\n<meta property=\"article:publisher\" content=\"https:\/\/es-es.facebook.com\/walkingranadatour\/\" \/>\n<meta property=\"article:modified_time\" content=\"2023-04-24T07:32:33+00:00\" \/>\n<meta property=\"og:image\" content=\"https:\/\/walkingranada.com\/wp-content\/uploads\/2023\/01\/Tour-Gastronomico-grupo.jpg.webp\" \/>\n<meta name=\"twitter:card\" content=\"summary_large_image\" \/>\n<meta name=\"twitter:site\" content=\"@walkingranada\" \/>\n<meta name=\"twitter:label1\" content=\"Estimated reading time\" \/>\n\t<meta name=\"twitter:data1\" content=\"3 minutes\" \/>\n<script type=\"application\/ld+json\" class=\"yoast-schema-graph\">{\"@context\":\"https:\\\/\\\/schema.org\",\"@graph\":[{\"@type\":\"WebPage\",\"@id\":\"https:\\\/\\\/walkingranada.com\\\/que-hacer-en-granada\\\/rutas-gastronomicas\\\/\",\"url\":\"https:\\\/\\\/walkingranada.com\\\/que-hacer-en-granada\\\/rutas-gastronomicas\\\/\",\"name\":\"Rutas gastron\u00f3micas - Walk in Granada\",\"isPartOf\":{\"@id\":\"https:\\\/\\\/walkingranada.com\\\/#website\"},\"primaryImageOfPage\":{\"@id\":\"https:\\\/\\\/walkingranada.com\\\/que-hacer-en-granada\\\/rutas-gastronomicas\\\/#primaryimage\"},\"image\":{\"@id\":\"https:\\\/\\\/walkingranada.com\\\/que-hacer-en-granada\\\/rutas-gastronomicas\\\/#primaryimage\"},\"thumbnailUrl\":\"https:\\\/\\\/walkingranada.com\\\/wp-content\\\/uploads\\\/2023\\\/01\\\/Tour-Gastronomico-grupo.jpg.webp\",\"datePublished\":\"2022-10-27T09:01:08+00:00\",\"dateModified\":\"2023-04-24T07:32:33+00:00\",\"description\":\"Descubre la magia de la ciudad de la Alhambra con una de nuestras rutas gastron\u00f3micas por la ciudad. Saborea la esencia misma de Granada\",\"breadcrumb\":{\"@id\":\"https:\\\/\\\/walkingranada.com\\\/que-hacer-en-granada\\\/rutas-gastronomicas\\\/#breadcrumb\"},\"inLanguage\":\"en-GB\",\"potentialAction\":[{\"@type\":\"ReadAction\",\"target\":[\"https:\\\/\\\/walkingranada.com\\\/que-hacer-en-granada\\\/rutas-gastronomicas\\\/\"]}]},{\"@type\":\"ImageObject\",\"inLanguage\":\"en-GB\",\"@id\":\"https:\\\/\\\/walkingranada.com\\\/que-hacer-en-granada\\\/rutas-gastronomicas\\\/#primaryimage\",\"url\":\"https:\\\/\\\/walkingranada.com\\\/wp-content\\\/uploads\\\/2023\\\/01\\\/Tour-Gastronomico-grupo.jpg.webp\",\"contentUrl\":\"https:\\\/\\\/walkingranada.com\\\/wp-content\\\/uploads\\\/2023\\\/01\\\/Tour-Gastronomico-grupo.jpg.webp\"},{\"@type\":\"BreadcrumbList\",\"@id\":\"https:\\\/\\\/walkingranada.com\\\/que-hacer-en-granada\\\/rutas-gastronomicas\\\/#breadcrumb\",\"itemListElement\":[{\"@type\":\"ListItem\",\"position\":1,\"name\":\"Portada\",\"item\":\"https:\\\/\\\/walkingranada.com\\\/\"},{\"@type\":\"ListItem\",\"position\":2,\"name\":\"Qu\u00e9 hacer en granada\",\"item\":\"https:\\\/\\\/walkingranada.com\\\/que-hacer-en-granada\\\/\"},{\"@type\":\"ListItem\",\"position\":3,\"name\":\"Rutas gastron\u00f3micas\"}]},{\"@type\":\"WebSite\",\"@id\":\"https:\\\/\\\/walkingranada.com\\\/#website\",\"url\":\"https:\\\/\\\/walkingranada.com\\\/\",\"name\":\"Walk in Granada\",\"description\":\"Turismo responsable\",\"publisher\":{\"@id\":\"https:\\\/\\\/walkingranada.com\\\/#organization\"},\"alternateName\":\"Walk in Granada\",\"potentialAction\":[{\"@type\":\"SearchAction\",\"target\":{\"@type\":\"EntryPoint\",\"urlTemplate\":\"https:\\\/\\\/walkingranada.com\\\/?s={search_term_string}\"},\"query-input\":{\"@type\":\"PropertyValueSpecification\",\"valueRequired\":true,\"valueName\":\"search_term_string\"}}],\"inLanguage\":\"en-GB\"},{\"@type\":\"Organization\",\"@id\":\"https:\\\/\\\/walkingranada.com\\\/#organization\",\"name\":\"Walk In Granada\",\"alternateName\":\"Walk In Granada\",\"url\":\"https:\\\/\\\/walkingranada.com\\\/\",\"logo\":{\"@type\":\"ImageObject\",\"inLanguage\":\"en-GB\",\"@id\":\"https:\\\/\\\/walkingranada.com\\\/#\\\/schema\\\/logo\\\/image\\\/\",\"url\":\"https:\\\/\\\/walkingranada.com\\\/wp-content\\\/uploads\\\/2022\\\/12\\\/Logo-Walking.webp\",\"contentUrl\":\"https:\\\/\\\/walkingranada.com\\\/wp-content\\\/uploads\\\/2022\\\/12\\\/Logo-Walking.webp\",\"width\":512,\"height\":512,\"caption\":\"Walk In Granada\"},\"image\":{\"@id\":\"https:\\\/\\\/walkingranada.com\\\/#\\\/schema\\\/logo\\\/image\\\/\"},\"sameAs\":[\"https:\\\/\\\/es-es.facebook.com\\\/walkingranadatour\\\/\",\"https:\\\/\\\/x.com\\\/walkingranada\",\"https:\\\/\\\/www.instagram.com\\\/walkingranada\\\/\"]}]}<\/script>\n<!-- \/ Yoast SEO plugin. -->","yoast_head_json":{"title":"Gastronomic Tours - Walk in Granada","description":"Discover the magic of the Alhambra city with one of our gastronomic tours through the city. Taste the essence of Granada.","robots":{"index":"index","follow":"follow","max-snippet":"max-snippet:-1","max-image-preview":"max-image-preview:large","max-video-preview":"max-video-preview:-1"},"canonical":"https:\/\/walkingranada.com\/en\/what-to-do-in-granada\/gastronomic-routes\/","og_locale":"en_GB","og_type":"article","og_title":"Rutas gastron\u00f3micas - Walk in Granada","og_description":"Descubre la magia de la ciudad de la Alhambra con una de nuestras rutas gastron\u00f3micas por la ciudad. Saborea la esencia misma de Granada","og_url":"https:\/\/walkingranada.com\/en\/what-to-do-in-granada\/gastronomic-routes\/","og_site_name":"Walk in Granada","article_publisher":"https:\/\/es-es.facebook.com\/walkingranadatour\/","article_modified_time":"2023-04-24T07:32:33+00:00","og_image":[{"url":"https:\/\/walkingranada.com\/wp-content\/uploads\/2023\/01\/Tour-Gastronomico-grupo.jpg.webp","type":"","width":"","height":""}],"twitter_card":"summary_large_image","twitter_site":"@walkingranada","twitter_misc":{"Estimated reading time":"3 minutes"},"schema":{"@context":"https:\/\/schema.org","@graph":[{"@type":"WebPage","@id":"https:\/\/walkingranada.com\/que-hacer-en-granada\/rutas-gastronomicas\/","url":"https:\/\/walkingranada.com\/que-hacer-en-granada\/rutas-gastronomicas\/","name":"Gastronomic Tours - Walk in Granada","isPartOf":{"@id":"https:\/\/walkingranada.com\/#website"},"primaryImageOfPage":{"@id":"https:\/\/walkingranada.com\/que-hacer-en-granada\/rutas-gastronomicas\/#primaryimage"},"image":{"@id":"https:\/\/walkingranada.com\/que-hacer-en-granada\/rutas-gastronomicas\/#primaryimage"},"thumbnailUrl":"https:\/\/walkingranada.com\/wp-content\/uploads\/2023\/01\/Tour-Gastronomico-grupo.jpg.webp","datePublished":"2022-10-27T09:01:08+00:00","dateModified":"2023-04-24T07:32:33+00:00","description":"Discover the magic of the Alhambra city with one of our gastronomic tours through the city. Taste the essence of Granada.","breadcrumb":{"@id":"https:\/\/walkingranada.com\/que-hacer-en-granada\/rutas-gastronomicas\/#breadcrumb"},"inLanguage":"en-GB","potentialAction":[{"@type":"ReadAction","target":["https:\/\/walkingranada.com\/que-hacer-en-granada\/rutas-gastronomicas\/"]}]},{"@type":"ImageObject","inLanguage":"en-GB","@id":"https:\/\/walkingranada.com\/que-hacer-en-granada\/rutas-gastronomicas\/#primaryimage","url":"https:\/\/walkingranada.com\/wp-content\/uploads\/2023\/01\/Tour-Gastronomico-grupo.jpg.webp","contentUrl":"https:\/\/walkingranada.com\/wp-content\/uploads\/2023\/01\/Tour-Gastronomico-grupo.jpg.webp"},{"@type":"BreadcrumbList","@id":"https:\/\/walkingranada.com\/que-hacer-en-granada\/rutas-gastronomicas\/#breadcrumb","itemListElement":[{"@type":"ListItem","position":1,"name":"Portada","item":"https:\/\/walkingranada.com\/"},{"@type":"ListItem","position":2,"name":"Qu\u00e9 hacer en granada","item":"https:\/\/walkingranada.com\/que-hacer-en-granada\/"},{"@type":"ListItem","position":3,"name":"Rutas gastron\u00f3micas"}]},{"@type":"WebSite","@id":"https:\/\/walkingranada.com\/#website","url":"https:\/\/walkingranada.com\/","name":"Walk in Granada","description":"Turismo responsable","publisher":{"@id":"https:\/\/walkingranada.com\/#organization"},"alternateName":"Walk in Granada","potentialAction":[{"@type":"SearchAction","target":{"@type":"EntryPoint","urlTemplate":"https:\/\/walkingranada.com\/?s={search_term_string}"},"query-input":{"@type":"PropertyValueSpecification","valueRequired":true,"valueName":"search_term_string"}}],"inLanguage":"en-GB"},{"@type":"Organization","@id":"https:\/\/walkingranada.com\/#organization","name":"Walk In Granada","alternateName":"Walk In Granada","url":"https:\/\/walkingranada.com\/","logo":{"@type":"ImageObject","inLanguage":"en-GB","@id":"https:\/\/walkingranada.com\/#\/schema\/logo\/image\/","url":"https:\/\/walkingranada.com\/wp-content\/uploads\/2022\/12\/Logo-Walking.webp","contentUrl":"https:\/\/walkingranada.com\/wp-content\/uploads\/2022\/12\/Logo-Walking.webp","width":512,"height":512,"caption":"Walk In Granada"},"image":{"@id":"https:\/\/walkingranada.com\/#\/schema\/logo\/image\/"},"sameAs":["https:\/\/es-es.facebook.com\/walkingranadatour\/","https:\/\/x.com\/walkingranada","https:\/\/www.instagram.com\/walkingranada\/"]}]}},"_links":{"self":[{"href":"https:\/\/walkingranada.com\/en\/wp-json\/wp\/v2\/pages\/442","targetHints":{"allow":["GET"]}}],"collection":[{"href":"https:\/\/walkingranada.com\/en\/wp-json\/wp\/v2\/pages"}],"about":[{"href":"https:\/\/walkingranada.com\/en\/wp-json\/wp\/v2\/types\/page"}],"author":[{"embeddable":true,"href":"https:\/\/walkingranada.com\/en\/wp-json\/wp\/v2\/users\/2"}],"replies":[{"embeddable":true,"href":"https:\/\/walkingranada.com\/en\/wp-json\/wp\/v2\/comments?post=442"}],"version-history":[{"count":0,"href":"https:\/\/walkingranada.com\/en\/wp-json\/wp\/v2\/pages\/442\/revisions"}],"up":[{"embeddable":true,"href":"https:\/\/walkingranada.com\/en\/wp-json\/wp\/v2\/pages\/106"}],"wp:attachment":[{"href":"https:\/\/walkingranada.com\/en\/wp-json\/wp\/v2\/media?parent=442"}],"curies":[{"name":"wp","href":"https:\/\/api.w.org\/{rel}","templated":true}]}}