{"id":434,"date":"2022-10-27T08:59:32","date_gmt":"2022-10-27T08:59:32","guid":{"rendered":"https:\/\/factum-omibu.es\/walkin\/?page_id=434"},"modified":"2023-05-22T06:58:25","modified_gmt":"2023-05-22T06:58:25","slug":"lorca-villages","status":"publish","type":"page","link":"https:\/\/walkingranada.com\/en\/visitas-guiadas\/rutas-lorquianas\/lorca-pueblos\/","title":{"rendered":"Federico Garc\u00eda Lorca villages tour"},"content":{"rendered":"<p>FEDERICO GARCIA LORCA VILLAGE TOUR<\/p>\r\n<p><strong>If you have any questions or would like to book, please do not hesitate to contact us!<\/strong><\/p>\r\n<p><strong>Mail:\u00a0<\/strong><a title=\"Contact Us!\" href=\"mailto:info@walkingranada.com\"> <strong>info@walkingranada.com<\/strong><\/a><br \/><strong>Tlf:\u00a0<\/strong><a title=\"\u00a1Ll\u00e1manos!\" href=\"tel:+34630070893\"> <strong>+34 630 07 08 93<\/strong><\/a><\/p>\r\n<h1>FEDERICO GARC\u00cdA LORCA VILLAGE TOUR<\/h1>\r\n<p><a href=\"#encuentro\"> <img decoding=\"async\" loading=\"lazy\" src=\"https:\/\/walkingranada.com\/wp-content\/uploads\/2022\/10\/fi-rr-marker.png\" alt=\"ACCORDING TO THE ACCOMODATION\" \/><\/a><\/p>\r\n<p>ACCORDING TO THE ACCOMODATION <img decoding=\"async\" loading=\"lazy\" src=\"https:\/\/walkingranada.com\/wp-content\/uploads\/2022\/10\/\ud83e\udd86-icon-_Info-Circle_.png\" alt=\"informaci\u00f3n\" \/><\/p>\r\n<p><img decoding=\"async\" loading=\"lazy\" src=\"https:\/\/walkingranada.com\/wp-content\/uploads\/2022\/12\/guia-tour.png\" alt=\"Find your guide\" \/><\/p>\r\n<p>Find your guide<\/p>\r\n<p><img decoding=\"async\" loading=\"lazy\" src=\"https:\/\/walkingranada.com\/wp-content\/uploads\/2022\/10\/fi-rr-chat-arrow-grow.png\" alt=\"Low difficulty\" \/><\/p>\r\n<p>Low difficulty<\/p>\r\n<p><img decoding=\"async\" loading=\"lazy\" src=\"https:\/\/walkingranada.com\/wp-content\/uploads\/2022\/10\/fi-rr-map.png\" alt=\"Urban centres, landscapes of the fertile lowlands\" \/><\/p>\r\n<p>Urban centre<\/p>\r\n<p><img decoding=\"async\" loading=\"lazy\" src=\"https:\/\/walkingranada.com\/wp-content\/uploads\/2022\/12\/accesibilidad_.png\" alt=\"Limited accessibility\" \/><\/p>\r\n<p>Limited accessibility<\/p>\r\n<p><img decoding=\"async\" loading=\"lazy\" src=\"https:\/\/walkingranada.com\/wp-content\/uploads\/2022\/10\/fi-rr-calendar.png\" alt=\"TODOS LOS DIAS\" \/><\/p>\r\n<p>Every day<\/p>\r\n<p><img decoding=\"async\" loading=\"lazy\" src=\"https:\/\/walkingranada.com\/wp-content\/uploads\/2022\/10\/fi-rr-clock.png\" alt=\"horario Seg\u00fan disponibilidad\" \/><\/p>\r\n<p>According to availability<\/p>\r\n<p><img decoding=\"async\" loading=\"lazy\" src=\"https:\/\/walkingranada.com\/wp-content\/uploads\/2022\/10\/fi-rr-alarm-clock.png\" alt=\"5 hours\" \/><\/p>\r\n<p>5 hours<\/p>\r\n<p><img decoding=\"async\" loading=\"lazy\" src=\"https:\/\/walkingranada.com\/wp-content\/uploads\/2022\/10\/fi-rr-receipt.png\" alt=\"desde 25 \u20ac\" \/><\/p>\r\n<p>from 25\u20ac\/pax<\/p>\r\n<p><img decoding=\"async\" loading=\"lazy\" src=\"https:\/\/walkingranada.com\/wp-content\/uploads\/2022\/10\/fi-rr-comments.png\" alt=\"SPANISH, ENGLISH\" \/><\/p>\r\n<p>SPANISH, ENGLISH<\/p>\r\n<p>A route to know and to understand the environment that inspired Lorca's poetry and theater.<\/p>\r\n<p>The houses where Lorca\u00b4s family lived are located in the center of the Vega of Granada, such as Fuente Vaqueros and Valderrubio, villages that affected the personality of the poet's work<\/p>\r\n<p>The populism so characteristic of his characters and the natural landscape of the Vega of Granada are the hallmark of Lorca's identity.<\/p>\r\n<h2>Meeting point<\/h2>\r\n<p><img decoding=\"async\" loading=\"lazy\" title=\"lorca-color\" src=\"https:\/\/walkingranada.com\/wp-content\/uploads\/2022\/12\/lorca-color.jpg.webp\" alt=\"Foto de Garc\u00eda Lorca en color\" width=\"711\" height=\"398\" \/> To be confirmed with the client<br \/>according to accommodation.<\/p>\r\n<p>Do you need directions to get there?<\/p>\r\n<p><a role=\"button\" href=\"#reserva\" target=\"_self\" rel=\"noopener\"> Reservar &gt; <\/a><\/p>\r\n<h2>Recommendations<\/h2>\r\n<ol>\r\n<li>This route must be done by car, therefore, if more than 4 participants wish to do it, it will be necessary to check the availability of vehicles.<\/li>\r\n<li class=\"translation-block\">Arrive <strong>20 minutes early<\/strong> before the start time of the visit.<\/li>\r\n<li>Wear\u00a0<strong>comfortable shoes<\/strong>The visit lasts 5 hours.<\/li>\r\n<li>In summer, remember to use<strong>\u00a0sunscreen and bring a bottle of water<\/strong>.<\/li>\r\n<\/ol>\r\n<h2>Itinerary<\/h2>\r\n<ul>\r\n<li>Federico Garc\u00eda Lorca House-Museum.<br \/><em>Fuente Vaqueros<\/em><\/li>\r\n<li>Center for Lorquian Studies<br \/><em>Fuente Vaqueros<\/em><\/li>\r\n<li>Federico Garc\u00eda Lorca House-Museum.<br \/><em>Valderrubio<\/em><\/li>\r\n<li>Aynadamar. Federico Garc\u00eda Lorca Park<br \/><em>V\u00edznar Ravine<\/em><\/li>\r\n<li>Lorca 's landscapes.<br \/><em>Vega of Granada<\/em><\/li>\r\n<\/ul>\r\n<p>This visit takes us to the house where Lorca was born in 1898.<br \/>A typical farmhouse where the poet lived his early years.<br \/>We will be taken on a tour of its intimate spaces: the dining room, the kitchen, the bedrooms and the courtyard, helping us to understand a little more about the typology of the houses presented in his works. <strong>If you have any questions or would like to book, please do not hesitate to contact us!<\/strong><br \/>Mail:\u00a0<a title=\"Contact Us!\" href=\"mailto:info@walkingranada.com\"> <strong>info@walkingranada.com<\/strong><\/a><br \/>Tlf:\u00a0<a title=\"\u00a1Ll\u00e1manos!\" href=\"tel:+34630070893\"> <strong>+34 630 07 08 93<\/strong><\/a><\/p>\r\n<h2>Tambi\u00e9n puedes reservar nuestras otras visitas guiadas&#8230;<\/h2>\r\n<section><img decoding=\"async\" loading=\"lazy\" src=\"https:\/\/walkingranada.com\/wp-content\/uploads\/2023\/01\/Card-Albaicin-sacromonte.webp\" alt=\"Visita guiada al albaic\u00edn y Sacromonte\" width=\"100%\" \/>\r\n<h3>Private guided tour of the Albaic\u00edn and Sacromonte<\/h3>\r\n<hr \/>\r\n<p>A tour that combines the two most emblematic neighborhoods of Granada.<\/p>\r\n<hr \/>\r\n<p>Every day<\/p>\r\n<p>Ask us<\/p>\r\n<p>2,5h<\/p>\r\nFrom\r\n<p>8\u20ac<\/p>\r\n\/pax <a href=\"https:\/\/walkingranada.com\/en\/guided-tours\/albaicin-and-sacromonte\/\">Reservar &gt;<\/a> <img decoding=\"async\" loading=\"lazy\" src=\"https:\/\/walkingranada.com\/wp-content\/uploads\/2023\/01\/visita-albaicin-card.webp\" alt=\"Visita Guiada al Albaic\u00edn\" width=\"100%\" \/>\r\n<h3>Guided tour of the <br \/>Albaicin<\/h3>\r\n<hr \/>\r\n<p>Immerse yourself in history. On this tour you will visit the most central and popular areas.<\/p>\r\n<hr \/>\r\n<p>Every day<\/p>\r\n<p>Ask us<\/p>\r\n<p>2,5h<\/p>\r\nFrom\r\n<p>8\u20ac<\/p>\r\n\/pax <a href=\"https:\/\/walkingranada.com\/en\/guided-tours\/albaicin\/\">Reservar &gt;<\/a> <img decoding=\"async\" loading=\"lazy\" src=\"https:\/\/walkingranada.com\/wp-content\/uploads\/2023\/01\/Card-Sacromonte.webp\" alt=\"Visita guiada al sacromonte\" width=\"100%\" \/>\r\n<h3>Guided tour of the Sacromonte<\/h3>\r\n<hr \/>Conoce el barrio con m\u00e1s duende de Granada. \u00c9ste es un tour para amantes de la fotograf\u00eda.<hr \/>\r\n<p>Every day<\/p>\r\n<p>Ask us<\/p>\r\n<p>2,5h<\/p>\r\nFrom\r\n<p>8\u20ac<\/p>\r\n\/pax <a href=\"https:\/\/walkingranada.com\/en\/guided-tours\/sacromonte\/\">Reservar &gt;<\/a> <img decoding=\"async\" loading=\"lazy\" src=\"https:\/\/walkingranada.com\/wp-content\/uploads\/2023\/01\/Centro-historico-card.webp\" alt=\"Visita guiada al centro historico y bajo albaicin\" width=\"100%\" \/>\r\n<h3>Guided tour of the historic centre and the lower Albaic\u00edn<\/h3>\r\n<hr \/>\r\n<p>Immerse yourself in history. On this tour you will visit the most central and popular areas.<\/p>\r\n<hr \/>\r\n<p>Every day<\/p>\r\n<p>Ask us<\/p>\r\n<p>2,5h<\/p>\r\nFrom\r\n<p>8\u20ac<\/p>\r\n\/pax <a href=\"https:\/\/walkingranada.com\/en\/guided-tours\/historic-centre-albaicin\/\">Reservar &gt;<\/a><\/section>\r\n<h2>Tambi\u00e9n puedes reservar nuestros otros servicios&#8230;<\/h2>\r\n<p><img decoding=\"async\" loading=\"lazy\" src=\"https:\/\/walkingranada.com\/wp-content\/uploads\/2022\/10\/Rectangle-42.png\" alt=\"bailaora flamenca\" \/><\/p>\r\n<h3>Flamenco<\/h3>\r\n<p><img decoding=\"async\" loading=\"lazy\" src=\"https:\/\/walkingranada.com\/wp-content\/uploads\/2022\/10\/Rectangle-43.png\" alt=\"ba\u00f1os \u00e1rabes\" \/><\/p>\r\n<h3>Hammam <br \/>Al-\u00e1ndalus<\/h3>\r\n<p><img decoding=\"async\" loading=\"lazy\" src=\"https:\/\/walkingranada.com\/wp-content\/uploads\/2022\/10\/Rectangle-45.png\" alt=\"mezquita de c\u00f3rdoba\" \/><\/p>\r\n<h3>Day <br \/>trips<\/h3>\r\n<p><img decoding=\"async\" loading=\"lazy\" src=\"https:\/\/walkingranada.com\/wp-content\/uploads\/2022\/10\/Rectangle-38.png\" alt=\"imagen de una chica joven\" \/><\/p>\r\n<h3>Olfactory route<\/h3>","protected":false},"excerpt":{"rendered":"<p>Rutas Lorquianas &gt; Ruta Federico Garc\u00eda Lorca Pueblos \u00a1Si tienes cualquier pregunta o deseas reservar, no dudes en contactarnos! Mail:\u00a0 info@walkingranada.comTlf:\u00a0 +34 630 07 08 93 RUTA PRIVADA FEDERICO GARC\u00cdA LORCA PUEBLOS Seg\u00fan alojamiento busca a tu gu\u00eda Dificultad baja Cascos urbanos Accesibilidad limitada Todos los d\u00edas Seg\u00fan disponibilidad 5 horas desde 25\u20ac\/pax CASTELLANO, Ingl\u00e9s &#8230; <a title=\"Federico Garc\u00eda Lorca villages tour\" class=\"read-more\" href=\"https:\/\/walkingranada.com\/en\/visitas-guiadas\/rutas-lorquianas\/lorca-pueblos\/\" aria-label=\"Read more about Ruta Federico Garc\u00eda Lorca pueblos\">Read more<\/a><\/p>","protected":false},"author":2,"featured_media":2318,"parent":426,"menu_order":0,"comment_status":"closed","ping_status":"closed","template":"","meta":{"footnotes":""},"class_list":["post-434","page","type-page","status-publish","has-post-thumbnail"],"yoast_head":"<!-- This site is optimized with the Yoast SEO plugin v27.4 - https:\/\/yoast.com\/product\/yoast-seo-wordpress\/ -->\n<title>Ruta Federico Garc\u00eda Lorca pueblos - Walk in Granada<\/title>\n<meta name=\"description\" content=\"Visita los puntos clave de la vida de Federico Garc\u00eda Lorca a trav\u00e9s de los pueblos que lo vieron nacer y morir. Una experiencia \u00fanica.\" \/>\n<meta name=\"robots\" content=\"index, follow, max-snippet:-1, max-image-preview:large, max-video-preview:-1\" \/>\n<link rel=\"canonical\" href=\"https:\/\/walkingranada.com\/en\/guided-tours\/lorquian-routes\/lorca-villages\/\" \/>\n<meta property=\"og:locale\" content=\"en_GB\" \/>\n<meta property=\"og:type\" content=\"article\" \/>\n<meta property=\"og:title\" content=\"Ruta Federico Garc\u00eda Lorca pueblos - Walk in Granada\" \/>\n<meta property=\"og:description\" content=\"Visita los puntos clave de la vida de Federico Garc\u00eda Lorca a trav\u00e9s de los pueblos que lo vieron nacer y morir. Una experiencia \u00fanica.\" \/>\n<meta property=\"og:url\" content=\"https:\/\/walkingranada.com\/en\/guided-tours\/lorquian-routes\/lorca-villages\/\" \/>\n<meta property=\"og:site_name\" content=\"Walk in Granada\" \/>\n<meta property=\"article:publisher\" content=\"https:\/\/es-es.facebook.com\/walkingranadatour\/\" \/>\n<meta property=\"article:modified_time\" content=\"2023-05-22T06:58:25+00:00\" \/>\n<meta property=\"og:image\" content=\"https:\/\/walkingranada.com\/wp-content\/uploads\/2023\/01\/Rutas-lorquianas-card.webp\" \/>\n\t<meta property=\"og:image:width\" content=\"452\" \/>\n\t<meta property=\"og:image:height\" content=\"282\" \/>\n\t<meta property=\"og:image:type\" content=\"image\/webp\" \/>\n<meta name=\"twitter:card\" content=\"summary_large_image\" \/>\n<meta name=\"twitter:site\" content=\"@walkingranada\" \/>\n<meta name=\"twitter:label1\" content=\"Estimated reading time\" \/>\n\t<meta name=\"twitter:data1\" content=\"7 minutes\" \/>\n<script type=\"application\/ld+json\" class=\"yoast-schema-graph\">{\"@context\":\"https:\\\/\\\/schema.org\",\"@graph\":[{\"@type\":\"WebPage\",\"@id\":\"https:\\\/\\\/walkingranada.com\\\/visitas-guiadas\\\/rutas-lorquianas\\\/lorca-pueblos\\\/\",\"url\":\"https:\\\/\\\/walkingranada.com\\\/visitas-guiadas\\\/rutas-lorquianas\\\/lorca-pueblos\\\/\",\"name\":\"Ruta Federico Garc\u00eda Lorca pueblos - Walk in Granada\",\"isPartOf\":{\"@id\":\"https:\\\/\\\/walkingranada.com\\\/#website\"},\"primaryImageOfPage\":{\"@id\":\"https:\\\/\\\/walkingranada.com\\\/visitas-guiadas\\\/rutas-lorquianas\\\/lorca-pueblos\\\/#primaryimage\"},\"image\":{\"@id\":\"https:\\\/\\\/walkingranada.com\\\/visitas-guiadas\\\/rutas-lorquianas\\\/lorca-pueblos\\\/#primaryimage\"},\"thumbnailUrl\":\"https:\\\/\\\/walkingranada.com\\\/wp-content\\\/uploads\\\/2023\\\/01\\\/Rutas-lorquianas-card.webp\",\"datePublished\":\"2022-10-27T08:59:32+00:00\",\"dateModified\":\"2023-05-22T06:58:25+00:00\",\"description\":\"Visita los puntos clave de la vida de Federico Garc\u00eda Lorca a trav\u00e9s de los pueblos que lo vieron nacer y morir. Una experiencia \u00fanica.\",\"breadcrumb\":{\"@id\":\"https:\\\/\\\/walkingranada.com\\\/visitas-guiadas\\\/rutas-lorquianas\\\/lorca-pueblos\\\/#breadcrumb\"},\"inLanguage\":\"en-GB\",\"potentialAction\":[{\"@type\":\"ReadAction\",\"target\":[\"https:\\\/\\\/walkingranada.com\\\/visitas-guiadas\\\/rutas-lorquianas\\\/lorca-pueblos\\\/\"]}]},{\"@type\":\"ImageObject\",\"inLanguage\":\"en-GB\",\"@id\":\"https:\\\/\\\/walkingranada.com\\\/visitas-guiadas\\\/rutas-lorquianas\\\/lorca-pueblos\\\/#primaryimage\",\"url\":\"https:\\\/\\\/walkingranada.com\\\/wp-content\\\/uploads\\\/2023\\\/01\\\/Rutas-lorquianas-card.webp\",\"contentUrl\":\"https:\\\/\\\/walkingranada.com\\\/wp-content\\\/uploads\\\/2023\\\/01\\\/Rutas-lorquianas-card.webp\",\"width\":452,\"height\":282,\"caption\":\"Garc\u00eda Lorca\"},{\"@type\":\"BreadcrumbList\",\"@id\":\"https:\\\/\\\/walkingranada.com\\\/visitas-guiadas\\\/rutas-lorquianas\\\/lorca-pueblos\\\/#breadcrumb\",\"itemListElement\":[{\"@type\":\"ListItem\",\"position\":1,\"name\":\"Portada\",\"item\":\"https:\\\/\\\/walkingranada.com\\\/\"},{\"@type\":\"ListItem\",\"position\":2,\"name\":\"Visitas guiadas\",\"item\":\"https:\\\/\\\/walkingranada.com\\\/visitas-guiadas\\\/\"},{\"@type\":\"ListItem\",\"position\":3,\"name\":\"Rutas Lorquianas\",\"item\":\"https:\\\/\\\/walkingranada.com\\\/visitas-guiadas\\\/rutas-lorquianas\\\/\"},{\"@type\":\"ListItem\",\"position\":4,\"name\":\"Ruta Federico Garc\u00eda Lorca pueblos\"}]},{\"@type\":\"WebSite\",\"@id\":\"https:\\\/\\\/walkingranada.com\\\/#website\",\"url\":\"https:\\\/\\\/walkingranada.com\\\/\",\"name\":\"Walk in Granada\",\"description\":\"Turismo responsable\",\"publisher\":{\"@id\":\"https:\\\/\\\/walkingranada.com\\\/#organization\"},\"alternateName\":\"Walk in Granada\",\"potentialAction\":[{\"@type\":\"SearchAction\",\"target\":{\"@type\":\"EntryPoint\",\"urlTemplate\":\"https:\\\/\\\/walkingranada.com\\\/?s={search_term_string}\"},\"query-input\":{\"@type\":\"PropertyValueSpecification\",\"valueRequired\":true,\"valueName\":\"search_term_string\"}}],\"inLanguage\":\"en-GB\"},{\"@type\":\"Organization\",\"@id\":\"https:\\\/\\\/walkingranada.com\\\/#organization\",\"name\":\"Walk In Granada\",\"alternateName\":\"Walk In Granada\",\"url\":\"https:\\\/\\\/walkingranada.com\\\/\",\"logo\":{\"@type\":\"ImageObject\",\"inLanguage\":\"en-GB\",\"@id\":\"https:\\\/\\\/walkingranada.com\\\/#\\\/schema\\\/logo\\\/image\\\/\",\"url\":\"https:\\\/\\\/walkingranada.com\\\/wp-content\\\/uploads\\\/2022\\\/12\\\/Logo-Walking.webp\",\"contentUrl\":\"https:\\\/\\\/walkingranada.com\\\/wp-content\\\/uploads\\\/2022\\\/12\\\/Logo-Walking.webp\",\"width\":512,\"height\":512,\"caption\":\"Walk In Granada\"},\"image\":{\"@id\":\"https:\\\/\\\/walkingranada.com\\\/#\\\/schema\\\/logo\\\/image\\\/\"},\"sameAs\":[\"https:\\\/\\\/es-es.facebook.com\\\/walkingranadatour\\\/\",\"https:\\\/\\\/x.com\\\/walkingranada\",\"https:\\\/\\\/www.instagram.com\\\/walkingranada\\\/\"]}]}<\/script>\n<!-- \/ Yoast SEO plugin. -->","yoast_head_json":{"title":"Federico Garcia Lorca Villages Tour - Walk in Granada","description":"Visit the key points of Federico Garc\u00eda Lorca's life through the towns that saw him born and die. A unique experience.","robots":{"index":"index","follow":"follow","max-snippet":"max-snippet:-1","max-image-preview":"max-image-preview:large","max-video-preview":"max-video-preview:-1"},"canonical":"https:\/\/walkingranada.com\/en\/guided-tours\/lorquian-routes\/lorca-villages\/","og_locale":"en_GB","og_type":"article","og_title":"Ruta Federico Garc\u00eda Lorca pueblos - Walk in Granada","og_description":"Visita los puntos clave de la vida de Federico Garc\u00eda Lorca a trav\u00e9s de los pueblos que lo vieron nacer y morir. Una experiencia \u00fanica.","og_url":"https:\/\/walkingranada.com\/en\/guided-tours\/lorquian-routes\/lorca-villages\/","og_site_name":"Walk in Granada","article_publisher":"https:\/\/es-es.facebook.com\/walkingranadatour\/","article_modified_time":"2023-05-22T06:58:25+00:00","og_image":[{"width":452,"height":282,"url":"https:\/\/walkingranada.com\/wp-content\/uploads\/2023\/01\/Rutas-lorquianas-card.webp","type":"image\/webp"}],"twitter_card":"summary_large_image","twitter_site":"@walkingranada","twitter_misc":{"Estimated reading time":"7 minutes"},"schema":{"@context":"https:\/\/schema.org","@graph":[{"@type":"WebPage","@id":"https:\/\/walkingranada.com\/visitas-guiadas\/rutas-lorquianas\/lorca-pueblos\/","url":"https:\/\/walkingranada.com\/visitas-guiadas\/rutas-lorquianas\/lorca-pueblos\/","name":"Federico Garcia Lorca Villages Tour - Walk in Granada","isPartOf":{"@id":"https:\/\/walkingranada.com\/#website"},"primaryImageOfPage":{"@id":"https:\/\/walkingranada.com\/visitas-guiadas\/rutas-lorquianas\/lorca-pueblos\/#primaryimage"},"image":{"@id":"https:\/\/walkingranada.com\/visitas-guiadas\/rutas-lorquianas\/lorca-pueblos\/#primaryimage"},"thumbnailUrl":"https:\/\/walkingranada.com\/wp-content\/uploads\/2023\/01\/Rutas-lorquianas-card.webp","datePublished":"2022-10-27T08:59:32+00:00","dateModified":"2023-05-22T06:58:25+00:00","description":"Visit the key points of Federico Garc\u00eda Lorca's life through the towns that saw him born and die. A unique experience.","breadcrumb":{"@id":"https:\/\/walkingranada.com\/visitas-guiadas\/rutas-lorquianas\/lorca-pueblos\/#breadcrumb"},"inLanguage":"en-GB","potentialAction":[{"@type":"ReadAction","target":["https:\/\/walkingranada.com\/visitas-guiadas\/rutas-lorquianas\/lorca-pueblos\/"]}]},{"@type":"ImageObject","inLanguage":"en-GB","@id":"https:\/\/walkingranada.com\/visitas-guiadas\/rutas-lorquianas\/lorca-pueblos\/#primaryimage","url":"https:\/\/walkingranada.com\/wp-content\/uploads\/2023\/01\/Rutas-lorquianas-card.webp","contentUrl":"https:\/\/walkingranada.com\/wp-content\/uploads\/2023\/01\/Rutas-lorquianas-card.webp","width":452,"height":282,"caption":"Garc\u00eda Lorca"},{"@type":"BreadcrumbList","@id":"https:\/\/walkingranada.com\/visitas-guiadas\/rutas-lorquianas\/lorca-pueblos\/#breadcrumb","itemListElement":[{"@type":"ListItem","position":1,"name":"Portada","item":"https:\/\/walkingranada.com\/"},{"@type":"ListItem","position":2,"name":"Visitas guiadas","item":"https:\/\/walkingranada.com\/visitas-guiadas\/"},{"@type":"ListItem","position":3,"name":"Rutas Lorquianas","item":"https:\/\/walkingranada.com\/visitas-guiadas\/rutas-lorquianas\/"},{"@type":"ListItem","position":4,"name":"Ruta Federico Garc\u00eda Lorca pueblos"}]},{"@type":"WebSite","@id":"https:\/\/walkingranada.com\/#website","url":"https:\/\/walkingranada.com\/","name":"Walk in Granada","description":"Turismo responsable","publisher":{"@id":"https:\/\/walkingranada.com\/#organization"},"alternateName":"Walk in Granada","potentialAction":[{"@type":"SearchAction","target":{"@type":"EntryPoint","urlTemplate":"https:\/\/walkingranada.com\/?s={search_term_string}"},"query-input":{"@type":"PropertyValueSpecification","valueRequired":true,"valueName":"search_term_string"}}],"inLanguage":"en-GB"},{"@type":"Organization","@id":"https:\/\/walkingranada.com\/#organization","name":"Walk In Granada","alternateName":"Walk In Granada","url":"https:\/\/walkingranada.com\/","logo":{"@type":"ImageObject","inLanguage":"en-GB","@id":"https:\/\/walkingranada.com\/#\/schema\/logo\/image\/","url":"https:\/\/walkingranada.com\/wp-content\/uploads\/2022\/12\/Logo-Walking.webp","contentUrl":"https:\/\/walkingranada.com\/wp-content\/uploads\/2022\/12\/Logo-Walking.webp","width":512,"height":512,"caption":"Walk In Granada"},"image":{"@id":"https:\/\/walkingranada.com\/#\/schema\/logo\/image\/"},"sameAs":["https:\/\/es-es.facebook.com\/walkingranadatour\/","https:\/\/x.com\/walkingranada","https:\/\/www.instagram.com\/walkingranada\/"]}]}},"_links":{"self":[{"href":"https:\/\/walkingranada.com\/en\/wp-json\/wp\/v2\/pages\/434","targetHints":{"allow":["GET"]}}],"collection":[{"href":"https:\/\/walkingranada.com\/en\/wp-json\/wp\/v2\/pages"}],"about":[{"href":"https:\/\/walkingranada.com\/en\/wp-json\/wp\/v2\/types\/page"}],"author":[{"embeddable":true,"href":"https:\/\/walkingranada.com\/en\/wp-json\/wp\/v2\/users\/2"}],"replies":[{"embeddable":true,"href":"https:\/\/walkingranada.com\/en\/wp-json\/wp\/v2\/comments?post=434"}],"version-history":[{"count":0,"href":"https:\/\/walkingranada.com\/en\/wp-json\/wp\/v2\/pages\/434\/revisions"}],"up":[{"embeddable":true,"href":"https:\/\/walkingranada.com\/en\/wp-json\/wp\/v2\/pages\/426"}],"wp:featuredmedia":[{"embeddable":true,"href":"https:\/\/walkingranada.com\/en\/wp-json\/wp\/v2\/media\/2318"}],"wp:attachment":[{"href":"https:\/\/walkingranada.com\/en\/wp-json\/wp\/v2\/media?parent=434"}],"curies":[{"name":"wp","href":"https:\/\/api.w.org\/{rel}","templated":true}]}}