{"id":4307,"date":"2023-06-19T10:22:06","date_gmt":"2023-06-19T10:22:06","guid":{"rendered":"https:\/\/walkingranada.com\/?page_id=4307"},"modified":"2025-05-16T06:33:44","modified_gmt":"2025-05-16T06:33:44","slug":"cathedral-royal-chapel-private-tour","status":"publish","type":"page","link":"https:\/\/walkingranada.com\/en\/visitas-guiadas\/catedral-capilla-real-privada\/","title":{"rendered":"Royal Chapel &amp; Cathedral Private Tour"},"content":{"rendered":"<p>Guided Tours &gt; Royal Chapel &amp; Cathedral Private Tour<\/p>\n<h1>\n\t\t\tROYAL CHAPEL &amp; CATHEDRAL PRIVATE TOUR\t<\/h1>\n        <a href=\"#encuentro\">\n            <img decoding=\"async\" loading=\"lazy\" src=\"https:\/\/walkingranada.com\/wp-content\/uploads\/2022\/10\/fi-rr-marker.png\" alt=\"Plaza nueva\"\/>\n            <p>Plaza nueva <img decoding=\"async\" loading=\"lazy\" src=\"https:\/\/walkingranada.com\/wp-content\/uploads\/2022\/10\/\ud83e\udd86-icon-_Info-Circle_.png\" alt=\"informaci\u00f3n\"\/><\/p>\n        <\/a>\n        <img decoding=\"async\" loading=\"lazy\" src=\"https:\/\/walkingranada.com\/wp-content\/uploads\/2022\/12\/fuente-icon.png\" alt=\"Main fountain of the square\"\/>\n        <p>Main fountain of the square<\/p>\n        <img decoding=\"async\" loading=\"lazy\" src=\"https:\/\/walkingranada.com\/wp-content\/uploads\/2022\/10\/fi-rr-chat-arrow-grow.png\" alt=\"Low difficulty\"\/>\n        <p>Low difficulty<\/p>\n        <img decoding=\"async\" loading=\"lazy\" src=\"https:\/\/walkingranada.com\/wp-content\/uploads\/2022\/10\/fi-rr-map.png\" alt=\"Historic Quarter\"\/>\n        <p>Town center and monuments<\/p>\n        <img decoding=\"async\" loading=\"lazy\" src=\"https:\/\/walkingranada.com\/wp-content\/uploads\/2022\/12\/accesibilidad_.png\" alt=\"Limited accessibility\"\/>\n        <p>Limited accessibility<\/p>\n        <img decoding=\"async\" loading=\"lazy\" src=\"https:\/\/walkingranada.com\/wp-content\/uploads\/2022\/10\/fi-rr-calendar.png\" alt=\"TODOS LOS DIAS\"\/>\n        <p>From Monday to Saturday<\/p>\n        <img decoding=\"async\" loading=\"lazy\" src=\"https:\/\/walkingranada.com\/wp-content\/uploads\/2022\/10\/fi-rr-clock.png\" alt=\"horario Seg\u00fan disponibilidad\"\/>\n        <p>Select your preferred schedule<\/p>\n        <img decoding=\"async\" loading=\"lazy\" src=\"https:\/\/walkingranada.com\/wp-content\/uploads\/2022\/10\/fi-rr-alarm-clock.png\" alt=\"2,5 HOURS\"\/>\n        <p>2 hours<\/p>\n        <img decoding=\"async\" loading=\"lazy\" src=\"https:\/\/walkingranada.com\/wp-content\/uploads\/2022\/10\/fi-rr-receipt.png\" alt=\"TU PONES EL PRECIO\"\/>\n        <p>From \u20ac24<\/p>\n        <img decoding=\"async\" loading=\"lazy\" src=\"https:\/\/walkingranada.com\/wp-content\/uploads\/2022\/10\/fi-rr-comments.png\" alt=\"Spanish\"\/>\n        <p>Spanish \/ English \/ other languages on request<\/p>\n<h2>\n\t\t\tDiscover the two emblematic buildings of the Catholic Monarchs\t<\/h2>\n\tThe <strong>Catedral de Granada<\/strong> y la <strong>Royal Chapel<\/strong> son los dos edificios m\u00e1s importantes de la cristianizaci\u00f3n de la ciudad tras la conquista de Granada por los Reyes Cat\u00f3licos.<br \/>\nEn esta visita descubriremos una de las <strong>grandes joyas del Renacimiento de Granada<\/strong>: la <strong>Cathedral<\/strong>, en donde observaremos una sucesi\u00f3n cronol\u00f3gica de estilos art\u00edsticos, desde el G\u00f3tico al Barroco; adem\u00e1s, podr\u00e1s conocer la <strong>Royal Chapel<\/strong>, lugar de enterramiento de los <strong>Catholic Monarchs<\/strong> y otros miembros de su familia, y que cuenta con un museo con la colecci\u00f3n privada de <strong>Isabel y Fernando<\/strong>, dotada de piezas de pintura y escultura de autores peninsulares y extranjeros del arte G\u00f3tico y Renacentista, la corona y el cetro de Isabel o la espada de Fernando.\n<h2>\n\t\t\tMeeting point\t<\/h2>\n\t\t\t\t<img decoding=\"async\" src=\"https:\/\/walkingranada.com\/wp-content\/uploads\/2023\/01\/fuente-plaza-nueva.webp\" alt=\"fuente-plaza-nueva\" itemprop=\"image\" height=\"398\" width=\"711\" title=\"fuente-plaza-nueva\" onerror=\"this.style.display='none'\" loading='lazy' \/>\n<h3 class=\"translation-block\"><span class=\"fl-heading-text\">Main fountain in front of the pharmacy at <span class=\"red\">Plaza Nueva<\/span><\/span><\/h3>\n\t<p>Do you need directions to get there?<\/p>\n\t\t\t<a href=\"#reserva\" target=\"_self\">\n\t\t\t\t\t\t\tBook &gt;\n\t\t\t\t\t<\/a>\n\t\t\t<a href=\"https:\/\/walkingranada.com\/en\/how-to-get-to-plaza-nueva\/\" target=\"_self\">\n\t\t\t\t\t\t\tHow to get there? &gt;\n\t\t\t\t\t<\/a>\n<h2>\n\t\t\tRecommendations\t<\/h2>\n\t<ol>\n<li class=\"translation-block\">Arrive <strong>20 minutes early<\/strong> before the start time of the visit.<\/li>\n<li class=\"translation-block\">Wear <strong>comfortable footwear<\/strong>. The visit lasts for 2 hours.<\/li>\n<li class=\"translation-block\">In summer, remember to use <strong>sunscreen<\/strong> and bring a <strong>water bottle<\/strong>.<\/li>\n<\/ol>\n<h2>\n\t\t\tWhat does the visit include and what does it not include?\t<\/h2>\n\t<h3><strong>Includes<\/strong><\/h3>\n<ul>\n<li>Entrance to the interior of the Cathedral and Royal Chapel<\/li>\n<li>Official guide<\/li>\n<li>Sound system for more than 6 people<\/li>\n<\/ul>\n<h3><strong>Does not include<\/strong><\/h3>\n<ul>\n<li>Entrance to other monuments<\/li>\n<li>Transfers<\/li>\n<li>Tips<\/li>\n<\/ul>\n<h2>\n\t\t\tItinerary\t<\/h2>\n\t<ul>\n<li>Plaza Nueva<\/li>\n<li>Alcaicer\u00eda<\/li>\n<li>Cathedral<\/li>\n<li>Royal Chapel<\/li>\n<\/ul>\n\t<p>In this private tour you will discover the figure of the Catholic Monarchs, Isabella and Ferdinand, and visit the place where their mortal remains rest. The other monument we will visit is the Cathedral, a masterpiece of the Purist Art of the Peninsula and the Christian part of the city. You will understand why Isabella and Ferdinand played an important role in the Christianization of the city and the transformation of Granada towards modernity.<\/p>\n<p><strong>Check our calendar for availability, don't miss it!<\/strong><\/p>\n<h2>\n\t\t\tTambi\u00e9n puedes reservar nuestras otras visitas guiadas&#8230;\t<\/h2>\n\t<section>\n            <img decoding=\"async\" loading=\"lazy\" src=\"https:\/\/walkingranada.com\/wp-content\/uploads\/2023\/01\/Jardines-card-walkin.webp\" width=\"100%\" alt=\"Private Tour of the Alhambra\"\/>\n                <h3>Private Tour of the Alhambra<\/h3>\n                <hr \/>\n                <p>If you want to visit the Alhambra with a guide dedicated only to you and your family and\/or friends.<\/p>\n                <hr \/>\n                    <p> Every day<\/p>\n                    <p> Site hours<\/p>\n                    <p> 3h<\/p>\n                    From\n                    <p>40\u20ac<\/p>\/pax\n            <a href=\"https:\/\/walkingranada.com\/en\/alhambra\/private-tour\/\">Book &gt;<\/a>\n            <img decoding=\"async\" loading=\"lazy\" src=\"https:\/\/walkingranada.com\/wp-content\/uploads\/2023\/01\/Alhambra-card-walkin.webp\" width=\"100%\" alt=\"Visita con entrada a la alhambra y generalife\"\/>\n                <h3>Group Tour to Alhambra &amp; Generalife<\/h3>\n                <hr \/>\n                <p>Enter the palatine city of the Alhambra and its impressive gardens.<\/p>\n                <hr \/>\n                    <p> Every day<\/p>\n                    <p> Site hours<\/p>\n                    <p> 3h<\/p>\n                    From\n                    <p>49\u20ac<\/p>\/pax\n            <a href=\"https:\/\/walkingranada.com\/en\/alhambra\/guided-tour-with-alhambra-ticket\/\">Book &gt;<\/a>\n        <img decoding=\"async\" loading=\"lazy\" src=\"https:\/\/walkingranada.com\/wp-content\/uploads\/2023\/01\/visita-albaicin-card.webp\" width=\"100%\" alt=\"Visita guiada al albaic\u00edn\"\/>\n            <h3>Guided tour of the <br \/>Albaicin &amp; Sacromonte<\/h3>\n            <hr \/>\n            <p>Discover the most emblematic neighborhoods of Granada: the Muslim and the Gypsy neighborhood.<\/p>\n            <hr \/>\n                <p> Every day<\/p>\n                <p> Ask us<\/p>\n                <p> 2,5h<\/p>\n                    From\n                    <p>8\u20ac<\/p>\/pax\n        <a href=\"https:\/\/walkingranada.com\/en\/guided-tours\/albaicin-and-sacromonte\/\">Book &gt;<\/a>\n        <img decoding=\"async\" loading=\"lazy\" src=\"https:\/\/walkingranada.com\/wp-content\/uploads\/2023\/05\/water-fountain-in-the-cathedral-church-in-granada-2023-05-11-05-38-54-utc-e1687169359923.jpg.webp\" width=\"100%\" alt=\"Visita guiada al sacromonte\"\/>\n            <h3>Royal Chapel &amp; Cathedral Group tour<\/h3>\n            <hr \/>\n            <p>Discover the two most important buildings of the Granada Renaissance.<\/p>\n            <hr \/>\n                <p> Every day<\/p>\n                <p> Ask us<\/p>\n                <p> 2,5h<\/p>\n                    From\n                    <p>8\u20ac<\/p>\/pax\n        <a href=\"https:\/\/walkingranada.com\/en\/guided-tours\/group-cathedral-royal-chapel\/\">Book &gt;<\/a>\n<\/section>\n<h2>\n\t\t\tTambi\u00e9n puedes reservar nuestros otros servicios&#8230;\t<\/h2>\n\t<a href=\"https:\/\/walkingranada.com\/en\/what-to-do-in-granada\/flamenco\/\" target=\"_self\"><\/a>\t\t\t<img decoding=\"async\" loading=\"lazy\" alt=\"bailaora flamenca\" src=\"https:\/\/walkingranada.com\/wp-content\/uploads\/2022\/10\/Rectangle-42.png\"\/>\n\t\t<h3>Flamenco<\/h3>\n\t<a href=\"https:\/\/walkingranada.com\/en\/what-to-do-in-granada\/hammam-al-andalus\/\" target=\"_self\"><\/a>\t\t\t<img decoding=\"async\" loading=\"lazy\" alt=\"ba\u00f1os \u00e1rabes\" src=\"https:\/\/walkingranada.com\/wp-content\/uploads\/2022\/10\/Rectangle-43.png\"\/>\n\t\t<h3>Hammam <br \/>Al-\u00e1ndalus<\/h3>\n\t<a href=\"https:\/\/walkingranada.com\/en\/what-to-do-in-granada\/day-trips\/\" target=\"_self\"><\/a>\t\t\t<img decoding=\"async\" loading=\"lazy\" alt=\"mezquita de c\u00f3rdoba\" src=\"https:\/\/walkingranada.com\/wp-content\/uploads\/2022\/10\/Rectangle-45.png\"\/>\n\t\t<h3>Day <br \/>trips<\/h3>\n\t<a href=\"https:\/\/walkingranada.com\/en\/what-to-do-in-granada\/olfactory-route\/\" target=\"_self\"><\/a>\t\t\t<img decoding=\"async\" loading=\"lazy\" alt=\"imagen de una chica joven\" src=\"https:\/\/walkingranada.com\/wp-content\/uploads\/2022\/10\/Rectangle-38.png\"\/>\n\t\t<h3>Olfactory route<\/h3>","protected":false},"excerpt":{"rendered":"<p>Visitas guiadas &gt;\u00a0 CAPILLA REAL Y CATEDRAL privada VISITA privada CAPILLA REAL Y CATEDRAL Plaza nueva Fuente principal de la plaza Dificultad baja Casco urbano y Monumentos Accesibilidad limitada De lunes a s\u00e1bado Selecciona tu horario preferido 2 horas Desde 24\u20ac CASTELLANO \/ INGL\u00c9S \/ otros idiomas bajo petici\u00f3n Descubre los dos edificios emblem\u00e1ticos de &#8230; <a title=\"Royal Chapel &amp; Cathedral Private Tour\" class=\"read-more\" href=\"https:\/\/walkingranada.com\/en\/visitas-guiadas\/catedral-capilla-real-privada\/\" aria-label=\"Read more about Visita Privada Capilla Real y Catedral\">Read more<\/a><\/p>","protected":false},"author":2,"featured_media":2542,"parent":94,"menu_order":0,"comment_status":"closed","ping_status":"closed","template":"","meta":{"footnotes":""},"class_list":["post-4307","page","type-page","status-publish","has-post-thumbnail"],"yoast_head":"<!-- This site is optimized with the Yoast SEO plugin v27.4 - https:\/\/yoast.com\/product\/yoast-seo-wordpress\/ -->\n<title>Visita Privada Capilla Real y Catedral - Walk in Granada<\/title>\n<meta name=\"description\" content=\"En esta visita privada a la Capilla Real y a la Catedral descubrir\u00e1s dos s\u00edmbolos de la ciudad tras la conquista de los Reyes Cat\u00f3licos.\" \/>\n<meta name=\"robots\" content=\"index, follow, max-snippet:-1, max-image-preview:large, max-video-preview:-1\" \/>\n<link rel=\"canonical\" href=\"https:\/\/walkingranada.com\/en\/guided-tours\/cathedral-royal-chapel-private-tour\/\" \/>\n<meta property=\"og:locale\" content=\"en_GB\" \/>\n<meta property=\"og:type\" content=\"article\" \/>\n<meta property=\"og:title\" content=\"Visita Privada Capilla Real y Catedral - Walk in Granada\" \/>\n<meta property=\"og:description\" content=\"En esta visita privada a la Capilla Real y a la Catedral descubrir\u00e1s dos s\u00edmbolos de la ciudad tras la conquista de los Reyes Cat\u00f3licos.\" \/>\n<meta property=\"og:url\" content=\"https:\/\/walkingranada.com\/en\/guided-tours\/cathedral-royal-chapel-private-tour\/\" \/>\n<meta property=\"og:site_name\" content=\"Walk in Granada\" \/>\n<meta property=\"article:publisher\" content=\"https:\/\/es-es.facebook.com\/walkingranadatour\/\" \/>\n<meta property=\"article:modified_time\" content=\"2025-05-16T06:33:44+00:00\" \/>\n<meta property=\"og:image\" content=\"https:\/\/walkingranada.com\/wp-content\/uploads\/2023\/01\/Capilla-Real.webp\" \/>\n\t<meta property=\"og:image:width\" content=\"305\" \/>\n\t<meta property=\"og:image:height\" content=\"305\" \/>\n\t<meta property=\"og:image:type\" content=\"image\/webp\" \/>\n<meta name=\"twitter:card\" content=\"summary_large_image\" \/>\n<meta name=\"twitter:site\" content=\"@walkingranada\" \/>\n<meta name=\"twitter:label1\" content=\"Estimated reading time\" \/>\n\t<meta name=\"twitter:data1\" content=\"8 minutes\" \/>\n<script type=\"application\/ld+json\" class=\"yoast-schema-graph\">{\"@context\":\"https:\\\/\\\/schema.org\",\"@graph\":[{\"@type\":\"WebPage\",\"@id\":\"https:\\\/\\\/walkingranada.com\\\/visitas-guiadas\\\/catedral-capilla-real-privada\\\/\",\"url\":\"https:\\\/\\\/walkingranada.com\\\/visitas-guiadas\\\/catedral-capilla-real-privada\\\/\",\"name\":\"Visita Privada Capilla Real y Catedral - Walk in Granada\",\"isPartOf\":{\"@id\":\"https:\\\/\\\/walkingranada.com\\\/#website\"},\"primaryImageOfPage\":{\"@id\":\"https:\\\/\\\/walkingranada.com\\\/visitas-guiadas\\\/catedral-capilla-real-privada\\\/#primaryimage\"},\"image\":{\"@id\":\"https:\\\/\\\/walkingranada.com\\\/visitas-guiadas\\\/catedral-capilla-real-privada\\\/#primaryimage\"},\"thumbnailUrl\":\"https:\\\/\\\/walkingranada.com\\\/wp-content\\\/uploads\\\/2023\\\/01\\\/Capilla-Real.webp\",\"datePublished\":\"2023-06-19T10:22:06+00:00\",\"dateModified\":\"2025-05-16T06:33:44+00:00\",\"description\":\"En esta visita privada a la Capilla Real y a la Catedral descubrir\u00e1s dos s\u00edmbolos de la ciudad tras la conquista de los Reyes Cat\u00f3licos.\",\"breadcrumb\":{\"@id\":\"https:\\\/\\\/walkingranada.com\\\/visitas-guiadas\\\/catedral-capilla-real-privada\\\/#breadcrumb\"},\"inLanguage\":\"en-GB\",\"potentialAction\":[{\"@type\":\"ReadAction\",\"target\":[\"https:\\\/\\\/walkingranada.com\\\/visitas-guiadas\\\/catedral-capilla-real-privada\\\/\"]}]},{\"@type\":\"ImageObject\",\"inLanguage\":\"en-GB\",\"@id\":\"https:\\\/\\\/walkingranada.com\\\/visitas-guiadas\\\/catedral-capilla-real-privada\\\/#primaryimage\",\"url\":\"https:\\\/\\\/walkingranada.com\\\/wp-content\\\/uploads\\\/2023\\\/01\\\/Capilla-Real.webp\",\"contentUrl\":\"https:\\\/\\\/walkingranada.com\\\/wp-content\\\/uploads\\\/2023\\\/01\\\/Capilla-Real.webp\",\"width\":305,\"height\":305,\"caption\":\"Capilla Real\"},{\"@type\":\"BreadcrumbList\",\"@id\":\"https:\\\/\\\/walkingranada.com\\\/visitas-guiadas\\\/catedral-capilla-real-privada\\\/#breadcrumb\",\"itemListElement\":[{\"@type\":\"ListItem\",\"position\":1,\"name\":\"Portada\",\"item\":\"https:\\\/\\\/walkingranada.com\\\/\"},{\"@type\":\"ListItem\",\"position\":2,\"name\":\"Visitas guiadas\",\"item\":\"https:\\\/\\\/walkingranada.com\\\/visitas-guiadas\\\/\"},{\"@type\":\"ListItem\",\"position\":3,\"name\":\"Visita Privada Capilla Real y Catedral\"}]},{\"@type\":\"WebSite\",\"@id\":\"https:\\\/\\\/walkingranada.com\\\/#website\",\"url\":\"https:\\\/\\\/walkingranada.com\\\/\",\"name\":\"Walk in Granada\",\"description\":\"Turismo responsable\",\"publisher\":{\"@id\":\"https:\\\/\\\/walkingranada.com\\\/#organization\"},\"alternateName\":\"Walk in Granada\",\"potentialAction\":[{\"@type\":\"SearchAction\",\"target\":{\"@type\":\"EntryPoint\",\"urlTemplate\":\"https:\\\/\\\/walkingranada.com\\\/?s={search_term_string}\"},\"query-input\":{\"@type\":\"PropertyValueSpecification\",\"valueRequired\":true,\"valueName\":\"search_term_string\"}}],\"inLanguage\":\"en-GB\"},{\"@type\":\"Organization\",\"@id\":\"https:\\\/\\\/walkingranada.com\\\/#organization\",\"name\":\"Walk In Granada\",\"alternateName\":\"Walk In Granada\",\"url\":\"https:\\\/\\\/walkingranada.com\\\/\",\"logo\":{\"@type\":\"ImageObject\",\"inLanguage\":\"en-GB\",\"@id\":\"https:\\\/\\\/walkingranada.com\\\/#\\\/schema\\\/logo\\\/image\\\/\",\"url\":\"https:\\\/\\\/walkingranada.com\\\/wp-content\\\/uploads\\\/2022\\\/12\\\/Logo-Walking.webp\",\"contentUrl\":\"https:\\\/\\\/walkingranada.com\\\/wp-content\\\/uploads\\\/2022\\\/12\\\/Logo-Walking.webp\",\"width\":512,\"height\":512,\"caption\":\"Walk In Granada\"},\"image\":{\"@id\":\"https:\\\/\\\/walkingranada.com\\\/#\\\/schema\\\/logo\\\/image\\\/\"},\"sameAs\":[\"https:\\\/\\\/es-es.facebook.com\\\/walkingranadatour\\\/\",\"https:\\\/\\\/x.com\\\/walkingranada\",\"https:\\\/\\\/www.instagram.com\\\/walkingranada\\\/\"]}]}<\/script>\n<!-- \/ Yoast SEO plugin. -->","yoast_head_json":{"title":"Royal Chapel &amp; Cathedral private Tour - Walk in Granada","description":"In this private tour of the Royal Chapel and the Cathedral, you will discover two symbols of the city following the conquest by the Catholic Monarchs.","robots":{"index":"index","follow":"follow","max-snippet":"max-snippet:-1","max-image-preview":"max-image-preview:large","max-video-preview":"max-video-preview:-1"},"canonical":"https:\/\/walkingranada.com\/en\/guided-tours\/cathedral-royal-chapel-private-tour\/","og_locale":"en_GB","og_type":"article","og_title":"Visita Privada Capilla Real y Catedral - Walk in Granada","og_description":"En esta visita privada a la Capilla Real y a la Catedral descubrir\u00e1s dos s\u00edmbolos de la ciudad tras la conquista de los Reyes Cat\u00f3licos.","og_url":"https:\/\/walkingranada.com\/en\/guided-tours\/cathedral-royal-chapel-private-tour\/","og_site_name":"Walk in Granada","article_publisher":"https:\/\/es-es.facebook.com\/walkingranadatour\/","article_modified_time":"2025-05-16T06:33:44+00:00","og_image":[{"width":305,"height":305,"url":"https:\/\/walkingranada.com\/wp-content\/uploads\/2023\/01\/Capilla-Real.webp","type":"image\/webp"}],"twitter_card":"summary_large_image","twitter_site":"@walkingranada","twitter_misc":{"Estimated reading time":"8 minutes"},"schema":{"@context":"https:\/\/schema.org","@graph":[{"@type":"WebPage","@id":"https:\/\/walkingranada.com\/visitas-guiadas\/catedral-capilla-real-privada\/","url":"https:\/\/walkingranada.com\/visitas-guiadas\/catedral-capilla-real-privada\/","name":"Royal Chapel &amp; Cathedral private Tour - Walk in Granada","isPartOf":{"@id":"https:\/\/walkingranada.com\/#website"},"primaryImageOfPage":{"@id":"https:\/\/walkingranada.com\/visitas-guiadas\/catedral-capilla-real-privada\/#primaryimage"},"image":{"@id":"https:\/\/walkingranada.com\/visitas-guiadas\/catedral-capilla-real-privada\/#primaryimage"},"thumbnailUrl":"https:\/\/walkingranada.com\/wp-content\/uploads\/2023\/01\/Capilla-Real.webp","datePublished":"2023-06-19T10:22:06+00:00","dateModified":"2025-05-16T06:33:44+00:00","description":"In this private tour of the Royal Chapel and the Cathedral, you will discover two symbols of the city following the conquest by the Catholic Monarchs.","breadcrumb":{"@id":"https:\/\/walkingranada.com\/visitas-guiadas\/catedral-capilla-real-privada\/#breadcrumb"},"inLanguage":"en-GB","potentialAction":[{"@type":"ReadAction","target":["https:\/\/walkingranada.com\/visitas-guiadas\/catedral-capilla-real-privada\/"]}]},{"@type":"ImageObject","inLanguage":"en-GB","@id":"https:\/\/walkingranada.com\/visitas-guiadas\/catedral-capilla-real-privada\/#primaryimage","url":"https:\/\/walkingranada.com\/wp-content\/uploads\/2023\/01\/Capilla-Real.webp","contentUrl":"https:\/\/walkingranada.com\/wp-content\/uploads\/2023\/01\/Capilla-Real.webp","width":305,"height":305,"caption":"Capilla Real"},{"@type":"BreadcrumbList","@id":"https:\/\/walkingranada.com\/visitas-guiadas\/catedral-capilla-real-privada\/#breadcrumb","itemListElement":[{"@type":"ListItem","position":1,"name":"Portada","item":"https:\/\/walkingranada.com\/"},{"@type":"ListItem","position":2,"name":"Visitas guiadas","item":"https:\/\/walkingranada.com\/visitas-guiadas\/"},{"@type":"ListItem","position":3,"name":"Visita Privada Capilla Real y Catedral"}]},{"@type":"WebSite","@id":"https:\/\/walkingranada.com\/#website","url":"https:\/\/walkingranada.com\/","name":"Walk in Granada","description":"Turismo responsable","publisher":{"@id":"https:\/\/walkingranada.com\/#organization"},"alternateName":"Walk in Granada","potentialAction":[{"@type":"SearchAction","target":{"@type":"EntryPoint","urlTemplate":"https:\/\/walkingranada.com\/?s={search_term_string}"},"query-input":{"@type":"PropertyValueSpecification","valueRequired":true,"valueName":"search_term_string"}}],"inLanguage":"en-GB"},{"@type":"Organization","@id":"https:\/\/walkingranada.com\/#organization","name":"Walk In Granada","alternateName":"Walk In Granada","url":"https:\/\/walkingranada.com\/","logo":{"@type":"ImageObject","inLanguage":"en-GB","@id":"https:\/\/walkingranada.com\/#\/schema\/logo\/image\/","url":"https:\/\/walkingranada.com\/wp-content\/uploads\/2022\/12\/Logo-Walking.webp","contentUrl":"https:\/\/walkingranada.com\/wp-content\/uploads\/2022\/12\/Logo-Walking.webp","width":512,"height":512,"caption":"Walk In Granada"},"image":{"@id":"https:\/\/walkingranada.com\/#\/schema\/logo\/image\/"},"sameAs":["https:\/\/es-es.facebook.com\/walkingranadatour\/","https:\/\/x.com\/walkingranada","https:\/\/www.instagram.com\/walkingranada\/"]}]}},"_links":{"self":[{"href":"https:\/\/walkingranada.com\/en\/wp-json\/wp\/v2\/pages\/4307","targetHints":{"allow":["GET"]}}],"collection":[{"href":"https:\/\/walkingranada.com\/en\/wp-json\/wp\/v2\/pages"}],"about":[{"href":"https:\/\/walkingranada.com\/en\/wp-json\/wp\/v2\/types\/page"}],"author":[{"embeddable":true,"href":"https:\/\/walkingranada.com\/en\/wp-json\/wp\/v2\/users\/2"}],"replies":[{"embeddable":true,"href":"https:\/\/walkingranada.com\/en\/wp-json\/wp\/v2\/comments?post=4307"}],"version-history":[{"count":3,"href":"https:\/\/walkingranada.com\/en\/wp-json\/wp\/v2\/pages\/4307\/revisions"}],"predecessor-version":[{"id":6944,"href":"https:\/\/walkingranada.com\/en\/wp-json\/wp\/v2\/pages\/4307\/revisions\/6944"}],"up":[{"embeddable":true,"href":"https:\/\/walkingranada.com\/en\/wp-json\/wp\/v2\/pages\/94"}],"wp:featuredmedia":[{"embeddable":true,"href":"https:\/\/walkingranada.com\/en\/wp-json\/wp\/v2\/media\/2542"}],"wp:attachment":[{"href":"https:\/\/walkingranada.com\/en\/wp-json\/wp\/v2\/media?parent=4307"}],"curies":[{"name":"wp","href":"https:\/\/api.w.org\/{rel}","templated":true}]}}