{"id":428,"date":"2022-10-27T08:58:14","date_gmt":"2022-10-27T08:58:14","guid":{"rendered":"https:\/\/factum-omibu.es\/walkin\/?page_id=428"},"modified":"2023-05-22T07:00:58","modified_gmt":"2023-05-22T07:00:58","slug":"visit-the-alhambra","status":"publish","type":"page","link":"https:\/\/walkingranada.com\/en\/visitas-guiadas\/turismo-accesible\/visita-alhambra\/","title":{"rendered":"Alhambra accessible tour"},"content":{"rendered":"<p>ACCESSIBLE TOURISM &gt; Alhambra tour<\/p>\r\n\n<div class=\"wpcf7 no-js\" id=\"wpcf7-f698-o1\" lang=\"es-ES\" dir=\"ltr\" data-wpcf7-id=\"698\">\n<div class=\"screen-reader-response\"><p role=\"status\" aria-live=\"polite\" aria-atomic=\"true\"><\/p> <ul><\/ul><\/div>\n<form action=\"\/en\/wp-json\/wp\/v2\/pages\/428#wpcf7-f698-o1\" method=\"post\" class=\"wpcf7-form init\" aria-label=\"Formulario de contacto\" novalidate=\"novalidate\" data-status=\"init\" data-trp-original-action=\"\/en\/wp-json\/wp\/v2\/pages\/428#wpcf7-f698-o1\">\n<fieldset class=\"hidden-fields-container\"><input type=\"hidden\" name=\"_wpcf7\" value=\"698\" \/><input type=\"hidden\" name=\"_wpcf7_version\" value=\"6.1.5\" \/><input type=\"hidden\" name=\"_wpcf7_locale\" value=\"es_ES\" \/><input type=\"hidden\" name=\"_wpcf7_unit_tag\" value=\"wpcf7-f698-o1\" \/><input type=\"hidden\" name=\"_wpcf7_container_post\" value=\"0\" \/><input type=\"hidden\" name=\"_wpcf7_posted_data_hash\" value=\"\" \/>\n<\/fieldset>\n<div class=\"wpcf7-turnstile cf-turnstile\" data-sitekey=\"0x4AAAAAABDgXyo_srqgI3Rz\" data-response-field-name=\"_wpcf7_turnstile_response\"><\/div>\n\n<p><span class=\"wpcf7-form-control-wrap\" data-name=\"nombre\"><input size=\"40\" maxlength=\"400\" class=\"wpcf7-form-control wpcf7-text wpcf7-validates-as-required\" aria-required=\"true\" aria-invalid=\"false\" placeholder=\"Name*\" value=\"\" type=\"text\" name=\"nombre\" \/><\/span>\n<\/p>\n<p><span class=\"wpcf7-form-control-wrap\" data-name=\"email\"><input size=\"40\" maxlength=\"400\" class=\"wpcf7-form-control wpcf7-email wpcf7-validates-as-required wpcf7-text wpcf7-validates-as-email\" aria-required=\"true\" aria-invalid=\"false\" placeholder=\"E-Mail*\" value=\"\" type=\"email\" name=\"email\" \/><\/span>\n<\/p>\n<p><span class=\"wpcf7-form-control-wrap\" data-name=\"telefono\"><input size=\"40\" maxlength=\"400\" class=\"wpcf7-form-control wpcf7-text wpcf7-validates-as-required\" aria-required=\"true\" aria-invalid=\"false\" placeholder=\"Phone*\" value=\"\" type=\"text\" name=\"telefono\" \/><\/span>\n<\/p>\n<p><label>Adapted route<\/label><br \/>\n<span class=\"wpcf7-form-control-wrap\" data-name=\"ruta\"><select class=\"wpcf7-form-control wpcf7-select wpcf7-validates-as-required\" aria-required=\"true\" aria-invalid=\"false\" name=\"ruta\"><option value=\"\">&#8212;Por favor, elige una opci\u00f3n&#8212;<\/option><option value=\"Alhambra\">Alhambra<\/option><option value=\"Centro hist\u00f3rico y albaic\u00edn\">Historical Center and Albaic\u00edn<\/option><\/select><\/span>\n<\/p>\n<p><label>Date :<br \/>\n<span class=\"wpcf7-form-control-wrap\" data-name=\"fecha\"><input class=\"wpcf7-form-control wpcf7-date wpcf7-validates-as-required wpcf7-validates-as-date\" aria-required=\"true\" aria-invalid=\"false\" value=\"\" type=\"date\" name=\"fecha\" \/><\/span><\/label>\n<\/p>\n<p><label>Total number of people in the group*<\/label><br \/>\n<span class=\"wpcf7-form-control-wrap\" data-name=\"personas\"><select class=\"wpcf7-form-control wpcf7-select wpcf7-validates-as-required\" aria-required=\"true\" aria-invalid=\"false\" name=\"personas\"><option value=\"1\">1<\/option><option value=\"2\">2<\/option><option value=\"3\">3<\/option><option value=\"4\">4<\/option><option value=\"5\">5<\/option><option value=\"6\">6<\/option><option value=\"7\">7<\/option><option value=\"8\">8<\/option><option value=\"9\">9<\/option><option value=\"10\">10<\/option><\/select><\/span>\n<\/p>\n<p><label>Number of wheelchair users*<\/label><br \/>\n<span class=\"wpcf7-form-control-wrap\" data-name=\"sillas\"><select class=\"wpcf7-form-control wpcf7-select wpcf7-validates-as-required\" aria-required=\"true\" aria-invalid=\"false\" name=\"sillas\"><option value=\"0\">0<\/option><option value=\"1\">1<\/option><option value=\"2\">2<\/option><option value=\"3\">3<\/option><option value=\"4\">4<\/option><option value=\"5\">5<\/option><option value=\"6\">6<\/option><option value=\"7\">7<\/option><option value=\"8\">8<\/option><option value=\"9\">9<\/option><option value=\"10\">10<\/option><\/select><\/span>\n<\/p>\n<p><label>Type of wheelchair*<\/label><br \/>\n<span class=\"wpcf7-form-control-wrap\" data-name=\"tiposilla\"><select class=\"wpcf7-form-control wpcf7-select wpcf7-validates-as-required\" aria-required=\"true\" aria-invalid=\"false\" name=\"tiposilla\"><option value=\"\">&#8212;Por favor, elige una opci\u00f3n&#8212;<\/option><option value=\"Manual\">Manual<\/option><option value=\"Motorizada\">Motorised<\/option><option value=\"Ambas\">Both<\/option><\/select><\/span>\n<\/p>\n<p><label> Language:<\/label><br \/>\n<span class=\"wpcf7-form-control-wrap\" data-name=\"idioma\"><select class=\"wpcf7-form-control wpcf7-select\" aria-invalid=\"false\" name=\"idioma\"><option value=\"Espa\u00f1ol\">Spanish<\/option><option value=\"Ingl\u00e9s\">English<\/option><\/select><\/span>\n<\/p>\n<p><span class=\"wpcf7-form-control-wrap\" data-name=\"alojamiento\"><input size=\"40\" maxlength=\"400\" class=\"wpcf7-form-control wpcf7-text\" aria-invalid=\"false\" placeholder=\"Where are you staying in Granada?\" value=\"\" type=\"text\" name=\"alojamiento\" \/><\/span>\n<\/p>\n<p><span class=\"wpcf7-form-control-wrap\" data-name=\"mensaje\"><textarea cols=\"40\" rows=\"10\" maxlength=\"2000\" class=\"wpcf7-form-control wpcf7-textarea\" aria-invalid=\"false\" placeholder=\"Observations \/ Comments\" name=\"mensaje\"><\/textarea><\/span>\n<\/p>\n<p><label>How did you know us?<\/label><br \/>\n<span class=\"wpcf7-form-control-wrap\" data-name=\"conociste\"><select class=\"wpcf7-form-control wpcf7-select\" aria-invalid=\"false\" name=\"conociste\"><option value=\"\">&#8212;Por favor, elige una opci\u00f3n&#8212;<\/option><option value=\"Boca a boca\">Word of mouth<\/option><option value=\"B\u00fasqueda online\">Online search<\/option><option value=\"Facebook\/Twitter\/Socialmedia\">Facebook\/Twitter\/Socialmedia<\/option><option value=\"Oficina de turismo\">Tourist office<\/option><option value=\"Tripadvisor\">Tripadvisor<\/option><option value=\"Alojamiento\">Accommodation<\/option><option value=\"Otro\">Another<\/option><\/select><\/span>\n<\/p>\n<p><span class=\"wpcf7-form-control-wrap\" data-name=\"acceptance-994\"><span class=\"wpcf7-form-control wpcf7-acceptance\"><span class=\"wpcf7-list-item\"><label><input type=\"checkbox\" name=\"acceptance-994\" value=\"1\" aria-invalid=\"false\" \/><span class=\"wpcf7-list-item-label\">I have read and accept the <a class=\"red\" href=\"https:\/\/walkingranada.com\/en\/privacy-policy\/\" target=\"_blank\">Privacy Policy<\/a><\/span><\/label><\/span><\/span><\/span><br \/>\n<div class=\"cf7-cf-turnstile\" style=\"margin-top: 0px; margin-bottom: -15px;\"> <div id=\"cf-turnstile-cf7-2498570657\" class=\"cf-turnstile\" data-sitekey=\"0x4AAAAAABDgXyo_srqgI3Rz\" data-theme=\"light\" data-language=\"auto\" data-size=\"normal\" data-retry=\"auto\" data-retry-interval=\"1000\" data-refresh-expired=\"auto\" data-refresh-timeout=\"auto\" data-action=\"contact-form-7\" data-callback=\"turnstileCF7Callback\" data-appearance=\"always\"><\/div> <script>document.addEventListener(\"DOMContentLoaded\", function() { setTimeout(function(){ var e=document.getElementById(\"cf-turnstile-cf7-2498570657\"); if(e&&!e.innerHTML.trim()){turnstile.render(e, {sitekey:\"0x4AAAAAABDgXyo_srqgI3Rz\"});} }, 200); });<\/script> <br class=\"cf-turnstile-br cf-turnstile-br-cf7-2498570657\"> <style>#cf-turnstile-cf7-2498570657 { margin-left: -15px; }<\/style> <script>document.addEventListener(\"DOMContentLoaded\",function(){document.querySelectorAll('.wpcf7-form').forEach(function(e){e.addEventListener('submit',function(){if(document.getElementById('cf-turnstile-cf7-2498570657')){setTimeout(function(){turnstile.reset('#cf-turnstile-cf7-2498570657');},1000)}})})});<\/script> <\/div>\n<\/p>\n<p><input class=\"wpcf7-form-control wpcf7-submit has-spinner\" type=\"submit\" value=\"Send\" \/>\n<\/p><div class=\"wpcf7-response-output\" aria-hidden=\"true\"><\/div>\n<input type=\"hidden\" name=\"trp-form-language\" value=\"en\"\/><\/form>\n<\/div>\n\r\n<h1>ALHAMBRA ACCESSIBLE PRIVATE TOUR<\/h1>\r\n<p><a href=\"#encuentro\"> <img decoding=\"async\" loading=\"lazy\" src=\"https:\/\/walkingranada.com\/wp-content\/uploads\/2022\/10\/fi-rr-marker.png\" alt=\"Alhambra ticket office\" \/><\/a><\/p>\r\n<p>Alhambra ticket office <img decoding=\"async\" loading=\"lazy\" src=\"https:\/\/walkingranada.com\/wp-content\/uploads\/2022\/10\/\ud83e\udd86-icon-_Info-Circle_.png\" alt=\"informaci\u00f3n\" \/><\/p>\r\n<p><img decoding=\"async\" loading=\"lazy\" src=\"https:\/\/walkingranada.com\/wp-content\/uploads\/2022\/12\/encuentro_icon.png\" alt=\"Agencies meeting point\" \/><\/p>\r\n<p>Agencies meeting point<\/p>\r\n<p><img decoding=\"async\" loading=\"lazy\" src=\"https:\/\/walkingranada.com\/wp-content\/uploads\/2022\/10\/fi-rr-chat-arrow-grow.png\" alt=\"Low difficulty\" \/><\/p>\r\n<p>Low difficulty<\/p>\r\n<p><img decoding=\"async\" loading=\"lazy\" src=\"https:\/\/walkingranada.com\/wp-content\/uploads\/2022\/10\/fi-rr-map.png\" alt=\"Monumental complex\" \/><\/p>\r\n<p>Monumental complex<\/p>\r\n<p><img decoding=\"async\" loading=\"lazy\" src=\"https:\/\/walkingranada.com\/wp-content\/uploads\/2022\/12\/accesibilidad_.png\" alt=\"Accessible\" \/><\/p>\r\n<p>Accessible<\/p>\r\n<p><img decoding=\"async\" loading=\"lazy\" src=\"https:\/\/walkingranada.com\/wp-content\/uploads\/2022\/10\/fi-rr-calendar.png\" alt=\"TODOS LOS DIAS\" \/><\/p>\r\n<p>Every day<\/p>\r\n<p><img decoding=\"async\" loading=\"lazy\" src=\"https:\/\/walkingranada.com\/wp-content\/uploads\/2022\/10\/fi-rr-clock.png\" alt=\"11:00 AM\" \/><\/p>\r\n<p>According to availability<\/p>\r\n<p><img decoding=\"async\" loading=\"lazy\" src=\"https:\/\/walkingranada.com\/wp-content\/uploads\/2022\/10\/fi-rr-alarm-clock.png\" alt=\"3 hours\" \/><\/p>\r\n<p>3 hours<\/p>\r\n<p><img decoding=\"async\" loading=\"lazy\" src=\"https:\/\/walkingranada.com\/wp-content\/uploads\/2022\/10\/fi-rr-receipt.png\" alt=\"TU PONES EL PRECIO\" \/><\/p>\r\n<p>From 48\u20ac\/pax<\/p>\r\n<p><img decoding=\"async\" loading=\"lazy\" src=\"https:\/\/walkingranada.com\/wp-content\/uploads\/2022\/10\/fi-rr-comments.png\" alt=\"Spanish\" \/><\/p>\r\n<p>Spanish \/ English \/ French<\/p>\r\n<h2>Discover the icon of the city of Granada<\/h2>\r\n<p>Conoce con uno de nuestros gu\u00edas oficiales la imponente fortaleza nazar\u00ed de La Alhambra, considerada Patrimonio Mundial de la Humanidad por parte de la UNESCO. Aprender\u00e1s sobre su historia, arte, cultura, sociedad, an\u00e9cdotas y leyendas.<\/p>\r\n<p>Revive el pasado musulm\u00e1n de la ciudad palatina durante 3 horas, disfrutando de las construcciones nazar\u00edes y descubre como los cristianos adaptaron la ciudad a sus necesidades y gustos, siendo a la vez respetuosos con la tradici\u00f3n.<\/p>\r\n<p>A visit in which past and present intertwine, making this an unforgettable experience.<\/p>\r\n<h2>Meeting point<\/h2>\r\n<p><img decoding=\"async\" loading=\"lazy\" title=\"punto encuentro Alhambra min\" src=\"https:\/\/walkingranada.com\/wp-content\/uploads\/2022\/12\/punto-encuentro-Alhambra-min.jpg.webp\" alt=\"punto encuentro Alhambra\" width=\"711\" height=\"398\" \/><\/p>\r\n<h3>Explanada de tierra ubicada a 20 metros de la taquilla de la Alhambra (Pabell\u00f3n de Acceso a la Alhambra y Generalife)<\/h3>\r\n<p>Do you need directions to get there?<\/p>\r\n<p><a role=\"button\" href=\"#reserva\" target=\"_self\" rel=\"noopener\"> Reservar &gt; <\/a> <a role=\"button\" href=\"https:\/\/walkingranada.com\/en\/how-to-get-to-the-alhambra\/\" target=\"_self\" rel=\"noopener\"> \u00bfC\u00f3mo llegar? &gt; <\/a><\/p>\r\n<h2>Recommendations<\/h2>\r\n<ol>\r\n<li>\u00a0It is <b>MANDATORY<\/b> to present <b>DNI o pasaporte original y en vigor<\/b> to access the monument.<\/li>\r\n<li>No se permite la entrada con mochilas o bolsas que supere la medida de 40&#215;40 cm.<\/li>\r\n<li class=\"translation-block\">Arrive <strong>20 minutes early<\/strong> before the start time of the visit.<\/li>\r\n<li>Wear\u00a0<strong>comfortable shoes<\/strong>The visit lasts 3 hours.<\/li>\r\n<li>In summer, remember to use\u00a0<strong>sunscreen and bring a bottle of water<\/strong>.<\/li>\r\n<\/ol>\r\n<h2>Itinerary<\/h2>\r\n<ul>\r\n<li>Charles V<\/li>\r\n<li>Puerta del Vino<\/li>\r\n<li>Los Aljibes Square<\/li>\r\n<li>Baths of the Mosque<\/li>\r\n<li>National Parador<\/li>\r\n<li>Franciscan Convent<\/li>\r\n<li>El Secano<\/li>\r\n<li>Acequia Real<\/li>\r\n<li>Generalife<\/li>\r\n<li>Nasrid Palaces<\/li>\r\n<\/ul>\r\n<p>Complete tour of all the accessible parts of this monument. These include (please note that in some areas only part of the monument can be visited): Palace of Charles V, Puerta del Vino, Plaza de los Aljibes, Calle Real, Baths of the Mosque, Nasrid Palaces (Patio de Arrayanes, Tower\/ Sala de Comares, Patio de los Leones, Sala de los Reyes), El Secano, Acequia Real, Auditorio Generalife (north side), Jardines Bajos\/Paseo de las Adelfas, Patio de la Acequia. The Parador de Turismo\/Franciscan Convent and the Museums of the Palace of Charles V can also be visited although they are not normally included in a standard tour.<\/p>\r\n<p>It is also possible to take a tour of the exterior which may include the forest and part of the Carmen de los M\u00e1rtires.<\/p>\r\n<h2>Tambi\u00e9n puedes reservar nuestras otras visitas guiadas&#8230;<\/h2>\r\n<h2>Tambi\u00e9n puedes reservar nuestros otros servicios&#8230;<\/h2>\r\n<p><img decoding=\"async\" loading=\"lazy\" src=\"https:\/\/walkingranada.com\/wp-content\/uploads\/2022\/10\/Rectangle-42.png\" alt=\"bailaora flamenca\" \/><\/p>\r\n<h3>Flamenco<\/h3>\r\n<p><img decoding=\"async\" loading=\"lazy\" src=\"https:\/\/walkingranada.com\/wp-content\/uploads\/2022\/10\/Rectangle-43.png\" alt=\"ba\u00f1os \u00e1rabes\" \/><\/p>\r\n<h3>Hammam <br \/>Al-\u00e1ndalus<\/h3>\r\n<p><img decoding=\"async\" loading=\"lazy\" src=\"https:\/\/walkingranada.com\/wp-content\/uploads\/2022\/10\/Rectangle-45.png\" alt=\"mezquita de c\u00f3rdoba\" \/><\/p>\r\n<h3>Day <br \/>trips<\/h3>\r\n<p><img decoding=\"async\" loading=\"lazy\" src=\"https:\/\/walkingranada.com\/wp-content\/uploads\/2022\/10\/Rectangle-38.png\" alt=\"imagen de una chica joven\" \/><\/p>\r\n<h3>Olfactory route<\/h3>","protected":false},"excerpt":{"rendered":"<p>Turismo acccesible &gt; Visita Alhambra Visita guiada privada adaptada a la Alhambra Taquillas Alhambra Punto de encuentro de agencias Dificultad baja Complejo monumental Accesible Todos los d\u00edas Seg\u00fan disponibilidad 3 HORAS Desde 48\u20ac\/pax CASTELLANO, INGL\u00c9S, FRANC\u00c9S Descubre el icono de la ciudad de Granada Conoce con uno de nuestros gu\u00edas oficiales la imponente fortaleza nazar\u00ed &#8230; <a title=\"Alhambra accessible tour\" class=\"read-more\" href=\"https:\/\/walkingranada.com\/en\/visitas-guiadas\/turismo-accesible\/visita-alhambra\/\" aria-label=\"Read more about Visita Alhambra\">Read more<\/a><\/p>","protected":false},"author":2,"featured_media":2509,"parent":424,"menu_order":0,"comment_status":"closed","ping_status":"closed","template":"","meta":{"footnotes":""},"class_list":["post-428","page","type-page","status-publish","has-post-thumbnail"],"yoast_head":"<!-- This site is optimized with the Yoast SEO plugin v27.4 - https:\/\/yoast.com\/product\/yoast-seo-wordpress\/ -->\n<title>Turismo accesible | Visita adaptada Alhambra - Walk in Granada<\/title>\n<meta name=\"description\" content=\"Visita a la Alhambra para personas con movilidad reducida. Un tour pensado para poder disfrutar al m\u00e1ximo de la ciudad palatina.\" \/>\n<meta name=\"robots\" content=\"index, follow, max-snippet:-1, max-image-preview:large, max-video-preview:-1\" \/>\n<link rel=\"canonical\" href=\"https:\/\/walkingranada.com\/en\/guided-tours\/accessible-tourism\/visit-the-alhambra\/\" \/>\n<meta property=\"og:locale\" content=\"en_GB\" \/>\n<meta property=\"og:type\" content=\"article\" \/>\n<meta property=\"og:title\" content=\"Turismo accesible | Visita adaptada Alhambra - Walk in Granada\" \/>\n<meta property=\"og:description\" content=\"Visita a la Alhambra para personas con movilidad reducida. Un tour pensado para poder disfrutar al m\u00e1ximo de la ciudad palatina.\" \/>\n<meta property=\"og:url\" content=\"https:\/\/walkingranada.com\/en\/guided-tours\/accessible-tourism\/visit-the-alhambra\/\" \/>\n<meta property=\"og:site_name\" content=\"Walk in Granada\" \/>\n<meta property=\"article:publisher\" content=\"https:\/\/es-es.facebook.com\/walkingranadatour\/\" \/>\n<meta property=\"article:modified_time\" content=\"2023-05-22T07:00:58+00:00\" \/>\n<meta property=\"og:image\" content=\"https:\/\/walkingranada.com\/wp-content\/uploads\/2023\/01\/Visita-accesible-alhambra-2.webp\" \/>\n\t<meta property=\"og:image:width\" content=\"305\" \/>\n\t<meta property=\"og:image:height\" content=\"305\" \/>\n\t<meta property=\"og:image:type\" content=\"image\/webp\" \/>\n<meta name=\"twitter:card\" content=\"summary_large_image\" \/>\n<meta name=\"twitter:site\" content=\"@walkingranada\" \/>\n<meta name=\"twitter:label1\" content=\"Estimated reading time\" \/>\n\t<meta name=\"twitter:data1\" content=\"6 minutes\" \/>\n<script type=\"application\/ld+json\" class=\"yoast-schema-graph\">{\"@context\":\"https:\\\/\\\/schema.org\",\"@graph\":[{\"@type\":\"WebPage\",\"@id\":\"https:\\\/\\\/walkingranada.com\\\/fr\\\/visites-guidees\\\/tourisme-accessible\\\/visite-de-lalhambra\\\/\",\"url\":\"https:\\\/\\\/walkingranada.com\\\/fr\\\/visites-guidees\\\/tourisme-accessible\\\/visite-de-lalhambra\\\/\",\"name\":\"Turismo accesible | Visita adaptada Alhambra - Walk in Granada\",\"isPartOf\":{\"@id\":\"https:\\\/\\\/walkingranada.com\\\/#website\"},\"primaryImageOfPage\":{\"@id\":\"https:\\\/\\\/walkingranada.com\\\/fr\\\/visites-guidees\\\/tourisme-accessible\\\/visite-de-lalhambra\\\/#primaryimage\"},\"image\":{\"@id\":\"https:\\\/\\\/walkingranada.com\\\/fr\\\/visites-guidees\\\/tourisme-accessible\\\/visite-de-lalhambra\\\/#primaryimage\"},\"thumbnailUrl\":\"https:\\\/\\\/walkingranada.com\\\/wp-content\\\/uploads\\\/2023\\\/01\\\/Visita-accesible-alhambra-2.webp\",\"datePublished\":\"2022-10-27T08:58:14+00:00\",\"dateModified\":\"2023-05-22T07:00:58+00:00\",\"description\":\"Visita a la Alhambra para personas con movilidad reducida. Un tour pensado para poder disfrutar al m\u00e1ximo de la ciudad palatina.\",\"breadcrumb\":{\"@id\":\"https:\\\/\\\/walkingranada.com\\\/fr\\\/visites-guidees\\\/tourisme-accessible\\\/visite-de-lalhambra\\\/#breadcrumb\"},\"inLanguage\":\"en-GB\",\"potentialAction\":[{\"@type\":\"ReadAction\",\"target\":[\"https:\\\/\\\/walkingranada.com\\\/fr\\\/visites-guidees\\\/tourisme-accessible\\\/visite-de-lalhambra\\\/\"]}]},{\"@type\":\"ImageObject\",\"inLanguage\":\"en-GB\",\"@id\":\"https:\\\/\\\/walkingranada.com\\\/fr\\\/visites-guidees\\\/tourisme-accessible\\\/visite-de-lalhambra\\\/#primaryimage\",\"url\":\"https:\\\/\\\/walkingranada.com\\\/wp-content\\\/uploads\\\/2023\\\/01\\\/Visita-accesible-alhambra-2.webp\",\"contentUrl\":\"https:\\\/\\\/walkingranada.com\\\/wp-content\\\/uploads\\\/2023\\\/01\\\/Visita-accesible-alhambra-2.webp\",\"width\":305,\"height\":305,\"caption\":\"Visita-accesible-alhambra-2\"},{\"@type\":\"BreadcrumbList\",\"@id\":\"https:\\\/\\\/walkingranada.com\\\/fr\\\/visites-guidees\\\/tourisme-accessible\\\/visite-de-lalhambra\\\/#breadcrumb\",\"itemListElement\":[{\"@type\":\"ListItem\",\"position\":1,\"name\":\"Portada\",\"item\":\"https:\\\/\\\/walkingranada.com\\\/\"},{\"@type\":\"ListItem\",\"position\":2,\"name\":\"Visitas guiadas\",\"item\":\"https:\\\/\\\/walkingranada.com\\\/visitas-guiadas\\\/\"},{\"@type\":\"ListItem\",\"position\":3,\"name\":\"Turismo accesible\",\"item\":\"https:\\\/\\\/walkingranada.com\\\/visitas-guiadas\\\/turismo-accesible\\\/\"},{\"@type\":\"ListItem\",\"position\":4,\"name\":\"Visita Alhambra\"}]},{\"@type\":\"WebSite\",\"@id\":\"https:\\\/\\\/walkingranada.com\\\/#website\",\"url\":\"https:\\\/\\\/walkingranada.com\\\/\",\"name\":\"Walk in Granada\",\"description\":\"Turismo responsable\",\"publisher\":{\"@id\":\"https:\\\/\\\/walkingranada.com\\\/#organization\"},\"alternateName\":\"Walk in Granada\",\"potentialAction\":[{\"@type\":\"SearchAction\",\"target\":{\"@type\":\"EntryPoint\",\"urlTemplate\":\"https:\\\/\\\/walkingranada.com\\\/?s={search_term_string}\"},\"query-input\":{\"@type\":\"PropertyValueSpecification\",\"valueRequired\":true,\"valueName\":\"search_term_string\"}}],\"inLanguage\":\"en-GB\"},{\"@type\":\"Organization\",\"@id\":\"https:\\\/\\\/walkingranada.com\\\/#organization\",\"name\":\"Walk In Granada\",\"alternateName\":\"Walk In Granada\",\"url\":\"https:\\\/\\\/walkingranada.com\\\/\",\"logo\":{\"@type\":\"ImageObject\",\"inLanguage\":\"en-GB\",\"@id\":\"https:\\\/\\\/walkingranada.com\\\/#\\\/schema\\\/logo\\\/image\\\/\",\"url\":\"https:\\\/\\\/walkingranada.com\\\/wp-content\\\/uploads\\\/2022\\\/12\\\/Logo-Walking.webp\",\"contentUrl\":\"https:\\\/\\\/walkingranada.com\\\/wp-content\\\/uploads\\\/2022\\\/12\\\/Logo-Walking.webp\",\"width\":512,\"height\":512,\"caption\":\"Walk In Granada\"},\"image\":{\"@id\":\"https:\\\/\\\/walkingranada.com\\\/#\\\/schema\\\/logo\\\/image\\\/\"},\"sameAs\":[\"https:\\\/\\\/es-es.facebook.com\\\/walkingranadatour\\\/\",\"https:\\\/\\\/x.com\\\/walkingranada\",\"https:\\\/\\\/www.instagram.com\\\/walkingranada\\\/\"]}]}<\/script>\n<!-- \/ Yoast SEO plugin. -->","yoast_head_json":{"title":"Accessible tourism | Adapted visit to the Alhambra - Walk in Granada","description":"Visit to the Alhambra for people with reduced mobility. A tour designed to fully enjoy the palace city.","robots":{"index":"index","follow":"follow","max-snippet":"max-snippet:-1","max-image-preview":"max-image-preview:large","max-video-preview":"max-video-preview:-1"},"canonical":"https:\/\/walkingranada.com\/en\/guided-tours\/accessible-tourism\/visit-the-alhambra\/","og_locale":"en_GB","og_type":"article","og_title":"Turismo accesible | Visita adaptada Alhambra - Walk in Granada","og_description":"Visita a la Alhambra para personas con movilidad reducida. Un tour pensado para poder disfrutar al m\u00e1ximo de la ciudad palatina.","og_url":"https:\/\/walkingranada.com\/en\/guided-tours\/accessible-tourism\/visit-the-alhambra\/","og_site_name":"Walk in Granada","article_publisher":"https:\/\/es-es.facebook.com\/walkingranadatour\/","article_modified_time":"2023-05-22T07:00:58+00:00","og_image":[{"width":305,"height":305,"url":"https:\/\/walkingranada.com\/wp-content\/uploads\/2023\/01\/Visita-accesible-alhambra-2.webp","type":"image\/webp"}],"twitter_card":"summary_large_image","twitter_site":"@walkingranada","twitter_misc":{"Estimated reading time":"6 minutes"},"schema":{"@context":"https:\/\/schema.org","@graph":[{"@type":"WebPage","@id":"https:\/\/walkingranada.com\/fr\/visites-guidees\/tourisme-accessible\/visite-de-lalhambra\/","url":"https:\/\/walkingranada.com\/fr\/visites-guidees\/tourisme-accessible\/visite-de-lalhambra\/","name":"Accessible tourism | Adapted visit to the Alhambra - Walk in Granada","isPartOf":{"@id":"https:\/\/walkingranada.com\/#website"},"primaryImageOfPage":{"@id":"https:\/\/walkingranada.com\/fr\/visites-guidees\/tourisme-accessible\/visite-de-lalhambra\/#primaryimage"},"image":{"@id":"https:\/\/walkingranada.com\/fr\/visites-guidees\/tourisme-accessible\/visite-de-lalhambra\/#primaryimage"},"thumbnailUrl":"https:\/\/walkingranada.com\/wp-content\/uploads\/2023\/01\/Visita-accesible-alhambra-2.webp","datePublished":"2022-10-27T08:58:14+00:00","dateModified":"2023-05-22T07:00:58+00:00","description":"Visit to the Alhambra for people with reduced mobility. A tour designed to fully enjoy the palace city.","breadcrumb":{"@id":"https:\/\/walkingranada.com\/fr\/visites-guidees\/tourisme-accessible\/visite-de-lalhambra\/#breadcrumb"},"inLanguage":"en-GB","potentialAction":[{"@type":"ReadAction","target":["https:\/\/walkingranada.com\/fr\/visites-guidees\/tourisme-accessible\/visite-de-lalhambra\/"]}]},{"@type":"ImageObject","inLanguage":"en-GB","@id":"https:\/\/walkingranada.com\/fr\/visites-guidees\/tourisme-accessible\/visite-de-lalhambra\/#primaryimage","url":"https:\/\/walkingranada.com\/wp-content\/uploads\/2023\/01\/Visita-accesible-alhambra-2.webp","contentUrl":"https:\/\/walkingranada.com\/wp-content\/uploads\/2023\/01\/Visita-accesible-alhambra-2.webp","width":305,"height":305,"caption":"Visita-accesible-alhambra-2"},{"@type":"BreadcrumbList","@id":"https:\/\/walkingranada.com\/fr\/visites-guidees\/tourisme-accessible\/visite-de-lalhambra\/#breadcrumb","itemListElement":[{"@type":"ListItem","position":1,"name":"Portada","item":"https:\/\/walkingranada.com\/"},{"@type":"ListItem","position":2,"name":"Visitas guiadas","item":"https:\/\/walkingranada.com\/visitas-guiadas\/"},{"@type":"ListItem","position":3,"name":"Turismo accesible","item":"https:\/\/walkingranada.com\/visitas-guiadas\/turismo-accesible\/"},{"@type":"ListItem","position":4,"name":"Visita Alhambra"}]},{"@type":"WebSite","@id":"https:\/\/walkingranada.com\/#website","url":"https:\/\/walkingranada.com\/","name":"Walk in Granada","description":"Turismo responsable","publisher":{"@id":"https:\/\/walkingranada.com\/#organization"},"alternateName":"Walk in Granada","potentialAction":[{"@type":"SearchAction","target":{"@type":"EntryPoint","urlTemplate":"https:\/\/walkingranada.com\/?s={search_term_string}"},"query-input":{"@type":"PropertyValueSpecification","valueRequired":true,"valueName":"search_term_string"}}],"inLanguage":"en-GB"},{"@type":"Organization","@id":"https:\/\/walkingranada.com\/#organization","name":"Walk In Granada","alternateName":"Walk In Granada","url":"https:\/\/walkingranada.com\/","logo":{"@type":"ImageObject","inLanguage":"en-GB","@id":"https:\/\/walkingranada.com\/#\/schema\/logo\/image\/","url":"https:\/\/walkingranada.com\/wp-content\/uploads\/2022\/12\/Logo-Walking.webp","contentUrl":"https:\/\/walkingranada.com\/wp-content\/uploads\/2022\/12\/Logo-Walking.webp","width":512,"height":512,"caption":"Walk In Granada"},"image":{"@id":"https:\/\/walkingranada.com\/#\/schema\/logo\/image\/"},"sameAs":["https:\/\/es-es.facebook.com\/walkingranadatour\/","https:\/\/x.com\/walkingranada","https:\/\/www.instagram.com\/walkingranada\/"]}]}},"_links":{"self":[{"href":"https:\/\/walkingranada.com\/en\/wp-json\/wp\/v2\/pages\/428","targetHints":{"allow":["GET"]}}],"collection":[{"href":"https:\/\/walkingranada.com\/en\/wp-json\/wp\/v2\/pages"}],"about":[{"href":"https:\/\/walkingranada.com\/en\/wp-json\/wp\/v2\/types\/page"}],"author":[{"embeddable":true,"href":"https:\/\/walkingranada.com\/en\/wp-json\/wp\/v2\/users\/2"}],"replies":[{"embeddable":true,"href":"https:\/\/walkingranada.com\/en\/wp-json\/wp\/v2\/comments?post=428"}],"version-history":[{"count":0,"href":"https:\/\/walkingranada.com\/en\/wp-json\/wp\/v2\/pages\/428\/revisions"}],"up":[{"embeddable":true,"href":"https:\/\/walkingranada.com\/en\/wp-json\/wp\/v2\/pages\/424"}],"wp:featuredmedia":[{"embeddable":true,"href":"https:\/\/walkingranada.com\/en\/wp-json\/wp\/v2\/media\/2509"}],"wp:attachment":[{"href":"https:\/\/walkingranada.com\/en\/wp-json\/wp\/v2\/media?parent=428"}],"curies":[{"name":"wp","href":"https:\/\/api.w.org\/{rel}","templated":true}]}}